{"id":3908,"date":"2016-08-23T21:45:45","date_gmt":"2016-08-23T21:45:45","guid":{"rendered":"https:\/\/www.9h05.com\/pt-pt\/?page_id=3908"},"modified":"2016-09-06T21:04:32","modified_gmt":"2016-09-06T21:04:32","slug":"a-empresa","status":"publish","type":"page","link":"https:\/\/www.9h05.com\/pt-pt\/a-empresa\/","title":{"rendered":"A Empresa"},"content":{"rendered":"<div class=\"wpb-content-wrapper\"><p>[vc_row][vc_column][vc_column_text]<\/p>\n<p style=\"text-align: center;\"><a href=\"#apresenta\u00e7ao\">Apresenta\u00e7\u00e3o<\/a> \u00a0 \u00a0 \u00a0 <a href=\"#equipe\">Equipe<\/a> \u00a0 \u00a0 \u00a0<a href=\"#idiomas\">Idiomas<\/a> \u00a0 \u00a0 \u00a0<a href=\"#filosofia\">Filosofia<\/a> \u00a0 \u00a0 \u00a0<a href=\"#origem\">Por que 9h05?<\/a><\/p>\n<hr \/>\n<p>[\/vc_column_text][vc_single_image image=&#8221;1929&#8243; img_size=&#8221;large&#8221; alignment=&#8221;center&#8221;][vc_column_text]<span style=\"color: #000000;\">Criada em 2009, 9h05 Inc. \u00e9 uma ag\u00eancia de tradu\u00e7\u00e3o internacionalmente reconhecida, com cobertura mundial. Somos especializados em duas principais \u00e1reas: tradu\u00e7\u00f5es t\u00e9cnicas e tradu\u00e7\u00f5es juramentadas \u2013 tamb\u00e9m chamadas de tradu\u00e7\u00f5es p\u00fablicas \u2013, tanto para pessoas jur\u00eddicas como para pessoas f\u00edsicas.<\/span><\/p>\n<p><span style=\"color: #000000;\">Com sedes nos Estados Unidos (Miami), Equador (Quito), Reino Unido (Londres), Fran\u00e7a (Bordeaux), Espanha (Zaragoza) e Austr\u00e1lia (Sydney), englobamos 3 continentes, 6 pa\u00edses com 17 idiomas e mais de 100 combina\u00e7\u00f5es de idiomas.<\/span><\/p>\n<p><span style=\"color: #000000;\">Trabalhamos com os seguintes idiomas: espanhol, ingl\u00eas, franc\u00eas, alem\u00e3o, portugu\u00eas, italiano, holand\u00eas, russo, romeno, polon\u00eas, catal\u00e3o, qu\u00edchua, galego, hindi, \u00e1rabe, noruegu\u00eas e chin\u00eas (mandarim).<\/span><\/p>\n<p><span style=\"color: #000000;\">Contamos com uma equipe altamente qualificada e somos certificados por normas e padr\u00f5es de qualidade internacionais de tradu\u00e7\u00e3o, como EN-15038:2006 e ASTM F2575.<\/span>[\/vc_column_text][\/vc_column][\/vc_row][vc_row el_id=&#8221;equipe&#8221; css=&#8221;.vc_custom_1461341490966{padding-top: 20px !important;padding-bottom: 20px !important;}&#8221;][vc_column][team_carousel posts_nr=&#8221;30&#8243;][\/vc_column][\/vc_row][vc_row el_id=&#8221;idiomas&#8221; css=&#8221;.vc_custom_1461341675772{padding-top: 30px !important;background-image: url(https:\/\/9h05.com\/wp-content\/uploads\/2016\/03\/9h05-idiomas-quito.jpg?id=2043) !important;}&#8221;][vc_column][special_heading title=&#8221;IDIOMAS&#8221; subtitle=&#8221;6 zonas, 17 idiomas:&#8221;][vc_row_inner][vc_column_inner width=&#8221;1\/3&#8243;][vc_cta h2=&#8221;Zone 1&#8243; txt_align=&#8221;center&#8221;]<img data-recalc-dims=\"1\" decoding=\"async\" class=\"alignnone size-medium wp-image-2042\" src=\"https:\/\/i0.wp.com\/9h05.com\/wp-content\/uploads\/2016\/03\/9h05-zona1-idiomas-300x250.jpg?resize=300%2C250&#038;ssl=1\" alt=\"9h05-zona1-idiomas\" width=\"300\" height=\"250\" srcset=\"https:\/\/i0.wp.com\/www.9h05.com\/wp-content\/uploads\/2016\/03\/9h05-zona1-idiomas.jpg?resize=300%2C250&amp;ssl=1 300w, https:\/\/i0.wp.com\/www.9h05.com\/wp-content\/uploads\/2016\/03\/9h05-zona1-idiomas.jpg?w=600&amp;ssl=1 600w, https:\/\/i0.wp.com\/www.9h05.com\/wp-content\/uploads\/2016\/03\/9h05-zona1-idiomas.jpg?resize=450%2C375&amp;ssl=1 450w\" sizes=\"(max-width: 300px) 100vw, 300px\" \/><\/p>\n<p style=\"text-align: center;\">Espanhol<\/p>\n<p style=\"text-align: center;\">Ingl\u00eas<\/p>\n<p style=\"text-align: center;\">Franc\u00eas<\/p>\n<p>[\/vc_cta][\/vc_column_inner][vc_column_inner width=&#8221;1\/3&#8243;][vc_cta h2=&#8221;Zone 2&#8243; txt_align=&#8221;center&#8221;]<img data-recalc-dims=\"1\" decoding=\"async\" class=\"alignnone wp-image-2048 size-medium\" src=\"https:\/\/i0.wp.com\/9h05.com\/wp-content\/uploads\/2016\/03\/9h05-zona2-idiomas-300x250.jpg?resize=300%2C250&#038;ssl=1\" alt=\"\" width=\"300\" height=\"250\" srcset=\"https:\/\/i0.wp.com\/www.9h05.com\/wp-content\/uploads\/2016\/03\/9h05-zona2-idiomas.jpg?resize=300%2C250&amp;ssl=1 300w, https:\/\/i0.wp.com\/www.9h05.com\/wp-content\/uploads\/2016\/03\/9h05-zona2-idiomas.jpg?w=600&amp;ssl=1 600w, https:\/\/i0.wp.com\/www.9h05.com\/wp-content\/uploads\/2016\/03\/9h05-zona2-idiomas.jpg?resize=450%2C375&amp;ssl=1 450w\" sizes=\"(max-width: 300px) 100vw, 300px\" \/><\/p>\n<p style=\"text-align: center;\">Alem\u00e3o<\/p>\n<p style=\"text-align: center;\">Portugu\u00eas<\/p>\n<p style=\"text-align: center;\">Italiano<\/p>\n<p>[\/vc_cta][\/vc_column_inner][vc_column_inner width=&#8221;1\/3&#8243;][vc_cta h2=&#8221;Zone 3&#8243; txt_align=&#8221;center&#8221;]<img data-recalc-dims=\"1\" decoding=\"async\" class=\"alignnone wp-image-2050 size-medium\" src=\"https:\/\/i0.wp.com\/9h05.com\/wp-content\/uploads\/2016\/03\/9h05-zona3-idiomas-300x250.jpg?resize=300%2C250&#038;ssl=1\" alt=\"\" width=\"300\" height=\"250\" srcset=\"https:\/\/i0.wp.com\/www.9h05.com\/wp-content\/uploads\/2016\/03\/9h05-zona3-idiomas.jpg?resize=300%2C250&amp;ssl=1 300w, https:\/\/i0.wp.com\/www.9h05.com\/wp-content\/uploads\/2016\/03\/9h05-zona3-idiomas.jpg?w=600&amp;ssl=1 600w, https:\/\/i0.wp.com\/www.9h05.com\/wp-content\/uploads\/2016\/03\/9h05-zona3-idiomas.jpg?resize=450%2C375&amp;ssl=1 450w\" sizes=\"(max-width: 300px) 100vw, 300px\" \/><\/p>\n<p style=\"text-align: center;\">Russo<\/p>\n<p style=\"text-align: center;\">Holand\u00eas<\/p>\n<p style=\"text-align: center;\">Romeno<\/p>\n<p style=\"text-align: center;\">Polon\u00eas<\/p>\n<p>[\/vc_cta][\/vc_column_inner][\/vc_row_inner][vc_row_inner][vc_column_inner width=&#8221;1\/3&#8243;][vc_cta h2=&#8221;Zone 4&#8243; txt_align=&#8221;center&#8221;]<img data-recalc-dims=\"1\" decoding=\"async\" class=\"alignnone wp-image-2051 size-medium\" src=\"https:\/\/i0.wp.com\/9h05.com\/wp-content\/uploads\/2016\/03\/9h05-zona4-idiomas-300x250.jpg?resize=300%2C250&#038;ssl=1\" alt=\"\" width=\"300\" height=\"250\" srcset=\"https:\/\/i0.wp.com\/www.9h05.com\/wp-content\/uploads\/2016\/03\/9h05-zona4-idiomas.jpg?resize=300%2C250&amp;ssl=1 300w, https:\/\/i0.wp.com\/www.9h05.com\/wp-content\/uploads\/2016\/03\/9h05-zona4-idiomas.jpg?w=600&amp;ssl=1 600w, https:\/\/i0.wp.com\/www.9h05.com\/wp-content\/uploads\/2016\/03\/9h05-zona4-idiomas.jpg?resize=450%2C375&amp;ssl=1 450w\" sizes=\"(max-width: 300px) 100vw, 300px\" \/><\/p>\n<p style=\"text-align: center;\">Qu\u00edchua (unificado do Equador)<\/p>\n<p style=\"text-align: center;\">Catal\u00e3o<\/p>\n<p style=\"text-align: center;\">Galego<\/p>\n<p>[\/vc_cta][\/vc_column_inner][vc_column_inner width=&#8221;1\/3&#8243;][vc_cta h2=&#8221;Zone 5&#8243; txt_align=&#8221;center&#8221;]<img data-recalc-dims=\"1\" decoding=\"async\" class=\"alignnone wp-image-2052 size-medium\" src=\"https:\/\/i0.wp.com\/9h05.com\/wp-content\/uploads\/2016\/03\/9h05-zona5-idiomas-300x250.jpg?resize=300%2C250&#038;ssl=1\" alt=\"\" width=\"300\" height=\"250\" srcset=\"https:\/\/i0.wp.com\/www.9h05.com\/wp-content\/uploads\/2016\/03\/9h05-zona5-idiomas.jpg?resize=300%2C250&amp;ssl=1 300w, https:\/\/i0.wp.com\/www.9h05.com\/wp-content\/uploads\/2016\/03\/9h05-zona5-idiomas.jpg?w=600&amp;ssl=1 600w, https:\/\/i0.wp.com\/www.9h05.com\/wp-content\/uploads\/2016\/03\/9h05-zona5-idiomas.jpg?resize=450%2C375&amp;ssl=1 450w\" sizes=\"(max-width: 300px) 100vw, 300px\" \/><\/p>\n<p style=\"text-align: center;\">Hindi<\/p>\n<p style=\"text-align: center;\">\u00c1rabe<\/p>\n<p style=\"text-align: center;\">Noruegu\u00eas<\/p>\n<p>[\/vc_cta][\/vc_column_inner][vc_column_inner width=&#8221;1\/3&#8243;][vc_cta h2=&#8221;Zone 6&#8243; txt_align=&#8221;center&#8221;]<img data-recalc-dims=\"1\" decoding=\"async\" class=\"alignnone wp-image-2053 size-medium\" src=\"https:\/\/i0.wp.com\/9h05.com\/wp-content\/uploads\/2016\/03\/9h05-zona6-idiomas-300x250.jpg?resize=300%2C250&#038;ssl=1\" alt=\"\" width=\"300\" height=\"250\" srcset=\"https:\/\/i0.wp.com\/www.9h05.com\/wp-content\/uploads\/2016\/03\/9h05-zona6-idiomas.jpg?resize=300%2C250&amp;ssl=1 300w, https:\/\/i0.wp.com\/www.9h05.com\/wp-content\/uploads\/2016\/03\/9h05-zona6-idiomas.jpg?w=600&amp;ssl=1 600w, https:\/\/i0.wp.com\/www.9h05.com\/wp-content\/uploads\/2016\/03\/9h05-zona6-idiomas.jpg?resize=450%2C375&amp;ssl=1 450w\" sizes=\"(max-width: 300px) 100vw, 300px\" \/><\/p>\n<p style=\"text-align: center;\">Chin\u00eas<\/p>\n<p style=\"text-align: center;\">(mandarim)<\/p>\n<p>[\/vc_cta][\/vc_column_inner][\/vc_row_inner][\/vc_column][\/vc_row][vc_row el_id=&#8221;filosofia&#8221; color_scheme=&#8221;white&#8221; css=&#8221;.vc_custom_1461778358024{padding-top: 30px !important;padding-bottom: 30px !important;background-image: url(https:\/\/9h05.com\/wp-content\/uploads\/2016\/03\/9h05-folosofia-manifiesto.jpg?id=2057) !important;}&#8221;][vc_column][special_heading title=&#8221;FILOSOFIA&#8221; subtitle=&#8221;&#8221;][vc_tta_pageable][vc_tta_section title=&#8221;MANIFESTO&#8221; tab_id=&#8221;1461281602397-00359e66-dcae&#8221;][vc_column_text]<\/p>\n<p style=\"text-align: center;\"><span style=\"color: #ffffff;\">MANIFESTO<\/span><\/p>\n<p><span style=\"color: #ffffff;\">9h05. Nem um minuto a mais. O nome da ag\u00eancia de tradu\u00e7\u00e3o 9h05 revela o nosso gosto pela pontualidade. Porque as palavras voam, as palavras viajam, as palavras migram. Essa \u00e9 a nossa raz\u00e3o de ser, o nosso compromisso, come\u00e7ando pelo pr\u00f3prio nome da ag\u00eancia. Damos a nossa palavra.<\/span>[\/vc_column_text][\/vc_tta_section][vc_tta_section title=&#8221;\u2013INTRODU\u00c7\u00c3O\u2013&#8221; tab_id=&#8221;1461281617855-b773745e-99b6&#8243;][vc_column_text]<span style=\"color: #ffffff;\">Seria in\u00fatil continuar indagando se a globaliza\u00e7\u00e3o \u00e9 positiva ou se, ao contr\u00e1rio, favorece a destrui\u00e7\u00e3o do planeta: a globaliza\u00e7\u00e3o \u00e9 uma realidade, um fato que n\u00e3o podemos controlar e ao qual precisamos nos adaptar.<\/span><\/p>\n<p><span style=\"color: #ffffff;\">Atualmente, muitas s\u00e3o as oportunidades de interagir com o exterior: quando adolescentes ou jovens, s\u00e3o os interc\u00e2mbios, as viagens, as primeiras experi\u00eancias profissionais, a descoberta de outras formas de ver a vida.<\/span><\/p>\n<p><span style=\"color: #ffffff;\">Logo depois, \u00e9 o trabalho na empresa, no setor administrativo, no mundo dos neg\u00f3cios\u2026 em maior ou menor medida, todas as \u00e1reas est\u00e3o atravessadas pelas rela\u00e7\u00f5es internacionais.<\/span><\/p>\n<p><span style=\"color: #ffffff;\">Nesse contexto, \u00e9 fundamental estar preparado para responder a uma demanda constante pela internacionaliza\u00e7\u00e3o e abertura n\u00e3o s\u00f3 ao mundo, mas principalmente ao futuro. Aqueles que n\u00e3o reconhecem a import\u00e2ncia desse fato acabam ficando para tr\u00e1s, ultrapassados pela impressionante velocidade com que tudo, absolutamente tudo, evolui.<\/span>[\/vc_column_text][\/vc_tta_section][vc_tta_section title=&#8221;\u2013NOSSO COMPROMISSO COM VOC\u00ca\u2013 &#8221; tab_id=&#8221;1461281619027-712a234f-561b&#8221;][vc_column_text]<span style=\"color: #ffffff;\">Partindo dessa constata\u00e7\u00e3o, a ag\u00eancia de tradu\u00e7\u00e3o 9h05 assume um compromisso com voc\u00ea, buscando n\u00e3o s\u00f3 garantir a qualidade e efici\u00eancia da tradu\u00e7\u00e3o solicitada, mas tamb\u00e9m oferecendo uma gama de produtos de alta rentabilidade, constantemente adaptados ao mundo que nos rodeia. N\u00e3o ficamos para tr\u00e1s!<\/span><\/p>\n<p><span style=\"color: #ffffff;\">Os produtos de 9h05 se organizam em torno a tr\u00eas eixos principais:<\/span><\/p>\n<ul>\n<li><span style=\"color: #ffffff;\">Tradu\u00e7\u00f5es t\u00e9cnicas e comerciais<\/span><\/li>\n<li><span style=\"color: #ffffff;\">Tradu\u00e7\u00f5es juramentadas reconhecidas a n\u00edvel mundial<\/span><\/li>\n<li><span style=\"color: #ffffff;\">Servi\u00e7os de alto valor agregado<\/span><\/li>\n<\/ul>\n<p><span style=\"color: #ffffff;\">Sem sombra de d\u00favida, a transpar\u00eancia \u00e9 um dos principais cart\u00f5es de visita de uma empresa, raz\u00e3o pela qual divulgamos tanto nossos pre\u00e7os, como nossos m\u00e9todos de trabalho e as avalia\u00e7\u00f5es de nossos clientes.<\/span><\/p>\n<p><span style=\"color: #ffffff;\">Entretanto, nossa transpar\u00eancia n\u00e3o significa que divulgaremos os seus dados pessoais e projetos. Muito pelo contr\u00e1rio! Em 9h05, cada documento recebido \u00e9 confidencial e nos comprometemos a n\u00e3o revelar nenhuma palavra, nenhuma letra, nenhuma v\u00edrgula.<\/span>[\/vc_column_text][\/vc_tta_section][vc_tta_section title=&#8221;\u2013NOSSOS SERVI\u00c7OS\u2013&#8221; tab_id=&#8221;1461281619781-b95957a1-f159&#8243;][vc_column_text]<span style=\"color: #ffffff;\">Nossos servi\u00e7os est\u00e3o desenhados para satisfazer as expectativas de nossos clientes. S\u00e3o flex\u00edveis o suficiente para cumprir com todas as exig\u00eancias e, ao mesmo tempo, s\u00f3lidos para garantir qualidade, efici\u00eancia e reciprocidade (sistema QER).<\/span><\/p>\n<p><span style=\"color: #ffffff;\">\u2013N\u00d3S, OS TRADUTORES \u2013<\/span><\/p>\n<p><span style=\"color: #ffffff;\">A tradu\u00e7\u00e3o \u00e9 uma arte. Uma arte que permitiu, a t\u00edtulo de exemplo, o renascimento das ideias de Arist\u00f3teles. Gra\u00e7as aos artistas das palavras \u2013 os tradutores \u00e1rabes do come\u00e7o da nossa era \u2013 as ideias do fil\u00f3sofo puderam migrar do grego ao seu pr\u00f3prio idioma.<\/span><\/p>\n<p><span style=\"color: #ffffff;\">O processo de tradu\u00e7\u00e3o em si \u00e9 exigente: trata-se de desverbalizar o texto-fonte para transform\u00e1-lo em uma s\u00e9rie de conceitos que ser\u00e3o reverbalizados no idioma de destino. \u00c9 quase o mesmo processo realizado pelo c\u00e9rebro ao transformar as ondas em sons.<\/span><\/p>\n<p><span style=\"color: #ffffff;\">Intervimos em seus documentos de maneira a fazer aflorar o significado e a intensidade exata de cada uma das palavras utilizadas, recriando assim, em outro idioma, o seu alter ego.<\/span><\/p>\n<p><span style=\"color: #ffffff;\">Nossa especialidade, assim, s\u00e3o as palavras. Atuamos como as aves migrat\u00f3rias, que cruzam mares e desertos e se reestabelecem confortavelmente onde quer que pousem. O mesmo acontece com as nossas palavras. Cada palavra chega ao lugar preciso e no momento adequado.<\/span><\/p>\n<p><span style=\"color: #ffffff;\">Nossa equipe se adapta \u00e0s caracter\u00edsticas pr\u00f3prias de cada projeto, apropriando-se, entendendo e sentindo, de maneira profunda, suas particularidades, e dando-lhe forma em um novo idioma<\/span>[\/vc_column_text][\/vc_tta_section][vc_tta_section title=&#8221;\u2013UMA ALTERNATIVA INOVADORA\u2013&#8221; tab_id=&#8221;1461281620592-2fdbe231-1ac5&#8243;][vc_column_text]<span style=\"color: #ffffff;\">Gra\u00e7as \u00e0 nossa perspectiva multil\u00edngue e integral, em 9h05 agregamos valor aos seus documentos. Nossa estrat\u00e9gia se apoia em um sistema inovador de tradu\u00e7\u00e3o baseado na localiza\u00e7\u00e3o (adapta\u00e7\u00e3o do conte\u00fado ao idioma e cultura espec\u00edficos de determinado pa\u00eds), na potencializa\u00e7\u00e3o dos efeitos da mensagem (multiplicando o impacto no receptor) e em nossa filosofia, a simplicidade. Para que complicar, se a simplicidade pode ser muito mais eficaz?<\/span><\/p>\n<p><span style=\"color: #ffffff;\">Nossa ag\u00eancia de tradu\u00e7\u00e3o estabeleceu um sistema de benchmark para divulgar os indicadores de sucesso dos projetos que nos s\u00e3o confiados, para que cada um de nossos clientes possa comprovar a efici\u00eancia do nosso trabalho.<\/span><\/p>\n<p><span style=\"color: #ffffff;\">Nosso trabalho consiste, em primeiro lugar, em superar suas expectativas atrav\u00e9s de uma estrat\u00e9gia de rentabiliza\u00e7\u00e3o lingu\u00edstica integral, apoiada em servi\u00e7os de alto valor agregado. Cumprindo sempre com os nossos compromissos.<\/span>[\/vc_column_text][\/vc_tta_section][vc_tta_section title=&#8221;\u2013ADAPTADO AO SEU OR\u00c7AMENTO\u2013&#8221; tab_id=&#8221;1461281621395-37c1a49e-4974&#8243;][vc_column_text]<span style=\"color: #ffffff;\">Esfor\u00e7ando-se para satisfazer a maior parte dos pedidos recebidos, 9h05 desenvolveu um sistema de produ\u00e7\u00e3o adaptado ao or\u00e7amento de cada um de nossos clientes. Por isso, disponibilizamos quatro op\u00e7\u00f5es tarif\u00e1rias, que variam de acordo com o prazo de entrega estabelecido pelo cliente.<\/span><\/p>\n<p><span style=\"color: #ffffff;\">Esse conceito obedece a um princ\u00edpio simples: quanto mais urgente o projeto, maior o seu custo. Por outro lado, quanto maior o tempo dispon\u00edvel para se trabalhar no projeto, maior ser\u00e1 a sua economia. Na 9h05, o \u00fanico par\u00e2metro para calcular o custo de um projeto \u00e9 o tempo. Consulte nossos pre\u00e7os em nossa p\u00e1gina ou solicite um or\u00e7amento gr\u00e1tis.<\/span>[\/vc_column_text][\/vc_tta_section][vc_tta_section title=&#8221;\u2013NORMAS INTERNACIONAIS\u2013&#8221; tab_id=&#8221;1461340778200-63aa178a-c209&#8243;][vc_column_text]<span style=\"color: #ffffff;\">Nosso trabalho segue ao p\u00e9 da letra as mais rigorosas normas internacionais de tradu\u00e7\u00e3o, especialmente a UNE EN-15038:2006 (Europa) e os padr\u00f5es de qualidade ASTM F2575 (Estados Unidos). Por qu\u00ea? Para assegurar um trabalho acurado, primoroso, bem-acabado. Para garantir a sua total satisfa\u00e7\u00e3o, simples assim!<\/span><\/p>\n<p style=\"text-align: right;\"><span style=\"color: #ffffff;\">A equipe de 9h05<\/span><\/p>\n<p>[\/vc_column_text][\/vc_tta_section][\/vc_tta_pageable][\/vc_column][\/vc_row][vc_row el_id=&#8221;origem&#8221; color_scheme=&#8221;white&#8221; css=&#8221;.vc_custom_1461778364116{padding-top: 30px !important;padding-bottom: 30px !important;background-image: url(https:\/\/9h05.com\/wp-content\/uploads\/2016\/03\/9h05-goodies-translation-agency-1.jpg?id=2574) !important;}&#8221;][vc_column][special_heading title=&#8221;Por que nos chamamos 9h05?&#8221; subtitle=&#8221;&#8221;][vc_column_text]<span style=\"color: #ffffff;\"><strong>9h05 est\u00e1 composto por tr\u00eas algarismos: 9, 0 e 5.<\/strong><\/span><\/p>\n<p><span style=\"color: #ffffff;\"><strong>Nessa s\u00e9rie de n\u00fameros, o zero<\/strong>, elemento de representa\u00e7\u00e3o dos ciclos, representa a uni\u00e3o dos outros dois n\u00fameros.<\/span><\/p>\n<p><span style=\"color: #ffffff;\"><strong>O n\u00famero 9 se refere \u00e0s nove musas gregas<\/strong>, filhas de Zeus, que simbolizavam as diferentes artes da \u00e9poca cl\u00e1ssica: poesia, hist\u00f3ria, elegia, m\u00fasica, trag\u00e9dia, ret\u00f3rica, com\u00e9dia, dan\u00e7a e astronomia.<\/span><\/p>\n<p><span style=\"color: #ffffff;\"><strong>Falando em tempo, o nono m\u00eas do ano \u00e9 setembro<\/strong>, aquele que (no hemisf\u00e9rio Norte) marca a passagem do ver\u00e3o ao outono, uma esta\u00e7\u00e3o que simboliza a sabedoria, a experi\u00eancia e a maturidade.<\/span><\/p>\n<p><span style=\"color: #ffffff;\"><strong>Para o mundo hel\u00eanico, as horas do dia<\/strong> eram consideradas deusas. A deusa da nona hora era Act\u00e9, que simbolizava o renascimento.<\/span><\/p>\n<p><span style=\"color: #ffffff;\"><strong>O quinto m\u00eas do ano \u00e9 maio, que corresponde \u00e0 primavera<\/strong> (no hemisf\u00e9rio Norte). Momento de renascimento, em que as flores voltam a florescer, as \u00e1rvores se tornam frondosas, a natureza renasce.<\/span><\/p>\n<p><span style=\"color: #ffffff;\"><strong>Assim, o n\u00famero 5 se refere \u00e0s cinco belas artes<\/strong> da atualidade: pintura, escultura, m\u00fasica, poesia e dan\u00e7a.<\/span><\/p>\n<p><span style=\"color: #ffffff;\"><strong>A combina\u00e7\u00e3o do 9 com o 5 representa essencialmente a perpetua\u00e7\u00e3o<\/strong> do conhecimento em v\u00e1rias dimens\u00f5es. Perpetua\u00e7\u00e3o temporal, por um lado, e perpetua\u00e7\u00e3o para al\u00e9m dos idiomas, por outro.<\/span><\/p>\n<p><span style=\"color: #ffffff;\"><strong>A justificativa te\u00f3rica dessa vontade de perpetua\u00e7\u00e3o<\/strong> est\u00e1 fundada no trabalho feito pelos intelectuais \u00e1rabes de resgate do pensamento grego como o conhecemos hoje.<\/span><\/p>\n<p><span style=\"color: #ffffff;\"><strong>Os \u00e1rabes do s\u00e9culo VIII realizaram um trabalho de divulga\u00e7\u00e3o<\/strong> da ci\u00eancia e do conhecimento gregos em Bagd\u00e1 atrav\u00e9s de tradu\u00e7\u00f5es do grego ao \u00e1rabe dos trabalhos de reconhecidos pensadores cl\u00e1ssicos gregos.<\/span><\/p>\n<p><span style=\"color: #ffffff;\"><strong>Numerosos manuscritos gregos se perderam com o tempo<\/strong>, e com eles, as ideias que carregavam.\u00a0 O obscurantismo da Idade M\u00e9dia depreciava as teorias formuladas pelos cl\u00e1ssicos e as enterraram no passado.<\/span><\/p>\n<p><span style=\"color: #ffffff;\"><strong>O final da Idade M\u00e9dia e come\u00e7o do Renascimento<\/strong> viu ressurgir o mundo cl\u00e1ssico. Grande parte do conhecimento que se tinha dos fil\u00f3sofos e pensadores gregos foi recuperada atrav\u00e9s das tradu\u00e7\u00f5es realizadas pelos \u00e1rabes.<\/span><\/p>\n<p><span style=\"color: #ffffff;\"><strong>Com esse postulado, 9h05<\/strong> integra a sabedoria \u00e0 inova\u00e7\u00e3o, associando o conhecimento \u00e0 arte e combinando maturidade com dinamismo.<\/span>[\/vc_column_text][vc_btn title=&#8221;CONTRATAR O SERVI\u00c7O&#8221; style=&#8221;3d&#8221; color=&#8221;info&#8221; align=&#8221;center&#8221; i_icon_fontawesome=&#8221;fa fa-credit-card-alt&#8221; link=&#8221;url:https%3A%2F%2Fwww.9h05.com%2Fproforma%2F||&#8221; add_icon=&#8221;true&#8221;][\/vc_column][\/vc_row][vc_row css=&#8221;.vc_custom_1459233997297{padding-top: 30px !important;background-image: url(http:\/\/9h05.com\/espanol\/wp-content\/uploads\/2016\/03\/9h05-la-empresa.jpg?id=2038) !important;}&#8221;][\/vc_row][vc_column][\/vc_column]<\/p>\n<\/div>","protected":false},"excerpt":{"rendered":"<p>[vc_row][vc_column][vc_column_text] Apresenta\u00e7\u00e3o \u00a0 \u00a0 \u00a0 Equipe \u00a0 \u00a0 \u00a0Idiomas \u00a0 \u00a0 \u00a0Filosofia \u00a0 \u00a0 \u00a0Por que 9h05? [\/vc_column_text][vc_single_image image=&#8221;1929&#8243; img_size=&#8221;large&#8221; alignment=&#8221;center&#8221;][vc_column_text]Criada em 2009, 9h05 Inc. \u00e9 uma ag\u00eancia de tradu\u00e7\u00e3o internacionalmente reconhecida, com cobertura mundial. Somos especializados em duas principais \u00e1reas: tradu\u00e7\u00f5es t\u00e9cnicas e tradu\u00e7\u00f5es juramentadas \u2013 tamb\u00e9m chamadas de tradu\u00e7\u00f5es p\u00fablicas \u2013, tanto para [&hellip;]<\/p>\n","protected":false},"author":9,"featured_media":0,"parent":0,"menu_order":0,"comment_status":"closed","ping_status":"closed","template":"","meta":{"site-sidebar-layout":"no-sidebar","site-content-layout":"plain-container","ast-site-content-layout":"","site-content-style":"default","site-sidebar-style":"default","ast-global-header-display":"","ast-banner-title-visibility":"","ast-main-header-display":"","ast-hfb-above-header-display":"","ast-hfb-below-header-display":"","ast-hfb-mobile-header-display":"","site-post-title":"disabled","ast-breadcrumbs-content":"","ast-featured-img":"disabled","footer-sml-layout":"","theme-transparent-header-meta":"default","adv-header-id-meta":"","stick-header-meta":"","header-above-stick-meta":"","header-main-stick-meta":"","header-below-stick-meta":"","astra-migrate-meta-layouts":"default","ast-page-background-enabled":"default","ast-page-background-meta":{"desktop":{"background-color":"var(--ast-global-color-4)","background-image":"","background-repeat":"repeat","background-position":"center center","background-size":"auto","background-attachment":"scroll","background-type":"","background-media":"","overlay-type":"","overlay-color":"","overlay-opacity":"","overlay-gradient":""},"tablet":{"background-color":"","background-image":"","background-repeat":"repeat","background-position":"center center","background-size":"auto","background-attachment":"scroll","background-type":"","background-media":"","overlay-type":"","overlay-color":"","overlay-opacity":"","overlay-gradient":""},"mobile":{"background-color":"","background-image":"","background-repeat":"repeat","background-position":"center center","background-size":"auto","background-attachment":"scroll","background-type":"","background-media":"","overlay-type":"","overlay-color":"","overlay-opacity":"","overlay-gradient":""}},"ast-content-background-meta":{"desktop":{"background-color":"var(--ast-global-color-5)","background-image":"","background-repeat":"repeat","background-position":"center center","background-size":"auto","background-attachment":"scroll","background-type":"","background-media":"","overlay-type":"","overlay-color":"","overlay-opacity":"","overlay-gradient":""},"tablet":{"background-color":"var(--ast-global-color-5)","background-image":"","background-repeat":"repeat","background-position":"center center","background-size":"auto","background-attachment":"scroll","background-type":"","background-media":"","overlay-type":"","overlay-color":"","overlay-opacity":"","overlay-gradient":""},"mobile":{"background-color":"var(--ast-global-color-5)","background-image":"","background-repeat":"repeat","background-position":"center center","background-size":"auto","background-attachment":"scroll","background-type":"","background-media":"","overlay-type":"","overlay-color":"","overlay-opacity":"","overlay-gradient":""}},"footnotes":""},"yst_prominent_words":[],"class_list":["post-3908","page","type-page","status-publish","hentry"],"_links":{"self":[{"href":"https:\/\/www.9h05.com\/pt-pt\/wp-json\/wp\/v2\/pages\/3908","targetHints":{"allow":["GET"]}}],"collection":[{"href":"https:\/\/www.9h05.com\/pt-pt\/wp-json\/wp\/v2\/pages"}],"about":[{"href":"https:\/\/www.9h05.com\/pt-pt\/wp-json\/wp\/v2\/types\/page"}],"author":[{"embeddable":true,"href":"https:\/\/www.9h05.com\/pt-pt\/wp-json\/wp\/v2\/users\/9"}],"replies":[{"embeddable":true,"href":"https:\/\/www.9h05.com\/pt-pt\/wp-json\/wp\/v2\/comments?post=3908"}],"version-history":[{"count":0,"href":"https:\/\/www.9h05.com\/pt-pt\/wp-json\/wp\/v2\/pages\/3908\/revisions"}],"wp:attachment":[{"href":"https:\/\/www.9h05.com\/pt-pt\/wp-json\/wp\/v2\/media?parent=3908"}],"wp:term":[{"taxonomy":"yst_prominent_words","embeddable":true,"href":"https:\/\/www.9h05.com\/pt-pt\/wp-json\/wp\/v2\/yst_prominent_words?post=3908"}],"curies":[{"name":"wp","href":"https:\/\/api.w.org\/{rel}","templated":true}]}}