{"id":5992,"date":"2017-02-17T16:24:24","date_gmt":"2017-02-17T16:24:24","guid":{"rendered":"https:\/\/www.9h05.com\/nl\/?page_id=5992"},"modified":"2017-02-17T16:24:24","modified_gmt":"2017-02-17T16:24:24","slug":"administratieve-vertalingen","status":"publish","type":"page","link":"https:\/\/www.9h05.com\/nl\/administratieve-vertalingen\/","title":{"rendered":"Administratieve Vertalingen"},"content":{"rendered":"<div class=\"wpb-content-wrapper\"><p>[vc_row][vc_column][vntd_fullscreen_slider images=&#8221;3345,5264,5210&#8243; text_static=&#8221;ADMINISTRATIEVE VERTALINGEN&#8221; text_dynamic=&#8221;ADMINISTRATIEVE VERTALINGEN&#8221;][vc_empty_space][\/vc_column][\/vc_row][vc_row][vc_column][vc_column_text]U heeft zich vast wel eens afgevraagd wat u moet doen als er een document moet worden behandeld in uw bedrijf dat in een andere taal is geschreven, of als u een contract moet ondertekenen in een andere taal. Het kan ingewikkeld worden vanwege de regels die gevolgd moeten worden binnen en buiten het bedrijf. Dit soort vertalingen noemen wij administratieve vertalingen.[\/vc_column_text][vc_empty_space][\/vc_column][\/vc_row][vc_row][vc_column width=&#8221;1\/3&#8243;][icon_box title=&#8221;9H05 = D\u00c9 OPLOSSING&#8221; text=&#8221;Onze professionele diensten van administratieve vertalingen, aangepast naar uw wensen. Wij kunnen alle nodige documenten voor uw bedrijf vertalen, van persberichten tot contracten en juridische documenten.&#8221; style=&#8221;centered&#8221; icon_fontawesome=&#8221;fa fa-lightbulb-o&#8221;][\/vc_column][vc_column width=&#8221;1\/3&#8243;][icon_box title=&#8221;9H05 = 17 TALEN&#8221; text=&#8221;Wij bieden niet alle talen aan want we weten dat dit onmogelijk zou zijn. Wij werken met 17 talen en 100 talencombinaties, omdat we er op die manier zeker van zijn dat wij de best mogelijke vertaaldiensten kunnen leveren voor uw administratieve documenten.&#8221; style=&#8221;centered&#8221; icon_fontawesome=&#8221;fa fa-flag-o&#8221;][\/vc_column][vc_column width=&#8221;1\/3&#8243;][icon_box title=&#8221;9H05 = BEKROOND WERK&#8221; text=&#8221;Wij voldoen aan de normen EN 15038:2006 en ASTM F2575. Wij zijn lid van de ATA, FIT, ATIEC, SFT. Ons merk staat voor kwaliteit, effici\u00ebntie, snelheid en klanttevredenheid.&#8221; style=&#8221;centered&#8221; icon_fontawesome=&#8221;fa fa-certificate&#8221;][\/vc_column][vc_column][vc_empty_space][\/vc_column][\/vc_row][vc_row][vc_column width=&#8221;1\/2&#8243;][vc_btn title=&#8221;Vraag een gratis offerte aan&#8221; style=&#8221;3d&#8221; color=&#8221;peacoc&#8221; align=&#8221;center&#8221; link=&#8221;url:https%3A%2F%2Fwww.9h05.com%2Fproforma%2F|||&#8221;][\/vc_column][vc_column width=&#8221;1\/2&#8243;][vc_btn title=&#8221;Neem contact met ons op&#8221; style=&#8221;3d&#8221; color=&#8221;peacoc&#8221; align=&#8221;center&#8221; link=&#8221;url:https%3A%2F%2Fwww.9h05.com%2Fes%2Fcontacto%2F|||&#8221;][\/vc_column][vc_column][vc_empty_space][\/vc_column][\/vc_row][vc_row][vc_column][vc_single_image image=&#8221;3807&#8243; img_size=&#8221;medium&#8221; alignment=&#8221;center&#8221;][\/vc_column][\/vc_row][vc_row][vc_column][vc_column_text]<\/p>\n<p>Heeft u weleens een dringende vertaling nodig gehad van een arbeidscontract? Heeft uw bedrijf snelle vertalingen nodig voor aanvragen of formulieren? Is het noodzakelijk om contracten, declaraties, verslagen, nieuwsbrieven of eigendomsbewijs?<\/p>\n<p>Moet uw bedrijf naar de rechter gaan en heeft u vertalingen nodig van juridische uitspraken, wetten, statuten, reglementen, normen, dagvaardingen, testamenten, gedeeltes van wetboeken (burgerlijk, strafrechtelijk, enz.) voor de juridische afdeling?<\/p>\n<p>Heeft u een vertaling nodig van niet-academische diploma\u2019s of certificaten?<br \/>\nDan heeft 9h05 een snelle, effici\u00ebnte oplossing voor u van hoge kwaliteit. [\/vc_column_text][vc_empty_space][\/vc_column][\/vc_row][vc_row][vc_column width=&#8221;1\/2&#8243;][vc_btn title=&#8221;Vraag een gratis offerte aan&#8221; style=&#8221;3d&#8221; color=&#8221;peacoc&#8221; align=&#8221;center&#8221; link=&#8221;url:https%3A%2F%2Fwww.9h05.com%2Fproforma%2F|||&#8221;][\/vc_column][vc_column width=&#8221;1\/2&#8243;][vc_btn title=&#8221;Neem contact met ons op&#8221; style=&#8221;3d&#8221; color=&#8221;peacoc&#8221; align=&#8221;center&#8221; link=&#8221;url:https%3A%2F%2Fwww.9h05.com%2Fes%2Fcontacto%2F|||&#8221;][\/vc_column][vc_column][vc_empty_space height=&#8221;100px&#8221;][\/vc_column][\/vc_row][vc_row][vc_column][vc_column_text]Naast administratieve vertalingen zijn we ook gespecialiseerd in het volgende:[\/vc_column_text][\/vc_column][\/vc_row][vc_row][vc_column width=&#8221;1\/3&#8243;][vc_icon icon_fontawesome=&#8221;fa fa-book&#8221; color=&#8221;peacoc&#8221; size=&#8221;xl&#8221; align=&#8221;center&#8221;][vc_column_text]<strong>LITERAIRE VERTALINGEN EN M.B.T. ENTERTAINMENT <\/strong><\/p>\n<ul>\n<li><\/li>\n<li>Romans en verhalen<\/li>\n<li>Theaterproducties<\/li>\n<li>Gedichten<\/li>\n<li>Reisboeken<\/li>\n<li>Essays<\/li>\n<li>Stripboeken<\/li>\n<li>Recensies van literatuur<\/li>\n<li>Filmscripts, nasynchroniseren en ondertitelen van films, documentaires en tv-programma\u2019s.<\/li>\n<\/ul>\n<p>[\/vc_column_text][vc_column_text]Klanten:<\/p>\n<p>Aleyda Quevedo Rojas, Inlingua, Pavel Quevedo, enz.[\/vc_column_text][\/vc_column][vc_column width=&#8221;1\/3&#8243;][vc_icon icon_fontawesome=&#8221;fa fa-files-o&#8221; color=&#8221;peacoc&#8221; size=&#8221;xl&#8221; align=&#8221;center&#8221;][vc_column_text]<strong>SOCIAALECONOMISCHE VERTALINGEN<\/strong><\/p>\n<ul>\n<li>Overeenkomsten en voorafgaande bedrijfsovereenkomsten<\/li>\n<li>Bedrijfscorrespondentie (brieven, e-mails, faxen, enz.)<\/li>\n<li>Contracten<\/li>\n<\/ul>\n<p>[\/vc_column_text][vc_column_text]Klanten:<\/p>\n<p>Legiscorp, La Tablita del T\u00e1rtaro, Fabara y Compa\u00f1\u00eda Abogados, etc.[\/vc_column_text][\/vc_column][vc_column width=&#8221;1\/3&#8243;][vc_icon icon_fontawesome=&#8221;fa fa-newspaper-o&#8221; color=&#8221;peacoc&#8221; size=&#8221;xl&#8221; align=&#8221;center&#8221;][vc_column_text]<strong>JOURNALISTIEKE VERTALINGEN<\/strong><\/p>\n<ul>\n<li>Persberichten<\/li>\n<li>Nieuwsberichten<\/li>\n<li>Recensies<\/li>\n<li>Interviews<\/li>\n<li>Opiniestukken<\/li>\n<\/ul>\n<p>[\/vc_column_text][vc_column_text]Klanten:<\/p>\n<p>Agencia Andes, Ecuador TV, El Tel\u00e9grafo, enz.[\/vc_column_text][\/vc_column][vc_column][vc_empty_space height=&#8221;100px&#8221;][\/vc_column][\/vc_row][vc_row][vc_column width=&#8221;1\/3&#8243;][vc_icon icon_fontawesome=&#8221;fa fa-graduation-cap&#8221; color=&#8221;peacoc&#8221; size=&#8221;xl&#8221; align=&#8221;center&#8221;][vc_column_text]<strong>VERTALINGEN M.B.T. ONDERWIJS<\/strong><\/p>\n<ul>\n<li>Tekstboeken<\/li>\n<li>Encyclopedie\u00ebn en woordenboeken<\/li>\n<li>Naslagwerken<\/li>\n<li>Folders van universiteiten of andere opleidingsniveaus<\/li>\n<li>Academische diploma\u2019s en certificaten<\/li>\n<li>Cursusomschrijvingen<\/li>\n<\/ul>\n<p>[\/vc_column_text][vc_column_text]Klanten:<\/p>\n<p>PUCE, FLACSO, Colegio Terranova, enz.[\/vc_column_text][\/vc_column][vc_column width=&#8221;1\/3&#8243;][vc_icon icon_fontawesome=&#8221;fa fa-barcode&#8221; color=&#8221;peacoc&#8221; size=&#8221;xl&#8221; align=&#8221;center&#8221;][vc_column_text]<strong>VERTALINGEN GERICHT OP CONSUMPTIE<\/strong><\/p>\n<ul>\n<li>Gebruikershandleidingen van machines of apparaten<\/li>\n<li>Andere handleidingen (doe-het-zelf, keuken, enz.)<\/li>\n<li>Reisfolders<\/li>\n<li>Toeristische gidsen<\/li>\n<li>Advertenties<\/li>\n<li>Politieke reclame<\/li>\n<\/ul>\n<p>[\/vc_column_text][vc_column_text]Klanten:<\/p>\n<p>Rep\u00fablica del Cacao, Terra Andina, Incatrek Ecuador, enz.[\/vc_column_text][\/vc_column][vc_column width=&#8221;1\/3&#8243;][vc_icon icon_fontawesome=&#8221;fa fa-flask&#8221; color=&#8221;peacoc&#8221; size=&#8221;xl&#8221; align=&#8221;center&#8221;][vc_column_text]<strong>TECHNISCHE EN WETENSCHAPPELIJKE VERTALINGEN:<\/strong><\/p>\n<ul>\n<li>Handleidingen (technisch, op gebied van informatica) Manuales<\/li>\n<li>Instructies en veiligheidsnormen<\/li>\n<li>Wetenschappelijke tijdschriften (samenvattingen en artikels)<\/li>\n<li>Instructies voor apparaten, laboratoria, enz.<\/li>\n<\/ul>\n<p>[\/vc_column_text][vc_column_text]Klanten:<\/p>\n<p>Michelin, Enermax, Conauto, enz.[\/vc_column_text][\/vc_column][vc_column][vc_empty_space height=&#8221;100px&#8221;][\/vc_column][\/vc_row][vc_row][vc_column width=&#8221;1\/2&#8243;][vc_btn title=&#8221;Vraag een gratis offerte aan&#8221; style=&#8221;3d&#8221; color=&#8221;peacoc&#8221; align=&#8221;center&#8221; link=&#8221;url:https%3A%2F%2Fwww.9h05.com%2Fproforma%2F|||&#8221;][\/vc_column][vc_column width=&#8221;1\/2&#8243;][vc_btn title=&#8221;Neem contact met ons op&#8221; style=&#8221;3d&#8221; color=&#8221;peacoc&#8221; align=&#8221;center&#8221; link=&#8221;url:https%3A%2F%2Fwww.9h05.com%2Fes%2Fcontacto%2F|||&#8221;][\/vc_column][\/vc_row]<\/p>\n<\/div>","protected":false},"excerpt":{"rendered":"<p>[vc_row][vc_column][vntd_fullscreen_slider images=&#8221;3345,5264,5210&#8243; text_static=&#8221;ADMINISTRATIEVE VERTALINGEN&#8221; text_dynamic=&#8221;ADMINISTRATIEVE VERTALINGEN&#8221;][vc_empty_space][\/vc_column][\/vc_row][vc_row][vc_column][vc_column_text]U heeft zich vast wel eens afgevraagd wat u moet doen als er een document moet worden behandeld in uw bedrijf dat in een andere taal is geschreven, of als u een contract moet ondertekenen in een andere taal. Het kan ingewikkeld worden vanwege de regels die gevolgd moeten worden [&hellip;]<\/p>\n","protected":false},"author":9,"featured_media":0,"parent":0,"menu_order":0,"comment_status":"closed","ping_status":"closed","template":"","meta":{"site-sidebar-layout":"default","site-content-layout":"default","ast-site-content-layout":"default","site-content-style":"default","site-sidebar-style":"default","ast-global-header-display":"","ast-banner-title-visibility":"","ast-main-header-display":"","ast-hfb-above-header-display":"","ast-hfb-below-header-display":"","ast-hfb-mobile-header-display":"","site-post-title":"disabled","ast-breadcrumbs-content":"","ast-featured-img":"","footer-sml-layout":"","theme-transparent-header-meta":"default","adv-header-id-meta":"","stick-header-meta":"default","header-above-stick-meta":"","header-main-stick-meta":"","header-below-stick-meta":"","astra-migrate-meta-layouts":"default","ast-page-background-enabled":"default","ast-page-background-meta":{"desktop":{"background-color":"var(--ast-global-color-4)","background-image":"","background-repeat":"repeat","background-position":"center center","background-size":"auto","background-attachment":"scroll","background-type":"","background-media":"","overlay-type":"","overlay-color":"","overlay-opacity":"","overlay-gradient":""},"tablet":{"background-color":"","background-image":"","background-repeat":"repeat","background-position":"center center","background-size":"auto","background-attachment":"scroll","background-type":"","background-media":"","overlay-type":"","overlay-color":"","overlay-opacity":"","overlay-gradient":""},"mobile":{"background-color":"","background-image":"","background-repeat":"repeat","background-position":"center center","background-size":"auto","background-attachment":"scroll","background-type":"","background-media":"","overlay-type":"","overlay-color":"","overlay-opacity":"","overlay-gradient":""}},"ast-content-background-meta":{"desktop":{"background-color":"var(--ast-global-color-5)","background-image":"","background-repeat":"repeat","background-position":"center center","background-size":"auto","background-attachment":"scroll","background-type":"","background-media":"","overlay-type":"","overlay-color":"","overlay-opacity":"","overlay-gradient":""},"tablet":{"background-color":"var(--ast-global-color-5)","background-image":"","background-repeat":"repeat","background-position":"center center","background-size":"auto","background-attachment":"scroll","background-type":"","background-media":"","overlay-type":"","overlay-color":"","overlay-opacity":"","overlay-gradient":""},"mobile":{"background-color":"var(--ast-global-color-5)","background-image":"","background-repeat":"repeat","background-position":"center center","background-size":"auto","background-attachment":"scroll","background-type":"","background-media":"","overlay-type":"","overlay-color":"","overlay-opacity":"","overlay-gradient":""}},"footnotes":""},"yst_prominent_words":[],"class_list":["post-5992","page","type-page","status-publish","hentry"],"_links":{"self":[{"href":"https:\/\/www.9h05.com\/nl\/wp-json\/wp\/v2\/pages\/5992","targetHints":{"allow":["GET"]}}],"collection":[{"href":"https:\/\/www.9h05.com\/nl\/wp-json\/wp\/v2\/pages"}],"about":[{"href":"https:\/\/www.9h05.com\/nl\/wp-json\/wp\/v2\/types\/page"}],"author":[{"embeddable":true,"href":"https:\/\/www.9h05.com\/nl\/wp-json\/wp\/v2\/users\/9"}],"replies":[{"embeddable":true,"href":"https:\/\/www.9h05.com\/nl\/wp-json\/wp\/v2\/comments?post=5992"}],"version-history":[{"count":0,"href":"https:\/\/www.9h05.com\/nl\/wp-json\/wp\/v2\/pages\/5992\/revisions"}],"wp:attachment":[{"href":"https:\/\/www.9h05.com\/nl\/wp-json\/wp\/v2\/media?parent=5992"}],"wp:term":[{"taxonomy":"yst_prominent_words","embeddable":true,"href":"https:\/\/www.9h05.com\/nl\/wp-json\/wp\/v2\/yst_prominent_words?post=5992"}],"curies":[{"name":"wp","href":"https:\/\/api.w.org\/{rel}","templated":true}]}}