{"id":5991,"date":"2017-02-17T16:15:39","date_gmt":"2017-02-17T16:15:39","guid":{"rendered":"https:\/\/www.9h05.com\/nl\/?page_id=5991"},"modified":"2020-05-13T08:09:59","modified_gmt":"2020-05-13T08:09:59","slug":"commerciele-vertaaldiensten","status":"publish","type":"page","link":"https:\/\/www.9h05.com\/nl\/commerciele-vertaaldiensten\/","title":{"rendered":"Commerci\u00eble Vertaaldiensten"},"content":{"rendered":"<div class=\"wpb-content-wrapper\"><p>[vc_row css=&#8221;.vc_custom_1486057464697{padding-top: 100px !important;}&#8221;][vc_column][special_heading title=&#8221;Services de traduction commerciale&#8221; subtitle=&#8221;&#8221;][vc_column_text]<\/p>\n<p style=\"text-align: center;\">L&#8217;international, \u00e7a nous conna\u00eet vraiment<\/p>\n<p>[\/vc_column_text][vc_single_image image=&#8221;5675&#8243; img_size=&#8221;full&#8221; alignment=&#8221;center&#8221;][vc_empty_space][\/vc_column][\/vc_row][vc_row][vc_column][vc_column_text]<\/p>\n<h2>POURQUOI FAIRE CONFIANCE \u00c0 9h05 ?<\/h2>\n<p>[\/vc_column_text][\/vc_column][\/vc_row][vc_row][vc_column width=&#8221;1\/4&#8243;][vc_icon icon_fontawesome=&#8221;fa fa-flag-o&#8221; color=&#8221;turquoise&#8221; size=&#8221;xl&#8221; align=&#8221;center&#8221;][vc_column_text]<\/p>\n<h4 style=\"text-align: center;\">EXP\u00c9RIENCE<\/h4>\n<p style=\"text-align: center;\"><strong>10 ans d&#8217;exp\u00e9rience<\/strong> en traduction commerciale pour satisfaire les besoins les plus exigeants et des centaines de milliers de projets de traduction.<\/p>\n<p>[\/vc_column_text][\/vc_column][vc_column width=&#8221;1\/4&#8243;][vc_icon icon_fontawesome=&#8221;fa fa-clock-o&#8221; color=&#8221;turquoise&#8221; size=&#8221;xl&#8221; align=&#8221;center&#8221;][vc_column_text]<\/p>\n<h4 style=\"text-align: center;\">RAPIDIT\u00c9 ET PONCTUALIT\u00c9<\/h4>\n<p style=\"text-align: center;\">Des <strong>services de traduction bien plus rapides<\/strong> que la concurrence pour une qualit\u00e9 toujours irr\u00e9prochable. Des prix serr\u00e9s et des documents toujours livr\u00e9s<strong> en temps et en heure<\/strong>. Notre efficacit\u00e9 se refl\u00e8te dans notre rapidit\u00e9.<\/p>\n<p>[\/vc_column_text][\/vc_column][vc_column width=&#8221;1\/4&#8243;][vc_icon type=&#8221;linecons&#8221; icon_linecons=&#8221;vc_li vc_li-like&#8221; color=&#8221;turquoise&#8221; size=&#8221;xl&#8221; align=&#8221;center&#8221;][vc_column_text]<\/p>\n<h4 style=\"text-align: center;\">SATISFACTION<\/h4>\n<p style=\"text-align: center;\">Des <strong>centaines de clients satisfaits<\/strong> et qui le montrent. Visualisez les <a href=\"https:\/\/www.9h05.com\/evaluations\/\">r\u00e9sultats de notre enqu\u00eate<\/a> de satisfaction (totalement anonyme).<\/p>\n<p>[\/vc_column_text][\/vc_column][vc_column width=&#8221;1\/4&#8243;][vc_icon type=&#8221;typicons&#8221; icon_typicons=&#8221;typcn typcn-group-outline&#8221; color=&#8221;turquoise&#8221; size=&#8221;xl&#8221; align=&#8221;center&#8221;][vc_column_text]<\/p>\n<h4 style=\"text-align: center;\">FID\u00c9LIT\u00c9<\/h4>\n<p style=\"text-align: center;\"><strong>Nos clients restent fid\u00e8les<\/strong> \u00e0 nos services de traduction. C&#8217;est sans nul doute la preuve la plus objective de notre r\u00e9ussite.<\/p>\n<p>[\/vc_column_text][\/vc_column][\/vc_row][vc_row][vc_column][vc_empty_space height=&#8221;60px&#8221;][\/vc_column][\/vc_row][vc_row][vc_column][vc_column_text]<\/p>\n<h2>C&#8217;EST QUOI LA TRADUCTION COMMERCIALE ?<\/h2>\n<p>La traduction commerciale est focalis\u00e9e sur la vente ou la promotion de produits et services de soci\u00e9t\u00e9s ou de n\u00e9goces.[\/vc_column_text][vc_column_text]La traduction commerciale est orient\u00e9e vers la consommation.<\/p>\n<p>Qu&#8217;est-ce que cela comprend ?<\/p>\n<p>\u25ba Guides touristiques<br \/>\n\u25ba Annonces publicitaires et tous supports publicitaires<br \/>\n\u25ba D\u00e9pliants de voyage<br \/>\n\u25ba Publicit\u00e9 politique<br \/>\n\u25ba Manuels d&#8217;instruction de machines ou d&#8217;appareils<br \/>\n\u25ba Autres types de manuels (bricolage, jardinage, cuisine, etc.)[\/vc_column_text][vc_empty_space][\/vc_column][\/vc_row][vc_row][vc_column][vc_single_image image=&#8221;5235&#8243; img_size=&#8221;full&#8221; alignment=&#8221;center&#8221;][vc_column_text]<\/p>\n<h3 style=\"text-align: center;\">FAITES TRADUIRE VOS DOCUMENTS COMMERCIAUX CHEZ NOUS<\/h3>\n<p>[\/vc_column_text][vc_row_inner][vc_column_inner width=&#8221;1\/2&#8243;][vc_btn title=&#8221;PARLONS-EN&#8221; style=&#8221;3d&#8221; shape=&#8221;round&#8221; color=&#8221;violet&#8221; align=&#8221;center&#8221; i_icon_fontawesome=&#8221;fa fa-shopping-cart&#8221; link=&#8221;url:%2F%3Fpage_id%3D5443|&#8221; button_block=&#8221;true&#8221; add_icon=&#8221;true&#8221;][\/vc_column_inner][vc_column_inner width=&#8221;1\/2&#8243;][vc_btn title=&#8221;J&#8217;ACH\u00c8TE EN LIGNE !&#8221; style=&#8221;3d&#8221; shape=&#8221;round&#8221; color=&#8221;peacoc&#8221; align=&#8221;center&#8221; i_icon_fontawesome=&#8221;fa fa-shopping-cart&#8221; link=&#8221;url:https%3A%2F%2Fwww.9h05.com%2Fproforma%2F|&#8221; button_block=&#8221;true&#8221; add_icon=&#8221;true&#8221;][vc_column_text]<\/p>\n<p style=\"text-align: center;\">C&#8217;est encore plus rapide\u00a0en achetant en ligne.<\/p>\n<p>[\/vc_column_text][\/vc_column_inner][\/vc_row_inner][\/vc_column][\/vc_row][vc_row][vc_column][vc_single_image image=&#8221;5235&#8243; img_size=&#8221;full&#8221; alignment=&#8221;center&#8221;][vc_empty_space][vc_column_text]<\/p>\n<h3 style=\"text-align: center;\">L&#8217;INTERNATIONAL, \u00c7A NOUS CONNA\u00ceT VRAIMENT !<\/h3>\n<p>[\/vc_column_text][vc_column_text]<\/p>\n<p style=\"text-align: center;\">9h05 International est une agence de traduction (internationale). Vous trouverez nos agences sur 3 continents et dans 7 pays dans le monde :<\/p>\n<table class=\" aligncenter\" style=\"height: 111px;\" width=\"554\">\n<tbody>\n<tr>\n<td width=\"68\">\n<p style=\"text-align: center;\">Bordeaux<\/p>\n<\/td>\n<td width=\"70\">\n<p style=\"text-align: center;\">Quito (\u00c9quateur)<\/p>\n<\/td>\n<td width=\"70\">\n<p style=\"text-align: center;\">Medellin (Colombie)<\/p>\n<\/td>\n<td width=\"63\">\n<p style=\"text-align: center;\">Miami (\u00c9tats-Unis)<\/p>\n<\/td>\n<td width=\"68\">\n<p style=\"text-align: center;\">Sydney (Australie)<\/p>\n<\/td>\n<td width=\"51\">\n<p style=\"text-align: center;\">Londres (Royaume-Uni)<\/p>\n<\/td>\n<td width=\"51\">\n<p style=\"text-align: center;\">Saragosse (Espagne)<\/p>\n<\/td>\n<\/tr>\n<\/tbody>\n<\/table>\n<p>[\/vc_column_text][\/vc_column][\/vc_row]<\/p>\n<\/div>","protected":false},"excerpt":{"rendered":"<p>[vc_row css=&#8221;.vc_custom_1486057464697{padding-top: 100px !important;}&#8221;][vc_column][special_heading title=&#8221;Services de traduction commerciale&#8221; subtitle=&#8221;&#8221;][vc_column_text] L&#8217;international, \u00e7a nous conna\u00eet vraiment [\/vc_column_text][vc_single_image image=&#8221;5675&#8243; img_size=&#8221;full&#8221; alignment=&#8221;center&#8221;][vc_empty_space][\/vc_column][\/vc_row][vc_row][vc_column][vc_column_text] POURQUOI FAIRE CONFIANCE \u00c0 9h05 ? [\/vc_column_text][\/vc_column][\/vc_row][vc_row][vc_column width=&#8221;1\/4&#8243;][vc_icon icon_fontawesome=&#8221;fa fa-flag-o&#8221; color=&#8221;turquoise&#8221; size=&#8221;xl&#8221; align=&#8221;center&#8221;][vc_column_text] EXP\u00c9RIENCE 10 ans d&#8217;exp\u00e9rience en traduction commerciale pour satisfaire les besoins les plus exigeants et des centaines de milliers de projets de traduction. [\/vc_column_text][\/vc_column][vc_column [&hellip;]<\/p>\n","protected":false},"author":9,"featured_media":0,"parent":0,"menu_order":0,"comment_status":"closed","ping_status":"closed","template":"","meta":{"site-sidebar-layout":"no-sidebar","site-content-layout":"plain-container","ast-site-content-layout":"","site-content-style":"default","site-sidebar-style":"default","ast-global-header-display":"","ast-banner-title-visibility":"","ast-main-header-display":"","ast-hfb-above-header-display":"","ast-hfb-below-header-display":"","ast-hfb-mobile-header-display":"","site-post-title":"disabled","ast-breadcrumbs-content":"","ast-featured-img":"disabled","footer-sml-layout":"","theme-transparent-header-meta":"","adv-header-id-meta":"","stick-header-meta":"","header-above-stick-meta":"","header-main-stick-meta":"","header-below-stick-meta":"","astra-migrate-meta-layouts":"default","ast-page-background-enabled":"default","ast-page-background-meta":{"desktop":{"background-color":"var(--ast-global-color-4)","background-image":"","background-repeat":"repeat","background-position":"center center","background-size":"auto","background-attachment":"scroll","background-type":"","background-media":"","overlay-type":"","overlay-color":"","overlay-opacity":"","overlay-gradient":""},"tablet":{"background-color":"","background-image":"","background-repeat":"repeat","background-position":"center center","background-size":"auto","background-attachment":"scroll","background-type":"","background-media":"","overlay-type":"","overlay-color":"","overlay-opacity":"","overlay-gradient":""},"mobile":{"background-color":"","background-image":"","background-repeat":"repeat","background-position":"center center","background-size":"auto","background-attachment":"scroll","background-type":"","background-media":"","overlay-type":"","overlay-color":"","overlay-opacity":"","overlay-gradient":""}},"ast-content-background-meta":{"desktop":{"background-color":"var(--ast-global-color-5)","background-image":"","background-repeat":"repeat","background-position":"center center","background-size":"auto","background-attachment":"scroll","background-type":"","background-media":"","overlay-type":"","overlay-color":"","overlay-opacity":"","overlay-gradient":""},"tablet":{"background-color":"var(--ast-global-color-5)","background-image":"","background-repeat":"repeat","background-position":"center center","background-size":"auto","background-attachment":"scroll","background-type":"","background-media":"","overlay-type":"","overlay-color":"","overlay-opacity":"","overlay-gradient":""},"mobile":{"background-color":"var(--ast-global-color-5)","background-image":"","background-repeat":"repeat","background-position":"center center","background-size":"auto","background-attachment":"scroll","background-type":"","background-media":"","overlay-type":"","overlay-color":"","overlay-opacity":"","overlay-gradient":""}},"footnotes":""},"yst_prominent_words":[],"class_list":["post-5991","page","type-page","status-publish","hentry"],"_links":{"self":[{"href":"https:\/\/www.9h05.com\/nl\/wp-json\/wp\/v2\/pages\/5991","targetHints":{"allow":["GET"]}}],"collection":[{"href":"https:\/\/www.9h05.com\/nl\/wp-json\/wp\/v2\/pages"}],"about":[{"href":"https:\/\/www.9h05.com\/nl\/wp-json\/wp\/v2\/types\/page"}],"author":[{"embeddable":true,"href":"https:\/\/www.9h05.com\/nl\/wp-json\/wp\/v2\/users\/9"}],"replies":[{"embeddable":true,"href":"https:\/\/www.9h05.com\/nl\/wp-json\/wp\/v2\/comments?post=5991"}],"version-history":[{"count":1,"href":"https:\/\/www.9h05.com\/nl\/wp-json\/wp\/v2\/pages\/5991\/revisions"}],"predecessor-version":[{"id":7968,"href":"https:\/\/www.9h05.com\/nl\/wp-json\/wp\/v2\/pages\/5991\/revisions\/7968"}],"wp:attachment":[{"href":"https:\/\/www.9h05.com\/nl\/wp-json\/wp\/v2\/media?parent=5991"}],"wp:term":[{"taxonomy":"yst_prominent_words","embeddable":true,"href":"https:\/\/www.9h05.com\/nl\/wp-json\/wp\/v2\/yst_prominent_words?post=5991"}],"curies":[{"name":"wp","href":"https:\/\/api.w.org\/{rel}","templated":true}]}}