{"id":6866,"date":"2017-08-29T14:11:56","date_gmt":"2017-08-29T14:11:56","guid":{"rendered":"https:\/\/www.9h05.com\/la-societa\/"},"modified":"2017-08-29T15:03:14","modified_gmt":"2017-08-29T15:03:14","slug":"la-societa","status":"publish","type":"page","link":"https:\/\/www.9h05.com\/it\/la-societa\/","title":{"rendered":"LA SOCIETA&#8217;"},"content":{"rendered":"<div class=\"wpb-content-wrapper\"><p>[vc_row][vc_column][vc_column_text]<\/p>\n<p style=\"text-align: center;\"><a href=\"#apresenta\u00e7ao\">Presentazione<\/a> \u00a0 \u00a0 \u00a0 <a href=\"#equipe\">Equipe<\/a> \u00a0 \u00a0 \u00a0<a href=\"#idiomas\">Lingue<\/a> \u00a0 \u00a0 \u00a0<a href=\"#filosofia\">Filosofia<\/a> \u00a0 \u00a0 \u00a0<a href=\"#origem\">Perch\u00e9 9h05?<\/a><\/p>\n<p>&nbsp;<\/p>\n<hr \/>\n<p>[\/vc_column_text][vc_single_image image=&#8221;1929&#8243; img_size=&#8221;large&#8221; alignment=&#8221;center&#8221;][vc_column_text]Costituita nel 2009, 9h05 Inc. \u00e8 un&#8217;agenzia di traduzione con copertura mondiale riconosciuta internazionalmente. Siamo specializzati principalmente in due settori: traduzioni tecniche e traduzioni giurate, anche dette traduzioni ufficiali, sia per le persone giuridiche che per le persone naturali.<\/p>\n<p>Con sedi negli Stati Uniti (Miami), in Ecuador (Quito), in Regno Unito (Londra), in Francia (Bourdeaux), Spagna (Zaragoza) e Sidney (Australia), siamo presenti in 3 Continenti e in 6 Paesi diversi, con 17 lingue e pi\u00f9 di 100 combinazioni di lingue.<\/p>\n<p>Le nostre lingue: spagnolo, inglese, francese, tedesco, portoghese, italiano, olandese, russo, rumeno, polacco, catalano, kichwa, galiziano, hindi, arabo, norvegese e cinese (mandarino).<\/p>\n<p>Ci basiamo sul lavoro di personale altamente qualificato e certificazioni internazionali di traduzione, come EN 15038:2006 e ASTM F2575.[\/vc_column_text][\/vc_column][\/vc_row][vc_row el_id=&#8221;equipe&#8221; css=&#8221;.vc_custom_1461341490966{padding-top: 20px !important;padding-bottom: 20px !important;}&#8221;][vc_column][team_carousel posts_nr=&#8221;30&#8243;][\/vc_column][\/vc_row][vc_row el_id=&#8221;idiomas&#8221; css=&#8221;.vc_custom_1461341675772{padding-top: 30px !important;background-image: url(https:\/\/9h05.com\/wp-content\/uploads\/2016\/03\/9h05-idiomas-quito.jpg?id=2043) !important;}&#8221;][vc_column][special_heading title=&#8221;LINGUE&#8221; subtitle=&#8221;6 zonas, 17 idiomas:&#8221;][vc_row_inner][vc_column_inner width=&#8221;1\/3&#8243;][vc_cta h2=&#8221;Zona 1&#8243; txt_align=&#8221;center&#8221;]<img data-recalc-dims=\"1\" decoding=\"async\" class=\"alignnone size-medium wp-image-2042\" src=\"https:\/\/i0.wp.com\/9h05.com\/wp-content\/uploads\/2016\/03\/9h05-zona1-idiomas-300x250.jpg?resize=300%2C250&#038;ssl=1\" alt=\"9h05-zona1-idiomas\" width=\"300\" height=\"250\" srcset=\"https:\/\/i0.wp.com\/www.9h05.com\/wp-content\/uploads\/2016\/03\/9h05-zona1-idiomas.jpg?resize=300%2C250&amp;ssl=1 300w, https:\/\/i0.wp.com\/www.9h05.com\/wp-content\/uploads\/2016\/03\/9h05-zona1-idiomas.jpg?w=600&amp;ssl=1 600w, https:\/\/i0.wp.com\/www.9h05.com\/wp-content\/uploads\/2016\/03\/9h05-zona1-idiomas.jpg?resize=450%2C375&amp;ssl=1 450w\" sizes=\"(max-width: 300px) 100vw, 300px\" \/><\/p>\n<p style=\"text-align: center;\">spagnolo<\/p>\n<p>&nbsp;<\/p>\n<p style=\"text-align: center;\">inglese<\/p>\n<p>&nbsp;<\/p>\n<p style=\"text-align: center;\">francese<\/p>\n<p>[\/vc_cta][\/vc_column_inner][vc_column_inner width=&#8221;1\/3&#8243;][vc_cta h2=&#8221;Zona 2&#8243; txt_align=&#8221;center&#8221;]<img data-recalc-dims=\"1\" decoding=\"async\" class=\"alignnone wp-image-2048 size-medium\" src=\"https:\/\/i0.wp.com\/9h05.com\/wp-content\/uploads\/2016\/03\/9h05-zona2-idiomas-300x250.jpg?resize=300%2C250&#038;ssl=1\" alt=\"\" width=\"300\" height=\"250\" srcset=\"https:\/\/i0.wp.com\/www.9h05.com\/wp-content\/uploads\/2016\/03\/9h05-zona2-idiomas.jpg?resize=300%2C250&amp;ssl=1 300w, https:\/\/i0.wp.com\/www.9h05.com\/wp-content\/uploads\/2016\/03\/9h05-zona2-idiomas.jpg?w=600&amp;ssl=1 600w, https:\/\/i0.wp.com\/www.9h05.com\/wp-content\/uploads\/2016\/03\/9h05-zona2-idiomas.jpg?resize=450%2C375&amp;ssl=1 450w\" sizes=\"(max-width: 300px) 100vw, 300px\" \/><\/p>\n<p style=\"text-align: center;\">tedesco<\/p>\n<p>&nbsp;<\/p>\n<p style=\"text-align: center;\">portoghese<\/p>\n<p>&nbsp;<\/p>\n<p style=\"text-align: center;\">italiano<\/p>\n<p>[\/vc_cta][\/vc_column_inner][vc_column_inner width=&#8221;1\/3&#8243;][vc_cta h2=&#8221;Zona 3&#8243; txt_align=&#8221;center&#8221;]<img data-recalc-dims=\"1\" decoding=\"async\" class=\"alignnone wp-image-2050 size-medium\" src=\"https:\/\/i0.wp.com\/9h05.com\/wp-content\/uploads\/2016\/03\/9h05-zona3-idiomas-300x250.jpg?resize=300%2C250&#038;ssl=1\" alt=\"\" width=\"300\" height=\"250\" srcset=\"https:\/\/i0.wp.com\/www.9h05.com\/wp-content\/uploads\/2016\/03\/9h05-zona3-idiomas.jpg?resize=300%2C250&amp;ssl=1 300w, https:\/\/i0.wp.com\/www.9h05.com\/wp-content\/uploads\/2016\/03\/9h05-zona3-idiomas.jpg?w=600&amp;ssl=1 600w, https:\/\/i0.wp.com\/www.9h05.com\/wp-content\/uploads\/2016\/03\/9h05-zona3-idiomas.jpg?resize=450%2C375&amp;ssl=1 450w\" sizes=\"(max-width: 300px) 100vw, 300px\" \/><\/p>\n<p style=\"text-align: center;\">russo<\/p>\n<p>&nbsp;<\/p>\n<p style=\"text-align: center;\">olandese<\/p>\n<p>&nbsp;<\/p>\n<p style=\"text-align: center;\">rumeno<\/p>\n<p>&nbsp;<\/p>\n<p style=\"text-align: center;\">polacco<\/p>\n<p>[\/vc_cta][\/vc_column_inner][\/vc_row_inner][vc_row_inner][vc_column_inner width=&#8221;1\/3&#8243;][vc_cta h2=&#8221;Zona 4&#8243; txt_align=&#8221;center&#8221;]<img data-recalc-dims=\"1\" decoding=\"async\" class=\"alignnone wp-image-2051 size-medium\" src=\"https:\/\/i0.wp.com\/9h05.com\/wp-content\/uploads\/2016\/03\/9h05-zona4-idiomas-300x250.jpg?resize=300%2C250&#038;ssl=1\" alt=\"\" width=\"300\" height=\"250\" srcset=\"https:\/\/i0.wp.com\/www.9h05.com\/wp-content\/uploads\/2016\/03\/9h05-zona4-idiomas.jpg?resize=300%2C250&amp;ssl=1 300w, https:\/\/i0.wp.com\/www.9h05.com\/wp-content\/uploads\/2016\/03\/9h05-zona4-idiomas.jpg?w=600&amp;ssl=1 600w, https:\/\/i0.wp.com\/www.9h05.com\/wp-content\/uploads\/2016\/03\/9h05-zona4-idiomas.jpg?resize=450%2C375&amp;ssl=1 450w\" sizes=\"(max-width: 300px) 100vw, 300px\" \/><\/p>\n<p style=\"text-align: center;\">kichwa (unificato dell&#8217;Ecuador)<\/p>\n<p>&nbsp;<\/p>\n<p style=\"text-align: center;\">catalano<\/p>\n<p>&nbsp;<\/p>\n<p style=\"text-align: center;\">galiziano<\/p>\n<p>[\/vc_cta][\/vc_column_inner][vc_column_inner width=&#8221;1\/3&#8243;][vc_cta h2=&#8221;Zona 5&#8243; txt_align=&#8221;center&#8221;]<img data-recalc-dims=\"1\" decoding=\"async\" class=\"alignnone wp-image-2052 size-medium\" src=\"https:\/\/i0.wp.com\/9h05.com\/wp-content\/uploads\/2016\/03\/9h05-zona5-idiomas-300x250.jpg?resize=300%2C250&#038;ssl=1\" alt=\"\" width=\"300\" height=\"250\" srcset=\"https:\/\/i0.wp.com\/www.9h05.com\/wp-content\/uploads\/2016\/03\/9h05-zona5-idiomas.jpg?resize=300%2C250&amp;ssl=1 300w, https:\/\/i0.wp.com\/www.9h05.com\/wp-content\/uploads\/2016\/03\/9h05-zona5-idiomas.jpg?w=600&amp;ssl=1 600w, https:\/\/i0.wp.com\/www.9h05.com\/wp-content\/uploads\/2016\/03\/9h05-zona5-idiomas.jpg?resize=450%2C375&amp;ssl=1 450w\" sizes=\"(max-width: 300px) 100vw, 300px\" \/><\/p>\n<p style=\"text-align: center;\">hindi<\/p>\n<p>&nbsp;<\/p>\n<p style=\"text-align: center;\">arabo<\/p>\n<p>&nbsp;<\/p>\n<p style=\"text-align: center;\">norvegese<\/p>\n<p>[\/vc_cta][\/vc_column_inner][vc_column_inner width=&#8221;1\/3&#8243;][vc_cta h2=&#8221;Zona 6&#8243; txt_align=&#8221;center&#8221;]<img data-recalc-dims=\"1\" decoding=\"async\" class=\"alignnone wp-image-2053 size-medium\" src=\"https:\/\/i0.wp.com\/9h05.com\/wp-content\/uploads\/2016\/03\/9h05-zona6-idiomas-300x250.jpg?resize=300%2C250&#038;ssl=1\" alt=\"\" width=\"300\" height=\"250\" srcset=\"https:\/\/i0.wp.com\/www.9h05.com\/wp-content\/uploads\/2016\/03\/9h05-zona6-idiomas.jpg?resize=300%2C250&amp;ssl=1 300w, https:\/\/i0.wp.com\/www.9h05.com\/wp-content\/uploads\/2016\/03\/9h05-zona6-idiomas.jpg?w=600&amp;ssl=1 600w, https:\/\/i0.wp.com\/www.9h05.com\/wp-content\/uploads\/2016\/03\/9h05-zona6-idiomas.jpg?resize=450%2C375&amp;ssl=1 450w\" sizes=\"(max-width: 300px) 100vw, 300px\" \/><\/p>\n<p style=\"text-align: center;\">cinese<\/p>\n<p style=\"text-align: center;\">(mandarino)<\/p>\n<p>[\/vc_cta][\/vc_column_inner][\/vc_row_inner][\/vc_column][\/vc_row][vc_row el_id=&#8221;filosofia&#8221; color_scheme=&#8221;white&#8221; css=&#8221;.vc_custom_1461778358024{padding-top: 30px !important;padding-bottom: 30px !important;background-image: url(https:\/\/9h05.com\/wp-content\/uploads\/2016\/03\/9h05-folosofia-manifiesto.jpg?id=2057) !important;}&#8221;][vc_column][special_heading title=&#8221;FILOSOFIA&#8221; subtitle=&#8221;&#8221;][vc_tta_pageable][vc_tta_section title=&#8221;MANIFESTO&#8221; tab_id=&#8221;1461281602397-00359e66-dcae&#8221;][vc_column_text]<\/p>\n<p><span style=\"color: #ffffff;\">9h05. Nemmeno un minuto di troppo. Il solo nome dell&#8217;agenzia 9h05 \u00e8 gi\u00e0 espressione della nostra garanzia di puntualit\u00e0. Perch\u00e9 le parole volano, viaggiano, le parole migrano. Questa \u00e8 la ragione del nostro impegno, a iniziare dal nome, per rispettare la nostra parola.<\/span><\/p>\n<p><span style=\"color: #ffffff;\">\u2014INTRODUZIONE\u2014<\/span><\/p>\n<p><span style=\"color: #ffffff;\">Sarebbe inutile continuare a chiedersi se la globalizzazione sia un processo positivo o se piuttosto contribuisca a distruggere il mondo: la globalizzazione \u00e8 un dato di fatto con il quale dobbiamo fare i conti.<\/span><\/p>\n<p><span style=\"color: #ffffff;\">Abbiamo spesso occasione di entrare a contatto con l&#8217;estero: da adolescenti, adulti o giovani, gli scambi, i viaggi, le prime esperienze professionali, la scoperta di altri modi di concepire la vita.<\/span><\/p>\n<p><span style=\"color: #ffffff;\">Poi, con il lavoro in azienda, nell&#8217;amministrazione, nel mondo degli affari&#8230;nessun settore \u00e8 esente dalle relazioni internazionali.<\/span><\/p>\n<p><span style=\"color: #ffffff;\">E&#8217; imprescindibile prepararsi per dare risposta a una domanda costante di internazionalizzazione e di apertura, non solo verso il mondo, ma verso il futuro. Coloro che non sanno apprezzare quest&#8217;esigenza restano indietro, sopraffatti dalla velocit\u00e0 alla quale evolve tutto, assolutamente tutto.<\/span><\/p>\n<p><span style=\"color: #ffffff;\">\u2014IL NOSTRO IMPEGNO VERSO DI LEI\u2014<\/span><\/p>\n<p><span style=\"color: #ffffff;\">Per queste ragioni, l&#8217;agenzia di traduzione 9h05 si impegna a garantirle la qualit\u00e0 e l&#8217;efficienza dei documenti che ci affida, ma anche a proporle una gamma di prodotti ad alto rendimento, costantemente adattati al mondo che ci circonda, per non restare mai indietro.<\/span><\/p>\n<p><span style=\"color: #ffffff;\">I prodotti di 9h05 si suddividono in tre settori fondamentali:<\/span><\/p>\n<p><span style=\"color: #ffffff;\">Traduzioni tecniche e commerciali<\/span><\/p>\n<p><span style=\"color: #ffffff;\">Traduzioni giurate riconosciute a livello mondiale<\/span><\/p>\n<p><span style=\"color: #ffffff;\">Servizi ad alto valore aggiunto<\/span><\/p>\n<p><span style=\"color: #ffffff;\">Senza dubbio, la trasparenza \u00e8 il miglior biglietto da visita di una societ\u00e0. Per questa ragione, pubblichiamo le nostre tariffe, cos\u00ec come i nostri metodi di lavoro e le valutazioni dei nostri clienti.<\/span><\/p>\n<p><span style=\"color: #ffffff;\">Ci\u00f2 nonostante, la nostra trasparenza non implica che pubblichiamo i suoi dati e progetti. Al contrario, 9h05 considera ogni documento consegnato come confidenziale e si impegna a non rivelare nemmeno una parola, lettera o virgola.<\/span><\/p>\n<p><span style=\"color: #ffffff;\">\u2014I NOSTRI PRODOTTI\u2014<\/span><\/p>\n<p><span style=\"color: #ffffff;\">I nostri prodotti sono disegnati per soddisfare ogni aspettativa dei clienti. Questo significa che sono sufficientemente flessibili per tutte le esigenze, ma anche abbastanza robusti per garantire qualit\u00e0, efficienza e reciprocit\u00e0 (sistema QER).<\/span><\/p>\n<p><span style=\"color: #ffffff;\">\u2014I NOSTRI TRADUTTORI\u2014<\/span><\/p>\n<p><span style=\"color: #ffffff;\">La traduzione \u00e8 un&#8217;arte, un&#8217;arte che permise, per esempio, la resurrezione delle idee di Aristotele, grazie ai maestri della parola, i traduttori arabi degli inizi della nostra era, che permisero la migrazione delle sue idee dal greco alla loro lingua.<\/span><\/p>\n<p><span style=\"color: #ffffff;\">Il processo di traduzione in s\u00e9 \u00e8 esigente: si tratta di decostruire la fonte testuale per convertirla in una serie di concetti che saranno poi ricostruiti nella lingua di destinazione. \u00c9 quasi lo stesso procedimento utilizzato dal nostro cervello per convertire le onde in suono.<\/span><\/p>\n<p><span style=\"color: #ffffff;\">Interveniamo sui suoi documenti perch\u00e9 emergano il significato e l&#8217;esatta intensit\u00e0 di ognuna delle parole che utilizza; per ricreare il suo alter ego in un&#8217;altra lingua.<\/span><\/p>\n<p><span style=\"color: #ffffff;\">Le parole sono la nostra specialit\u00e0. Lavoriamo con le parole come fanno gli uccelli migratori, attraversando mari e terre e ristabilendosi laddove tocchino terra. Succede lo stesso con le nostre parole, perch\u00e9 ognuna di loro si trova al posto giusto.<\/span><\/p>\n<p><span style=\"color: #ffffff;\">Il nostro gruppo di lavoro si adatta alle caratteristiche di ogni progetto, interpretandolo, comprendendolo in profondit\u00e0 e convertendolo in un nuovo elemento di un&#8217;altra lingua.<\/span><\/p>\n<p><span style=\"color: #ffffff;\">\u2013UN&#8217;ALTERNATIVA INNOVATIVA\u2014<\/span><\/p>\n<p><span style=\"color: #ffffff;\">A 9h05 monetizziamo i suoi documenti grazie alla nostra prospettiva multilingue e integrale. La nostra strategia si basa su di un sistema innovativo di traduzione fondato sulla localizzazione (adattamento del contenuto alla lingua e cultura specifici di un determinato Paese), il potenziamento verbale (per moltiplicare l&#8217;impatto sul ricettore) e la nostra filosofia, la semplicit\u00e0. Perch\u00e9 complicare tutto, quando \u00e8 molto pi\u00f9 efficiente la semplicit\u00e0?<\/span><\/p>\n<p><span style=\"color: #ffffff;\">La nostra agenzia di traduzione ha stabilito un sistema di benchmark per evidenziare gli indicatori di successo dei progetti sui quali lavoriamo, cos\u00ec che ognuno dei nostri clienti si possa rendere conto dell&#8217;efficienza del nostro lavoro.<\/span><\/p>\n<p><span style=\"color: #ffffff;\">Il nostro lavoro consiste, innanzitutto, nel superare le aspettative attraverso una strategia di rentabilizzazione linguistica integrale basata su servizi di alto valore aggiunto. Tutto ci\u00f2, rispettando sempre gli impegni.<\/span><\/p>\n<p><span style=\"color: #ffffff;\">\u2014ADATTAMENTO ALLE SUE RISORSE\u2014<\/span><\/p>\n<p><span style=\"color: #ffffff;\">Sforzandosi per soddisfare il maggior numero delle richieste ricevute, 9h05 ha sviluppato un sistema di produzione adattato alla disponibilit\u00e0 di ognuno dei suoi clienti. In questo modo, per ogni preventivo, sono a disposizione quattro opzioni tariffarie distinte, a seconda del tempo di lavorazione.<\/span><\/p>\n<p><span style=\"color: #ffffff;\">Questo approccio si basa su un principio molto semplice: la tariffa aumenta in funzione dell&#8217;urgenza del progetto. Al contrario, avendo a disposizione pi\u00f9 tempo per lavorare sul progetto, Lei potr\u00e0 risparmiare. Il tempo \u00e8 l&#8217;unico parametro per il calcolo del costo di un nostro progetto. Pu\u00f2 consultare le nostre tariffe on-line o richiederci un preventivo gratuito.<\/span><\/p>\n<p><span style=\"color: #ffffff;\">\u2014STANDARD INTERNAZIONALI\u2014<\/span><\/p>\n<p><span style=\"color: #ffffff;\">Il nostro lavoro rispetta pienamente le pi\u00f9 severe norme internazionali di traduzione, in particolare la norma UNE EN-15038:2006 (Europa) e gli standard di qualit\u00e0 ASTM F2575 (Stati Uniti). Perch\u00e9? Per garantirle un lavoro accurato, pulito, ben fatto. Per guadagnarci la sua completa soddisfazione.<\/span><\/p>\n<p><span style=\"color: #ffffff;\">L&#8217;equipe di 9h05<\/span><\/p>\n<p>[\/vc_column_text][\/vc_tta_section][\/vc_tta_pageable][\/vc_column][\/vc_row][vc_row el_id=&#8221;origem&#8221; color_scheme=&#8221;white&#8221; css=&#8221;.vc_custom_1461778364116{padding-top: 30px !important;padding-bottom: 30px !important;background-image: url(https:\/\/9h05.com\/wp-content\/uploads\/2016\/03\/9h05-goodies-translation-agency-1.jpg?id=2574) !important;}&#8221;][vc_column][special_heading title=&#8221;Perch\u00e9 ci chiamiamo 9h05??&#8221; subtitle=&#8221;&#8221;][vc_column_text]<\/p>\n<p><span style=\"color: #ffffff;\">Perch\u00e9 9h05?<\/span><\/p>\n<ul>\n<li><span style=\"color: #ffffff;\">Perch\u00e9 ci chiamiamo 9h05?<\/span><\/li>\n<\/ul>\n<p><span style=\"color: #ffffff;\">9h05 \u00e8 composto da tre cifre: 9, 0 e 5.<\/span><\/p>\n<p><span style=\"color: #ffffff;\">In questa serie, lo 0, elemento di rappresentazione dei cicli, \u00e8 l&#8217;unione delle altre due cifre.<\/span><\/p>\n<p><span style=\"color: #ffffff;\">Il numero 9 si riferisce alle nove muse greche, figlie di Zeus, che rappresentano le arti dell&#8217;epoca classica: poesia, storia, elegia, musica, tragedia, retorica, commedia, danza, astronomia.<\/span><\/p>\n<p><span style=\"color: #ffffff;\">Parlando di tempo, il nono mese dell&#8217;anno \u00e8 settembre: il passaggio dall&#8217;estate all&#8217;autunno, una stagione che rappresenta saggezza, esperienza e maturit\u00e0.<\/span><\/p>\n<p><span style=\"color: #ffffff;\">Nell&#8217;epoca ellenica, le ore erano dee. La dea della nona ora era Act\u00e9, che raffigurava la rinascita.<\/span><\/p>\n<p><span style=\"color: #ffffff;\">Il quinto mese dell&#8217;anno \u00e8 maggio, che corrisponde alla primavera. \u00c9 il momento della rinascita: i fiori iniziano a sbocciare, nuove fronde colmano gli alberi, la natura torna a vivere.<\/span><\/p>\n<p><span style=\"color: #ffffff;\">Il numero 5 si riferisce alle cinque arti: pittura, scultura, musica, poesia e danza.<\/span><\/p>\n<p><span style=\"color: #ffffff;\">La combinazione del 9 e del 5 fa riferimento alla diffusione della conoscenza, in senso temporale, e oltre la diversit\u00e0 linguistica.<\/span><\/p>\n<p><span style=\"color: #ffffff;\">La giustificazione teorica di questa missione per la diffusione della conoscenza trova radice nell&#8217;opera degli arabi per il recupero del pensiero greco classico cos\u00ec come lo conosciamo oggi.<\/span><\/p>\n<p><span style=\"color: #ffffff;\">Gli arabi del VIII secolo divulgarono la scienza e la conoscienza greche a Baghdad, grazie alla traduzione dal greco all&#8217;arabo dell&#8217;opera dei pensatori greci classici.<\/span><\/p>\n<p><span style=\"color: #ffffff;\">Molti manuscritti grechi andarono perduti nel tempo, insieme alle idee che contenevano. L&#8217;oscurantismo del Medioevo disprezzava le teorie elaborate dai classici e le relegarono all&#8217;obl\u00eco..<\/span><\/p>\n<p><span style=\"color: #ffffff;\">Verso la fine del Medioevo e all&#8217;inizio del Rinascimento, assistemmo alla rinascita del mondo classico. Buona parte della conoscenza che avevamo dei pensatori greci fu recuperata grazie alle traduzioni fatte dagli arabi.<\/span><\/p>\n<p><span style=\"color: #ffffff;\">Sulla base di questo antecedente, 9h05 integra l&#8217;esperienza e l&#8217;innovazione, associa la conoscenza con l&#8217;arte, e combina la maturit\u00e0 con il dinamismo.<\/span><\/p>\n<p>[\/vc_column_text][vc_btn title=&#8221;ORDINA ADESSO&#8221; style=&#8221;3d&#8221; color=&#8221;info&#8221; align=&#8221;center&#8221; i_icon_fontawesome=&#8221;fa fa-credit-card-alt&#8221; link=&#8221;url:https%3A%2F%2Fwww.9h05.com%2Fproforma%2F||&#8221; add_icon=&#8221;true&#8221;][\/vc_column][\/vc_row][vc_row css=&#8221;.vc_custom_1459233997297{padding-top: 30px !important;background-image: url(http:\/\/9h05.com\/espanol\/wp-content\/uploads\/2016\/03\/9h05-la-empresa.jpg?id=2038) !important;}&#8221;][\/vc_row][vc_column][\/vc_column]<\/p>\n<\/div>","protected":false},"excerpt":{"rendered":"<p>[vc_row][vc_column][vc_column_text] Presentazione \u00a0 \u00a0 \u00a0 Equipe \u00a0 \u00a0 \u00a0Lingue \u00a0 \u00a0 \u00a0Filosofia \u00a0 \u00a0 \u00a0Perch\u00e9 9h05? &nbsp; [\/vc_column_text][vc_single_image image=&#8221;1929&#8243; img_size=&#8221;large&#8221; alignment=&#8221;center&#8221;][vc_column_text]Costituita nel 2009, 9h05 Inc. \u00e8 un&#8217;agenzia di traduzione con copertura mondiale riconosciuta internazionalmente. Siamo specializzati principalmente in due settori: traduzioni tecniche e traduzioni giurate, anche dette traduzioni ufficiali, sia per le persone giuridiche che [&hellip;]<\/p>\n","protected":false},"author":9,"featured_media":0,"parent":0,"menu_order":0,"comment_status":"closed","ping_status":"closed","template":"","meta":{"site-sidebar-layout":"no-sidebar","site-content-layout":"plain-container","ast-site-content-layout":"","site-content-style":"default","site-sidebar-style":"default","ast-global-header-display":"","ast-banner-title-visibility":"","ast-main-header-display":"","ast-hfb-above-header-display":"","ast-hfb-below-header-display":"","ast-hfb-mobile-header-display":"","site-post-title":"disabled","ast-breadcrumbs-content":"","ast-featured-img":"disabled","footer-sml-layout":"","theme-transparent-header-meta":"default","adv-header-id-meta":"","stick-header-meta":"","header-above-stick-meta":"","header-main-stick-meta":"","header-below-stick-meta":"","astra-migrate-meta-layouts":"default","ast-page-background-enabled":"default","ast-page-background-meta":{"desktop":{"background-color":"var(--ast-global-color-4)","background-image":"","background-repeat":"repeat","background-position":"center center","background-size":"auto","background-attachment":"scroll","background-type":"","background-media":"","overlay-type":"","overlay-color":"","overlay-opacity":"","overlay-gradient":""},"tablet":{"background-color":"","background-image":"","background-repeat":"repeat","background-position":"center center","background-size":"auto","background-attachment":"scroll","background-type":"","background-media":"","overlay-type":"","overlay-color":"","overlay-opacity":"","overlay-gradient":""},"mobile":{"background-color":"","background-image":"","background-repeat":"repeat","background-position":"center center","background-size":"auto","background-attachment":"scroll","background-type":"","background-media":"","overlay-type":"","overlay-color":"","overlay-opacity":"","overlay-gradient":""}},"ast-content-background-meta":{"desktop":{"background-color":"var(--ast-global-color-5)","background-image":"","background-repeat":"repeat","background-position":"center center","background-size":"auto","background-attachment":"scroll","background-type":"","background-media":"","overlay-type":"","overlay-color":"","overlay-opacity":"","overlay-gradient":""},"tablet":{"background-color":"var(--ast-global-color-5)","background-image":"","background-repeat":"repeat","background-position":"center center","background-size":"auto","background-attachment":"scroll","background-type":"","background-media":"","overlay-type":"","overlay-color":"","overlay-opacity":"","overlay-gradient":""},"mobile":{"background-color":"var(--ast-global-color-5)","background-image":"","background-repeat":"repeat","background-position":"center center","background-size":"auto","background-attachment":"scroll","background-type":"","background-media":"","overlay-type":"","overlay-color":"","overlay-opacity":"","overlay-gradient":""}},"footnotes":""},"yst_prominent_words":[],"class_list":["post-6866","page","type-page","status-publish","hentry"],"_links":{"self":[{"href":"https:\/\/www.9h05.com\/it\/wp-json\/wp\/v2\/pages\/6866","targetHints":{"allow":["GET"]}}],"collection":[{"href":"https:\/\/www.9h05.com\/it\/wp-json\/wp\/v2\/pages"}],"about":[{"href":"https:\/\/www.9h05.com\/it\/wp-json\/wp\/v2\/types\/page"}],"author":[{"embeddable":true,"href":"https:\/\/www.9h05.com\/it\/wp-json\/wp\/v2\/users\/9"}],"replies":[{"embeddable":true,"href":"https:\/\/www.9h05.com\/it\/wp-json\/wp\/v2\/comments?post=6866"}],"version-history":[{"count":0,"href":"https:\/\/www.9h05.com\/it\/wp-json\/wp\/v2\/pages\/6866\/revisions"}],"wp:attachment":[{"href":"https:\/\/www.9h05.com\/it\/wp-json\/wp\/v2\/media?parent=6866"}],"wp:term":[{"taxonomy":"yst_prominent_words","embeddable":true,"href":"https:\/\/www.9h05.com\/it\/wp-json\/wp\/v2\/yst_prominent_words?post=6866"}],"curies":[{"name":"wp","href":"https:\/\/api.w.org\/{rel}","templated":true}]}}