{"id":26595,"date":"2023-06-30T10:09:53","date_gmt":"2023-06-30T10:09:53","guid":{"rendered":"https:\/\/www.9h05.com\/?page_id=26595"},"modified":"2023-06-30T10:09:53","modified_gmt":"2023-06-30T10:09:53","slug":"processo-di-traduzione","status":"publish","type":"page","link":"https:\/\/www.9h05.com\/it\/processo-di-traduzione\/","title":{"rendered":"Processo di traduzione"},"content":{"rendered":"<div class=\"tmpl-call_to_action-4 boldgrid-section dynamic-gridblock background-parallax\" style=\"border-width: 0px; background-image: url('https:\/\/www.9h05.com\/wp-content\/uploads\/2022\/11\/brainstorming-9h05-canada.jpg'); background-size: cover; background-position: 50% 50%;\" data-image-url=\"https:\/\/www.9h05.com\/wp-content\/uploads\/2022\/11\/brainstorming-9h05-canada.jpg\">\n<div class=\"container\">\n<div class=\"row\" style=\"border-width: 0px;\">\n<div class=\"col-md-4 col-sm-6 col-xs-10 col-lg-4\">\n<div class=\"bg-box-cover bg-background-color bg-box\" style=\"padding: 85px 10%; background-color: rgba(33, 150, 243, 0.8); color: #ffffff;\">\n<h2 class=\"h1\" style=\"margin: 30px 0;\">Il processo di traduzione di 9h05<\/h2>\n<div class=\"row bg-editor-hr-wrap\">\n<div class=\"col-lg-12 col-md-12 col-xs-12 col-sm-12\">\n<hr class=\"color5-color bg-hr\" style=\"border: 2px solid; margin-left: 0px;\" width=\"50%\">\n<\/div>\n<\/div>\n<div><span lang=\"IT\">Tradurre testi non significa semplicemente mettersi davanti allo schermo del PC e iniziare a scrivere.<\/span><\/div>\n<div><\/div>\n<div><span lang=\"IT\">La traduzione implica infatti in un processo intellettuale complesso che richiede perci\u00f2 diversi tipi di competenze e di capacit\u00e0 precise, come ad esempio essere in grado di analizzare un testo, fare ricerca e comprendere il testo in questione, disporre di una propriet\u00e0 di linguaggio impeccabile, dominare la lingua di partenza e soprattutto conoscere molto bene la lingua di destinazione.<\/span><\/div>\n<p class=\"\">&nbsp;<\/p>\n<p class=\"\"><a class=\"btn-color-4 btn btn-capitalize btn-pill btn-3d btn-regular\" style=\"border-width: 0px;\" href=\"https:\/\/api.whatsapp.com\/send\/?phone=593984265653&amp;text&amp;type=phone_number&amp;app_absent=0\">Parla con noi<\/a><\/p>\n<p class=\"\">&nbsp;<\/p>\n<\/div>\n<\/div>\n<div class=\"col-md-8 col-sm-6 col-xs-2 col-lg-8\"><\/div>\n<\/div>\n<\/div>\n<\/div>\n<div class=\"color5-background-color bg-background-color tmpl-about-11 boldgrid-section dynamic-gridblock background-parallax\" style=\"color: #ffffff; border-width: 0px; background-image: linear-gradient(to left, rgba(19, 19, 19, 0.8), rgba(19, 19, 19, 0.8)), url('https:\/\/www.9h05.com\/wp-content\/uploads\/2022\/11\/traducciones-oficiales-quito-ecuador.jpg'); background-size: cover; background-position: 50% 50%;\" data-bg-overlaycolor=\"rgba(19, 19, 19, 0.8)\" data-image-url=\"https:\/\/www.9h05.com\/wp-content\/uploads\/2022\/11\/traducciones-oficiales-quito-ecuador.jpg\">\n<div class=\"container-fluid\">\n<div class=\"row\">\n<div class=\"col-md-1 col-sm-2 col-xs-12 col-lg-1\"><\/div>\n<div class=\"col-md-5 col-sm-10 col-xs-12 col-lg-5\" style=\"padding: 3em;\">\n<h2 class=\"\">La traduzione: un lavoro di squadra<\/h2>\n<p class=\"\" style=\"font-weight: 400;\">Da 9h05 Ecuador, il processo di traduzione mette in gioco il lavoro di professioniste e professionisti esperti nelle lingue: un project manager, un traduttore, un revisore ed eventualmente un correttore finale, che si occupa di eseguire il proofreading e di preparare i documenti.<\/p>\n<p style=\"font-weight: 400;\">Il processo di traduzione \u00e8 composto da quattro tappe fondamentali: prima si studia e si legge il documento, poi si effettuano le necessarie ricerche nella specialit\u00e0 del documento di partenza e infine si traduce il documento in modo dettagliato, minuzioso e attento ai particolari.&nbsp;<\/p>\n<p class=\"\" style=\"font-weight: 400;\">L&#8217;ultima fase consiste nella lettura e revisione della traduzione (a quattr\u2019occhi) per la redazione finale del documento e l&#8217;invio al cliente.<\/p>\n<p class=\"\" style=\"margin-top: 30px;\"><a class=\"btn-color-4 btn btn-3d btn-large\" href=\"https:\/\/www.9h05.com\/it\/contatto\/quito-ecuador\/\">Affida a noi il tuo documento<\/a><\/p>\n<\/div>\n<div class=\"col-md-3 col-sm-6 col-xs-12 fadeInRight color-neutral-background-color color-neutral-text-contrast bg-background-color col-lg-3\">\n<div class=\"row\">\n<div class=\"col-md-12 col-sm-12 col-xs-12 col-lg-12\" style=\"padding: 3em;\">\n<h4 style=\"text-align: center;\">LETTURA INIZIALE DEL DOCUMENTO<\/h4>\n<p style=\"font-weight: 400; text-align: center;\">Controllo globale del documento, lettura attenta e comprensione del contenuto del documento in lingua d\u2019origine.<\/p>\n<\/div>\n<div class=\"col-md-12 col-sm-12 col-xs-12 col-lg-12\" style=\"padding: 1em 3em 3em;\">\n<h4 style=\"text-align: center;\">TRADUZIONE METICULOSA<\/h4>\n<p class=\"\" style=\"text-align: center;\">&nbsp;<\/p>\n<div style=\"text-align: center;\"><span lang=\"IT\">Vera e propria attivit\u00e0 di traduzione: utilizzo di tecniche e strategie di traduzione indicate per il caso specifico, metodi e figure di traduzione appropriate per il tipo di documento da tradurre.<\/span><\/div>\n<\/div>\n<\/div>\n<\/div>\n<div class=\"col-md-3 col-sm-6 col-xs-12 fadeInRight color-neutral-background-color color-neutral-text-contrast bg-background-color col-lg-3\">\n<div class=\"row\">\n<div class=\"col-md-12 col-sm-12 col-xs-12 col-lg-12\" style=\"padding: 3em;\">\n<h4 style=\"text-align: center;\">RICERCA E ANALISI<\/h4>\n<p class=\"\" style=\"text-align: center;\">&nbsp;<\/p>\n<p style=\"font-weight: 400; text-align: center;\">Analisi del documento, identificazione dei principali elementi critici, ricerca nell&#8217;area di riferimento.<\/p>\n<\/div>\n<div class=\"col-md-12 col-sm-12 col-xs-12 col-lg-12\" style=\"padding: 1em 3em 3em;\">\n<h4 style=\"text-align: center;\">REVISIONE E LETTURA FINALE<\/h4>\n<p class=\"\" style=\"text-align: center;\">&nbsp;<\/p>\n<div style=\"text-align: center;\"><span lang=\"IT\">Una volta ultimata, la traduzione viene revisionata (da un traduttore-revisore esterno al progetto) e infine letta nuovamente.<\/span><\/div>\n<\/div>\n<\/div>\n<\/div>\n<\/div>\n<\/div>\n<\/div>\n<div class=\"tmpl-about-6 boldgrid-section dynamic-gridblock background-parallax\" style=\"border-width: 0px; background-image: url('https:\/\/www.9h05.com\/wp-content\/uploads\/2022\/11\/brainstorming-9h05-miami-traductor.jpg'); background-size: cover; background-position: 50% 50%;\" data-image-url=\"https:\/\/www.9h05.com\/wp-content\/uploads\/2022\/11\/brainstorming-9h05-miami-traductor.jpg\">\n<div class=\"container-fluid\">\n<div class=\"row\">\n<div class=\"col-md-7 col-sm-5 col-xs-12 col-lg-7\"><\/div>\n<div class=\"col-md-5 col-sm-7 col-xs-12 col-lg-5\">\n<div style=\"padding: 80px 5%;\" class=\"bg-box-cover color1-background-color color-1-text-contrast bg-background-color bg-box\">\n<p class=\"\" style=\"text-align: center;\"><i class=\"fa fa-book\" style=\"font-size: 60px; border-width: 0px;\" aria-hidden=\"true\"><span style=\"display: none;\">&nbsp;<\/span><\/i><\/p>\n<h2 class=\"h1 color5-color\" style=\"text-align: center; font-size: 58px; border-width: 0px;\">Lettura iniziale del documento<\/h2>\n<div style=\"text-align: center;\"><span class=\"\" lang=\"IT\">Lo scopo di questa fase \u00e8 acquisire familiarit\u00e0 con il documento, comprenderlo e assicurarsi che non manchi nulla. Si valuta la completezza del documento, le risorse necessarie e si stabilisce la tempistica in cui si svolger\u00e0 il processo.<\/span><\/div>\n<p class=\"\">&nbsp;<\/p>\n<p class=\"\" style=\"text-align: center;\"><a class=\"btn-color-4 btn btn-capitalize btn-pill btn-3d btn-regular\" href=\"https:\/\/pay.9h05.com\/\">Servizi Online<\/a><\/p>\n<p>&nbsp;<\/p>\n<\/div>\n<\/div>\n<\/div>\n<\/div>\n<\/div>\n<div class=\"tmpl-about-6 boldgrid-section dynamic-gridblock background-parallax\" style=\"border-width: 0px; background-image: url('https:\/\/www.9h05.com\/wp-content\/uploads\/2022\/11\/brainstorming-9h05-miami-usa.jpeg'); background-size: cover; background-position: 50% 50%;\" data-image-url=\"https:\/\/www.9h05.com\/wp-content\/uploads\/2022\/11\/brainstorming-9h05-miami-usa.jpeg\">\n<div class=\"container-fluid\">\n<div class=\"row\">\n<div class=\"col-md-5 col-sm-7 col-xs-12 col-lg-5\">\n<div style=\"padding: 80px 5%;\" class=\"bg-box-cover color1-background-color color-1-text-contrast bg-background-color bg-box\">\n<p class=\"\" style=\"text-align: center;\"><i class=\"fa fa-search\" style=\"font-size: 60px; border-width: 0px;\" aria-hidden=\"true\"><span style=\"display: none;\">&nbsp;<\/span><\/i><\/p>\n<h2 class=\"h1 color5-color\" style=\"text-align: center; font-size: 58px; border-width: 0px;\">Ricerca e analisi<\/h2>\n<p class=\"\" style=\"font-weight: 400; text-align: center;\">La fase di ricerca e analisi del documento \u00e8 mirata a individuare le parti fondamentali del documento di partenza e a ricercare, ove necessario, le informazioni relative all&#8217;area di competenza: poich\u00e9 siamo traduttori tecnici e specializzati, ci assicuriamo di inquadrare e comprendere correttamente l&#8217;argomento dei documenti che trattiamo.<\/p>\n<p class=\"\">&nbsp;<\/p>\n<p class=\"\" style=\"text-align: center;\"><a class=\"btn-color-4 btn btn-capitalize btn-pill btn-3d btn-regular\" style=\"border-width: 0px;\" href=\"mailto:quito@9h05.com\">Contatti<\/a><\/p>\n<p>&nbsp;<\/p>\n<\/div>\n<\/div>\n<div class=\"col-md-7 col-sm-5 col-xs-12 col-lg-7\"><\/div>\n<\/div>\n<\/div>\n<\/div>\n<div class=\"tmpl-about-6 boldgrid-section dynamic-gridblock background-parallax\" style=\"border-width: 0px; background-image: url('https:\/\/www.9h05.com\/wp-content\/uploads\/2022\/11\/Copia-de-Benjamin-22.jpg'); background-size: cover; background-position: 50% 50%;\" data-image-url=\"https:\/\/www.9h05.com\/wp-content\/uploads\/2022\/11\/Copia-de-Benjamin-22.jpg\">\n<div class=\"container-fluid\">\n<div class=\"row\">\n<div class=\"col-md-7 col-sm-5 col-xs-12 col-lg-7\">\n<p class=\"\">&nbsp;<\/p>\n<\/div>\n<div class=\"col-md-5 col-sm-7 col-xs-12 col-lg-5\">\n<div style=\"padding: 80px 5%;\" class=\"bg-box-cover color1-background-color color-1-text-contrast bg-background-color bg-box\">\n<p class=\"\" style=\"text-align: center;\"><i class=\"fa fa-language\" style=\"font-size: 60px; border-width: 0px;\" aria-hidden=\"true\"><span style=\"display: none;\">&nbsp;<\/span><\/i><\/p>\n<h2 class=\"h1 color5-color\" style=\"text-align: center; font-size: 58px; border-width: 0px;\">Traduzione meticulosa<\/h2>\n<div style=\"text-align: center;\"><span lang=\"IT\">Durante la realizzazione della traduzione, il traduttore inizia la fase di produzione e viene costruito un glossario terminologico che arricchisce la banca dati generale di termini specialistici di 9h05 Ecuador. Grazie ai nostri software di supporto alla traduzione (glossari, testi paralleli, archivi terminologici, corpora analitici, memorie di traduzione) e grazie alle alte qualifiche e al buon lavoro del nostro team di traduttori, offriamo traduzioni di alta qualit\u00e0.<\/span><\/div>\n<div><\/div>\n<p class=\"\" style=\"text-align: center;\"><a class=\"btn-color-4 btn btn-capitalize btn-pill btn-3d btn-regular\" href=\"https:\/\/www.9h05.com\/it\/group\/\">A Proposito Di 9h05 Ecuador<\/a><\/p>\n<\/div>\n<\/div>\n<\/div>\n<\/div>\n<\/div>\n<div class=\"tmpl-about-6 boldgrid-section dynamic-gridblock background-parallax\" style=\"border-width: 0px; background-image: url('https:\/\/www.9h05.com\/wp-content\/uploads\/2022\/11\/brainstorming-9h05-toronto.jpg'); background-size: cover; background-position: 50% 50%;\" data-image-url=\"https:\/\/www.9h05.com\/wp-content\/uploads\/2022\/11\/brainstorming-9h05-toronto.jpg\">\n<div class=\"container-fluid\">\n<div class=\"row\">\n<div class=\"col-md-5 col-sm-7 col-xs-12 col-lg-5\">\n<div style=\"padding: 80px 5%;\" class=\"bg-box-cover color1-background-color color-1-text-contrast bg-background-color bg-box\">\n<p class=\"\" style=\"text-align: center;\"><i class=\"fa fa-check-square-o\" style=\"font-size: 60px; border-width: 0px;\" aria-hidden=\"true\"><span style=\"display: none;\">&nbsp;<\/span><\/i><\/p>\n<h2 class=\"h1 color5-color\" style=\"text-align: center; font-size: 58px; border-width: 0px;\">Revisione e lettura finale<\/h2>\n<div style=\"text-align: center;\"><span lang=\"IT\">Si tratta di una fase cruciale nei progetti di traduzione: l\u2019editing e il proofreading. La prima, la revisione preliminare, viene effettuata da un traduttore-revisore che non ha partecipato alla traduzione, per garantire una prospettiva obiettiva sulla qualit\u00e0 del lavoro. La seconda parte consiste nella rilettura del progetto da parte del traduttore assegnato al progetto, facendo riferimento alle osservazioni e ai commenti del revisore. Una volta che queste due parti sono state completate, il documento finale pu\u00f2 essere redatto e inviato al cliente.<\/span><\/div>\n<p class=\"\">&nbsp;<\/p>\n<p class=\"\" style=\"text-align: center;\"><a class=\"btn-color-4 btn btn-capitalize btn-pill btn-3d btn-regular\" style=\"border-width: 0px;\" href=\"https:\/\/api.whatsapp.com\/send\/?phone=593984265653&amp;text&amp;type=phone_number&amp;app_absent=0\">Mettiamoci in contatto via WhatsApp<\/a><\/p>\n<p>&nbsp;<\/p>\n<\/div>\n<\/div>\n<div class=\"col-md-7 col-sm-5 col-xs-12 col-lg-7\"><\/div>\n<\/div>\n<\/div>\n<\/div>\n<div class=\"tmpl-team-8 boldgrid-section dynamic-gridblock\">\n<div class=\"container\"><\/div>\n<div class=\"color3-background-color color-3-text-contrast bg-background-color tmpl-about-4 boldgrid-section dynamic-gridblock\" style=\"border-width: 0px; background-image: url('https:\/\/www.9h05.com\/wp-content\/uploads\/2022\/11\/patentes-ecuador.jpg'); background-size: cover; background-position: 50% 50%;\" data-image-url=\"https:\/\/www.9h05.com\/wp-content\/uploads\/2022\/11\/patentes-ecuador.jpg\">\n<div class=\"container-fluid\">\n<div class=\"row\">\n<div class=\"col-md-3 col-sm-12 col-xs-12 align-column-center col-lg-4\">\n<div class=\"bg-box-cover bg-box-flush bg-box\">\n<p class=\"\" style=\"text-align: center;\">&nbsp;<\/p>\n<\/div>\n<\/div>\n<div class=\"col-lg-4 col-md-3 col-sm-12 col-xs-12\"><\/div>\n<div class=\"col-md-6 col-sm-12 col-xs-12 align-column-center col-lg-4\">\n<div class=\"bg-box color4-background-color color-4-text-contrast bg-background-color\" style=\"padding: 1.5em; margin: 1em 0;\">\n<h2 class=\"h1 color1-color\">Un saper fare brevettato<\/h2>\n<p>Il nostro patrimonio di conoscenze \u00e8 brevettato e protetto da leggi nazionali e internazionali.<\/p>\n<p style=\"font-weight: 400;\">\u00c8 brevettato e protetto anche il nostro stesso processo di produzione e gestione.<\/p>\n<p style=\"font-weight: 400;\">Sin dalla nostra nascita, nel 2009, grazie alle nostre conoscenze ed esperienze nei settori della traduzione, della gestione dei progetti, della gestione dei documenti, della gestione della terminologia e della gestione dei processi, abbiamo sviluppato metodi, procedure, moduli, formati e marchi esclusivi che ci distinguono dai nostri concorrenti grazie alla nostra capacit\u00e0 di innovazione e di miglioramento.<\/p>\n<p class=\"\" style=\"font-weight: 400;\">Qualsiasi copia, plagio o imitazione costituisce una violazione dei diritti di propriet\u00e0 intellettuale di 9h05 Ecuador, 9h05 International e 9h05 Group che sar\u00e0 ampiamente perseguita e sanzionata dalle autorit\u00e0 competenti.<\/p>\n<p style=\"font-weight: 400;\">Se siete a conoscenza di violazioni dei suddetti diritti, siete gentilmente pregati di segnalarle a frauds@9h05.com.<\/p>\n<\/div>\n<\/div>\n<\/div>\n<\/div>\n<\/div>\n<\/div>\n<div class=\"color4-background-color bg-background-color tmpl-contact-4 boldgrid-section dynamic-gridblock background-parallax\" style=\"color: #1d1d1d; border-width: 0px; background-image: linear-gradient(to left, rgba(238, 238, 238, 0.8), rgba(238, 238, 238, 0.8)), url('https:\/\/www.9h05.com\/wp-content\/uploads\/2022\/11\/logo-9h05-group-wall.jpg'); background-size: cover; background-position: 50% 50%;\" data-bg-overlaycolor=\"rgba(238, 238, 238, 0.8)\" data-image-url=\"https:\/\/www.9h05.com\/wp-content\/uploads\/2022\/11\/logo-9h05-group-wall.jpg\">\n<div class=\"container\">\n<div class=\"row\" style=\"padding-top: 42px;\">\n<div class=\"col-md-4 col-sm-9 col-xs-12 align-column-center col-lg-4\">\n<div style=\"text-align: center;\" class=\"color5-background-color color-5-text-contrast bg-background-color bg-box\">\n<h2 class=\"\">9h05 Ecuador<\/h2>\n<p class=\"\">Traduzioni certificate&nbsp;<\/p>\n<\/div>\n<\/div>\n<div class=\"col-md-1 col-sm-3 col-xs-12 col-lg-1\"><\/div>\n<div class=\"col-md-7 col-sm-12 col-xs-12 bg-box-flush col-lg-7\">\n<p class=\"boldgrid-google-maps color5-border-color\" style=\"line-height: 100%; margin: 0px; border: 10px solid;\"><iframe style=\"width: 100%;\" src=\"https:\/\/www.google.com\/maps\/embed?pb=!1m18!1m12!1m3!1d3989.792883965222!2d-78.49652948543172!3d-0.20459213545984367!2m3!1f0!2f0!3f0!3m2!1i1024!2i768!4f13.1!3m3!1m2!1s0x91d59a14c2f0e17d%3A0x6618e97864c88c19!2s9h05%20del%20Ecuador!5e0!3m2!1sfr!2sfr!4v1666611310794!5m2!1sfr!2sfr\" width=\"1000\" height=\"400\" frameborder=\"0\">&amp;amp;amp;amp;amp;amp;amp;amp;amp;amp;amp;amp;amp;amp;amp;amp;amp;amp;amp;amp;amp;amp;amp;amp;amp;amp;amp;amp;amp;amp;amp;amp;amp;amp;amp;amp;amp;amp;amp;amp;amp;amp;amp;amp;amp;amp;amp;amp;amp;amp;amp;lt;span data-mce-type=&#8221;bookmark&#8221; style=&#8221;display: inline-block; width: 0px; overflow: hidden; line-height: 0;&#8221; class=&#8221;mce_SELRES_start&#8221;&amp;amp;amp;amp;amp;amp;amp;amp;amp;amp;amp;amp;amp;amp;amp;amp;amp;amp;amp;amp;amp;amp;amp;amp;amp;amp;amp;amp;amp;amp;amp;amp;amp;amp;amp;amp;amp;amp;amp;amp;amp;amp;amp;amp;amp;amp;amp;amp;amp;amp;amp;gt;&amp;amp;amp;amp;amp;amp;amp;amp;amp;amp;amp;amp;amp;amp;amp;amp;amp;amp;amp;amp;amp;amp;amp;amp;amp;amp;amp;amp;amp;amp;amp;amp;#65279;&amp;amp;amp;amp;amp;amp;amp;amp;amp;amp;amp;amp;amp;amp;amp;amp;amp;amp;amp;amp;amp;amp;amp;amp;amp;amp;amp;amp;amp;amp;amp;amp;amp;amp;amp;amp;amp;amp;amp;amp;amp;amp;amp;amp;amp;amp;amp;amp;amp;amp;amp;lt;\/span&amp;amp;amp;amp;amp;amp;amp;amp;amp;amp;amp;amp;amp;amp;amp;amp;amp;amp;amp;amp;amp;amp;amp;amp;amp;amp;amp;amp;amp;amp;amp;amp;amp;amp;amp;amp;amp;amp;amp;amp;amp;amp;amp;amp;amp;amp;amp;amp;amp;amp;amp;gt;<\/iframe><\/p>\n<\/div>\n<\/div>\n<div class=\"row\" style=\"padding-bottom: 42px;\">\n<div class=\"col-md-6 col-sm-2 col-xs-1 col-lg-6\"><\/div>\n<div class=\"col-md-5 col-sm-8 col-xs-10 wow slideInDown col-lg-5\" data-wow-duration=\"1s\" data-wow-delay=\"0s\">\n<div style=\"margin-top: -60px; padding: 1.5em; z-index: 1; position: relative;\" class=\"color5-background-color color-5-text-contrast bg-background-color bg-box\">\n<p class=\"\" style=\"text-align: center;\">Juan Le\u00f3n Mera N21-241 y Roca<br \/>\nEdificio Cronos \u00b7 Officina 501<br \/>\n170143 Quito (Ecuador)<\/p>\n<p class=\"\" style=\"text-align: center;\"><a href=\"mailto:quito@9h05.com\">quito@9h05.com<\/a><\/p>\n<p class=\"\" style=\"text-align: center;\">02 250 11 10<br \/>\n<a href=\"https:\/\/api.whatsapp.com\/send\/?phone=593984265653&amp;text&amp;type=phone_number&amp;app_absent=0\">09 84 26 56 53<\/a><\/p>\n<p class=\"\" style=\"text-align: center;\">Luned\u00ec a venerd\u00ec, 8h00 &#8211; 18h00&nbsp;<\/p>\n<p class=\"\" style=\"text-align: center; margin-bottom: 15px;\"><a class=\"btn-color-3 btn btn-lowercase btn-pill btn-regular\" href=\"https:\/\/www.9h05.com\/it\/group\/\">a proposito di 9h05<\/a><\/p>\n<\/div>\n<\/div>\n<div class=\"col-md-1 col-sm-2 col-xs-1 col-lg-1\"><\/div>\n<\/div>\n<\/div>\n<\/div>\n<div class=\"color5-background-color color-5-text-contrast bg-background-color tmpl-about-1 boldgrid-section dynamic-gridblock\" style=\"border-width: 0px; background-image: linear-gradient(to left, rgba(17, 17, 17, 0.5), rgba(17, 17, 17, 0.5)), url('https:\/\/www.9h05.com\/wp-content\/uploads\/2022\/11\/filosofia-traductologica-funcionalismo.jpeg'); background-size: cover; background-position: 50% 50%;\" data-image-url=\"https:\/\/www.9h05.com\/wp-content\/uploads\/2022\/11\/filosofia-traductologica-funcionalismo.jpeg\" data-bg-overlaycolor=\"rgba(17,17,17,0.5)\">\n<div class=\"container\">\n<div class=\"row\" style=\"padding-top: 50px; padding-bottom: 35px;\">\n<div class=\"col-md-12 col-sm-12 col-xs-12 col-lg-12\"><\/div>\n<\/div>\n<div class=\"row\" style=\"padding-bottom: 90px;\">\n<div class=\"col-md-6 col-sm-12 col-xs-12 col-lg-6\">\n<div class=\"bg-box\">\n<div><\/div>\n<\/div>\n<\/div>\n<\/div>\n<\/div>\n<\/div>\n","protected":false},"excerpt":{"rendered":"<p>Il processo di traduzione di 9h05 Tradurre testi non significa semplicemente mettersi davanti allo schermo del PC e iniziare a scrivere. La traduzione implica infatti in un processo intellettuale complesso che richiede perci\u00f2 diversi tipi di competenze e di capacit\u00e0 precise, come ad esempio essere in grado di analizzare un testo, fare ricerca e comprendere [&hellip;]<\/p>\n","protected":false},"author":9,"featured_media":0,"parent":0,"menu_order":0,"comment_status":"closed","ping_status":"closed","template":"template\/page\/fullwidth.php","meta":{"site-sidebar-layout":"default","site-content-layout":"default","ast-site-content-layout":"","site-content-style":"default","site-sidebar-style":"default","ast-global-header-display":"","ast-banner-title-visibility":"","ast-main-header-display":"","ast-hfb-above-header-display":"","ast-hfb-below-header-display":"","ast-hfb-mobile-header-display":"","site-post-title":"disabled","ast-breadcrumbs-content":"","ast-featured-img":"","footer-sml-layout":"","theme-transparent-header-meta":"default","adv-header-id-meta":"","stick-header-meta":"","header-above-stick-meta":"","header-main-stick-meta":"","header-below-stick-meta":"","astra-migrate-meta-layouts":"default","ast-page-background-enabled":"default","ast-page-background-meta":{"desktop":{"background-color":"var(--ast-global-color-4)","background-image":"","background-repeat":"repeat","background-position":"center center","background-size":"auto","background-attachment":"scroll","background-type":"","background-media":"","overlay-type":"","overlay-color":"","overlay-opacity":"","overlay-gradient":""},"tablet":{"background-color":"","background-image":"","background-repeat":"repeat","background-position":"center center","background-size":"auto","background-attachment":"scroll","background-type":"","background-media":"","overlay-type":"","overlay-color":"","overlay-opacity":"","overlay-gradient":""},"mobile":{"background-color":"","background-image":"","background-repeat":"repeat","background-position":"center center","background-size":"auto","background-attachment":"scroll","background-type":"","background-media":"","overlay-type":"","overlay-color":"","overlay-opacity":"","overlay-gradient":""}},"ast-content-background-meta":{"desktop":{"background-color":"var(--ast-global-color-5)","background-image":"","background-repeat":"repeat","background-position":"center center","background-size":"auto","background-attachment":"scroll","background-type":"","background-media":"","overlay-type":"","overlay-color":"","overlay-opacity":"","overlay-gradient":""},"tablet":{"background-color":"var(--ast-global-color-5)","background-image":"","background-repeat":"repeat","background-position":"center center","background-size":"auto","background-attachment":"scroll","background-type":"","background-media":"","overlay-type":"","overlay-color":"","overlay-opacity":"","overlay-gradient":""},"mobile":{"background-color":"var(--ast-global-color-5)","background-image":"","background-repeat":"repeat","background-position":"center center","background-size":"auto","background-attachment":"scroll","background-type":"","background-media":"","overlay-type":"","overlay-color":"","overlay-opacity":"","overlay-gradient":""}},"footnotes":""},"yst_prominent_words":[],"class_list":["post-26595","page","type-page","status-publish","hentry"],"_links":{"self":[{"href":"https:\/\/www.9h05.com\/it\/wp-json\/wp\/v2\/pages\/26595","targetHints":{"allow":["GET"]}}],"collection":[{"href":"https:\/\/www.9h05.com\/it\/wp-json\/wp\/v2\/pages"}],"about":[{"href":"https:\/\/www.9h05.com\/it\/wp-json\/wp\/v2\/types\/page"}],"author":[{"embeddable":true,"href":"https:\/\/www.9h05.com\/it\/wp-json\/wp\/v2\/users\/9"}],"replies":[{"embeddable":true,"href":"https:\/\/www.9h05.com\/it\/wp-json\/wp\/v2\/comments?post=26595"}],"version-history":[{"count":1,"href":"https:\/\/www.9h05.com\/it\/wp-json\/wp\/v2\/pages\/26595\/revisions"}],"predecessor-version":[{"id":26596,"href":"https:\/\/www.9h05.com\/it\/wp-json\/wp\/v2\/pages\/26595\/revisions\/26596"}],"wp:attachment":[{"href":"https:\/\/www.9h05.com\/it\/wp-json\/wp\/v2\/media?parent=26595"}],"wp:term":[{"taxonomy":"yst_prominent_words","embeddable":true,"href":"https:\/\/www.9h05.com\/it\/wp-json\/wp\/v2\/yst_prominent_words?post=26595"}],"curies":[{"name":"wp","href":"https:\/\/api.w.org\/{rel}","templated":true}]}}