{"id":8928,"date":"2022-08-09T09:26:57","date_gmt":"2022-08-09T09:26:57","guid":{"rendered":"https:\/\/www.9h05.com\/?page_id=8928"},"modified":"2022-10-03T16:22:50","modified_gmt":"2022-10-03T16:22:50","slug":"ecuador","status":"publish","type":"page","link":"https:\/\/www.9h05.com\/es\/ecuador\/","title":{"rendered":"9h05 del Ecuador &#8211; Empresa de traducci\u00f3n profesional en Quito"},"content":{"rendered":"<div class=\"color3-background-color bg-background-color tmpl-call_to_action-6 boldgrid-section dynamic-gridblock background-parallax\" style=\"color: #1d1d1d; background-image: linear-gradient(to left, rgba(187, 222, 251, 0.8), rgba(187, 222, 251, 0.8)), url('https:\/\/www.9h05.com\/wp-content\/uploads\/2016\/04\/traducciones-profesionales-9h05-b.jpg'); background-size: cover; background-position: 50% 55%;\" data-bg-overlaycolor=\"rgba(187, 222, 251, 0.8)\" data-image-url=\"https:\/\/www.9h05.com\/wp-content\/uploads\/2016\/04\/traducciones-profesionales-9h05-b.jpg\">\n<div class=\"container\">\n<div class=\"row\" style=\"padding-top: 15px; padding-bottom: 15px;\">\n<div class=\"col-md-12 col-sm-12 col-xs-12 col-lg-12\">\n<div style=\"padding: 15% 0;\" class=\"bg-box-cover bg-box\">\n<p class=\"\" style=\"text-align: center;\"><i class=\"color2-color fa fa-balance-scale\" style=\"font-size: 80px; margin-bottom: 20px;\" aria-hidden=\"true\"><span style=\"display: none;\">&nbsp;<\/span><\/i><\/p>\n<h1 class=\"color2-color\" style=\"text-align: center; font-size: 6em; margin: 35px 0;\">9h05 en Ecuador<\/h1>\n<p class=\"\" style=\"text-align: center; margin-bottom: 50px; font-size: 19px;\">9h05 del Ecuador propone sus servicios de traducci\u00f3n profesional en Quito (Ecuador) desde el 2010.<br \/>\nServicios de traducci\u00f3n para personas naturales y empresas en franc\u00e9s, espa\u00f1ol, ingl\u00e9s, italiano y muchas m\u00e1s lenguas\u2026<br \/>\nTraducciones certificadas, traducciones especializadas y traducciones generales.<\/p>\n<p class=\"\" style=\"text-align: center;\">Cont\u00e1ctenos:<\/p>\n<p class=\"\" style=\"text-align: center;\">02 250 11 10 \/&nbsp;<a href=\"https:\/\/api.whatsapp.com\/send\/?phone=593984265653&amp;text&amp;type=phone_number&amp;app_absent=0\">09 84 26 56 53<\/a><\/p>\n<p class=\"\" style=\"text-align: center;\"><a href=\"mailto:quito@9h05.com\">quito@9h05.com<\/a><\/p>\n<p class=\"\">&nbsp;<\/p>\n<p class=\"\" style=\"text-align: center;\"><a class=\"btn-color-2 btn btn-lowercase btn-3d btn-jumbo\" href=\"https:\/\/www.9h05.com\/es\/ecuador\/quito\/\">m\u00e1s informaci\u00f3n<\/a><\/p>\n<\/div>\n<\/div>\n<\/div>\n<\/div>\n<\/div>\n<div class=\"boldgrid-section\">\n<div class=\"container\">\n<div class=\"row\">\n<div class=\"col-lg-12 col-md-12 col-xs-12 col-sm-12\"><\/div>\n<\/div>\n<\/div>\n<\/div>\n<div class=\"boldgrid-section\">\n<div class=\"container\">\n<div class=\"row\">\n<div class=\"col-lg-12 col-md-12 col-xs-12 col-sm-12\"><\/div>\n<\/div>\n<\/div>\n<\/div>\n<div class=\"boldgrid-section\">\n<div class=\"container\">\n<div class=\"row\">\n<div class=\"col-lg-12 col-md-12 col-xs-12 col-sm-12\"><\/div>\n<\/div>\n<\/div>\n<\/div>\n<div class=\"boldgrid-section\">\n<div class=\"container\">\n<div class=\"row\">\n<div class=\"col-lg-12 col-md-12 col-xs-12 col-sm-12\"><\/div>\n<\/div>\n<\/div>\n<\/div>\n<div class=\"boldgrid-section\">\n<div class=\"container\">\n<div class=\"row\">\n<div class=\"col-lg-12 col-md-12 col-xs-12 col-sm-12\"><\/div>\n<\/div>\n<\/div>\n<\/div>\n","protected":false},"excerpt":{"rendered":"<p>&nbsp; 9h05 en Ecuador 9h05 del Ecuador propone sus servicios de traducci\u00f3n profesional en Quito (Ecuador) desde el 2010. Servicios de traducci\u00f3n para personas naturales y empresas en franc\u00e9s, espa\u00f1ol, ingl\u00e9s, italiano y muchas m\u00e1s lenguas\u2026 Traducciones certificadas, traducciones especializadas y traducciones generales. Cont\u00e1ctenos: 02 250 11 10 \/&nbsp;09 84 26 56 53 quito@9h05.com &nbsp; [&hellip;]<\/p>\n","protected":false},"author":9,"featured_media":0,"parent":0,"menu_order":0,"comment_status":"closed","ping_status":"closed","template":"template\/page\/fullwidth.php","meta":{"site-sidebar-layout":"default","site-content-layout":"default","ast-site-content-layout":"","site-content-style":"default","site-sidebar-style":"default","ast-global-header-display":"","ast-banner-title-visibility":"","ast-main-header-display":"","ast-hfb-above-header-display":"","ast-hfb-below-header-display":"","ast-hfb-mobile-header-display":"","site-post-title":"","ast-breadcrumbs-content":"","ast-featured-img":"","footer-sml-layout":"","theme-transparent-header-meta":"default","adv-header-id-meta":"","stick-header-meta":"","header-above-stick-meta":"","header-main-stick-meta":"","header-below-stick-meta":"","astra-migrate-meta-layouts":"default","ast-page-background-enabled":"default","ast-page-background-meta":{"desktop":{"background-color":"var(--ast-global-color-4)","background-image":"","background-repeat":"repeat","background-position":"center center","background-size":"auto","background-attachment":"scroll","background-type":"","background-media":"","overlay-type":"","overlay-color":"","overlay-opacity":"","overlay-gradient":""},"tablet":{"background-color":"","background-image":"","background-repeat":"repeat","background-position":"center center","background-size":"auto","background-attachment":"scroll","background-type":"","background-media":"","overlay-type":"","overlay-color":"","overlay-opacity":"","overlay-gradient":""},"mobile":{"background-color":"","background-image":"","background-repeat":"repeat","background-position":"center center","background-size":"auto","background-attachment":"scroll","background-type":"","background-media":"","overlay-type":"","overlay-color":"","overlay-opacity":"","overlay-gradient":""}},"ast-content-background-meta":{"desktop":{"background-color":"var(--ast-global-color-5)","background-image":"","background-repeat":"repeat","background-position":"center center","background-size":"auto","background-attachment":"scroll","background-type":"","background-media":"","overlay-type":"","overlay-color":"","overlay-opacity":"","overlay-gradient":""},"tablet":{"background-color":"var(--ast-global-color-5)","background-image":"","background-repeat":"repeat","background-position":"center center","background-size":"auto","background-attachment":"scroll","background-type":"","background-media":"","overlay-type":"","overlay-color":"","overlay-opacity":"","overlay-gradient":""},"mobile":{"background-color":"var(--ast-global-color-5)","background-image":"","background-repeat":"repeat","background-position":"center center","background-size":"auto","background-attachment":"scroll","background-type":"","background-media":"","overlay-type":"","overlay-color":"","overlay-opacity":"","overlay-gradient":""}},"footnotes":""},"yst_prominent_words":[],"class_list":["post-8928","page","type-page","status-publish","hentry"],"_links":{"self":[{"href":"https:\/\/www.9h05.com\/es\/wp-json\/wp\/v2\/pages\/8928","targetHints":{"allow":["GET"]}}],"collection":[{"href":"https:\/\/www.9h05.com\/es\/wp-json\/wp\/v2\/pages"}],"about":[{"href":"https:\/\/www.9h05.com\/es\/wp-json\/wp\/v2\/types\/page"}],"author":[{"embeddable":true,"href":"https:\/\/www.9h05.com\/es\/wp-json\/wp\/v2\/users\/9"}],"replies":[{"embeddable":true,"href":"https:\/\/www.9h05.com\/es\/wp-json\/wp\/v2\/comments?post=8928"}],"version-history":[{"count":3,"href":"https:\/\/www.9h05.com\/es\/wp-json\/wp\/v2\/pages\/8928\/revisions"}],"predecessor-version":[{"id":9127,"href":"https:\/\/www.9h05.com\/es\/wp-json\/wp\/v2\/pages\/8928\/revisions\/9127"}],"wp:attachment":[{"href":"https:\/\/www.9h05.com\/es\/wp-json\/wp\/v2\/media?parent=8928"}],"wp:term":[{"taxonomy":"yst_prominent_words","embeddable":true,"href":"https:\/\/www.9h05.com\/es\/wp-json\/wp\/v2\/yst_prominent_words?post=8928"}],"curies":[{"name":"wp","href":"https:\/\/api.w.org\/{rel}","templated":true}]}}