{"id":8857,"date":"2022-07-28T12:29:34","date_gmt":"2022-07-28T12:29:34","guid":{"rendered":"https:\/\/www.9h05.com\/?page_id=8857"},"modified":"2025-08-07T11:48:47","modified_gmt":"2025-08-07T11:48:47","slug":"toronto","status":"publish","type":"page","link":"https:\/\/www.9h05.com\/es\/canada\/toronto\/","title":{"rendered":"9h05 Canad\u00e1 &#8211; Empresa de traducci\u00f3n en Toronto, Ontario"},"content":{"rendered":"<div class=\"tmpl-call_to_action-6 boldgrid-section dynamic-gridblock background-scroll color3-background-color color-3-text-contrast bg-background-color\" style=\"color: #ffffff; background-image: linear-gradient(to left, rgba(33, 150, 243, 0.48), rgba(33, 150, 243, 0.48)), url('https:\/\/www.9h05.com\/wp-content\/uploads\/2022\/08\/canada-toronto-translation-ontario-services-9h05-scaled.jpg'); background-size: cover; background-position: 50% 39%;\" data-bg-overlaycolor=\"rgba(33,150,243,0.48)\" data-image-url=\"https:\/\/www.9h05.com\/wp-content\/uploads\/2022\/08\/canada-toronto-translation-ontario-services-9h05-scaled.jpg\">\n<div class=\"container\">\n<div class=\"row\" style=\"padding-top: 15px; padding-bottom: 15px; background-color: rgba(33, 150, 243, 0.13);\">\n<div class=\"col-md-12 col-sm-12 col-xs-12 col-lg-12\">\n<div style=\"padding: 15% 0;\" class=\"bg-box-cover bg-box\">\n<p class=\"\" style=\"text-align: center;\"><i class=\"color2-color fa fa-balance-scale\" style=\"font-size: 80px; margin-bottom: 20px;\" aria-hidden=\"true\"><span style=\"display: none;\">&nbsp;<\/span><\/i><\/p>\n<h1 class=\"color2-color\" style=\"text-align: center; font-size: 6em; margin: 35px 0;\"><span style=\"color: #000080;\">9h05 Canad\u00e1<\/span><\/h1>\n<p class=\"\" style=\"text-align: center; margin-bottom: 50px; font-size: 19px;\"><span style=\"color: #ffffff;\"><strong>Su empresa de traducci\u00f3n en Toronto, Ontario (Canad\u00e1)<br \/>\nTraducciones certificadas y traducciones especializadas en ingl\u00e9s, espa\u00f1ol y franc\u00e9s<\/strong><\/span><\/p>\n<p class=\"\" style=\"text-align: center;\"><a class=\"btn-color-2 btn btn-capitalize btn-pill btn-raised btn-jumbo\" href=\"mailto:toronto@9h05.com\">cotizar<\/a><\/p>\n<\/div>\n<\/div>\n<\/div>\n<\/div>\n<\/div>\n<div class=\"boldgrid-section\">\n<div class=\"container\">\n<div class=\"row\">\n<div class=\"col-lg-12 col-md-12 col-xs-12 col-sm-12\">\n<p>&nbsp;<\/p>\n<\/div>\n<\/div>\n<\/div>\n<\/div>\n<div class=\"tmpl-call_to_action-17 boldgrid-section dynamic-gridblock background-scroll\" style=\"background-image: url('https:\/\/www.9h05.com\/wp-content\/uploads\/2022\/08\/canada-toronto-translation-services-ontario-9h05-scaled.jpg'); background-size: cover; background-position: 50% 45%;\" data-image-url=\"https:\/\/www.9h05.com\/wp-content\/uploads\/2022\/08\/canada-toronto-translation-services-ontario-9h05-scaled.jpg\">\n<div class=\"container-fluid\">\n<div class=\"row wow bounceInDown\" data-wow-duration=\"2s\" data-wow-delay=\"0s\" style=\"padding-top: 350px;\">\n<div class=\"col-md-1 col-sm-1 col-xs-12 col-lg-1\"><\/div>\n<div class=\"col-md-4 col-sm-4 col-xs-12 align-column-stretch col-lg-4\">\n<div class=\"bg-box-cover color5-background-color color-5-text-contrast bg-background-color bg-box\" style=\"padding: 2em; z-index: 1; position: relative; margin-top: 50px; margin-bottom: -50px;\">\n<h2 class=\"\">SOLUCIONES DE TRADUCCI\u00d3N PARA EMPRESAS EN CANAD\u00c1<\/h2>\n<p class=\"\">Con m\u00e1s de un mill\u00f3n de palabras traducidas cada a\u00f1o en franc\u00e9s, espa\u00f1ol e ingl\u00e9s, brindamos soluciones de traducci\u00f3n de \u00f3ptima calidad dise\u00f1adas para adaptarse a las necesidades de las empresas y negocios de Canad\u00e1, Estados Unidos y Norteam\u00e9rica, entre otros lugares.<\/p>\n<\/div>\n<\/div>\n<div class=\"col-md-4 col-sm-4 col-xs-12 align-column-stretch col-lg-4\">\n<div class=\"bg-box-cover color3-background-color color-3-text-contrast bg-background-color bg-box\" style=\"padding: 2em; z-index: 1; position: relative; margin-top: 50px; margin-bottom: -50px;\">\n<h2 class=\"\" style=\"margin-top: 0; text-transform: uppercase;\"><a href=\"https:\/\/www.9h05.com\/es\/traducciones\/certificadas\/canada-ingles-frances-espanol-ecuador\/\">SERVICIOS DE TRADUCCI\u00d3N CERTIFICADA PARA PERSONAS NATURALES EN TORONTO<\/a><\/h2>\n<p class=\"\">Gracias a nuestras diferentes acreditaciones nacionales e internacionales, proponemos nuestros servicios traducci\u00f3n certificada, jurada y judicial para personas naturales y empresas de Canad\u00e1 y del exterior: <a href=\"https:\/\/www.9h05.com\/es\/traducciones\/certificadas\/espanol-ingles-quito-estados-unidos\/\">Estados Unidos<\/a>, Latinoam\u00e9rica, Europa y mucho m\u00e1s.<\/p>\n<p class=\"\" style=\"margin-top: 20px;\"><a class=\"btn-color-5 btn btn-small-caps btn-3d btn-regular\" href=\"mailto:toronto@9h05.com\">COTIZAR<\/a><\/p>\n<\/div>\n<\/div>\n<div class=\"col-md-3 col-sm-3 col-xs-12 col-lg-3\"><\/div>\n<\/div>\n<\/div>\n<\/div>\n<div class=\"tmpl-contact-10 boldgrid-section dynamic-gridblock\">\n<div class=\"container-fluid\">\n<div class=\"row\" style=\"padding-top: 100px;\">\n<div class=\"col-md-4 col-xs-12 col-sm-4 color-neutral-background-color color-neutral-text-contrast bg-background-color col-lg-4\" style=\"padding: 3em;\">\n<p class=\"\"><i class=\"fa fa-phone\" style=\"font-size: 80px;\" aria-hidden=\"true\"><span style=\"display: none;\">&nbsp;<\/span><\/i><\/p>\n<h3 class=\"\">Cont\u00e1ctese con nosotros en Toronto, Ontario (Canad\u00e1)<\/h3>\n<p class=\"\">Puede contactarse con nosotros por correo electr\u00f3nico: toronto@9h05.com &nbsp;&#8211; Responderemos en breve a su consulta.<\/p>\n<p class=\"\">Atendemos de lunes a viernes, de 9h00 a 17h00.<\/p>\n<p class=\"\">Tambi\u00e9n puede llamarnos por tel\u00e9fono al (647) 782-8362<\/p>\n<\/div>\n<div class=\"col-md-4 col-xs-12 col-sm-4 color3-background-color color-3-text-contrast bg-background-color col-lg-4\" style=\"padding: 3em;\">\n<p class=\"\"><i class=\"fa fa-thumbs-up\" style=\"font-size: 80px;\" aria-hidden=\"true\"><span style=\"display: none;\">&nbsp;<\/span><\/i><\/p>\n<h3 class=\"\">Comparta su opini\u00f3n de 9h05 Toronto<\/h3>\n<p class=\"\">\u00bfQuiere compartir su experiencia, sea buena o mala? Siempre nos esforzamos por mejorar nuestros productos y la experiencia de nuestros clientes, por lo que todo comentario es bueno para nosotros. Cont\u00e1ctese <a style=\"color: inherit;\" href=\"mailto:toronto@9h05.com\">con nosotros hoy<\/a>.<\/p>\n<\/div>\n<div class=\"col-md-4 col-xs-12 col-sm-4 color4-background-color color-4-text-contrast bg-background-color col-lg-4\" style=\"padding: 3em;\">\n<p class=\"\"><i class=\"fa fa-send\" style=\"font-size: 80px;\" aria-hidden=\"true\"><span style=\"display: none;\">&nbsp;<\/span><\/i><\/p>\n<h3 class=\"\">Siga a 9h05 Canad\u00e1<\/h3>\n<p class=\"\">\u00bfQuiere estar al tanto de nuestras \u00faltimas aventuras? S\u00edganos en&nbsp;<a style=\"color: inherit;\" href=\"https:\/\/www.facebook.com\/09h05\">Facebook<\/a>, <a style=\"color: inherit;\" href=\"https:\/\/www.twitter.com\/9h05\">Twitter<\/a>&nbsp;o&nbsp;<a style=\"color: inherit;\" href=\"https:\/\/www.instagram.com\/its_9h05\/\">Instagram<\/a>.<\/p>\n<\/div>\n<\/div>\n<\/div>\n<\/div>\n<div class=\"color4-background-color color-4-text-contrast bg-background-color tmpl-services-6 boldgrid-section dynamic-gridblock\">\n<div class=\"container\">\n<div class=\"row\" style=\"padding-top: 60px; padding-bottom: 0px;\">\n<div class=\"col-md-12 col-sm-12 col-xs-12 col-lg-12\">\n<p class=\"h1\" style=\"text-align: center; font-size: 3em;\">Nuestros servicios<\/p>\n<\/div>\n<\/div>\n<div class=\"row\" style=\"padding-top: 70px; padding-bottom: 100px;\">\n<div class=\"col-md-3 col-sm-6 col-xs-12 col-lg-3\">\n<div style=\"padding: 20% 0px;\" class=\"color-neutral-background-color color-neutral-text-contrast bg-background-color bg-box\">\n<p class=\"h4\" style=\"text-align: center;\"><a href=\"https:\/\/www.9h05.com\/es\/traducciones\/certificadas\/canada-ingles-frances-espanol-ecuador\/\"><strong>TRADUCCIONES JURADAS Y CERTIFICADAS<\/strong><\/a><\/p>\n<p class=\"\" style=\"text-align: center;\">En ingl\u00e9s, espa\u00f1ol y franc\u00e9s<\/p>\n<p class=\"\" style=\"text-align: center;\">Reconocimiento mundial con sello de calidad garantizada<\/p>\n<\/div>\n<\/div>\n<div class=\"col-md-3 col-sm-6 col-xs-12 align-column-center col-lg-3\">\n<p class=\"mod-reset\"><img data-recalc-dims=\"1\" decoding=\"async\" class=\"bg-img alignnone wp-image-8938 \" src=\"https:\/\/i0.wp.com\/www.9h05.com\/wp-content\/uploads\/2022\/06\/0_77_200_125_sworn-translations-in-toronto-9h05-200x300.png?resize=269%2C168&#038;ssl=1\" alt=\"\" width=\"269\" height=\"168\"><\/p>\n<\/div>\n<div class=\"col-md-3 col-sm-6 col-xs-12 col-lg-3\">\n<div style=\"padding: 20% 0px;\" class=\"color-neutral-background-color color-neutral-text-contrast bg-background-color bg-box\">\n<p class=\"h4\" style=\"text-align: center;\"><strong>TRADUCCIONES ESPECIALIZADAS DE ALTA CALIDAD<\/strong><\/p>\n<p class=\"\" style=\"text-align: center;\">Derecho, negocios, finanzaas<br \/>\nen ingl\u00e9s, franc\u00e9s y espa\u00f1ol<\/p>\n<\/div>\n<\/div>\n<div class=\"col-md-3 col-sm-6 col-xs-12 align-column-center col-lg-3\">\n<p class=\"\"><img data-recalc-dims=\"1\" decoding=\"async\" class=\"bg-img wp-image-8939 size-medium\" src=\"https:\/\/i0.wp.com\/www.9h05.com\/wp-content\/uploads\/2022\/06\/specialized-translations-toronto-9h05-1.jpeg?resize=300%2C199&#038;ssl=1\" alt=\"\" width=\"300\" height=\"199\"><\/p>\n<\/div>\n<\/div>\n<\/div>\n<\/div>\n<div class=\"color5-background-color color-5-text-contrast bg-background-color tmpl-contact-5 boldgrid-section dynamic-gridblock\">\n<div class=\"container-fluid\">\n<div class=\"row\" style=\"padding: 1em; margin-left: 29px; border-style: dashed;\">\n<div class=\"col-md-12 col-sm-12 col-xs-12 bg-box-flush col-lg-12\">\n<div class=\"\">\n<p class=\"boldgrid-google-maps\" style=\"margin: 0px; text-align: center;\"><iframe style=\"border: 0;\" src=\"https:\/\/www.google.com\/maps\/embed?pb=!1m18!1m12!1m3!1d2887.3945480961706!2d-79.44588568462795!3d43.639958979121865!2m3!1f0!2f0!3f0!3m2!1i1024!2i768!4f13.1!3m3!1m2!1s0x882b3571860151bb%3A0x4e5c78d44d06174f!2s9h05%20Canada!5e0!3m2!1sen!2sfr!4v1660065813781!5m2!1sen!2sfr\" width=\"1000\" height=\"450\" allowfullscreen=\"allowfullscreen\">&amp;amp;amp;amp;amp;amp;amp;lt;span data-mce-type=\u00bbbookmark\u00bb style=\u00bbdisplay: inline-block; width: 0px; overflow: hidden; line-height: 0;\u00bb class=\u00bbmce_SELRES_start\u00bb&amp;amp;amp;amp;amp;amp;amp;gt;\ufeff&amp;amp;amp;amp;amp;amp;amp;lt;\/span&amp;amp;amp;amp;amp;amp;amp;gt;&amp;amp;amp;amp;amp;amp;amp;amp;amp;amp;amp;amp;amp;amp;amp;amp;amp;amp;amp;amp;amp;amp;amp;amp;amp;amp;amp;amp;amp;lt;span data-mce-type=\u00bbbookmark\u00bb style=\u00bbdisplay: inline-block; width: 0px; overflow: hidden; line-height: 0;\u00bb class=\u00bbmce_SELRES_start\u00bb&amp;amp;amp;amp;amp;amp;amp;amp;amp;amp;amp;amp;amp;amp;amp;amp;amp;amp;amp;amp;amp;amp;amp;amp;amp;amp;amp;amp;amp;gt;&amp;amp;amp;amp;amp;amp;amp;amp;amp;amp;amp;amp;amp;amp;amp;amp;amp;amp;amp;amp;amp;amp;amp;amp;amp;amp;amp;amp;amp;lt;\/span&amp;amp;amp;amp;amp;amp;amp;amp;amp;amp;amp;amp;amp;amp;amp;amp;amp;amp;amp;amp;amp;amp;amp;amp;amp;amp;amp;amp;amp;gt;&amp;amp;amp;amp;amp;amp;amp;amp;amp;amp;amp;amp;amp;amp;amp;amp;amp;amp;amp;amp;amp;amp;amp;amp;amp;amp;amp;amp;amp;amp;amp;lt;span data-mce-type=\u00bbbookmark\u00bb style=\u00bbdisplay: inline-block; width: 0px; overflow: hidden; line-height: 0;\u00bb class=\u00bbmce_SELRES_start\u00bb&amp;amp;amp;amp;amp;amp;amp;amp;amp;amp;amp;amp;amp;amp;amp;amp;amp;amp;amp;amp;amp;amp;amp;amp;amp;amp;amp;amp;amp;amp;amp;gt;&amp;amp;amp;amp;amp;amp;amp;amp;amp;amp;amp;amp;amp;amp;amp;amp;amp;amp;amp;amp;amp;amp;amp;amp;amp;amp;amp;amp;amp;amp;amp;lt;\/span&amp;amp;amp;amp;amp;amp;amp;amp;amp;amp;amp;amp;amp;amp;amp;amp;amp;amp;amp;amp;amp;amp;amp;amp;amp;amp;amp;amp;amp;amp;amp;gt;<\/iframe><\/p>\n<\/div>\n<\/div>\n<\/div>\n<div class=\"row wow bounce\" data-wow-duration=\"1s\" data-wow-delay=\"1s\" style=\"padding-top: 20px; padding-bottom: 20px;\">\n<div class=\"col-md-1 col-sm-1 col-xs-12 col-lg-1\"><\/div>\n<div class=\"col-md-2 col-sm-3 col-xs-12 align-column-center col-lg-2\" style=\"padding: 1em;\">\n<h4 class=\"\" style=\"margin-top: 0;\">CONT\u00c1CTESE CON NOSOTROS<\/h4>\n<p class=\"\">De lunes a viernes<br \/>\n9h00 &#8211; 17h00<\/p>\n<p class=\"\"><em>9h05 Canada<\/em><br \/>\n5109 Falconcrest Dr<br \/>\nBurlington, ON L7L 6K3<\/p>\n<p>Canad\u00e1<\/p>\n<p class=\"\">(647) 782-8362<\/p>\n<\/div>\n<div class=\"col-md-9 col-sm-8 col-xs-12 align-column-center color1-border-color col-lg-9\" style=\"padding: 1em 2em; border-left: 5px solid;\">\n<h2 class=\"\" style=\"margin-top: 0;\">Cont\u00e1ctese con nosotros hoy<\/h2>\n<p class=\"\"><a class=\"btn-color-1 btn btn-lowercase btn-rounded btn-regular\" href=\"mailto:toronto@9h05.com\">Contactarse<\/a><\/p>\n<\/div>\n<\/div>\n<\/div>\n<\/div>\n<div class=\"color-neutral-background-color color-neutral-text-contrast bg-background-color tmpl-testimonial-2 boldgrid-section dynamic-gridblock\">\n<div class=\"container\">\n<div class=\"row\" style=\"padding-top: 42px;\">\n<div class=\"col-md-12 col-sm-12 col-xs-12 col-lg-12\">\n<h2 class=\"\" style=\"text-align: center;\">Qui\u00e9nes somos<\/h2>\n<\/div>\n<\/div>\n<div class=\"row\" style=\"padding-top: 20px; padding-bottom: 20px;\">\n<div class=\"col-md-1 col-sm-1 col-xs-12 col-lg-1\"><\/div>\n<div class=\"col-md-2 col-sm-4 col-xs-12 align-column-center col-lg-2\">\n<p class=\"\" style=\"text-align: center;\"><img data-recalc-dims=\"1\" decoding=\"async\" class=\"bg-img bg-img-edged alignnone wp-image-8873 size-medium\" style=\"margin-bottom: 10px;\" src=\"https:\/\/i0.wp.com\/www.9h05.com\/wp-content\/uploads\/2022\/08\/50_0_150_150_ankur-mehrotra-9h05-canada-translator-translations-300x200.jpeg?resize=150%2C150&#038;ssl=1\" alt=\"\" width=\"150\" height=\"150\" srcset=\"https:\/\/i0.wp.com\/www.9h05.com\/wp-content\/uploads\/2022\/08\/ankur-mehrotra-9h05-canada-translator-translations-scaled.jpeg?w=150&amp;ssl=1 150w, https:\/\/i0.wp.com\/www.9h05.com\/wp-content\/uploads\/2022\/08\/ankur-mehrotra-9h05-canada-translator-translations-scaled.jpeg?resize=100%2C100&amp;ssl=1 100w, https:\/\/i0.wp.com\/www.9h05.com\/wp-content\/uploads\/2022\/08\/ankur-mehrotra-9h05-canada-translator-translations-scaled.jpeg?resize=270%2C270&amp;ssl=1 270w, https:\/\/i0.wp.com\/www.9h05.com\/wp-content\/uploads\/2022\/08\/ankur-mehrotra-9h05-canada-translator-translations-scaled.jpeg?w=400&amp;ssl=1 400w, https:\/\/i0.wp.com\/www.9h05.com\/wp-content\/uploads\/2022\/08\/ankur-mehrotra-9h05-canada-translator-translations-scaled.jpeg?zoom=3&amp;resize=150%2C150&amp;ssl=1 450w\" sizes=\"(max-width: 150px) 100vw, 150px\" \/><\/p>\n<\/div>\n<div class=\"col-md-8 col-sm-6 col-xs-12 col-lg-8\">\n<div class=\"color-neutral-background-color color-neutral-text-contrast bg-background-color bg-box\">\n<p class=\"\">Ankur Mehrotra, gerente de 9h05 Canad\u00e1 en Toronto, es un traductor certificado y especializado experimentado. Titular de una Licenciatura en Idiomas y una Maestr\u00eda en Relaciones Internationales, fue Jefe de proyectos de 9h05 del Ecuador de 2015 a 2022. Traductor riguroso y meticuloso, expedir\u00e1 traducciones de alta calidad gracias al conocimiento compartido de la experticia del 9h05 Group.<\/p>\n<p class=\"\">Ankur Mehrotra, BA &amp; MA<\/p>\n<\/div>\n<\/div>\n<div class=\"col-md-1 col-sm-1 col-xs-12 col-lg-1\"><\/div>\n<\/div>\n<div class=\"row\" style=\"padding-top: 20px; padding-bottom: 20px;\">\n<div class=\"col-md-1 col-sm-1 col-xs-12 col-lg-1\"><\/div>\n<div class=\"col-md-2 col-sm-4 col-xs-12 align-column-center col-lg-2\">\n<p class=\"\" style=\"text-align: center;\"><img data-recalc-dims=\"1\" decoding=\"async\" class=\"bg-img bg-img-edged alignnone wp-image-7026 size-medium\" style=\"margin-bottom: 10px;\" src=\"https:\/\/i0.wp.com\/www.9h05.com\/wp-content\/uploads\/2017\/11\/0_5_117_117_9h05-clock-rv-291x300.png?resize=117%2C117&#038;ssl=1\" alt=\"\" width=\"117\" height=\"117\"><\/p>\n<\/div>\n<div class=\"col-md-8 col-sm-6 col-xs-12 col-lg-8\">\n<div class=\"color-neutral-background-color color-neutral-text-contrast bg-background-color bg-box\">\n<p class=\"\">Creado en 2009, 9h05 Group es una red de Empresas de Traducci\u00f3n alrededor del mundo cuya misi\u00f3n es brindar servicios de traducci\u00f3n de \u00faltima generaci\u00f3n en varios idiomas con calidad \u00f3ptima a precios competitivos y en plazos cortos.<\/p>\n<p class=\"\">9h05 International tiene sede en Burdeos (Francia) y cuenta con oficinas en Quito (Ecuador), Toronto (Canad\u00e1), Medell\u00edn (Colombia), Miami (Estados Unidos), Zaragoza (Espa\u00f1a), Londres (Reino Unido) y S\u00eddney (Australia).<\/p>\n<\/div>\n<\/div>\n<div class=\"col-md-1 col-sm-1 col-xs-12 col-lg-1\"><\/div>\n<\/div>\n<div class=\"row\" style=\"padding-top: 20px; padding-bottom: 20px;\">\n<div class=\"col-md-12 col-sm-12 col-xs-12 col-lg-12\"><\/div>\n<\/div>\n<\/div>\n<\/div>\n<div class=\"color-neutral-background-color color-neutral-text-contrast bg-background-color tmpl-portfolio-4 boldgrid-section dynamic-gridblock\">\n<div class=\"container\">\n<div class=\"row\" style=\"padding: 20px 0;\">\n<div class=\"col-md-8 col-xs-12 col-sm-6 align-column-bottom xs-text-center col-lg-8\">\n<h2 class=\"\" style=\"margin: 0px 0px 5px;\">Orgullosamente miembro de\u2026<\/h2>\n<\/div>\n<div class=\"col-md-4 col-xs-12 col-sm-6 align-column-bottom xs-text-center col-lg-4\">\n<p class=\"\"><strong>9h05 Canada \u00b7 Human-powered&nbsp;<\/strong><b>Translations<\/b><\/p>\n<p class=\"\">Traducciones de \u00f3ptima calidad en el mundo entero<\/p>\n<\/div>\n<\/div>\n<div class=\"row\">\n<div class=\"col-md-4 col-xs-4 col-sm-4 col-lg-4\">\n<div class=\"bg-box-cover bg-box-flush bg-box\">\n<p class=\"mod-reset\"><img data-recalc-dims=\"1\" decoding=\"async\" class=\"bg-img wp-image-8954 aligncenter\" src=\"https:\/\/i0.wp.com\/www.9h05.com\/wp-content\/uploads\/2022\/06\/19_0_400_300_unetica-.jpg?resize=361%2C270&#038;ssl=1\" alt=\"\" width=\"361\" height=\"270\"><\/p>\n<\/div>\n<\/div>\n<div class=\"col-md-4 col-xs-4 col-sm-4 col-lg-4\">\n<div class=\"bg-box-cover bg-box-flush bg-box\">\n<p class=\"mod-reset\"><img data-recalc-dims=\"1\" decoding=\"async\" class=\"bg-img wp-image-5764 aligncenter\" src=\"https:\/\/i0.wp.com\/www.9h05.com\/wp-content\/uploads\/2017\/02\/0_0_400_359.2_ATIEC-color_600px.jpg?resize=299%2C268&#038;ssl=1\" alt=\"\" width=\"299\" height=\"268\"><\/p>\n<\/div>\n<\/div>\n<div class=\"col-md-4 col-xs-4 col-sm-4 col-lg-4\">\n<div class=\"bg-box-cover bg-box-flush bg-box\">\n<p><img data-recalc-dims=\"1\" decoding=\"async\" class=\"bg-img wp-image-2780 \" src=\"https:\/\/i0.wp.com\/www.9h05.com\/wp-content\/uploads\/2016\/03\/ATA-corporate-member.jpg?resize=227%2C248&#038;ssl=1\" alt=\"traducciones-profesionales-certificadas\" width=\"227\" height=\"248\" srcset=\"https:\/\/i0.wp.com\/www.9h05.com\/wp-content\/uploads\/2016\/03\/ATA-corporate-member.jpg?resize=275%2C300&amp;ssl=1 275w, https:\/\/i0.wp.com\/www.9h05.com\/wp-content\/uploads\/2016\/03\/ATA-corporate-member.jpg?w=460&amp;ssl=1 460w, https:\/\/i0.wp.com\/www.9h05.com\/wp-content\/uploads\/2016\/03\/ATA-corporate-member.jpg?resize=450%2C490&amp;ssl=1 450w\" sizes=\"(max-width: 227px) 100vw, 227px\" \/><\/p>\n<\/div>\n<\/div>\n<\/div>\n<div class=\"row\">\n<div class=\"col-md-4 col-xs-4 col-sm-4 col-lg-4\">\n<div class=\"bg-box-cover bg-box-flush bg-box\">\n<p class=\"mod-reset\"><img data-recalc-dims=\"1\" decoding=\"async\" class=\"bg-img wp-image-8955 aligncenter\" src=\"https:\/\/i0.wp.com\/www.9h05.com\/wp-content\/uploads\/2022\/06\/0_0_260_260_logo_atlf_quadri.jpg?resize=207%2C207&#038;ssl=1\" alt=\"\" width=\"207\" height=\"207\"><\/p>\n<\/div>\n<\/div>\n<div class=\"col-md-4 col-xs-4 col-sm-4 col-lg-4\">\n<div class=\"bg-box-cover bg-box-flush bg-box\">\n<p class=\"mod-reset\" style=\"padding: 1em;\"><img data-recalc-dims=\"1\" decoding=\"async\" class=\"bg-img wp-image-8956 size-full aligncenter\" src=\"https:\/\/i0.wp.com\/www.9h05.com\/wp-content\/uploads\/2022\/06\/0_25_200_150_matrana-4a6e706155d74163b92367c80ddb105b-2.jpg?resize=200%2C150&#038;ssl=1\" alt=\"\" width=\"200\" height=\"150\"><\/p>\n<\/div>\n<\/div>\n<div class=\"col-md-4 col-xs-4 col-sm-4 col-lg-4\">\n<div class=\"bg-box-cover bg-box-flush bg-box\">\n<p class=\"mod-reset\"><img data-recalc-dims=\"1\" decoding=\"async\" class=\"bg-img wp-image-8957 aligncenter\" src=\"https:\/\/i0.wp.com\/www.9h05.com\/wp-content\/uploads\/2022\/06\/9h05_logo_1.png?resize=422%2C183&#038;ssl=1\" alt=\"\" width=\"422\" height=\"183\"><\/p>\n<\/div>\n<\/div>\n<\/div>\n<div class=\"row\" style=\"padding: 20px 0;\">\n<div class=\"col-md-4 col-xs-6 col-sm-4 col-lg-2\">\n<p class=\"\" style=\"text-align: center;\"><strong>UNETICA&nbsp;<\/strong><\/p>\n<p class=\"\" style=\"text-align: center;\">Union nationale des experts traducteurs et interpr\u00e8tes pr\u00e8s les cours d&#8217;appel<\/p>\n<\/div>\n<div class=\"col-md-4 col-xs-6 col-sm-4 col-lg-2\">\n<p class=\"\" style=\"text-align: center;\"><strong>ATIEC<\/strong><\/p>\n<p class=\"\" style=\"text-align: center;\">Asociaci\u00f3n de traductores e int\u00e9rpretes del Ecuador<\/p>\n<\/div>\n<div class=\"col-md-4 col-xs-6 col-sm-4 col-lg-2\">\n<p class=\"\" style=\"text-align: center;\"><strong>ATA<\/strong><\/p>\n<p class=\"\" style=\"text-align: center;\">American Translators Association<\/p>\n<\/div>\n<div class=\"col-md-4 col-xs-6 col-sm-4 col-lg-2\">\n<p class=\"\" style=\"text-align: center;\"><strong>ATLF<\/strong><\/p>\n<p class=\"\" style=\"text-align: center;\">Association des traducteurs litt\u00e9raires de France<\/p>\n<\/div>\n<div class=\"col-md-4 col-xs-6 col-sm-4 col-lg-2\">\n<p class=\"\" style=\"text-align: center;\"><strong>MATRANA<\/strong><\/p>\n<p class=\"\" style=\"text-align: center;\">Maison de la traduction en Nouvelle Aquitaine<\/p>\n<\/div>\n<div class=\"col-md-4 col-xs-12 col-sm-4 col-lg-2\"><\/div>\n<\/div>\n<\/div>\n<\/div>\n<div class=\"boldgrid-section\">\n<div class=\"container\">\n<div class=\"row\">\n<div class=\"col-lg-12 col-md-12 col-xs-12 col-sm-12\"><\/div>\n<\/div>\n<\/div>\n<\/div>\n<div class=\"boldgrid-section\">\n<div class=\"container\">\n<div class=\"row\">\n<div class=\"col-lg-12 col-md-12 col-xs-12 col-sm-12\"><\/div>\n<\/div>\n<\/div>\n<\/div>\n","protected":false},"excerpt":{"rendered":"<p>&nbsp; 9h05 Canad\u00e1 Su empresa de traducci\u00f3n en Toronto, Ontario (Canad\u00e1) Traducciones certificadas y traducciones especializadas en ingl\u00e9s, espa\u00f1ol y franc\u00e9s cotizar &nbsp; SOLUCIONES DE TRADUCCI\u00d3N PARA EMPRESAS EN CANAD\u00c1 Con m\u00e1s de un mill\u00f3n de palabras traducidas cada a\u00f1o en franc\u00e9s, espa\u00f1ol e ingl\u00e9s, brindamos soluciones de traducci\u00f3n de \u00f3ptima calidad dise\u00f1adas para adaptarse [&hellip;]<\/p>\n","protected":false},"author":9,"featured_media":0,"parent":8853,"menu_order":0,"comment_status":"closed","ping_status":"closed","template":"template\/page\/fullwidth.php","meta":{"site-sidebar-layout":"default","site-content-layout":"default","ast-site-content-layout":"default","site-content-style":"default","site-sidebar-style":"default","ast-global-header-display":"","ast-banner-title-visibility":"","ast-main-header-display":"","ast-hfb-above-header-display":"","ast-hfb-below-header-display":"","ast-hfb-mobile-header-display":"","site-post-title":"","ast-breadcrumbs-content":"","ast-featured-img":"","footer-sml-layout":"","theme-transparent-header-meta":"default","adv-header-id-meta":"","stick-header-meta":"default","header-above-stick-meta":"","header-main-stick-meta":"","header-below-stick-meta":"","astra-migrate-meta-layouts":"set","ast-page-background-enabled":"default","ast-page-background-meta":{"desktop":{"background-color":"var(--ast-global-color-4)","background-image":"","background-repeat":"repeat","background-position":"center center","background-size":"auto","background-attachment":"scroll","background-type":"","background-media":"","overlay-type":"","overlay-color":"","overlay-opacity":"","overlay-gradient":""},"tablet":{"background-color":"","background-image":"","background-repeat":"repeat","background-position":"center center","background-size":"auto","background-attachment":"scroll","background-type":"","background-media":"","overlay-type":"","overlay-color":"","overlay-opacity":"","overlay-gradient":""},"mobile":{"background-color":"","background-image":"","background-repeat":"repeat","background-position":"center center","background-size":"auto","background-attachment":"scroll","background-type":"","background-media":"","overlay-type":"","overlay-color":"","overlay-opacity":"","overlay-gradient":""}},"ast-content-background-meta":{"desktop":{"background-color":"var(--ast-global-color-5)","background-image":"","background-repeat":"repeat","background-position":"center center","background-size":"auto","background-attachment":"scroll","background-type":"","background-media":"","overlay-type":"","overlay-color":"","overlay-opacity":"","overlay-gradient":""},"tablet":{"background-color":"var(--ast-global-color-5)","background-image":"","background-repeat":"repeat","background-position":"center center","background-size":"auto","background-attachment":"scroll","background-type":"","background-media":"","overlay-type":"","overlay-color":"","overlay-opacity":"","overlay-gradient":""},"mobile":{"background-color":"var(--ast-global-color-5)","background-image":"","background-repeat":"repeat","background-position":"center center","background-size":"auto","background-attachment":"scroll","background-type":"","background-media":"","overlay-type":"","overlay-color":"","overlay-opacity":"","overlay-gradient":""}},"footnotes":""},"yst_prominent_words":[],"class_list":["post-8857","page","type-page","status-publish","hentry"],"_links":{"self":[{"href":"https:\/\/www.9h05.com\/es\/wp-json\/wp\/v2\/pages\/8857","targetHints":{"allow":["GET"]}}],"collection":[{"href":"https:\/\/www.9h05.com\/es\/wp-json\/wp\/v2\/pages"}],"about":[{"href":"https:\/\/www.9h05.com\/es\/wp-json\/wp\/v2\/types\/page"}],"author":[{"embeddable":true,"href":"https:\/\/www.9h05.com\/es\/wp-json\/wp\/v2\/users\/9"}],"replies":[{"embeddable":true,"href":"https:\/\/www.9h05.com\/es\/wp-json\/wp\/v2\/comments?post=8857"}],"version-history":[{"count":8,"href":"https:\/\/www.9h05.com\/es\/wp-json\/wp\/v2\/pages\/8857\/revisions"}],"predecessor-version":[{"id":29442,"href":"https:\/\/www.9h05.com\/es\/wp-json\/wp\/v2\/pages\/8857\/revisions\/29442"}],"up":[{"embeddable":true,"href":"https:\/\/www.9h05.com\/es\/wp-json\/wp\/v2\/pages\/8853"}],"wp:attachment":[{"href":"https:\/\/www.9h05.com\/es\/wp-json\/wp\/v2\/media?parent=8857"}],"wp:term":[{"taxonomy":"yst_prominent_words","embeddable":true,"href":"https:\/\/www.9h05.com\/es\/wp-json\/wp\/v2\/yst_prominent_words?post=8857"}],"curies":[{"name":"wp","href":"https:\/\/api.w.org\/{rel}","templated":true}]}}