{"id":7369,"date":"2020-04-19T13:26:15","date_gmt":"2020-04-19T13:26:15","guid":{"rendered":"https:\/\/www.9h05.com\/?page_id=7369"},"modified":"2020-04-19T13:29:48","modified_gmt":"2020-04-19T13:29:48","slug":"poemas-de-alfredo-gangotena-traducidos-al-espanol-por-benjamin-aguilar","status":"publish","type":"page","link":"https:\/\/www.9h05.com\/es\/poemas-de-alfredo-gangotena-traducidos-al-espanol-por-benjamin-aguilar\/","title":{"rendered":"Poemas de Alfredo Gangotena traducidos al espa\u00f1ol por Benjamin Aguilar"},"content":{"rendered":"\n<p><\/p>\n\n\n\n<h2 class=\"wp-block-image size-large wp-block-heading\">Poemas de Alfredo Gangotena traducidos al espa\u00f1ol por Benjamin Aguilar<\/h2>\n\n\n\n<figure class=\"wp-block-image size-large\"><img data-recalc-dims=\"1\" decoding=\"async\" width=\"800\" height=\"800\" src=\"https:\/\/i0.wp.com\/www.9h05.com\/wp-content\/uploads\/2020\/04\/alfredo-gangotena-traducciones.jpg?resize=800%2C800&#038;ssl=1\" alt=\"\" class=\"wp-image-7370\" srcset=\"https:\/\/i0.wp.com\/www.9h05.com\/wp-content\/uploads\/2020\/04\/alfredo-gangotena-traducciones.jpg?w=800&amp;ssl=1 800w, https:\/\/i0.wp.com\/www.9h05.com\/wp-content\/uploads\/2020\/04\/alfredo-gangotena-traducciones.jpg?resize=300%2C300&amp;ssl=1 300w, https:\/\/i0.wp.com\/www.9h05.com\/wp-content\/uploads\/2020\/04\/alfredo-gangotena-traducciones.jpg?resize=150%2C150&amp;ssl=1 150w, https:\/\/i0.wp.com\/www.9h05.com\/wp-content\/uploads\/2020\/04\/alfredo-gangotena-traducciones.jpg?resize=768%2C768&amp;ssl=1 768w, https:\/\/i0.wp.com\/www.9h05.com\/wp-content\/uploads\/2020\/04\/alfredo-gangotena-traducciones.jpg?resize=100%2C100&amp;ssl=1 100w, https:\/\/i0.wp.com\/www.9h05.com\/wp-content\/uploads\/2020\/04\/alfredo-gangotena-traducciones.jpg?resize=450%2C450&amp;ssl=1 450w, https:\/\/i0.wp.com\/www.9h05.com\/wp-content\/uploads\/2020\/04\/alfredo-gangotena-traducciones.jpg?resize=270%2C270&amp;ssl=1 270w\" sizes=\"(max-width: 800px) 100vw, 800px\" \/><\/figure>\n\n\n\n<p><p style=\"padding-left: 80px;\"><strong>POEMAS<\/strong><\/p><\/p>\n\n\n\n<p><p style=\"padding-left: 80px;\">PASEO EN EL TECHO<\/p><\/p>\n\n\n\n<p><p style=\"padding-left: 80px;\"><em>A Jules Supervielle<\/em><\/p><\/p>\n\n\n\n<p><p style=\"padding-left: 80px;\">Es el front\u00f3n del techo,<br>\u00f3rgano de tejas,<br>caballete de estrellas,<br>el subterfugio del son\u00e1mbulo<\/p><\/p>\n\n\n\n<p><p style=\"padding-left: 80px;\">En la chimenea&nbsp;<br>el p\u00e1jaro agita sus alas cual<br>v\u00e1lvulas de mis suspiros.<\/p><\/p>\n\n\n\n<p><p style=\"padding-left: 80px;\">He visto que usted,&nbsp;<br>por falta de arena,<br>desparramaba la espuma<br>en la laguna celeste.<\/p><\/p>\n\n\n\n<p><p style=\"padding-left: 80px;\">Me subo al abejorro&nbsp;<br>y, cual periscopio,&nbsp;<br>atravieso el tragaluz.<\/p><\/p>\n\n\n\n<p><p style=\"padding-left: 80px;\">En lo profundo del alma, escandido, brot\u00f3,<br>chorreando del sif\u00f3n,<br>el movimiento.<br>El \u00edndice del hombre<br>empuja los minutos&nbsp;<br>que impiden el progreso.<\/p><\/p>\n\n\n\n<p><p style=\"padding-left: 80px;\">En el aire interior,<br>destilado por mis pulmones,<br>el ojo navega aventurero.<\/p><\/p>\n\n\n\n<p><p style=\"padding-left: 80px;\">En la \u00f3rbita el coraz\u00f3n se desborda:<br>me inclino del lado derecho.<br>Pero el eje de mi deseo coincide<br>con el de la plomada.<\/p><\/p>\n\n\n\n<p><p style=\"padding-left: 80px;\">Al borde de tu piso ondulado,<br>isla est\u00e9ril<br>\u2014ba\u00f1ada por un r\u00edo de asfalto\u2014,<br>extiendo la vara de mi muerte.&nbsp;<\/p><\/p>\n\n\n\n<p><p style=\"padding-left: 80px;\">Si no cae la luna, y no me despierta,<br>como una jarra de agua fr\u00eda:<br>\u00bfme dar\u00eda usted un brote de cebolla<br>para que en la sombra surjan mis ojos?<\/p><\/p>\n\n\n\n<p><p style=\"padding-left: 80px;\">\u00a1Ah! \u00a1permita por lo menos que termine mi poema&nbsp;<br>antes de que alcance el final del techo!<\/p><\/p>\n\n\n\n<p><p style=\"padding-left: 80px;\">~~~<\/p><\/p>\n\n\n\n<p><p style=\"padding-left: 80px;\"><em>A Gonzalo Zaldumbide<\/em><\/p><\/p>\n\n\n\n<p><p style=\"padding-left: 80px;\">Aprendo la gram\u00e1tica<br>de mi pensamiento solitario.<\/p><\/p>\n\n\n\n<p><p style=\"padding-left: 80px;\">Entre el follaje rosado<br>todo tiembla menos<br>este libro protector que reposa<br>como un \u00e1ngel adormecido.<\/p><\/p>\n\n\n\n<p><p style=\"padding-left: 80px;\">R\u00edgido en la acera, el hombre&nbsp;<br>es fiel retrato del \u00e1rbol.<br>El techo agita su ramaje de pizarra<br>donde florecen p\u00e1jaros negros.<\/p><\/p>\n\n\n\n<p><p style=\"padding-left: 80px;\">Bajo el cielo, campana de tomillo,<br>\u2014plumaje de fuego\u2014 la tarde se apaga.<\/p><\/p>\n\n\n\n<p><p style=\"padding-left: 80px;\">Transitorio, en la sombra irrumpe&nbsp;<br>la imagen del mejor amigo.<br>Mi \u00e1ngel guardi\u00e1n ah\u00ed reposa&nbsp;<br>como un libro dormido.<\/p><\/p>\n\n\n\n<p><p style=\"padding-left: 80px;\">En la taza de manzanilla&nbsp;<br>se ahogaron las miradas.<br>La noche hunde su quilla&nbsp;<br>en la ensenada del hogar.<\/p><\/p>\n\n\n\n<p><p style=\"padding-left: 80px;\">~~~<\/p><\/p>\n\n\n\n<p><p style=\"padding-left: 80px;\"><strong>POEMAS<\/strong><\/p><\/p>\n\n\n\n<p><p style=\"padding-left: 80px;\">VITRAL<\/p><\/p>\n\n\n\n<p><p style=\"padding-left: 80px;\">Los santos del portal&nbsp;<br>admiran el paisaje.<br>Desplieguen el abanico,<br>p\u00e1jaros, en lo fuerte de la curva.<\/p><\/p>\n\n\n\n<p><p style=\"padding-left: 80px;\">Enguirnalde el umbral de la puerta,&nbsp;<br>l\u00facidas im\u00e1genes de la iglesia:<br>el \u00e1ngelus nos trae&nbsp;<br>las cascadas de la brisa.<\/p><\/p>\n\n\n\n<p><p style=\"padding-left: 80px;\">La rosa deshoja sus p\u00e9talos:<br>conchas, hombros de mar.<br>Se\u00f1or, agrande los ramajes<br>de sus sombr\u00edos d\u00e9dalos.<\/p><\/p>\n\n\n\n<p><p style=\"padding-left: 80px;\">Pincel de m\u00fasica en la aurora,<br>el herborista bordea el r\u00edo.<br>El batik es la tela que reviste<br>la corola de las pr\u00edmulas.<\/p><\/p>\n\n\n\n<p><p style=\"padding-left: 80px;\">Del roble a la rama de boje<br>tambi\u00e9n viaja el alma del pintor<br>con las cabras se entiende<br>y con placidez devora las hojas de acanto.<\/p><\/p>\n\n\n\n<p><p style=\"padding-left: 80px;\">Vidrieras de la atm\u00f3sfera,<br>son monedas del papa en abundancia.<br>Amigos, para acudir a Citera,<br>\u00bfexisten mejores remos?<\/p><\/p>\n\n\n\n<p><p style=\"padding-left: 80px;\">Les brindo las tartas y el pan:<br>campos cuadrados de lejanos valles.<br>Extraiga la esencia del agua<br>con verdes cucharas de alcachofa.<\/p><\/p>\n\n\n\n<p><p style=\"padding-left: 80px;\">Llama \u00faltima del candelabro,<br>el poeta atropella la copa del \u00e1rbol.<\/p><\/p>\n\n\n\n<p><p style=\"padding-left: 80px;\">\u00a1Uf! mi alma encuaresmada est\u00e1.<br>Para las cuchillas del infolio<br>no se necesita m\u00e1s que el propio bosque<br>en que cantan los ruise\u00f1ores.<\/p><\/p>\n\n\n\n<p><p style=\"padding-left: 80px;\">~~~<\/p><\/p>\n\n\n\n<p><p style=\"padding-left: 80px;\">TERRENO BALD\u00cdO<\/p><\/p>\n\n\n\n<p><p style=\"padding-left: 80px;\">El sue\u00f1o se junta a los racimos de la vid;<br>en alg\u00fan lugar mi alma canta una alborada.<br>Oh brisas, si el p\u00e1jaro te subraya,<br>el d\u00eda estalla como una granada.<\/p><\/p>\n\n\n\n<p><p style=\"padding-left: 80px;\">Cuando la v\u00e1lvula de las ranas<br>hace hervir la ci\u00e9naga,<br>con la oreja puesta en el piso,<br>escucho como brota la pradera.<\/p><\/p>\n\n\n\n<p><p style=\"padding-left: 80px;\">El vuelo de las lib\u00e9lulas,&nbsp;<br>en donde fermenta el aguardiente,<br>desmenuza las grosellas.<br>del soto verde, compotera,<br>a la arboleda, <br>el manzano exhala.<\/p><\/p>\n\n\n\n<p><p style=\"padding-left: 80px;\">El tiempo bebe de la clepsidra.<br>En las acanaladuras del techo&nbsp;<br>la curruca se refresca.<br>\u00a1Cisne!<br>Boca abajo,<br>canto bajo los matorrales;<br>el ramaje de los p\u00e1jaros&nbsp;<br>es el musgo de mi canto.<\/p><\/p>\n\n\n\n<p><p style=\"padding-left: 80px;\">Alma y cuerpo se ensimisman,<br>en el crep\u00fasculo mis ojos son heterocrom\u00e1ticos<br>la vela,<br>pilar del albergue,<br>quema y revela la cosecha.<\/p><\/p>\n\n\n\n<p><p style=\"padding-left: 80px;\">Tanto vino beb\u00ed<br>que mi sombra est\u00e1 ebria.<br>Con el l\u00edquido a\u00e9reo&nbsp;<br>mi soplo crea botellas.<\/p><\/p>\n\n\n\n<p><p style=\"padding-left: 80px;\">Filomela arrastra sus diamantes&nbsp;<br>en los t\u00faneles de la noche.<br>\u00a1El hambre horada el pozo<br>para engullir pan \u00e1cimo!<br>Los frascos de lluvia rebotan&nbsp;<br>en el arco de la tierra:<br>para m\u00ed es la bicicleta la que se desliza&nbsp;<br>sobre la carretera de lija.<\/p><\/p>\n\n\n\n<p><p style=\"padding-left: 80px;\">Como el fr\u00e9jol en su vaina,<br>en la angustia<br>&nbsp;&nbsp;&nbsp;&nbsp;&nbsp;&nbsp;&nbsp;&nbsp;&nbsp;&nbsp;&nbsp;&nbsp;maduro.<\/p><\/p>\n\n\n\n<p><p style=\"padding-left: 80px;\">Me agobia la pared<br>de enfrente.<\/p><\/p>\n\n\n\n<p><p style=\"padding-left: 80px;\">Mis brazos cual postigos&nbsp;<br>de una choza horrenda se cierran.<br>&nbsp;&nbsp;&nbsp;&nbsp;&nbsp;&nbsp;&nbsp;&nbsp;&nbsp;&nbsp;&nbsp;&nbsp;&nbsp;&nbsp;&nbsp;&nbsp;&nbsp;&nbsp;&nbsp;&nbsp;&nbsp;&nbsp;&nbsp;&nbsp;Toda la acritud de la sal bautismal&nbsp;<br>mezclada con mi saliva<br>siento ahora.<\/p><\/p>\n\n\n\n<p><p style=\"padding-left: 80px;\">&nbsp;&nbsp;&nbsp;&nbsp;&nbsp;&nbsp;&nbsp;&nbsp;&nbsp;&nbsp;&nbsp;&nbsp;&nbsp;&nbsp;&nbsp;&nbsp;&nbsp;&nbsp;&nbsp;&nbsp;&nbsp;&nbsp;&nbsp;&nbsp;Aprend\u00ed el Esperanto<br>&nbsp;&nbsp;&nbsp;&nbsp;&nbsp;&nbsp;&nbsp;&nbsp;&nbsp;&nbsp;&nbsp;&nbsp;&nbsp;&nbsp;&nbsp;&nbsp;&nbsp;&nbsp;&nbsp;&nbsp;&nbsp;&nbsp;&nbsp;entre las paredes del Barrio latino.<br>&nbsp;&nbsp;&nbsp;&nbsp;&nbsp;&nbsp;&nbsp;&nbsp;&nbsp;&nbsp;&nbsp;&nbsp;&nbsp;&nbsp;&nbsp;&nbsp;&nbsp;&nbsp;&nbsp;&nbsp;&nbsp;&nbsp;&nbsp;&nbsp;Se\u00f1or, le implico;<br>&nbsp;&nbsp;&nbsp;&nbsp;&nbsp;&nbsp;&nbsp;&nbsp;&nbsp;&nbsp;&nbsp;&nbsp;&nbsp;&nbsp;&nbsp;&nbsp;&nbsp;&nbsp;&nbsp;&nbsp;&nbsp;&nbsp;&nbsp;&nbsp;La regla T es mi picota;<br>&nbsp;&nbsp;&nbsp;&nbsp;&nbsp;&nbsp;&nbsp;&nbsp;&nbsp;&nbsp;&nbsp;&nbsp;&nbsp;&nbsp;&nbsp;&nbsp;&nbsp;&nbsp;&nbsp;&nbsp;&nbsp;&nbsp;&nbsp;&nbsp;me s\u00e9 de memoria las ecuaciones<br>&nbsp;&nbsp;&nbsp;&nbsp;&nbsp;&nbsp;&nbsp;&nbsp;&nbsp;&nbsp;&nbsp;&nbsp;&nbsp;&nbsp;&nbsp;&nbsp;&nbsp;&nbsp;&nbsp;&nbsp;&nbsp;&nbsp;&nbsp;&nbsp;de todas las curvas siderales.<br>El \u00edndice recorre la orilla de las ventanas;<br>el grito de las u\u00f1as despierta el rel\u00e1mpago.<br>Para realzar el carm\u00edn de mi verg\u00fcenza<br>me restriego contra las hojas de ortiga<\/p><\/p>\n\n\n\n<p><p style=\"padding-left: 80px;\">&nbsp;&nbsp;&nbsp;&nbsp;&nbsp;&nbsp;&nbsp;&nbsp;&nbsp;&nbsp;&nbsp;&nbsp;&nbsp;&nbsp;&nbsp;&nbsp;&nbsp;&nbsp;&nbsp;&nbsp;&nbsp;&nbsp;&nbsp;&nbsp;La luz divina<br>&nbsp;&nbsp;&nbsp;&nbsp;&nbsp;&nbsp;&nbsp;&nbsp;&nbsp;&nbsp;&nbsp;&nbsp;&nbsp;&nbsp;&nbsp;&nbsp;&nbsp;&nbsp;&nbsp;&nbsp;&nbsp;&nbsp;&nbsp;&nbsp;con su ala desplegada<br>&nbsp;&nbsp;&nbsp;&nbsp;&nbsp;&nbsp;&nbsp;&nbsp;&nbsp;&nbsp;&nbsp;&nbsp;&nbsp;&nbsp;&nbsp;&nbsp;&nbsp;&nbsp;&nbsp;&nbsp;&nbsp;&nbsp;&nbsp;&nbsp;me asierra.<br>El haz de acero&nbsp;<br>que separa los barcos de la semilla<br>me abre la proa de Dios,<br>&nbsp;&nbsp;&nbsp;&nbsp;&nbsp;&nbsp;&nbsp;&nbsp;&nbsp;&nbsp;&nbsp;&nbsp;&nbsp;&nbsp;&nbsp;&nbsp;&nbsp;&nbsp;&nbsp;&nbsp;&nbsp;&nbsp;&nbsp;&nbsp;\u00a1Oh, remanso!<br>La arteria aorta es la m\u00e1s s\u00f3lida amarra.<\/p><\/p>\n\n\n\n<p><p style=\"padding-left: 80px;\">Hacia el \u00e1rbol florecido de las estrellas<br>un perro agota el manantial de mi voz.<br>Y usted, \u00e1ngel m\u00edo con las velas puestas,<br>terrapl\u00e9n de mi noche pringosa \u00a1compl\u00e1zcame!<\/p><\/p>\n\n\n\n<p><p style=\"padding-left: 80px;\">~~~<\/p><\/p>\n\n\n\n<p><p style=\"padding-left: 80px;\">CAMINO<\/p><\/p>\n\n\n\n<p><p style=\"padding-left: 80px;\"><em>A Max Jacob<\/em><\/p><\/p>\n\n\n\n<p><p style=\"padding-left: 80px;\">A m\u00e1s de la tiza, el cristal de las zonas,<br>\u00bfen qu\u00e9 levaduras se echa mi coraz\u00f3n?&nbsp;<br>Manos, verticilos de donde exhalan&nbsp;<br>los discos,<br>&nbsp;&nbsp;&nbsp;&nbsp;&nbsp;&nbsp;&nbsp;&nbsp;&nbsp;&nbsp;&nbsp;&nbsp;la cabalgata de las Amazonas.<\/p>\n<p style=\"padding-left: 80px;\">&nbsp;<\/p>\n<p style=\"padding-left: 80px;\"><strong>\u00a9 Benjamin Aguilar Laguierce, 2020<\/strong><\/p><\/p>\n","protected":false},"excerpt":{"rendered":"<p>Poemas de Alfredo Gangotena traducidos al espa\u00f1ol por Benjamin Aguilar POEMAS PASEO EN EL TECHO A Jules Supervielle Es el front\u00f3n del techo,\u00f3rgano de tejas,caballete de estrellas,el subterfugio del son\u00e1mbulo En la chimenea&nbsp;el p\u00e1jaro agita sus alas cualv\u00e1lvulas de mis suspiros. He visto que usted,&nbsp;por falta de arena,desparramaba la espumaen la laguna celeste. Me subo [&hellip;]<\/p>\n","protected":false},"author":9,"featured_media":0,"parent":0,"menu_order":0,"comment_status":"closed","ping_status":"closed","template":"","meta":{"site-sidebar-layout":"default","site-content-layout":"","ast-site-content-layout":"","site-content-style":"default","site-sidebar-style":"default","ast-global-header-display":"","ast-banner-title-visibility":"","ast-main-header-display":"","ast-hfb-above-header-display":"","ast-hfb-below-header-display":"","ast-hfb-mobile-header-display":"","site-post-title":"","ast-breadcrumbs-content":"","ast-featured-img":"","footer-sml-layout":"","theme-transparent-header-meta":"","adv-header-id-meta":"","stick-header-meta":"","header-above-stick-meta":"","header-main-stick-meta":"","header-below-stick-meta":"","astra-migrate-meta-layouts":"default","ast-page-background-enabled":"default","ast-page-background-meta":{"desktop":{"background-color":"var(--ast-global-color-4)","background-image":"","background-repeat":"repeat","background-position":"center center","background-size":"auto","background-attachment":"scroll","background-type":"","background-media":"","overlay-type":"","overlay-color":"","overlay-opacity":"","overlay-gradient":""},"tablet":{"background-color":"","background-image":"","background-repeat":"repeat","background-position":"center center","background-size":"auto","background-attachment":"scroll","background-type":"","background-media":"","overlay-type":"","overlay-color":"","overlay-opacity":"","overlay-gradient":""},"mobile":{"background-color":"","background-image":"","background-repeat":"repeat","background-position":"center center","background-size":"auto","background-attachment":"scroll","background-type":"","background-media":"","overlay-type":"","overlay-color":"","overlay-opacity":"","overlay-gradient":""}},"ast-content-background-meta":{"desktop":{"background-color":"var(--ast-global-color-5)","background-image":"","background-repeat":"repeat","background-position":"center center","background-size":"auto","background-attachment":"scroll","background-type":"","background-media":"","overlay-type":"","overlay-color":"","overlay-opacity":"","overlay-gradient":""},"tablet":{"background-color":"var(--ast-global-color-5)","background-image":"","background-repeat":"repeat","background-position":"center center","background-size":"auto","background-attachment":"scroll","background-type":"","background-media":"","overlay-type":"","overlay-color":"","overlay-opacity":"","overlay-gradient":""},"mobile":{"background-color":"var(--ast-global-color-5)","background-image":"","background-repeat":"repeat","background-position":"center center","background-size":"auto","background-attachment":"scroll","background-type":"","background-media":"","overlay-type":"","overlay-color":"","overlay-opacity":"","overlay-gradient":""}},"footnotes":""},"yst_prominent_words":[],"class_list":["post-7369","page","type-page","status-publish","hentry"],"_links":{"self":[{"href":"https:\/\/www.9h05.com\/es\/wp-json\/wp\/v2\/pages\/7369","targetHints":{"allow":["GET"]}}],"collection":[{"href":"https:\/\/www.9h05.com\/es\/wp-json\/wp\/v2\/pages"}],"about":[{"href":"https:\/\/www.9h05.com\/es\/wp-json\/wp\/v2\/types\/page"}],"author":[{"embeddable":true,"href":"https:\/\/www.9h05.com\/es\/wp-json\/wp\/v2\/users\/9"}],"replies":[{"embeddable":true,"href":"https:\/\/www.9h05.com\/es\/wp-json\/wp\/v2\/comments?post=7369"}],"version-history":[{"count":3,"href":"https:\/\/www.9h05.com\/es\/wp-json\/wp\/v2\/pages\/7369\/revisions"}],"predecessor-version":[{"id":7374,"href":"https:\/\/www.9h05.com\/es\/wp-json\/wp\/v2\/pages\/7369\/revisions\/7374"}],"wp:attachment":[{"href":"https:\/\/www.9h05.com\/es\/wp-json\/wp\/v2\/media?parent=7369"}],"wp:term":[{"taxonomy":"yst_prominent_words","embeddable":true,"href":"https:\/\/www.9h05.com\/es\/wp-json\/wp\/v2\/yst_prominent_words?post=7369"}],"curies":[{"name":"wp","href":"https:\/\/api.w.org\/{rel}","templated":true}]}}