{"id":7335,"date":"2020-02-12T12:48:28","date_gmt":"2020-02-12T12:48:28","guid":{"rendered":"https:\/\/www.9h05.com\/?page_id=7335"},"modified":"2025-12-02T14:18:45","modified_gmt":"2025-12-02T14:18:45","slug":"benjamin-aguilar-laguierce-traductor-profesional","status":"publish","type":"page","link":"https:\/\/www.9h05.com\/es\/benjamin-aguilar-laguierce-traductor-profesional\/","title":{"rendered":"Benjamin Aguilar Laguierce, traductor profesional"},"content":{"rendered":"<div class=\"tmpl-call_to_action-4 boldgrid-section dynamic-gridblock background-scroll\" style=\"border-width: 0px; background-image: url('https:\/\/www.9h05.com\/wp-content\/uploads\/2022\/10\/Benjamin-18.jpg'); background-size: cover; background-position: 50% 50%;\" data-image-url=\"https:\/\/www.9h05.com\/wp-content\/uploads\/2022\/10\/Benjamin-18.jpg\">\n<div class=\"container\">\n<div class=\"row\">\n<div class=\"col-md-8 col-sm-6 col-xs-2 col-lg-7\">\n<p>&nbsp;<\/p>\n<\/div>\n<div class=\"col-md-4 col-sm-6 col-xs-10 col-lg-5\">\n<div class=\"bg-box-cover bg-background-color bg-box\" style=\"padding: 85px 10%; background-color: rgba(255, 255, 255, 0.8); color: #1d1d1d;\">\n<h1 class=\"h1\" style=\"margin: 30px 0;\">Benjamin Aguilar Laguierce<\/h1>\n<div class=\"row bg-editor-hr-wrap\">\n<div class=\"col-lg-12 col-md-12 col-xs-12 col-sm-12\">\n<hr class=\"color1-color bg-hr\" style=\"border: 2px solid; margin-left: 0px;\" width=\"50%\">\n<\/div>\n<\/div>\n<h2 class=\"\">Cofundador y Presidente del Directorio de 9h05 Group<\/h2>\n<h3 class=\"\" style=\"margin: 30px 0;\">Traductor profesional experimentado de espa\u00f1ol, franc\u00e9s, ingl\u00e9s e italiano<\/h3>\n<p class=\"\">Traductor judicial, especializado y literario destacado de espa\u00f1ol, franc\u00e9s, ingl\u00e9s e italiano.<\/p>\n<p>&nbsp;<\/p>\n<p class=\"\" style=\"text-align: center;\">&nbsp;<\/p>\n<p class=\"\" style=\"text-align: center;\"><a class=\"btn-color-5 btn btn-uppercase btn-pill btn-raised btn-regular\" href=\"https:\/\/pay.9h05.com\/\">Contratar<\/a><\/p>\n<\/div>\n<\/div>\n<\/div>\n<\/div>\n<\/div>\n<div class=\"color4-background-color color-4-text-contrast bg-background-color tmpl-text-12 boldgrid-section dynamic-gridblock\">\n<div class=\"container\">\n<div class=\"row\">\n<div class=\"col-lg-12 col-md-12 col-xs-12 col-sm-12\">\n<p class=\"\">&nbsp;<\/p>\n<\/div>\n<\/div>\n<div class=\"row\">\n<div class=\"col-lg-12 col-md-12 col-xs-12 col-sm-12\">\n<p class=\"\">&nbsp;<\/p>\n<\/div>\n<\/div>\n<div class=\"row\">\n<div class=\"col-md-12 col-sm-12 col-xs-12 col-lg-12\">\n<h2 class=\"\" style=\"text-align: center;\">Benjamin Aguilar Laguierce<\/h2>\n<\/div>\n<\/div>\n<div class=\"row\" style=\"padding-top: 20px;\">\n<div class=\"col-md-4 col-sm-4 col-xs-12 fadeInUp col-lg-4\">\n<div style=\"height: 100%; padding: 2em;\" class=\"color3-background-color color-3-text-contrast bg-background-color bg-box\">\n<div class=\"wpb_text_column wpb_content_element \">\n<div class=\"wpb_wrapper\">\n<p class=\"\">Benjamin naci\u00f3 en una familia multicultural. Ba\u00f1ado desde su m\u00e1s tierna infancia en varios idiomas, se dedic\u00f3 l\u00f3gicamente a la pr\u00e1ctica de la traducci\u00f3n. Traductor profesional desde 2006, tiene 14 a\u00f1os de experiencia en la traducci\u00f3n de textos exigentes con muy alto nivel t\u00e9cnico. Es perito traductor del Consejo de la judicatura (No. 1860788) y traductor acreditado por la Embajada de Francia en Ecuador, perito judicial en traducci\u00f3n por la corte de apelaci\u00f3n en Francia. Adem\u00e1s, cuenta con numerosos reconocimientos de traductor alrededor del mundo.<\/p>\n<p class=\"\">&nbsp;<\/p>\n<\/div>\n<\/div>\n<\/div>\n<\/div>\n<div class=\"col-md-4 col-sm-4 col-xs-12 fadeInUp col-lg-4\">\n<div style=\"height: 100%; padding: 2em;\" class=\"color3-background-color color-3-text-contrast bg-background-color bg-box\">\n<p class=\"\">Adem\u00e1s de sus tareas de traductor jur\u00eddico y t\u00e9cnico, ha traducido varias novelas cortas, relatos, poes\u00eda, ensayos y art\u00edculos de investigaci\u00f3n cient\u00edfica y period\u00edstica. Varios de sus trabajos han sido publicados. Asimismo, es investigador cotizado en traductolog\u00eda, ling\u00fc\u00edstica y lexicolog\u00eda. Sus trabajos en el \u00e1rea del <a href=\"https:\/\/u-bordeaux3.academia.edu\/BenjaminLaguierce\">hispanismo acad\u00e9mico<\/a> han sido compartidos cientos de veces.<\/p>\n<p class=\"\">&nbsp;<\/p>\n<p class=\"\" style=\"text-align: center;\"><i class=\"fa bg-inserted-icon fa-certificate\" style=\"font-size: 36px; border-width: 0px;\" aria-hidden=\"true\"> <span style=\"display: none;\">&nbsp;<\/span> <\/i><\/p>\n<\/div>\n<\/div>\n<div class=\"col-md-4 col-sm-4 col-xs-12 fadeInUp col-lg-4\">\n<div style=\"height: 100%; padding: 2em;\" class=\"color3-background-color color-3-text-contrast bg-background-color bg-box\">\n<p class=\"\">En 2009, fund\u00f3 la empresa de traducci\u00f3n 9h05 International que pronto creci\u00f3 hasta implementar varias sedes en el mundo. En la actualidad, es titular de varias marcas comerciales, patentes y derechos de autor que materializan su labor continua en pro de la mejora de los servicios de traducci\u00f3n y de la experiencia integral del cliente.<\/p>\n<p class=\"\">Con su incansable labor y trabajo perfeccionista, supo ganarse la confianza de miles de clientes nacionales e internacionales, entre los que destacan numerosas compa\u00f1\u00edas multinacionales.<\/p>\n<\/div>\n<\/div>\n<\/div>\n<\/div>\n<\/div>\n<div class=\"boldgrid-section\">\n<div class=\"container\">\n<div class=\"row\">\n<div class=\"col-lg-12 col-md-12 col-xs-12 col-sm-12\">\n<p class=\"\">&nbsp;<\/p>\n<\/div>\n<\/div>\n<\/div>\n<\/div>\n<div class=\"tmpl-services-5 boldgrid-section dynamic-gridblock\">\n<div class=\"container-fluid\">\n<div class=\"row\">\n<div class=\"col-md-12 col-sm-12 col-xs-12 col-lg-12\">\n<h2 class=\"\" style=\"text-align: left;\">Lenguas<\/h2>\n<\/div>\n<\/div>\n<div class=\"row\">\n<div class=\"col-md-3 col-sm-6 col-xs-12 align-column-stretch col-lg-3\">\n<div class=\"bg-box-cover color4-background-color color-4-text-contrast bg-background-color bg-box\" style=\"padding: 50px 20px;\">\n<p class=\"\" style=\"text-align: center;\"><i class=\"color5-color fa fa-diamond\" style=\"font-size: 45px; border-width: 0px;\" aria-hidden=\"true\"><span style=\"display: none;\">&nbsp;<\/span><\/i><\/p>\n<p class=\"h4\" style=\"text-align: center; text-transform: uppercase;\">Franc\u00e9s<\/p>\n<p class=\"\" style=\"text-align: center;\"><i class=\"fa fa-window-minimize color5-color\" aria-hidden=\"true\"><span style=\"display: none;\">&nbsp;<\/span><\/i><\/p>\n<p class=\"\" style=\"text-align: center; margin: 30px 0;\">El idioma franc\u00e9s es una de las lenguas maternas de Benjamin Aguilar-Laguierce.&nbsp;<\/p>\n<\/div>\n<\/div>\n<div class=\"col-md-3 col-sm-6 col-xs-12 align-column-stretch col-lg-3\">\n<div class=\"bg-box-cover color5-background-color color-5-text-contrast bg-background-color bg-box\" style=\"padding: 50px 20px;\">\n<p class=\"\" style=\"text-align: center;\"><i class=\"color2-color fa fa-flag-o\" style=\"font-size: 45px; border-width: 0px;\" aria-hidden=\"true\"><span style=\"display: none;\">&nbsp;<\/span><\/i><\/p>\n<p class=\"h4\" style=\"text-align: center; text-transform: uppercase;\">espa\u00f1ol<\/p>\n<p class=\"\" style=\"text-align: center;\"><i class=\"fa fa-window-minimize color2-color\" aria-hidden=\"true\"><span style=\"display: none;\">&nbsp;<\/span><\/i><\/p>\n<p class=\"\" style=\"text-align: center; margin: 30px 0;\">La lengua espa\u00f1ola es el segundo idioma materno de Benjamin Aguilar-Laguierce.<\/p>\n<\/div>\n<\/div>\n<div class=\"col-md-3 col-sm-6 col-xs-12 align-column-stretch col-lg-3\">\n<div class=\"bg-box-cover color2-background-color color-2-text-contrast bg-background-color bg-box\" style=\"padding: 50px 20px;\">\n<p class=\"\" style=\"text-align: center;\"><i class=\"color5-color fa fa-bookmark\" style=\"font-size: 45px; border-width: 0px;\" aria-hidden=\"true\"><span style=\"display: none;\">&nbsp;<\/span><\/i><\/p>\n<p class=\"h4\" style=\"text-align: center; text-transform: uppercase;\">ingl\u00e9s<\/p>\n<p class=\"\" style=\"text-align: center;\"><i class=\"fa fa-window-minimize color5-color\" aria-hidden=\"true\"><span style=\"display: none;\">&nbsp;<\/span><\/i><\/p>\n<p class=\"\" style=\"text-align: center; margin: 30px 0;\">Benjamin alcanz\u00f3 el nivel C2 en idioma ingl\u00e9s.<\/p>\n<\/div>\n<\/div>\n<div class=\"col-md-3 col-sm-6 col-xs-12 align-column-stretch col-lg-3\">\n<div class=\"bg-box-cover color1-background-color color-1-text-contrast bg-background-color bg-box\" style=\"padding: 50px 20px;\">\n<p class=\"\" style=\"text-align: center;\"><i class=\"color5-color fa fa-magic\" style=\"font-size: 45px; border-width: 0px;\" aria-hidden=\"true\"><span style=\"display: none;\">&nbsp;<\/span><\/i><\/p>\n<p class=\"h4\" style=\"text-align: center; text-transform: uppercase;\">italiano<\/p>\n<p class=\"\" style=\"text-align: center;\"><i class=\"fa fa-window-minimize color5-color\" aria-hidden=\"true\"><span style=\"display: none;\">&nbsp;<\/span><\/i><\/p>\n<p class=\"\" style=\"text-align: center; margin: 30px 0;\">Benjamin cuenta con un nivel de lengua italiano C1 del MCER.<\/p>\n<\/div>\n<\/div>\n<\/div>\n<\/div>\n<\/div>\n<div class=\"tmpl-services-10 boldgrid-section dynamic-gridblock background-fixed\" style=\"background-size: auto; color: #000000; background-image: url('https:\/\/www.9h05.com\/wp-content\/plugins\/post-and-page-builder\/assets\/image\/patterns\/black-thread.png'); border-width: 0px; background-position: 50% 50%; background-repeat: repeat repeat;\">\n<div class=\"container\">\n<div class=\"row\">\n<div class=\"col-md-12 col-sm-12 col-xs-12 col-lg-12\">\n<h2 class=\"\" style=\"text-align: left;\">Formaci\u00f3n universitaria<\/h2>\n<\/div>\n<\/div>\n<div class=\"row\" style=\"padding-top: 10px; padding-bottom: 15px;\">\n<div class=\"col-md-4 col-sm-4 col-xs-12 col-lg-3\">\n<div class=\"row\" style=\"padding-top: 35px; padding-bottom: 15px;\">\n<div class=\"col-md-12 col-sm-12 col-xs-12 col-lg-12\">\n<div style=\"border-top: 7px solid;\" class=\"color3-background-color color-3-text-contrast bg-background-color color2-border-color bg-box\">\n<p class=\"\" style=\"text-align: center; margin: -40px 0px 25px;\"><i class=\"color2-background-color color-2-text-contrast bg-background-color fa fa-flash\" style=\"font-size: 30px; padding: 0.4em; border-radius: 50px; box-shadow: 1px 2px 3px 0px rgba(0,0,0,0.50);\" aria-hidden=\"true\"><span style=\"display: none;\">&nbsp;<\/span><\/i><\/p>\n<h3 style=\"text-align: center;\">Doctorado en &nbsp;ling\u00fc\u00edstica aplicada<\/h3>\n<\/div>\n<\/div>\n<\/div>\n<\/div>\n<div class=\"col-md-4 col-sm-4 col-xs-12 col-lg-3\">\n<div class=\"row\" style=\"padding-top: 35px; padding-bottom: 15px;\">\n<div class=\"col-md-12 col-sm-12 col-xs-12 col-lg-12\">\n<div style=\"border-top: 7px solid;\" class=\"color3-background-color color-3-text-contrast bg-background-color color2-border-color bg-box\">\n<p class=\"\" style=\"text-align: center; margin: -40px 0px 25px;\"><i class=\"color2-background-color color-2-text-contrast bg-background-color fa fa-star\" style=\"font-size: 30px; padding: 0.4em; border-radius: 50px; box-shadow: 1px 2px 3px 0px rgba(0,0,0,0.50);\" aria-hidden=\"true\"><span style=\"display: none;\">&nbsp;<\/span><\/i><\/p>\n<h3 style=\"text-align: center;\">M\u00e1ster en traducci\u00f3n editorial de ingl\u00e9s<\/h3>\n<\/div>\n<\/div>\n<\/div>\n<\/div>\n<div class=\"col-md-4 col-sm-4 col-xs-12 col-lg-3\">\n<div class=\"row\" style=\"padding-top: 35px; padding-bottom: 15px;\">\n<div class=\"col-md-12 col-sm-12 col-xs-12 col-lg-12\">\n<div style=\"border-top: 7px solid;\" class=\"color3-background-color color-3-text-contrast bg-background-color color2-border-color bg-box\">\n<p class=\"\" style=\"text-align: center; margin: -40px 0px 25px;\"><i class=\"color2-background-color color-2-text-contrast bg-background-color fa fa-bolt\" style=\"font-size: 30px; padding: 0.4em; border-radius: 50px; box-shadow: rgba(0, 0, 0, 0.5) 1px 2px 3px 0px; border-width: 0px;\" aria-hidden=\"true\"><span style=\"display: none;\">&nbsp;<\/span><\/i><\/p>\n<h3 style=\"text-align: center;\">M\u00e1ster en estudios hisp\u00e1nicos aplicados a la traducci\u00f3n<\/h3>\n<\/div>\n<\/div>\n<\/div>\n<\/div>\n<div class=\"col-md-4 col-sm-4 col-xs-12 col-lg-3\">\n<div class=\"row\" style=\"padding-top: 35px; padding-bottom: 15px;\">\n<div class=\"col-md-12 col-sm-12 col-xs-12 col-lg-12\">\n<div style=\"border-top: 7px solid;\" class=\"color3-background-color color-3-text-contrast bg-background-color color2-border-color bg-box\">\n<p class=\"\" style=\"text-align: center; margin: -40px 0px 25px;\"><i class=\"color2-background-color color-2-text-contrast bg-background-color fa fa-puzzle-piece\" style=\"font-size: 30px; padding: 0.4em; border-radius: 50px; box-shadow: rgba(0, 0, 0, 0.5) 1px 2px 3px 0px; border-width: 0px;\" aria-hidden=\"true\"><span style=\"display: none;\">&nbsp;<\/span><\/i><\/p>\n<h3 style=\"text-align: center;\">Especializaci\u00f3n de experto judicial<\/h3>\n<\/div>\n<\/div>\n<\/div>\n<\/div>\n<\/div>\n<\/div>\n<\/div>\n<div class=\"tmpl-text-17 boldgrid-section dynamic-gridblock background-parallax\" style=\"background-size: auto; background-image: url('https:\/\/www.9h05.com\/wp-content\/plugins\/post-and-page-builder\/assets\/image\/patterns\/black-lozenge.png'); border-width: 0px; background-position: 50% 50%; background-repeat: repeat repeat;\">\n<div class=\"container\">\n<div class=\"row\" style=\"padding-top: 20px; padding-bottom: 20px;\">\n<div class=\"col-md-3 col-xs-12 col-sm-6 col-lg-3\">\n<div style=\"border-width: 3px; border-style: solid;\" class=\"color5-background-color color-5-text-contrast bg-background-color color-neutral-border-color bg-box\">\n<div class=\"row\" style=\"padding-top: 15px;\">\n<div class=\"col-md-7 col-xs-6 col-sm-7 align-column-center text-right bg-box-cover col-lg-7\">\n<div>\n<p class=\"\" style=\"text-align: left;\"><i class=\"fa fa-language\" style=\"font-size: 30px; padding: 0.5em; border-width: 0px;\" aria-hidden=\"true\"><span style=\"display: none;\">&nbsp;<\/span><\/i><\/p>\n<\/div>\n<\/div>\n<\/div>\n<h4 class=\"\" style=\"margin-top: 5px;\">Traductor profesional calificado<\/h4>\n<\/div>\n<\/div>\n<div class=\"col-md-3 col-xs-12 col-sm-6 col-lg-3\">\n<div style=\"border-width: 3px; border-style: solid;\" class=\"color5-background-color color-5-text-contrast bg-background-color color-neutral-border-color bg-box\">\n<div class=\"row\" style=\"padding-top: 15px;\">\n<div class=\"col-md-7 col-xs-6 col-sm-7 align-column-center text-right bg-box-cover col-lg-7\">\n<div>\n<p class=\"\" style=\"text-align: left;\"><i class=\"fa fa-shield\" style=\"font-size: 30px; padding: 0.5em; border-width: 0px;\" aria-hidden=\"true\"><span style=\"display: none;\">&nbsp;<\/span><\/i><\/p>\n<\/div>\n<\/div>\n<\/div>\n<h4 class=\"\" style=\"margin-top: 5px; text-align: left;\">Pol\u00edglota con excelentes destrezas<\/h4>\n<\/div>\n<\/div>\n<div class=\"col-md-3 col-xs-12 col-sm-6 col-lg-3\">\n<div style=\"border-width: 3px; border-style: solid;\" class=\"color5-background-color color-5-text-contrast bg-background-color color-neutral-border-color bg-box\">\n<div class=\"row\" style=\"padding-top: 15px;\">\n<div class=\"col-md-7 col-xs-6 col-sm-7 align-column-center text-right bg-box-cover col-lg-7\">\n<div>\n<p class=\"\" style=\"text-align: left;\"><i class=\"fa fa-exchange\" style=\"font-size: 30px; padding: 0.5em; border-width: 0px;\" aria-hidden=\"true\"><span style=\"display: none;\">&nbsp;<\/span><\/i><\/p>\n<\/div>\n<\/div>\n<\/div>\n<h4 class=\"\" style=\"margin-top: 5px; text-align: left;\">Perito traductor y traductor jurado<\/h4>\n<\/div>\n<\/div>\n<div class=\"col-md-3 col-xs-12 col-sm-6 col-lg-3\">\n<div style=\"border-width: 3px; border-style: solid;\" class=\"color5-background-color color-5-text-contrast bg-background-color color-neutral-border-color bg-box\">\n<div class=\"row\" style=\"padding-top: 15px;\">\n<div class=\"col-md-7 col-xs-6 col-sm-7 align-column-center text-right bg-box-cover col-lg-7\">\n<div style=\"text-align: center;\">\n<p class=\"\" style=\"text-align: left;\"><i class=\"fa fa-hand-spock-o\" style=\"font-size: 30px; padding: 0.5em; border-width: 0px;\" aria-hidden=\"true\"><span style=\"display: none;\">&nbsp;<\/span><\/i><\/p>\n<\/div>\n<\/div>\n<\/div>\n<h4 class=\"\" style=\"margin-top: 5px; text-align: left;\">Empresario exitoso y perfeccionista<\/h4>\n<\/div>\n<\/div>\n<\/div>\n<\/div>\n<\/div>\n<div class=\"color-neutral-background-color color-neutral-text-contrast bg-background-color tmpl-team-11 boldgrid-section dynamic-gridblock\">\n<div class=\"container\">\n<div class=\"row\" style=\"padding-top: 50px; padding-bottom: 50px;\">\n<div class=\"col-md-6 col-sm-12 col-xs-12 col-lg-10\">\n<h2 class=\"\" style=\"margin-bottom: 1em;\">Publicaciones<\/h2>\n<ul class=\"\">\n<li>Aguilar Laguierce, Benjamin, \u00ab Repenser la langue : un atelier de traduction po\u00e9tique autour de \u201cEn el principio era el verbo\u201d de Jorgenrique Adoum \u00bb, comunicaci\u00f3n en el marco de la Jornada de Estudio en torno a la lengua materna Latinoam\u00e9rica &#8211; \u00c1frica, Universit\u00e9 Bordeaux-Montaigne, febrero 2025<\/li>\n<li>Aguilar Laguierce, Benjamin, \u00ab La d\u00e9construction de la langue chez Jorgenrique Adoum et sa reconstruction en traduction \u00bb in <em>Conce\u03c6tos : Espagne, Am\u00e9rique latine, Portugal et Afrique lusophone<\/em>, n\u00b0 9, Universit\u00e9 Bordeaux-Montaigne, 2024 (19 p\u00e1ginas)<\/li>\n<li>Aguilar Laguierce, Benjamin, \u00ab La tristesse comme vecteur de f\u00eate chez les \u00c9quatoriens \u00bb, comunicaci\u00f3n en el seminario del equipo de investigaci\u00f3n GRIAL (Ameriber UR 3656), Universit\u00e9 Bordeaux-Montaigne, febrero 2024<\/li>\n<li>Kiefer, Albert, <em>Harley Davidson 120 Years: Une c\u00e9l\u00e9bration en dessin<\/em>, traduit de fran\u00e7ais en anglais, \u00c9ditions Elytis, Bordeaux, 2023 (60 p\u00e1ginas)<\/li>\n<li>Adoum, Jorgenrique, in <em>Oxford Anthology of Translation II<\/em>, \u00ab&nbsp;Lichens in Lycan&nbsp;\u00bb, traduit d\u2019espagnol en anglais, Oxford, janvier 2023<\/li>\n<li>Vizca\u00edno, Santiago, <em>Malaga, pas sans mon nom<\/em>, traduit de l\u2019espagnol, \u00c9ditions Elytis, Bordeaux, 2022 (98 p\u00e1ginas)<\/li>\n<li>Roderick, John, <em>Minka, ma ferme au Japon<\/em>, traduit de l\u2019anglais, \u00c9ditions Elytis, Bordeaux, 2022 (240 p\u00e1ginas)<\/li>\n<li>Adoum, Jorge Enrique, \u00ab La \u00abviveza criolla\u00bb ou l\u2019\u00e9quatorianit\u00e9 \u00bb, traduit de l\u2019espagnol par Benjamin Aguilar Laguierce, in <em>Conce\u03c6tos n\u00b04 | 2021. Activismos culturales en las Am\u00e9ricas latinas del siglo XXI. Pr\u00e1cticas, actores, legados<\/em>, Ameriber, Universit\u00e9 Bordeaux-Montaigne, 2021<\/li>\n<li>\u2026y muchas m\u00e1s<\/li>\n<\/ul>\n<p class=\"\" style=\"margin-bottom: 2em;\">&nbsp;<\/p>\n<\/div>\n<\/div>\n<\/div>\n<\/div>\n","protected":false},"excerpt":{"rendered":"<p>&nbsp; Benjamin Aguilar Laguierce Cofundador y Presidente del Directorio de 9h05 Group Traductor profesional experimentado de espa\u00f1ol, franc\u00e9s, ingl\u00e9s e italiano Traductor judicial, especializado y literario destacado de espa\u00f1ol, franc\u00e9s, ingl\u00e9s e italiano. &nbsp; &nbsp; Contratar &nbsp; &nbsp; Benjamin Aguilar Laguierce Benjamin naci\u00f3 en una familia multicultural. Ba\u00f1ado desde su m\u00e1s tierna infancia en varios [&hellip;]<\/p>\n","protected":false},"author":9,"featured_media":0,"parent":0,"menu_order":0,"comment_status":"closed","ping_status":"closed","template":"","meta":{"site-sidebar-layout":"default","site-content-layout":"default","ast-site-content-layout":"default","site-content-style":"default","site-sidebar-style":"default","ast-global-header-display":"","ast-banner-title-visibility":"","ast-main-header-display":"","ast-hfb-above-header-display":"","ast-hfb-below-header-display":"","ast-hfb-mobile-header-display":"","site-post-title":"disabled","ast-breadcrumbs-content":"","ast-featured-img":"","footer-sml-layout":"","theme-transparent-header-meta":"default","adv-header-id-meta":"","stick-header-meta":"default","header-above-stick-meta":"","header-main-stick-meta":"","header-below-stick-meta":"","astra-migrate-meta-layouts":"set","ast-page-background-enabled":"default","ast-page-background-meta":{"desktop":{"background-color":"var(--ast-global-color-4)","background-image":"","background-repeat":"repeat","background-position":"center center","background-size":"auto","background-attachment":"scroll","background-type":"","background-media":"","overlay-type":"","overlay-color":"","overlay-opacity":"","overlay-gradient":""},"tablet":{"background-color":"","background-image":"","background-repeat":"repeat","background-position":"center center","background-size":"auto","background-attachment":"scroll","background-type":"","background-media":"","overlay-type":"","overlay-color":"","overlay-opacity":"","overlay-gradient":""},"mobile":{"background-color":"","background-image":"","background-repeat":"repeat","background-position":"center center","background-size":"auto","background-attachment":"scroll","background-type":"","background-media":"","overlay-type":"","overlay-color":"","overlay-opacity":"","overlay-gradient":""}},"ast-content-background-meta":{"desktop":{"background-color":"var(--ast-global-color-5)","background-image":"","background-repeat":"repeat","background-position":"center center","background-size":"auto","background-attachment":"scroll","background-type":"","background-media":"","overlay-type":"","overlay-color":"","overlay-opacity":"","overlay-gradient":""},"tablet":{"background-color":"var(--ast-global-color-5)","background-image":"","background-repeat":"repeat","background-position":"center center","background-size":"auto","background-attachment":"scroll","background-type":"","background-media":"","overlay-type":"","overlay-color":"","overlay-opacity":"","overlay-gradient":""},"mobile":{"background-color":"var(--ast-global-color-5)","background-image":"","background-repeat":"repeat","background-position":"center center","background-size":"auto","background-attachment":"scroll","background-type":"","background-media":"","overlay-type":"","overlay-color":"","overlay-opacity":"","overlay-gradient":""}},"footnotes":""},"yst_prominent_words":[],"class_list":["post-7335","page","type-page","status-publish","hentry"],"_links":{"self":[{"href":"https:\/\/www.9h05.com\/es\/wp-json\/wp\/v2\/pages\/7335","targetHints":{"allow":["GET"]}}],"collection":[{"href":"https:\/\/www.9h05.com\/es\/wp-json\/wp\/v2\/pages"}],"about":[{"href":"https:\/\/www.9h05.com\/es\/wp-json\/wp\/v2\/types\/page"}],"author":[{"embeddable":true,"href":"https:\/\/www.9h05.com\/es\/wp-json\/wp\/v2\/users\/9"}],"replies":[{"embeddable":true,"href":"https:\/\/www.9h05.com\/es\/wp-json\/wp\/v2\/comments?post=7335"}],"version-history":[{"count":27,"href":"https:\/\/www.9h05.com\/es\/wp-json\/wp\/v2\/pages\/7335\/revisions"}],"predecessor-version":[{"id":29705,"href":"https:\/\/www.9h05.com\/es\/wp-json\/wp\/v2\/pages\/7335\/revisions\/29705"}],"wp:attachment":[{"href":"https:\/\/www.9h05.com\/es\/wp-json\/wp\/v2\/media?parent=7335"}],"wp:term":[{"taxonomy":"yst_prominent_words","embeddable":true,"href":"https:\/\/www.9h05.com\/es\/wp-json\/wp\/v2\/yst_prominent_words?post=7335"}],"curies":[{"name":"wp","href":"https:\/\/api.w.org\/{rel}","templated":true}]}}