{"id":7326,"date":"2019-09-13T13:15:16","date_gmt":"2019-09-13T13:15:16","guid":{"rendered":"https:\/\/www.9h05.com\/?page_id=7326"},"modified":"2022-10-03T17:33:43","modified_gmt":"2022-10-03T17:33:43","slug":"peritos-traductores-del-ecuador","status":"publish","type":"page","link":"https:\/\/www.9h05.com\/es\/peritos-traductores-del-ecuador\/","title":{"rendered":"Peritos traductores del Ecuador"},"content":{"rendered":"<div class=\"wpb-content-wrapper\"><div class=\"boldgrid-section\">\n<div class=\"container\">\n<div class=\"row\">\n<div class=\"col-lg-12 col-md-12 col-xs-12 col-sm-12\">\n<p>[vc_row][vc_column][vc_single_image image=\u00bb7329&#8243; img_size=\u00bbmedium\u00bb alignment=\u00bbcenter\u00bb][\/vc_column][\/vc_row][vc_row][vc_column][vc_custom_heading text=\u00bbPeritaje y traducci\u00f3n<br \/>\n9h05: Peritos traductores de Ecuador\u00bb font_container=\u00bbtag:h1|text_align:center|color:%230a0a0a\u00bb google_fonts=\u00bbfont_family:ABeeZee%3Aregular%2Citalic|font_style:400%20regular%3A400%3Anormal\u00bb css_animation=\u00bbfadeIn\u00bb][vc_separator][vc_empty_space][\/vc_column][\/vc_row][vc_row][vc_column][vc_empty_space][vc_column_text]9h05 cuenta con peritos traductores acreditados por el Consejo de la Judicatura y habilitados para actuar como traductores ante los tribunales de la Rep\u00fablica del Ecuador.<\/p>\n<p class=\"\">Nuestros peritos est\u00e1n calificados en los idiomas franc\u00e9s, ingl\u00e9s, espa\u00f1ol e hindi. Cuentan con una amplia trayectoria profesional en materia de traducci\u00f3n jurada con validez judicial a nivel nacional e internacional.[\/vc_column_text][vc_empty_space][vc_custom_heading text=\u00bbNuestros peritos traductores\u00bb font_container=\u00bbtag:h2|text_align:left|color:%230066bf\u00bb google_fonts=\u00bbfont_family:ABeeZee%3Aregular%2Citalic|font_style:400%20regular%3A400%3Anormal\u00bb css_animation=\u00bbbounceIn\u00bb][\/vc_column][\/vc_row][vc_row][vc_column width=\u00bb1\/4&#8243;][vc_single_image image=\u00bb7328&#8243; img_size=\u00bbmedium\u00bb alignment=\u00bbcenter\u00bb][\/vc_column][vc_column width=\u00bb3\/4&#8243;][vc_column_text]Adem\u00e1s de ser el <strong>Director ejecutivo<\/strong> de 9h05 del Ecuador (en Quito), Benjamin es traductor profesional, <strong>perito traductor<\/strong> y <strong>traductor jurista<\/strong> desde que se gradu\u00f3 de la Universidad de Bordeaux (France) en 2007. Tiene una Licenciatura y una <strong>Maestr\u00eda en traductolog\u00eda<\/strong>, un diploma de <strong>especializaci\u00f3n superior (posgrado) en traducci\u00f3n judicial<\/strong> y un <strong>M\u00e1ster en traducci\u00f3n, ling\u00fc\u00edstica y literatura<\/strong>. Est\u00e1 cursando un Doctorado en traductolog\u00eda. Prest\u00f3 en numerosas ocasiones sus servicios a la justicia, tanto en Ecuador como fuera del pa\u00eds. Domina el franc\u00e9s y el espa\u00f1ol (ambas lenguas maternas), el ingl\u00e9s, el italiano, el catal\u00e1n y el portugu\u00e9s. Ha sido miembro del directorio de la ATIEC. Es investigador en el \u00e1rea de ciencias de la traducci\u00f3n.[\/vc_column_text][vc_empty_space][\/vc_column][\/vc_row][vc_row][vc_column width=\u00bb2\/3&#8243;][vc_column_text]Ankur cuenta con una Licenciatura en espa\u00f1ol y una Maestr\u00eda en relaciones internacionales (FLACSO). Basado en Quito, es perito traductor para los tribunales de la Rep\u00fablica del Ecuador en ingl\u00e9s e hindi. Tiene gran conocimiento del lenguaje t\u00e9cnico propio de la justicia y es ampliamente reconocido en el pa\u00eds.[\/vc_column_text][vc_empty_space][\/vc_column][vc_column width=\u00bb1\/3&#8243;][vc_single_image image=\u00bb7327&#8243; img_size=\u00bbmedium\u00bb alignment=\u00bbcenter\u00bb][\/vc_column][\/vc_row][vc_row][vc_column][vc_btn title=\u00bbContr\u00e1tenos para sus tr\u00e1mites de pericia judicial (perito traductor)\u00bb style=\u00bb3d\u00bb shape=\u00bbround\u00bb color=\u00bbpurple\u00bb align=\u00bbcenter\u00bb i_icon_fontawesome=\u00bbfa fa-credit-card\u00bb add_icon=\u00bbtrue\u00bb link=\u00bburl:https%3A%2F%2Fwww.9h05.com%2Fproforma%2Fusd%2F|||\u00bb][vc_empty_space][\/vc_column][\/vc_row][vc_row][vc_column][vc_row_inner][vc_column_inner width=\u00bb1\/3&#8243;][vc_icon icon_fontawesome=\u00bbfa fa-check-square-o\u00bb color=\u00bbviolet\u00bb size=\u00bblg\u00bb align=\u00bbcenter\u00bb][vc_custom_heading text=\u00bbTraducciones de calidad\u00bb font_container=\u00bbtag:h3|text_align:center\u00bb google_fonts=\u00bbfont_family:ABeeZee%3Aregular%2Citalic|font_style:400%20italic%3A400%3Aitalic\u00bb css_animation=\u00bbbounceIn\u00bb][vc_column_text]Nuestras traducciones para pericias pasan por un doble proceso de revisi\u00f3n para garantizar la m\u00e1xima calidad.[\/vc_column_text][\/vc_column_inner][vc_column_inner width=\u00bb1\/3&#8243;][vc_icon icon_fontawesome=\u00bbfa fa-globe\u00bb color=\u00bbpeacoc\u00bb size=\u00bblg\u00bb align=\u00bbcenter\u00bb][vc_custom_heading text=\u00bbDocumentos traducidos reconocidos y aceptados mundialmente\u00bb font_container=\u00bbtag:h3|text_align:center\u00bb google_fonts=\u00bbfont_family:ABeeZee%3Aregular%2Citalic|font_style:400%20italic%3A400%3Aitalic\u00bb css_animation=\u00bbbounceIn\u00bb][vc_column_text]Todas nuestras traducciones judiciales son reconocidas y aceptadas en el mundo entero. Con nosotros, no tiene por qu\u00e9 preocuparse por que le rechacen sus documentos.[\/vc_column_text][\/vc_column_inner][vc_column_inner width=\u00bb1\/3&#8243;][vc_icon icon_fontawesome=\u00bbfa fa-usd\u00bb color=\u00bbgreen\u00bb size=\u00bblg\u00bb align=\u00bbcenter\u00bb][vc_custom_heading text=\u00bbPrecios atractivos\u00bb font_container=\u00bbtag:h3|text_align:center\u00bb google_fonts=\u00bbfont_family:ABeeZee%3Aregular%2Citalic|font_style:400%20italic%3A400%3Aitalic\u00bb css_animation=\u00bbbounceIn\u00bb][vc_column_text]Le garantizamos un trabajo de calidad al mejor precio. Sabemos lo costoso que pueden resultar los tr\u00e1mites en la justicia, por eso cobramos tarifas competitivas.[\/vc_column_text][\/vc_column_inner][\/vc_row_inner][vc_row_inner][vc_column_inner width=\u00bb1\/3&#8243;][vc_icon icon_fontawesome=\u00bbfa fa-fighter-jet\u00bb color=\u00bbjuicy_pink\u00bb size=\u00bblg\u00bb align=\u00bbcenter\u00bb][vc_custom_heading text=\u00bbPlazos de entrega cortos\u00bb font_container=\u00bbtag:h3|text_align:center\u00bb google_fonts=\u00bbfont_family:ABeeZee%3Aregular%2Citalic|font_style:400%20italic%3A400%3Aitalic\u00bb css_animation=\u00bbbounceIn\u00bb][vc_column_text]Somos los m\u00e1s r\u00e1pidos del Ecuador en traducir sus documentos judiciales. Para nosotros, lo urgente es la norma.[\/vc_column_text][\/vc_column_inner][vc_column_inner width=\u00bb1\/3&#8243;][vc_icon icon_fontawesome=\u00bbfa fa-star-o\u00bb color=\u00bbsky\u00bb size=\u00bblg\u00bb align=\u00bbcenter\u00bb][vc_custom_heading text=\u00bbServicios de alto valor agregado\u00bb font_container=\u00bbtag:h3|text_align:center\u00bb google_fonts=\u00bbfont_family:ABeeZee%3Aregular%2Citalic|font_style:400%20italic%3A400%3Aitalic\u00bb css_animation=\u00bbbounceIn\u00bb][vc_column_text]Adem\u00e1s de la calidad de nuestras traducciones certificadas, ofrecemos servicios de alto valor agregado, como nuestra plataforma de seguridad, formatos de traducci\u00f3n patentados, servicio de seguimiento de sus documentos, etc.[\/vc_column_text][\/vc_column_inner][vc_column_inner width=\u00bb1\/3&#8243;][vc_icon icon_fontawesome=\u00bbfa fa-shopping-cart\u00bb color=\u00bbmulled_wine\u00bb size=\u00bblg\u00bb align=\u00bbcenter\u00bb][vc_custom_heading text=\u00bbTodas las formas de pago aceptadas\u00bb font_container=\u00bbtag:h3|text_align:center\u00bb google_fonts=\u00bbfont_family:ABeeZee%3Aregular%2Citalic|font_style:400%20italic%3A400%3Aitalic\u00bb css_animation=\u00bbbounceIn\u00bb][vc_column_text]Efectivo, transferencia bancaria, tarjeta de cr\u00e9dito o d\u00e9bito, cheque o PayPal: aceptamos todas las formas de pago para que sea m\u00e1s f\u00e1cil para usted, tanto en l\u00ednea como en nuestra oficina.[\/vc_column_text][\/vc_column_inner][\/vc_row_inner][vc_empty_space][\/vc_column][\/vc_row][vc_row][vc_column][vc_btn title=\u00bbContrate en l\u00ednea su traducci\u00f3n judicial en Ecuador\u00bb style=\u00bb3d\u00bb shape=\u00bbround\u00bb color=\u00bbturquoise\u00bb align=\u00bbcenter\u00bb i_icon_fontawesome=\u00bbfa fa-credit-card\u00bb add_icon=\u00bbtrue\u00bb link=\u00bburl:https%3A%2F%2Fwww.9h05.com%2Fproforma%2Fusd%2F|||\u00bb][vc_empty_space][\/vc_column][\/vc_row][vc_row][vc_column][vc_custom_heading text=\u00bbSatisfacci\u00f3n de nuestros clientes\u00bb google_fonts=\u00bbfont_family:ABeeZee%3Aregular%2Citalic|font_style:400%20regular%3A400%3Anormal\u00bb css_animation=\u00bbbounceIn\u00bb][vc_empty_space][vc_row_inner][vc_column_inner][vc_column_text]<iframe style=\"border: 0;\" src=\"https:\/\/www.google.com\/maps\/embed?pb=!1m18!1m12!1m3!1d3989.7933712428617!2d-78.49634868573584!3d-0.20262299985216134!2m3!1f0!2f0!3f0!3m2!1i1024!2i768!4f13.1!3m3!1m2!1s0x91d59a14c2f0e17d%3A0x6618e97864c88c19!2s9h05+Ecuador!5e0!3m2!1ses-419!2sfr!4v1513438600889\" width=\"1117\" height=\"450\" frameborder=\"0\" allowfullscreen=\"allowfullscreen\"><\/iframe>[\/vc_column_text][vc_empty_space][\/vc_column_inner][\/vc_row_inner][vc_row_inner][vc_column_inner width=\u00bb1\/3&#8243;][vc_icon icon_fontawesome=\u00bbfa fa-map-marker\u00bb color=\u00bbviolet\u00bb align=\u00bbcenter\u00bb][vc_column_text]<strong>9h05 del Ecuador<\/strong><br \/>\nJuan Le\u00f3n Mera N21-241 y Ram\u00f3n Roca<br \/>\nEdificio Cronos \u00b7 Piso 5 \u00b7 Oficina 501<br \/>\nQuito (Ecuador)[\/vc_column_text][\/vc_column_inner][vc_column_inner width=\u00bb1\/3&#8243;][vc_icon icon_fontawesome=\u00bbfa fa-phone\u00bb color=\u00bbpeacoc\u00bb align=\u00bbcenter\u00bb][vc_column_text]<strong>Tel\u00e9fono: &nbsp;&nbsp;&nbsp;&nbsp;&nbsp;&nbsp;<\/strong><br \/>\n<a href=\"https:\/\/api.whatsapp.com\/send\/?phone=593984265653&amp;text&amp;type=phone_number&amp;app_absent=0\">09 84 26 56 53<\/a><br \/>\n(02) 250 11 10[\/vc_column_text][\/vc_column_inner][vc_column_inner width=\u00bb1\/3&#8243;][vc_icon icon_fontawesome=\u00bbfa fa-envelope-open-o\u00bb color=\u00bbvista_blue\u00bb align=\u00bbcenter\u00bb][vc_column_text]<strong>Email: &nbsp; &nbsp; &nbsp; &nbsp; &nbsp; &nbsp;<\/strong><br \/>\nquito@9h05.com[\/vc_column_text][\/vc_column_inner][\/vc_row_inner][vc_row_inner][vc_column_inner][vc_empty_space][vc_column_text]<\/p>\n<p style=\"text-align: center;\"><strong>Atendemos de lunes a viernes, 8h-18h00 sin interrupci\u00f3n<\/strong><\/p>\n<p>[\/vc_column_text][\/vc_column_inner][\/vc_row_inner][\/vc_column][\/vc_row][vc_row][vc_column][vc_btn title=\u00bbContratar a un perito traductor en l\u00ednea para mi proceso judicial\u00bb style=\u00bb3d\u00bb shape=\u00bbround\u00bb color=\u00bbsandy-brown\u00bb align=\u00bbcenter\u00bb i_icon_fontawesome=\u00bbfa fa-credit-card\u00bb add_icon=\u00bbtrue\u00bb link=\u00bburl:https%3A%2F%2Fwww.9h05.com%2Fproforma%2Fusd%2F|||\u00bb][\/vc_column][\/vc_row]<\/p>\n<\/div>\n<\/div>\n<\/div>\n<\/div>\n<\/div>","protected":false},"excerpt":{"rendered":"<p>[vc_row][vc_column][vc_single_image image=\u00bb7329&#8243; img_size=\u00bbmedium\u00bb alignment=\u00bbcenter\u00bb][\/vc_column][\/vc_row][vc_row][vc_column][vc_custom_heading text=\u00bbPeritaje y traducci\u00f3n 9h05: Peritos traductores de Ecuador\u00bb font_container=\u00bbtag:h1|text_align:center|color:%230a0a0a\u00bb google_fonts=\u00bbfont_family:ABeeZee%3Aregular%2Citalic|font_style:400%20regular%3A400%3Anormal\u00bb css_animation=\u00bbfadeIn\u00bb][vc_separator][vc_empty_space][\/vc_column][\/vc_row][vc_row][vc_column][vc_empty_space][vc_column_text]9h05 cuenta con peritos traductores acreditados por el Consejo de la Judicatura y habilitados para actuar como traductores ante los tribunales de la Rep\u00fablica del Ecuador. Nuestros peritos est\u00e1n calificados en los idiomas franc\u00e9s, ingl\u00e9s, espa\u00f1ol e hindi. Cuentan con una [&hellip;]<\/p>\n","protected":false},"author":9,"featured_media":0,"parent":0,"menu_order":0,"comment_status":"closed","ping_status":"closed","template":"","meta":{"site-sidebar-layout":"default","site-content-layout":"","ast-site-content-layout":"","site-content-style":"default","site-sidebar-style":"default","ast-global-header-display":"","ast-banner-title-visibility":"","ast-main-header-display":"","ast-hfb-above-header-display":"","ast-hfb-below-header-display":"","ast-hfb-mobile-header-display":"","site-post-title":"","ast-breadcrumbs-content":"","ast-featured-img":"","footer-sml-layout":"","theme-transparent-header-meta":"","adv-header-id-meta":"","stick-header-meta":"","header-above-stick-meta":"","header-main-stick-meta":"","header-below-stick-meta":"","astra-migrate-meta-layouts":"default","ast-page-background-enabled":"default","ast-page-background-meta":{"desktop":{"background-color":"var(--ast-global-color-4)","background-image":"","background-repeat":"repeat","background-position":"center center","background-size":"auto","background-attachment":"scroll","background-type":"","background-media":"","overlay-type":"","overlay-color":"","overlay-opacity":"","overlay-gradient":""},"tablet":{"background-color":"","background-image":"","background-repeat":"repeat","background-position":"center center","background-size":"auto","background-attachment":"scroll","background-type":"","background-media":"","overlay-type":"","overlay-color":"","overlay-opacity":"","overlay-gradient":""},"mobile":{"background-color":"","background-image":"","background-repeat":"repeat","background-position":"center center","background-size":"auto","background-attachment":"scroll","background-type":"","background-media":"","overlay-type":"","overlay-color":"","overlay-opacity":"","overlay-gradient":""}},"ast-content-background-meta":{"desktop":{"background-color":"var(--ast-global-color-5)","background-image":"","background-repeat":"repeat","background-position":"center center","background-size":"auto","background-attachment":"scroll","background-type":"","background-media":"","overlay-type":"","overlay-color":"","overlay-opacity":"","overlay-gradient":""},"tablet":{"background-color":"var(--ast-global-color-5)","background-image":"","background-repeat":"repeat","background-position":"center center","background-size":"auto","background-attachment":"scroll","background-type":"","background-media":"","overlay-type":"","overlay-color":"","overlay-opacity":"","overlay-gradient":""},"mobile":{"background-color":"var(--ast-global-color-5)","background-image":"","background-repeat":"repeat","background-position":"center center","background-size":"auto","background-attachment":"scroll","background-type":"","background-media":"","overlay-type":"","overlay-color":"","overlay-opacity":"","overlay-gradient":""}},"footnotes":""},"yst_prominent_words":[],"class_list":["post-7326","page","type-page","status-publish","hentry"],"_links":{"self":[{"href":"https:\/\/www.9h05.com\/es\/wp-json\/wp\/v2\/pages\/7326","targetHints":{"allow":["GET"]}}],"collection":[{"href":"https:\/\/www.9h05.com\/es\/wp-json\/wp\/v2\/pages"}],"about":[{"href":"https:\/\/www.9h05.com\/es\/wp-json\/wp\/v2\/types\/page"}],"author":[{"embeddable":true,"href":"https:\/\/www.9h05.com\/es\/wp-json\/wp\/v2\/users\/9"}],"replies":[{"embeddable":true,"href":"https:\/\/www.9h05.com\/es\/wp-json\/wp\/v2\/comments?post=7326"}],"version-history":[{"count":3,"href":"https:\/\/www.9h05.com\/es\/wp-json\/wp\/v2\/pages\/7326\/revisions"}],"predecessor-version":[{"id":9153,"href":"https:\/\/www.9h05.com\/es\/wp-json\/wp\/v2\/pages\/7326\/revisions\/9153"}],"wp:attachment":[{"href":"https:\/\/www.9h05.com\/es\/wp-json\/wp\/v2\/media?parent=7326"}],"wp:term":[{"taxonomy":"yst_prominent_words","embeddable":true,"href":"https:\/\/www.9h05.com\/es\/wp-json\/wp\/v2\/yst_prominent_words?post=7326"}],"curies":[{"name":"wp","href":"https:\/\/api.w.org\/{rel}","templated":true}]}}