{"id":6604,"date":"2017-07-29T10:52:06","date_gmt":"2017-07-29T10:52:06","guid":{"rendered":"https:\/\/www.9h05.com\/?page_id=6604\/"},"modified":"2023-04-28T13:37:20","modified_gmt":"2023-04-28T13:37:20","slug":"traductor-oficial-en-ambato-ecuador","status":"publish","type":"page","link":"https:\/\/www.9h05.com\/es\/traducciones\/certificadas\/traductor-oficial-en-ambato-ecuador\/","title":{"rendered":"Obtenga su traducci\u00f3n certificada en Ambato en tan s\u00f3lo 24h (ingl\u00e9s, franc\u00e9s, espa\u00f1ol)"},"content":{"rendered":"<div class=\"tmpl-call_to_action-4 boldgrid-section dynamic-gridblock background-parallax\" style=\"border-width: 0px; background-image: url('https:\/\/www.9h05.com\/wp-content\/uploads\/2023\/04\/ecuador-ambato-traductor-certificado-scaled.jpg'); background-size: cover; background-position: 50% 50%;\" data-image-url=\"https:\/\/www.9h05.com\/wp-content\/uploads\/2023\/04\/ecuador-ambato-traductor-certificado-scaled.jpg\">\n<div class=\"container\">\n<div class=\"row\">\n<div class=\"col-md-8 col-sm-6 col-xs-2 col-lg-8\"><\/div>\n<div class=\"col-md-4 col-sm-6 col-xs-10 col-lg-4\">\n<div class=\"bg-box-cover bg-background-color bg-box\" style=\"padding: 85px 10%; background-color: rgba(13, 71, 161, 0.8); color: #ffffff;\">\n<h2 class=\"h1\" style=\"margin: 30px 0;\">Obtenga su traducci\u00f3n certificada en Ambato en 24h<\/h2>\n<div class=\"row bg-editor-hr-wrap\">\n<div class=\"col-lg-12 col-md-12 col-xs-12 col-sm-12\">\n<hr class=\"color4-color bg-hr\" style=\"border: 2px solid; margin-left: 0px;\" width=\"50%\">\n<\/div>\n<\/div>\n<p class=\"\" style=\"margin: 30px 0;\">9h05 del Ecuador es una <strong>empresa internacional de traducci\u00f3n especializada<\/strong> con cobertura nacional. Entre los servicios que proponemos se encuentran las traducciones certificadas (tambi\u00e9n conocidas como traducciones juradas o traducciones oficiales) para todo tipo de documentos p\u00fablicos o privados, con validez en todo el pa\u00eds y en el extranjero.<\/p>\n<p class=\"\">Traducciones certificadas, oficiales y acreditadas en Ambato:<\/p>\n<ul class=\"\">\n<li>Espa\u00f1ol<\/li>\n<li>Ingl\u00e9s<\/li>\n<li>Franc\u00e9s<\/li>\n<li>Italiano<\/li>\n<li>Portugu\u00e9s<\/li>\n<\/ul>\n<p class=\"\">&nbsp;<\/p>\n<p class=\"\"><a class=\"btn-color-4 btn btn-capitalize btn-3d btn-regular\" href=\"https:\/\/api.whatsapp.com\/send\/?phone=593984265653&amp;text&amp;type=phone_number&amp;app_absent=0\"> <img data-recalc-dims=\"1\" decoding=\"async\" class=\"alignnone size-full wp-image-17253\" src=\"https:\/\/i0.wp.com\/www.9h05.com\/wp-content\/uploads\/2022\/11\/mini-ico-contact-whatsapp-9h05.png?resize=18%2C18&#038;ssl=1\" alt=\"\" width=\"18\" height=\"18\"> WhatsApp<\/a><\/p>\n<\/div>\n<\/div>\n<\/div>\n<\/div>\n<\/div>\n<div class=\"color1-background-color bg-background-color tmpl-call_to_action-3 boldgrid-section dynamic-gridblock background-parallax\" style=\"color: #ffffff; border-width: 0px; background-image: linear-gradient(to left, rgba(33, 150, 243, 0.8), rgba(33, 150, 243, 0.8)), url('https:\/\/www.9h05.com\/wp-content\/uploads\/2023\/04\/ambato-traducciones-certificadas-ecuador.jpg'); background-size: cover; background-position: 50% 50%;\" data-bg-overlaycolor=\"rgba(33, 150, 243, 0.8)\" data-image-url=\"https:\/\/www.9h05.com\/wp-content\/uploads\/2023\/04\/ambato-traducciones-certificadas-ecuador.jpg\">\n<div class=\"container\">\n<div class=\"row\" style=\"padding-top: 40px; padding-bottom: 40px;\">\n<div class=\"col-md-8 col-sm-8 col-xs-12 col-lg-8\">\n<h2 class=\"h1\" style=\"margin: 30px 0px; border-width: 0px; color: rgba(255, 255, 255, 0.92); font-size: 30px;\">Sus traducciones certificadas en Ambato en 24h<\/h2>\n<p class=\"\" style=\"margin: 30px 0px; border-width: 0px;\">Con 9h05 del Ecuador, empresa internacional de traducci\u00f3n certificada, reciba sus traducciones certificadas reconocidas mundialmente en su domicilio en Ambato en 24h en formato impreso y PDF certificado con todos los sellos.<\/p>\n<\/div>\n<div class=\"col-md-4 col-sm-4 col-xs-12 align-column-center col-lg-4\">\n<p class=\"\" style=\"text-align: center;\"><a class=\"btn-color-3 btn btn-lowercase btn-rounded btn-raised btn-regular\" href=\"https:\/\/pay.9h05.com\">contratar<\/a><\/p>\n<\/div>\n<\/div>\n<\/div>\n<\/div>\n<div class=\"tmpl-services-5 boldgrid-section dynamic-gridblock\">\n<div class=\"container-fluid\">\n<div class=\"row\">\n<div class=\"col-md-3 col-sm-6 col-xs-12 align-column-stretch col-lg-3\">\n<div class=\"bg-box-cover color4-background-color color-4-text-contrast bg-background-color bg-box\" style=\"padding: 50px 20px;\">\n<p class=\"\" style=\"text-align: center;\"><i class=\"color2-color fa fa-check-circle\" style=\"font-size: 45px; border-width: 0px;\" aria-hidden=\"true\"><span style=\"display: none;\">&nbsp;<\/span><\/i><\/p>\n<p class=\"h4\" style=\"text-align: center; text-transform: uppercase;\">traducci\u00f3n certificada de documentos<\/p>\n<p class=\"\" style=\"text-align: center;\"><i class=\"fa fa-window-minimize color2-color\" aria-hidden=\"true\"><span style=\"display: none;\">&nbsp;<\/span><\/i><\/p>\n<p class=\"\" style=\"text-align: center; margin: 30px 0;\">Lorem ipsum dolor sit amet, consectetur adipiscing elit. Nullam eu dignissim tortor, sit amet bibendum lacus.<\/p>\n<\/div>\n<\/div>\n<div class=\"col-md-3 col-sm-6 col-xs-12 align-column-stretch col-lg-3\">\n<div class=\"bg-box-cover color2-background-color color-2-text-contrast bg-background-color bg-box\" style=\"padding: 50px 20px;\">\n<p class=\"\" style=\"text-align: center;\"><i class=\"color4-color fa fa-legal\" style=\"font-size: 45px; border-width: 0px;\" aria-hidden=\"true\"><span style=\"display: none;\">&nbsp;<\/span><\/i><\/p>\n<p class=\"h4\" style=\"text-align: center; text-transform: uppercase;\">traducciones especializadas jur\u00eddicas y judiciales<\/p>\n<p class=\"\" style=\"text-align: center;\"><i class=\"fa fa-window-minimize color4-color\" aria-hidden=\"true\"><span style=\"display: none;\">&nbsp;<\/span><\/i><\/p>\n<p class=\"\" style=\"text-align: center; margin: 30px 0;\">Lorem ipsum dolor sit amet, consectetur adipiscing elit. Nullam eu dignissim tortor, sit amet bibendum lacus.<\/p>\n<\/div>\n<\/div>\n<div class=\"col-md-3 col-sm-6 col-xs-12 align-column-stretch col-lg-3\">\n<div class=\"bg-box-cover color3-background-color color-3-text-contrast bg-background-color bg-box\" style=\"padding: 50px 20px;\">\n<p class=\"\" style=\"text-align: center;\"><i class=\"color2-color fa fa-institution\" style=\"font-size: 45px; border-width: 0px;\" aria-hidden=\"true\"><span style=\"display: none;\">&nbsp;<\/span><\/i><\/p>\n<p class=\"h4\" style=\"text-align: center; text-transform: uppercase;\">legalizaci\u00f3n de firma del traductor en notar\u00eda<\/p>\n<p class=\"\" style=\"text-align: center;\"><i class=\"fa fa-window-minimize color2-color\" aria-hidden=\"true\"><span style=\"display: none;\">&nbsp;<\/span><\/i><\/p>\n<p class=\"\" style=\"text-align: center; margin: 30px 0;\">Lorem ipsum dolor sit amet, consectetur adipiscing elit. Nullam eu dignissim tortor, sit amet bibendum lacus.<\/p>\n<\/div>\n<\/div>\n<div class=\"col-md-3 col-sm-6 col-xs-12 align-column-stretch col-lg-3\">\n<div class=\"bg-box-cover color1-background-color color-1-text-contrast bg-background-color bg-box\" style=\"padding: 50px 20px;\">\n<p class=\"\" style=\"text-align: center;\"><i class=\"color2-color fa fa-bus\" style=\"font-size: 45px; border-width: 0px;\" aria-hidden=\"true\"><span style=\"display: none;\">&nbsp;<\/span><\/i><\/p>\n<p class=\"h4\" style=\"text-align: center; text-transform: uppercase;\">env\u00edo a su domicilio en ambato, tungurahua<\/p>\n<p class=\"\" style=\"text-align: center;\"><i class=\"fa fa-window-minimize color2-color\" aria-hidden=\"true\"><span style=\"display: none;\">&nbsp;<\/span><\/i><\/p>\n<p class=\"\" style=\"text-align: center; margin: 30px 0;\">Lorem ipsum dolor sit amet, consectetur adipiscing elit. Nullam eu dignissim tortor, sit amet bibendum lacus.<\/p>\n<\/div>\n<\/div>\n<\/div>\n<\/div>\n<\/div>\n<div class=\"color5-background-color color-5-text-contrast bg-background-color tmpl-pricing_tables-1 boldgrid-section dynamic-gridblock\">\n<div class=\"container\">\n<div class=\"row\" style=\"padding-top: 20px; padding-bottom: 20px;\">\n<div class=\"col-md-4 col-xs-12 col-sm-4 col-lg-4\">\n<div style=\"padding: 2em;\" class=\"color2-background-color color-2-text-contrast bg-background-color bg-box\">\n<p class=\"\" style=\"text-align: center;\"><i class=\"fa fa-rocket\" style=\"font-size: 42px;\" aria-hidden=\"true\"><span style=\"display: none;\">&nbsp;<\/span><\/i><\/p>\n<h3 class=\"\" style=\"margin-top: 10px; text-align: center;\"><em>Traducci\u00f3n certificada ingl\u00e9s, franc\u00e9s, espa\u00f1ol<\/em><\/h3>\n<p class=\"\" style=\"text-align: center;\"><em>Traducciones para Estados Unidos, Canada, Francia, Australia, Reino&nbsp;<\/em><i>Unido, Alemania, Sud\u00e1frica, China, Corea del Sur, Ecuador, Espa\u00f1a, Colombia\u2026<\/i><\/p>\n<p class=\"\" style=\"text-align: center; font-size: 45px;\">$23.38<\/p>\n<ul class=\"\" style=\"list-style: none; line-height: 1.5;\">\n<li>Entrega en 1-2 d\u00edas laborables<\/li>\n<li>Precio por carilla de hasta 250 palabras<\/li>\n<li>Entrega primero en formato PDF certificado, luego en formato impreso<\/li>\n<li>Traducci\u00f3n emitida por uno de nuestros traductores certificados reconocidos<\/li>\n<\/ul>\n<p><strong>Recargo por tratamiento prioritario (urgencia) = 50%<\/strong><\/p>\n<p class=\"\" style=\"text-align: center;\"><a class=\"btn-color-1 btn btn-capitalize btn-rounded btn-regular\" style=\"margin: 20px 0px;\" href=\"https:\/\/api.whatsapp.com\/send\/?phone=593984265653&amp;text&amp;type=phone_number&amp;app_absent=0\"><strong>&nbsp; <img data-recalc-dims=\"1\" decoding=\"async\" class=\"alignnone size-full wp-image-17253\" src=\"https:\/\/i0.wp.com\/www.9h05.com\/wp-content\/uploads\/2022\/11\/mini-ico-contact-whatsapp-9h05.png?resize=18%2C18&#038;ssl=1\" alt=\"\" width=\"18\" height=\"18\"> WhatsApp<\/strong><\/a><\/p>\n<\/div>\n<\/div>\n<div class=\"col-md-4 col-xs-12 col-sm-4 col-lg-4\">\n<div style=\"padding: 2em;\" class=\"color1-background-color color-1-text-contrast bg-background-color bg-box\">\n<p class=\"\" style=\"text-align: center;\"><i class=\"fa fa-star-o\" style=\"font-size: 42px;\" aria-hidden=\"true\"><span style=\"display: none;\">&nbsp;<\/span><\/i><\/p>\n<h3 class=\"\" style=\"margin-top: 10px; text-align: center;\"><em>Traducci\u00f3n certificada italiano, portugu\u00e9s, espa\u00f1ol<\/em><\/h3>\n<p class=\"\" style=\"text-align: center;\"><em>Traducciones para Ecuador, Italia, Portugal, Brasil, Espa\u00f1a, Colombia, M\u00e9xico, etc.<\/em><\/p>\n<p class=\"\" style=\"text-align: center; font-size: 45px;\">$25.34<\/p>\n<ul class=\"\" style=\"list-style: none; line-height: 1.5;\">\n<li>Entrega en 1-2 d\u00edas laborables<\/li>\n<li>Precio por carilla de hasta 250 palabras<\/li>\n<li>Entrega primero en formato PDF certificado, luego en formato impreso<\/li>\n<li>Traducci\u00f3n emitida por uno de nuestros traductores certificados reconocidos<\/li>\n<\/ul>\n<p class=\"\"><strong>Recargo por tratamiento prioritario (urgencia) = 50%<\/strong><\/p>\n<p class=\"\" style=\"text-align: center;\"><strong><a class=\"btn-color-2 btn btn-capitalize btn-rounded btn-regular\" style=\"margin: 20px 0px;\" href=\"https:\/\/api.whatsapp.com\/send\/?phone=593984265653&amp;text&amp;type=phone_number&amp;app_absent=0\"> <img data-recalc-dims=\"1\" decoding=\"async\" class=\"alignnone size-full wp-image-17253\" src=\"https:\/\/i0.wp.com\/www.9h05.com\/wp-content\/uploads\/2022\/11\/mini-ico-contact-whatsapp-9h05.png?resize=18%2C18&#038;ssl=1\" alt=\"\" width=\"18\" height=\"18\"> WhatsApp<\/a><\/strong><\/p>\n<\/div>\n<\/div>\n<div class=\"col-md-4 col-xs-12 col-sm-4 col-lg-4\">\n<div style=\"padding: 2em;\" class=\"color2-background-color color-2-text-contrast bg-background-color bg-box\">\n<p class=\"\" style=\"text-align: center;\"><i class=\"fa fa-diamond\" style=\"font-size: 42px;\" aria-hidden=\"true\"><span style=\"display: none;\">&nbsp;<\/span><\/i><\/p>\n<h3 class=\"\" style=\"margin-top: 10px; text-align: center;\"><em>Legalizaci\u00f3n notarial de firma<\/em><\/h3>\n<p class=\"\" style=\"text-align: center;\"><em>Reconocimiento de firma del traductor ante un notario p\u00fablico para cumplir con la legislaci\u00f3n ecuatoriana.<\/em><\/p>\n<p class=\"\" style=\"text-align: center; font-size: 45px;\">$29.06<\/p>\n<ul class=\"\" style=\"list-style: none; line-height: 1.5;\">\n<li>Plazo de ejecuci\u00f3n de 1 d\u00eda laborable adicional<\/li>\n<li>Tr\u00e1mite de reconocimiento de firma ante notario p\u00fablico<\/li>\n<li>Necesario para ciertos tr\u00e1mites en Ecuador (consulte)<\/li>\n<li>Para traducciones destinadas al exterior, no suele ser necesario sino en casos muy espec\u00edficos (consulte)<\/li>\n<\/ul>\n<p class=\"\" style=\"text-align: center;\"><strong><a class=\"btn-color-1 btn btn-capitalize btn-rounded btn-regular\" style=\"margin: 20px 0px;\" href=\"https:\/\/api.whatsapp.com\/send\/?phone=593984265653&amp;text&amp;type=phone_number&amp;app_absent=0\"> <img data-recalc-dims=\"1\" decoding=\"async\" class=\"alignnone size-full wp-image-17253\" src=\"https:\/\/i0.wp.com\/www.9h05.com\/wp-content\/uploads\/2022\/11\/mini-ico-contact-whatsapp-9h05.png?resize=18%2C18&#038;ssl=1\" alt=\"\" width=\"18\" height=\"18\"> WhatsApp<\/a><\/strong><\/p>\n<\/div>\n<\/div>\n<\/div>\n<\/div>\n<\/div>\n<div class=\"color3-background-color color-3-text-contrast bg-background-color tmpl-contact-8 boldgrid-section dynamic-gridblock\">\n<div class=\"container\">\n<div class=\"row\" style=\"padding-top: 15px; padding-bottom: 15px;\">\n<div class=\"col-md-3 col-sm-4 col-xs-12 col-lg-3\">\n<div class=\"bg-box\">\n<h4 class=\"\">Ubicaci\u00f3n<\/h4>\n<p class=\"\">9h05 del Ecuador<\/p>\n<p class=\"\">Juan Le\u00f3n Mera N21-241 y Roca<\/p>\n<p>Edificio Cronos &#8211; Oficina 501<\/p>\n<p class=\"\">170526 Quito (Ecuador)<\/p>\n<\/div>\n<\/div>\n<div class=\"col-md-3 col-sm-4 col-xs-12 col-lg-3\">\n<div class=\"bg-box\">\n<h4 class=\"\">Contacto<\/h4>\n<p class=\"\">\u00bfTiene una consulta sobre nuestros servicios de traducci\u00f3n certificada en Ambato?<\/p>\n<p class=\"\" style=\"margin-top: 15px;\"><a href=\"mailto:quito@9h05.com\">quito@9h05.com<\/a><\/p>\n<p>09 84 26 56 53<br \/>\n(02) 250 11 10<\/p>\n<\/div>\n<\/div>\n<div class=\"col-md-3 col-sm-4 col-xs-12 col-lg-3\">\n<div class=\"bg-box\">\n<h4 class=\"\">Horario<\/h4>\n<p class=\"\">Nuestra empresa de traducci\u00f3n certificada abre de lunes a viernes, de 8h00 a 18h00 sin interrupci\u00f3n.<\/p>\n<\/div>\n<\/div>\n<div class=\"col-md-3 col-sm-12 col-xs-12 col-lg-3\">\n<div class=\"bg-box\">\n<h4 class=\"\">Redes<\/h4>\n<p class=\"mod-reset\"><a style=\"margin: 5px; text-decoration: none;\" href=\"https:\/\/www.twitter.com\/9h05\"><i class=\"fa fa-twitter\" style=\"border-radius: 50px; padding: 0.6em; font-size: 18px; border-width: 1px; border-style: solid;\" aria-hidden=\"true\"><span style=\"display: none;\">&nbsp;<\/span><\/i><\/a><\/p>\n<p class=\"mod-reset\"><a style=\"margin: 5px; text-decoration: none;\" href=\"https:\/\/www.facebook.com\/09h05\"><i class=\"fa fa-facebook-square\" style=\"border-radius: 50px; padding: 0.6em; font-size: 18px; border-width: 1px; border-style: solid;\" aria-hidden=\"true\"><span style=\"display: none;\">&nbsp;<\/span><\/i><\/a><\/p>\n<p class=\"mod-reset\"><a style=\"margin: 5px; text-decoration: none;\" href=\"mailto:quito@9h05.com\"><i class=\"fa fa-envelope\" style=\"border-radius: 50px; padding: 0.6em; font-size: 18px; border-width: 1px; border-style: solid;\" aria-hidden=\"true\"><span style=\"display: none;\">&nbsp;<\/span><\/i><\/a><\/p>\n<\/div>\n<\/div>\n<\/div>\n<\/div>\n<\/div>\n<div class=\"color-neutral-background-color color-neutral-text-contrast bg-background-color tmpl-contact-5 boldgrid-section dynamic-gridblock\">\n<div class=\"container-fluid\">\n<div class=\"row\">\n<div class=\"col-md-12 col-sm-12 col-xs-12 bg-box-flush col-lg-12\">\n<p class=\"boldgrid-google-maps\" style=\"margin: 0;\"><iframe style=\"width: 100%;\" src=\"https:\/\/www.google.com\/maps\/embed?pb=!1m14!1m8!1m3!1d15959.171530525156!2d-78.4943408!3d-0.2045975!3m2!1i1024!2i768!4f13.1!3m3!1m2!1s0x91d59a14c2f0e17d%3A0x6618e97864c88c19!2s9h05%20Ecuador!5e0!3m2!1ses-419!2sfr!4v1682688908662!5m2!1ses-419!2sfr\" width=\"2000\" height=\"450\" frameborder=\"0\">&amp;amp;lt;span data-mce-type=\u00bbbookmark\u00bb style=\u00bbdisplay: inline-block; width: 0px; overflow: hidden; line-height: 0;\u00bb class=\u00bbmce_SELRES_start\u00bb&amp;amp;gt;\ufeff&amp;amp;lt;\/span&amp;amp;gt;<\/iframe><\/p>\n<\/div>\n<\/div>\n<div class=\"row wow bounce\" data-wow-duration=\"1s\" data-wow-delay=\"1s\" style=\"padding-top: 20px; padding-bottom: 20px;\">\n<div class=\"col-md-1 col-sm-1 col-xs-12 col-lg-1\"><\/div>\n<div class=\"col-md-2 col-sm-3 col-xs-12 align-column-center col-lg-2\" style=\"padding: 1em;\">\n<h4 class=\"\" style=\"margin-top: 0;\">NUESTRO CENTRO DE TRADUCCI\u00d3N<\/h4>\n<p class=\"\">9h05 del Ecuador<br \/>\nJuan Le\u00f3n Mera N21-241 y Roca<br \/>\nEdificio Cronos &#8211; Officina 501&nbsp;<\/p>\n<p class=\"\">170526 Quito (Ecuador)<\/p>\n<\/div>\n<div class=\"col-md-9 col-sm-8 col-xs-12 align-column-center color5-border-color col-lg-9\" style=\"padding: 1em 2em; border-left: 5px solid;\">\n<h2 class=\"\" style=\"margin-top: 0;\">Cont\u00e1ctese con nosotros<\/h2>\n<p class=\"\"><a class=\"btn-color-5 btn btn-3d btn-regular\" href=\"https:\/\/api.whatsapp.com\/send\/?phone=593984265653&amp;text&amp;type=phone_number&amp;app_absent=0\"> <img data-recalc-dims=\"1\" decoding=\"async\" class=\"alignnone size-full wp-image-17253\" src=\"https:\/\/i0.wp.com\/www.9h05.com\/wp-content\/uploads\/2022\/11\/mini-ico-contact-whatsapp-9h05.png?resize=18%2C18&#038;ssl=1\" alt=\"\" width=\"18\" height=\"18\"><strong>&nbsp;WhatsApp<\/strong><\/a><\/p>\n<\/div>\n<\/div>\n<\/div>\n<\/div>\n","protected":false},"excerpt":{"rendered":"<p>Obtenga su traducci\u00f3n certificada en Ambato en 24h 9h05 del Ecuador es una empresa internacional de traducci\u00f3n especializada con cobertura nacional. Entre los servicios que proponemos se encuentran las traducciones certificadas (tambi\u00e9n conocidas como traducciones juradas o traducciones oficiales) para todo tipo de documentos p\u00fablicos o privados, con validez en todo el pa\u00eds y en [&hellip;]<\/p>\n","protected":false},"author":9,"featured_media":0,"parent":23400,"menu_order":0,"comment_status":"closed","ping_status":"closed","template":"","meta":{"site-sidebar-layout":"no-sidebar","site-content-layout":"plain-container","ast-site-content-layout":"","site-content-style":"default","site-sidebar-style":"default","ast-global-header-display":"","ast-banner-title-visibility":"","ast-main-header-display":"","ast-hfb-above-header-display":"","ast-hfb-below-header-display":"","ast-hfb-mobile-header-display":"","site-post-title":"disabled","ast-breadcrumbs-content":"","ast-featured-img":"disabled","footer-sml-layout":"","theme-transparent-header-meta":"default","adv-header-id-meta":"","stick-header-meta":"","header-above-stick-meta":"","header-main-stick-meta":"","header-below-stick-meta":"","astra-migrate-meta-layouts":"default","ast-page-background-enabled":"default","ast-page-background-meta":{"desktop":{"background-color":"var(--ast-global-color-4)","background-image":"","background-repeat":"repeat","background-position":"center center","background-size":"auto","background-attachment":"scroll","background-type":"","background-media":"","overlay-type":"","overlay-color":"","overlay-opacity":"","overlay-gradient":""},"tablet":{"background-color":"","background-image":"","background-repeat":"repeat","background-position":"center center","background-size":"auto","background-attachment":"scroll","background-type":"","background-media":"","overlay-type":"","overlay-color":"","overlay-opacity":"","overlay-gradient":""},"mobile":{"background-color":"","background-image":"","background-repeat":"repeat","background-position":"center center","background-size":"auto","background-attachment":"scroll","background-type":"","background-media":"","overlay-type":"","overlay-color":"","overlay-opacity":"","overlay-gradient":""}},"ast-content-background-meta":{"desktop":{"background-color":"var(--ast-global-color-5)","background-image":"","background-repeat":"repeat","background-position":"center center","background-size":"auto","background-attachment":"scroll","background-type":"","background-media":"","overlay-type":"","overlay-color":"","overlay-opacity":"","overlay-gradient":""},"tablet":{"background-color":"var(--ast-global-color-5)","background-image":"","background-repeat":"repeat","background-position":"center center","background-size":"auto","background-attachment":"scroll","background-type":"","background-media":"","overlay-type":"","overlay-color":"","overlay-opacity":"","overlay-gradient":""},"mobile":{"background-color":"var(--ast-global-color-5)","background-image":"","background-repeat":"repeat","background-position":"center center","background-size":"auto","background-attachment":"scroll","background-type":"","background-media":"","overlay-type":"","overlay-color":"","overlay-opacity":"","overlay-gradient":""}},"footnotes":""},"yst_prominent_words":[],"class_list":["post-6604","page","type-page","status-publish","hentry"],"_links":{"self":[{"href":"https:\/\/www.9h05.com\/es\/wp-json\/wp\/v2\/pages\/6604","targetHints":{"allow":["GET"]}}],"collection":[{"href":"https:\/\/www.9h05.com\/es\/wp-json\/wp\/v2\/pages"}],"about":[{"href":"https:\/\/www.9h05.com\/es\/wp-json\/wp\/v2\/types\/page"}],"author":[{"embeddable":true,"href":"https:\/\/www.9h05.com\/es\/wp-json\/wp\/v2\/users\/9"}],"replies":[{"embeddable":true,"href":"https:\/\/www.9h05.com\/es\/wp-json\/wp\/v2\/comments?post=6604"}],"version-history":[{"count":4,"href":"https:\/\/www.9h05.com\/es\/wp-json\/wp\/v2\/pages\/6604\/revisions"}],"predecessor-version":[{"id":25657,"href":"https:\/\/www.9h05.com\/es\/wp-json\/wp\/v2\/pages\/6604\/revisions\/25657"}],"up":[{"embeddable":true,"href":"https:\/\/www.9h05.com\/es\/wp-json\/wp\/v2\/pages\/23400"}],"wp:attachment":[{"href":"https:\/\/www.9h05.com\/es\/wp-json\/wp\/v2\/media?parent=6604"}],"wp:term":[{"taxonomy":"yst_prominent_words","embeddable":true,"href":"https:\/\/www.9h05.com\/es\/wp-json\/wp\/v2\/yst_prominent_words?post=6604"}],"curies":[{"name":"wp","href":"https:\/\/api.w.org\/{rel}","templated":true}]}}