{"id":6600,"date":"2017-07-29T10:48:33","date_gmt":"2017-07-29T10:48:33","guid":{"rendered":"https:\/\/www.9h05.com\/?page_id=6600\/"},"modified":"2022-10-03T17:30:52","modified_gmt":"2022-10-03T17:30:52","slug":"traductor-oficial-en-machala-ecuador","status":"publish","type":"page","link":"https:\/\/www.9h05.com\/es\/traductor-oficial-en-machala-ecuador\/","title":{"rendered":"Obt\u00e9n tu traducci\u00f3n certificada en Machala en tan s\u00f3lo 24h"},"content":{"rendered":"<div class=\"wpb-content-wrapper\"><div class=\"boldgrid-section\">\n<div class=\"container\">\n<div class=\"row\">\n<div class=\"col-lg-12 col-md-12 col-xs-12 col-sm-12\">\n<p class=\"\">[vc_row][vc_column][vc_row_inner][vc_column_inner][vc_empty_space][vc_custom_heading text=\u00bbTRADUCCIONES CERTIFICADAS EN MACHALA<br \/>\n\u00bb font_container=\u00bbtag:h1|font_size:54|text_align:center|color:%232d2d2d\u00bb google_fonts=\u00bbfont_family:Arimo%3Aregular%2Citalic%2C700%2C700italic|font_style:700%20bold%20regular%3A700%3Anormal\u00bb][vc_empty_space][\/vc_column_inner][\/vc_row_inner][vc_row_inner][vc_column_inner][vc_column_text]9h05 del Ecuador es una empresa de servicios profesionales de traducci\u00f3n con cobertura en todo el pa\u00eds. Proponemos servicios de traducci\u00f3n certificada, tambi\u00e9n conocidos como servicios de traducci\u00f3n oficial, para todo tipo de documentos oficiales y para toda clase de tr\u00e1mites.[\/vc_column_text][vc_empty_space][\/vc_column_inner][\/vc_row_inner][vc_row_inner][vc_column_inner][vc_custom_heading text=\u00bb\u00a1Contr\u00e1tanos y obt\u00e9n tu traducci\u00f3n oficial en 24h en tu casa, en Machala!<br \/>\n\u00bb font_container=\u00bbtag:h2|font_size:30|text_align:center|color:%23303030&#8243; google_fonts=\u00bbfont_family:Arimo%3Aregular%2Citalic%2C700%2C700italic|font_style:400%20regular%3A400%3Anormal\u00bb][vc_empty_space][\/vc_column_inner][\/vc_row_inner][vc_row_inner][vc_column_inner][vc_custom_heading text=\u00bbSERVICIOS\u00bb font_container=\u00bbtag:h3|font_size:20|text_align:center|color:%23303030&#8243; google_fonts=\u00bbfont_family:Arimo%3Aregular%2Citalic%2C700%2C700italic|font_style:400%20regular%3A400%3Anormal\u00bb][\/vc_column_inner][\/vc_row_inner][vc_row_inner][vc_column_inner width=\u00bb1\/4&#8243;][vc_icon icon_fontawesome=\u00bbfa fa-gavel\u00bb color=\u00bbturquoise\u00bb size=\u00bblg\u00bb align=\u00bbcenter\u00bb][vc_column_text]<\/p>\n<p><strong>TRADUCCIONES OFICIALES<\/strong><\/p>\n<p>[\/vc_column_text][\/vc_column_inner][vc_column_inner width=\u00bb1\/4&#8243;][vc_icon icon_fontawesome=\u00bbfa fa-industry\u00bb color=\u00bbpink\u00bb size=\u00bblg\u00bb align=\u00bbcenter\u00bb][vc_column_text]<\/p>\n<p><strong>TRADUCCIONES GENERALES Y T\u00c9CNICAS<\/strong><\/p>\n<p>[\/vc_column_text][\/vc_column_inner][vc_column_inner width=\u00bb1\/4&#8243;][vc_icon icon_fontawesome=\u00bbfa fa-sticky-note-o\u00bb color=\u00bbviolet\u00bb size=\u00bblg\u00bb align=\u00bbcenter\u00bb][vc_column_text]<\/p>\n<p><strong>LEGALIZACIONES EN NOTAR\u00cdA<\/strong><\/p>\n<p>[\/vc_column_text][\/vc_column_inner][vc_column_inner width=\u00bb1\/4&#8243;][vc_icon icon_fontawesome=\u00bbfa fa-truck\u00bb color=\u00bbpeacoc\u00bb size=\u00bblg\u00bb align=\u00bbcenter\u00bb][vc_column_text]<\/p>\n<p><strong>ENV\u00cdO A SU DOMICILIO, EN MACHALA<\/strong><\/p>\n<p>[\/vc_column_text][\/vc_column_inner][\/vc_row_inner][vc_row_inner][vc_column_inner][vc_empty_space][vc_custom_heading text=\u00bbIDIOMAS\u00bb font_container=\u00bbtag:h3|font_size:20|text_align:center|color:%23303030&#8243; google_fonts=\u00bbfont_family:Arimo%3Aregular%2Citalic%2C700%2C700italic|font_style:400%20regular%3A400%3Anormal\u00bb][\/vc_column_inner][\/vc_row_inner][vc_row_inner][vc_column_inner width=\u00bb1\/4&#8243;][vc_column_text]<\/p>\n<table>\n<tbody>\n<tr>\n<td width=\"162\">espa\u00f1ol<\/td>\n<\/tr>\n<tr>\n<td width=\"162\">alem\u00e1n<\/td>\n<\/tr>\n<tr>\n<td width=\"162\">rumano<\/td>\n<\/tr>\n<tr>\n<td width=\"162\">kichwa<\/td>\n<\/tr>\n<\/tbody>\n<\/table>\n<p>[\/vc_column_text][\/vc_column_inner][vc_column_inner width=\u00bb1\/4&#8243;][vc_column_text]<\/p>\n<table>\n<tbody>\n<tr>\n<td width=\"162\">ingl\u00e9s<\/td>\n<\/tr>\n<tr>\n<td width=\"162\">neerland\u00e9s<\/td>\n<\/tr>\n<tr>\n<td width=\"162\">polaco<\/td>\n<\/tr>\n<tr>\n<td width=\"162\">hindi<\/td>\n<\/tr>\n<tr>\n<td width=\"162\">chino<\/td>\n<\/tr>\n<\/tbody>\n<\/table>\n<p>[\/vc_column_text][\/vc_column_inner][vc_column_inner width=\u00bb1\/4&#8243;][vc_column_text]<\/p>\n<table>\n<tbody>\n<tr>\n<td width=\"162\">franc\u00e9s<\/td>\n<\/tr>\n<tr>\n<td width=\"162\">italiano<\/td>\n<\/tr>\n<tr>\n<td width=\"162\">catal\u00e1n<\/td>\n<\/tr>\n<tr>\n<td width=\"162\">\u00e1rabe<\/td>\n<\/tr>\n<tr>\n<td width=\"162\">lat\u00edn<\/td>\n<\/tr>\n<\/tbody>\n<\/table>\n<p>[\/vc_column_text][\/vc_column_inner][vc_column_inner width=\u00bb1\/4&#8243;][vc_column_text]<\/p>\n<table>\n<tbody>\n<tr>\n<td width=\"162\">portugu\u00e9s<\/td>\n<\/tr>\n<tr>\n<td width=\"162\">ruso<\/td>\n<\/tr>\n<tr>\n<td width=\"162\">gallego<\/td>\n<\/tr>\n<tr>\n<td width=\"162\">Noruego<\/td>\n<\/tr>\n<\/tbody>\n<\/table>\n<p>[\/vc_column_text][\/vc_column_inner][\/vc_row_inner][vc_row_inner][vc_column_inner][vc_empty_space][vc_custom_heading text=\u00bbFORMAS DE PAGO\u00bb font_container=\u00bbtag:h3|font_size:20|text_align:center|color:%23303030&#8243; google_fonts=\u00bbfont_family:Arimo%3Aregular%2Citalic%2C700%2C700italic|font_style:400%20regular%3A400%3Anormal\u00bb][\/vc_column_inner][\/vc_row_inner][vc_row_inner][vc_column_inner width=\u00bb1\/4&#8243;][vc_icon icon_fontawesome=\u00bbfa fa-credit-card\u00bb color=\u00bbmulled_wine\u00bb size=\u00bbxl\u00bb align=\u00bbcenter\u00bb][vc_column_text]<\/p>\n<p><strong>Tarjeta de cr\u00e9dito<\/strong><\/p>\n<p>[\/vc_column_text][vc_btn title=\u00bbContratar en l\u00ednea\u00bb style=\u00bb3d\u00bb color=\u00bbgreen\u00bb align=\u00bbcenter\u00bb i_align=\u00bbright\u00bb i_icon_fontawesome=\u00bbfa fa-angle-double-right\u00bb link=\u00bburl:https%3A%2F%2Fwww.9h05.com%2Fproforma%2Fusd%2F|||\u00bb add_icon=\u00bbtrue\u00bb][\/vc_column_inner][vc_column_inner width=\u00bb1\/4&#8243;][vc_icon icon_fontawesome=\u00bbfa fa-university\u00bb color=\u00bbvista_blue\u00bb size=\u00bbxl\u00bb align=\u00bbcenter\u00bb][vc_column_text]<\/p>\n<p><strong>Transferencia y dep\u00f3sito<\/strong><strong><br \/>\n<\/strong>(Banco Pichincha, Banco Guayaquil)<\/p>\n<p>[\/vc_column_text][\/vc_column_inner][vc_column_inner width=\u00bb1\/4&#8243;][vc_icon icon_fontawesome=\u00bbfa fa-pencil-square-o\u00bb color=\u00bborange\u00bb size=\u00bbxl\u00bb align=\u00bbcenter\u00bb][vc_column_text]<\/p>\n<p><strong>Cheque<\/strong><\/p>\n<p>[\/vc_column_text][\/vc_column_inner][vc_column_inner width=\u00bb1\/4&#8243;][vc_icon icon_fontawesome=\u00bbfa fa-cc-paypal\u00bb color=\u00bbsky\u00bb size=\u00bbxl\u00bb align=\u00bbcenter\u00bb][vc_column_text]<\/p>\n<p><strong>PayPal<\/strong><\/p>\n<p>[\/vc_column_text][vc_btn title=\u00bbContratar en l\u00ednea\u00bb style=\u00bb3d\u00bb color=\u00bbgreen\u00bb align=\u00bbcenter\u00bb i_align=\u00bbright\u00bb i_icon_fontawesome=\u00bbfa fa-angle-double-right\u00bb link=\u00bburl:https%3A%2F%2Fwww.9h05.com%2Fproforma%2Fusd%2F|||\u00bb add_icon=\u00bbtrue\u00bb][\/vc_column_inner][\/vc_row_inner][vc_row_inner][vc_column_inner][vc_empty_space][vc_custom_heading text=\u00bbPLAZOS DE ENTREGA\u00bb font_container=\u00bbtag:h3|font_size:20|text_align:center|color:%23303030&#8243; google_fonts=\u00bbfont_family:Arimo%3Aregular%2Citalic%2C700%2C700italic|font_style:400%20regular%3A400%3Anormal\u00bb][\/vc_column_inner][\/vc_row_inner][vc_row_inner][vc_column_inner width=\u00bb1\/2&#8243;][vc_column_text]<\/p>\n<p><strong>DESDE 1 HASTA 10 P\u00c1GINAS<\/strong><\/p>\n<p>24H laborables<\/p>\n<p>[\/vc_column_text][\/vc_column_inner][vc_column_inner width=\u00bb1\/2&#8243;][vc_column_text]<\/p>\n<p><strong>DESDE 11 HASTA 20 P\u00c1GINAS<\/strong><\/p>\n<p>48H laborables<\/p>\n<p>[\/vc_column_text][\/vc_column_inner][\/vc_row_inner][vc_row_inner][vc_column_inner][vc_column_text]<\/p>\n<p><strong>y 24H laborables<\/strong><\/p>\n<p>por cada 10 p\u00e1ginas<\/p>\n<p>[\/vc_column_text][\/vc_column_inner][\/vc_row_inner][vc_row_inner][vc_column_inner][vc_empty_space][vc_custom_heading text=\u00bbCONTACTO\u00bb font_container=\u00bbtag:h3|font_size:20|text_align:center|color:%23303030&#8243; google_fonts=\u00bbfont_family:Arimo%3Aregular%2Citalic%2C700%2C700italic|font_style:400%20regular%3A400%3Anormal\u00bb][\/vc_column_inner][\/vc_row_inner][vc_row_inner][vc_column_inner width=\u00bb1\/2&#8243;][vc_icon icon_fontawesome=\u00bbfa fa-phone-square\u00bb color=\u00bbpeacoc\u00bb size=\u00bbxl\u00bb align=\u00bbcenter\u00bb][vc_column_text]<\/p>\n<p class=\"\">(02) 250 11 10<\/p>\n<p><a href=\"https:\/\/api.whatsapp.com\/send\/?phone=593984265653&amp;text&amp;type=phone_number&amp;app_absent=0\">09 84 26 56 53<\/a><\/p>\n<p>[\/vc_column_text][\/vc_column_inner][vc_column_inner width=\u00bb1\/2&#8243;][vc_icon icon_fontawesome=\u00bbfa fa-pencil\u00bb color=\u00bbsky\u00bb size=\u00bbxl\u00bb align=\u00bbcenter\u00bb][vc_column_text]Cont\u00e1ctate con nosotros para saber sobre tu traducci\u00f3n en Machala<\/p>\n<p><a href=\"mailto:ecuador@9h05.com\">ecuador@9h05.com<\/a>[\/vc_column_text][\/vc_column_inner][\/vc_row_inner][vc_row_inner][vc_column_inner][vc_empty_space][\/vc_column_inner][\/vc_row_inner][vc_row_inner][vc_column_inner][vc_column_text]<\/p>\n<h4><strong>Nuestro servicio de traducci\u00f3n tambi\u00e9n en las ciudades de todo el Ecuador:<\/strong><\/h4>\n<p>Guayaquil, Quito, Cuenca, Santo Domingo, Machala, Dur\u00e1n, Portoviejo, Manta, Loja, Ambato, Esmeraldas, Quevedo, Riobamba, Milagro, Ibarra, Latacunga, Babahoyo, La Libertad, Daule, Sangolqu\u00ed, Tulc\u00e1n, Chone, Pasaje, Santa Rosa, Lago Agrio, Huaquillas, El Carmen, Montecristi, Samborond\u00f3n, Francisco de Orellana, Jipijapa, Santa Elena, Otavalo, Cayambe, Buena Fe, Ventanas, El Empalme, La Troncal, El Triunfo, Salinas, Playas, Azogues, Puyo, Vinces, La Concordia, Quinind\u00e9, Balzar, Naranjito, Naranjal, Guaranda, La Man\u00e1, Tena, San Lorenzo, Catamayo, El Guabo, Pedernales, Atuntaqui, Bah\u00eda de Car\u00e1quez, Pedro Carbo, Macas, Yaguachi, Calceta, Arenillas, Jaramij\u00f3, Valencia, Machachi, Shushufindi, Atacames, Pi\u00f1as, San Gabriel, Gualaceo, Lomas de Sargentillo, Ca\u00f1ar, Cariamanga, Ba\u00f1os de Agua Santa, Montalvo, Macar\u00e1, Salcedo, Zamora, Puerto Ayora, La Joya de los Sachas, Salitre, Tosagua, Pelileo, Pujil\u00ed, Tabacundo, Puerto L\u00f3pez, San Vicente, Santa Ana de Vuelta Larga, Zaruma, Balao, Rocafuerte, Yantzaza, Cotacachi, Santa Luc\u00eda, Cumand\u00e1, Palestina, Alfredo Baquerizo Moreno (Jujan), Narcisa de Jes\u00fas (Nobol), Mocache, Puebloviejo, Portovelo, Suc\u00faa, Guano, P\u00edllaro, Sim\u00f3n Bol\u00edvar, Gualaquiza, Paute, Saquisil\u00ed, Coronel Marcelino Maridue\u00f1a, Paj\u00e1n, San Miguel, Puerto Baquerizo Moreno, Catacocha, Palenque, Alaus\u00ed, Caluma, Catarama, Flavio Alfaro, Colimes, Echeand\u00eda, Jama, General Antonio Elizalde (Bucay), Isidro Ayora, Muisne, Santa Isabel, Pedro Vicente Maldonado, Bibli\u00e1n, Archidona, Jun\u00edn, Baba, Valdez (Limones), Pimampiro, Camilo Ponce Enr\u00edquez, San Miguel de Los Bancos, El Tambo, Quinsaloma, El \u00c1ngel, Alamor, Chambo, San Jos\u00e9 de Chimbo, Celica, Chordeleg, Balsas, Saraguro, El Chaco, Gir\u00f3n, Huaca, Pichincha, Chunchi, Pallatanga, Marcabel\u00ed, S\u00edgsig, General Leonidas Plaza Guti\u00e9rrez (Lim\u00f3n), Urcuqu\u00ed, Loreto, Rioverde, Zumba, Palora, Mira, El Pangui, Puerto Quito, Bol\u00edvar, Sucre, Chillanes, Quero, Guamote, Cevallos, Zapotillo, Villa La Uni\u00f3n (Cajabamba), Santiago de M\u00e9ndez, Zumbi, Puerto El Carmen de Putumayo, Patate, Olmedo, Puerto Villamil, El Dorado de Cascales, Lumbaqui, Palanda, Sigchos, Pindal, Guayzimi, Baeza, El Coraz\u00f3n, Paccha, Amaluza, Las Naves, Logro\u00f1o, San Fernando, Gonzanam\u00e1, San Juan Bosco, 28 de Mayo (San Jos\u00e9 de Yacuambi), Santa Clara, Arajuno, Tarapoa, Tisaleo, Suscal, Nab\u00f3n, Nocha, La Victoria, Guachapala, Santiago, Chaguarpamba, Penipe, Taisha, Chilla, Paquisha, Carlos Julio Arosemena Tola, Sozoranga, Pucar\u00e1, Huamboya, Quilanga, San Felipe de O\u00f1a, Sevilla de Oro, Mera, Pablo Sexto, Olmedo, D\u00e9leg, La Bonita, El Pan, Tiputini[\/vc_column_text][\/vc_column_inner][\/vc_row_inner][vc_row_inner][vc_column_inner][\/vc_column_inner][\/vc_row_inner][\/vc_column][\/vc_row]<\/p>\n<p>&nbsp;<\/p>\n<\/div>\n<\/div>\n<\/div>\n<\/div>\n<\/div>","protected":false},"excerpt":{"rendered":"<p>[vc_row][vc_column][vc_row_inner][vc_column_inner][vc_empty_space][vc_custom_heading text=\u00bbTRADUCCIONES CERTIFICADAS EN MACHALA \u00bb font_container=\u00bbtag:h1|font_size:54|text_align:center|color:%232d2d2d\u00bb google_fonts=\u00bbfont_family:Arimo%3Aregular%2Citalic%2C700%2C700italic|font_style:700%20bold%20regular%3A700%3Anormal\u00bb][vc_empty_space][\/vc_column_inner][\/vc_row_inner][vc_row_inner][vc_column_inner][vc_column_text]9h05 del Ecuador es una empresa de servicios profesionales de traducci\u00f3n con cobertura en todo el pa\u00eds. Proponemos servicios de traducci\u00f3n certificada, tambi\u00e9n conocidos como servicios de traducci\u00f3n oficial, para todo tipo de documentos oficiales y para toda clase de tr\u00e1mites.[\/vc_column_text][vc_empty_space][\/vc_column_inner][\/vc_row_inner][vc_row_inner][vc_column_inner][vc_custom_heading text=\u00bb\u00a1Contr\u00e1tanos y obt\u00e9n tu traducci\u00f3n oficial en [&hellip;]<\/p>\n","protected":false},"author":9,"featured_media":0,"parent":0,"menu_order":0,"comment_status":"closed","ping_status":"closed","template":"","meta":{"site-sidebar-layout":"default","site-content-layout":"","ast-site-content-layout":"","site-content-style":"default","site-sidebar-style":"default","ast-global-header-display":"","ast-banner-title-visibility":"","ast-main-header-display":"","ast-hfb-above-header-display":"","ast-hfb-below-header-display":"","ast-hfb-mobile-header-display":"","site-post-title":"","ast-breadcrumbs-content":"","ast-featured-img":"","footer-sml-layout":"","theme-transparent-header-meta":"","adv-header-id-meta":"","stick-header-meta":"","header-above-stick-meta":"","header-main-stick-meta":"","header-below-stick-meta":"","astra-migrate-meta-layouts":"default","ast-page-background-enabled":"default","ast-page-background-meta":{"desktop":{"background-color":"var(--ast-global-color-4)","background-image":"","background-repeat":"repeat","background-position":"center center","background-size":"auto","background-attachment":"scroll","background-type":"","background-media":"","overlay-type":"","overlay-color":"","overlay-opacity":"","overlay-gradient":""},"tablet":{"background-color":"","background-image":"","background-repeat":"repeat","background-position":"center center","background-size":"auto","background-attachment":"scroll","background-type":"","background-media":"","overlay-type":"","overlay-color":"","overlay-opacity":"","overlay-gradient":""},"mobile":{"background-color":"","background-image":"","background-repeat":"repeat","background-position":"center center","background-size":"auto","background-attachment":"scroll","background-type":"","background-media":"","overlay-type":"","overlay-color":"","overlay-opacity":"","overlay-gradient":""}},"ast-content-background-meta":{"desktop":{"background-color":"var(--ast-global-color-5)","background-image":"","background-repeat":"repeat","background-position":"center center","background-size":"auto","background-attachment":"scroll","background-type":"","background-media":"","overlay-type":"","overlay-color":"","overlay-opacity":"","overlay-gradient":""},"tablet":{"background-color":"var(--ast-global-color-5)","background-image":"","background-repeat":"repeat","background-position":"center center","background-size":"auto","background-attachment":"scroll","background-type":"","background-media":"","overlay-type":"","overlay-color":"","overlay-opacity":"","overlay-gradient":""},"mobile":{"background-color":"var(--ast-global-color-5)","background-image":"","background-repeat":"repeat","background-position":"center center","background-size":"auto","background-attachment":"scroll","background-type":"","background-media":"","overlay-type":"","overlay-color":"","overlay-opacity":"","overlay-gradient":""}},"footnotes":""},"yst_prominent_words":[],"class_list":["post-6600","page","type-page","status-publish","hentry"],"_links":{"self":[{"href":"https:\/\/www.9h05.com\/es\/wp-json\/wp\/v2\/pages\/6600","targetHints":{"allow":["GET"]}}],"collection":[{"href":"https:\/\/www.9h05.com\/es\/wp-json\/wp\/v2\/pages"}],"about":[{"href":"https:\/\/www.9h05.com\/es\/wp-json\/wp\/v2\/types\/page"}],"author":[{"embeddable":true,"href":"https:\/\/www.9h05.com\/es\/wp-json\/wp\/v2\/users\/9"}],"replies":[{"embeddable":true,"href":"https:\/\/www.9h05.com\/es\/wp-json\/wp\/v2\/comments?post=6600"}],"version-history":[{"count":1,"href":"https:\/\/www.9h05.com\/es\/wp-json\/wp\/v2\/pages\/6600\/revisions"}],"predecessor-version":[{"id":9146,"href":"https:\/\/www.9h05.com\/es\/wp-json\/wp\/v2\/pages\/6600\/revisions\/9146"}],"wp:attachment":[{"href":"https:\/\/www.9h05.com\/es\/wp-json\/wp\/v2\/media?parent=6600"}],"wp:term":[{"taxonomy":"yst_prominent_words","embeddable":true,"href":"https:\/\/www.9h05.com\/es\/wp-json\/wp\/v2\/yst_prominent_words?post=6600"}],"curies":[{"name":"wp","href":"https:\/\/api.w.org\/{rel}","templated":true}]}}