{"id":6551,"date":"2017-06-12T13:05:57","date_gmt":"2017-06-12T13:05:57","guid":{"rendered":"https:\/\/www.9h05.com\/proceso-de-traduccion\/"},"modified":"2024-07-03T08:49:59","modified_gmt":"2024-07-03T08:49:59","slug":"proceso-de-traduccion","status":"publish","type":"page","link":"https:\/\/www.9h05.com\/es\/proceso-de-traduccion\/","title":{"rendered":"Proceso de traducci\u00f3n"},"content":{"rendered":"<div class=\"tmpl-call_to_action-4 boldgrid-section dynamic-gridblock background-parallax\" style=\"border-width: 0px; background-image: url('https:\/\/www.9h05.com\/wp-content\/uploads\/2022\/11\/brainstorming-9h05-canada.jpg'); background-size: cover; background-position: 50% 50%;\" data-image-url=\"https:\/\/www.9h05.com\/wp-content\/uploads\/2022\/11\/brainstorming-9h05-canada.jpg\">\n<div class=\"container\">\n<div class=\"row\" style=\"border-width: 0px;\">\n<div class=\"col-md-4 col-sm-6 col-xs-10 col-lg-4\">\n<div class=\"bg-box-cover bg-background-color bg-box\" style=\"padding: 85px 10%; background-color: rgba(33, 150, 243, 0.8); color: #ffffff;\">\n<h2 class=\"h1\" style=\"margin: 30px 0;\">Proceso de traducci\u00f3n de 9h05<\/h2>\n<div class=\"row bg-editor-hr-wrap\">\n<div class=\"col-lg-12 col-md-12 col-xs-12 col-sm-12\">\n<hr class=\"color5-color bg-hr\" style=\"border: 2px solid; margin-left: 0px;\" width=\"50%\">\n<\/div>\n<\/div>\n<p class=\"\" style=\"margin: 30px 0;\">Para traducir documentos no basta con solo sentarse ante la computadora y comenzar a escribir.&nbsp;<\/p>\n<p class=\"\">La traducci\u00f3n es un proceso intelectual exigente que demanda competencias y calificaciones espec\u00edficas, como la capacidad de an\u00e1lisis, capacidad de investigaci\u00f3n y comprensi\u00f3n, aptitudes ling\u00fc\u00edsticas de expresi\u00f3n, sin mencionar el perfecto dominio de la lengua fuente y el intachable manejo de la lengua meta.<\/p>\n<p class=\"\">&nbsp;<\/p>\n<p class=\"\"><a class=\"btn-color-4 btn btn-capitalize btn-pill btn-3d btn-regular\" style=\"border-width: 0px;\" href=\"https:\/\/api.whatsapp.com\/send\/?phone=593984265653&amp;text&amp;type=phone_number&amp;app_absent=0\">Conversemos<\/a><\/p>\n<p>&nbsp;<\/p>\n<\/div>\n<\/div>\n<div class=\"col-md-8 col-sm-6 col-xs-2 col-lg-8\"><\/div>\n<\/div>\n<\/div>\n<\/div>\n<div class=\"color5-background-color bg-background-color tmpl-about-11 boldgrid-section dynamic-gridblock background-parallax\" style=\"color: #ffffff; border-width: 0px; background-image: linear-gradient(to left, rgba(19, 19, 19, 0.8), rgba(19, 19, 19, 0.8)), url('https:\/\/www.9h05.com\/wp-content\/uploads\/2022\/11\/traducciones-oficiales-quito-ecuador.jpg'); background-size: cover; background-position: 50% 50%;\" data-bg-overlaycolor=\"rgba(19, 19, 19, 0.8)\" data-image-url=\"https:\/\/www.9h05.com\/wp-content\/uploads\/2022\/11\/traducciones-oficiales-quito-ecuador.jpg\">\n<div class=\"container-fluid\">\n<div class=\"row\">\n<div class=\"col-md-1 col-sm-2 col-xs-12 col-lg-1\"><\/div>\n<div class=\"col-md-5 col-sm-10 col-xs-12 col-lg-5\" style=\"padding: 3em;\">\n<h2 class=\"\">La traducci\u00f3n, un trabajo de equipo<\/h2>\n<p class=\"\">En 9h05 del Ecuador, el proceso de traducci\u00f3n involucra a varios profesionales ling\u00fcistas: un gestor de proyectos, un traductor, un revisor y eventualmente un controlador\/preparador.<\/p>\n<p class=\"\">El proceso est\u00e1 conformado por cuatro etapas fundamentales: primero se conoce y se lee el documento, despu\u00e9s se analiza el contenido y se realizan las investigaciones necesarias en la especialidad del documento fuente para luego traducirlo de forma detallada, pormenorizada y con atenci\u00f3n al detalle.&nbsp;<\/p>\n<p class=\"\">La \u00faltima etapa consiste en la relectura y revisi\u00f3n de la traducci\u00f3n (a cuatro ojos) para la edici\u00f3n final del documento y env\u00edo al cliente.<\/p>\n<p class=\"\" style=\"margin-top: 30px;\"><a class=\"btn-color-4 btn btn-3d btn-large\" href=\"https:\/\/www.9h05.com\/es\/9h05-agencia-de-traduccion-quito\/\">Contr\u00e1tenos<\/a><\/p>\n<\/div>\n<div class=\"col-md-3 col-sm-6 col-xs-12 fadeInRight color-neutral-background-color color-neutral-text-contrast bg-background-color col-lg-3\">\n<div class=\"row\">\n<div class=\"col-md-12 col-sm-12 col-xs-12 col-lg-12\" style=\"padding: 3em;\">\n<div>\n<h4 style=\"text-align: center;\">LECTURA INICIAL DEL DOCUMENTO<\/h4>\n<p class=\"\" style=\"text-align: center;\">Conocimiento del documento, lectura atenta y comprensi\u00f3n del contenido del documento en lengua fuente.<\/p>\n<\/div>\n<\/div>\n<div class=\"col-md-12 col-sm-12 col-xs-12 col-lg-12\" style=\"padding: 1em 3em 3em;\">\n<div>\n<h4 style=\"text-align: center;\">TRADUCCI\u00d3N PORMENORIZADA<\/h4>\n<p class=\"\" style=\"text-align: center;\">&nbsp;<\/p>\n<p class=\"\" style=\"text-align: center;\">Proceso de traducci\u00f3n en s\u00ed: uso de las t\u00e9cnicas de traducci\u00f3n y estrategias traductoras apropiadas, m\u00e9todos y figuras de traducci\u00f3n seg\u00fan el tipo de documento traducido.<\/p>\n<\/div>\n<\/div>\n<\/div>\n<\/div>\n<div class=\"col-md-3 col-sm-6 col-xs-12 fadeInRight color-neutral-background-color color-neutral-text-contrast bg-background-color col-lg-3\">\n<div class=\"row\">\n<div class=\"col-md-12 col-sm-12 col-xs-12 col-lg-12\" style=\"padding: 3em;\">\n<div>\n<h4 style=\"text-align: center;\">AN\u00c1LISIS E INVESTIGACI\u00d3N<\/h4>\n<p class=\"\" style=\"text-align: center;\">&nbsp;<\/p>\n<p class=\"\" style=\"text-align: center;\">An\u00e1lisis del documento, identificaci\u00f3n de los elementos claves y cr\u00edticos, investigaci\u00f3n del \u00e1rea de especialidad.<\/p>\n<\/div>\n<\/div>\n<div class=\"col-md-12 col-sm-12 col-xs-12 col-lg-12\" style=\"padding: 1em 3em 3em;\">\n<div>\n<h4 style=\"text-align: center;\">REVISI\u00d3N Y RELECTURA FINAL<\/h4>\n<p class=\"\" style=\"text-align: center;\">&nbsp;<\/p>\n<p class=\"\" style=\"text-align: center;\">Una vez terminada la traducci\u00f3n, se procede a su revisi\u00f3n (por un traductor-revisor ajeno al proyecto) y su relectura final.<\/p>\n<\/div>\n<\/div>\n<\/div>\n<\/div>\n<\/div>\n<\/div>\n<\/div>\n<div class=\"tmpl-about-6 boldgrid-section dynamic-gridblock background-parallax\" style=\"border-width: 0px; background-image: url('https:\/\/www.9h05.com\/wp-content\/uploads\/2022\/11\/brainstorming-9h05-miami-traductor.jpg'); background-size: cover; background-position: 50% 50%;\" data-image-url=\"https:\/\/www.9h05.com\/wp-content\/uploads\/2022\/11\/brainstorming-9h05-miami-traductor.jpg\">\n<div class=\"container-fluid\">\n<div class=\"row\">\n<div class=\"col-md-7 col-sm-5 col-xs-12 col-lg-7\"><\/div>\n<div class=\"col-md-5 col-sm-7 col-xs-12 col-lg-5\">\n<div style=\"padding: 80px 5%;\" class=\"bg-box-cover color1-background-color color-1-text-contrast bg-background-color bg-box\">\n<p class=\"\" style=\"text-align: center;\"><i class=\"fa fa-book\" style=\"font-size: 60px; border-width: 0px;\" aria-hidden=\"true\"><span style=\"display: none;\">&nbsp;<\/span><\/i><\/p>\n<h2 class=\"h1 color5-color\" style=\"text-align: center; font-size: 58px; border-width: 0px;\">Lectura inicial del documento<\/h2>\n<p class=\"\" style=\"margin: 30px 0; text-align: center;\">Esta etapa tiene como finalidad conocer el documento, comprenderlo y asegurarse de que no falta nada. Se verifica su integridad, los recursos que ser\u00e1n necesarios y se confirman los plazos en los que intervendr\u00e1 el proceso.<\/p>\n<p class=\"\">&nbsp;<\/p>\n<p class=\"\" style=\"text-align: center;\"><a class=\"btn-color-4 btn btn-capitalize btn-pill btn-3d btn-regular\" href=\"https:\/\/pay.9h05.com\/\">Contratar en l\u00ednea<\/a><\/p>\n<p>&nbsp;<\/p>\n<\/div>\n<\/div>\n<\/div>\n<\/div>\n<\/div>\n<div class=\"tmpl-about-6 boldgrid-section dynamic-gridblock background-parallax\" style=\"border-width: 0px; background-image: url('https:\/\/www.9h05.com\/wp-content\/uploads\/2022\/11\/brainstorming-9h05-miami-usa.jpeg'); background-size: cover; background-position: 50% 50%;\" data-image-url=\"https:\/\/www.9h05.com\/wp-content\/uploads\/2022\/11\/brainstorming-9h05-miami-usa.jpeg\">\n<div class=\"container-fluid\">\n<div class=\"row\">\n<div class=\"col-md-5 col-sm-7 col-xs-12 col-lg-5\">\n<div style=\"padding: 80px 5%;\" class=\"bg-box-cover color1-background-color color-1-text-contrast bg-background-color bg-box\">\n<p class=\"\" style=\"text-align: center;\"><i class=\"fa fa-search\" style=\"font-size: 60px; border-width: 0px;\" aria-hidden=\"true\"><span style=\"display: none;\">&nbsp;<\/span><\/i><\/p>\n<h2 class=\"h1 color5-color\" style=\"text-align: center; font-size: 58px; border-width: 0px;\">An\u00e1lisis e investigaci\u00f3n<\/h2>\n<p class=\"\" style=\"margin: 30px 0; text-align: center;\">La fase de an\u00e1lisis e investigaci\u00f3n del documento tiene por finalidad identificar las partes claves del documento de origen e investigar, en lo necesario, lo relacionado con el \u00e1rea de especializaci\u00f3n: porque somos traductores especializados y t\u00e9cnicos, nos aseguramos de conceptualizar correctamente y entender adecuadamente el tema sobre el que versan los documentos que manejamos.<\/p>\n<p class=\"\">&nbsp;<\/p>\n<p class=\"\" style=\"text-align: center;\"><a class=\"btn-color-4 btn btn-capitalize btn-pill btn-3d btn-regular\" style=\"border-width: 0px;\" href=\"mailto:quito@9h05.com\">Contacto<\/a><\/p>\n<p>&nbsp;<\/p>\n<\/div>\n<\/div>\n<div class=\"col-md-7 col-sm-5 col-xs-12 col-lg-7\"><\/div>\n<\/div>\n<\/div>\n<\/div>\n<div class=\"tmpl-about-6 boldgrid-section dynamic-gridblock background-parallax\" style=\"border-width: 0px; background-image: url('https:\/\/www.9h05.com\/wp-content\/uploads\/2022\/11\/Copia-de-Benjamin-22.jpg'); background-size: cover; background-position: 50% 50%;\" data-image-url=\"https:\/\/www.9h05.com\/wp-content\/uploads\/2022\/11\/Copia-de-Benjamin-22.jpg\">\n<div class=\"container-fluid\">\n<div class=\"row\">\n<div class=\"col-md-7 col-sm-5 col-xs-12 col-lg-7\">\n<p class=\"\">&nbsp;<\/p>\n<\/div>\n<div class=\"col-md-5 col-sm-7 col-xs-12 col-lg-5\">\n<div style=\"padding: 80px 5%;\" class=\"bg-box-cover color1-background-color color-1-text-contrast bg-background-color bg-box\">\n<p class=\"\" style=\"text-align: center;\"><i class=\"fa fa-language\" style=\"font-size: 60px; border-width: 0px;\" aria-hidden=\"true\"><span style=\"display: none;\">&nbsp;<\/span><\/i><\/p>\n<h2 class=\"h1 color5-color\" style=\"text-align: center; font-size: 58px; border-width: 0px;\">Traducci\u00f3n pormenorizada<\/h2>\n<p class=\"\" style=\"margin: 30px 0; text-align: center;\">Con la etapa de traducci\u00f3n, el traductor inicia la fase de producci\u00f3n y va constituy\u00e9ndose un <a href=\"https:\/\/www.9h05.com\/es\/glosario\/\">glosario terminol\u00f3gico<\/a> a lo largo del proyecto, el cual va enriqueciendo la base general de especializaci\u00f3n de 9h05 del Ecuador. Gracias a nuestros softwares de ayuda a la traducci\u00f3n (glosarios, textos paralelos, corpus, corpus anal\u00edtico, memorias de traducci\u00f3n) y a la alta calificaci\u00f3n y al perfeccionismo de nuestro equipo de traductores, entregamos productos traducidos de elevada calidad.<\/p>\n<p class=\"\" style=\"text-align: center;\"><a class=\"btn-color-4 btn btn-capitalize btn-pill btn-3d btn-regular\" href=\"https:\/\/www.9h05.com\/es\/group\/\">Acerca de 9h05 Ecuador<\/a><\/p>\n<\/div>\n<\/div>\n<\/div>\n<\/div>\n<\/div>\n<div class=\"tmpl-about-6 boldgrid-section dynamic-gridblock background-parallax\" style=\"border-width: 0px; background-image: url('https:\/\/www.9h05.com\/wp-content\/uploads\/2022\/11\/brainstorming-9h05-toronto.jpg'); background-size: cover; background-position: 50% 50%;\" data-image-url=\"https:\/\/www.9h05.com\/wp-content\/uploads\/2022\/11\/brainstorming-9h05-toronto.jpg\">\n<div class=\"container-fluid\">\n<div class=\"row\">\n<div class=\"col-md-5 col-sm-7 col-xs-12 col-lg-5\">\n<div style=\"padding: 80px 5%;\" class=\"bg-box-cover color1-background-color color-1-text-contrast bg-background-color bg-box\">\n<p class=\"\" style=\"text-align: center;\"><i class=\"fa fa-check-square-o\" style=\"font-size: 60px; border-width: 0px;\" aria-hidden=\"true\"><span style=\"display: none;\">&nbsp;<\/span><\/i><\/p>\n<h2 class=\"h1 color5-color\" style=\"text-align: center; font-size: 58px; border-width: 0px;\">Revisi\u00f3n y relectura final<\/h2>\n<p class=\"\" style=\"margin: 30px 0; text-align: center;\">Se trata de una fase cr\u00edtica en los proyectos de traducci\u00f3n: la revisi\u00f3n previa y la relectura final. La primera, la revisi\u00f3n previa, es operada por un traductor-revisor que no particip\u00f3 en la traducci\u00f3n, para garantizar una perspectiva objetiva sobre la calidad del trabajo. La segunda consiste en la relectura por parte del traductor del proyecto tomando en cuenta las observaciones y comentarios del revisor. Una vez validadas estas dos partes, el documento final puede editarse y enviarse al cliente.<\/p>\n<p class=\"\">&nbsp;<\/p>\n<p class=\"\" style=\"text-align: center;\"><a class=\"btn-color-4 btn btn-capitalize btn-pill btn-3d btn-regular\" style=\"border-width: 0px;\" href=\"https:\/\/api.whatsapp.com\/send\/?phone=593984265653&amp;text&amp;type=phone_number&amp;app_absent=0\">Conversemos por WhatsApp<\/a><\/p>\n<p>&nbsp;<\/p>\n<\/div>\n<\/div>\n<div class=\"col-md-7 col-sm-5 col-xs-12 col-lg-7\"><\/div>\n<\/div>\n<\/div>\n<\/div>\n<div class=\"tmpl-team-8 boldgrid-section dynamic-gridblock\">\n<div class=\"container\"><\/div>\n<div class=\"color3-background-color color-3-text-contrast bg-background-color tmpl-about-4 boldgrid-section dynamic-gridblock\" style=\"border-width: 0px; background-image: url('https:\/\/www.9h05.com\/wp-content\/uploads\/2022\/11\/patentes-ecuador.jpg'); background-size: cover; background-position: 50% 50%;\" data-image-url=\"https:\/\/www.9h05.com\/wp-content\/uploads\/2022\/11\/patentes-ecuador.jpg\">\n<div class=\"container-fluid\">\n<div class=\"row\">\n<div class=\"col-md-3 col-sm-12 col-xs-12 align-column-center col-lg-4\">\n<div class=\"bg-box-cover bg-box-flush bg-box\">\n<p class=\"\" style=\"text-align: center;\">&nbsp;<\/p>\n<\/div>\n<\/div>\n<div class=\"col-lg-4 col-md-3 col-sm-12 col-xs-12\"><\/div>\n<div class=\"col-md-6 col-sm-12 col-xs-12 align-column-center col-lg-4\">\n<div class=\"bg-box color4-background-color color-4-text-contrast bg-background-color\" style=\"padding: 1.5em; margin: 1em 0;\">\n<h2 class=\"h1 color1-color\">Un saber-hacer patentado<\/h2>\n<p class=\"color-4-text-contrast color4-background-color\" style=\"border-width: 0px;\">Nuestro saber-hacer est\u00e1 patentado y protegido por las leyes nacionales e internacionales.<\/p>\n<p class=\"\">Nuestro proceso de producci\u00f3n y de gesti\u00f3n tambi\u00e9n est\u00e1 patentado y protegido.<\/p>\n<p class=\"\">Desde nuestra fundaci\u00f3n en 2009 y gracias a nuestro conocimiento y experiencia en materia de traducciones, gesti\u00f3n de proyectos, gesti\u00f3n de documentos, gesti\u00f3n terminol\u00f3gica y gesti\u00f3n de tr\u00e1mites, hemos desarrollado m\u00e9todos, procesos, formas, formatos y marcas propias que nos distinguen de la competencia por nuestro alto nivel y capacidad de innovaci\u00f3n y mejora.<\/p>\n<p class=\"\">Toda copia, plagio, imitaci\u00f3n constituye una violaci\u00f3n a los derechos de propiedad intelectual de&nbsp;9h05 del Ecuador, 9h05 International y 9h05 Group que ser\u00e1 ampliamente perseguida y sancionada ante las autoridades competentes.<\/p>\n<p class=\"\">Si conoce de alguna violaci\u00f3n a estos derechos, den\u00fanciela a <a href=\"mailto:frauds@9h05.com\">frauds@9h05.com<\/a>.<\/p>\n<\/div>\n<\/div>\n<\/div>\n<\/div>\n<\/div>\n<\/div>\n<div class=\"color4-background-color bg-background-color tmpl-contact-4 boldgrid-section dynamic-gridblock background-parallax\" style=\"color: #1d1d1d; border-width: 0px; background-image: linear-gradient(to left, rgba(238, 238, 238, 0.8), rgba(238, 238, 238, 0.8)), url('https:\/\/www.9h05.com\/wp-content\/uploads\/2022\/11\/logo-9h05-group-wall.jpg'); background-size: cover; background-position: 50% 50%;\" data-bg-overlaycolor=\"rgba(238, 238, 238, 0.8)\" data-image-url=\"https:\/\/www.9h05.com\/wp-content\/uploads\/2022\/11\/logo-9h05-group-wall.jpg\">\n<div class=\"container\">\n<div class=\"row\" style=\"padding-top: 42px;\">\n<div class=\"col-md-4 col-sm-9 col-xs-12 align-column-center col-lg-4\">\n<div style=\"text-align: center;\" class=\"color5-background-color color-5-text-contrast bg-background-color bg-box\">\n<h2 class=\"\">9h05 del Ecuador<\/h2>\n<p class=\"\">Traducciones certificadas y reconocidas mundialmente<\/p>\n<\/div>\n<\/div>\n<div class=\"col-md-1 col-sm-3 col-xs-12 col-lg-1\"><\/div>\n<div class=\"col-md-7 col-sm-12 col-xs-12 bg-box-flush col-lg-7\">\n<p class=\"boldgrid-google-maps color5-border-color\" style=\"line-height: 100%; margin: 0px; border: 10px solid;\"><iframe style=\"width: 100%;\" src=\"https:\/\/www.google.com\/maps\/embed?pb=!1m18!1m12!1m3!1d3989.792883965222!2d-78.49652948543172!3d-0.20459213545984367!2m3!1f0!2f0!3f0!3m2!1i1024!2i768!4f13.1!3m3!1m2!1s0x91d59a14c2f0e17d%3A0x6618e97864c88c19!2s9h05%20del%20Ecuador!5e0!3m2!1sfr!2sfr!4v1666611310794!5m2!1sfr!2sfr\" width=\"1000\" height=\"400\" frameborder=\"0\">&amp;amp;amp;amp;amp;amp;amp;amp;amp;amp;amp;amp;amp;amp;amp;amp;amp;amp;amp;amp;amp;amp;amp;amp;amp;amp;amp;amp;amp;amp;amp;amp;amp;amp;amp;amp;amp;amp;amp;amp;amp;amp;amp;amp;amp;lt;span data-mce-type=\u00bbbookmark\u00bb style=\u00bbdisplay: inline-block; width: 0px; overflow: hidden; line-height: 0;\u00bb class=\u00bbmce_SELRES_start\u00bb&amp;amp;amp;amp;amp;amp;amp;amp;amp;amp;amp;amp;amp;amp;amp;amp;amp;amp;amp;amp;amp;amp;amp;amp;amp;amp;amp;amp;amp;amp;amp;amp;amp;amp;amp;amp;amp;amp;amp;amp;amp;amp;amp;amp;amp;gt;&amp;amp;amp;amp;amp;amp;amp;amp;amp;amp;amp;amp;amp;amp;amp;amp;amp;amp;amp;amp;amp;amp;amp;amp;amp;amp;#65279;&amp;amp;amp;amp;amp;amp;amp;amp;amp;amp;amp;amp;amp;amp;amp;amp;amp;amp;amp;amp;amp;amp;amp;amp;amp;amp;amp;amp;amp;amp;amp;amp;amp;amp;amp;amp;amp;amp;amp;amp;amp;amp;amp;amp;amp;lt;\/span&amp;amp;amp;amp;amp;amp;amp;amp;amp;amp;amp;amp;amp;amp;amp;amp;amp;amp;amp;amp;amp;amp;amp;amp;amp;amp;amp;amp;amp;amp;amp;amp;amp;amp;amp;amp;amp;amp;amp;amp;amp;amp;amp;amp;amp;gt;<\/iframe><\/p>\n<\/div>\n<\/div>\n<div class=\"row\" style=\"padding-bottom: 42px;\">\n<div class=\"col-md-6 col-sm-2 col-xs-1 col-lg-6\"><\/div>\n<div class=\"col-md-5 col-sm-8 col-xs-10 wow slideInDown col-lg-5\" data-wow-duration=\"1s\" data-wow-delay=\"0s\">\n<div style=\"margin-top: -60px; padding: 1.5em; z-index: 1; position: relative;\" class=\"color5-background-color color-5-text-contrast bg-background-color bg-box\">\n<p class=\"\" style=\"text-align: center;\">Juan Le\u00f3n Mera N21-241 y Roca<br \/>\nEdificio Cronos \u00b7 Officina 501<br \/>\n170143 Quito (Ecuador)<\/p>\n<p class=\"\" style=\"text-align: center;\"><a href=\"mailto:quito@9h05.com\">quito@9h05.com<\/a><\/p>\n<p class=\"\" style=\"text-align: center;\">02 250 11 10<br \/>\n<a href=\"https:\/\/api.whatsapp.com\/send\/?phone=593984265653&amp;text&amp;type=phone_number&amp;app_absent=0\">09 84 26 56 53<\/a><\/p>\n<p class=\"\" style=\"text-align: center;\">Abrimos de lunes a viernes, de 8h00 a 18h00 sin interrupci\u00f3n<\/p>\n<p class=\"\" style=\"text-align: center; margin-bottom: 15px;\"><a class=\"btn-color-3 btn btn-lowercase btn-pill btn-regular\" href=\"https:\/\/www.9h05.com\/es\/ecuador\/quito\/\">saber m\u00e1s acerca de 9h05<\/a><\/p>\n<\/div>\n<\/div>\n<div class=\"col-md-1 col-sm-2 col-xs-1 col-lg-1\"><\/div>\n<\/div>\n<\/div>\n<\/div>\n<div class=\"color5-background-color color-5-text-contrast bg-background-color tmpl-about-1 boldgrid-section dynamic-gridblock\" style=\"border-width: 0px; background-image: linear-gradient(to left, rgba(17, 17, 17, 0.5), rgba(17, 17, 17, 0.5)), url('https:\/\/www.9h05.com\/wp-content\/uploads\/2022\/11\/filosofia-traductologica-funcionalismo.jpeg'); background-size: cover; background-position: 50% 50%;\" data-image-url=\"https:\/\/www.9h05.com\/wp-content\/uploads\/2022\/11\/filosofia-traductologica-funcionalismo.jpeg\" data-bg-overlaycolor=\"rgba(17,17,17,0.5)\">\n<div class=\"container\">\n<div class=\"row\" style=\"padding-top: 50px; padding-bottom: 35px;\">\n<div class=\"col-md-12 col-sm-12 col-xs-12 col-lg-12\">\n<h2 class=\"color3-color\" style=\"text-align: center;\">Nuestra filosof\u00eda de traducci\u00f3n<\/h2>\n<\/div>\n<\/div>\n<div class=\"row\" style=\"padding-bottom: 90px;\">\n<div class=\"col-md-6 col-sm-12 col-xs-12 col-lg-6\">\n<div class=\"bg-box\">\n<h3 class=\"color3-color\">Nuestra escuela traductol\u00f3gica: el neofuncionalismo<\/h3>\n<div class=\"row bg-editor-hr-wrap\">\n<div class=\"col-lg-12 col-md-12 col-xs-12 col-sm-12\">\n<hr class=\"color3-color bg-hr\" style=\"border: 2px solid; margin-left: 0px;\" width=\"50%\">\n<\/div>\n<\/div>\n<div><\/div>\n<div><span class=\"\" lang=\"ES\">Porque para nosotros lo esencial es para qui\u00e9n traducimos y para qu\u00e9 traducimos: esto nos permite adaptar nuestras traducciones al p\u00fablico meta y al objetivo de la traducci\u00f3n, y en eso somos neofuncionalistas. Gracias a esta escuela traductol\u00f3gica, podemos ofrecerle un servicio de traducci\u00f3n a la medida adaptado a sus necesidades.<\/span><\/div>\n<\/div>\n<\/div>\n<\/div>\n<\/div>\n<\/div>\n","protected":false},"excerpt":{"rendered":"<p>Proceso de traducci\u00f3n de 9h05 Para traducir documentos no basta con solo sentarse ante la computadora y comenzar a escribir.&nbsp; La traducci\u00f3n es un proceso intelectual exigente que demanda competencias y calificaciones espec\u00edficas, como la capacidad de an\u00e1lisis, capacidad de investigaci\u00f3n y comprensi\u00f3n, aptitudes ling\u00fc\u00edsticas de expresi\u00f3n, sin mencionar el perfecto dominio de la lengua [&hellip;]<\/p>\n","protected":false},"author":9,"featured_media":0,"parent":0,"menu_order":0,"comment_status":"closed","ping_status":"closed","template":"","meta":{"site-sidebar-layout":"default","site-content-layout":"default","ast-site-content-layout":"","site-content-style":"default","site-sidebar-style":"default","ast-global-header-display":"","ast-banner-title-visibility":"","ast-main-header-display":"","ast-hfb-above-header-display":"","ast-hfb-below-header-display":"","ast-hfb-mobile-header-display":"","site-post-title":"disabled","ast-breadcrumbs-content":"","ast-featured-img":"","footer-sml-layout":"","theme-transparent-header-meta":"default","adv-header-id-meta":"","stick-header-meta":"","header-above-stick-meta":"","header-main-stick-meta":"","header-below-stick-meta":"","astra-migrate-meta-layouts":"set","ast-page-background-enabled":"default","ast-page-background-meta":{"desktop":{"background-color":"var(--ast-global-color-4)","background-image":"","background-repeat":"repeat","background-position":"center center","background-size":"auto","background-attachment":"scroll","background-type":"","background-media":"","overlay-type":"","overlay-color":"","overlay-opacity":"","overlay-gradient":""},"tablet":{"background-color":"","background-image":"","background-repeat":"repeat","background-position":"center center","background-size":"auto","background-attachment":"scroll","background-type":"","background-media":"","overlay-type":"","overlay-color":"","overlay-opacity":"","overlay-gradient":""},"mobile":{"background-color":"","background-image":"","background-repeat":"repeat","background-position":"center center","background-size":"auto","background-attachment":"scroll","background-type":"","background-media":"","overlay-type":"","overlay-color":"","overlay-opacity":"","overlay-gradient":""}},"ast-content-background-meta":{"desktop":{"background-color":"var(--ast-global-color-5)","background-image":"","background-repeat":"repeat","background-position":"center center","background-size":"auto","background-attachment":"scroll","background-type":"","background-media":"","overlay-type":"","overlay-color":"","overlay-opacity":"","overlay-gradient":""},"tablet":{"background-color":"var(--ast-global-color-5)","background-image":"","background-repeat":"repeat","background-position":"center center","background-size":"auto","background-attachment":"scroll","background-type":"","background-media":"","overlay-type":"","overlay-color":"","overlay-opacity":"","overlay-gradient":""},"mobile":{"background-color":"var(--ast-global-color-5)","background-image":"","background-repeat":"repeat","background-position":"center center","background-size":"auto","background-attachment":"scroll","background-type":"","background-media":"","overlay-type":"","overlay-color":"","overlay-opacity":"","overlay-gradient":""}},"footnotes":""},"yst_prominent_words":[],"class_list":["post-6551","page","type-page","status-publish","hentry"],"_links":{"self":[{"href":"https:\/\/www.9h05.com\/es\/wp-json\/wp\/v2\/pages\/6551","targetHints":{"allow":["GET"]}}],"collection":[{"href":"https:\/\/www.9h05.com\/es\/wp-json\/wp\/v2\/pages"}],"about":[{"href":"https:\/\/www.9h05.com\/es\/wp-json\/wp\/v2\/types\/page"}],"author":[{"embeddable":true,"href":"https:\/\/www.9h05.com\/es\/wp-json\/wp\/v2\/users\/9"}],"replies":[{"embeddable":true,"href":"https:\/\/www.9h05.com\/es\/wp-json\/wp\/v2\/comments?post=6551"}],"version-history":[{"count":8,"href":"https:\/\/www.9h05.com\/es\/wp-json\/wp\/v2\/pages\/6551\/revisions"}],"predecessor-version":[{"id":28666,"href":"https:\/\/www.9h05.com\/es\/wp-json\/wp\/v2\/pages\/6551\/revisions\/28666"}],"wp:attachment":[{"href":"https:\/\/www.9h05.com\/es\/wp-json\/wp\/v2\/media?parent=6551"}],"wp:term":[{"taxonomy":"yst_prominent_words","embeddable":true,"href":"https:\/\/www.9h05.com\/es\/wp-json\/wp\/v2\/yst_prominent_words?post=6551"}],"curies":[{"name":"wp","href":"https:\/\/api.w.org\/{rel}","templated":true}]}}