{"id":6325,"date":"2017-04-18T17:38:09","date_gmt":"2017-04-18T17:38:09","guid":{"rendered":"https:\/\/www.9h05.com\/?page_id=6325\/"},"modified":"2017-04-18T17:38:09","modified_gmt":"2017-04-18T17:38:09","slug":"medellin","status":"publish","type":"page","link":"https:\/\/www.9h05.com\/es\/medellin\/","title":{"rendered":"Empresa de traducci\u00f3n en Medell\u00edn (Colombia)"},"content":{"rendered":"<div class=\"wpb-content-wrapper\"><p>[vc_row][vc_column][vc_row_inner][vc_column_inner][vc_empty_space][vc_custom_heading text=\u00bb9h05, empresa de traducci\u00f3n en Medell\u00edn\u00bb font_container=\u00bbtag:h1|font_size:50|text_align:center|color:%23f27a1f\u00bb google_fonts=\u00bbfont_family:Arimo%3Aregular%2Citalic%2C700%2C700italic|font_style:400%20regular%3A400%3Anormal\u00bb][vc_custom_heading text=\u00bb9h05 de Colombia\u00bb font_container=\u00bbtag:h2|font_size:25|text_align:center|color:%23f29e5e\u00bb google_fonts=\u00bbfont_family:Arimo%3Aregular%2Citalic%2C700%2C700italic|font_style:400%20regular%3A400%3Anormal\u00bb][vc_empty_space][vc_custom_heading text=\u00bbNUESTROS SERVICIOS PARA TI\u00bb font_container=\u00bbtag:h3|font_size:20|text_align:left|color:%238224e3&#8243; google_fonts=\u00bbfont_family:Arimo%3Aregular%2Citalic%2C700%2C700italic|font_style:700%20bold%20italic%3A700%3Aitalic\u00bb][vc_empty_space height=\u00bb10px\u00bb][\/vc_column_inner][\/vc_row_inner][vc_row_inner][vc_column_inner width=\u00bb1\/2&#8243;][vc_icon icon_fontawesome=\u00bbfa fa-leanpub\u00bb color=\u00bbpink\u00bb background_style=\u00bbrounded-outline\u00bb background_color=\u00bbpink\u00bb size=\u00bbxl\u00bb align=\u00bbcenter\u00bb][vc_custom_heading text=\u00bbTRADUCCIONES GENERALES\u00bb font_container=\u00bbtag:h3|font_size:25|text_align:center|color:%231e73be\u00bb google_fonts=\u00bbfont_family:Arimo%3Aregular%2Citalic%2C700%2C700italic|font_style:700%20bold%20regular%3A700%3Anormal\u00bb][vc_column_text]9h05 de Colombia, empresa de traducci\u00f3n en Medell\u00edn es una compa\u00f1\u00eda que ofrece\u00a0<strong>traducciones generales de calidad \u00f3ptima<\/strong>. Realizamos toda clase de traducciones con una calidad incomparable en <strong>todos los campos<\/strong> no t\u00e9cnicos que puedas necesitar para tu negocio o para cualquier requerimiento, como periodismo, publicidad, turismo, o incluso material de ventas.<\/p>\n<p><strong><em>Conversemos para brindarte m\u00e1s informaci\u00f3n sobre nuestros servicios profesionales de traducci\u00f3n.<\/em><\/strong>[\/vc_column_text][\/vc_column_inner][vc_column_inner width=\u00bb1\/2&#8243;][vc_icon icon_fontawesome=\u00bbfa fa-anchor\u00bb color=\u00bbviolet\u00bb background_style=\u00bbrounded-outline\u00bb background_color=\u00bbviolet\u00bb size=\u00bbxl\u00bb align=\u00bbcenter\u00bb][vc_custom_heading text=\u00bbTRADUCCIONES T\u00c9CNICAS ESPECIALIZADAS\u00bb font_container=\u00bbtag:h3|font_size:25|text_align:center|color:%2381d742&#8243; google_fonts=\u00bbfont_family:Arimo%3Aregular%2Citalic%2C700%2C700italic|font_style:700%20bold%20regular%3A700%3Anormal\u00bb][vc_column_text]Nuestras traducciones t\u00e9cnicas especializadas son esmeradas, <strong>cuidadas, precisas<\/strong>, exactas y r\u00e1pidas. Nuestro procedimiento de traducci\u00f3n nos permite garantizar una calidad \u00f3ptima en plazos muy cortos.<\/p>\n<p>En 9h05 de Colombia,\u00a0<strong>la calidad no tiene fallas<\/strong>.[\/vc_column_text][\/vc_column_inner][\/vc_row_inner][vc_row_inner][vc_column_inner width=\u00bb1\/2&#8243;][vc_btn title=\u00bbCONT\u00c1CTANOS\u00bb style=\u00bb3d\u00bb color=\u00bbgreen\u00bb align=\u00bbcenter\u00bb i_align=\u00bbright\u00bb i_icon_fontawesome=\u00bbfa fa-arrow-circle-o-right\u00bb link=\u00bburl:https%3A%2F%2Fwww.9h05.com%2Fes%2F9h05-agencia-de-traduccion-medellin%2F|||\u00bb add_icon=\u00bbtrue\u00bb][\/vc_column_inner][vc_column_inner width=\u00bb1\/2&#8243;][vc_btn title=\u00bbCOMPRE EN L\u00cdNEA\u00bb style=\u00bb3d\u00bb color=\u00bbsky\u00bb align=\u00bbcenter\u00bb i_align=\u00bbright\u00bb i_icon_fontawesome=\u00bbfa fa-arrow-circle-o-right\u00bb link=\u00bburl:https%3A%2F%2Fwww.9h05.com%2Fproforma%2Fusd%2Findex.php%2Fes%2F|||\u00bb add_icon=\u00bbtrue\u00bb][\/vc_column_inner][\/vc_row_inner][vc_empty_space][vc_empty_space][vc_column_text]<\/p>\n<h4 style=\"text-align: center;\">9H05 EMPRESA DE TRADUCCI\u00d3N EN MEDELL\u00cdN:<\/h4>\n<h4 style=\"text-align: center;\">TRADUCCIONES DE CALIDAD, R\u00c1PIDAS Y A BUEN PRECIO<\/h4>\n<p>[\/vc_column_text][vc_single_image image=\u00bb3381&#8243; img_size=\u00bbfull\u00bb alignment=\u00bbcenter\u00bb][vc_row_inner][vc_column_inner width=\u00bb1\/4&#8243;][vc_empty_space][vc_icon icon_fontawesome=\u00bbfa fa-phone\u00bb color=\u00bbturquoise\u00bb background_style=\u00bbrounded-outline\u00bb background_color=\u00bbturquoise\u00bb size=\u00bbxl\u00bb align=\u00bbcenter\u00bb][vc_custom_heading text=\u00bb(304) 351 32 47&#8243; font_container=\u00bbtag:h4|font_size:15|text_align:center|color:%23dd9933&#8243; google_fonts=\u00bbfont_family:Arimo%3Aregular%2Citalic%2C700%2C700italic|font_style:400%20regular%3A400%3Anormal\u00bb][vc_column_text]<\/p>\n<p style=\"text-align: center;\">Medell\u00edn \u00b7 Colombia<\/p>\n<p style=\"text-align: center;\"><a href=\"mailto:bordeaux@9h05.com\">medellin@9h05.com<\/a><\/p>\n<p style=\"text-align: center;\">(304) 351 32 47<\/p>\n<p>[\/vc_column_text][vc_empty_space][\/vc_column_inner][vc_column_inner width=\u00bb3\/4&#8243;][vc_empty_space][vc_column_text]<iframe src=\"https:\/\/www.google.com\/maps\/embed?pb=!1m18!1m12!1m3!1d126910.75580606007!2d-75.66643309176027!3d6.268843996202686!2m3!1f0!2f0!3f0!3m2!1i1024!2i768!4f13.1!3m3!1m2!1s0x8e4428ef4e52dddb%3A0x722fd6c39270ac72!2sMedell%C3%ADn%2C+Antioquia!5e0!3m2!1ses-419!2sco!4v1485768720857\" width=\"1117\" height=\"450\" frameborder=\"0\" allowfullscreen=\"allowfullscreen\" data-mce-fragment=\"1\"><\/iframe>[\/vc_column_text][vc_empty_space][\/vc_column_inner][\/vc_row_inner][vc_row_inner][vc_column_inner][vc_empty_space][vc_custom_heading text=\u00bbNUESTROS IDIOMAS\u00bb font_container=\u00bbtag:h4|font_size:30|text_align:left|color:%23dd9933&#8243; google_fonts=\u00bbfont_family:Arimo%3Aregular%2Citalic%2C700%2C700italic|font_style:700%20bold%20regular%3A700%3Anormal\u00bb][\/vc_column_inner][\/vc_row_inner][vc_row_inner][vc_column_inner width=\u00bb1\/6&#8243; css=\u00bb.vc_custom_1491317601568{background-color: #3affa3 !important;}\u00bb][vc_column_text]espa\u00f1ol<\/p>\n<p>ingl\u00e9s<\/p>\n<p>franc\u00e9s[\/vc_column_text][\/vc_column_inner][vc_column_inner width=\u00bb1\/6&#8243; css=\u00bb.vc_custom_1491317619729{background-color: #ff3aee !important;}\u00bb][vc_column_text]alem\u00e1n<\/p>\n<p>italiano<\/p>\n<p>portugu\u00e9s[\/vc_column_text][\/vc_column_inner][vc_column_inner width=\u00bb1\/6&#8243; css=\u00bb.vc_custom_1491317643606{background-color: #28e2ff !important;}\u00bb][vc_column_text]neerland\u00e9s<\/p>\n<p>ruso<\/p>\n<p>rumano<\/p>\n<p>polaco[\/vc_column_text][\/vc_column_inner][vc_column_inner width=\u00bb1\/6&#8243; css=\u00bb.vc_custom_1491317658458{background-color: #ffe43a !important;}\u00bb][vc_column_text]catal\u00e1n<\/p>\n<p>\u2022gallego<\/p>\n<p>kichwa[\/vc_column_text][\/vc_column_inner][vc_column_inner width=\u00bb1\/6&#8243; css=\u00bb.vc_custom_1491317674777{background-color: #bbff4f !important;}\u00bb][vc_column_text]\u00e1rabe<\/p>\n<p>hindi<\/p>\n<p>noruego[\/vc_column_text][\/vc_column_inner][vc_column_inner width=\u00bb1\/6&#8243; css=\u00bb.vc_custom_1491317688473{background-color: #ff7575 !important;}\u00bb][vc_column_text]chino<\/p>\n<p>(mandar\u00edn)[\/vc_column_text][\/vc_column_inner][\/vc_row_inner][vc_row_inner][vc_column_inner][vc_empty_space][vntd_contact_form id=\u00bb3681&#8243;][vc_empty_space][\/vc_column_inner][\/vc_row_inner][\/vc_column][\/vc_row]<\/p>\n<\/div>","protected":false},"excerpt":{"rendered":"<p>[vc_row][vc_column][vc_row_inner][vc_column_inner][vc_empty_space][vc_custom_heading text=\u00bb9h05, empresa de traducci\u00f3n en Medell\u00edn\u00bb font_container=\u00bbtag:h1|font_size:50|text_align:center|color:%23f27a1f\u00bb google_fonts=\u00bbfont_family:Arimo%3Aregular%2Citalic%2C700%2C700italic|font_style:400%20regular%3A400%3Anormal\u00bb][vc_custom_heading text=\u00bb9h05 de Colombia\u00bb font_container=\u00bbtag:h2|font_size:25|text_align:center|color:%23f29e5e\u00bb google_fonts=\u00bbfont_family:Arimo%3Aregular%2Citalic%2C700%2C700italic|font_style:400%20regular%3A400%3Anormal\u00bb][vc_empty_space][vc_custom_heading text=\u00bbNUESTROS SERVICIOS PARA TI\u00bb font_container=\u00bbtag:h3|font_size:20|text_align:left|color:%238224e3&#8243; google_fonts=\u00bbfont_family:Arimo%3Aregular%2Citalic%2C700%2C700italic|font_style:700%20bold%20italic%3A700%3Aitalic\u00bb][vc_empty_space height=\u00bb10px\u00bb][\/vc_column_inner][\/vc_row_inner][vc_row_inner][vc_column_inner width=\u00bb1\/2&#8243;][vc_icon icon_fontawesome=\u00bbfa fa-leanpub\u00bb color=\u00bbpink\u00bb background_style=\u00bbrounded-outline\u00bb background_color=\u00bbpink\u00bb size=\u00bbxl\u00bb align=\u00bbcenter\u00bb][vc_custom_heading text=\u00bbTRADUCCIONES GENERALES\u00bb font_container=\u00bbtag:h3|font_size:25|text_align:center|color:%231e73be\u00bb google_fonts=\u00bbfont_family:Arimo%3Aregular%2Citalic%2C700%2C700italic|font_style:700%20bold%20regular%3A700%3Anormal\u00bb][vc_column_text]9h05 de Colombia, empresa de traducci\u00f3n en Medell\u00edn es una compa\u00f1\u00eda que ofrece\u00a0traducciones generales de calidad \u00f3ptima. Realizamos toda clase de traducciones con [&hellip;]<\/p>\n","protected":false},"author":9,"featured_media":0,"parent":0,"menu_order":0,"comment_status":"closed","ping_status":"closed","template":"","meta":{"site-sidebar-layout":"no-sidebar","site-content-layout":"plain-container","ast-site-content-layout":"","site-content-style":"default","site-sidebar-style":"default","ast-global-header-display":"","ast-banner-title-visibility":"","ast-main-header-display":"","ast-hfb-above-header-display":"","ast-hfb-below-header-display":"","ast-hfb-mobile-header-display":"","site-post-title":"disabled","ast-breadcrumbs-content":"","ast-featured-img":"disabled","footer-sml-layout":"","theme-transparent-header-meta":"","adv-header-id-meta":"","stick-header-meta":"","header-above-stick-meta":"","header-main-stick-meta":"","header-below-stick-meta":"","astra-migrate-meta-layouts":"default","ast-page-background-enabled":"default","ast-page-background-meta":{"desktop":{"background-color":"var(--ast-global-color-4)","background-image":"","background-repeat":"repeat","background-position":"center center","background-size":"auto","background-attachment":"scroll","background-type":"","background-media":"","overlay-type":"","overlay-color":"","overlay-opacity":"","overlay-gradient":""},"tablet":{"background-color":"","background-image":"","background-repeat":"repeat","background-position":"center center","background-size":"auto","background-attachment":"scroll","background-type":"","background-media":"","overlay-type":"","overlay-color":"","overlay-opacity":"","overlay-gradient":""},"mobile":{"background-color":"","background-image":"","background-repeat":"repeat","background-position":"center center","background-size":"auto","background-attachment":"scroll","background-type":"","background-media":"","overlay-type":"","overlay-color":"","overlay-opacity":"","overlay-gradient":""}},"ast-content-background-meta":{"desktop":{"background-color":"var(--ast-global-color-5)","background-image":"","background-repeat":"repeat","background-position":"center center","background-size":"auto","background-attachment":"scroll","background-type":"","background-media":"","overlay-type":"","overlay-color":"","overlay-opacity":"","overlay-gradient":""},"tablet":{"background-color":"var(--ast-global-color-5)","background-image":"","background-repeat":"repeat","background-position":"center center","background-size":"auto","background-attachment":"scroll","background-type":"","background-media":"","overlay-type":"","overlay-color":"","overlay-opacity":"","overlay-gradient":""},"mobile":{"background-color":"var(--ast-global-color-5)","background-image":"","background-repeat":"repeat","background-position":"center center","background-size":"auto","background-attachment":"scroll","background-type":"","background-media":"","overlay-type":"","overlay-color":"","overlay-opacity":"","overlay-gradient":""}},"footnotes":""},"yst_prominent_words":[],"class_list":["post-6325","page","type-page","status-publish","hentry"],"_links":{"self":[{"href":"https:\/\/www.9h05.com\/es\/wp-json\/wp\/v2\/pages\/6325","targetHints":{"allow":["GET"]}}],"collection":[{"href":"https:\/\/www.9h05.com\/es\/wp-json\/wp\/v2\/pages"}],"about":[{"href":"https:\/\/www.9h05.com\/es\/wp-json\/wp\/v2\/types\/page"}],"author":[{"embeddable":true,"href":"https:\/\/www.9h05.com\/es\/wp-json\/wp\/v2\/users\/9"}],"replies":[{"embeddable":true,"href":"https:\/\/www.9h05.com\/es\/wp-json\/wp\/v2\/comments?post=6325"}],"version-history":[{"count":0,"href":"https:\/\/www.9h05.com\/es\/wp-json\/wp\/v2\/pages\/6325\/revisions"}],"wp:attachment":[{"href":"https:\/\/www.9h05.com\/es\/wp-json\/wp\/v2\/media?parent=6325"}],"wp:term":[{"taxonomy":"yst_prominent_words","embeddable":true,"href":"https:\/\/www.9h05.com\/es\/wp-json\/wp\/v2\/yst_prominent_words?post=6325"}],"curies":[{"name":"wp","href":"https:\/\/api.w.org\/{rel}","templated":true}]}}