{"id":6313,"date":"2017-04-06T15:15:04","date_gmt":"2017-04-06T15:15:04","guid":{"rendered":"https:\/\/www.9h05.com\/es\/?page_id=6313"},"modified":"2022-10-03T17:45:40","modified_gmt":"2022-10-03T17:45:40","slug":"traductores-ecuador","status":"publish","type":"page","link":"https:\/\/www.9h05.com\/es\/traductores-ecuador\/","title":{"rendered":"Traductores Ecuador"},"content":{"rendered":"<div class=\"wpb-content-wrapper\"><div class=\"boldgrid-section\">\n<div class=\"container\">\n<div class=\"row\">\n<div class=\"col-lg-12 col-md-12 col-xs-12 col-sm-12\">\n<p class=\"\">[vc_row][vc_column][vc_row_inner][vc_column_inner][vc_empty_space][vc_custom_heading text=\u00bbSOMOS UNA EMPRESA DE TRADUCTORES EN ECUADOR\u00bb font_container=\u00bbtag:h1|font_size:50|text_align:center|color:%23f27a1f\u00bb google_fonts=\u00bbfont_family:Arimo%3Aregular%2Citalic%2C700%2C700italic|font_style:400%20regular%3A400%3Anormal\u00bb][vc_custom_heading text=\u00bb9h05 del Ecuador\u00bb font_container=\u00bbtag:h2|font_size:25|text_align:center|color:%23f29e5e\u00bb google_fonts=\u00bbfont_family:Arimo%3Aregular%2Citalic%2C700%2C700italic|font_style:400%20regular%3A400%3Anormal\u00bb][vc_empty_space][vc_custom_heading text=\u00bb\u00bfQU\u00c9 OFRECEMOS?\u00bb font_container=\u00bbtag:h3|font_size:20|text_align:left|color:%238224e3&#8243; google_fonts=\u00bbfont_family:Arimo%3Aregular%2Citalic%2C700%2C700italic|font_style:700%20bold%20italic%3A700%3Aitalic\u00bb][vc_empty_space height=\u00bb10px\u00bb][\/vc_column_inner][\/vc_row_inner][vc_row_inner][vc_column_inner width=\u00bb1\/4&#8243;][vc_icon icon_fontawesome=\u00bbfa fa-balance-scale\u00bb color=\u00bbturquoise\u00bb background_style=\u00bbrounded-outline\u00bb background_color=\u00bbturquoise\u00bb size=\u00bbxl\u00bb align=\u00bbcenter\u00bb][vc_custom_heading text=\u00bbTRADUCCIONES OFICIALES CERTIFICADAS\u00bb font_container=\u00bbtag:h3|font_size:25|text_align:center|color:%238224e3&#8243; google_fonts=\u00bbfont_family:Arimo%3Aregular%2Citalic%2C700%2C700italic|font_style:700%20bold%20regular%3A700%3Anormal\u00bb][vc_column_text]En 9h05 Traductores&nbsp;Ecuador, cada uno de nuestros traductores profesionales cuenta con&nbsp;<strong>credenciales y certificaciones<\/strong>&nbsp;para emitir<strong>&nbsp;traducciones&nbsp;certificadas y oficiales<\/strong>&nbsp;en todo el mundo. Si necesitas mandar tus documentos a cualquier pa\u00eds del mundo, somos la soluci\u00f3n para tus necesidades.&nbsp;<strong>Somos profesionales calificados y reconocidos<\/strong>&nbsp;en el mundo entero.[\/vc_column_text][\/vc_column_inner][vc_column_inner width=\u00bb1\/4&#8243;][vc_icon icon_fontawesome=\u00bbfa fa-leanpub\u00bb color=\u00bbpink\u00bb background_style=\u00bbrounded-outline\u00bb background_color=\u00bbpink\u00bb size=\u00bbxl\u00bb align=\u00bbcenter\u00bb][vc_custom_heading text=\u00bbTRADUCCIONES GENERALES\u00bb font_container=\u00bbtag:h3|font_size:25|text_align:center|color:%231e73be\u00bb google_fonts=\u00bbfont_family:Arimo%3Aregular%2Citalic%2C700%2C700italic|font_style:700%20bold%20regular%3A700%3Anormal\u00bb][vc_column_text]9h05 Traductores Ecuador tambi\u00e9n es sin\u00f3nimo de <strong>traducciones generales \u00f3ptimas<\/strong>. Realizamos traducciones de alta calidad en <strong>todas las \u00e1reas<\/strong> no t\u00e9cnicas que usted pueda necesitar, como periodismo, publicidad, turismo, o incluso material de ventas. Cont\u00e1ctese con nosotros para mayor informaci\u00f3n.[\/vc_column_text][\/vc_column_inner][vc_column_inner width=\u00bb1\/4&#8243;][vc_icon icon_fontawesome=\u00bbfa fa-anchor\u00bb color=\u00bbviolet\u00bb background_style=\u00bbrounded-outline\u00bb background_color=\u00bbviolet\u00bb size=\u00bbxl\u00bb align=\u00bbcenter\u00bb][vc_custom_heading text=\u00bbTRADUCCIONES T\u00c9CNICAS ESPECIALIZADAS\u00bb font_container=\u00bbtag:h3|font_size:25|text_align:center|color:%2381d742&#8243; google_fonts=\u00bbfont_family:Arimo%3Aregular%2Citalic%2C700%2C700italic|font_style:700%20bold%20regular%3A700%3Anormal\u00bb][vc_column_text]Entregamos nuestras&nbsp;traducciones t\u00e9cnicas especializadas<strong> con rapidez,&nbsp;precisi\u00f3n<\/strong>&nbsp;y exactitud sin iguales en Ecuador. Nuestro procedimiento de traducci\u00f3n permite&nbsp;<strong>garantizar una calidad \u00f3ptima<\/strong>&nbsp;con una entrega en&nbsp;<strong>plazos muy cortos<\/strong>.&nbsp;Cada traducci\u00f3n involucra a por lo menos a un traductor y a un reviso: el primero traduce y env\u00eda la traducci\u00f3n a revisi\u00f3n con un segundo traductor. As\u00ed,&nbsp;<strong>la calidad no tiene fallas<\/strong>.[\/vc_column_text][\/vc_column_inner][vc_column_inner width=\u00bb1\/4&#8243;][vc_icon icon_fontawesome=\u00bbfa fa-sitemap\u00bb color=\u00bbgreen\u00bb background_style=\u00bbrounded-outline\u00bb background_color=\u00bbgreen\u00bb size=\u00bbxl\u00bb align=\u00bbcenter\u00bb][vc_custom_heading text=\u00bbSERVICIOS CONEXOS DE TRADUCTORES ECUADOR\u00bb font_container=\u00bbtag:h3|font_size:25|text_align:center|color:%23dd3333&#8243; google_fonts=\u00bbfont_family:Arimo%3Aregular%2Citalic%2C700%2C700italic|font_style:700%20bold%20regular%3A700%3Anormal\u00bb][vc_column_text]Ofrecemos servicios conexos a nuestra oferta de servicios de traducci\u00f3n en Ecuador:<\/p>\n<ul>\n<li>Servicio de notarizaci\u00f3n<\/li>\n<li>Servicio de apostillado<\/li>\n<li>Servicio de courier<\/li>\n<li>Servicio de legalizaci\u00f3n en la Embajada de Estados Unidos<\/li>\n<li>Servicio de transcripci\u00f3n audio<\/li>\n<li>Servicio de <a href=\"https:\/\/www.9h05.com\/es\/subtitulado-para-peliculas-y-documentales\/\">subt\u00edtulos video<\/a><\/li>\n<\/ul>\n<p>No dude en comunicarse con nosotros para mayor informaci\u00f3n.[\/vc_column_text][\/vc_column_inner][\/vc_row_inner][vc_row_inner][vc_column_inner width=\u00bb1\/2&#8243;][vc_btn title=\u00bbCONT\u00c1CTENOS\u00bb style=\u00bb3d\u00bb color=\u00bbgreen\u00bb align=\u00bbcenter\u00bb i_align=\u00bbright\u00bb i_icon_fontawesome=\u00bbfa fa-arrow-circle-o-right\u00bb add_icon=\u00bbtrue\u00bb link=\u00bburl:https%3A%2F%2Fwww.9h05.com%2Fes%2F9h05-agencia-de-traduccion-quito%2F|||\u00bb][\/vc_column_inner][vc_column_inner width=\u00bb1\/2&#8243;][vc_btn title=\u00bbCOMPRE EN L\u00cdNEA\u00bb style=\u00bb3d\u00bb color=\u00bbsky\u00bb align=\u00bbcenter\u00bb i_align=\u00bbright\u00bb i_icon_fontawesome=\u00bbfa fa-arrow-circle-o-right\u00bb add_icon=\u00bbtrue\u00bb link=\u00bburl:https%3A%2F%2Fwww.9h05.com%2Fproforma%2Fusd%2Findex.php%2Fes%2F|||\u00bb][\/vc_column_inner][\/vc_row_inner][vc_empty_space][vc_empty_space][vc_column_text]<\/p>\n<h4 style=\"text-align: center;\">9H05 TRADUCTORES ECUADOR: TRADUCCIONES DE CALIDAD, R\u00c1PIDAS Y A BUEN PRECIO<\/h4>\n<p class=\"\">[\/vc_column_text][vc_single_image image=\u00bb3381&#8243; img_size=\u00bbfull\u00bb alignment=\u00bbcenter\u00bb][vc_row_inner][vc_column_inner width=\u00bb1\/4&#8243;][vc_empty_space][vc_icon icon_fontawesome=\u00bbfa fa-phone\u00bb color=\u00bbturquoise\u00bb background_style=\u00bbrounded-outline\u00bb background_color=\u00bbturquoise\u00bb size=\u00bbxl\u00bb align=\u00bbcenter\u00bb][vc_custom_heading text=\u00bb<a href=\"https:\/\/api.whatsapp.com\/send\/?phone=593984265653&amp;text&amp;type=phone_number&amp;app_absent=0\">09 84 26 56 53<\/a><br \/>\n(02) 250 11 10&#8243; font_container=\u00bbtag:h4|font_size:15|text_align:center|color:%23dd9933&#8243; google_fonts=\u00bbfont_family:Arimo%3Aregular%2Citalic%2C700%2C700italic|font_style:400%20regular%3A400%3Anormal\u00bb][vc_column_text]<\/p>\n<p class=\"\" style=\"text-align: center;\"><a href=\"mailto:quito@9h05.com\">quito@9h05.com<\/a><\/p>\n<p style=\"text-align: center;\"><strong>9h05 del Ecuador<br \/>\n<\/strong>Juan Le\u00f3n Mera N21-241 y Ram\u00f3n Roca<br \/>\nEdificio Cronos \u00b7 Piso 5 \u00b7 Oficina 501<br \/>\nQuito&nbsp;\u2022 Ecuador<\/p>\n<p class=\"\">[\/vc_column_text][vc_empty_space][\/vc_column_inner][vc_column_inner width=\u00bb3\/4&#8243;][vc_empty_space][vc_column_text]<iframe src=\"https:\/\/www.google.com\/maps\/embed?pb=!1m18!1m12!1m3!1d3989.7928816029516!2d-78.49650988543172!3d-0.20460163545983845!2m3!1f0!2f0!3f0!3m2!1i1024!2i768!4f13.1!3m3!1m2!1s0x91d59a14c2f0e17d%3A0x6618e97864c88c19!2s9h05%20del%20Ecuador!5e0!3m2!1sfr!2sec!4v1664104062030!5m2!1sfr!2sec\" width=\"1117\" height=\"450\" frameborder=\"0\" allowfullscreen=\"allowfullscreen\" data-mce-fragment=\"1\"><\/iframe>[\/vc_column_text][vc_empty_space][\/vc_column_inner][\/vc_row_inner][vc_row_inner][vc_column_inner][vc_empty_space][vc_custom_heading text=\u00bbNUESTROS IDIOMAS\u00bb font_container=\u00bbtag:h4|font_size:30|text_align:left|color:%23dd9933&#8243; google_fonts=\u00bbfont_family:Arimo%3Aregular%2Citalic%2C700%2C700italic|font_style:700%20bold%20regular%3A700%3Anormal\u00bb][\/vc_column_inner][\/vc_row_inner][vc_row_inner][vc_column_inner width=\u00bb1\/6&#8243; css=\u00bb.vc_custom_1491317601568{background-color: #3affa3 !important;}\u00bb][vc_column_text]espa\u00f1ol<\/p>\n<p>ingl\u00e9s<\/p>\n<p>franc\u00e9s[\/vc_column_text][\/vc_column_inner][vc_column_inner width=\u00bb1\/6&#8243; css=\u00bb.vc_custom_1491317619729{background-color: #ff3aee !important;}\u00bb][vc_column_text]alem\u00e1n<\/p>\n<p>italiano<\/p>\n<p>portugu\u00e9s[\/vc_column_text][\/vc_column_inner][vc_column_inner width=\u00bb1\/6&#8243; css=\u00bb.vc_custom_1491317643606{background-color: #28e2ff !important;}\u00bb][vc_column_text]neerland\u00e9s<\/p>\n<p>ruso<\/p>\n<p>rumano<\/p>\n<p>polaco[\/vc_column_text][\/vc_column_inner][vc_column_inner width=\u00bb1\/6&#8243; css=\u00bb.vc_custom_1491317658458{background-color: #ffe43a !important;}\u00bb][vc_column_text]catal\u00e1n<\/p>\n<p>\u2022gallego<\/p>\n<p>kichwa[\/vc_column_text][\/vc_column_inner][vc_column_inner width=\u00bb1\/6&#8243; css=\u00bb.vc_custom_1491317674777{background-color: #bbff4f !important;}\u00bb][vc_column_text]\u00e1rabe<\/p>\n<p>hindi<\/p>\n<p>noruego[\/vc_column_text][\/vc_column_inner][vc_column_inner width=\u00bb1\/6&#8243; css=\u00bb.vc_custom_1491317688473{background-color: #ff7575 !important;}\u00bb][vc_column_text]chino<\/p>\n<p>(mandar\u00edn)[\/vc_column_text][\/vc_column_inner][\/vc_row_inner][vc_row_inner][vc_column_inner][vc_empty_space][vntd_contact_form id=\u00bb3681&#8243;][vc_empty_space][\/vc_column_inner][\/vc_row_inner][\/vc_column][\/vc_row]<\/p>\n<\/div>\n<\/div>\n<\/div>\n<\/div>\n<\/div>","protected":false},"excerpt":{"rendered":"<p>[vc_row][vc_column][vc_row_inner][vc_column_inner][vc_empty_space][vc_custom_heading text=\u00bbSOMOS UNA EMPRESA DE TRADUCTORES EN ECUADOR\u00bb font_container=\u00bbtag:h1|font_size:50|text_align:center|color:%23f27a1f\u00bb google_fonts=\u00bbfont_family:Arimo%3Aregular%2Citalic%2C700%2C700italic|font_style:400%20regular%3A400%3Anormal\u00bb][vc_custom_heading text=\u00bb9h05 del Ecuador\u00bb font_container=\u00bbtag:h2|font_size:25|text_align:center|color:%23f29e5e\u00bb google_fonts=\u00bbfont_family:Arimo%3Aregular%2Citalic%2C700%2C700italic|font_style:400%20regular%3A400%3Anormal\u00bb][vc_empty_space][vc_custom_heading text=\u00bb\u00bfQU\u00c9 OFRECEMOS?\u00bb font_container=\u00bbtag:h3|font_size:20|text_align:left|color:%238224e3&#8243; google_fonts=\u00bbfont_family:Arimo%3Aregular%2Citalic%2C700%2C700italic|font_style:700%20bold%20italic%3A700%3Aitalic\u00bb][vc_empty_space height=\u00bb10px\u00bb][\/vc_column_inner][\/vc_row_inner][vc_row_inner][vc_column_inner width=\u00bb1\/4&#8243;][vc_icon icon_fontawesome=\u00bbfa fa-balance-scale\u00bb color=\u00bbturquoise\u00bb background_style=\u00bbrounded-outline\u00bb background_color=\u00bbturquoise\u00bb size=\u00bbxl\u00bb align=\u00bbcenter\u00bb][vc_custom_heading text=\u00bbTRADUCCIONES OFICIALES CERTIFICADAS\u00bb font_container=\u00bbtag:h3|font_size:25|text_align:center|color:%238224e3&#8243; google_fonts=\u00bbfont_family:Arimo%3Aregular%2Citalic%2C700%2C700italic|font_style:700%20bold%20regular%3A700%3Anormal\u00bb][vc_column_text]En 9h05 Traductores&nbsp;Ecuador, cada uno de nuestros traductores profesionales cuenta con&nbsp;credenciales y certificaciones&nbsp;para emitir&nbsp;traducciones&nbsp;certificadas y oficiales&nbsp;en todo el mundo. Si necesitas mandar tus [&hellip;]<\/p>\n","protected":false},"author":9,"featured_media":0,"parent":0,"menu_order":0,"comment_status":"closed","ping_status":"closed","template":"","meta":{"site-sidebar-layout":"default","site-content-layout":"","ast-site-content-layout":"","site-content-style":"default","site-sidebar-style":"default","ast-global-header-display":"","ast-banner-title-visibility":"","ast-main-header-display":"","ast-hfb-above-header-display":"","ast-hfb-below-header-display":"","ast-hfb-mobile-header-display":"","site-post-title":"","ast-breadcrumbs-content":"","ast-featured-img":"","footer-sml-layout":"","theme-transparent-header-meta":"","adv-header-id-meta":"","stick-header-meta":"","header-above-stick-meta":"","header-main-stick-meta":"","header-below-stick-meta":"","astra-migrate-meta-layouts":"default","ast-page-background-enabled":"default","ast-page-background-meta":{"desktop":{"background-color":"var(--ast-global-color-4)","background-image":"","background-repeat":"repeat","background-position":"center center","background-size":"auto","background-attachment":"scroll","background-type":"","background-media":"","overlay-type":"","overlay-color":"","overlay-opacity":"","overlay-gradient":""},"tablet":{"background-color":"","background-image":"","background-repeat":"repeat","background-position":"center center","background-size":"auto","background-attachment":"scroll","background-type":"","background-media":"","overlay-type":"","overlay-color":"","overlay-opacity":"","overlay-gradient":""},"mobile":{"background-color":"","background-image":"","background-repeat":"repeat","background-position":"center center","background-size":"auto","background-attachment":"scroll","background-type":"","background-media":"","overlay-type":"","overlay-color":"","overlay-opacity":"","overlay-gradient":""}},"ast-content-background-meta":{"desktop":{"background-color":"var(--ast-global-color-5)","background-image":"","background-repeat":"repeat","background-position":"center center","background-size":"auto","background-attachment":"scroll","background-type":"","background-media":"","overlay-type":"","overlay-color":"","overlay-opacity":"","overlay-gradient":""},"tablet":{"background-color":"var(--ast-global-color-5)","background-image":"","background-repeat":"repeat","background-position":"center center","background-size":"auto","background-attachment":"scroll","background-type":"","background-media":"","overlay-type":"","overlay-color":"","overlay-opacity":"","overlay-gradient":""},"mobile":{"background-color":"var(--ast-global-color-5)","background-image":"","background-repeat":"repeat","background-position":"center center","background-size":"auto","background-attachment":"scroll","background-type":"","background-media":"","overlay-type":"","overlay-color":"","overlay-opacity":"","overlay-gradient":""}},"footnotes":""},"yst_prominent_words":[],"class_list":["post-6313","page","type-page","status-publish","hentry"],"_links":{"self":[{"href":"https:\/\/www.9h05.com\/es\/wp-json\/wp\/v2\/pages\/6313","targetHints":{"allow":["GET"]}}],"collection":[{"href":"https:\/\/www.9h05.com\/es\/wp-json\/wp\/v2\/pages"}],"about":[{"href":"https:\/\/www.9h05.com\/es\/wp-json\/wp\/v2\/types\/page"}],"author":[{"embeddable":true,"href":"https:\/\/www.9h05.com\/es\/wp-json\/wp\/v2\/users\/9"}],"replies":[{"embeddable":true,"href":"https:\/\/www.9h05.com\/es\/wp-json\/wp\/v2\/comments?post=6313"}],"version-history":[{"count":2,"href":"https:\/\/www.9h05.com\/es\/wp-json\/wp\/v2\/pages\/6313\/revisions"}],"predecessor-version":[{"id":9175,"href":"https:\/\/www.9h05.com\/es\/wp-json\/wp\/v2\/pages\/6313\/revisions\/9175"}],"wp:attachment":[{"href":"https:\/\/www.9h05.com\/es\/wp-json\/wp\/v2\/media?parent=6313"}],"wp:term":[{"taxonomy":"yst_prominent_words","embeddable":true,"href":"https:\/\/www.9h05.com\/es\/wp-json\/wp\/v2\/yst_prominent_words?post=6313"}],"curies":[{"name":"wp","href":"https:\/\/api.w.org\/{rel}","templated":true}]}}