{"id":6295,"date":"2017-04-04T14:57:57","date_gmt":"2017-04-04T14:57:57","guid":{"rendered":"https:\/\/www.9h05.com\/es\/?page_id=6295"},"modified":"2023-11-06T13:23:00","modified_gmt":"2023-11-06T13:23:00","slug":"traductor-espanol-ingles-ecuador","status":"publish","type":"page","link":"https:\/\/www.9h05.com\/es\/traductor-espanol-ingles-ecuador\/","title":{"rendered":"Traductor de espa\u00f1ol a ingl\u00e9s en Ecuador"},"content":{"rendered":"<div class=\"color4-background-color bg-background-color tmpl-call_to_action-5 boldgrid-section dynamic-gridblock background-fixed\" style=\"color: #1d1d1d; background-image: linear-gradient(to left, rgba(238, 238, 238, 0.8), rgba(238, 238, 238, 0.8)), url('https:\/\/www.9h05.com\/wp-content\/uploads\/2023\/06\/a-adresse-traduction-assermentee-agreee-1.jpg'); background-size: cover; background-position: 50% 50%;\" data-bg-overlaycolor=\"rgba(238, 238, 238, 0.8)\" data-image-url=\"https:\/\/www.9h05.com\/wp-content\/uploads\/2023\/06\/a-adresse-traduction-assermentee-agreee-1.jpg\">\n<div class=\"container\">\n<div class=\"row\" style=\"padding-top: 50px; padding-bottom: 50px;\">\n<div class=\"col-md-8 col-sm-8 col-xs-12 col-lg-8\">\n<div class=\"bg-box\">\n<h1 class=\"color5-color\" style=\"font-size: 4em;\">Traductor de espa\u00f1ol a ingl\u00e9s en Ecuador<\/h1>\n<div class=\"row bg-editor-hr-wrap\">\n<div class=\"col-lg-12 col-md-12 col-xs-12 col-sm-12\">\n<hr class=\"bg-hr\" style=\"border: 2px solid; margin-left: 0px;\" width=\"100%\">\n<\/div>\n<\/div>\n<h2 class=\"vc_custom_heading\">\u00bfBUSCA A UN TRADUCTOR DE ESPA\u00d1OL A INGL\u00c9S EN ECUADOR?<\/h2>\n<div><span class=\"\" lang=\"ES\" style=\"font-size: 21px;\">En 9h05 del Ecuador contamos con los mejores traductores para solventar su necesidad.<\/span><\/div>\n<div><\/div>\n<p class=\"\"><a class=\"btn-color-5 btn btn-uppercase btn-rounded btn-jumbo\" href=\"https:\/\/pay.9h05.com\">COTIZAR<\/a><\/p>\n<\/div>\n<\/div>\n<div class=\"col-md-4 col-sm-4 col-xs-12 col-lg-4\"><\/div>\n<\/div>\n<\/div>\n<\/div>\n<div class=\"boldgrid-section\">\n<div class=\"container\">\n<div class=\"row\">\n<div class=\"col-lg-12 col-md-12 col-xs-12 col-sm-12\">\n<p>&nbsp;<\/p>\n<\/div>\n<\/div>\n<\/div>\n<\/div>\n<div class=\"color2-background-color color-2-text-contrast bg-background-color tmpl-about-15 boldgrid-section dynamic-gridblock\">\n<div class=\"container\">\n<div class=\"row\" style=\"padding-top: 42px; padding-bottom: 42px;\">\n<div class=\"col-md-6 col-xs-12 col-sm-6 col-lg-6\">\n<h2 class=\"\">Traducciones oficiales de espa\u00f1ol a ingl\u00e9s en todo el Ecuador<\/h2>\n<p class=\"\" style=\"font-weight: 400;\">Si tiene documentos redactados en idioma espa\u00f1ol y necesita traducirlos al idioma ingl\u00e9s, nosotros somos su soluci\u00f3n ideal. Podemos traducir sus documentos de manera r\u00e1pida y segura ya sea mediante nuestros canales electr\u00f3nicos o de manera presencial, nosotros nos ajustamos a su necesidad.<\/p>\n<p class=\"\">&nbsp;<\/p>\n<p class=\"\"><a class=\"btn-color-4 btn btn-capitalize btn-pill btn-3d btn-regular\" href=\"https:\/\/www.9h05.com\/es\/9h05-agencia-de-traduccion-quito\/\">Contacto<\/a><\/p>\n<p class=\"\">&nbsp;<\/p>\n<\/div>\n<div class=\"col-md-6 col-xs-12 col-sm-6 col-lg-6\">\n<p class=\"\"><img data-recalc-dims=\"1\" decoding=\"async\" class=\"bg-img alignnone wp-image-26302 size-full\" src=\"https:\/\/i0.wp.com\/www.9h05.com\/wp-content\/uploads\/2023\/06\/165_0_400_400_traduction-assermentee-documents-judiciaires-1.jpg?resize=400%2C400&#038;ssl=1\" alt=\"\" width=\"400\" height=\"400\" srcset=\"https:\/\/i0.wp.com\/www.9h05.com\/wp-content\/uploads\/2023\/06\/traduction-assermentee-documents-judiciaires-1.jpg?w=400&amp;ssl=1 400w, https:\/\/i0.wp.com\/www.9h05.com\/wp-content\/uploads\/2023\/06\/traduction-assermentee-documents-judiciaires-1.jpg?resize=150%2C150&amp;ssl=1 150w, https:\/\/i0.wp.com\/www.9h05.com\/wp-content\/uploads\/2023\/06\/traduction-assermentee-documents-judiciaires-1.jpg?zoom=2&amp;resize=400%2C400&amp;ssl=1 800w\" sizes=\"(max-width: 400px) 100vw, 400px\" \/><\/p>\n<\/div>\n<\/div>\n<div class=\"row\" style=\"padding-bottom: 42px;\">\n<div class=\"col-md-5 col-sm-12 col-xs-12 col-lg-5\">\n<h3 class=\"\" style=\"margin-top: 0;\">Certificaci\u00f3n, acreditaci\u00f3n y reconocimiento garantizado<\/h3>\n<p class=\"\" style=\"font-weight: 400;\">No se deje enga\u00f1ar por personas que no cuentan con el conocimiento o las certificaciones necesarias para que su tr\u00e1mite tenga \u00e9xito.<\/p>\n<p class=\"\" style=\"font-weight: 400;\">Somos un equipo de <strong>traductores profesionales y certificados<\/strong> quienes le entregamos su traducci\u00f3n con una garant\u00eda total de calidad.<\/p>\n<p class=\"\" style=\"font-weight: 400;\">Podr\u00e1 utilizar las traducciones oficiales emitidas en nuestra empresa en <strong>cualquier tr\u00e1mite o procedimiento a nivel mundial<\/strong>. Cada traductor de espa\u00f1ol a ingl\u00e9s cuenta con credenciales y certificaciones para emitir traducciones oficiales en todo el mundo.<\/p>\n<p class=\"\">&nbsp;<\/p>\n<h3 class=\"\" style=\"margin-top: 0;\">Cumplimos a cabalidad<\/h3>\n<div><span class=\"\" lang=\"ES\">Al contratar con nosotros se asegura de que <strong><span style=\"text-decoration: underline;\">no<\/span> van a rechazar o devolver su documento<\/strong> traducido ya que nuestros traductores cuentan con conocimientos, estudios, credenciales y certificaciones que los avalan para emitir las traducciones. <\/span><\/div>\n<p class=\"\">&nbsp;<\/p>\n<\/div>\n<div class=\"col-md-1 col-sm-12 col-xs-12 col-lg-1\"><\/div>\n<div class=\"col-md-6 col-xs-12 col-sm-12 col-lg-6\">\n<div class=\"row\">\n<div class=\"col-md-1 col-sm-2 col-xs-2 col-lg-1\">\n<div>\n<p class=\"\"><i class=\"color4-color fa fa-bank\" style=\"font-size: 25px;\" aria-hidden=\"true\"><span style=\"display: none;\">&nbsp;<\/span><\/i><\/p>\n<\/div>\n<\/div>\n<div class=\"col-md-10 col-sm-9 col-xs-10 col-lg-10\">\n<div>\n<h4 style=\"margin-top: 0px; margin-bottom: 15px;\">Experiencia<\/h4>\n<div><span lang=\"ES\">Tenemos <strong>15 a\u00f1os de experiencia<\/strong> traduciendo esta combinaci\u00f3n de idiomas. Hemos emitido muchas traducciones del espa\u00f1ol al ingl\u00e9s para pa\u00edses como Estados Unidos, Canad\u00e1, Reino Unido, Irlanda, Australia, Nueva Zelanda, entre otros pa\u00edses tanto europeos como asi\u00e1ticos.&nbsp;<\/span><\/div>\n<\/div>\n<\/div>\n<div class=\"col-md-1 col-sm-1 col-xs-12 col-lg-1\"><\/div>\n<\/div>\n<p class=\"\">&nbsp;<\/p>\n<div class=\"row\">\n<div class=\"col-md-1 col-sm-2 col-xs-2 col-lg-1\">\n<div>\n<p class=\"\"><i class=\"color4-color fa fa-handshake-o\" style=\"font-size: 25px;\" aria-hidden=\"true\"><span style=\"display: none;\">&nbsp;<\/span><\/i><\/p>\n<\/div>\n<\/div>\n<div class=\"col-md-10 col-sm-9 col-xs-10 col-lg-10\">\n<div>\n<h4 style=\"margin-top: 0px; margin-bottom: 15px;\">Todos los tr\u00e1mites<\/h4>\n<p class=\"\"><span lang=\"ES\">Recuerde que puede usar nuestras traducciones en tr\u00e1mites estudiantiles, judiciales, civiles, m\u00e9dicos, etc. Nosotros contamos con experiencia en todos los campos.<\/span><\/p>\n<\/div>\n<\/div>\n<div class=\"col-md-1 col-sm-1 col-xs-12 col-lg-1\"><\/div>\n<\/div>\n<p class=\"\">&nbsp;<\/p>\n<div class=\"row\">\n<div class=\"col-md-1 col-sm-2 col-xs-2 col-lg-1\">\n<div>\n<p class=\"\"><i class=\"color4-color fa fa-bookmark\" style=\"font-size: 25px;\" aria-hidden=\"true\"><span style=\"display: none;\">&nbsp;<\/span><\/i><\/p>\n<\/div>\n<\/div>\n<div class=\"col-md-10 col-sm-9 col-xs-10 col-lg-10\">\n<div>\n<h4 style=\"margin-top: 0px; margin-bottom: 15px;\">El mejor servicio de traducci\u00f3n<\/h4>\n<div><span lang=\"ES\">Nos importa brindar el <strong>mejor servicio<\/strong> a nuestros clientes, por lo que a trav\u00e9s de los a\u00f1os hemos desarrollado un proceso \u00fanico de traducci\u00f3n en el Ecuador. <\/span><\/div>\n<div><span lang=\"ES\">Este procedimiento lo pudimos desarrollar bas\u00e1ndonos en investigaci\u00f3n traductol\u00f3gica y en la convivencia diaria con casos reales de nuestra empresa. <\/span><\/div>\n<div><span lang=\"ES\">Nos gusta mantenernos actualizados con los conocimientos y normas necesarios para entregar la mejor traducci\u00f3n en el menor tiempo posible ya que sabemos que a veces nuestros clientes cuentan con poco tiempo para tener listos sus documentos.<\/span><\/div>\n<\/div>\n<\/div>\n<div class=\"col-md-1 col-sm-1 col-xs-12 col-lg-1\"><\/div>\n<\/div>\n<\/div>\n<\/div>\n<\/div>\n<\/div>\n<div class=\"color5-background-color color-5-text-contrast bg-background-color tmpl-about-16 boldgrid-section dynamic-gridblock\">\n<div class=\"container\">\n<div class=\"row\" style=\"padding-top: 25px; padding-bottom: 25px;\">\n<div class=\"col-md-12 col-xs-12 col-sm-12 col-lg-12\">\n<div class=\"boldgrid-wrap-row boldgrid-slider\" data-config=\"{&quot;arrows&quot;:true,&quot;autoplay&quot;:false,&quot;autoplaySpeed&quot;:&quot;10&quot;,&quot;dots&quot;:false,&quot;infinite&quot;:true,&quot;bgOptions&quot;:{&quot;arrowsPos&quot;:&quot;top-left&quot;,&quot;arrowsOverlay&quot;:false,&quot;arrowsBgColor&quot;:&quot;1&quot;,&quot;arrowsIcon&quot;:&quot;angle&quot;,&quot;arrowsSize&quot;:&quot;20&quot;,&quot;dotsPos&quot;:&quot;bottom&quot;,&quot;dotsOverlay&quot;:false,&quot;dotsColor&quot;:&quot;#000000&quot;,&quot;dotsSize&quot;:&quot;50&quot;},&quot;colors&quot;:{&quot;arrowsBG&quot;:{&quot;type&quot;:&quot;class&quot;,&quot;value&quot;:&quot;1&quot;,&quot;text&quot;:&quot;&quot;},&quot;dotsColor&quot;:{&quot;type&quot;:&quot;class&quot;,&quot;value&quot;:&quot;1&quot;,&quot;text&quot;:&quot;&quot;}}}\">\n<div class=\"row\">\n<div class=\"col-md-6 col-xs-12 col-sm-6 col-lg-6\" style=\"padding: padding: 2em 3em 2em 0;\">\n<div>\n<h3>Control de calidad<\/h3>\n<div><span lang=\"ES\">Para lograr esto contamos con traductores que se encargan de traducir y otros que se encargan de hacer la respetiva revisi\u00f3n minuciosa del documento traducido. <\/span><\/div>\n<div><span lang=\"ES\">De esta manera nos aseguramos de que el producto no contenga error alguno, pero sobre todo nos aseguramos de estar entregando un producto con la responsabilidad y \u00e9tica necesarias dentro del oficio de la traducci\u00f3n.<\/span><\/div>\n<p class=\"\" style=\"margin-top: 2em;\"><a class=\"btn-color-4 btn btn-small-caps btn-rounded btn-raised btn-regular\" href=\"https:\/\/www.9h05.com\/es\/proceso-de-traduccion\/\">Control de calidad<\/a><\/p>\n<\/div>\n<\/div>\n<div class=\"col-md-6 col-xs-12 col-sm-6 col-lg-6\" style=\"padding: padding: 2em 3em 2em 0;\">\n<div>\n<h3>Satisfacci\u00f3n garantizada<\/h3>\n<p style=\"font-weight: 400;\">Si le interesa conocer m\u00e1s de nosotros y de los miles de clientes satisfechos a lo largo de los a\u00f1os, puede revisar nuestra p\u00e1gina web o rese\u00f1as en Google y Facebook.<\/p>\n<p style=\"font-weight: 400;\">Adem\u00e1s, tambi\u00e9n traducimos a los siguientes idiomas: espa\u00f1ol, franc\u00e9s, ingl\u00e9s, italiano, portugu\u00e9s, alem\u00e1n, rumano, catal\u00e1n, hindi\u2026<\/p>\n<p style=\"font-weight: 400;\">\u00a1Estaremos encantados de trabajar con usted!<\/p>\n<p class=\"\" style=\"margin-top: 2em;\"><a class=\"btn-color-4 btn btn-small-caps btn-rounded btn-raised btn-regular\" href=\"https:\/\/www.9h05.com\/es\/idiomas\/\">Idiomas<\/a><\/p>\n<\/div>\n<\/div>\n<\/div>\n<div class=\"row\">\n<div class=\"col-md-6 col-xs-12 col-sm-6 col-lg-6\" style=\"padding: padding: 2em 3em 2em 0;\">\n<h3>Escape Reality<\/h3>\n<p class=\"\">Lorem ipsum dolor sit amet, consectetur adipiscing elit. Nullam eu dignissim tortor, sit amet bibendum lacus. Lorem ipsum dolor sit amet, consectetur adipiscing elit.<\/p>\n<p class=\"\">Lorem ipsum dolor sit amet, consectetur adipiscing elit. Nullam eu dignissim tortor, sit amet bibendum lacus. Lorem ipsum dolor sit amet, consectetur adipiscing elit. Nullam eu dignissim tortor, sit amet bibendum lacus.<\/p>\n<p class=\"\" style=\"margin-top: 2em;\"><a class=\"btn-color-4 btn btn-small-caps btn-rounded btn-raised btn-regular\" href=\"#\">Get a Free Quote<\/a><\/p>\n<\/div>\n<div class=\"col-md-6 col-xs-12 col-sm-6 col-lg-6\" style=\"padding: padding: 2em 3em 2em 0;\">\n<h3>Lose Yourself<\/h3>\n<p class=\"\">Lorem ipsum dolor sit amet, consectetur adipiscing elit. Nullam eu dignissim tortor, sit amet bibendum lacus. Lorem ipsum dolor sit amet, consectetur adipiscing elit.<\/p>\n<p class=\"\">Lorem ipsum dolor sit amet, consectetur adipiscing elit. Nullam eu dignissim tortor, sit amet bibendum lacus. Lorem ipsum dolor sit amet, consectetur adipiscing elit. Nullam eu dignissim tortor, sit amet bibendum lacus.<\/p>\n<p class=\"\" style=\"margin-top: 2em;\"><a class=\"btn-color-4 btn btn-small-caps btn-rounded btn-raised btn-regular\" href=\"#\">Get a Free Quote<\/a><\/p>\n<\/div>\n<\/div>\n<\/div>\n<\/div>\n<\/div>\n<\/div>\n<\/div>\n<div class=\"color3-background-color color-3-text-contrast bg-background-color tmpl-contact-3 boldgrid-section dynamic-gridblock\">\n<div class=\"container\">\n<div class=\"row\" style=\"padding-top: 50px; padding-bottom: 50px;\">\n<div class=\"col-md-6 col-xs-12 col-sm-6 col-lg-6\" style=\"padding: 1em;\">\n<h2 class=\"\">Contacto<\/h2>\n<p class=\"\">Comun\u00edquese con nosotros para obtener m\u00e1s informaci\u00f3n sobre nuestros servicios de traducci\u00f3n certificada de espa\u00f1ol a ingl\u00e9s en Ecuador<\/p>\n<div class=\"row\" style=\"padding-top: 25px;\">\n<div class=\"col-md-2 col-sm-2 col-xs-2 col-lg-2\">\n<p class=\"\" style=\"text-align: center;\"><i class=\"fa fa-map-signs color5-background-color color-5-text-contrast bg-background-color\" style=\"border-radius: 50px; padding: 0.7em; font-size: 20px;\" aria-hidden=\"true\"><span style=\"display: none;\">&nbsp;<\/span><\/i><\/p>\n<\/div>\n<div class=\"col-md-10 col-sm-10 col-xs-10 align-column-center col-lg-10\">\n<div>\n<p class=\"\">9h05 del Ecuador \u00b7 Juan Le\u00f3n Mera N21-241 y Roca \u00b7 Edificio Cronos \u00b7 170143 Quito (Ecuador)<\/p>\n<\/div>\n<\/div>\n<\/div>\n<div class=\"row\" style=\"padding-top: 15px;\">\n<div class=\"col-md-2 col-sm-2 col-xs-2 col-lg-2\">\n<div>\n<p class=\"\" style=\"text-align: center;\"><i class=\"fa fa-phone color5-background-color color-5-text-contrast bg-background-color\" style=\"border-radius: 50px; padding: 0.7em; font-size: 20px;\" aria-hidden=\"true\"><span style=\"display: none;\">&nbsp;<\/span><\/i><\/p>\n<\/div>\n<\/div>\n<div class=\"col-md-10 col-sm-10 col-xs-10 align-column-center col-lg-10\">\n<div>\n<p class=\"\">(02) 250 11 10 \u00b7 09 84 26 56 53<\/p>\n<\/div>\n<\/div>\n<\/div>\n<div class=\"row\" style=\"padding-top: 15px; padding-bottom: 25px;\">\n<div class=\"col-md-2 col-sm-2 col-xs-2 col-lg-2\">\n<p class=\"\" style=\"text-align: center;\"><i class=\"fa fa-envelope color5-background-color color-5-text-contrast bg-background-color\" style=\"border-radius: 50px; padding: 0.7em; font-size: 20px;\" aria-hidden=\"true\"><span style=\"display: none;\">&nbsp;<\/span><\/i><\/p>\n<\/div>\n<div class=\"col-md-10 col-sm-10 col-xs-10 align-column-center col-lg-10\">\n<div>\n<p class=\"\"><a href=\"mailto:quito@9h05.com\">quito@9h05.com<\/a><\/p>\n<\/div>\n<\/div>\n<\/div>\n<div class=\"row\" style=\"padding-top: 15px; padding-bottom: 25px;\">\n<div class=\"col-md-2 col-sm-2 col-xs-2 col-lg-2\">\n<div>\n<p class=\"\" style=\"text-align: center;\"><i class=\"fa color5-background-color color-5-text-contrast bg-background-color fa-whatsapp\" style=\"border-radius: 50px; padding: 0.7em; font-size: 20px;\" aria-hidden=\"true\"><span style=\"display: none;\">&nbsp;<\/span><\/i><\/p>\n<\/div>\n<\/div>\n<div class=\"col-md-10 col-sm-10 col-xs-10 align-column-center col-lg-10\">\n<div>\n<p class=\"\"><a href=\"https:\/\/api.whatsapp.com\/send\/?phone=593984265653&amp;text&amp;type=phone_number&amp;app_absent=0\">09 84 26 56 53<\/a><\/p>\n<\/div>\n<\/div>\n<\/div>\n<p class=\"wow tada\" style=\"text-align: center;\" data-wow-duration=\"1.5s\" data-wow-delay=\"1s\"><a class=\"btn-color-5 btn btn-uppercase btn-pill btn-regular\" href=\"https:\/\/www.9h05.com\/es\/9h05-agencia-de-traduccion-quito\/\">ContactO<\/a><\/p>\n<\/div>\n<div class=\"col-md-6 col-xs-12 col-sm-6 col-lg-6\" style=\"padding: 1em;\">\n<p class=\"boldgrid-google-maps\"><iframe style=\"max-width: 100%;\" src=\"https:\/\/www.google.com\/maps\/embed?pb=!1m18!1m12!1m3!1d3989.7928816029516!2d-78.49650988543172!3d-0.20460163545983845!2m3!1f0!2f0!3f0!3m2!1i1024!2i768!4f13.1!3m3!1m2!1s0x91d59a14c2f0e17d%3A0x6618e97864c88c19!2s9h05%20del%20Ecuador!5e0!3m2!1sfr!2sec!4v1664104062030!5m2!1sfr!2sec\" width=\"600\" height=\"400\" frameborder=\"0\">&amp;amp;amp;amp;amp;lt;span data-mce-type=\u00bbbookmark\u00bb style=\u00bbdisplay: inline-block; width: 0px; overflow: hidden; line-height: 0;\u00bb class=\u00bbmce_SELRES_start\u00bb&amp;amp;amp;amp;amp;gt;\ufeff&amp;amp;amp;amp;amp;lt;\/span&amp;amp;amp;amp;amp;gt;<\/iframe><\/p>\n<\/div>\n<\/div>\n<\/div>\n<\/div>\n","protected":false},"excerpt":{"rendered":"<p>Traductor de espa\u00f1ol a ingl\u00e9s en Ecuador \u00bfBUSCA A UN TRADUCTOR DE ESPA\u00d1OL A INGL\u00c9S EN ECUADOR? En 9h05 del Ecuador contamos con los mejores traductores para solventar su necesidad. COTIZAR &nbsp; Traducciones oficiales de espa\u00f1ol a ingl\u00e9s en todo el Ecuador Si tiene documentos redactados en idioma espa\u00f1ol y necesita traducirlos al idioma ingl\u00e9s, [&hellip;]<\/p>\n","protected":false},"author":9,"featured_media":0,"parent":0,"menu_order":0,"comment_status":"closed","ping_status":"closed","template":"","meta":{"site-sidebar-layout":"default","site-content-layout":"","ast-site-content-layout":"default","site-content-style":"default","site-sidebar-style":"default","ast-global-header-display":"","ast-banner-title-visibility":"","ast-main-header-display":"","ast-hfb-above-header-display":"","ast-hfb-below-header-display":"","ast-hfb-mobile-header-display":"","site-post-title":"","ast-breadcrumbs-content":"","ast-featured-img":"","footer-sml-layout":"","theme-transparent-header-meta":"default","adv-header-id-meta":"","stick-header-meta":"default","header-above-stick-meta":"","header-main-stick-meta":"","header-below-stick-meta":"","astra-migrate-meta-layouts":"set","ast-page-background-enabled":"default","ast-page-background-meta":{"desktop":{"background-color":"var(--ast-global-color-4)","background-image":"","background-repeat":"repeat","background-position":"center center","background-size":"auto","background-attachment":"scroll","background-type":"","background-media":"","overlay-type":"","overlay-color":"","overlay-opacity":"","overlay-gradient":""},"tablet":{"background-color":"","background-image":"","background-repeat":"repeat","background-position":"center center","background-size":"auto","background-attachment":"scroll","background-type":"","background-media":"","overlay-type":"","overlay-color":"","overlay-opacity":"","overlay-gradient":""},"mobile":{"background-color":"","background-image":"","background-repeat":"repeat","background-position":"center center","background-size":"auto","background-attachment":"scroll","background-type":"","background-media":"","overlay-type":"","overlay-color":"","overlay-opacity":"","overlay-gradient":""}},"ast-content-background-meta":{"desktop":{"background-color":"var(--ast-global-color-5)","background-image":"","background-repeat":"repeat","background-position":"center center","background-size":"auto","background-attachment":"scroll","background-type":"","background-media":"","overlay-type":"","overlay-color":"","overlay-opacity":"","overlay-gradient":""},"tablet":{"background-color":"var(--ast-global-color-5)","background-image":"","background-repeat":"repeat","background-position":"center center","background-size":"auto","background-attachment":"scroll","background-type":"","background-media":"","overlay-type":"","overlay-color":"","overlay-opacity":"","overlay-gradient":""},"mobile":{"background-color":"var(--ast-global-color-5)","background-image":"","background-repeat":"repeat","background-position":"center center","background-size":"auto","background-attachment":"scroll","background-type":"","background-media":"","overlay-type":"","overlay-color":"","overlay-opacity":"","overlay-gradient":""}},"footnotes":""},"yst_prominent_words":[],"class_list":["post-6295","page","type-page","status-publish","hentry"],"_links":{"self":[{"href":"https:\/\/www.9h05.com\/es\/wp-json\/wp\/v2\/pages\/6295","targetHints":{"allow":["GET"]}}],"collection":[{"href":"https:\/\/www.9h05.com\/es\/wp-json\/wp\/v2\/pages"}],"about":[{"href":"https:\/\/www.9h05.com\/es\/wp-json\/wp\/v2\/types\/page"}],"author":[{"embeddable":true,"href":"https:\/\/www.9h05.com\/es\/wp-json\/wp\/v2\/users\/9"}],"replies":[{"embeddable":true,"href":"https:\/\/www.9h05.com\/es\/wp-json\/wp\/v2\/comments?post=6295"}],"version-history":[{"count":5,"href":"https:\/\/www.9h05.com\/es\/wp-json\/wp\/v2\/pages\/6295\/revisions"}],"predecessor-version":[{"id":27644,"href":"https:\/\/www.9h05.com\/es\/wp-json\/wp\/v2\/pages\/6295\/revisions\/27644"}],"wp:attachment":[{"href":"https:\/\/www.9h05.com\/es\/wp-json\/wp\/v2\/media?parent=6295"}],"wp:term":[{"taxonomy":"yst_prominent_words","embeddable":true,"href":"https:\/\/www.9h05.com\/es\/wp-json\/wp\/v2\/yst_prominent_words?post=6295"}],"curies":[{"name":"wp","href":"https:\/\/api.w.org\/{rel}","templated":true}]}}