{"id":6201,"date":"2017-03-22T15:54:40","date_gmt":"2017-03-22T15:54:40","guid":{"rendered":"https:\/\/www.9h05.com\/es\/?page_id=6201"},"modified":"2022-10-03T17:35:43","modified_gmt":"2022-10-03T17:35:43","slug":"servicio-de-traduccion-quito","status":"publish","type":"page","link":"https:\/\/www.9h05.com\/es\/servicio-de-traduccion-quito\/","title":{"rendered":"Servicio de traducci\u00f3n en Quito"},"content":{"rendered":"<div class=\"wpb-content-wrapper\"><div class=\"boldgrid-section\">\n<div class=\"container\">\n<div class=\"row\">\n<div class=\"col-lg-12 col-md-12 col-xs-12 col-sm-12\">\n<p>[vc_row css=\u00bb.vc_custom_1490195355449{background-color: #efefef !important;}\u00bb][vc_column][\/vc_column][vc_row_inner][vc_column_inner width=\u00bb2\/3&#8243;][vc_empty_space][vc_custom_heading text=\u00bb9h05 del Ecuador<br \/>\nServicio de traducci\u00f3n en Quito\u00bb font_container=\u00bbtag:h1|font_size:60|text_align:left|color:%236b6b6b\u00bb google_fonts=\u00bbfont_family:Arimo%3Aregular%2Citalic%2C700%2C700italic|font_style:400%20regular%3A400%3Anormal\u00bb][vc_empty_space][\/vc_column_inner][vc_column_inner width=\u00bb1\/3&#8243;][vc_empty_space][vc_single_image image=\u00bb6202&#8243; img_size=\u00bblarge\u00bb alignment=\u00bbcenter\u00bb style=\u00bbvc_box_rounded\u00bb][vc_empty_space][\/vc_column_inner][\/vc_row_inner][vc_row_inner][vc_column_inner width=\u00bb1\/4&#8243;][vc_icon icon_fontawesome=\u00bbfa fa-balance-scale\u00bb color=\u00bbblack\u00bb size=\u00bbxl\u00bb align=\u00bbcenter\u00bb][vc_custom_heading text=\u00bbServicio de traducci\u00f3n oficial en Quito\u00bb font_container=\u00bbtag:h2|font_size:15|text_align:center|color:%23898989&#8243; google_fonts=\u00bbfont_family:Arimo%3Aregular%2Citalic%2C700%2C700italic|font_style:700%20bold%20regular%3A700%3Anormal\u00bb][vc_column_text]Mande a traducir sus documentos con 9h05 del Ecuador, empresa l\u00edder en servicio de traducci\u00f3n en Quito. Somos traductores oficiales y certificados para todo el pa\u00eds y en el mundo entero.<\/p>\n<p>Trabajamos con 17 idiomas:<\/p>\n<table>\n<tbody>\n<tr>\n<td width=\"221\">\n<p style=\"text-align: center;\"><strong>Zona 1<\/strong><\/p>\n<\/td>\n<td style=\"text-align: center;\" width=\"221\"><strong>Zona 2<\/strong><\/td>\n<\/tr>\n<tr>\n<td width=\"221\">\u2022 Espa\u00f1ol<\/p>\n<p>\u2022 Ingl\u00e9s<\/p>\n<p>\u2022 Franc\u00e9s<\/td>\n<td width=\"221\">\u2022 Portugu\u00e9s<\/p>\n<p>\u2022 Italiano<\/p>\n<p>\u2022 Alem\u00e1n<\/td>\n<\/tr>\n<tr>\n<td width=\"221\">\n<p style=\"text-align: center;\"><strong>Zona 3<\/strong><\/p>\n<\/td>\n<td style=\"text-align: center;\" width=\"221\"><strong>Zona 4<\/strong><\/td>\n<\/tr>\n<tr>\n<td width=\"221\">\u2022 Neerland\u00e9s<\/p>\n<p>\u2022 Ruso<\/p>\n<p>\u2022 Rumano<\/p>\n<p>\u2022 Polaco<\/td>\n<td width=\"221\">\u2022 Kichwa<\/p>\n<p>\u2022&nbsp;Catal\u00e1n<\/p>\n<p>\u2022 Gallego<\/td>\n<\/tr>\n<tr>\n<td width=\"221\">\n<p style=\"text-align: center;\"><strong>Zona 5<\/strong><\/p>\n<\/td>\n<td style=\"text-align: center;\" width=\"221\"><strong>Zona 6<\/strong><\/td>\n<\/tr>\n<tr>\n<td width=\"221\">\u2022 \u00c1rabe<\/p>\n<p>\u2022 Hindi<\/p>\n<p>\u2022 Noruego<\/td>\n<td width=\"221\">\u2022 Chino<\/td>\n<\/tr>\n<\/tbody>\n<\/table>\n<p>[\/vc_column_text][vc_btn title=\u00bbCONTR\u00c1TENOS EN L\u00cdNEA\u00bb style=\u00bb3d\u00bb color=\u00bbgreen\u00bb align=\u00bbcenter\u00bb i_align=\u00bbright\u00bb i_icon_fontawesome=\u00bbfa fa-credit-card\u00bb button_block=\u00bbtrue\u00bb add_icon=\u00bbtrue\u00bb link=\u00bburl:https%3A%2F%2Fwww.9h05.com%2Fproforma%2Fusd%2Findex.php%2Fes%2F|||\u00bb][\/vc_column_inner][vc_column_inner width=\u00bb1\/4&#8243;][vc_icon icon_fontawesome=\u00bbfa fa-language\u00bb color=\u00bbblack\u00bb size=\u00bbxl\u00bb align=\u00bbcenter\u00bb][vc_custom_heading text=\u00bbServicio de traducci\u00f3n general en Quito\u00bb font_container=\u00bbtag:h2|font_size:15|text_align:center|color:%23898989&#8243; google_fonts=\u00bbfont_family:Arimo%3Aregular%2Citalic%2C700%2C700italic|font_style:700%20bold%20regular%3A700%3Anormal\u00bb][vc_column_text]Tenemos miles de clientes corporativos enteramente satisfechos con nuestros servicios de traducci\u00f3n general y t\u00e9cnica:<\/p>\n<p>Organizaci\u00f3n Internacional del Trabajo \u00b7 Olade \u00b7 Third Millenium Alliance \u00b7 UNESCO \u00b7 OIT \u00b7 Misi\u00f3n Alianza de Noruega \u00b7 Fiscal\u00eda General del Estado \u00b7 Pontificia Universidad Cat\u00f3lica del Ecuador \u00b7 Cooperativa de Cr\u00e9dito y Ahorro Polic\u00eda Nacional \u00b7 Cooperativa de Ahorro y Cr\u00e9dito Tulc\u00e1n Ltda \u00b7 Estudio BER Agobados \u00b7 Lexvalor \u00b7 Egolex \u00b7 Santamar\u00eda Abogados \u00b7 Legiscorp \u00b7 Le\u00f3n y Godoy Consultores \u00b7 RTV Ecuador \u00b7 Radio Mar\u00eda \u00b7 Abercrombie &amp; Kent \u00b7 Terraviajes Ecuador \u00b7 Columbus Travel Group \u00b7 Incatrek Ecuador \u00b7 Arabicoffee S.A. \u00b7 Guangala Chocolate \u00b7 Asisbane&nbsp;\u00b7 Qualipharm \u00b7 New Yorker Labs \u00b7 Laboratorios Ethical \u00b7 Biogen Laboratorio Farmac\u00e9utico \u00b7 Mavesa \u00b7 General Electric \u00b7 Ilvetecnica SA \u00b7 Procopet SA \u00b7 Kuehne + Nagel SA \u00b7 PowerLife USA \u00b7 Ecyfo Cia Ltda \u00b7 IDF Iluminaci\u00f3n \u00b7 Protecompu \u00b7 Hidroalto \u00b7 Enermax \u00b7 Michelin \u00b7 Conauto \u00b7 Disetec \u00b7 Zed \u00b7 EPC \u00b7 Schneider Eletric \u00b7 etc.[\/vc_column_text][\/vc_column_inner][vc_column_inner width=\u00bb1\/4&#8243;][vc_icon icon_fontawesome=\u00bbfa fa-gavel\u00bb color=\u00bbblack\u00bb size=\u00bbxl\u00bb align=\u00bbcenter\u00bb][vc_custom_heading text=\u00bbServicio de notarizaci\u00f3n en Quito\u00bb font_container=\u00bbtag:h2|font_size:15|text_align:center|color:%23898989&#8243; google_fonts=\u00bbfont_family:Arimo%3Aregular%2Citalic%2C700%2C700italic|font_style:700%20bold%20regular%3A700%3Anormal\u00bb][vc_column_text]Ofrecemos el servicio de notarizaci\u00f3n de los documentos que traducimos para que tengan plena validez ante las autoridades p\u00fablicas y privadas, de conformidad con lo dispuesto en la ley.<\/p>\n<p>Este servicio, aunque bastante r\u00e1pido, puede retrasar la entrega de una traducci\u00f3n en hasta 24h adicionales.[\/vc_column_text][\/vc_column_inner][vc_column_inner width=\u00bb1\/4&#8243;][vc_icon icon_fontawesome=\u00bbfa fa-truck\u00bb color=\u00bbblack\u00bb size=\u00bbxl\u00bb align=\u00bbcenter\u00bb][vc_custom_heading text=\u00bbEntrega a domicilio en todo el pa\u00eds\u00bb font_container=\u00bbtag:h2|font_size:15|text_align:center|color:%23898989&#8243; google_fonts=\u00bbfont_family:Arimo%3Aregular%2Citalic%2C700%2C700italic|font_style:700%20bold%20regular%3A700%3Anormal\u00bb][vc_column_text]Porque su tiempo es importante, tambi\u00e9n contamos con el servicio de entrega a domicilio o en su oficina. Trabajamos con varias operadoras de courier en el pa\u00eds, como Laarcourier\/UPS, Servientrega y DHL.[\/vc_column_text][\/vc_column_inner][\/vc_row_inner][vc_row_inner][vc_column_inner][vc_empty_space][vc_single_image image=\u00bb6203&#8243; img_size=\u00bbfull\u00bb alignment=\u00bbcenter\u00bb][vc_empty_space][\/vc_column_inner][\/vc_row_inner][vc_row_inner][vc_column_inner][vc_column_text]<\/p>\n<p style=\"text-align: center;\"><iframe src=\"https:\/\/www.google.com\/maps\/embed?pb=!1m18!1m12!1m3!1d3989.7928816029516!2d-78.49650988543172!3d-0.20460163545983845!2m3!1f0!2f0!3f0!3m2!1i1024!2i768!4f13.1!3m3!1m2!1s0x91d59a14c2f0e17d%3A0x6618e97864c88c19!2s9h05%20del%20Ecuador!5e0!3m2!1sfr!2sec!4v1664104062030!5m2!1sfr!2sec\" width=\"1117\" height=\"450\" frameborder=\"0\" allowfullscreen=\"allowfullscreen\" data-mce-fragment=\"1\"><\/iframe><\/p>\n<p>[\/vc_column_text][\/vc_column_inner][\/vc_row_inner][vc_row_inner][vc_column_inner][vc_empty_space][vc_column_text]<strong>\u00bfTIENE UNA PREGUNTA SOBRE NUESTRO SERVICIO DE TRADUCCI\u00d3N EN QUITO?<\/strong><\/p>\n<p>Cont\u00e1ctese con nuestro servicio de atenci\u00f3n al cliente:<\/p>\n<p class=\"\"><a href=\"https:\/\/api.whatsapp.com\/send\/?phone=593984265653&amp;text&amp;type=phone_number&amp;app_absent=0\">09 84 26 56 53<\/a> \/ (02) 250 11 10<\/p>\n<p class=\"\"><a href=\"mailto:quito@9h05.com\">quito@9h05.com<\/a><\/p>\n<p class=\"\">Juan Le\u00f3n Mera N21-241 y Ram\u00f3n Roca<br \/>\nEdificio Cronos \u00b7 Piso 5 \u00b7 Oficina 501<br \/>\nQuito[\/vc_column_text][vc_empty_space][\/vc_column_inner][\/vc_row_inner][vc_row_inner][vc_column_inner][vntd_contact_form id=\u00bb3681&#8243;][\/vc_column_inner][\/vc_row_inner][\/vc_row]<\/p>\n<\/div>\n<\/div>\n<\/div>\n<\/div>\n<\/div>","protected":false},"excerpt":{"rendered":"<p>[vc_row css=\u00bb.vc_custom_1490195355449{background-color: #efefef !important;}\u00bb][vc_column][\/vc_column][vc_row_inner][vc_column_inner width=\u00bb2\/3&#8243;][vc_empty_space][vc_custom_heading text=\u00bb9h05 del Ecuador Servicio de traducci\u00f3n en Quito\u00bb font_container=\u00bbtag:h1|font_size:60|text_align:left|color:%236b6b6b\u00bb google_fonts=\u00bbfont_family:Arimo%3Aregular%2Citalic%2C700%2C700italic|font_style:400%20regular%3A400%3Anormal\u00bb][vc_empty_space][\/vc_column_inner][vc_column_inner width=\u00bb1\/3&#8243;][vc_empty_space][vc_single_image image=\u00bb6202&#8243; img_size=\u00bblarge\u00bb alignment=\u00bbcenter\u00bb style=\u00bbvc_box_rounded\u00bb][vc_empty_space][\/vc_column_inner][\/vc_row_inner][vc_row_inner][vc_column_inner width=\u00bb1\/4&#8243;][vc_icon icon_fontawesome=\u00bbfa fa-balance-scale\u00bb color=\u00bbblack\u00bb size=\u00bbxl\u00bb align=\u00bbcenter\u00bb][vc_custom_heading text=\u00bbServicio de traducci\u00f3n oficial en Quito\u00bb font_container=\u00bbtag:h2|font_size:15|text_align:center|color:%23898989&#8243; google_fonts=\u00bbfont_family:Arimo%3Aregular%2Citalic%2C700%2C700italic|font_style:700%20bold%20regular%3A700%3Anormal\u00bb][vc_column_text]Mande a traducir sus documentos con 9h05 del Ecuador, empresa l\u00edder en servicio de traducci\u00f3n en Quito. Somos traductores oficiales y certificados [&hellip;]<\/p>\n","protected":false},"author":9,"featured_media":0,"parent":0,"menu_order":0,"comment_status":"closed","ping_status":"closed","template":"","meta":{"site-sidebar-layout":"default","site-content-layout":"","ast-site-content-layout":"","site-content-style":"default","site-sidebar-style":"default","ast-global-header-display":"","ast-banner-title-visibility":"","ast-main-header-display":"","ast-hfb-above-header-display":"","ast-hfb-below-header-display":"","ast-hfb-mobile-header-display":"","site-post-title":"","ast-breadcrumbs-content":"","ast-featured-img":"","footer-sml-layout":"","theme-transparent-header-meta":"","adv-header-id-meta":"","stick-header-meta":"","header-above-stick-meta":"","header-main-stick-meta":"","header-below-stick-meta":"","astra-migrate-meta-layouts":"default","ast-page-background-enabled":"default","ast-page-background-meta":{"desktop":{"background-color":"var(--ast-global-color-4)","background-image":"","background-repeat":"repeat","background-position":"center center","background-size":"auto","background-attachment":"scroll","background-type":"","background-media":"","overlay-type":"","overlay-color":"","overlay-opacity":"","overlay-gradient":""},"tablet":{"background-color":"","background-image":"","background-repeat":"repeat","background-position":"center center","background-size":"auto","background-attachment":"scroll","background-type":"","background-media":"","overlay-type":"","overlay-color":"","overlay-opacity":"","overlay-gradient":""},"mobile":{"background-color":"","background-image":"","background-repeat":"repeat","background-position":"center center","background-size":"auto","background-attachment":"scroll","background-type":"","background-media":"","overlay-type":"","overlay-color":"","overlay-opacity":"","overlay-gradient":""}},"ast-content-background-meta":{"desktop":{"background-color":"var(--ast-global-color-5)","background-image":"","background-repeat":"repeat","background-position":"center center","background-size":"auto","background-attachment":"scroll","background-type":"","background-media":"","overlay-type":"","overlay-color":"","overlay-opacity":"","overlay-gradient":""},"tablet":{"background-color":"var(--ast-global-color-5)","background-image":"","background-repeat":"repeat","background-position":"center center","background-size":"auto","background-attachment":"scroll","background-type":"","background-media":"","overlay-type":"","overlay-color":"","overlay-opacity":"","overlay-gradient":""},"mobile":{"background-color":"var(--ast-global-color-5)","background-image":"","background-repeat":"repeat","background-position":"center center","background-size":"auto","background-attachment":"scroll","background-type":"","background-media":"","overlay-type":"","overlay-color":"","overlay-opacity":"","overlay-gradient":""}},"footnotes":""},"yst_prominent_words":[],"class_list":["post-6201","page","type-page","status-publish","hentry"],"_links":{"self":[{"href":"https:\/\/www.9h05.com\/es\/wp-json\/wp\/v2\/pages\/6201","targetHints":{"allow":["GET"]}}],"collection":[{"href":"https:\/\/www.9h05.com\/es\/wp-json\/wp\/v2\/pages"}],"about":[{"href":"https:\/\/www.9h05.com\/es\/wp-json\/wp\/v2\/types\/page"}],"author":[{"embeddable":true,"href":"https:\/\/www.9h05.com\/es\/wp-json\/wp\/v2\/users\/9"}],"replies":[{"embeddable":true,"href":"https:\/\/www.9h05.com\/es\/wp-json\/wp\/v2\/comments?post=6201"}],"version-history":[{"count":3,"href":"https:\/\/www.9h05.com\/es\/wp-json\/wp\/v2\/pages\/6201\/revisions"}],"predecessor-version":[{"id":9155,"href":"https:\/\/www.9h05.com\/es\/wp-json\/wp\/v2\/pages\/6201\/revisions\/9155"}],"wp:attachment":[{"href":"https:\/\/www.9h05.com\/es\/wp-json\/wp\/v2\/media?parent=6201"}],"wp:term":[{"taxonomy":"yst_prominent_words","embeddable":true,"href":"https:\/\/www.9h05.com\/es\/wp-json\/wp\/v2\/yst_prominent_words?post=6201"}],"curies":[{"name":"wp","href":"https:\/\/api.w.org\/{rel}","templated":true}]}}