{"id":6190,"date":"2017-03-22T10:24:14","date_gmt":"2017-03-22T10:24:14","guid":{"rendered":"https:\/\/www.9h05.com\/es\/?page_id=6190"},"modified":"2022-10-03T16:27:26","modified_gmt":"2022-10-03T16:27:26","slug":"empresa-de-traduccion-guayaquil","status":"publish","type":"page","link":"https:\/\/www.9h05.com\/es\/empresa-de-traduccion-guayaquil\/","title":{"rendered":"9h05 Empresa de Traducci\u00f3n en Guayaquil"},"content":{"rendered":"<div class=\"wpb-content-wrapper\"><div class=\"boldgrid-section\">\n<div class=\"container\">\n<div class=\"row\">\n<div class=\"col-lg-12 col-md-12 col-xs-12 col-sm-12\">\n<p class=\"\">[vc_row css=\u00bb.vc_custom_1490176863841{background-color: #60b7ea !important;}\u00bb][vc_column][vc_row_inner][vc_column_inner width=\u00bb2\/3&#8243;][vc_empty_space][vc_custom_heading text=\u00bb9h05 del Ecuador<br \/>\nEmpresa de traducci\u00f3n en Guayaquil\u00bb font_container=\u00bbtag:h1|font_size:55|text_align:center|color:%23ffffff\u00bb google_fonts=\u00bbfont_family:Arimo%3Aregular%2Citalic%2C700%2C700italic|font_style:400%20regular%3A400%3Anormal\u00bb][vc_empty_space][\/vc_column_inner][vc_column_inner width=\u00bb1\/3&#8243;][vc_empty_space][vc_single_image image=\u00bb6191&#8243; img_size=\u00bbmedium\u00bb alignment=\u00bbcenter\u00bb style=\u00bbvc_box_rounded\u00bb][vc_empty_space][\/vc_column_inner][\/vc_row_inner][vc_row_inner][vc_column_inner width=\u00bb1\/3&#8243;][vc_icon icon_fontawesome=\u00bbfa fa-star-o\u00bb color=\u00bbwhite\u00bb size=\u00bbxl\u00bb align=\u00bbcenter\u00bb][vc_custom_heading text=\u00bbTRADUCCIONES OFICIALES\u00bb font_container=\u00bbtag:h2|font_size:20|text_align:center|color:%23ffffff\u00bb google_fonts=\u00bbfont_family:Arimo%3Aregular%2Citalic%2C700%2C700italic|font_style:700%20bold%20regular%3A700%3Anormal\u00bb][vc_column_text]<span style=\"color: #ffffff;\">Las entidades y autoridades gubernamentales, estatales, municipales, locales y otras entidades p\u00fablicas y privadas pueden exigir que se traduzcan los documentos que proceden del exterior para que puedan ser reconocidos en el pa\u00eds. <\/span><\/p>\n<p><span style=\"color: #ffffff;\">En Guayaquil, algunas de las entidades que exigen traducciones son:<\/span><\/p>\n<ul>\n<li><span style=\"color: #ffffff;\">Senescyt<\/span><\/li>\n<li><span style=\"color: #ffffff;\">Notar\u00edas<\/span><\/li>\n<li><span style=\"color: #ffffff;\">Municipio de Guayaquil<\/span><\/li>\n<li><span style=\"color: #ffffff;\">Bancos privados y p\u00fablicos<\/span><\/li>\n<li><span style=\"color: #ffffff;\">SRI Servicio de Rentas Internas<\/span><\/li>\n<li><span style=\"color: #ffffff;\">IESS Instituto Ecuatoriano de Seguridad Social<\/span><\/li>\n<li><span style=\"color: #ffffff;\">Registro Civil de Guayaquil<\/span><\/li>\n<li><span style=\"color: #ffffff;\">etc.<\/span><\/li>\n<\/ul>\n<p class=\"\">[\/vc_column_text][vc_column_text]<span style=\"color: #ffffff;\"><strong>9h05 del Ecuador es una empresa de traducci\u00f3n reconocida, acreditada y autorizada. Se especializa en servicios de traducci\u00f3n oficial tanto en Quito como en Guayaquil y en todo el Ecuador. Es la \u00fanica empresa de traducci\u00f3n multinacional del pa\u00eds con agencias en 7 pa\u00edses en el mundo.<\/strong><\/span>[\/vc_column_text][vc_btn title=\u00bbCONOCER M\u00c1S\u00bb style=\u00bb3d\u00bb color=\u00bbsandy-brown\u00bb align=\u00bbcenter\u00bb i_align=\u00bbright\u00bb i_icon_fontawesome=\u00bbfa fa-plus\u00bb add_icon=\u00bbtrue\u00bb link=\u00bburl:https%3A%2F%2Fwww.9h05.com%2Fes%2Ftraducciones-oficiales-ecuador%2F|||\u00bb][vc_empty_space][\/vc_column_inner][vc_column_inner width=\u00bb1\/3&#8243;][vc_icon icon_fontawesome=\u00bbfa fa-star-o\u00bb color=\u00bbwhite\u00bb size=\u00bblg\u00bb align=\u00bbcenter\u00bb][vc_custom_heading text=\u00bbTRADUCCIONES NOTARIADAS\u00bb font_container=\u00bbtag:h2|font_size:20|text_align:center|color:%23ffffff\u00bb google_fonts=\u00bbfont_family:Arimo%3Aregular%2Citalic%2C700%2C700italic|font_style:700%20bold%20regular%3A700%3Anormal\u00bb][vc_column_text]<span style=\"color: #ffffff;\">Por lo general, se requiere que las traducciones con destino a Ecuador, y m\u00e1s espec\u00edficamente a Guayaquil, est\u00e9n debidamente notariadas. S\u00f3lo de esta manera tendr\u00e1n sus documentos traducidos plena validez y podr\u00e1n ser admitidos para revalidaci\u00f3n, homologaci\u00f3n o transcripci\u00f3n en el pa\u00eds.<\/span>[\/vc_column_text][vc_column_text]<span style=\"color: #ffffff;\"><strong>En 9h05 le proponemos nuestro servicio de traducci\u00f3n junto con la notarizaci\u00f3n de las traducciones. As\u00ed, ya no tendr\u00e1 que preocuparse por realizar un tr\u00e1mite tras otro: nos encargamos de que sus documentos traducidos est\u00e9n listos para ser presentados a la autoridad competente.<\/strong><\/span>[\/vc_column_text][vc_btn title=\u00bbCONT\u00c1CTENOS\u00bb style=\u00bb3d\u00bb color=\u00bbgreen\u00bb align=\u00bbcenter\u00bb i_align=\u00bbright\u00bb i_icon_fontawesome=\u00bbfa fa-phone\u00bb add_icon=\u00bbtrue\u00bb link=\u00bburl:https%3A%2F%2Fwww.9h05.com%2Fes%2F9h05-agencia-de-traduccion-quito%2F|||\u00bb][\/vc_column_inner][vc_column_inner width=\u00bb1\/3&#8243;][vc_icon icon_fontawesome=\u00bbfa fa-star-o\u00bb color=\u00bbwhite\u00bb align=\u00bbcenter\u00bb][vc_custom_heading text=\u00bbPRECIOS C\u00d3MODOS Y ENTREGA A DOMICILIO\u00bb font_container=\u00bbtag:h2|font_size:20|text_align:center|color:%23ffffff\u00bb google_fonts=\u00bbfont_family:Arimo%3Aregular%2Citalic%2C700%2C700italic|font_style:700%20bold%20regular%3A700%3Anormal\u00bb][vc_column_text]<span style=\"color: #ffffff;\">Porque sabemos que su tiempo es valioso y porque sabemos que puede demorar horas los tr\u00e1mites, contamos con un servicio de entrega a domicilio de los documentos traducidos. Trabajamos en colaboraci\u00f3n Laarcourier\/UPS y Servientrega para que reciba r\u00e1pidamente sus documentos en su domicilio en cualquier parte de Guayaquil o del <a style=\"color: #ffffff;\" href=\"https:\/\/www.9h05.com\/es\/traductores-ecuador\/\">Ecuador<\/a>.<\/span>[\/vc_column_text][vc_column_text]<span style=\"color: #ffffff;\"><strong>Esto es eficiencia de 9h05 del Ecuador y es un servicio exclusivo para usted.<\/strong><\/span>[\/vc_column_text][vc_btn title=\u00bbCOMPRAR EN L\u00cdNEA\u00bb style=\u00bb3d\u00bb color=\u00bbpurple\u00bb align=\u00bbcenter\u00bb i_align=\u00bbright\u00bb i_icon_fontawesome=\u00bbfa fa-credit-card\u00bb add_icon=\u00bbtrue\u00bb link=\u00bburl:https%3A%2F%2Fwww.9h05.com%2Fproforma%2Fusd%2Findex.php%2Fes%2F|||\u00bb][\/vc_column_inner][\/vc_row_inner][vc_row_inner][vc_column_inner width=\u00bb1\/4&#8243;][vc_icon icon_fontawesome=\u00bbfa fa-phone-square\u00bb color=\u00bbwhite\u00bb background_style=\u00bbrounded-less-outline\u00bb background_color=\u00bbwhite\u00bb size=\u00bbxl\u00bb align=\u00bbright\u00bb][\/vc_column_inner][vc_column_inner width=\u00bb3\/4&#8243;][vc_column_text]<span style=\"color: #ffffff;\">\u00bfTIENE UNA PREGUNTA SOBRE NUESTROS SERVICIOS O NUESTRA EMPRESA DE TRADUCCI\u00d3N?<\/span><\/p>\n<p><span style=\"color: #ffffff;\">Cont\u00e1ctese con nuestro servicio de atenci\u00f3n al cliente:<\/span><\/p>\n<p class=\"\"><span style=\"color: #ffffff;\">(02) 250 11 10<\/span><\/p>\n<p class=\"\"><span style=\"color: #ffffff;\"><a style=\"color: #ffffff;\" href=\"https:\/\/api.whatsapp.com\/send\/?phone=593984265653&amp;text&amp;type=phone_number&amp;app_absent=0\">09 84 26 56 53<\/a><\/span><\/p>\n<p><span style=\"color: #ffffff;\"><a style=\"color: #ffffff;\" href=\"mailto:guayaquil@9h05.com\">guayaquil@9h05.com<\/a>&nbsp;<\/span><\/p>\n<p class=\"\"><span style=\"color: #ffffff;\">Juan Le\u00f3n Mera N21-241 y Ram\u00f3n Roca<\/span><br \/>\n<span style=\"color: #ffffff;\">Edificio Cronos \u00b7 Piso 5 \u00b7 Oficina 501<\/span><br \/>\n<span style=\"color: #ffffff;\">Quito<\/span><\/p>\n<p><span style=\"color: #ffffff;\"><strong>Tenemos cientos de clientes satisfechos con sus traducciones en Guayaquil<\/strong><\/span>[\/vc_column_text][\/vc_column_inner][\/vc_row_inner][vc_row_inner][vc_column_inner][vc_empty_space][vntd_contact_form id=\u00bb3681&#8243;][\/vc_column_inner][\/vc_row_inner][\/vc_column][\/vc_row]<\/p>\n<\/div>\n<\/div>\n<\/div>\n<\/div>\n<\/div>","protected":false},"excerpt":{"rendered":"<p>[vc_row css=\u00bb.vc_custom_1490176863841{background-color: #60b7ea !important;}\u00bb][vc_column][vc_row_inner][vc_column_inner width=\u00bb2\/3&#8243;][vc_empty_space][vc_custom_heading text=\u00bb9h05 del Ecuador Empresa de traducci\u00f3n en Guayaquil\u00bb font_container=\u00bbtag:h1|font_size:55|text_align:center|color:%23ffffff\u00bb google_fonts=\u00bbfont_family:Arimo%3Aregular%2Citalic%2C700%2C700italic|font_style:400%20regular%3A400%3Anormal\u00bb][vc_empty_space][\/vc_column_inner][vc_column_inner width=\u00bb1\/3&#8243;][vc_empty_space][vc_single_image image=\u00bb6191&#8243; img_size=\u00bbmedium\u00bb alignment=\u00bbcenter\u00bb style=\u00bbvc_box_rounded\u00bb][vc_empty_space][\/vc_column_inner][\/vc_row_inner][vc_row_inner][vc_column_inner width=\u00bb1\/3&#8243;][vc_icon icon_fontawesome=\u00bbfa fa-star-o\u00bb color=\u00bbwhite\u00bb size=\u00bbxl\u00bb align=\u00bbcenter\u00bb][vc_custom_heading text=\u00bbTRADUCCIONES OFICIALES\u00bb font_container=\u00bbtag:h2|font_size:20|text_align:center|color:%23ffffff\u00bb google_fonts=\u00bbfont_family:Arimo%3Aregular%2Citalic%2C700%2C700italic|font_style:700%20bold%20regular%3A700%3Anormal\u00bb][vc_column_text]Las entidades y autoridades gubernamentales, estatales, municipales, locales y otras entidades p\u00fablicas y privadas pueden exigir que se traduzcan los documentos que proceden del exterior para [&hellip;]<\/p>\n","protected":false},"author":9,"featured_media":0,"parent":0,"menu_order":0,"comment_status":"closed","ping_status":"closed","template":"","meta":{"site-sidebar-layout":"default","site-content-layout":"","ast-site-content-layout":"","site-content-style":"default","site-sidebar-style":"default","ast-global-header-display":"","ast-banner-title-visibility":"","ast-main-header-display":"","ast-hfb-above-header-display":"","ast-hfb-below-header-display":"","ast-hfb-mobile-header-display":"","site-post-title":"","ast-breadcrumbs-content":"","ast-featured-img":"","footer-sml-layout":"","theme-transparent-header-meta":"","adv-header-id-meta":"","stick-header-meta":"","header-above-stick-meta":"","header-main-stick-meta":"","header-below-stick-meta":"","astra-migrate-meta-layouts":"default","ast-page-background-enabled":"default","ast-page-background-meta":{"desktop":{"background-color":"var(--ast-global-color-4)","background-image":"","background-repeat":"repeat","background-position":"center center","background-size":"auto","background-attachment":"scroll","background-type":"","background-media":"","overlay-type":"","overlay-color":"","overlay-opacity":"","overlay-gradient":""},"tablet":{"background-color":"","background-image":"","background-repeat":"repeat","background-position":"center center","background-size":"auto","background-attachment":"scroll","background-type":"","background-media":"","overlay-type":"","overlay-color":"","overlay-opacity":"","overlay-gradient":""},"mobile":{"background-color":"","background-image":"","background-repeat":"repeat","background-position":"center center","background-size":"auto","background-attachment":"scroll","background-type":"","background-media":"","overlay-type":"","overlay-color":"","overlay-opacity":"","overlay-gradient":""}},"ast-content-background-meta":{"desktop":{"background-color":"var(--ast-global-color-5)","background-image":"","background-repeat":"repeat","background-position":"center center","background-size":"auto","background-attachment":"scroll","background-type":"","background-media":"","overlay-type":"","overlay-color":"","overlay-opacity":"","overlay-gradient":""},"tablet":{"background-color":"var(--ast-global-color-5)","background-image":"","background-repeat":"repeat","background-position":"center center","background-size":"auto","background-attachment":"scroll","background-type":"","background-media":"","overlay-type":"","overlay-color":"","overlay-opacity":"","overlay-gradient":""},"mobile":{"background-color":"var(--ast-global-color-5)","background-image":"","background-repeat":"repeat","background-position":"center center","background-size":"auto","background-attachment":"scroll","background-type":"","background-media":"","overlay-type":"","overlay-color":"","overlay-opacity":"","overlay-gradient":""}},"footnotes":""},"yst_prominent_words":[],"class_list":["post-6190","page","type-page","status-publish","hentry"],"_links":{"self":[{"href":"https:\/\/www.9h05.com\/es\/wp-json\/wp\/v2\/pages\/6190","targetHints":{"allow":["GET"]}}],"collection":[{"href":"https:\/\/www.9h05.com\/es\/wp-json\/wp\/v2\/pages"}],"about":[{"href":"https:\/\/www.9h05.com\/es\/wp-json\/wp\/v2\/types\/page"}],"author":[{"embeddable":true,"href":"https:\/\/www.9h05.com\/es\/wp-json\/wp\/v2\/users\/9"}],"replies":[{"embeddable":true,"href":"https:\/\/www.9h05.com\/es\/wp-json\/wp\/v2\/comments?post=6190"}],"version-history":[{"count":2,"href":"https:\/\/www.9h05.com\/es\/wp-json\/wp\/v2\/pages\/6190\/revisions"}],"predecessor-version":[{"id":9130,"href":"https:\/\/www.9h05.com\/es\/wp-json\/wp\/v2\/pages\/6190\/revisions\/9130"}],"wp:attachment":[{"href":"https:\/\/www.9h05.com\/es\/wp-json\/wp\/v2\/media?parent=6190"}],"wp:term":[{"taxonomy":"yst_prominent_words","embeddable":true,"href":"https:\/\/www.9h05.com\/es\/wp-json\/wp\/v2\/yst_prominent_words?post=6190"}],"curies":[{"name":"wp","href":"https:\/\/api.w.org\/{rel}","templated":true}]}}