{"id":6004,"date":"2017-02-20T10:09:40","date_gmt":"2017-02-20T10:09:40","guid":{"rendered":"https:\/\/www.9h05.com\/es\/?page_id=6004"},"modified":"2024-09-19T11:53:24","modified_gmt":"2024-09-19T11:53:24","slug":"ata-american-translators-association","status":"publish","type":"page","link":"https:\/\/www.9h05.com\/es\/ata-american-translators-association\/","title":{"rendered":"ATA &#8211; American Translators Association"},"content":{"rendered":"<div class=\"tmpl-call_to_action-13 boldgrid-section dynamic-gridblock background-fixed\" style=\"border-width: 0px; background-image: url('https:\/\/www.9h05.com\/wp-content\/uploads\/2016\/05\/ATA-9h05-2016-e1463953596747.jpg'); background-size: cover; background-position: 50% 50%;\" data-image-url=\"https:\/\/www.9h05.com\/wp-content\/uploads\/2016\/05\/ATA-9h05-2016-e1463953596747.jpg\">\n<div class=\"container\">\n<div class=\"row\" style=\"padding-top: 75px; padding-bottom: 75px;\">\n<div class=\"col-md-6 col-xs-10 col-sm-8 col-lg-4\" style=\"border-width: 0px; background-color: rgba(255, 255, 255, 0.99);\">\n<div class=\"boldgrid-wrap-row boldgrid-slider\" data-config=\"{&quot;arrows&quot;:true,&quot;autoplay&quot;:false,&quot;autoplaySpeed&quot;:&quot;10&quot;,&quot;dots&quot;:false,&quot;infinite&quot;:true,&quot;bgOptions&quot;:{&quot;arrowsPos&quot;:&quot;standard&quot;,&quot;arrowsOverlay&quot;:false,&quot;arrowsBgColor&quot;:&quot;1&quot;,&quot;arrowsIcon&quot;:&quot;chevron&quot;,&quot;arrowsSize&quot;:&quot;20&quot;,&quot;dotsPos&quot;:&quot;bottom&quot;,&quot;dotsOverlay&quot;:false,&quot;dotsColor&quot;:&quot;#000000&quot;,&quot;dotsSize&quot;:&quot;50&quot;},&quot;colors&quot;:{&quot;arrowsBG&quot;:{&quot;type&quot;:&quot;class&quot;,&quot;value&quot;:&quot;1&quot;,&quot;text&quot;:&quot;&quot;},&quot;dotsColor&quot;:{&quot;type&quot;:&quot;class&quot;,&quot;value&quot;:&quot;1&quot;,&quot;text&quot;:&quot;&quot;}}}\">\n<div class=\"row\">\n<div class=\"col-md-12 col-sm-12 col-xs-12 col-lg-12\">\n<div>\n<h1 class=\"\" style=\"text-align: center; margin: 40px 0px 20px;\">Miembros de la <em>American Translators Association <\/em>(ATA)<\/h1>\n<p class=\"\" style=\"text-align: center;\"><em>9h05 del Ecuador es miembro corporativo de la <\/em>American Translators Association&nbsp;<em>(ATA)<\/em><em>, lo que es fuente de numerosas ventajas para usted como cliente de 9h05.<\/em><\/p>\n<p class=\"\" style=\"text-align: center; margin: 40px 0px;\"><a class=\"btn-color-4 btn btn-lowercase btn-rounded btn-raised btn-regular\" href=\"https:\/\/pay.9h05.com\">contr\u00e1tenos<\/a><\/p>\n<\/div>\n<\/div>\n<\/div>\n<div class=\"row\">\n<div class=\"col-md-12 col-sm-12 col-xs-12 col-lg-12\">\n<h2 class=\"h1\" style=\"text-align: center; margin: 40px 0px 20px;\">Cherish Each Moment<\/h2>\n<p class=\"\" style=\"text-align: center;\"><em>Lorem ipsum dolor sit amet, consectetur adipiscing elit.<\/em><\/p>\n<p class=\"\" style=\"text-align: center; margin: 40px 0px;\"><a class=\"btn-color-4 btn btn-lowercase btn-rounded btn-raised btn-regular\" href=\"#\">Find Out More<\/a><\/p>\n<\/div>\n<\/div>\n<\/div>\n<\/div>\n<div class=\"col-md-3 col-sm-2 col-xs-1 col-lg-5\"><\/div>\n<div class=\"col-md-3 col-sm-2 col-xs-1 col-lg-3\"><\/div>\n<\/div>\n<\/div>\n<\/div>\n<div class=\"tmpl-services-5 boldgrid-section dynamic-gridblock\">\n<div class=\"container-fluid\">\n<div class=\"row\">\n<div class=\"col-md-3 col-sm-6 col-xs-12 align-column-stretch col-lg-3\">\n<div class=\"bg-box-cover color2-background-color color-2-text-contrast bg-background-color bg-box\" style=\"padding: 50px 20px; text-align: center;\">\n<p class=\"\" style=\"text-align: center;\"><i class=\"color4-color fa fa-balance-scale\" style=\"font-size: 45px; border-width: 0px;\" aria-hidden=\"true\"><span style=\"display: none;\">&nbsp;<\/span><\/i><\/p>\n<p class=\"h4\" style=\"text-align: center; text-transform: uppercase;\">TRADUCCIONES CERTIFICADAS<\/p>\n<p class=\"h4\" style=\"text-align: center; text-transform: uppercase;\">ATA&nbsp;<\/p>\n<p class=\"\" style=\"text-align: center;\"><i class=\"fa fa-window-minimize color4-color\" aria-hidden=\"true\"><span style=\"display: none;\">&nbsp;<\/span><\/i><\/p>\n<p class=\"\" style=\"text-align: center; margin: 30px 0;\">Somos peritos traductores y traductores certificados en Ecuador, <a href=\"https:\/\/www.9h05.com\/es\/traducciones\/pais-destino\/estados-unidos\/\">Estados Unidos<\/a>, <a href=\"https:\/\/www.9h05.com\/es\/traducciones\/pais-destino\/canada\/\">Canad\u00e1<\/a>, <a href=\"https:\/\/www.9h05.com\/es\/traducciones\/pais-destino\/francia\/\">Francia<\/a> y otros pa\u00edses.<\/p>\n<p class=\"\" style=\"text-align: center; margin: 30px 0;\">Nuestras traducciones certificadas se aceptan sin necesidad de tr\u00e1mite adicional en Estados Unidos, ya sea para sus estudios universitarios, su visa \/ permiso de trabajo o estad\u00eda (green card), una sucesi\u00f3n \/ herencia internacional o todo tr\u00e1mite judicial o extrajudicial en los EE.UU.<\/p>\n<\/div>\n<\/div>\n<div class=\"col-md-3 col-sm-6 col-xs-12 align-column-stretch col-lg-3\">\n<div class=\"bg-box-cover color4-background-color color-4-text-contrast bg-background-color bg-box\" style=\"padding: 50px 20px;\">\n<p class=\"\" style=\"text-align: center;\"><i class=\"color1-color fa fa-globe\" style=\"font-size: 45px; border-width: 0px;\" aria-hidden=\"true\"><span style=\"display: none;\">&nbsp;<\/span><\/i><\/p>\n<p class=\"h4\" style=\"text-align: center; text-transform: uppercase;\">TRADUCCIONES JURADAS CON VALIDEZ INTERNACIONAL<\/p>\n<p class=\"\" style=\"text-align: center;\"><i class=\"fa fa-window-minimize color1-color\" aria-hidden=\"true\"><span style=\"display: none;\">&nbsp;<\/span><\/i><\/p>\n<p class=\"\" style=\"text-align: center; margin: 30px 0;\">Nuestras traducciones tienen validez internacional sin m\u00e1s. Nuestras diferentes acreditaciones y certificaciones de traductores nos habilitan para producir traducciones certificadas por nuestros traductores jurados reconocidos y formados con excelencia en materia traductol\u00f3gica.<\/p>\n<p class=\"\" style=\"text-align: center; margin: 30px 0;\">Son peritos traductores (sistema judicial), traductores certificados (ATA, ATIEC) y traductores jurados (autoridad judicial francesa).<\/p>\n<p class=\"\" style=\"text-align: center; margin: 30px 0;\">&nbsp;<\/p>\n<\/div>\n<\/div>\n<div class=\"col-md-3 col-sm-6 col-xs-12 align-column-stretch col-lg-3\">\n<div class=\"bg-box-cover color-neutral-background-color color-neutral-text-contrast bg-background-color bg-box\" style=\"padding: 50px 20px;\">\n<p class=\"\" style=\"text-align: center;\"><i class=\"color2-color fa fa-check-circle-o\" style=\"font-size: 45px; border-width: 0px;\" aria-hidden=\"true\"><span style=\"display: none;\">&nbsp;<\/span><\/i><\/p>\n<p class=\"h4\" style=\"text-align: center; text-transform: uppercase;\">TRADUCCIONES RECONOCIDAS EN ESTADOS UNIDOS<\/p>\n<p class=\"\" style=\"text-align: center;\"><i class=\"fa fa-window-minimize color2-color\" aria-hidden=\"true\"><span style=\"display: none;\">&nbsp;<\/span><\/i><\/p>\n<p class=\"\" style=\"text-align: center; margin: 30px 0;\">Cada semana, traducimos numerosos documentos destinados a Estados Unidos, donde los aceptan de forma sistem\u00e1tica para un sinf\u00edn de tr\u00e1mites: compras inmobiliarias, estudios universitarios, sucesiones internacionales, constituci\u00f3n de empresas, certificados del registro civil (nacimiento, matrimonio, defunci\u00f3n), repatriaci\u00f3n de cuerpos, juicios civiles o penales, tr\u00e1mites de visa\u2026<\/p>\n<\/div>\n<\/div>\n<div class=\"col-md-3 col-sm-6 col-xs-12 align-column-stretch col-lg-3\">\n<div class=\"bg-box-cover color3-background-color color-3-text-contrast bg-background-color bg-box\" style=\"padding: 50px 20px;\">\n<p class=\"\" style=\"text-align: center;\"><i class=\"color1-color fa fa-file-pdf-o\" style=\"font-size: 45px; border-width: 0px;\" aria-hidden=\"true\"><span style=\"display: none;\">&nbsp;<\/span><\/i><\/p>\n<p class=\"h4\" style=\"text-align: center; text-transform: uppercase;\">TRADUCCIONES DESMATERIALIZADAS DE INGL\u00c9S, ESPA\u00d1OL Y FRANC\u00c9S<\/p>\n<p class=\"\" style=\"text-align: center;\"><i class=\"fa fa-window-minimize color1-color\" aria-hidden=\"true\"><span style=\"display: none;\">&nbsp;<\/span><\/i><\/p>\n<p class=\"\" style=\"text-align: center; margin: 30px 0;\">Con destino a Estados Unidos, de conformidad con lo dispuesto por la legislaci\u00f3n del pa\u00eds, nuestras traducciones se expiden en formato desmaterializado (PDF certificado).<\/p>\n<p class=\"\" style=\"text-align: center;\">Con esto ahorra tiempo, tiene menos papeles que llevar y es mejor para el planeta. Por supuesto, siempre podemos imprimir las traducciones certificadas con sello de calidad ATA que emitimos si as\u00ed lo necesita.<\/p>\n<\/div>\n<\/div>\n<\/div>\n<\/div>\n<\/div>\n<div class=\"color1-background-color color-1-text-contrast bg-background-color tmpl-text-16 boldgrid-section dynamic-gridblock\">\n<div class=\"container\">\n<div class=\"row\" style=\"padding-top: 42px; padding-bottom: 42px;\">\n<div class=\"col-md-6 col-sm-6 col-xs-12 align-column-center col-lg-6\">\n<p><img data-recalc-dims=\"1\" decoding=\"async\" class=\" wp-image-2780\" src=\"https:\/\/i0.wp.com\/www.9h05.com\/wp-content\/uploads\/2016\/03\/ATA-corporate-member.jpg?resize=241%2C263&#038;ssl=1\" alt=\"traducciones-profesionales-certificadas\" width=\"241\" height=\"263\" srcset=\"https:\/\/i0.wp.com\/www.9h05.com\/wp-content\/uploads\/2016\/03\/ATA-corporate-member.jpg?resize=275%2C300&amp;ssl=1 275w, https:\/\/i0.wp.com\/www.9h05.com\/wp-content\/uploads\/2016\/03\/ATA-corporate-member.jpg?w=460&amp;ssl=1 460w, https:\/\/i0.wp.com\/www.9h05.com\/wp-content\/uploads\/2016\/03\/ATA-corporate-member.jpg?resize=450%2C490&amp;ssl=1 450w\" sizes=\"(max-width: 241px) 100vw, 241px\" \/><\/p>\n<\/div>\n<div class=\"col-md-6 col-sm-6 col-xs-12 col-lg-6\">\n<h2 class=\"\">AMERICAN TRANSLATORS ASSOCIATION<\/h2>\n<p class=\"\">9h05 International es miembro corporativo de la American Translators Association. Este gremio de traductores es el organismo que se encarga de regular las profesiones del mundo de la traducci\u00f3n.<\/p>\n<p class=\"\">Suele ser imprescindible para que las traducciones sean reconocidas en Estados Unidos, especialmente en numerosas universidades p\u00fablicas o privadas y entidades gubernamentales.<\/p>\n<p class=\"\" style=\"margin-top: 20px;\"><a class=\"btn-color-4 btn btn-small-caps btn-pill btn-regular\" href=\"https:\/\/www.9h05.com\/es\/9h05-agencia-de-traduccion-quito\/\">Cont\u00e1ctese con nosotros<\/a><\/p>\n<\/div>\n<\/div>\n<\/div>\n<\/div>\n<div style=\"padding: 50px 0px; color: #000000; border-width: 0px; background-image: url('https:\/\/www.9h05.com\/wp-content\/uploads\/2022\/12\/9h05-traducciones-traductions-translations.jpeg'); background-size: cover; background-position: 50% 50%;\" class=\"tmpl-text-13 boldgrid-section dynamic-gridblock background-scroll\" data-image-url=\"https:\/\/www.9h05.com\/wp-content\/uploads\/2022\/12\/9h05-traducciones-traductions-translations.jpeg\">\n<div class=\"container\">\n<div class=\"row\" style=\"padding-bottom: 30px;\">\n<div class=\"col-md-12 col-sm-12 col-xs-12 col-lg-12\">\n<h2 class=\"\" style=\"text-align: center; border-width: 0px; font-size: 28px;\"><span style=\"color: #ffffff;\">Servicios complementarios<\/span><\/h2>\n<\/div>\n<\/div>\n<div class=\"row bg-background-color\" style=\"border-top: 1px solid #000; border-right: 1px solid #000; border-left: 1px solid #000; background-color: rgba(238, 238, 238, 0.8); color: #1d1d1d;\">\n<div class=\"col-md-3 col-sm-6 col-xs-12 wow flipInY color4-background-color color-4-text-contrast bg-background-color col-lg-3\" data-wow-duration=\"1s\" data-wow-delay=\"0s\" style=\"padding: 2.5em;\">\n<p class=\"\">Certificaci\u00f3n y notarizaci\u00f3n de traducciones para uso en el pa\u00eds o en el exterior en funci\u00f3n de sus necesidades<span style=\"font-size: 16px;\">.<\/span><\/p>\n<\/div>\n<div class=\"col-md-3 col-sm-6 col-xs-12 col-lg-3\"><\/div>\n<div class=\"col-md-3 col-sm-6 col-xs-12 wow flipInY color4-background-color color-4-text-contrast bg-background-color col-lg-3\" data-wow-duration=\"1s\" data-wow-delay=\"2s\" style=\"padding: 2.5em;\">\n<p class=\"\">Acceso a nuestros archivos de traducciones realizadas para usted desde el 01\/01\/2011 en cualquiera de nuestras filiales alrededor del mundo.<\/p>\n<\/div>\n<div class=\"col-md-3 col-sm-6 col-xs-12 col-lg-3\"><\/div>\n<\/div>\n<div class=\"row bg-background-color\" style=\"border-bottom: 1px solid #000; border-right: 1px solid #000; border-left: 1px solid #000; background-color: rgba(238, 238, 238, 0.8); color: #1d1d1d;\">\n<div class=\"col-md-3 col-sm-6 col-xs-12 col-lg-3\"><\/div>\n<div class=\"col-md-3 col-sm-6 col-xs-12 wow flipInY color4-background-color color-4-text-contrast bg-background-color col-lg-3\" data-wow-duration=\"1s\" data-wow-delay=\"1s\" style=\"padding: 2.5em;\">\n<p class=\"\">Seguridad de traducci\u00f3n: verifique en l\u00ednea la validez de una traducci\u00f3n emitida por 9h05 del Ecuador para mayor seguridad.<\/p>\n<\/div>\n<div class=\"col-md-3 col-sm-6 col-xs-12 col-lg-3\"><\/div>\n<div class=\"col-md-3 col-sm-6 col-xs-12 wow flipInY color4-background-color color-4-text-contrast bg-background-color col-lg-3\" data-wow-duration=\"1s\" data-wow-delay=\"3s\" style=\"padding: 2.5em;\">\n<p class=\"\">Aceptamos todas las formas de pago: efectivo, transferencia, cheque, tarjeta de cr\u00e9dito o PayPal.<\/p>\n<\/div>\n<\/div>\n<\/div>\n<\/div>\n<div class=\"color4-background-color bg-background-color tmpl-contact-4 boldgrid-section dynamic-gridblock background-parallax\" style=\"color: #1d1d1d; border-width: 0px; background-image: linear-gradient(to left, rgba(238, 238, 238, 0.8), rgba(238, 238, 238, 0.8)), url('https:\/\/www.9h05.com\/wp-content\/uploads\/2022\/11\/logo-9h05-group-wall.jpg'); background-size: cover; background-position: 50% 50%;\" data-bg-overlaycolor=\"rgba(238, 238, 238, 0.8)\" data-image-url=\"https:\/\/www.9h05.com\/wp-content\/uploads\/2022\/11\/logo-9h05-group-wall.jpg\">\n<div class=\"container\">\n<div class=\"row\" style=\"padding-top: 42px;\">\n<div class=\"col-md-4 col-sm-9 col-xs-12 align-column-center col-lg-4\">\n<div style=\"text-align: center;\" class=\"color5-background-color color-5-text-contrast bg-background-color bg-box\">\n<h2 class=\"\">9h05 del Ecuador<\/h2>\n<p class=\"\">Miembro corporativo de la&nbsp;<em>American Translators Association (ATA)<br \/>\nTRADUCTORES CERTIFICADOS PARA ESTADOS UNIDOS<\/em><\/p>\n<\/div>\n<\/div>\n<div class=\"col-md-1 col-sm-3 col-xs-12 col-lg-1\"><\/div>\n<div class=\"col-md-7 col-sm-12 col-xs-12 bg-box-flush col-lg-7\">\n<p class=\"boldgrid-google-maps color5-border-color\" style=\"line-height: 100%; margin: 0px; border: 10px solid;\"><iframe style=\"width: 100%;\" src=\"https:\/\/www.google.com\/maps\/embed?pb=!1m18!1m12!1m3!1d3989.792883965222!2d-78.49652948543172!3d-0.20459213545984367!2m3!1f0!2f0!3f0!3m2!1i1024!2i768!4f13.1!3m3!1m2!1s0x91d59a14c2f0e17d%3A0x6618e97864c88c19!2s9h05%20del%20Ecuador!5e0!3m2!1sfr!2sfr!4v1666611310794!5m2!1sfr!2sfr\" width=\"1000\" height=\"400\" frameborder=\"0\">&amp;amp;amp;amp;amp;amp;amp;amp;amp;amp;amp;amp;amp;amp;amp;amp;amp;amp;amp;amp;amp;amp;amp;amp;amp;amp;amp;amp;amp;amp;amp;amp;amp;amp;amp;amp;amp;amp;amp;amp;amp;amp;amp;amp;amp;amp;amp;amp;amp;amp;amp;amp;amp;amp;amp;amp;amp;amp;amp;amp;amp;amp;amp;amp;amp;amp;amp;amp;amp;amp;amp;amp;amp;amp;amp;amp;amp;amp;amp;amp;amp;amp;amp;amp;amp;amp;amp;amp;amp;amp;amp;amp;amp;amp;amp;amp;amp;lt;span data-mce-type=\u00bbbookmark\u00bb style=\u00bbdisplay: inline-block; width: 0px; overflow: hidden; line-height: 0;\u00bb class=\u00bbmce_SELRES_start\u00bb&amp;amp;amp;amp;amp;amp;amp;amp;amp;amp;amp;amp;amp;amp;amp;amp;amp;amp;amp;amp;amp;amp;amp;amp;amp;amp;amp;amp;amp;amp;amp;amp;amp;amp;amp;amp;amp;amp;amp;amp;amp;amp;amp;amp;amp;amp;amp;amp;amp;amp;amp;amp;amp;amp;amp;amp;amp;amp;amp;amp;amp;amp;amp;amp;amp;amp;amp;amp;amp;amp;amp;amp;amp;amp;amp;amp;amp;amp;amp;amp;amp;amp;amp;amp;amp;amp;amp;amp;amp;amp;amp;amp;amp;amp;amp;amp;amp;gt;&amp;amp;amp;amp;amp;amp;amp;amp;amp;amp;amp;amp;amp;amp;amp;amp;amp;amp;amp;amp;amp;amp;amp;amp;amp;amp;amp;amp;amp;amp;amp;amp;amp;amp;amp;amp;amp;amp;amp;amp;amp;amp;amp;amp;amp;amp;amp;amp;amp;amp;amp;amp;amp;amp;amp;amp;amp;amp;amp;amp;amp;amp;amp;amp;amp;amp;amp;amp;amp;amp;amp;amp;amp;amp;amp;amp;amp;amp;#65279;&amp;amp;amp;amp;amp;amp;amp;amp;amp;amp;amp;amp;amp;amp;amp;amp;amp;amp;amp;amp;amp;amp;amp;amp;amp;amp;amp;amp;amp;amp;amp;amp;amp;amp;amp;amp;amp;amp;amp;amp;amp;amp;amp;amp;amp;amp;amp;amp;amp;amp;amp;amp;amp;amp;amp;amp;amp;amp;amp;amp;amp;amp;amp;amp;amp;amp;amp;amp;amp;amp;amp;amp;amp;amp;amp;amp;amp;amp;amp;amp;amp;amp;amp;amp;amp;amp;amp;amp;amp;amp;amp;amp;amp;amp;amp;amp;amp;lt;\/span&amp;amp;amp;amp;amp;amp;amp;amp;amp;amp;amp;amp;amp;amp;amp;amp;amp;amp;amp;amp;amp;amp;amp;amp;amp;amp;amp;amp;amp;amp;amp;amp;amp;amp;amp;amp;amp;amp;amp;amp;amp;amp;amp;amp;amp;amp;amp;amp;amp;amp;amp;amp;amp;amp;amp;amp;amp;amp;amp;amp;amp;amp;amp;amp;amp;amp;amp;amp;amp;amp;amp;amp;amp;amp;amp;amp;amp;amp;amp;amp;amp;amp;amp;amp;amp;amp;amp;amp;amp;amp;amp;amp;amp;amp;amp;amp;amp;gt;<\/iframe><\/p>\n<\/div>\n<\/div>\n<div class=\"row\" style=\"padding-bottom: 42px;\">\n<div class=\"col-md-6 col-sm-2 col-xs-1 col-lg-6\"><\/div>\n<div class=\"col-md-5 col-sm-8 col-xs-10 wow slideInDown col-lg-5\" data-wow-duration=\"1s\" data-wow-delay=\"0s\">\n<div style=\"margin-top: -60px; padding: 1.5em; z-index: 1; position: relative;\" class=\"color5-background-color color-5-text-contrast bg-background-color bg-box\">\n<p class=\"\" style=\"text-align: center;\"><strong>9h05 del Ecuador<\/strong><br \/>\nJuan Le\u00f3n Mera N21-241 y Roca<br \/>\nEdificio Cronos \u00b7 Officina 501<br \/>\n170143 Quito (Ecuador)<\/p>\n<p class=\"\" style=\"text-align: center;\"><a href=\"mailto:quito@9h05.com\">quito@9h05.com<\/a><\/p>\n<p class=\"\" style=\"text-align: center;\">02 250 11 10<br \/>\n<a href=\"https:\/\/api.whatsapp.com\/send\/?phone=593984265653&amp;text&amp;type=phone_number&amp;app_absent=0\">09 84 26 56 53<\/a><\/p>\n<p class=\"\" style=\"text-align: center;\">Abrimos de lunes a viernes, de 8h00 a 18h00 sin interrupci\u00f3n<\/p>\n<p class=\"\" style=\"text-align: center; margin-bottom: 15px;\"><a class=\"btn-color-3 btn btn-lowercase btn-pill btn-regular\" href=\"https:\/\/www.9h05.com\/es\/ecuador\/quito\/\">acerca de 9h05<\/a><\/p>\n<\/div>\n<\/div>\n<div class=\"col-md-1 col-sm-2 col-xs-1 col-lg-1\"><\/div>\n<\/div>\n<\/div>\n<\/div>\n","protected":false},"excerpt":{"rendered":"<p>Miembros de la American Translators Association (ATA) 9h05 del Ecuador es miembro corporativo de la American Translators Association&nbsp;(ATA), lo que es fuente de numerosas ventajas para usted como cliente de 9h05. contr\u00e1tenos Cherish Each Moment Lorem ipsum dolor sit amet, consectetur adipiscing elit. Find Out More &nbsp; TRADUCCIONES CERTIFICADAS ATA&nbsp; &nbsp; Somos peritos traductores y [&hellip;]<\/p>\n","protected":false},"author":9,"featured_media":0,"parent":0,"menu_order":0,"comment_status":"closed","ping_status":"closed","template":"","meta":{"site-sidebar-layout":"default","site-content-layout":"default","ast-site-content-layout":"default","site-content-style":"default","site-sidebar-style":"default","ast-global-header-display":"","ast-banner-title-visibility":"","ast-main-header-display":"","ast-hfb-above-header-display":"","ast-hfb-below-header-display":"","ast-hfb-mobile-header-display":"","site-post-title":"","ast-breadcrumbs-content":"","ast-featured-img":"","footer-sml-layout":"","theme-transparent-header-meta":"default","adv-header-id-meta":"","stick-header-meta":"default","header-above-stick-meta":"","header-main-stick-meta":"","header-below-stick-meta":"","astra-migrate-meta-layouts":"set","ast-page-background-enabled":"default","ast-page-background-meta":{"desktop":{"background-color":"var(--ast-global-color-4)","background-image":"","background-repeat":"repeat","background-position":"center center","background-size":"auto","background-attachment":"scroll","background-type":"","background-media":"","overlay-type":"","overlay-color":"","overlay-opacity":"","overlay-gradient":""},"tablet":{"background-color":"","background-image":"","background-repeat":"repeat","background-position":"center center","background-size":"auto","background-attachment":"scroll","background-type":"","background-media":"","overlay-type":"","overlay-color":"","overlay-opacity":"","overlay-gradient":""},"mobile":{"background-color":"","background-image":"","background-repeat":"repeat","background-position":"center center","background-size":"auto","background-attachment":"scroll","background-type":"","background-media":"","overlay-type":"","overlay-color":"","overlay-opacity":"","overlay-gradient":""}},"ast-content-background-meta":{"desktop":{"background-color":"var(--ast-global-color-5)","background-image":"","background-repeat":"repeat","background-position":"center center","background-size":"auto","background-attachment":"scroll","background-type":"","background-media":"","overlay-type":"","overlay-color":"","overlay-opacity":"","overlay-gradient":""},"tablet":{"background-color":"var(--ast-global-color-5)","background-image":"","background-repeat":"repeat","background-position":"center center","background-size":"auto","background-attachment":"scroll","background-type":"","background-media":"","overlay-type":"","overlay-color":"","overlay-opacity":"","overlay-gradient":""},"mobile":{"background-color":"var(--ast-global-color-5)","background-image":"","background-repeat":"repeat","background-position":"center center","background-size":"auto","background-attachment":"scroll","background-type":"","background-media":"","overlay-type":"","overlay-color":"","overlay-opacity":"","overlay-gradient":""}},"footnotes":""},"yst_prominent_words":[],"class_list":["post-6004","page","type-page","status-publish","hentry"],"_links":{"self":[{"href":"https:\/\/www.9h05.com\/es\/wp-json\/wp\/v2\/pages\/6004","targetHints":{"allow":["GET"]}}],"collection":[{"href":"https:\/\/www.9h05.com\/es\/wp-json\/wp\/v2\/pages"}],"about":[{"href":"https:\/\/www.9h05.com\/es\/wp-json\/wp\/v2\/types\/page"}],"author":[{"embeddable":true,"href":"https:\/\/www.9h05.com\/es\/wp-json\/wp\/v2\/users\/9"}],"replies":[{"embeddable":true,"href":"https:\/\/www.9h05.com\/es\/wp-json\/wp\/v2\/comments?post=6004"}],"version-history":[{"count":6,"href":"https:\/\/www.9h05.com\/es\/wp-json\/wp\/v2\/pages\/6004\/revisions"}],"predecessor-version":[{"id":29056,"href":"https:\/\/www.9h05.com\/es\/wp-json\/wp\/v2\/pages\/6004\/revisions\/29056"}],"wp:attachment":[{"href":"https:\/\/www.9h05.com\/es\/wp-json\/wp\/v2\/media?parent=6004"}],"wp:term":[{"taxonomy":"yst_prominent_words","embeddable":true,"href":"https:\/\/www.9h05.com\/es\/wp-json\/wp\/v2\/yst_prominent_words?post=6004"}],"curies":[{"name":"wp","href":"https:\/\/api.w.org\/{rel}","templated":true}]}}