{"id":5904,"date":"2017-02-15T14:11:46","date_gmt":"2017-02-15T14:11:46","guid":{"rendered":"https:\/\/www.9h05.com\/es\/?page_id=5904"},"modified":"2023-01-20T12:18:20","modified_gmt":"2023-01-20T12:18:20","slug":"traducciones-rapidas","status":"publish","type":"page","link":"https:\/\/www.9h05.com\/es\/traducciones-rapidas\/","title":{"rendered":"Traducciones r\u00e1pidas en Quito (Ecuador)"},"content":{"rendered":"<div class=\"wpb-content-wrapper\"><div class=\"boldgrid-section\">\n<div class=\"container\">\n<div class=\"row\">\n<div class=\"col-lg-12 col-md-12 col-xs-12 col-sm-12\">\n<p>[vc_row parallax=\u00bbcontent-moving\u00bb full_width=\u00bbstretch_row\u00bb css=\u00bb.vc_custom_1436530001615{padding-top: 100px !important;padding-bottom: 50px !important;background-color: #499b7a !important;}\u00bb][vc_column width=\u00bb1\/2&#8243;][vc_custom_heading text=\u00bbTraducciones r\u00e1pidas\u00bb font_container=\u00bbtag:h1|font_size:60|text_align:left|color:%238224e3&#8243; use_theme_fonts=\u00bbyes\u00bb css=\u00bb.vc_custom_1487879076062{padding-bottom: 10px !important;}\u00bb][vc_column_text]Traducciones r\u00e1pidas, econ\u00f3micas y de alta calidad en los idiomas de 9h05 (cualquier combinaci\u00f3n de idiomas):<\/p>\n<p>espa\u00f1ol, ingl\u00e9s, franc\u00e9s, italiano, portugu\u00e9s, alem\u00e1n, neerland\u00e9s, ruso, rumano, polaco, catal\u00e1n, gallego, kichwa, \u00e1rabe, hindi, noruego y chino mandar\u00edn.<\/p>\n<p>[\/vc_column_text][vc_btn title=\u00bbContratar\u00bb style=\u00bboutline\u00bb shape=\u00bbsquare\u00bb color=\u00bbwhite\u00bb align=\u00bbleft\u00bb link=\u00bburl:https%3A%2F%2Fwww.9h05.com%2Fproforma%2F|||\u00bb][\/vc_column][vc_column width=\u00bb1\/2&#8243;][vc_single_image image=\u00bb5906&#8243; img_size=\u00bbmedium\u00bb alignment=\u00bbcenter\u00bb style=\u00bbvc_box_rounded\u00bb][\/vc_column][\/vc_row][vc_row][vc_column width=\u00bb1\/3&#8243;][vc_custom_heading text=\u00bbR\u00c1PIDO\u00bb use_theme_fonts=\u00bbyes\u00bb css=\u00bb.vc_custom_1487167519453{margin-top: 0px !important;}\u00bb][vc_column_text css=\u00bb.vc_custom_1487167602926{margin-bottom: 15px !important;}\u00bb]Ofrecemos servicios de traducci\u00f3n r\u00e1pida: obtenga su traducci\u00f3n certificada en 24h o menos si tiene hasta 10 p\u00e1ginas. S\u00f3lo 9h05 puede ofrecerle esta rapidez de respuesta.[\/vc_column_text][\/vc_column][vc_column width=\u00bb1\/3&#8243;][vc_custom_heading text=\u00bbECON\u00d3MICO\u00bb use_theme_fonts=\u00bbyes\u00bb css=\u00bb.vc_custom_1487167530009{margin-top: 0px !important;}\u00bb][vc_column_text css=\u00bb.vc_custom_1487167691715{margin-bottom: 15px !important;}\u00bb]Nuestras tarifas est\u00e1n entre las m\u00e1s competitivas del mercado. Obtenga una traducci\u00f3n r\u00e1pida y encima, econ\u00f3mica. Para que lo tenga todo claro, puede consultar cu\u00e1nto le costar\u00eda una traducci\u00f3n (y eventualmente contratarla directamente) en este enlace: <a href=\"http:\/\/pay.9h05.com\/\">https:\/\/pay.9h05.com<\/a>[\/vc_column_text][\/vc_column][vc_column width=\u00bb1\/3&#8243;][vc_custom_heading text=\u00bbCALIDAD\u00bb use_theme_fonts=\u00bbyes\u00bb css=\u00bb.vc_custom_1487167540173{margin-top: 0px !important;}\u00bb][vc_column_text css=\u00bb.vc_custom_1487167774024{margin-bottom: 15px !important;}\u00bb]Rapidez y precios ajustados no significa una calidad mediocre, antes al contrario. Todas nuestras traducciones son sometidas a procesos de revisi\u00f3n m\u00faltiple antes de entreg\u00e1rselas. Queremos que nuestros clientes est\u00e9n siempre felices con nuestro trabajo.[\/vc_column_text][\/vc_column][\/vc_row][vc_row][vc_column][vc_column_text]<\/p>\n<h4>Nuestros servicios complementarios<\/h4>\n<ul class=\"\">\n<li>Certificaci\u00f3n y notarizaci\u00f3n de traducciones<\/li>\n<li>Seguridad de traducci\u00f3n: verifique en l\u00ednea la validez de una traducci\u00f3n emitida por 9h05 para mayor seguridad (acceda a&nbsp;<a href=\"https:\/\/www.9h05.com\/security\/\">https:\/\/www.9h05.com\/security\/<\/a>&nbsp;e ingrese el n\u00famero de serie de la traducci\u00f3n que quiere verificar)<\/li>\n<li>Acceso a nuestros archivos de traducciones realizadas para su empresa desde el 01\/01\/2011<\/li>\n<li>Aceptamos todas las formas de pago: efectivo, transferencia, cheque, tarjeta de cr\u00e9dito o PayPal<\/li>\n<\/ul>\n<p class=\"\">[\/vc_column_text][\/vc_column][\/vc_row][vc_row][vc_column][vc_empty_space][\/vc_column][\/vc_row][vc_row css=\u00bb.vc_custom_1486639448009{background-color: #23bcdb !important;}\u00bb][vc_column width=\u00bb1\/4&#8243;][vc_empty_space][vc_empty_space][vc_icon icon_fontawesome=\u00bbfa fa-phone\u00bb color=\u00bbwhite\u00bb][\/vc_column][vc_column width=\u00bb3\/4&#8243;][vc_empty_space][vc_column_text]<\/p>\n<h3><span style=\"color: #ffffff;\">\u00bfQUIERE SABER M\u00c1S SOBRE NUESTROS SERVICIOS?<\/span><\/h3>\n<p class=\"\"><span style=\"color: #ffffff;\"><em>Cont\u00e1ctese con nosotros por tel\u00e9fono (lunes-viernes, 8h-18h hora de Ecuador):<\/em><\/span><br \/>\n<span style=\"color: #ffffff;\"><a style=\"color: #ffffff;\" href=\"https:\/\/api.whatsapp.com\/send\/?phone=593984265653&amp;text&amp;type=phone_number&amp;app_absent=0\">09 84 26 56 53<\/a>&nbsp;\/ (02) 250 11 10<\/span><\/p>\n<p class=\"\"><span style=\"color: #ffffff;\"><em>Si est\u00e1 en el extranjero, puede llamar en ese mismo horario:<\/em><\/span><br \/>\n<span style=\"color: #ffffff;\">+33 7 69 16 56 65<\/span><\/p>\n<p class=\"\"><span style=\"color: #ffffff;\"><em>Vis\u00edtenos en nuestro centro de atenci\u00f3n al cliente en Quito:<\/em><\/span><\/p>\n<p class=\"\" style=\"font-weight: 400;\"><span style=\"color: #ffffff;\">Juan Le\u00f3n Mera N21-241 y Ram\u00f3n Roca<\/span><br \/>\n<span style=\"color: #ffffff;\">Edificio Cronos \u00b7 Piso 5 \u00b7 Oficina 501<\/span><br \/>\n<span style=\"color: #ffffff;\">Quito<\/span><\/p>\n<p><span style=\"color: #ffffff;\"><em>M\u00e1ndenos un correo electr\u00f3nico con su consulta:<br \/>\n<\/em><a style=\"color: #ffffff;\" href=\"mailto:quito@9h05.com\">quito@9h05.com<\/a><\/span>[\/vc_column_text][vc_empty_space][\/vc_column][\/vc_row][vc_row][vc_column][vc_empty_space][vntd_contact_form id=\u00bb3681&#8243;][\/vc_column][\/vc_row]<\/p>\n<\/div>\n<\/div>\n<\/div>\n<\/div>\n<\/div>","protected":false},"excerpt":{"rendered":"<p>[vc_row parallax=\u00bbcontent-moving\u00bb full_width=\u00bbstretch_row\u00bb css=\u00bb.vc_custom_1436530001615{padding-top: 100px !important;padding-bottom: 50px !important;background-color: #499b7a !important;}\u00bb][vc_column width=\u00bb1\/2&#8243;][vc_custom_heading text=\u00bbTraducciones r\u00e1pidas\u00bb font_container=\u00bbtag:h1|font_size:60|text_align:left|color:%238224e3&#8243; use_theme_fonts=\u00bbyes\u00bb css=\u00bb.vc_custom_1487879076062{padding-bottom: 10px !important;}\u00bb][vc_column_text]Traducciones r\u00e1pidas, econ\u00f3micas y de alta calidad en los idiomas de 9h05 (cualquier combinaci\u00f3n de idiomas): espa\u00f1ol, ingl\u00e9s, franc\u00e9s, italiano, portugu\u00e9s, alem\u00e1n, neerland\u00e9s, ruso, rumano, polaco, catal\u00e1n, gallego, kichwa, \u00e1rabe, hindi, noruego y chino mandar\u00edn. [\/vc_column_text][vc_btn title=\u00bbContratar\u00bb style=\u00bboutline\u00bb [&hellip;]<\/p>\n","protected":false},"author":9,"featured_media":0,"parent":0,"menu_order":0,"comment_status":"closed","ping_status":"closed","template":"","meta":{"site-sidebar-layout":"default","site-content-layout":"default","ast-site-content-layout":"","site-content-style":"default","site-sidebar-style":"default","ast-global-header-display":"","ast-banner-title-visibility":"","ast-main-header-display":"","ast-hfb-above-header-display":"","ast-hfb-below-header-display":"","ast-hfb-mobile-header-display":"","site-post-title":"","ast-breadcrumbs-content":"","ast-featured-img":"","footer-sml-layout":"","theme-transparent-header-meta":"default","adv-header-id-meta":"","stick-header-meta":"","header-above-stick-meta":"","header-main-stick-meta":"","header-below-stick-meta":"","astra-migrate-meta-layouts":"default","ast-page-background-enabled":"default","ast-page-background-meta":{"desktop":{"background-color":"var(--ast-global-color-4)","background-image":"","background-repeat":"repeat","background-position":"center center","background-size":"auto","background-attachment":"scroll","background-type":"","background-media":"","overlay-type":"","overlay-color":"","overlay-opacity":"","overlay-gradient":""},"tablet":{"background-color":"","background-image":"","background-repeat":"repeat","background-position":"center center","background-size":"auto","background-attachment":"scroll","background-type":"","background-media":"","overlay-type":"","overlay-color":"","overlay-opacity":"","overlay-gradient":""},"mobile":{"background-color":"","background-image":"","background-repeat":"repeat","background-position":"center center","background-size":"auto","background-attachment":"scroll","background-type":"","background-media":"","overlay-type":"","overlay-color":"","overlay-opacity":"","overlay-gradient":""}},"ast-content-background-meta":{"desktop":{"background-color":"var(--ast-global-color-5)","background-image":"","background-repeat":"repeat","background-position":"center center","background-size":"auto","background-attachment":"scroll","background-type":"","background-media":"","overlay-type":"","overlay-color":"","overlay-opacity":"","overlay-gradient":""},"tablet":{"background-color":"var(--ast-global-color-5)","background-image":"","background-repeat":"repeat","background-position":"center center","background-size":"auto","background-attachment":"scroll","background-type":"","background-media":"","overlay-type":"","overlay-color":"","overlay-opacity":"","overlay-gradient":""},"mobile":{"background-color":"var(--ast-global-color-5)","background-image":"","background-repeat":"repeat","background-position":"center center","background-size":"auto","background-attachment":"scroll","background-type":"","background-media":"","overlay-type":"","overlay-color":"","overlay-opacity":"","overlay-gradient":""}},"footnotes":""},"yst_prominent_words":[],"class_list":["post-5904","page","type-page","status-publish","hentry"],"_links":{"self":[{"href":"https:\/\/www.9h05.com\/es\/wp-json\/wp\/v2\/pages\/5904","targetHints":{"allow":["GET"]}}],"collection":[{"href":"https:\/\/www.9h05.com\/es\/wp-json\/wp\/v2\/pages"}],"about":[{"href":"https:\/\/www.9h05.com\/es\/wp-json\/wp\/v2\/types\/page"}],"author":[{"embeddable":true,"href":"https:\/\/www.9h05.com\/es\/wp-json\/wp\/v2\/users\/9"}],"replies":[{"embeddable":true,"href":"https:\/\/www.9h05.com\/es\/wp-json\/wp\/v2\/comments?post=5904"}],"version-history":[{"count":4,"href":"https:\/\/www.9h05.com\/es\/wp-json\/wp\/v2\/pages\/5904\/revisions"}],"predecessor-version":[{"id":23187,"href":"https:\/\/www.9h05.com\/es\/wp-json\/wp\/v2\/pages\/5904\/revisions\/23187"}],"wp:attachment":[{"href":"https:\/\/www.9h05.com\/es\/wp-json\/wp\/v2\/media?parent=5904"}],"wp:term":[{"taxonomy":"yst_prominent_words","embeddable":true,"href":"https:\/\/www.9h05.com\/es\/wp-json\/wp\/v2\/yst_prominent_words?post=5904"}],"curies":[{"name":"wp","href":"https:\/\/api.w.org\/{rel}","templated":true}]}}