{"id":5795,"date":"2017-02-07T10:50:29","date_gmt":"2017-02-07T10:50:29","guid":{"rendered":"https:\/\/www.9h05.com\/es\/?page_id=5795"},"modified":"2022-10-03T17:38:52","modified_gmt":"2022-10-03T17:38:52","slug":"traduccion-diplomas-notas-senescyt","status":"publish","type":"page","link":"https:\/\/www.9h05.com\/es\/traduccion-diplomas-notas-senescyt\/","title":{"rendered":"Traducci\u00f3n de diplomas y notas para la Senescyt"},"content":{"rendered":"<div class=\"wpb-content-wrapper\"><div class=\"boldgrid-section\">\n<div class=\"container\">\n<div class=\"row\">\n<div class=\"col-lg-12 col-md-12 col-xs-12 col-sm-12\">\n<p>[vc_row][vc_column][vc_empty_space height=\u00bb60px\u00bb][special_heading title=\u00bbTraducci\u00f3n de diplomas para la Senescyt\u00bb subtitle=\u00bbTraducci\u00f3n de diplomas y notas\u00bb][\/vc_column][\/vc_row][vc_row][vc_column width=\u00bb5\/6&#8243;][vc_column_text]La Senescyt reci\u00e9n <strong>acaba de cambiar sus requisitos<\/strong> para el registro de t\u00edtulos extranjeros. Si bien antes aceptaban diplomas escritos en espa\u00f1ol, ingl\u00e9s, franc\u00e9s, portugu\u00e9s e italiano sin traducci\u00f3n oficial, <strong>ya no es el caso<\/strong>. <span style=\"text-decoration: underline;\">Ya no aceptan<\/span> diplomas en otro idioma que espa\u00f1ol <strong>si no est\u00e1n oficialmente traducidos<\/strong>.[\/vc_column_text][vc_column_text]<\/p>\n<h3>REQUISITOS<\/h3>\n<p>Si quieres registrar u homologar tu t\u00edtulo en Ecuador, los requisitos ahora son los siguientes:<\/p>\n<ul>\n<li>C\u00e9dula de ciudadan\u00eda o identidad original&nbsp;o pasaporte con copia para extranjeros o no residentes.<\/li>\n<li>T\u00edtulo original debidamente apostillado o legalizado en un consulado de Ecuador en el pa\u00eds de origen.<\/li>\n<li>Datos de contacto de la universidad extranjera en donde cursaste&nbsp;sus estudios: correo electr\u00f3nico oficial (con nombre de dominio de la universidad), direcci\u00f3n postal&nbsp;y persona&nbsp;de contacto, incluyendo n\u00famero de tel\u00e9fono.<\/li>\n<li>Si el diploma&nbsp;de estudios superiores no est\u00e1 en lengua&nbsp;espa\u00f1ola, se debe adjuntar una traducci\u00f3n oficial autorizada: <strong>9h05 del Ecuador<\/strong>.<\/li>\n<\/ul>\n<p>Recuerda que todos los documentos que proceden del extranjero deben estar apostillados o legalizados por un consulado del Ecuador. Caso contrario, rechazar\u00e1n tu t\u00edtulo sin examen.[\/vc_column_text][\/vc_column][vc_column width=\u00bb1\/6&#8243;][vc_single_image image=\u00bb5796&#8243; img_size=\u00bbmedium\u00bb alignment=\u00bbcenter\u00bb][vc_column_text]<\/p>\n<p style=\"text-align: center;\"><em>Si tu diplomas o tus notas est\u00e1n en otro idioma que espa\u00f1ol, debes <strong>mandarlos a traducir<\/strong> con una agencia de traducci\u00f3n certificada y reconocida, como<strong> 9h05 del Ecuador<\/strong>.<\/em><\/p>\n<p>[\/vc_column_text][\/vc_column][\/vc_row][vc_row][vc_column][vc_empty_space][\/vc_column][\/vc_row][vc_row][vc_column][vc_single_image image=\u00bb5807&#8243; img_size=\u00bbfull\u00bb alignment=\u00bbcenter\u00bb][vc_column_text]<\/p>\n<p class=\"\" style=\"text-align: center;\"><em>La Senescyt ya no acepta diplomas y notas en otro idioma que no sea espa\u00f1ol. Si est\u00e1 en franc\u00e9s, ingl\u00e9s, italiano, portugu\u00e9s, ruso, neerland\u00e9s,&nbsp;alem\u00e1n o cualquier otro idioma, debe ser traducido por <strong>un centro de traducci\u00f3n oficial y reconocido, como 9h05 del Ecuador<\/strong>, que realizar\u00e1 tu&nbsp;traducci\u00f3n de diplomas en los plazos m\u00e1s cortos del mercado.<\/em><\/p>\n<p>[\/vc_column_text][vc_empty_space][\/vc_column][\/vc_row][vc_row][vc_column width=\u00bb1\/3&#8243; css=\u00bb.vc_custom_1486463755567{background-color: #eaeaea !important;}\u00bb][vc_icon icon_fontawesome=\u00bbfa fa-usd\u00bb color=\u00bbturquoise\u00bb size=\u00bbxl\u00bb align=\u00bbcenter\u00bb][vc_column_text]<strong>\u00bfCU\u00c1NTO CUESTA LA TRADUCCI\u00d3N DE DIPLOMAS Y CU\u00c1NTO SE DEMORA?<\/strong><\/p>\n<p>Si quieres saber cu\u00e1nto te va a costar&nbsp;realizar la traducci\u00f3n de tus diplomas oficialmente con 9h05 del Ecuador, puedes ver t\u00fa mismo en nuestra aplicaci\u00f3n nuestras opciones de entrega y nuestros costos. Si eres estudiante, adulto mayor o persona con discapacidad, tienes derecho a un descuento sobre la tarifa normal.<\/p>\n<p class=\"\">Ingresa a&nbsp;nuestra aplicaci\u00f3n de c\u00e1lculo de costo de traducci\u00f3n y d\u00e9jate guiar. Si tienes alguna duda, puedes comunicarte con nosotros para ayudarte.[\/vc_column_text][vc_btn title=\u00bbCU\u00c1NTO ME CUESTA UNA TRADUCCI\u00d3N \u25ba\u25ba\u00bb style=\u00bb3d\u00bb shape=\u00bbround\u00bb color=\u00bbinfo\u00bb align=\u00bbcenter\u00bb link=\u00bburl:https%3A%2F%2Fwww.9h05.com%2Fproforma%2F|||\u00bb][\/vc_column][vc_column width=\u00bb1\/3&#8243; css=\u00bb.vc_custom_1486463771512{background-color: #e0e0e0 !important;}\u00bb][vc_icon icon_fontawesome=\u00bbfa fa-balance-scale\u00bb color=\u00bbturquoise\u00bb size=\u00bbxl\u00bb align=\u00bbcenter\u00bb][vc_column_text]<strong>SOMOS UNA AGENCIA DE TRADUCCI\u00d3N AUTORIZADA EN ECUADOR<\/strong><\/p>\n<p>\u2022 espa\u00f1ol<br \/>\n\u2022 ingl\u00e9s<br \/>\n\u2022 franc\u00e9s<\/p>\n<p class=\"\">\u2022 portugu\u00e9s<br \/>\n\u2022 alem\u00e1n<br \/>\n\u2022 italiano<br \/>\n\u2022 neerland\u00e9s<\/p>\n<p>\u2022 ruso<br \/>\n\u2022 ucraniano<br \/>\n\u2022 rumano<br \/>\n\u2022 polaco<\/p>\n<p>\u2022 catal\u00e1n<\/p>\n<p>\u2022 hindi<br \/>\n\u2022 \u00e1rabe<br \/>\n\u2022 noruego<\/p>\n<p>\u2022 chino mandar\u00edn[\/vc_column_text][\/vc_column][vc_column width=\u00bb1\/3&#8243; css=\u00bb.vc_custom_1486463499472{background-color: #22bed6 !important;}\u00bb][vc_icon icon_fontawesome=\u00bbfa fa-phone-square\u00bb color=\u00bbwhite\u00bb size=\u00bbxl\u00bb align=\u00bbcenter\u00bb][vc_column_text]<span style=\"color: #ffffff;\"><strong>\u00bfTIENES UNA PREGUNTA SOBRE NUESTROS SERVICIOS?<\/strong><\/span><br \/>\n<span style=\"color: #ffffff;\"><strong>\u00bfTIENES DUDAS SOBRE EL PROCESO DE REGISTRO?<\/strong><\/span><\/p>\n<p class=\"\"><span style=\"color: #ffffff;\"><em>Cont\u00e1ctate con nosotros por tel\u00e9fono (lunes-viernes, 8h-18h hora de Ecuador):<\/em><\/span><br \/>\n<span style=\"color: #ffffff;\"><a style=\"color: #ffffff;\" href=\"https:\/\/api.whatsapp.com\/send\/?phone=593984265653&amp;text&amp;type=phone_number&amp;app_absent=0\">09 84 26 56 53<\/a> \/ (02) 250 11 10<\/span><\/p>\n<p><span style=\"color: #ffffff;\"><em>Si est\u00e1s en el extranjero, puedes llamar en ese mismo horario:<\/em><\/span><br \/>\n<span style=\"color: #ffffff;\">+33 972 48 3666<\/span><\/p>\n<p class=\"\"><span style=\"color: #ffffff;\"><em>Vis\u00edtanos en nuestro centro de atenci\u00f3n al cliente en Quito:<\/em><\/span><br \/>\n<span style=\"color: #ffffff;\">Juan Le\u00f3n Mera N21-241 y Ram\u00f3n Roca<\/span><br \/>\n<span style=\"color: #ffffff;\">Edificio Cronos \u00b7 Piso 5 \u00b7 Oficina 501<\/span><br \/>\n<span style=\"color: #ffffff;\">Quito<\/span><\/p>\n<p class=\"\"><span style=\"color: #ffffff;\"><em>M\u00e1ndanos un correo electr\u00f3nico con tu consulta:<br \/>\n<\/em><a style=\"color: #ffffff;\" href=\"mailto:quito@9h05.com\">quito@9h05.com<\/a><\/span>[\/vc_column_text][\/vc_column][\/vc_row][vc_row][vc_column][vc_empty_space][vc_column_text]<\/p>\n<h3 class=\"\" style=\"text-align: center;\"><strong>HABLEMOS JUNTOS DE TU TRADUCCI\u00d3N DE DIPLOMAS<\/strong><\/h3>\n<p>[\/vc_column_text][vntd_contact_form id=\u00bb3681&#8243;][\/vc_column][\/vc_row]<\/p>\n<\/div>\n<\/div>\n<\/div>\n<\/div>\n<\/div>","protected":false},"excerpt":{"rendered":"<p>[vc_row][vc_column][vc_empty_space height=\u00bb60px\u00bb][special_heading title=\u00bbTraducci\u00f3n de diplomas para la Senescyt\u00bb subtitle=\u00bbTraducci\u00f3n de diplomas y notas\u00bb][\/vc_column][\/vc_row][vc_row][vc_column width=\u00bb5\/6&#8243;][vc_column_text]La Senescyt reci\u00e9n acaba de cambiar sus requisitos para el registro de t\u00edtulos extranjeros. Si bien antes aceptaban diplomas escritos en espa\u00f1ol, ingl\u00e9s, franc\u00e9s, portugu\u00e9s e italiano sin traducci\u00f3n oficial, ya no es el caso. Ya no aceptan diplomas en otro idioma [&hellip;]<\/p>\n","protected":false},"author":9,"featured_media":0,"parent":0,"menu_order":0,"comment_status":"closed","ping_status":"closed","template":"","meta":{"site-sidebar-layout":"default","site-content-layout":"","ast-site-content-layout":"","site-content-style":"default","site-sidebar-style":"default","ast-global-header-display":"","ast-banner-title-visibility":"","ast-main-header-display":"","ast-hfb-above-header-display":"","ast-hfb-below-header-display":"","ast-hfb-mobile-header-display":"","site-post-title":"","ast-breadcrumbs-content":"","ast-featured-img":"","footer-sml-layout":"","theme-transparent-header-meta":"","adv-header-id-meta":"","stick-header-meta":"","header-above-stick-meta":"","header-main-stick-meta":"","header-below-stick-meta":"","astra-migrate-meta-layouts":"default","ast-page-background-enabled":"default","ast-page-background-meta":{"desktop":{"background-color":"var(--ast-global-color-4)","background-image":"","background-repeat":"repeat","background-position":"center center","background-size":"auto","background-attachment":"scroll","background-type":"","background-media":"","overlay-type":"","overlay-color":"","overlay-opacity":"","overlay-gradient":""},"tablet":{"background-color":"","background-image":"","background-repeat":"repeat","background-position":"center center","background-size":"auto","background-attachment":"scroll","background-type":"","background-media":"","overlay-type":"","overlay-color":"","overlay-opacity":"","overlay-gradient":""},"mobile":{"background-color":"","background-image":"","background-repeat":"repeat","background-position":"center center","background-size":"auto","background-attachment":"scroll","background-type":"","background-media":"","overlay-type":"","overlay-color":"","overlay-opacity":"","overlay-gradient":""}},"ast-content-background-meta":{"desktop":{"background-color":"var(--ast-global-color-5)","background-image":"","background-repeat":"repeat","background-position":"center center","background-size":"auto","background-attachment":"scroll","background-type":"","background-media":"","overlay-type":"","overlay-color":"","overlay-opacity":"","overlay-gradient":""},"tablet":{"background-color":"var(--ast-global-color-5)","background-image":"","background-repeat":"repeat","background-position":"center center","background-size":"auto","background-attachment":"scroll","background-type":"","background-media":"","overlay-type":"","overlay-color":"","overlay-opacity":"","overlay-gradient":""},"mobile":{"background-color":"var(--ast-global-color-5)","background-image":"","background-repeat":"repeat","background-position":"center center","background-size":"auto","background-attachment":"scroll","background-type":"","background-media":"","overlay-type":"","overlay-color":"","overlay-opacity":"","overlay-gradient":""}},"footnotes":""},"yst_prominent_words":[],"class_list":["post-5795","page","type-page","status-publish","hentry"],"_links":{"self":[{"href":"https:\/\/www.9h05.com\/es\/wp-json\/wp\/v2\/pages\/5795","targetHints":{"allow":["GET"]}}],"collection":[{"href":"https:\/\/www.9h05.com\/es\/wp-json\/wp\/v2\/pages"}],"about":[{"href":"https:\/\/www.9h05.com\/es\/wp-json\/wp\/v2\/types\/page"}],"author":[{"embeddable":true,"href":"https:\/\/www.9h05.com\/es\/wp-json\/wp\/v2\/users\/9"}],"replies":[{"embeddable":true,"href":"https:\/\/www.9h05.com\/es\/wp-json\/wp\/v2\/comments?post=5795"}],"version-history":[{"count":2,"href":"https:\/\/www.9h05.com\/es\/wp-json\/wp\/v2\/pages\/5795\/revisions"}],"predecessor-version":[{"id":9159,"href":"https:\/\/www.9h05.com\/es\/wp-json\/wp\/v2\/pages\/5795\/revisions\/9159"}],"wp:attachment":[{"href":"https:\/\/www.9h05.com\/es\/wp-json\/wp\/v2\/media?parent=5795"}],"wp:term":[{"taxonomy":"yst_prominent_words","embeddable":true,"href":"https:\/\/www.9h05.com\/es\/wp-json\/wp\/v2\/yst_prominent_words?post=5795"}],"curies":[{"name":"wp","href":"https:\/\/api.w.org\/{rel}","templated":true}]}}