{"id":5763,"date":"2017-02-04T17:55:38","date_gmt":"2017-02-04T17:55:38","guid":{"rendered":"https:\/\/www.9h05.com\/es\/?page_id=5763"},"modified":"2023-10-17T13:15:00","modified_gmt":"2023-10-17T13:15:00","slug":"atiec-asociacion-agrupa-traductores-interpretes-ecuador","status":"publish","type":"page","link":"https:\/\/www.9h05.com\/es\/atiec-asociacion-agrupa-traductores-interpretes-ecuador\/","title":{"rendered":"ATIEC, la asociaci\u00f3n que agrupa a los traductores e int\u00e9rpretes del Ecuador"},"content":{"rendered":"<div class=\"tmpl-call_to_action-10 boldgrid-section dynamic-gridblock background-scroll\" style=\"border-width: 0px; background-image: url('https:\/\/www.9h05.com\/wp-content\/uploads\/2023\/02\/Benjamin-10.webp'); background-size: auto; background-position: 50% 50%; box-shadow: #cecece 0px 0px 0px 0px inset; background-repeat: repeat;\" data-image-url=\"https:\/\/www.9h05.com\/wp-content\/uploads\/2023\/02\/Benjamin-10.webp\">\n<div class=\"container-fluid\">\n<div class=\"row\">\n<div class=\"col-md-1 col-sm-1 col-xs-12 color4-background-color color-4-text-contrast bg-background-color col-lg-1\"><\/div>\n<div class=\"col-md-5 col-sm-7 col-xs-8 color4-background-color color-4-text-contrast bg-background-color col-lg-5\" style=\"padding: 1em;\">\n<div class=\"row\">\n<div class=\"col-md-6 col-sm-4 col-xs-12 col-lg-6\"><\/div>\n<div class=\"col-md-6 col-sm-8 col-xs-12 col-lg-6\">\n<div>\n<h1 class=\"color4-background-color color-4-text-contrast bg-background-color\" style=\"text-align: right; z-index: 1; position: relative; margin-right: -100px; padding: 0.3em; border-width: 0px; font-size: 24px;\">ATIEC<br \/>\nAsociaci\u00f3n de Traductores e Int\u00e9rpretes del Ecuador<\/h1>\n<\/div>\n<\/div>\n<\/div>\n<div class=\"row bg-editor-hr-wrap\">\n<div class=\"col-md-8 col-sm-8 col-xs-12 col-lg-8\">\n<div>\n<h3 class=\"\" style=\"border-width: 0px;\">ATIEC: la asociaci\u00f3n que agrupa a los traductores e int\u00e9rpretes del Ecuador<\/h3>\n<p>&nbsp;<\/p>\n<p class=\"\" style=\"border-width: 0px;\">El&nbsp;<b>Director Ejecutivo de&nbsp;<i>9h05 del Ecuador<\/i><\/b>, Benjamin Aguilar-Laguierce, es&nbsp;<b>miembro activo de la ATIEC&nbsp;<\/b><i>(Asociaci\u00f3n de Traductores e Int\u00e9rpretes del Ecuador<\/i>, que federa a los traductores del pa\u00eds)&nbsp;desde septiembre de 2012. Est\u00e1 registrado con los idiomas portugu\u00e9s, catal\u00e1n, espa\u00f1ol, franc\u00e9s, italiano e ingl\u00e9s.<\/p>\n<p style=\"font-weight: 400;\">Es miembro n\u00famero 54 del&nbsp;<strong>gremio ecuatoriano de traductores<\/strong>&nbsp;cuyos objetivos son agrupar a los traductores e int\u00e9rpretes del pa\u00eds para fomentar su capacitaci\u00f3n permanente y desarrollo de competencias profesionales, permitir la certificaci\u00f3n de los traductores e int\u00e9rpretes del pa\u00eds, tener reconocimiento institucional como gremio de traductores profesionales, velar que se cumplan las normas de \u00e9tica, incentivar las buenas pr\u00e1cticas profesionales, educar al p\u00fablico en cuanto al oficio de traductor con eventos, foros y mesas abiertas.<\/p>\n<p style=\"font-weight: 400;\">Benjamin Aguilar Laguierce fue instructor de un&nbsp;<strong>taller<\/strong>&nbsp;sobre&nbsp;<strong>T\u00e9cnicas de traducci\u00f3n<\/strong>&nbsp;que recibi\u00f3 una acogida muy positiva entre sus participantes. Actualmente, adem\u00e1s de sus funciones de traductor, imparte <a href=\"https:\/\/www.9h05.com\/es\/escuela-de-traduccion\/\">cursos de traducci\u00f3n desde la {Escuela de traducci\u00f3n}<\/a> de 9h05 del Ecuador.<\/p>\n<p style=\"font-weight: 400;\">La ATIEC naci\u00f3 en 2007 con la meta de contar con una oferta de traductores con experiencia comprobada y que responden a est\u00e1ndares de calidad que se eval\u00faan constantemente mejorando as\u00ed la experiencia de los clientes.<\/p>\n<p>Como cliente, no se deje enga\u00f1ar, verifique que su traductor se encuentra efectivamente acreditado por la ATIEC, como nuestro director ejecutivo Benjamin Aguilar-Laguierce. Tambi\u00e9n es importante verificar las credenciales alegadas por actores del mercado de la traducci\u00f3n.<\/p>\n<p style=\"font-weight: 400;\">La ATIEC es miembro de la Federaci\u00f3n Internacional de Traductores (F\u00e9d\u00e9ration Internationale de Traducteurs) FIT:&nbsp;<a href=\"http:\/\/www.fit-ift.org\/\">www.fit-ift.org<\/a><\/p>\n<p style=\"font-weight: 400;\"><strong>Si desea saber m\u00e1s sobre la ATIEC, visite su &nbsp;p\u00e1gina web.<\/strong><\/p>\n<\/div>\n<\/div>\n<div class=\"col-md-4 col-sm-4 col-xs-12 align-column-center col-lg-4\">\n<div>\n<hr class=\"color1-color bg-hr\" style=\"margin-left: 0;\" width=\"50%\">\n<p class=\"\" style=\"border-width: 0px; font-size: 14px;\"><strong>Benjamin AGUILAR-LAGUIERCE,&nbsp;miembro n\u00b0 54 de la ATIEC y director ejecutivo de 9h05 del Ecuador<\/strong><\/p>\n<\/div>\n<\/div>\n<\/div>\n<\/div>\n<div class=\"col-md-6 col-sm-4 col-xs-4 col-lg-6\"><\/div>\n<\/div>\n<\/div>\n<\/div>\n<div class=\"color3-background-color bg-background-color tmpl-call_to_action-14 boldgrid-section dynamic-gridblock background-parallax\" style=\"color: #1d1d1d; border-width: 0px; background-image: linear-gradient(to left, rgba(187, 222, 251, 0.8), rgba(187, 222, 251, 0.8)), url('https:\/\/www.9h05.com\/wp-content\/uploads\/2023\/04\/traducciones-en-quito-scaled.jpg'); background-size: cover; background-position: 50% 50%;\" data-bg-overlaycolor=\"rgba(187, 222, 251, 0.8)\" data-image-url=\"https:\/\/www.9h05.com\/wp-content\/uploads\/2023\/04\/traducciones-en-quito-scaled.jpg\">\n<div class=\"container\">\n<div class=\"row\" style=\"padding-top: 75px;\">\n<div class=\"col-md-5 col-sm-7 col-xs-12 col-lg-5\">\n<h2 class=\"\"><b>\u00bfNecesita una traducci\u00f3n oficial con plena validez en Ecuador o fuera del pa\u00eds?<\/b><\/h2>\n<p class=\"\">&nbsp;<\/p>\n<h3 class=\"rotateInDownRight\"><em>Cont\u00e1ctenos para mayor informaci\u00f3n<\/em><\/h3>\n<h4 class=\"\">&nbsp;<\/h4>\n<h4 class=\"\">Nos complaceremos en atender sus necesidades de traducci\u00f3n certificada.<\/h4>\n<p class=\"\">&nbsp;<\/p>\n<p class=\"\">&nbsp;<\/p>\n<p class=\"\" style=\"text-align: center;\"><a class=\"btn-color-4 btn btn-capitalize btn-rounded btn-3d btn-regular\" style=\"border-width: 0px; font-size: 25px;\" href=\"https:\/\/pay.9h05.com\"> <i class=\"fa bg-inserted-icon fa-credit-card\" style=\"font-size: 36px; border-width: 0px;\" aria-hidden=\"true\"> <span style=\"display: none;\">&nbsp;<\/span> <\/i>&nbsp;<strong>Contratar<\/strong><\/a><\/p>\n<p class=\"\">&nbsp;<\/p>\n<\/div>\n<div class=\"col-md-7 col-sm-5 col-xs-12 col-lg-7\"><\/div>\n<\/div>\n<div class=\"row\" style=\"padding-top: 25px; padding-bottom: 75px;\">\n<div class=\"col-md-12 col-sm-12 col-xs-12 col-lg-12\" style=\"padding: 1em;\">\n<p class=\"\" style=\"font-weight: 400; text-align: center;\"><strong>\u00bfQuiere conocer m\u00e1s sobre 9h05 International?<\/strong><\/p>\n<p class=\"\" style=\"font-weight: 400; text-align: center;\">Eche un vistazo:<\/p>\n<p class=\"\" style=\"font-weight: 400; text-align: center;\"><a href=\"https:\/\/www.9h05.com\/es\/group\/\">La empresa<\/a>&nbsp;\u2022&nbsp;<a href=\"https:\/\/www.9h05.com\/es\/ecuador\/quito\/\">Servicios de traducci\u00f3n<\/a>&nbsp;\u2022&nbsp;<a href=\"https:\/\/www.9h05.com\/es\/certificaciones\/\">Certificaciones y membres\u00eda<\/a>&nbsp;\u2022&nbsp;<a href=\"https:\/\/www.9h05.com\/es\/experiencia\/\">Experiencia<\/a><\/p>\n<p class=\"\">&nbsp;<\/p>\n<div style=\"text-align: center;\"><i>9h05 es una agencia de traducci\u00f3n internacional reconocida&nbsp;mundialmente&nbsp;con presencia en Ecuador (ciudad de Quito), Francia (Burdeos), Estados Unidos (Miami), Reino Unido (Londres), Colombia (Medell\u00edn), Espa\u00f1a (Zaragoza), Canad\u00e1 (Toronto) y Australia (S\u00eddney).<\/i><\/div>\n<\/div>\n<\/div>\n<\/div>\n<\/div>\n<div class=\"boldgrid-section\">\n<div class=\"container\"><\/div>\n<\/div>\n<div class=\"color4-background-color color-4-text-contrast bg-background-color tmpl-contact-3 boldgrid-section dynamic-gridblock\">\n<div class=\"container\">\n<div class=\"row\" style=\"padding-top: 50px; padding-bottom: 50px;\">\n<div class=\"col-md-6 col-xs-12 col-sm-6 col-lg-6\" style=\"padding: 1em;\">\n<h2 class=\"\">9h05 del Ecuador<\/h2>\n<h4>Traducciones certificadas<\/h4>\n<div class=\"row\" style=\"padding-top: 25px;\">\n<div class=\"col-md-2 col-sm-2 col-xs-2 col-lg-2\">\n<p class=\"\" style=\"text-align: center;\"><i class=\"fa fa-map-signs color1-background-color color-1-text-contrast bg-background-color\" style=\"border-radius: 50px; padding: 0.7em; font-size: 20px;\" aria-hidden=\"true\"><span style=\"display: none;\">&nbsp;<\/span><\/i><\/p>\n<\/div>\n<div class=\"col-md-10 col-sm-10 col-xs-10 align-column-center col-lg-10\">\n<p>Juan Le\u00f3n Mera N21-241 y Roca<\/p>\n<div>\n<p class=\"\">Edificio Cronos &#8211; Oficina 501 &#8211; 170143 Quito (Ecuador)<\/p>\n<\/div>\n<\/div>\n<\/div>\n<div class=\"row\" style=\"padding-top: 15px;\">\n<div class=\"col-md-2 col-sm-2 col-xs-2 col-lg-2\">\n<p class=\"\" style=\"text-align: center;\"><i class=\"fa fa-phone color1-background-color color-1-text-contrast bg-background-color\" style=\"border-radius: 50px; padding: 0.7em; font-size: 20px;\" aria-hidden=\"true\"><span style=\"display: none;\">&nbsp;<\/span><\/i><\/p>\n<\/div>\n<div class=\"col-md-10 col-sm-10 col-xs-10 align-column-center col-lg-10\">\n<div>\n<p class=\"\">(02) 250 11 10<br \/>\n09 84 26 56 53<\/p>\n<\/div>\n<\/div>\n<\/div>\n<div class=\"row\" style=\"padding-top: 15px; padding-bottom: 25px;\">\n<div class=\"col-md-2 col-sm-2 col-xs-2 col-lg-2\">\n<p class=\"\" style=\"text-align: center;\"><i class=\"fa fa-envelope color1-background-color color-1-text-contrast bg-background-color\" style=\"border-radius: 50px; padding: 0.7em; font-size: 20px;\" aria-hidden=\"true\"><span style=\"display: none;\">&nbsp;<\/span><\/i><\/p>\n<\/div>\n<div class=\"col-md-10 col-sm-10 col-xs-10 align-column-center col-lg-10\">\n<div>\n<p class=\"\"><a href=\"mailto:quito@9h05.com\">quito@9h05.com<\/a><\/p>\n<\/div>\n<\/div>\n<\/div>\n<p class=\"tada\" style=\"text-align: center;\"><a class=\"btn-color-1 btn btn-uppercase btn-3d btn-regular\" href=\"https:\/\/www.9h05.com\/es\/certificaciones\/\">m\u00e1s informaci\u00f3n<\/a><\/p>\n<\/div>\n<div class=\"col-md-6 col-xs-12 col-sm-6 col-lg-6\" style=\"padding: 1em;\">\n<p class=\"boldgrid-google-maps\"><iframe style=\"max-width: 100%;\" src=\"https:\/\/www.google.com\/maps\/embed?pb=!1m14!1m8!1m3!1d15959.171530525156!2d-78.4943408!3d-0.2045975!3m2!1i1024!2i768!4f13.1!3m3!1m2!1s0x91d59a14c2f0e17d%3A0x6618e97864c88c19!2s9h05%20Ecuador!5e0!3m2!1ses-419!2sfr!4v1681373998286!5m2!1ses-419!2sfr\" width=\"600\" height=\"400\" frameborder=\"0\">&amp;amp;amp;amp;amp;amp;amp;amp;amp;amp;amp;lt;span data-mce-type=\u00bbbookmark\u00bb style=\u00bbdisplay: inline-block; width: 0px; overflow: hidden; line-height: 0;\u00bb class=\u00bbmce_SELRES_start\u00bb&amp;amp;amp;amp;amp;amp;amp;amp;amp;amp;amp;gt;\ufeff&amp;amp;amp;amp;amp;amp;amp;amp;amp;amp;amp;lt;\/span&amp;amp;amp;amp;amp;amp;amp;amp;amp;amp;amp;gt;<\/iframe><\/p>\n<\/div>\n<\/div>\n<\/div>\n<\/div>\n<div class=\"boldgrid-section\">\n<div class=\"container\">\n<div class=\"row\">\n<div class=\"col-lg-12 col-md-12 col-xs-12 col-sm-12\">\n<p class=\"\">&nbsp;<\/p>\n<\/div>\n<\/div>\n<\/div>\n<\/div>\n","protected":false},"excerpt":{"rendered":"<p>ATIEC Asociaci\u00f3n de Traductores e Int\u00e9rpretes del Ecuador ATIEC: la asociaci\u00f3n que agrupa a los traductores e int\u00e9rpretes del Ecuador &nbsp; El&nbsp;Director Ejecutivo de&nbsp;9h05 del Ecuador, Benjamin Aguilar-Laguierce, es&nbsp;miembro activo de la ATIEC&nbsp;(Asociaci\u00f3n de Traductores e Int\u00e9rpretes del Ecuador, que federa a los traductores del pa\u00eds)&nbsp;desde septiembre de 2012. Est\u00e1 registrado con los idiomas portugu\u00e9s, [&hellip;]<\/p>\n","protected":false},"author":9,"featured_media":0,"parent":0,"menu_order":0,"comment_status":"closed","ping_status":"closed","template":"","meta":{"site-sidebar-layout":"default","site-content-layout":"default","ast-site-content-layout":"default","site-content-style":"default","site-sidebar-style":"default","ast-global-header-display":"","ast-banner-title-visibility":"","ast-main-header-display":"","ast-hfb-above-header-display":"","ast-hfb-below-header-display":"","ast-hfb-mobile-header-display":"","site-post-title":"","ast-breadcrumbs-content":"","ast-featured-img":"","footer-sml-layout":"","theme-transparent-header-meta":"default","adv-header-id-meta":"","stick-header-meta":"default","header-above-stick-meta":"","header-main-stick-meta":"","header-below-stick-meta":"","astra-migrate-meta-layouts":"set","ast-page-background-enabled":"default","ast-page-background-meta":{"desktop":{"background-color":"var(--ast-global-color-4)","background-image":"","background-repeat":"repeat","background-position":"center center","background-size":"auto","background-attachment":"scroll","background-type":"","background-media":"","overlay-type":"","overlay-color":"","overlay-opacity":"","overlay-gradient":""},"tablet":{"background-color":"","background-image":"","background-repeat":"repeat","background-position":"center center","background-size":"auto","background-attachment":"scroll","background-type":"","background-media":"","overlay-type":"","overlay-color":"","overlay-opacity":"","overlay-gradient":""},"mobile":{"background-color":"","background-image":"","background-repeat":"repeat","background-position":"center center","background-size":"auto","background-attachment":"scroll","background-type":"","background-media":"","overlay-type":"","overlay-color":"","overlay-opacity":"","overlay-gradient":""}},"ast-content-background-meta":{"desktop":{"background-color":"var(--ast-global-color-5)","background-image":"","background-repeat":"repeat","background-position":"center center","background-size":"auto","background-attachment":"scroll","background-type":"","background-media":"","overlay-type":"","overlay-color":"","overlay-opacity":"","overlay-gradient":""},"tablet":{"background-color":"var(--ast-global-color-5)","background-image":"","background-repeat":"repeat","background-position":"center center","background-size":"auto","background-attachment":"scroll","background-type":"","background-media":"","overlay-type":"","overlay-color":"","overlay-opacity":"","overlay-gradient":""},"mobile":{"background-color":"var(--ast-global-color-5)","background-image":"","background-repeat":"repeat","background-position":"center center","background-size":"auto","background-attachment":"scroll","background-type":"","background-media":"","overlay-type":"","overlay-color":"","overlay-opacity":"","overlay-gradient":""}},"footnotes":""},"yst_prominent_words":[],"class_list":["post-5763","page","type-page","status-publish","hentry"],"_links":{"self":[{"href":"https:\/\/www.9h05.com\/es\/wp-json\/wp\/v2\/pages\/5763","targetHints":{"allow":["GET"]}}],"collection":[{"href":"https:\/\/www.9h05.com\/es\/wp-json\/wp\/v2\/pages"}],"about":[{"href":"https:\/\/www.9h05.com\/es\/wp-json\/wp\/v2\/types\/page"}],"author":[{"embeddable":true,"href":"https:\/\/www.9h05.com\/es\/wp-json\/wp\/v2\/users\/9"}],"replies":[{"embeddable":true,"href":"https:\/\/www.9h05.com\/es\/wp-json\/wp\/v2\/comments?post=5763"}],"version-history":[{"count":12,"href":"https:\/\/www.9h05.com\/es\/wp-json\/wp\/v2\/pages\/5763\/revisions"}],"predecessor-version":[{"id":27511,"href":"https:\/\/www.9h05.com\/es\/wp-json\/wp\/v2\/pages\/5763\/revisions\/27511"}],"wp:attachment":[{"href":"https:\/\/www.9h05.com\/es\/wp-json\/wp\/v2\/media?parent=5763"}],"wp:term":[{"taxonomy":"yst_prominent_words","embeddable":true,"href":"https:\/\/www.9h05.com\/es\/wp-json\/wp\/v2\/yst_prominent_words?post=5763"}],"curies":[{"name":"wp","href":"https:\/\/api.w.org\/{rel}","templated":true}]}}