{"id":5760,"date":"2017-02-04T17:27:41","date_gmt":"2017-02-04T17:27:41","guid":{"rendered":"https:\/\/www.9h05.com\/es\/?page_id=5760"},"modified":"2020-05-13T08:04:14","modified_gmt":"2020-05-13T08:04:14","slug":"servicio-de-traduccion-espanol-hindi-quito","status":"publish","type":"page","link":"https:\/\/www.9h05.com\/es\/servicio-de-traduccion-espanol-hindi-quito\/","title":{"rendered":"Servicio de traducci\u00f3n de espa\u00f1ol a hindi en Quito (Ecuador)"},"content":{"rendered":"<div class=\"wpb-content-wrapper\"><p>[vc_row][vc_column][vntd_fullscreen_slider images=\u00bb5636,5634,5633&#8243; text_static=\u00bbService de traduction vers l&#8217;hindi\u00bb text_dynamic=\u00bbTraduction de documents vers l&#8217;hindi,Agence de traduction internationale,Traduction de documents depuis l&#8217;hindi\u00bb][vc_empty_space height=\u00bb100px\u00bb][vc_column_text]<\/p>\n<h1 style=\"text-align: center;\">Nous traduisons tous vos documents vers l&#8217;hindi<\/h1>\n<p>[\/vc_column_text][vc_empty_space height=\u00bb100px\u00bb][\/vc_column][\/vc_row][vc_row][vc_column width=\u00bb1\/4&#8243;][icon_box title=\u00bbTraductions asserment\u00e9es vers l&#8217;hindi\u00bb text=\u00bbVos documents sont en partance pour l&#8217;Inde ? Vous devez les traduire pour qu&#8217;ils soient valides avec notre service de traductions officielles reconnues dans le monde entier.\u00bb style=\u00bbcentered\u00bb icon_fontawesome=\u00bbfa fa-gavel\u00bb][\/vc_column][vc_column width=\u00bb1\/4&#8243;][icon_box title=\u00bbTraductions techniques en hindi\u00bb text=\u00bbVous voulez faire des affaires au pays de Gandhi ? Vous souhaitez exporter vos produits, vos machines, votre savoir-faire ? Faites confiance \u00e0 notre personnel technique sp\u00e9cialis\u00e9 dans la traduction vers l&#8217;hindi.\u00bb style=\u00bbcentered\u00bb icon_fontawesome=\u00bbfa fa-industry\u00bb][\/vc_column][vc_column width=\u00bb1\/4&#8243;][icon_box title=\u00bbTraductions juridiques\u00bb text=\u00bbNous traduisons tous les documents juridiques et l\u00e9gaux en hindi, dont les attestations, actes notariaux, lois, statuts, contrats, r\u00e8glements, normes, testaments, codes, etc.\u00bb style=\u00bbcentered\u00bb icon_fontawesome=\u00bbfa fa-balance-scale\u00bb][\/vc_column][vc_column width=\u00bb1\/4&#8243;][icon_box title=\u00bbTraductions g\u00e9n\u00e9rales\u00bb text=\u00bbQue l&#8217;on parle de sciences, de gastronomie, d&#8217;ing\u00e9nierie p\u00e9troli\u00e8re, de math\u00e9matiques ou m\u00eame de p\u00e9dagogie, nos solutions de traduction sont parfaitement adapt\u00e9es \u00e0 vos attentes. Nous traduisons tous types de documents, quels qu&#8217;en soient la th\u00e9matique. \u00bb style=\u00bbcentered\u00bb icon_fontawesome=\u00bbfa fa-globe\u00bb][\/vc_column][vc_column][vc_row_inner][vc_column_inner width=\u00bb1\/2&#8243;][vc_btn title=\u00bbEngagez-nous\u00bb style=\u00bb3d\u00bb color=\u00bbpeacoc\u00bb align=\u00bbcenter\u00bb link=\u00bburl:https%3A%2F%2Fwww.9h05.com%2Fproforma%2F|\u00bb][\/vc_column_inner][vc_column_inner width=\u00bb1\/2&#8243;][vc_btn title=\u00bbContactez-nous\u00bb style=\u00bb3d\u00bb color=\u00bbviolet\u00bb align=\u00bbcenter\u00bb link=\u00bburl:https%3A%2F%2Fwww.9h05.com%2Fes%2Fcontacto%2F|\u00bb][\/vc_column_inner][\/vc_row_inner][\/vc_column][vc_column][vc_empty_space height=\u00bb100px\u00bb][vc_row_inner][vc_column_inner width=\u00bb1\/4&#8243;][vc_single_image image=\u00bb5641&#8243; img_size=\u00bb200&#215;105&#8243; alignment=\u00bbcenter\u00bb][\/vc_column_inner][vc_column_inner width=\u00bb1\/4&#8243;][vc_single_image image=\u00bb5640&#8243; img_size=\u00bb200&#215;105&#8243; alignment=\u00bbcenter\u00bb][\/vc_column_inner][vc_column_inner width=\u00bb1\/4&#8243;][vc_single_image image=\u00bb5639&#8243; img_size=\u00bb200&#215;105&#8243; alignment=\u00bbcenter\u00bb][\/vc_column_inner][vc_column_inner width=\u00bb1\/4&#8243;][\/vc_column_inner][\/vc_row_inner][\/vc_column][\/vc_row][vc_row][vc_column][vc_column_text]<\/p>\n<h2 style=\"text-align: center;\">Le saviez-vous ?<\/h2>\n<p>[\/vc_column_text][\/vc_column][\/vc_row][vc_row][vc_column width=\u00bb1\/3&#8243;][vc_column_text]Si l&#8217;hindi n&#8217;a de statut de langue officielle qu&#8217;en Inde, il est parl\u00e9 dans de nombreux pays dans le monde du fait des immigr\u00e9s indiens :<\/p>\n<ul>\n<li>Inde<\/li>\n<li>N\u00e9pal<\/li>\n<li>Fidji<\/li>\n<li>Philippines<\/li>\n<li>Tha\u00eflande<\/li>\n<li>Bangladesh<\/li>\n<li>Pakistan<\/li>\n<li>Royaume-Uni<\/li>\n<li>\u00c9tats-Unis<\/li>\n<li>Canada<\/li>\n<li>\u00c9mirats arabes unis<\/li>\n<li>Suriname<\/li>\n<li>Maurice<\/li>\n<\/ul>\n<p>[\/vc_column_text][\/vc_column][vc_column width=\u00bb1\/3&#8243;][vc_column_text]On compte autour de 230 millions de locuteurs natifs de l&#8217;hindi, ce qui fait de cette langue la 4\u00e8me langue la plus parl\u00e9e au monde.<\/p>\n<p>D&#8217;ailleurs, l&#8217;ourdou du Pakistan est le nom pakistanais de l&#8217;hindi. En effet, si l&#8217;\u00e9criture est r\u00e9solument oppos\u00e9e (l&#8217;hindi utilise le m\u00eame alphabet que le\u00a0sanskrit, tandis que l&#8217;ourdou utilise l&#8217;alphabet arabe.[\/vc_column_text][\/vc_column][vc_column width=\u00bb1\/3&#8243;][vc_column_text]<\/p>\n<h3 style=\"text-align: center;\">Insolite<\/h3>\n<p>&nbsp;<\/p>\n<p>La langue hindi prend racine dans le sanskrit, presque 5000 ans avant J\u00e9sus-Christ. Le mot hindi provient du persan <em>hind<\/em>, qui signifie \u00abterre de la rivi\u00e8re Indus\u00bb, qui traverse une grande partie du Pakistan actuel. L&#8217;hindi est devenu\u00a0langue officielle de l&#8217;Inde en 1965, ce qui est assez r\u00e9cent, malgr\u00e9 l&#8217;histoire mill\u00e9naire de cette langue.<\/p>\n<p>L&#8217;hindi compte 11 voyelles et 33 consonnes. Il n&#8217;y a aucun article (comme <em>le<\/em> ou <em>un<\/em>).[\/vc_column_text][\/vc_column][\/vc_row][vc_row][vc_column][vc_btn title=\u00bbAcheter un service de traduction vers l&#8217;hindi\u00bb style=\u00bb3d\u00bb color=\u00bbpeacoc\u00bb align=\u00bbcenter\u00bb link=\u00bburl:https%3A%2F%2Fwww.9h05.com%2Fproforma%2F|\u00bb][\/vc_column][\/vc_row]<\/p>\n<\/div>","protected":false},"excerpt":{"rendered":"<p>[vc_row][vc_column][vntd_fullscreen_slider images=\u00bb5636,5634,5633&#8243; text_static=\u00bbService de traduction vers l&#8217;hindi\u00bb text_dynamic=\u00bbTraduction de documents vers l&#8217;hindi,Agence de traduction internationale,Traduction de documents depuis l&#8217;hindi\u00bb][vc_empty_space height=\u00bb100px\u00bb][vc_column_text] Nous traduisons tous vos documents vers l&#8217;hindi [\/vc_column_text][vc_empty_space height=\u00bb100px\u00bb][\/vc_column][\/vc_row][vc_row][vc_column width=\u00bb1\/4&#8243;][icon_box title=\u00bbTraductions asserment\u00e9es vers l&#8217;hindi\u00bb text=\u00bbVos documents sont en partance pour l&#8217;Inde ? Vous devez les traduire pour qu&#8217;ils soient valides avec notre service de traductions [&hellip;]<\/p>\n","protected":false},"author":9,"featured_media":0,"parent":0,"menu_order":0,"comment_status":"closed","ping_status":"closed","template":"","meta":{"site-sidebar-layout":"default","site-content-layout":"","ast-site-content-layout":"","site-content-style":"default","site-sidebar-style":"default","ast-global-header-display":"","ast-banner-title-visibility":"","ast-main-header-display":"","ast-hfb-above-header-display":"","ast-hfb-below-header-display":"","ast-hfb-mobile-header-display":"","site-post-title":"","ast-breadcrumbs-content":"","ast-featured-img":"","footer-sml-layout":"","theme-transparent-header-meta":"","adv-header-id-meta":"","stick-header-meta":"","header-above-stick-meta":"","header-main-stick-meta":"","header-below-stick-meta":"","astra-migrate-meta-layouts":"default","ast-page-background-enabled":"default","ast-page-background-meta":{"desktop":{"background-color":"var(--ast-global-color-4)","background-image":"","background-repeat":"repeat","background-position":"center center","background-size":"auto","background-attachment":"scroll","background-type":"","background-media":"","overlay-type":"","overlay-color":"","overlay-opacity":"","overlay-gradient":""},"tablet":{"background-color":"","background-image":"","background-repeat":"repeat","background-position":"center center","background-size":"auto","background-attachment":"scroll","background-type":"","background-media":"","overlay-type":"","overlay-color":"","overlay-opacity":"","overlay-gradient":""},"mobile":{"background-color":"","background-image":"","background-repeat":"repeat","background-position":"center center","background-size":"auto","background-attachment":"scroll","background-type":"","background-media":"","overlay-type":"","overlay-color":"","overlay-opacity":"","overlay-gradient":""}},"ast-content-background-meta":{"desktop":{"background-color":"var(--ast-global-color-5)","background-image":"","background-repeat":"repeat","background-position":"center center","background-size":"auto","background-attachment":"scroll","background-type":"","background-media":"","overlay-type":"","overlay-color":"","overlay-opacity":"","overlay-gradient":""},"tablet":{"background-color":"var(--ast-global-color-5)","background-image":"","background-repeat":"repeat","background-position":"center center","background-size":"auto","background-attachment":"scroll","background-type":"","background-media":"","overlay-type":"","overlay-color":"","overlay-opacity":"","overlay-gradient":""},"mobile":{"background-color":"var(--ast-global-color-5)","background-image":"","background-repeat":"repeat","background-position":"center center","background-size":"auto","background-attachment":"scroll","background-type":"","background-media":"","overlay-type":"","overlay-color":"","overlay-opacity":"","overlay-gradient":""}},"footnotes":""},"yst_prominent_words":[],"class_list":["post-5760","page","type-page","status-publish","hentry"],"_links":{"self":[{"href":"https:\/\/www.9h05.com\/es\/wp-json\/wp\/v2\/pages\/5760","targetHints":{"allow":["GET"]}}],"collection":[{"href":"https:\/\/www.9h05.com\/es\/wp-json\/wp\/v2\/pages"}],"about":[{"href":"https:\/\/www.9h05.com\/es\/wp-json\/wp\/v2\/types\/page"}],"author":[{"embeddable":true,"href":"https:\/\/www.9h05.com\/es\/wp-json\/wp\/v2\/users\/9"}],"replies":[{"embeddable":true,"href":"https:\/\/www.9h05.com\/es\/wp-json\/wp\/v2\/comments?post=5760"}],"version-history":[{"count":1,"href":"https:\/\/www.9h05.com\/es\/wp-json\/wp\/v2\/pages\/5760\/revisions"}],"predecessor-version":[{"id":7945,"href":"https:\/\/www.9h05.com\/es\/wp-json\/wp\/v2\/pages\/5760\/revisions\/7945"}],"wp:attachment":[{"href":"https:\/\/www.9h05.com\/es\/wp-json\/wp\/v2\/media?parent=5760"}],"wp:term":[{"taxonomy":"yst_prominent_words","embeddable":true,"href":"https:\/\/www.9h05.com\/es\/wp-json\/wp\/v2\/yst_prominent_words?post=5760"}],"curies":[{"name":"wp","href":"https:\/\/api.w.org\/{rel}","templated":true}]}}