{"id":5751,"date":"2017-02-04T17:07:58","date_gmt":"2017-02-04T17:07:58","guid":{"rendered":"https:\/\/www.9h05.com\/es\/?page_id=5751"},"modified":"2020-05-13T08:03:12","modified_gmt":"2020-05-13T08:03:12","slug":"servicio-de-traduccion-espanol-arabe-quito","status":"publish","type":"page","link":"https:\/\/www.9h05.com\/es\/servicio-de-traduccion-espanol-arabe-quito\/","title":{"rendered":"Servicio de traducci\u00f3n de espa\u00f1ol a \u00e1rabe en Quito (Ecuador)"},"content":{"rendered":"<div class=\"wpb-content-wrapper\"><p>[vc_row][vc_column][vntd_fullscreen_slider images=\u00bb5616,5614,5615&#8243; text_static=\u00bbService de traduction vers l&#8217;arabe\u00bb text_dynamic=\u00bbTraduction de documents vers l&#8217;arabe,Agence de traduction internationale,Traduction de documents depuis l&#8217;arabe\u00bb][vc_empty_space height=\u00bb100px\u00bb][vc_column_text]<\/p>\n<h1 style=\"text-align: center;\">Nous traduisons tous vos documents vers l&#8217;arabe<\/h1>\n<p>[\/vc_column_text][vc_empty_space height=\u00bb100px\u00bb][\/vc_column][\/vc_row][vc_row][vc_column width=\u00bb1\/4&#8243;][icon_box title=\u00bbTraductions asserment\u00e9es vers l&#8217;arabe\u00bb text=\u00bbVos documents sont en partance pour un pays de langue arabe ? Vous devez les traduire pour qu&#8217;ils soient valides avec notre service de traductions officielles reconnues dans le monde entier.\u00bb style=\u00bbcentered\u00bb icon_fontawesome=\u00bbfa fa-gavel\u00bb][\/vc_column][vc_column width=\u00bb1\/4&#8243;][icon_box title=\u00bbTraductions techniques en arabe\u00bb text=\u00bbVous souhaitez exporter vos produits, vos machines, votre savoir-faire ? Vous voulez faire des affaires dans les pays du Moyen-Orient ? Faites confiance \u00e0 notre personnel technique sp\u00e9cialis\u00e9 dans la traduction vers l&#8217;arabe.\u00bb style=\u00bbcentered\u00bb icon_fontawesome=\u00bbfa fa-industry\u00bb][\/vc_column][vc_column width=\u00bb1\/4&#8243;][icon_box title=\u00bbTraductions juridiques\u00bb text=\u00bbNous traduisons tous les documents juridiques et l\u00e9gaux en arabe, dont les contrats, attestations, actes notariaux, lois, statuts, r\u00e8glements, normes, testaments, codes, etc.\u00bb style=\u00bbcentered\u00bb icon_fontawesome=\u00bbfa fa-balance-scale\u00bb][\/vc_column][vc_column width=\u00bb1\/4&#8243;][icon_box title=\u00bbTraductions g\u00e9n\u00e9rales\u00bb text=\u00bbNous traduisons tous types de documents, quels qu&#8217;en soient la th\u00e9matique. Que l&#8217;on parle de sciences, de gastronomie, d&#8217;ing\u00e9nierie p\u00e9troli\u00e8re, de math\u00e9matiques ou m\u00eame de p\u00e9dagogie, nos solutions de traduction sont parfaitement adapt\u00e9es \u00e0 vos attentes.\u00bb style=\u00bbcentered\u00bb icon_fontawesome=\u00bbfa fa-globe\u00bb][\/vc_column][vc_column][vc_row_inner][vc_column_inner width=\u00bb1\/2&#8243;][vc_btn title=\u00bbEngagez-nous\u00bb style=\u00bb3d\u00bb color=\u00bbpeacoc\u00bb align=\u00bbcenter\u00bb link=\u00bburl:https%3A%2F%2Fwww.9h05.com%2Fproforma%2F|\u00bb][\/vc_column_inner][vc_column_inner width=\u00bb1\/2&#8243;][vc_btn title=\u00bbContactez-nous\u00bb style=\u00bb3d\u00bb color=\u00bbviolet\u00bb align=\u00bbcenter\u00bb link=\u00bburl:https%3A%2F%2Fwww.9h05.com%2Fes%2Fcontacto%2F|\u00bb][\/vc_column_inner][\/vc_row_inner][\/vc_column][vc_column][vc_empty_space height=\u00bb100px\u00bb][vc_row_inner][vc_column_inner width=\u00bb1\/4&#8243;][vc_single_image image=\u00bb5620&#8243; img_size=\u00bb200&#215;105&#8243; alignment=\u00bbcenter\u00bb][\/vc_column_inner][vc_column_inner width=\u00bb1\/4&#8243;][vc_single_image image=\u00bb5618&#8243; img_size=\u00bb200&#215;105&#8243; alignment=\u00bbcenter\u00bb][\/vc_column_inner][vc_column_inner width=\u00bb1\/4&#8243;][vc_single_image image=\u00bb5617&#8243; img_size=\u00bb200&#215;105&#8243; alignment=\u00bbcenter\u00bb][\/vc_column_inner][vc_column_inner width=\u00bb1\/4&#8243;][vc_single_image image=\u00bb5619&#8243; img_size=\u00bb200&#215;105&#8243; alignment=\u00bbcenter\u00bb][\/vc_column_inner][\/vc_row_inner][\/vc_column][\/vc_row][vc_row][vc_column][vc_column_text]<\/p>\n<h2 style=\"text-align: center;\">Le saviez-vous ?<\/h2>\n<p>[\/vc_column_text][\/vc_column][\/vc_row][vc_row][vc_column width=\u00bb1\/3&#8243;][vc_column_text]L&#8217;arabe est la langue officielle de 26 pays\u00a0dans le monde :<\/p>\n<ul>\n<li>Alg\u00e9rie<\/li>\n<li>Arabie saoudite<\/li>\n<li>Bahre\u00efn<\/li>\n<li>Comores<\/li>\n<li>Djibouti<\/li>\n<li>\u00c9gypte<\/li>\n<li>\u00c9mirats arabes unis<\/li>\n<li>\u00c9rythr\u00e9e<\/li>\n<li>Irak<\/li>\n<li>Isra\u00ebl<\/li>\n<li>Jordanie<\/li>\n<li>Kowe\u00eft<\/li>\n<li>Liban<\/li>\n<li>Libye<\/li>\n<li>Maroc<\/li>\n<li>Mauritanie<\/li>\n<li>Oman<\/li>\n<li>Palestine<\/li>\n<li>Qatar<\/li>\n<li>Somalie<\/li>\n<li>Soudan<\/li>\n<li>Syrie<\/li>\n<li>Tchad<\/li>\n<li>Tunisie<\/li>\n<li>Y\u00e9men<\/li>\n<\/ul>\n<p>[\/vc_column_text][\/vc_column][vc_column width=\u00bb1\/3&#8243;][vc_column_text]On compte aux alentours de 300 millions de locuteurs natifs de langue arabe, ce qui fait\u00a0d&#8217;elle la 7\u00e8me langue la plus parl\u00e9e au monde. La langue arabe a jou\u00e9 un r\u00f4le fondamental dans la conservation des id\u00e9es philosophiques grecques, notamment\u00a0gr\u00e2ce aux copistes de langue arabe qui ont permis la transmission des oeuvres grecques de l&#8217;antiquit\u00e9. De nombreux\u00a0manuscrits et originaux en grec ont \u00e9t\u00e9 perdus, mais leur traduction en arabe et conservation \u00e0 la biblioth\u00e8que de Bagdad, dont une grande partie a p\u00e9ri, nous a permis de conserver leur travail jusqu&#8217;\u00e0 aujourd&#8217;hui. Parmi ces philosophes sauvegard\u00e9s par les copistes arabes, on compte rien moins que Platon ou Aristote.<\/p>\n<p><a href=\"http:\/\/www.teheran.ir\/spip.php?article1291\">En savoir plus &gt;<\/a>[\/vc_column_text][\/vc_column][vc_column width=\u00bb1\/3&#8243;][vc_column_text]<\/p>\n<h3 style=\"text-align: center;\">Insolite<\/h3>\n<p>La langue arabe a longtemps rayonn\u00e9 et influenc\u00e9 les autres langues voisines, dont le fran\u00e7ais. Ainsi, de nombreux mots en fran\u00e7ais ont pour origine l&#8217;arabe :<\/p>\n<p>alcool, alg\u00e8bre, chiffre, sirop, amiral, barbacane, cafard, camelote, gazelle, hasard, magasin, toubib, etc.[\/vc_column_text][\/vc_column][\/vc_row][vc_row][vc_column][vc_btn title=\u00bbAcheter un service de traduction vers l&#8217;arabe\u00bb style=\u00bb3d\u00bb color=\u00bbpeacoc\u00bb align=\u00bbcenter\u00bb link=\u00bburl:https%3A%2F%2Fwww.9h05.com%2Fproforma%2F|\u00bb][\/vc_column][\/vc_row]<\/p>\n<\/div>","protected":false},"excerpt":{"rendered":"<p>[vc_row][vc_column][vntd_fullscreen_slider images=\u00bb5616,5614,5615&#8243; text_static=\u00bbService de traduction vers l&#8217;arabe\u00bb text_dynamic=\u00bbTraduction de documents vers l&#8217;arabe,Agence de traduction internationale,Traduction de documents depuis l&#8217;arabe\u00bb][vc_empty_space height=\u00bb100px\u00bb][vc_column_text] Nous traduisons tous vos documents vers l&#8217;arabe [\/vc_column_text][vc_empty_space height=\u00bb100px\u00bb][\/vc_column][\/vc_row][vc_row][vc_column width=\u00bb1\/4&#8243;][icon_box title=\u00bbTraductions asserment\u00e9es vers l&#8217;arabe\u00bb text=\u00bbVos documents sont en partance pour un pays de langue arabe ? Vous devez les traduire pour qu&#8217;ils soient valides avec [&hellip;]<\/p>\n","protected":false},"author":9,"featured_media":0,"parent":0,"menu_order":0,"comment_status":"closed","ping_status":"closed","template":"","meta":{"site-sidebar-layout":"no-sidebar","site-content-layout":"plain-container","ast-site-content-layout":"","site-content-style":"default","site-sidebar-style":"default","ast-global-header-display":"","ast-banner-title-visibility":"","ast-main-header-display":"","ast-hfb-above-header-display":"","ast-hfb-below-header-display":"","ast-hfb-mobile-header-display":"","site-post-title":"disabled","ast-breadcrumbs-content":"","ast-featured-img":"disabled","footer-sml-layout":"","theme-transparent-header-meta":"","adv-header-id-meta":"","stick-header-meta":"","header-above-stick-meta":"","header-main-stick-meta":"","header-below-stick-meta":"","astra-migrate-meta-layouts":"default","ast-page-background-enabled":"default","ast-page-background-meta":{"desktop":{"background-color":"var(--ast-global-color-4)","background-image":"","background-repeat":"repeat","background-position":"center center","background-size":"auto","background-attachment":"scroll","background-type":"","background-media":"","overlay-type":"","overlay-color":"","overlay-opacity":"","overlay-gradient":""},"tablet":{"background-color":"","background-image":"","background-repeat":"repeat","background-position":"center center","background-size":"auto","background-attachment":"scroll","background-type":"","background-media":"","overlay-type":"","overlay-color":"","overlay-opacity":"","overlay-gradient":""},"mobile":{"background-color":"","background-image":"","background-repeat":"repeat","background-position":"center center","background-size":"auto","background-attachment":"scroll","background-type":"","background-media":"","overlay-type":"","overlay-color":"","overlay-opacity":"","overlay-gradient":""}},"ast-content-background-meta":{"desktop":{"background-color":"var(--ast-global-color-5)","background-image":"","background-repeat":"repeat","background-position":"center center","background-size":"auto","background-attachment":"scroll","background-type":"","background-media":"","overlay-type":"","overlay-color":"","overlay-opacity":"","overlay-gradient":""},"tablet":{"background-color":"var(--ast-global-color-5)","background-image":"","background-repeat":"repeat","background-position":"center center","background-size":"auto","background-attachment":"scroll","background-type":"","background-media":"","overlay-type":"","overlay-color":"","overlay-opacity":"","overlay-gradient":""},"mobile":{"background-color":"var(--ast-global-color-5)","background-image":"","background-repeat":"repeat","background-position":"center center","background-size":"auto","background-attachment":"scroll","background-type":"","background-media":"","overlay-type":"","overlay-color":"","overlay-opacity":"","overlay-gradient":""}},"footnotes":""},"yst_prominent_words":[],"class_list":["post-5751","page","type-page","status-publish","hentry"],"_links":{"self":[{"href":"https:\/\/www.9h05.com\/es\/wp-json\/wp\/v2\/pages\/5751","targetHints":{"allow":["GET"]}}],"collection":[{"href":"https:\/\/www.9h05.com\/es\/wp-json\/wp\/v2\/pages"}],"about":[{"href":"https:\/\/www.9h05.com\/es\/wp-json\/wp\/v2\/types\/page"}],"author":[{"embeddable":true,"href":"https:\/\/www.9h05.com\/es\/wp-json\/wp\/v2\/users\/9"}],"replies":[{"embeddable":true,"href":"https:\/\/www.9h05.com\/es\/wp-json\/wp\/v2\/comments?post=5751"}],"version-history":[{"count":1,"href":"https:\/\/www.9h05.com\/es\/wp-json\/wp\/v2\/pages\/5751\/revisions"}],"predecessor-version":[{"id":7939,"href":"https:\/\/www.9h05.com\/es\/wp-json\/wp\/v2\/pages\/5751\/revisions\/7939"}],"wp:attachment":[{"href":"https:\/\/www.9h05.com\/es\/wp-json\/wp\/v2\/media?parent=5751"}],"wp:term":[{"taxonomy":"yst_prominent_words","embeddable":true,"href":"https:\/\/www.9h05.com\/es\/wp-json\/wp\/v2\/yst_prominent_words?post=5751"}],"curies":[{"name":"wp","href":"https:\/\/api.w.org\/{rel}","templated":true}]}}