{"id":5748,"date":"2017-02-04T16:37:10","date_gmt":"2017-02-04T16:37:10","guid":{"rendered":"https:\/\/www.9h05.com\/es\/?page_id=5748"},"modified":"2022-11-24T08:41:05","modified_gmt":"2022-11-24T08:41:05","slug":"9h05-agencia-de-traduccion-zaragoza","status":"publish","type":"page","link":"https:\/\/www.9h05.com\/es\/9h05-agencia-de-traduccion-zaragoza\/","title":{"rendered":"9h05 agencia de traducci\u00f3n en Zaragoza"},"content":{"rendered":"<div class=\"color4-background-color bg-background-color tmpl-call_to_action-6 boldgrid-section dynamic-gridblock background-scroll\" style=\"color: #1d1d1d; border-width: 0px; background-image: linear-gradient(to left, rgba(238, 238, 238, 0.8), rgba(238, 238, 238, 0.8)), url('https:\/\/www.9h05.com\/wp-content\/uploads\/2022\/11\/9h05-espana-scaled.jpg'); background-size: cover; background-position: 50% 50%;\" data-bg-overlaycolor=\"rgba(238, 238, 238, 0.8)\" data-image-url=\"https:\/\/www.9h05.com\/wp-content\/uploads\/2022\/11\/9h05-espana-scaled.jpg\">\n<div class=\"container\">\n<div class=\"row\" style=\"padding-top: 15px; padding-bottom: 15px;\">\n<div class=\"col-md-12 col-sm-12 col-xs-12 col-lg-12\">\n<div style=\"padding: 15% 0;\" class=\"bg-box-cover bg-box\">\n<p class=\"\" style=\"text-align: center;\"><i class=\"color2-color fa fa-clock-o\" style=\"font-size: 80px; margin-bottom: 20px; border-width: 0px;\" aria-hidden=\"true\"><span style=\"display: none;\">&nbsp;<\/span><\/i><\/p>\n<h1 class=\"color2-color\" style=\"text-align: center; font-size: 6em; margin: 35px 0;\">9h05 Espa\u00f1a<\/h1>\n<p class=\"\" style=\"text-align: center; margin-bottom: 50px; font-size: 19px;\">Empresa de traducci\u00f3n certificada y especializada radicada en la provincia de Zaragoza (Espa\u00f1a) y con cobertura de todo el pa\u00eds.<\/p>\n<p class=\"\" style=\"text-align: center;\">&nbsp;<\/p>\n<\/div>\n<\/div>\n<\/div>\n<\/div>\n<\/div>\n<div class=\"color4-background-color color-4-text-contrast bg-background-color tmpl-contact-2 boldgrid-section dynamic-gridblock\">\n<div class=\"container-fluid\">\n<div class=\"row\" style=\"padding-top: 75px;\">\n<div class=\"col-md-3 col-xs-12 col-sm-2 col-lg-3\"><\/div>\n<div class=\"col-md-6 col-xs-12 col-sm-8 text-center col-lg-6\">\n<h2 class=\"\">Nuestra oficina en Espa\u00f1a (provincia de Zaragoza)<\/h2>\n<p class=\"\">&nbsp;<\/p>\n<p class=\"\">&nbsp;<\/p>\n<p class=\"\" style=\"border-width: 0px; font-size: 20px;\"><em><strong>9h05 Espa\u00f1a<br \/>\n<\/strong><\/em>Calle Alta, 44<br \/>\n50391 Villafeliche-Zaragoza<br \/>\n(Espa\u00f1a)<\/p>\n<p class=\"\">&nbsp;<\/p>\n<p class=\"\" style=\"border-width: 0px; font-size: 20px;\">&nbsp;<\/p>\n<p class=\"\">&nbsp;<\/p>\n<p class=\"\" style=\"border-width: 0px; font-size: 20px;\"><strong>Email<br \/>\n<\/strong>zaragoza@9h05.com<\/p>\n<p class=\"\">&nbsp;<\/p>\n<\/div>\n<div class=\"col-md-3 col-xs-12 col-sm-2 col-lg-3\"><\/div>\n<\/div>\n<div class=\"row\" style=\"padding-top: 20px; padding-bottom: 35px;\">\n<div class=\"col-md-4 col-sm-3 col-xs-12 col-lg-4\"><\/div>\n<div class=\"col-md-2 col-sm-3 col-xs-6 col-lg-2\">\n<p class=\"\" style=\"text-align: center;\"><strong>Lunes &#8211; Viernes<\/strong><\/p>\n<p class=\"\" style=\"text-align: center;\">10h00 &#8211; 12h00<\/p>\n<\/div>\n<div class=\"col-md-2 col-sm-3 col-xs-6 col-lg-2\">\n<p class=\"\" style=\"text-align: center;\"><b>S\u00e1bado y domingo<\/b><\/p>\n<p class=\"\" style=\"text-align: center;\">Cerrado<\/p>\n<\/div>\n<div class=\"col-md-4 col-sm-3 col-xs-12 col-lg-4\"><\/div>\n<\/div>\n<div class=\"row\">\n<div class=\"col-md-12 col-xs-12 col-sm-12 pulse col-lg-12\">\n<div class=\"bg-box-cover bg-box-flush bg-box\">\n<p class=\"boldgrid-google-maps\" style=\"margin: 0;\"><iframe style=\"width: 100%;\" src=\"https:\/\/www.google.com\/maps\/embed?pb=!1m18!1m12!1m3!1d3002.2135212084354!2d-1.5141724723634777!3d41.195318249590315!2m3!1f0!2f0!3f0!3m2!1i1024!2i768!4f13.1!3m3!1m2!1s0xd5c0b598c047997%3A0x8ff3f6dd8c7230dd!2s9h05%20Espa%C3%B1a!5e0!3m2!1sfr!2sfr!4v1669279181337!5m2!1sfr!2sfr\" width=\"2000\" height=\"300\" frameborder=\"0\">&amp;amp;lt;span data-mce-type=\u00bbbookmark\u00bb style=\u00bbdisplay: inline-block; width: 0px; overflow: hidden; line-height: 0;\u00bb class=\u00bbmce_SELRES_start\u00bb&amp;amp;gt;\ufeff&amp;amp;lt;\/span&amp;amp;gt;&amp;amp;amp;amp;amp;amp;amp;amp;amp;amp;amp;amp;amp;amp;amp;amp;amp;amp;amp;amp;amp;amp;amp;amp;amp;amp;amp;amp;amp;amp;amp;amp;amp;amp;amp;amp;amp;amp;amp;amp;amp;amp;amp;amp;amp;amp;amp;amp;amp;amp;amp;amp;amp;amp;amp;amp;amp;amp;amp;amp;amp;amp;amp;amp;lt;span data-mce-type=\u00bbbookmark\u00bb style=\u00bbdisplay: inline-block; width: 0px; overflow: hidden; line-height: 0;\u00bb class=\u00bbmce_SELRES_start\u00bb&amp;amp;amp;amp;amp;amp;amp;amp;amp;amp;amp;amp;amp;amp;amp;amp;amp;amp;amp;amp;amp;amp;amp;amp;amp;amp;amp;amp;amp;amp;amp;amp;amp;amp;amp;amp;amp;amp;amp;amp;amp;amp;amp;amp;amp;amp;amp;amp;amp;amp;amp;amp;amp;amp;amp;amp;amp;amp;amp;amp;amp;amp;amp;amp;gt;&amp;amp;amp;amp;amp;amp;amp;amp;amp;amp;amp;amp;amp;amp;amp;amp;amp;amp;amp;amp;amp;amp;amp;amp;amp;amp;amp;amp;amp;amp;amp;#65279;&amp;amp;amp;amp;amp;amp;amp;amp;amp;amp;amp;amp;amp;amp;amp;amp;amp;amp;amp;amp;amp;amp;amp;amp;amp;amp;amp;amp;amp;amp;amp;amp;amp;amp;amp;amp;amp;amp;amp;amp;amp;amp;amp;amp;amp;amp;amp;amp;amp;amp;amp;amp;amp;amp;amp;amp;amp;amp;amp;amp;amp;amp;amp;amp;lt;\/span&amp;amp;amp;amp;amp;amp;amp;amp;amp;amp;amp;amp;amp;amp;amp;amp;amp;amp;amp;amp;amp;amp;amp;amp;amp;amp;amp;amp;amp;amp;amp;amp;amp;amp;amp;amp;amp;amp;amp;amp;amp;amp;amp;amp;amp;amp;amp;amp;amp;amp;amp;amp;amp;amp;amp;amp;amp;amp;amp;amp;amp;amp;amp;amp;gt;<\/iframe><\/p>\n<\/div>\n<\/div>\n<\/div>\n<\/div>\n<\/div>\n<div class=\"tmpl-services-17 boldgrid-section dynamic-gridblock background-parallax\" style=\"color: #ffffff; border-width: 0px; background-image: url('https:\/\/www.9h05.com\/wp-content\/uploads\/2022\/11\/logo-9h05-group-wall.jpg'); background-size: cover; background-position: 50% 50%;\" data-image-url=\"https:\/\/www.9h05.com\/wp-content\/uploads\/2022\/11\/logo-9h05-group-wall.jpg\">\n<div class=\"container\">\n<div class=\"row\" style=\"padding-top: 50px;\">\n<div class=\"col-md-12 col-sm-12 col-xs-12 col-lg-12\">\n<h2 class=\"\"><span style=\"color: #000000;\">Servicios de traducci\u00f3n<\/span><\/h2>\n<\/div>\n<\/div>\n<div class=\"row\" style=\"padding-bottom: 50px;\">\n<div class=\"col-md-12 col-sm-12 col-xs-12 col-lg-12\">\n<div class=\"boldgrid-slider boldgrid-wrap-row\" data-config=\"{&quot;arrows&quot;:true,&quot;autoplay&quot;:true,&quot;autoplaySpeed&quot;:&quot;9&quot;,&quot;dots&quot;:false,&quot;infinite&quot;:false,&quot;bgOptions&quot;:{&quot;arrowsPos&quot;:&quot;bottom-right&quot;,&quot;arrowsOverlay&quot;:true,&quot;arrowsBgColor&quot;:&quot;1&quot;,&quot;arrowsIcon&quot;:&quot;caret&quot;,&quot;arrowsSize&quot;:&quot;20&quot;,&quot;dotsPos&quot;:&quot;bottom&quot;,&quot;dotsOverlay&quot;:false,&quot;dotsColor&quot;:&quot;1&quot;,&quot;dotsSize&quot;:&quot;50&quot;},&quot;colors&quot;:{&quot;arrowsBG&quot;:{&quot;type&quot;:&quot;class&quot;,&quot;value&quot;:&quot;1&quot;,&quot;text&quot;:&quot;&quot;},&quot;dotsColor&quot;:{&quot;type&quot;:&quot;class&quot;,&quot;value&quot;:&quot;1&quot;,&quot;text&quot;:&quot;&quot;}}}\">\n<div class=\"row\">\n<div class=\"col-md-4 col-sm-12 col-xs-12 col-lg-4\">\n<div class=\"bg-box color5-background-color color-5-text-contrast bg-background-color\" style=\"padding: 1.5em; margin: 1em 0;\">\n<h4 style=\"text-align: center;\">TRADUCCIONES CERTIFICADAS<\/h4>\n<p style=\"text-align: center;\">Traducciones certificadas realizadas por nuestros traductores jurados, acreditados, autorizados, reconocidos, certificados y habilitados en Ecuador y en el exterior (incluyendo Francia, Canad\u00e1 o tambi\u00e9n Estados Unidos).<\/p>\n<p style=\"text-align: center;\"><a href=\"https:\/\/www.9h05.com\/es\/ecuador\/quito\/traducciones\/certificadas\/\"><strong>M\u00c1S INFORMACI\u00d3N<\/strong><\/a><\/p>\n<\/div>\n<\/div>\n<div class=\"col-md-4 col-sm-12 col-xs-12 col-lg-4\">\n<div class=\"bg-box color5-background-color color-5-text-contrast bg-background-color\" style=\"padding: 1.5em; margin: 1em 0;\">\n<h4 style=\"text-align: center;\">TRADUCCIONES ESPECIALIZADAS<\/h4>\n<p class=\"\" style=\"text-align: center; margin-bottom: 20px;\">Los clientes m\u00e1s exigentes de diferentes sectores industriales conf\u00edan en nuestros servicios de traducci\u00f3n especializada:&nbsp;Vinci, Alstom, Michelin, Schneider y muchos m\u00e1s.<\/p>\n<p style=\"text-align: center;\"><a href=\"https:\/\/www.9h05.com\/es\/ecuador\/quito\/traducciones\/certificadas\/\"><strong>M\u00c1S INFORMACI\u00d3N<\/strong><\/a><\/p>\n<\/div>\n<\/div>\n<div class=\"col-md-4 col-sm-12 col-xs-12 col-lg-4\">\n<div class=\"bg-box color5-background-color color-5-text-contrast bg-background-color\" style=\"padding: 1.5em; margin: 1em 0;\">\n<h4 style=\"text-align: center;\">TRADUCCIONES LITERARIAS<\/h4>\n<p class=\"\" style=\"text-align: center; margin-bottom: 20px;\">Publicadas por las editoriales del IRD, Elytis, Snoeck, Entorno Gr\u00e1fico, Blurb o en la revista Conceptos, nuestras traducciones literarias y editoriales son numerosas.<\/p>\n<p style=\"text-align: center;\"><a href=\"https:\/\/www.laguierce.com\/es\/\"><strong>M\u00c1S INFORMACI\u00d3N<\/strong><\/a><\/p>\n<\/div>\n<\/div>\n<\/div>\n<div class=\"row\">\n<div class=\"col-md-4 col-sm-12 col-xs-12 col-lg-4\">\n<div class=\"bg-box color5-background-color color-5-text-contrast bg-background-color\" style=\"padding: 1.5em; margin: 1em 0;\">\n<h4 style=\"text-align: center;\">Grow Your Business<\/h4>\n<p class=\"\" style=\"text-align: center; margin-bottom: 20px;\">Building brand integration and possibly funnel users.<\/p>\n<\/div>\n<\/div>\n<div class=\"col-md-4 col-sm-12 col-xs-12 col-lg-4\">\n<div class=\"bg-box color5-background-color color-5-text-contrast bg-background-color\" style=\"padding: 1.5em; margin: 1em 0;\">\n<h4 style=\"text-align: center;\">Reliable Direction<\/h4>\n<p class=\"\" style=\"text-align: center; margin-bottom: 20px;\">Building brand integration and possibly funnel users.<\/p>\n<\/div>\n<\/div>\n<div class=\"col-md-4 col-sm-12 col-xs-12 col-lg-4\">\n<div class=\"bg-box color5-background-color color-5-text-contrast bg-background-color\" style=\"padding: 1.5em; margin: 1em 0;\">\n<h4 style=\"text-align: center;\">Bold Solutions<\/h4>\n<p class=\"\" style=\"text-align: center; margin-bottom: 20px;\">Building brand integration and possibly funnel users.<\/p>\n<\/div>\n<\/div>\n<\/div>\n<div class=\"row\">\n<div class=\"col-md-4 col-sm-12 col-xs-12 col-lg-4\">\n<div class=\"bg-box color5-background-color color-5-text-contrast bg-background-color\" style=\"padding: 1.5em; margin: 1em 0;\">\n<h4 style=\"text-align: center;\">Grow Your Business<\/h4>\n<p class=\"\" style=\"text-align: center; margin-bottom: 20px;\">Building brand integration and possibly funnel users.<\/p>\n<\/div>\n<\/div>\n<div class=\"col-md-4 col-sm-12 col-xs-12 col-lg-4\">\n<div class=\"bg-box color5-background-color color-5-text-contrast bg-background-color\" style=\"padding: 1.5em; margin: 1em 0;\">\n<h4 style=\"text-align: center;\">Reliable Direction<\/h4>\n<p class=\"\" style=\"text-align: center; margin-bottom: 20px;\">Building brand integration and possibly funnel users.<\/p>\n<\/div>\n<\/div>\n<div class=\"col-md-4 col-sm-12 col-xs-12 col-lg-4\">\n<div class=\"bg-box color5-background-color color-5-text-contrast bg-background-color\" style=\"padding: 1.5em; margin: 1em 0;\">\n<h4 style=\"text-align: center;\">Bold Solutions<\/h4>\n<p class=\"\" style=\"text-align: center; margin-bottom: 20px;\">Building brand integration and possibly funnel users.<\/p>\n<\/div>\n<\/div>\n<\/div>\n<\/div>\n<\/div>\n<\/div>\n<\/div>\n<\/div>\n<div class=\"color4-background-color color-4-text-contrast bg-background-color tmpl-testimonial-6 boldgrid-section dynamic-gridblock\">\n<div class=\"container\">\n<div class=\"row\" style=\"padding-bottom: 42px; padding-top: 42px;\">\n<div class=\"col-md-4 col-sm-4 col-xs-12 col-lg-4\">\n<div class=\"bg-box\">\n<p class=\"\" style=\"text-align: center;\"><i class=\"fa fa-star color5-color\" style=\"font-size: 22px; margin-right: 7px;\" aria-hidden=\"true\"><span style=\"display: none;\">&nbsp;<\/span><\/i> <i class=\"fa fa-star color5-color\" style=\"font-size: 22px; margin-right: 7px;\" aria-hidden=\"true\"><span style=\"display: none;\">&nbsp;<\/span><\/i> <i class=\"fa fa-star color5-color\" style=\"font-size: 22px; margin-right: 7px;\" aria-hidden=\"true\"><span style=\"display: none;\">&nbsp;<\/span><\/i> <i class=\"fa fa-star color5-color\" style=\"font-size: 22px; margin-right: 7px;\" aria-hidden=\"true\"><span style=\"display: none;\">&nbsp;<\/span><\/i> <i class=\"fa fa-star color5-color\" style=\"font-size: 22px; margin-right: 7px;\" aria-hidden=\"true\"><span style=\"display: none;\">&nbsp;<\/span><\/i><\/p>\n<p class=\"color5-color\" style=\"text-align: center; font-size: 24px;\"><a href=\"https:\/\/www.9h05.com\/es\/ecuador\/quito\/\"><strong>Quito &#8211; Ecuador<\/strong><\/a><\/p>\n<p class=\"\">Traductores especializados y acreditados en Ecuador<\/p>\n<p class=\"\"><strong>9h05 del Ecuador<\/strong><br \/>\nJuan Le\u00f3n Mera N22-241 y Roca<br \/>\nEdificio Cronos \u00b7 Piso 5 \u00b7 Oficina 501<br \/>\n170143 Quito (Ecuador)<\/p>\n<p class=\"color5-color\">02 250 11 10&nbsp;<\/p>\n<p class=\"\">09 84 26 56 53&nbsp;<\/p>\n<p class=\"mod-reset\"><a href=\"mailto:quito@9h05.com\">quito@9h05.com<\/a><\/p>\n<\/div>\n<\/div>\n<div class=\"col-md-4 col-sm-4 col-xs-12 col-lg-4\">\n<div class=\"bg-box\">\n<p class=\"\" style=\"text-align: center;\"><i class=\"fa fa-star color5-color\" style=\"font-size: 22px; margin-right: 7px;\" aria-hidden=\"true\"><span style=\"display: none;\">&nbsp;<\/span><\/i> <i class=\"fa fa-star color5-color\" style=\"font-size: 22px; margin-right: 7px;\" aria-hidden=\"true\"><span style=\"display: none;\">&nbsp;<\/span><\/i> <i class=\"fa fa-star color5-color\" style=\"font-size: 22px; margin-right: 7px;\" aria-hidden=\"true\"><span style=\"display: none;\">&nbsp;<\/span><\/i> <i class=\"fa fa-star color5-color\" style=\"font-size: 22px; margin-right: 7px;\" aria-hidden=\"true\"><span style=\"display: none;\">&nbsp;<\/span><\/i> <i class=\"fa fa-star color5-color\" style=\"font-size: 22px; margin-right: 7px;\" aria-hidden=\"true\"><span style=\"display: none;\">&nbsp;<\/span><\/i><\/p>\n<p class=\"color5-color\" style=\"text-align: center; font-size: 24px;\"><a href=\"https:\/\/www.9h05.com\/es\/traducciones-juradas-espanol-frances-ingles-burdeos\/\"><strong>Bordeaux &#8211; Francia<\/strong><\/a><\/p>\n<p class=\"\">Traductores especializados y certificados en Francia<\/p>\n<p class=\"\"><strong>9h05 International<\/strong><br \/>\n45 rue Grangeneuve<br \/>\n33000 Bordeaux (France)<\/p>\n<p class=\"color5-color\">05 57 82 43 96<\/p>\n<p>07 69 16 56 65<\/p>\n<p class=\"mod-reset\"><a href=\"mailto:bordeaux@9h05.com\">bordeaux@9h05.com<\/a><\/p>\n<\/div>\n<\/div>\n<div class=\"col-md-4 col-sm-4 col-xs-12 col-lg-4\">\n<div class=\"bg-box\">\n<p class=\"\" style=\"text-align: center;\"><i class=\"fa fa-star color5-color\" style=\"font-size: 22px; margin-right: 7px;\" aria-hidden=\"true\"><span style=\"display: none;\">&nbsp;<\/span><\/i> <i class=\"fa fa-star color5-color\" style=\"font-size: 22px; margin-right: 7px;\" aria-hidden=\"true\"><span style=\"display: none;\">&nbsp;<\/span><\/i> <i class=\"fa fa-star color5-color\" style=\"font-size: 22px; margin-right: 7px;\" aria-hidden=\"true\"><span style=\"display: none;\">&nbsp;<\/span><\/i> <i class=\"fa fa-star color5-color\" style=\"font-size: 22px; margin-right: 7px;\" aria-hidden=\"true\"><span style=\"display: none;\">&nbsp;<\/span><\/i> <i class=\"fa fa-star color5-color\" style=\"font-size: 22px; margin-right: 7px;\" aria-hidden=\"true\"><span style=\"display: none;\">&nbsp;<\/span><\/i><\/p>\n<p class=\"color5-color\" style=\"text-align: center; font-size: 24px;\"><a href=\"https:\/\/www.9h05.com\/es\/canada\/toronto\/\"><strong>Toronto &#8211; Canad\u00e1<\/strong><\/a><\/p>\n<p class=\"\" style=\"text-align: left;\">Traductores especializados y acreditados en Canad\u00e1<\/p>\n<p class=\"\"><strong>9h05 Canada<\/strong><\/p>\n<p class=\"\">55 Triller Ave #904, Toronto, ON M6R 2H6, Canada<\/p>\n<p class=\"color5-color\"><a href=\"mailto:toronto@9h05.com\">toronto@9h05.com<\/a><\/p>\n<\/div>\n<\/div>\n<\/div>\n<\/div>\n<\/div>\n<div class=\"color4-background-color color-4-text-contrast bg-background-color tmpl-testimonial-6 boldgrid-section dynamic-gridblock\">\n<div class=\"container\">\n<div class=\"row\" style=\"padding-bottom: 42px; padding-top: 42px;\">\n<div class=\"col-md-4 col-sm-4 col-xs-12 col-lg-4\">\n<div class=\"bg-box\">\n<p class=\"\" style=\"text-align: center;\"><i class=\"fa fa-star color5-color\" style=\"font-size: 22px; margin-right: 7px;\" aria-hidden=\"true\"><span style=\"display: none;\">&nbsp;<\/span><\/i> <i class=\"fa fa-star color5-color\" style=\"font-size: 22px; margin-right: 7px;\" aria-hidden=\"true\"><span style=\"display: none;\">&nbsp;<\/span><\/i> <i class=\"fa fa-star color5-color\" style=\"font-size: 22px; margin-right: 7px;\" aria-hidden=\"true\"><span style=\"display: none;\">&nbsp;<\/span><\/i> <i class=\"fa fa-star color5-color\" style=\"font-size: 22px; margin-right: 7px;\" aria-hidden=\"true\"><span style=\"display: none;\">&nbsp;<\/span><\/i> <i class=\"fa fa-star color5-color\" style=\"font-size: 22px; margin-right: 7px;\" aria-hidden=\"true\"><span style=\"display: none;\">&nbsp;<\/span><\/i><\/p>\n<p class=\"color5-color\" style=\"text-align: center; font-size: 24px;\"><a href=\"https:\/\/www.9h05.com\/es\/9h05-agencia-de-traduccion-miami\/\"><strong>Miami &#8211; Estados Unidos<\/strong><\/a><\/p>\n<p class=\"\">Traductores especializados corporativos en Estados Unidos<\/p>\n<p class=\"\"><strong>9h05 USA<\/strong><br \/>\n7824 NW 71ST<br \/>\nMiami, FL 33166 (USA)<\/p>\n<p class=\"\">&nbsp;<\/p>\n<p class=\"mod-reset\"><a href=\"mailto:miami@9h05.com\">miami@9h05.com<\/a><\/p>\n<\/div>\n<\/div>\n<div class=\"col-md-4 col-sm-4 col-xs-12 col-lg-4\">\n<div class=\"bg-box\">\n<p class=\"\" style=\"text-align: center;\"><i class=\"fa fa-star color5-color\" style=\"font-size: 22px; margin-right: 7px;\" aria-hidden=\"true\"><span style=\"display: none;\">&nbsp;<\/span><\/i> <i class=\"fa fa-star color5-color\" style=\"font-size: 22px; margin-right: 7px;\" aria-hidden=\"true\"><span style=\"display: none;\">&nbsp;<\/span><\/i> <i class=\"fa fa-star color5-color\" style=\"font-size: 22px; margin-right: 7px;\" aria-hidden=\"true\"><span style=\"display: none;\">&nbsp;<\/span><\/i> <i class=\"fa fa-star color5-color\" style=\"font-size: 22px; margin-right: 7px;\" aria-hidden=\"true\"><span style=\"display: none;\">&nbsp;<\/span><\/i> <i class=\"fa fa-star color5-color\" style=\"font-size: 22px; margin-right: 7px;\" aria-hidden=\"true\"><span style=\"display: none;\">&nbsp;<\/span><\/i><\/p>\n<p class=\"color5-color\" style=\"text-align: center; font-size: 24px;\"><a href=\"https:\/\/www.9h05.com\/es\/9h05-agencia-de-traduccion-zaragoza\/\"><strong>Zaragoza &#8211; Espa\u00f1a<\/strong><\/a><\/p>\n<p class=\"\">Traductores especializados y certificados en Espa\u00f1a<\/p>\n<p class=\"\"><strong>9h05 Espa\u00f1a<\/strong><br \/>\nCalle Alta, 44<br \/>\n50391 Villafeliche-Zaragoza (Espa\u00f1a)<\/p>\n<p class=\"\">&nbsp;<\/p>\n<p class=\"mod-reset\"><a href=\"mailto:zaragoza@9h05.com\">zaragoza@9h05.com<\/a><\/p>\n<\/div>\n<\/div>\n<div class=\"col-md-4 col-sm-4 col-xs-12 col-lg-4\">\n<div class=\"bg-box\">\n<p class=\"\" style=\"text-align: center;\"><i class=\"fa fa-star color5-color\" style=\"font-size: 22px; margin-right: 7px;\" aria-hidden=\"true\"><span style=\"display: none;\">&nbsp;<\/span><\/i> <i class=\"fa fa-star color5-color\" style=\"font-size: 22px; margin-right: 7px;\" aria-hidden=\"true\"><span style=\"display: none;\">&nbsp;<\/span><\/i> <i class=\"fa fa-star color5-color\" style=\"font-size: 22px; margin-right: 7px;\" aria-hidden=\"true\"><span style=\"display: none;\">&nbsp;<\/span><\/i> <i class=\"fa fa-star color5-color\" style=\"font-size: 22px; margin-right: 7px;\" aria-hidden=\"true\"><span style=\"display: none;\">&nbsp;<\/span><\/i> <i class=\"fa fa-star color5-color\" style=\"font-size: 22px; margin-right: 7px;\" aria-hidden=\"true\"><span style=\"display: none;\">&nbsp;<\/span><\/i><\/p>\n<p class=\"color5-color\" style=\"text-align: center; font-size: 24px;\"><a href=\"https:\/\/www.9h05.com\/es\/9h05-agencia-de-traduccion-sidney\/\"><strong>Sydney &#8211; Australia<\/strong><\/a><\/p>\n<p class=\"\" style=\"text-align: left;\">Traductores especializados t\u00e9cnicos en Australia<\/p>\n<p class=\"\"><strong>9h05 Australia<\/strong><\/p>\n<p class=\"\">23\/40 Maria Street<br \/>\nPetersham \u00b7 NSW 2049 (Australia)<\/p>\n<p class=\"color5-color\"><a href=\"mailto:sydney@9h05.com\">sydney@9h05.com<\/a><\/p>\n<\/div>\n<\/div>\n<\/div>\n<\/div>\n<\/div>\n<div class=\"boldgrid-section\">\n<div class=\"container\">\n<div class=\"row\">\n<div class=\"col-lg-12 col-md-12 col-xs-12 col-sm-12\">\n<p>&nbsp;<\/p>\n<\/div>\n<\/div>\n<\/div>\n<\/div>\n","protected":false},"excerpt":{"rendered":"<p>&nbsp; 9h05 Espa\u00f1a Empresa de traducci\u00f3n certificada y especializada radicada en la provincia de Zaragoza (Espa\u00f1a) y con cobertura de todo el pa\u00eds. &nbsp; Nuestra oficina en Espa\u00f1a (provincia de Zaragoza) &nbsp; &nbsp; 9h05 Espa\u00f1a Calle Alta, 44 50391 Villafeliche-Zaragoza (Espa\u00f1a) &nbsp; &nbsp; &nbsp; Email zaragoza@9h05.com &nbsp; Lunes &#8211; Viernes 10h00 &#8211; 12h00 S\u00e1bado y [&hellip;]<\/p>\n","protected":false},"author":9,"featured_media":0,"parent":0,"menu_order":0,"comment_status":"closed","ping_status":"closed","template":"","meta":{"site-sidebar-layout":"default","site-content-layout":"","ast-site-content-layout":"","site-content-style":"default","site-sidebar-style":"default","ast-global-header-display":"","ast-banner-title-visibility":"","ast-main-header-display":"","ast-hfb-above-header-display":"","ast-hfb-below-header-display":"","ast-hfb-mobile-header-display":"","site-post-title":"","ast-breadcrumbs-content":"","ast-featured-img":"","footer-sml-layout":"","theme-transparent-header-meta":"","adv-header-id-meta":"","stick-header-meta":"","header-above-stick-meta":"","header-main-stick-meta":"","header-below-stick-meta":"","astra-migrate-meta-layouts":"default","ast-page-background-enabled":"default","ast-page-background-meta":{"desktop":{"background-color":"var(--ast-global-color-4)","background-image":"","background-repeat":"repeat","background-position":"center center","background-size":"auto","background-attachment":"scroll","background-type":"","background-media":"","overlay-type":"","overlay-color":"","overlay-opacity":"","overlay-gradient":""},"tablet":{"background-color":"","background-image":"","background-repeat":"repeat","background-position":"center center","background-size":"auto","background-attachment":"scroll","background-type":"","background-media":"","overlay-type":"","overlay-color":"","overlay-opacity":"","overlay-gradient":""},"mobile":{"background-color":"","background-image":"","background-repeat":"repeat","background-position":"center center","background-size":"auto","background-attachment":"scroll","background-type":"","background-media":"","overlay-type":"","overlay-color":"","overlay-opacity":"","overlay-gradient":""}},"ast-content-background-meta":{"desktop":{"background-color":"var(--ast-global-color-5)","background-image":"","background-repeat":"repeat","background-position":"center center","background-size":"auto","background-attachment":"scroll","background-type":"","background-media":"","overlay-type":"","overlay-color":"","overlay-opacity":"","overlay-gradient":""},"tablet":{"background-color":"var(--ast-global-color-5)","background-image":"","background-repeat":"repeat","background-position":"center center","background-size":"auto","background-attachment":"scroll","background-type":"","background-media":"","overlay-type":"","overlay-color":"","overlay-opacity":"","overlay-gradient":""},"mobile":{"background-color":"var(--ast-global-color-5)","background-image":"","background-repeat":"repeat","background-position":"center center","background-size":"auto","background-attachment":"scroll","background-type":"","background-media":"","overlay-type":"","overlay-color":"","overlay-opacity":"","overlay-gradient":""}},"footnotes":""},"yst_prominent_words":[],"class_list":["post-5748","page","type-page","status-publish","hentry"],"_links":{"self":[{"href":"https:\/\/www.9h05.com\/es\/wp-json\/wp\/v2\/pages\/5748","targetHints":{"allow":["GET"]}}],"collection":[{"href":"https:\/\/www.9h05.com\/es\/wp-json\/wp\/v2\/pages"}],"about":[{"href":"https:\/\/www.9h05.com\/es\/wp-json\/wp\/v2\/types\/page"}],"author":[{"embeddable":true,"href":"https:\/\/www.9h05.com\/es\/wp-json\/wp\/v2\/users\/9"}],"replies":[{"embeddable":true,"href":"https:\/\/www.9h05.com\/es\/wp-json\/wp\/v2\/comments?post=5748"}],"version-history":[{"count":4,"href":"https:\/\/www.9h05.com\/es\/wp-json\/wp\/v2\/pages\/5748\/revisions"}],"predecessor-version":[{"id":17838,"href":"https:\/\/www.9h05.com\/es\/wp-json\/wp\/v2\/pages\/5748\/revisions\/17838"}],"wp:attachment":[{"href":"https:\/\/www.9h05.com\/es\/wp-json\/wp\/v2\/media?parent=5748"}],"wp:term":[{"taxonomy":"yst_prominent_words","embeddable":true,"href":"https:\/\/www.9h05.com\/es\/wp-json\/wp\/v2\/yst_prominent_words?post=5748"}],"curies":[{"name":"wp","href":"https:\/\/api.w.org\/{rel}","templated":true}]}}