{"id":5736,"date":"2017-02-04T16:12:38","date_gmt":"2017-02-04T16:12:38","guid":{"rendered":"https:\/\/www.9h05.com\/es\/?page_id=5736"},"modified":"2020-05-13T08:06:35","modified_gmt":"2020-05-13T08:06:35","slug":"servicio-de-traduccion-espanol-rumano-quito","status":"publish","type":"page","link":"https:\/\/www.9h05.com\/es\/servicio-de-traduccion-espanol-rumano-quito\/","title":{"rendered":"Servicio de traducci\u00f3n de espa\u00f1ol a rumano en Quito (Ecuador)"},"content":{"rendered":"<div class=\"wpb-content-wrapper\"><p>[vc_row][vc_column][vntd_fullscreen_slider images=\u00bb5548,5549,5550&#8243; text_static=\u00bbService de traduction vers le roumain\u00bb text_dynamic=\u00bbTraduction de documents vers le roumain,Agence de traduction internationale \u00e0 Bordeaux,Traduction de documents depuis le roumain\u00bb][vc_empty_space height=\u00bb100px\u00bb][vc_column_text]<\/p>\n<h1 style=\"text-align: center;\">Nous traduisons tous vos documents vers le roumain<\/h1>\n<p style=\"text-align: center;\">(ou l&#8217;inverse)<\/p>\n<p>[\/vc_column_text][vc_empty_space height=\u00bb100px\u00bb][\/vc_column][\/vc_row][vc_row][vc_column width=\u00bb1\/4&#8243;][icon_box title=\u00bbTraductions asserment\u00e9es en roumain\u00bb text=\u00bbVos documents sont en partance pour la Roumanie ? Vous devez les faire traduire pour qu&#8217;ils soient valides gr\u00e2ce \u00e0 service de traductions officielles reconnues dans le monde entier.\u00bb style=\u00bbcentered\u00bb icon_fontawesome=\u00bbfa fa-gavel\u00bb][\/vc_column][vc_column width=\u00bb1\/4&#8243;][icon_box title=\u00bbTraductions techniques vers le roumain\u00bb text=\u00bbVous souhaitez vous implanter en Roumanie ou en Moldavie ? Faites confiance \u00e0 notre personnel technique sp\u00e9cialis\u00e9 dans la traduction vers le roumain.\u00bb style=\u00bbcentered\u00bb icon_fontawesome=\u00bbfa fa-industry\u00bb][\/vc_column][vc_column width=\u00bb1\/4&#8243;][icon_box title=\u00bbTraductions juridiques de roumain\u00bb text=\u00bbNous traduisons l&#8217;ensemble des documents juridiques et l\u00e9gaux, sans oublier les contrats, attestations, lois, actes notariaux, statuts, r\u00e8glements, codes, normes, testaments, etc.\u00bb style=\u00bbcentered\u00bb icon_fontawesome=\u00bbfa fa-balance-scale\u00bb][\/vc_column][vc_column width=\u00bb1\/4&#8243;][icon_box title=\u00bbTraductions g\u00e9n\u00e9rales de roumain\u00bb text=\u00bbNous traduisons \u00e9galement tout les autres types de documents, quels qu&#8217;en soient le th\u00e8me. Que l&#8217;on parle d&#8217;ing\u00e9nierie p\u00e9troli\u00e8re, de math\u00e9matiques, de sciences ou m\u00eame de p\u00e9dagogie, nos solutions de traduction en roumain sont axe dont vous avez besoin.\u00bb style=\u00bbcentered\u00bb icon_fontawesome=\u00bbfa fa-globe\u00bb][\/vc_column][vc_column][vc_row_inner][vc_column_inner width=\u00bb1\/2&#8243;][vc_btn title=\u00bbEngagez-nous\u00bb style=\u00bb3d\u00bb color=\u00bbpeacoc\u00bb align=\u00bbcenter\u00bb link=\u00bburl:https%3A%2F%2Fwww.9h05.com%2Fproforma%2F|\u00bb][\/vc_column_inner][vc_column_inner width=\u00bb1\/2&#8243;][vc_btn title=\u00bbContactez-nous\u00bb style=\u00bb3d\u00bb color=\u00bbviolet\u00bb align=\u00bbcenter\u00bb link=\u00bburl:https%3A%2F%2Fwww.9h05.com%2Fes%2Fcontacto%2F|\u00bb][\/vc_column_inner][\/vc_row_inner][\/vc_column][vc_column][vc_empty_space height=\u00bb100px\u00bb][vc_row_inner][vc_column_inner width=\u00bb1\/4&#8243;][vc_single_image image=\u00bb5554&#8243; img_size=\u00bb200&#215;105&#8243; alignment=\u00bbcenter\u00bb][\/vc_column_inner][vc_column_inner width=\u00bb1\/4&#8243;][vc_single_image image=\u00bb5553&#8243; img_size=\u00bb200&#215;105&#8243; alignment=\u00bbcenter\u00bb][\/vc_column_inner][vc_column_inner width=\u00bb1\/4&#8243;][vc_single_image image=\u00bb5552&#8243; img_size=\u00bb200&#215;105&#8243; alignment=\u00bbcenter\u00bb][\/vc_column_inner][vc_column_inner width=\u00bb1\/4&#8243;][vc_single_image image=\u00bb5551&#8243; img_size=\u00bb200&#215;105&#8243; alignment=\u00bbcenter\u00bb][\/vc_column_inner][\/vc_row_inner][\/vc_column][\/vc_row][vc_row][vc_column][vc_column_text]<\/p>\n<h2 style=\"text-align: center;\">Le saviez-vous ?<\/h2>\n<p>[\/vc_column_text][\/vc_column][\/vc_row][vc_row][vc_column width=\u00bb1\/3&#8243;][vc_column_text]La langue roumaine est la langue officielle des pays suivants :<\/p>\n<ul>\n<li><span class=\"datasortkey\" data-sort-value=\"Moldavie\">Moldavie<\/span><\/li>\n<li><span class=\"datasortkey\" data-sort-value=\"Roumanie\">Roumanie<\/span><\/li>\n<li><span class=\"datasortkey\" data-sort-value=\"Transnistrie\">Transnistrie<\/span><\/li>\n<li><span data-sort-value=\"Union europeenne\">Vo\u00efvodine (en Serbie)<\/span><\/li>\n<\/ul>\n<p>[\/vc_column_text][\/vc_column][vc_column width=\u00bb1\/3&#8243;][vc_column_text]on compte 24 millions de locuteurs de roumain, dont 20 millions de natifs. C&#8217;est la 8\u00e8me langue la plus parl\u00e9e de toute l&#8217;Europe.[\/vc_column_text][\/vc_column][vc_column width=\u00bb1\/3&#8243;][vc_column_text]<\/p>\n<h3 style=\"text-align: center;\">Insolite<\/h3>\n<p>Le roumain est une langue romane, au m\u00eame titre que le fran\u00e7ais, l&#8217;espagnol, le portugais, l&#8217;italien ou encore le catalan, entre autres. Ce qui fait qu&#8217;elle a les m\u00eames origines latines que les langues mentionn\u00e9es. Ainsi, de nombreux mots sont tr\u00e8s proches du fran\u00e7ais, comme\u00a0<em>b\u0103rbat<\/em>, mot roumain pour d\u00e9signer <em>homme<\/em>, qui prend son origine du latin <em>barbartus<\/em> (barbu). Ou encore <em>frunte<\/em>, mot roumain signifiant <em>front<\/em>, ayant pour origine le latin <em>fruntum<\/em>.[\/vc_column_text][\/vc_column][\/vc_row][vc_row][vc_column][vc_btn title=\u00bbAcheter un service de traduction vers le roumain\u00bb style=\u00bb3d\u00bb color=\u00bbpeacoc\u00bb align=\u00bbcenter\u00bb link=\u00bburl:https%3A%2F%2Fwww.9h05.com%2Fproforma%2F|\u00bb][\/vc_column][\/vc_row]<\/p>\n<\/div>","protected":false},"excerpt":{"rendered":"<p>[vc_row][vc_column][vntd_fullscreen_slider images=\u00bb5548,5549,5550&#8243; text_static=\u00bbService de traduction vers le roumain\u00bb text_dynamic=\u00bbTraduction de documents vers le roumain,Agence de traduction internationale \u00e0 Bordeaux,Traduction de documents depuis le roumain\u00bb][vc_empty_space height=\u00bb100px\u00bb][vc_column_text] Nous traduisons tous vos documents vers le roumain (ou l&#8217;inverse) [\/vc_column_text][vc_empty_space height=\u00bb100px\u00bb][\/vc_column][\/vc_row][vc_row][vc_column width=\u00bb1\/4&#8243;][icon_box title=\u00bbTraductions asserment\u00e9es en roumain\u00bb text=\u00bbVos documents sont en partance pour la Roumanie ? Vous devez les faire [&hellip;]<\/p>\n","protected":false},"author":9,"featured_media":0,"parent":0,"menu_order":0,"comment_status":"closed","ping_status":"closed","template":"","meta":{"site-sidebar-layout":"no-sidebar","site-content-layout":"plain-container","ast-site-content-layout":"","site-content-style":"default","site-sidebar-style":"default","ast-global-header-display":"","ast-banner-title-visibility":"","ast-main-header-display":"","ast-hfb-above-header-display":"","ast-hfb-below-header-display":"","ast-hfb-mobile-header-display":"","site-post-title":"disabled","ast-breadcrumbs-content":"","ast-featured-img":"disabled","footer-sml-layout":"","theme-transparent-header-meta":"","adv-header-id-meta":"","stick-header-meta":"","header-above-stick-meta":"","header-main-stick-meta":"","header-below-stick-meta":"","astra-migrate-meta-layouts":"default","ast-page-background-enabled":"default","ast-page-background-meta":{"desktop":{"background-color":"var(--ast-global-color-4)","background-image":"","background-repeat":"repeat","background-position":"center center","background-size":"auto","background-attachment":"scroll","background-type":"","background-media":"","overlay-type":"","overlay-color":"","overlay-opacity":"","overlay-gradient":""},"tablet":{"background-color":"","background-image":"","background-repeat":"repeat","background-position":"center center","background-size":"auto","background-attachment":"scroll","background-type":"","background-media":"","overlay-type":"","overlay-color":"","overlay-opacity":"","overlay-gradient":""},"mobile":{"background-color":"","background-image":"","background-repeat":"repeat","background-position":"center center","background-size":"auto","background-attachment":"scroll","background-type":"","background-media":"","overlay-type":"","overlay-color":"","overlay-opacity":"","overlay-gradient":""}},"ast-content-background-meta":{"desktop":{"background-color":"var(--ast-global-color-5)","background-image":"","background-repeat":"repeat","background-position":"center center","background-size":"auto","background-attachment":"scroll","background-type":"","background-media":"","overlay-type":"","overlay-color":"","overlay-opacity":"","overlay-gradient":""},"tablet":{"background-color":"var(--ast-global-color-5)","background-image":"","background-repeat":"repeat","background-position":"center center","background-size":"auto","background-attachment":"scroll","background-type":"","background-media":"","overlay-type":"","overlay-color":"","overlay-opacity":"","overlay-gradient":""},"mobile":{"background-color":"var(--ast-global-color-5)","background-image":"","background-repeat":"repeat","background-position":"center center","background-size":"auto","background-attachment":"scroll","background-type":"","background-media":"","overlay-type":"","overlay-color":"","overlay-opacity":"","overlay-gradient":""}},"footnotes":""},"yst_prominent_words":[],"class_list":["post-5736","page","type-page","status-publish","hentry"],"_links":{"self":[{"href":"https:\/\/www.9h05.com\/es\/wp-json\/wp\/v2\/pages\/5736","targetHints":{"allow":["GET"]}}],"collection":[{"href":"https:\/\/www.9h05.com\/es\/wp-json\/wp\/v2\/pages"}],"about":[{"href":"https:\/\/www.9h05.com\/es\/wp-json\/wp\/v2\/types\/page"}],"author":[{"embeddable":true,"href":"https:\/\/www.9h05.com\/es\/wp-json\/wp\/v2\/users\/9"}],"replies":[{"embeddable":true,"href":"https:\/\/www.9h05.com\/es\/wp-json\/wp\/v2\/comments?post=5736"}],"version-history":[{"count":1,"href":"https:\/\/www.9h05.com\/es\/wp-json\/wp\/v2\/pages\/5736\/revisions"}],"predecessor-version":[{"id":7960,"href":"https:\/\/www.9h05.com\/es\/wp-json\/wp\/v2\/pages\/5736\/revisions\/7960"}],"wp:attachment":[{"href":"https:\/\/www.9h05.com\/es\/wp-json\/wp\/v2\/media?parent=5736"}],"wp:term":[{"taxonomy":"yst_prominent_words","embeddable":true,"href":"https:\/\/www.9h05.com\/es\/wp-json\/wp\/v2\/yst_prominent_words?post=5736"}],"curies":[{"name":"wp","href":"https:\/\/api.w.org\/{rel}","templated":true}]}}