{"id":5729,"date":"2017-02-04T15:46:03","date_gmt":"2017-02-04T15:46:03","guid":{"rendered":"https:\/\/www.9h05.com\/es\/?page_id=5729"},"modified":"2023-03-30T14:41:17","modified_gmt":"2023-03-30T14:41:17","slug":"servicio-de-traduccion-espanol-quito","status":"publish","type":"page","link":"https:\/\/www.9h05.com\/es\/servicio-de-traduccion-espanol-quito\/","title":{"rendered":"Servicio de traducci\u00f3n al espa\u00f1ol en Quito (Ecuador)"},"content":{"rendered":"<div class=\"color4-background-color bg-background-color tmpl-call_to_action-8 boldgrid-section dynamic-gridblock background-scroll\" style=\"color: #1d1d1d; border-width: 0px; background-image: linear-gradient(to left, rgba(238, 238, 238, 0.8), rgba(238, 238, 238, 0.8)), url('https:\/\/www.9h05.com\/wp-content\/uploads\/2023\/03\/Benjamin-9-scaled.jpg'); background-size: cover; background-position: 50% 50%;\" data-bg-overlaycolor=\"rgba(238, 238, 238, 0.8)\" data-image-url=\"https:\/\/www.9h05.com\/wp-content\/uploads\/2023\/03\/Benjamin-9-scaled.jpg\">\n<div class=\"container\">\n<div class=\"row\" style=\"padding-top: 125px;\">\n<div class=\"col-md-6 col-sm-6 col-xs-12 col-lg-6\">\n<p>&nbsp;<\/p>\n<\/div>\n<div class=\"col-md-6 col-sm-6 col-xs-12 col-lg-6\">\n<h1 class=\"\">Servicio de traducci\u00f3n al espa\u00f1ol en Quito&nbsp;<\/h1>\n<p class=\"\">&nbsp;<\/p>\n<h3 class=\"\">9h05 del Ecuador, empresa de traducci\u00f3n certificada<\/h3>\n<\/div>\n<\/div>\n<div class=\"row\" style=\"padding-top: 25px; padding-bottom: 200px;\">\n<div class=\"col-md-12 col-sm-12 col-xs-12 col-lg-12\" style=\"padding: 1em;\">\n<p class=\"\" style=\"text-align: right;\"><a class=\"btn-color-5 btn btn-small-caps btn-pill btn-3d btn-regular\" href=\"https:\/\/api.whatsapp.com\/send\/?phone=593984265653&amp;text&amp;type=phone_number&amp;app_absent=0\"> <img data-recalc-dims=\"1\" decoding=\"async\" class=\"alignnone size-full wp-image-17253\" src=\"https:\/\/i0.wp.com\/www.9h05.com\/wp-content\/uploads\/2022\/11\/mini-ico-contact-whatsapp-9h05.png?resize=18%2C18&#038;ssl=1\" alt=\"\" width=\"18\" height=\"18\"> WhatsApp<\/a><\/p>\n<\/div>\n<\/div>\n<div class=\"row color2-background-color color-2-text-contrast bg-background-color\" style=\"padding: 20px 1em;\">\n<div class=\"col-md-12 col-xs-12 col-sm-12 col-lg-12\">\n<div class=\"row\">\n<div class=\"col-md-3 col-sm-6 col-xs-12 color-neutral-border-color col-lg-3\" style=\"padding: 1em 2em; border: 2px solid; border-width: 0px 0px 0px 2px;\">\n<div>\n<p class=\"\" style=\"line-height: 1em;\"><strong>Espa\u00f1ol, ingl\u00e9s, franc\u00e9s<\/strong><\/p>\n<\/div>\n<\/div>\n<div class=\"col-md-3 col-sm-6 col-xs-12 color-neutral-border-color col-lg-3\" style=\"padding: 1em 2em; border: 2px solid; border-width: 0px 0px 0px 2px;\">\n<div>\n<p class=\"\" style=\"line-height: 1em;\"><strong>Italiano, portugu\u00e9s, alem\u00e1n<\/strong><\/p>\n<\/div>\n<\/div>\n<div class=\"col-md-3 col-sm-6 col-xs-12 color-neutral-border-color col-lg-3\" style=\"padding: 1em 2em; border: 2px solid; border-width: 0px 0px 0px 2px;\">\n<div>\n<p class=\"\" style=\"line-height: 1em;\"><strong>Ruso, rumano, polaco<\/strong><\/p>\n<\/div>\n<\/div>\n<div class=\"col-md-3 col-sm-6 col-xs-12 color-neutral-border-color col-lg-3\" style=\"padding: 1em 2em; border: 2px solid; border-width: 0px 0px 0px 2px;\">\n<div>\n<p class=\"\" style=\"line-height: 1em;\"><strong>Catal\u00e1n, hindi, kichwa<\/strong><\/p>\n<\/div>\n<\/div>\n<\/div>\n<\/div>\n<\/div>\n<div class=\"row\" style=\"padding-bottom: 42px;\">\n<div class=\"col-md-12 col-xs-12 col-sm-12 col-lg-12\"><\/div>\n<\/div>\n<\/div>\n<\/div>\n<div class=\"color1-background-color bg-background-color tmpl-call_to_action-14 boldgrid-section dynamic-gridblock background-scroll\" style=\"color: #ffffff; border-width: 0px; background-image: linear-gradient(to left, rgba(33, 150, 243, 0.8), rgba(33, 150, 243, 0.8)), url('https:\/\/www.9h05.com\/wp-content\/uploads\/2023\/02\/logo-9h05-group-wall-2.webp'); background-size: cover; background-position: 50% 50%;\" data-bg-overlaycolor=\"rgba(33, 150, 243, 0.8)\" data-image-url=\"https:\/\/www.9h05.com\/wp-content\/uploads\/2023\/02\/logo-9h05-group-wall-2.webp\">\n<div class=\"container\">\n<div class=\"row\" style=\"padding-top: 75px;\">\n<div class=\"col-md-5 col-sm-7 col-xs-12 col-lg-5\">\n<h1 class=\"\" style=\"text-transform: uppercase;\">Servicio de traducci\u00f3n al espa\u00f1ol<\/h1>\n<h3 class=\"wow rotateInDownRight\" data-wow-duration=\"1s\" data-wow-delay=\"0.3s\"><em>Quito &#8211; Ecuador<\/em><\/h3>\n<\/div>\n<div class=\"col-md-7 col-sm-5 col-xs-12 col-lg-7\"><\/div>\n<\/div>\n<div class=\"row\" style=\"padding-top: 25px; padding-bottom: 75px;\">\n<div class=\"col-md-12 col-sm-12 col-xs-12 col-lg-12\" style=\"padding: 1em;\">\n<p class=\"\"><a class=\"btn-color-4 btn btn-regular\" href=\"https:\/\/pay.9h05.com\">contratar<\/a> &nbsp;&nbsp;&nbsp; <a class=\"btn-color-4 btn btn-regular\" href=\"mailto:quito@9h05.com\">escribir<\/a><\/p>\n<\/div>\n<\/div>\n<\/div>\n<\/div>\n<div class=\"color4-background-color color-4-text-contrast bg-background-color tmpl-services-1 boldgrid-section dynamic-gridblock\">\n<div class=\"container-fluid\">\n<div class=\"row\">\n<div class=\"col-md-4 col-sm-6 col-xs-12 align-column-stretch col-lg-4\">\n<div class=\"bg-box-cover color2-background-color color-2-text-contrast bg-background-color bg-box\" style=\"padding: 65px 10%;\">\n<p class=\"h2\" style=\"text-align: center;\">Traducci\u00f3n jurada y certificada al espa\u00f1ol<\/p>\n<p class=\"\" style=\"text-align: center; margin: 30px 0;\">Ponemos a su disposici\u00f3n nuestro servicio de traducci\u00f3n certificada de documentos oficiales al espa\u00f1ol desde m\u00faltiples idiomas:&nbsp;<\/p>\n<ul class=\"\">\n<li>del ingl\u00e9s al espa\u00f1ol<\/li>\n<li>del franc\u00e9s al espa\u00f1ol<\/li>\n<li>del italiano al espa\u00f1ol<\/li>\n<li>del portugu\u00e9s al espa\u00f1ol<\/li>\n<li>del alem\u00e1n al espa\u00f1ol<\/li>\n<li>del neerland\u00e9s al espa\u00f1ol<\/li>\n<li>etc.<\/li>\n<\/ul>\n<\/div>\n<\/div>\n<div class=\"col-md-4 col-sm-6 col-xs-12 align-column-stretch col-lg-4\">\n<div class=\"bg-box-cover color5-background-color color-5-text-contrast bg-background-color bg-box\" style=\"padding: 65px 10%;\">\n<p class=\"h2\" style=\"text-align: center;\">Traducci\u00f3n t\u00e9cnica especializada al espa\u00f1ol<\/p>\n<p class=\"\" style=\"text-align: center; margin: 30px 0;\">Nuestro equipo de profesionales entrenados de la traducci\u00f3n se complacer\u00e1 en atender sus necesidades ling\u00fc\u00edsticas al espa\u00f1ol en tem\u00e1ticas t\u00e9cnicas complejas de los diferentes sectores y campos de especializaci\u00f3n del mercado.&nbsp;<\/p>\n<p class=\"\" style=\"text-align: center;\">Gracias a su larga experiencia, sus m\u00faltiples t\u00edtulos universitarios de alto nivel y sus numerosos reconocimientos y acreditaciones internacionales, nuestros traductores profesionales cumplir\u00e1n a cabalidad con sus expectativas ling\u00fc\u00edsticas, super\u00e1ndolas incluso en todo momento.<\/p>\n<p class=\"\">&nbsp;<\/p>\n<p class=\"\" style=\"text-align: center;\"><span style=\"color: #ffffff;\"><a class=\"btn-color-1 btn btn-lowercase btn-rounded btn-raised btn-regular\" style=\"font-size: 23px; color: #ffffff;\" href=\"#\"><strong>&nbsp;contratar<\/strong><\/a><\/span><\/p>\n<\/div>\n<\/div>\n<div class=\"col-md-4 col-sm-12 col-xs-12 align-column-stretch col-lg-4\">\n<div class=\"bg-box-cover color2-background-color color-2-text-contrast bg-background-color bg-box\" style=\"padding: 65px 10%;\">\n<p class=\"h2\" style=\"text-align: center;\">Traducci\u00f3n jur\u00eddica y judicial al espa\u00f1ol<\/p>\n<p class=\"\" style=\"text-align: center; margin: 30px 0;\">Contamos con peritos traductores internacionales en nuestra plantilla interna de traductores que est\u00e1n acreditados por las autoridades judiciales ecuatorianas, europeas y de Canad\u00e1, entre varios pa\u00edses.&nbsp;<\/p>\n<p style=\"text-align: center;\">Ofrecemos servicios de peritaje ling\u00fc\u00edstico para las siguientes combinaciones de idiomas:<\/p>\n<p>&nbsp;<\/p>\n<ul>\n<li>espa\u00f1ol a ingl\u00e9s<\/li>\n<li>espa\u00f1ol a franc\u00e9s<\/li>\n<li>ingl\u00e9s a espa\u00f1ol<\/li>\n<li>ingl\u00e9s a franc\u00e9s<\/li>\n<li>franc\u00e9s a espa\u00f1ol<\/li>\n<li>franc\u00e9s a ingl\u00e9s<\/li>\n<\/ul>\n<p class=\"\" style=\"text-align: center;\">Somos la \u00fanica empresa de traducci\u00f3n del pa\u00eds en poder ofrecerle traducciones judiciales con <strong>valor probatorio internacional y multinacional<\/strong>.<\/p>\n<\/div>\n<\/div>\n<\/div>\n<\/div>\n<\/div>\n<div class=\"tmpl-call_to_action-1 boldgrid-section dynamic-gridblock background-fixed\" style=\"border-width: 0px;\">\n<div class=\"container-fluid\">\n<div class=\"row\">\n<div class=\"col-md-7 col-sm-8 col-xs-12 col-lg-12\">\n<div class=\"bg-box-cover color-neutral-background-color color-neutral-text-contrast bg-background-color bg-box\" style=\"padding: 85px 20%;\">\n<h2 class=\"h1 color1-color\" style=\"text-align: center;\">Cientos de clientes satisfechos en Ecuador<\/h2>\n<p class=\"\" style=\"margin: 30px 0px; text-align: center;\"><img data-recalc-dims=\"1\" decoding=\"async\" class=\"alignnone wp-image-22330\" src=\"https:\/\/i0.wp.com\/www.9h05.com\/wp-content\/uploads\/2023\/01\/stars-ratings-translations.png?resize=88%2C44&#038;ssl=1\" alt=\"\" width=\"88\" height=\"44\" srcset=\"https:\/\/i0.wp.com\/www.9h05.com\/wp-content\/uploads\/2023\/01\/stars-ratings-translations.png?resize=300%2C150&amp;ssl=1 300w, https:\/\/i0.wp.com\/www.9h05.com\/wp-content\/uploads\/2023\/01\/stars-ratings-translations.png?w=680&amp;ssl=1 680w\" sizes=\"(max-width: 88px) 100vw, 88px\" \/><\/p>\n<p class=\"\" style=\"margin: 30px 0px; text-align: center;\">Nos enorgullece prestar los mejores servicios de traducci\u00f3n posibles en Ecuador, y nos satisface contar con el mejor nivel de calificaci\u00f3n de nuestros clientes. <strong>La calidad en traducci\u00f3n lleva un solo nombre: 9h05 del Ecuador<\/strong>.<\/p>\n<p class=\"\"><img data-recalc-dims=\"1\" decoding=\"async\" class=\" wp-image-21622 aligncenter\" src=\"https:\/\/i0.wp.com\/www.9h05.com\/wp-content\/uploads\/2023\/01\/2301-google-reviews-9h05-blk-pk.png?resize=257%2C117&#038;ssl=1\" alt=\"\" width=\"257\" height=\"117\"><\/p>\n<p class=\"\">&nbsp;<\/p>\n<p class=\"\" style=\"text-align: center;\"><a class=\"btn-color-1 btn btn-capitalize btn-pill btn-3d btn-jumbo\" href=\"https:\/\/pay.9h05.com\">Contratar<\/a><\/p>\n<\/div>\n<\/div>\n<\/div>\n<\/div>\n<\/div>\n<div class=\"color5-background-color color-5-text-contrast bg-background-color tmpl-contact-2 boldgrid-section dynamic-gridblock\">\n<div class=\"container-fluid\">\n<div class=\"row\" style=\"padding-top: 75px;\">\n<div class=\"col-md-3 col-xs-12 col-sm-2 col-lg-2\"><\/div>\n<div class=\"col-md-6 col-xs-12 col-sm-8 text-center col-lg-8\">\n<h2 class=\"\" style=\"border-width: 0px; font-size: 24px;\">9h05 del Ecuador &#8211; Traducciones certificadas al espa\u00f1ol<\/h2>\n<p><em>9h05 del Ecuador<\/em><\/p>\n<p class=\"\">Juan Le\u00f3n Mera N21-241 y Roca<br \/>\nEdificio Cronos \u00b7 Oficina 501<br \/>\n170143 Quito (Ecuador)<\/p>\n<p class=\"\">(02) 250 11 10<br \/>\n09 84 26 56 53<\/p>\n<p class=\"\"><a href=\"mailto:quito@9h05.com\">quito@9h05.com<\/a><\/p>\n<\/div>\n<div class=\"col-md-3 col-xs-12 col-sm-2 col-lg-2\"><\/div>\n<\/div>\n<div class=\"row\" style=\"padding-top: 20px; padding-bottom: 35px;\">\n<div class=\"col-md-4 col-sm-3 col-xs-12 col-lg-4\"><\/div>\n<div class=\"col-md-2 col-sm-3 col-xs-6 col-lg-2\">\n<p class=\"\" style=\"text-align: center;\"><strong>Lunes a viernes<\/strong><\/p>\n<p class=\"\" style=\"text-align: center;\">8h00-18h00<\/p>\n<\/div>\n<div class=\"col-md-2 col-sm-3 col-xs-6 col-lg-2\">\n<p class=\"\" style=\"text-align: center;\"><strong>S\u00e1bado y domingo<\/strong><\/p>\n<p class=\"\" style=\"text-align: center;\">Cerrado<\/p>\n<\/div>\n<div class=\"col-md-4 col-sm-3 col-xs-12 col-lg-4\"><\/div>\n<\/div>\n<div class=\"row\">\n<div class=\"col-md-12 col-xs-12 col-sm-12 wow pulse col-lg-12\" data-wow-duration=\"1s\" data-wow-delay=\"2s\">\n<div class=\"bg-box-cover bg-box-flush bg-box\">\n<p class=\"boldgrid-google-maps\" style=\"margin: 0;\"><iframe style=\"width: 100%;\" src=\"https:\/\/www.google.com\/maps\/embed?pb=!1m14!1m8!1m3!1d1056.7597600653762!2d-78.49488471678526!3d-0.20460010831430722!3m2!1i1024!2i768!4f13.1!3m3!1m2!1s0x91d59a14c2f0e17d%3A0x6618e97864c88c19!2s9h05%20del%20Ecuador!5e0!3m2!1sfr!2sfr!4v1680186952213!5m2!1sfr!2sfr\" width=\"2000\" height=\"300\" frameborder=\"0\">&amp;amp;amp;amp;amp;lt;span data-mce-type=\u00bbbookmark\u00bb style=\u00bbdisplay: inline-block; width: 0px; overflow: hidden; line-height: 0;\u00bb class=\u00bbmce_SELRES_start\u00bb&amp;amp;amp;amp;amp;gt;\ufeff&amp;amp;amp;amp;amp;lt;\/span&amp;amp;amp;amp;amp;gt;<\/iframe><\/p>\n<\/div>\n<\/div>\n<\/div>\n<\/div>\n<\/div>\n","protected":false},"excerpt":{"rendered":"<p>&nbsp; Servicio de traducci\u00f3n al espa\u00f1ol en Quito&nbsp; &nbsp; 9h05 del Ecuador, empresa de traducci\u00f3n certificada WhatsApp Espa\u00f1ol, ingl\u00e9s, franc\u00e9s Italiano, portugu\u00e9s, alem\u00e1n Ruso, rumano, polaco Catal\u00e1n, hindi, kichwa Servicio de traducci\u00f3n al espa\u00f1ol Quito &#8211; Ecuador contratar &nbsp;&nbsp;&nbsp; escribir Traducci\u00f3n jurada y certificada al espa\u00f1ol Ponemos a su disposici\u00f3n nuestro servicio de traducci\u00f3n certificada [&hellip;]<\/p>\n","protected":false},"author":9,"featured_media":0,"parent":0,"menu_order":0,"comment_status":"closed","ping_status":"closed","template":"","meta":{"site-sidebar-layout":"no-sidebar","site-content-layout":"plain-container","ast-site-content-layout":"","site-content-style":"default","site-sidebar-style":"default","ast-global-header-display":"","ast-banner-title-visibility":"","ast-main-header-display":"","ast-hfb-above-header-display":"","ast-hfb-below-header-display":"","ast-hfb-mobile-header-display":"","site-post-title":"disabled","ast-breadcrumbs-content":"","ast-featured-img":"disabled","footer-sml-layout":"","theme-transparent-header-meta":"default","adv-header-id-meta":"","stick-header-meta":"","header-above-stick-meta":"","header-main-stick-meta":"","header-below-stick-meta":"","astra-migrate-meta-layouts":"default","ast-page-background-enabled":"default","ast-page-background-meta":{"desktop":{"background-color":"var(--ast-global-color-4)","background-image":"","background-repeat":"repeat","background-position":"center center","background-size":"auto","background-attachment":"scroll","background-type":"","background-media":"","overlay-type":"","overlay-color":"","overlay-opacity":"","overlay-gradient":""},"tablet":{"background-color":"","background-image":"","background-repeat":"repeat","background-position":"center center","background-size":"auto","background-attachment":"scroll","background-type":"","background-media":"","overlay-type":"","overlay-color":"","overlay-opacity":"","overlay-gradient":""},"mobile":{"background-color":"","background-image":"","background-repeat":"repeat","background-position":"center center","background-size":"auto","background-attachment":"scroll","background-type":"","background-media":"","overlay-type":"","overlay-color":"","overlay-opacity":"","overlay-gradient":""}},"ast-content-background-meta":{"desktop":{"background-color":"var(--ast-global-color-5)","background-image":"","background-repeat":"repeat","background-position":"center center","background-size":"auto","background-attachment":"scroll","background-type":"","background-media":"","overlay-type":"","overlay-color":"","overlay-opacity":"","overlay-gradient":""},"tablet":{"background-color":"var(--ast-global-color-5)","background-image":"","background-repeat":"repeat","background-position":"center center","background-size":"auto","background-attachment":"scroll","background-type":"","background-media":"","overlay-type":"","overlay-color":"","overlay-opacity":"","overlay-gradient":""},"mobile":{"background-color":"var(--ast-global-color-5)","background-image":"","background-repeat":"repeat","background-position":"center center","background-size":"auto","background-attachment":"scroll","background-type":"","background-media":"","overlay-type":"","overlay-color":"","overlay-opacity":"","overlay-gradient":""}},"footnotes":""},"yst_prominent_words":[],"class_list":["post-5729","page","type-page","status-publish","hentry"],"_links":{"self":[{"href":"https:\/\/www.9h05.com\/es\/wp-json\/wp\/v2\/pages\/5729","targetHints":{"allow":["GET"]}}],"collection":[{"href":"https:\/\/www.9h05.com\/es\/wp-json\/wp\/v2\/pages"}],"about":[{"href":"https:\/\/www.9h05.com\/es\/wp-json\/wp\/v2\/types\/page"}],"author":[{"embeddable":true,"href":"https:\/\/www.9h05.com\/es\/wp-json\/wp\/v2\/users\/9"}],"replies":[{"embeddable":true,"href":"https:\/\/www.9h05.com\/es\/wp-json\/wp\/v2\/comments?post=5729"}],"version-history":[{"count":4,"href":"https:\/\/www.9h05.com\/es\/wp-json\/wp\/v2\/pages\/5729\/revisions"}],"predecessor-version":[{"id":24816,"href":"https:\/\/www.9h05.com\/es\/wp-json\/wp\/v2\/pages\/5729\/revisions\/24816"}],"wp:attachment":[{"href":"https:\/\/www.9h05.com\/es\/wp-json\/wp\/v2\/media?parent=5729"}],"wp:term":[{"taxonomy":"yst_prominent_words","embeddable":true,"href":"https:\/\/www.9h05.com\/es\/wp-json\/wp\/v2\/yst_prominent_words?post=5729"}],"curies":[{"name":"wp","href":"https:\/\/api.w.org\/{rel}","templated":true}]}}