{"id":3182,"date":"2016-05-09T21:33:13","date_gmt":"2016-05-09T21:33:13","guid":{"rendered":"https:\/\/www.9h05.com\/?page_id=3182"},"modified":"2022-11-25T09:27:32","modified_gmt":"2022-11-25T09:27:32","slug":"politica-de-privacidad-de-9h05","status":"publish","type":"page","link":"https:\/\/www.9h05.com\/es\/politica-de-privacidad-de-9h05\/","title":{"rendered":"Pol\u00edtica de privacidad de 9h05, Inc."},"content":{"rendered":"<div class=\"wpb-content-wrapper\"><p>[vc_row][vc_column][special_heading title=\u00bbPOL\u00cdTICA DE PRIVACIDAD DE 9H05&#8243; subtitle=\u00bb9h05, Inc.\u00bb][vc_column_text]<\/p>\n<p style=\"text-align: justify;\"><strong>GENERAL <\/strong><\/p>\n<p style=\"text-align: justify;\">9h05 International y sus entidades afiliadas (colectivamente, \u201c9h05\u201d o \u201cnosotros\u201d) se comprometen a mantener la privacidad, seguridad y exactitud de la Informaci\u00f3n Personal (tal como definido a continuaci\u00f3n) bajo nuestra atenci\u00f3n y control. La presente Pol\u00edtica de Privacidad le informa sobre nuestras pr\u00e1cticas de privacidad con respecto a la recopilaci\u00f3n, uso y divulgaci\u00f3n de la Informaci\u00f3n Personal.<\/p>\n<p style=\"text-align: justify;\">La presente Pol\u00edtica de Privacidad no aplica a la Informaci\u00f3n Personal de nuestros empleados permanentes u ocasionales y otros funcionarios, nuestros consultores u otros individuos asignados a 9h05, o a alguna informaci\u00f3n que no se puede considerar como informaci\u00f3n personal.<\/p>\n<p style=\"text-align: justify;\"><strong>RESPONSABILIDAD<\/strong><\/p>\n<p style=\"text-align: justify;\">9h05 es responsable de la Informaci\u00f3n Personal bajo su atenci\u00f3n y control y ha asignado un Oficial Principal de Privacidad quien se responsabiliza por nuestro cumplimiento de la presente Pol\u00edtica de Privacidad y leyes aplicables de privacidad. Si tiene cualquier inquietud, pregunta, solicitud o reclamo sobre la presente Pol\u00edtica de Privacidad o sobre el procesamiento de su informaci\u00f3n Personal, favor contactarse con nuestro Oficial Principal de Privacidad por correo electr\u00f3nico a: confidentialit\u00e9[at]9h05.com. Alternativamente, puede contactarse con nuestro Oficial Principal de Privacidad por correo a:<\/p>\n<p style=\"text-align: justify;\">Chief Privacy Officer<\/p>\n<p style=\"text-align: justify;\">9h05 International<br \/>\n45 rue Grangeneuve<br \/>\nF33000 Bordeaux<br \/>\n+33 557 82 43 96<\/p>\n<p style=\"text-align: justify;\"><strong>RECOPILACI\u00d3N, USO Y DIVULGACI\u00d3N DE LA INFORMACI\u00d3N PERSONAL<\/strong><\/p>\n<p style=\"text-align: justify;\"><strong>Informaci\u00f3n Personal <\/strong><\/p>\n<p style=\"text-align: justify;\">Los tipos de informaci\u00f3n personal que podemos recopilar de vez en cuando pueden incluir su nombre, direcci\u00f3n, n\u00famero telef\u00f3nico, correo electr\u00f3nico, detalles del contacto, informaci\u00f3n financiera, de cr\u00e9dito y facturaci\u00f3n y otra informaci\u00f3n personal (\u201cInformaci\u00f3n Personal\u201d).<\/p>\n<p style=\"text-align: justify;\"><strong>Recopilaci\u00f3n, Uso y Divulgaci\u00f3n<\/strong><\/p>\n<p style=\"text-align: justify;\">La informaci\u00f3n personal es recopilada espec\u00edficamente por su divulgaci\u00f3n voluntaria, su uso de nuestros servicios o sitios webs, su compra de nuestros productos, su suscripci\u00f3n a nuestras publicaciones, a trav\u00e9s de nuestros formularios de registro o suscripci\u00f3n, mediante encuestas, como parte de una entrada a un concurso u otro tipo de promoci\u00f3n, a trav\u00e9s de agentes de tercera parte, contratistas, vendedores o proveedores quienes facilitan productos y servicios a nosotros (\u201cProveedores de Servicios\u201d), y a la vez a trav\u00e9s de nuestros socios de tercera parte a quienes facilitamos nuestros productos y servicios.<\/p>\n<p style=\"text-align: justify;\">Podemos recopilar, usar y\/o divulgar su Informaci\u00f3n Personal para los siguientes fines:<\/p>\n<ul style=\"text-align: justify;\">\n<li>Para crear y mantener las cuentas de los clientes;<\/li>\n<li>Para facilitar el producto, el servicio o la informaci\u00f3n solicitada por usted;<\/li>\n<li>Para comunicar con usted respecto a los productos y servicios solicitados por usted y para responder a sus solicitudes y inquietudes;<\/li>\n<li>Para procesar pagos y cobrar cuentas no pagadas;<\/li>\n<li>Para identificar y proteger contra un error, fraude, robo y otra actividad il\u00edcita;<\/li>\n<li>Para entender mejor sus necesidades y preferencias;<\/li>\n<li>Para involucrar en transacciones comerciales;<\/li>\n<li>Para facilitar servicio al cliente;<\/li>\n<li>Para organizar y administrar concursos y\/o encuestas;<\/li>\n<li>Para informarle sobre ofertas especiales y promociones;<\/li>\n<li>Para cumplir con los requisitos legales; y\/o<\/li>\n<li>Para cualquier otro fin al que usted nos da su consentimiento.<\/li>\n<\/ul>\n<p style=\"text-align: justify;\"><strong>Divulgaci\u00f3n a 9h05 \u00a0<\/strong><\/p>\n<p style=\"text-align: justify;\">Podemos divulgar su Informaci\u00f3n Personal dentro de nuestra organizaci\u00f3n para poder servirle mejor y facilitarle informaci\u00f3n sobre los productos y servicios y 9h05.<\/p>\n<p style=\"text-align: justify;\">Cuando nos facilite su Informaci\u00f3n Personal con respecto a las oportunidades laborales incluso, pero no limitado a su resume. Trataremos este tipo de Informaci\u00f3n Personal con un car\u00e1cter confidencial y usarla solo (i) para considerarle a usted para una actual o futura oportunidad laboral dentro de 9h05 y (ii) para contactarle con respecto a tales oportunidades laborales. Conservaremos su Informaci\u00f3n Personal para las pr\u00f3ximas oportunidades laborares que puedan surgir dentro de 9h05, a menos que nos informe que ya no desea que conservemos su informaci\u00f3n.<\/p>\n<p style=\"text-align: justify;\"><strong>Divulgaci\u00f3n a Proveedores de Servicios<\/strong><\/p>\n<p style=\"text-align: justify;\">9h05 tiene operaciones en el Reino Unido, en los Estados Unidos, Ecuador, Francia, Espa\u00f1a, y Australia. Podemos transferir su Informaci\u00f3n Personal a los proveedores de servicio actuando en nuestro nombre para fines antemencionados en la presente pol\u00edtica de privacidad. Favor tomar en cuenta que algunos de nuestros proveedores de servicios quienes procesan o manejan la Informaci\u00f3n Personal en nuestro nombre puedan estar ubicados en una jurisdicci\u00f3n extranjera.<\/p>\n<p style=\"text-align: justify;\">Tomamos medidas razonablemente necesarias para asegurar que su informaci\u00f3n se maneje de manera apropiada y segura y en conformidad con la presente pol\u00edtica de privacidad.<\/p>\n<p style=\"text-align: justify;\"><strong>Divulgaci\u00f3n en Transacciones Comerciales<\/strong><\/p>\n<p style=\"text-align: justify;\">9h05 puede estar involucrado en la venta, fusi\u00f3n o restructuraci\u00f3n de alguno o todo de nuestros negocios o activos. En en curso de tal transacci\u00f3n, 9h05 puede divulgar su Informaci\u00f3n Personal al comprador o a la nueva entidad corporativa. En tal caso, 9h05 requerir\u00e1 que tales parte tercera se acuerden a proteger la privacidad de su Informaci\u00f3n Personal en una manera que sea consistente con la presente Pol\u00edtica de Privacidad y en conformidad con las leyes aplicables de la privacidad.<\/p>\n<p style=\"text-align: justify;\">Hacemos esfuerzos responsables para asegurar que su Informaci\u00f3n Personal es usada y divulgada tal como facilitado en la presente pol\u00edtica de privacidad, salvo a que hemos obtenido su consentimiento para otros fines o como as\u00ed lo requiera o permita las leyes vigentes.<\/p>\n<p style=\"text-align: justify;\"><strong>CONSENTIMIENTO <\/strong><\/p>\n<p style=\"text-align: justify;\">Recopilamos, usamos y divulgamos su Informaci\u00f3n Personal con su consentimiento o como permitido y requerido por la ley vigente. Su consentimiento puede estar expresada o implicada, dependiendo de las circunstancias y las leyes vigentes. Si nos facilita la informaci\u00f3n Personal sobre otra persona, asumimos que usted tiene el consentimiento adecuado de esa persona para autorizarnos a recopilar, usar o divulgar tal informaci\u00f3n en cumplimiento con la presente pol\u00edtica de privacidad. Una comunicaci\u00f3n electr\u00f3nica que le podamos enviar, sea en nuestro nombre o en nombre de nuestros socios de tercera parte, incluir\u00e1 instrucciones sobre c\u00f3mo darse de baja de las futuras comunicaciones. Si no accede a estos t\u00e9rminos, favor no proporcionar su Informaci\u00f3n Personal o, cuando corresponda, ejercer la opci\u00f3n de darse de baja, o enviar un correo electr\u00f3nico a <a href=\"mailto:desabonnement@9h05.com\">desabonnement@9h05.com<\/a>.<\/p>\n<p style=\"text-align: justify;\">Favor tomar en cuenta que si retira su consentimiento de ciertos usos de su Informaci\u00f3n Personal, no le podremos ofrecer algunos de nuestros servicios.<\/p>\n<p style=\"text-align: justify;\"><strong>PROTECCI\u00d3N DE LA PRIVACIDAD Y NUESTROS SITIO WEBS \u00a0<\/strong><\/p>\n<p style=\"text-align: justify;\">En ocasiones, 9h05 recopila la Informaci\u00f3n Personal a trav\u00e9s de sus sitio webs. En esta secci\u00f3n, le facilitamos con informaci\u00f3n adicional con respecto a tal recopilaci\u00f3n.<\/p>\n<p style=\"text-align: justify;\"><strong>Cookies<\/strong><\/p>\n<p style=\"text-align: justify;\">Por usar una funci\u00f3n del navegador, llamado como \u201ccookie\u201d y otros m\u00e9todos, 9h05 y nuestros Proveedores de Servicios de tercera parte pueden recopilar informaci\u00f3n no-personal cuando visite nuestro sitio webs, como los datos sobre su frecuencia de visitas a nuestros sitio webs, la duraci\u00f3n de sus visitas, el n\u00famero de p\u00e1ginas que ve y el tipo de navegador y sistema operativo que usa. Un Cookie es un archivo peque\u00f1o de texto que contiene un n\u00famero \u00fanico de identificaci\u00f3n que identifica el navegador del visitante, pero no necesariamente al visitante, a nuestras computadoras cada vez nuestros sitio webs con visitadas. La informaci\u00f3n al visitante del sitio web es recopilada an\u00f3nimamente lo cual significa que ninguna Informaci\u00f3n Personal es asociada con tal informaci\u00f3n, hasta que un visitante nos facilite espec\u00edficamente con dicha informaci\u00f3n (p.ej. por inscribirse a nuestros servicios o por enviarnos un mensaje desde nuestros sitio webs).<\/p>\n<p style=\"text-align: justify;\">Adem\u00e1s de los prop\u00f3sitos identificados en la presente pol\u00edtica de privacidad, podemos usar la informaci\u00f3n obtenida a trav\u00e9s de nuestros sitio webs con otras organizaciones con quienes tenemos una relaci\u00f3n comercial para medir el uso de nuestros sitio webs y para mejorar la funcionalidad y el contenido de nuestros sitio webs.<\/p>\n<p style=\"text-align: justify;\">Puede manejar sus cookies instalando un programa de tercera parte o configurando su navegador. La mayor\u00eda de navegadores est\u00e1n programados desde el inicio para aceptar cookies, sin embargo, si decide desactivar cookies en nuestros sitio webs, no va poder tener el m\u00e1ximo beneficio de las caracter\u00edsticas de nuestros sitio webs una vez que lo haya desactivado.<\/p>\n<p style=\"text-align: justify;\"><strong>Comunicaciones en l\u00ednea <\/strong><\/p>\n<p style=\"text-align: justify;\">Si 9h05 le reconoce como un usuario registrado de un servicio ofrecido por nosotros, podemos combinar y guardar informaci\u00f3n sobre su uso de nuestros sitio webs y la informaci\u00f3n en l\u00ednea que ha sido proporcionada por usted junto con otras informaciones en-l\u00ednea o fuera de l\u00ednea que podamos haya recopilado.<\/p>\n<p style=\"text-align: justify;\"><strong>Enlaces <\/strong><\/p>\n<p style=\"text-align: justify;\">Para su conveniencia, los sitio webs de 9h05 pueden contener enlaces a los sitio webs operados por partes terceras. Cuando hace clic a uno de estos enlaces, estar\u00e1 transferido desde los sitio webs de 9h05 a un sitio web de parte tercera lo que puede tener diferentes pol\u00edticas de privacidad en marcha. La presente Pol\u00edtica de Privacidad ya no es vigente cuando sale de nuestros sitio webs. Debe consultar las pol\u00edticas de privacidad de tales entidades antes de proceder a entregar alguna Informaci\u00f3n Personal en estos sitio webs. 9h05 no se har\u00e1 responsable, tampoco aceptamos alguna responsabilidad para la recopilaci\u00f3n, uso y divulgaci\u00f3n de la Informaci\u00f3n Personal de otras entidades a los que puedan llevar nuestros sitio webs.<\/p>\n<p style=\"text-align: justify;\"><strong>Menores de 18 <\/strong><\/p>\n<p style=\"text-align: justify;\">Ninguna Informaci\u00f3n Personal debe estar entregada o publicada por personas menor de 18 a\u00f1os sin el permiso de los padres o el tutor legal. Podemos solicitar la Informaci\u00f3n Personal de un menor de 18 a\u00f1os para los prop\u00f3sitos de concurso de administraci\u00f3n. En el caso de que lo hagamos, solicitaremos el consentimiento de los padres o el tutor legal antes de recopilar dicha informaci\u00f3n.<\/p>\n<p style=\"text-align: justify;\"><strong>SEGURIDAD <\/strong><\/p>\n<p style=\"text-align: justify;\">9h05 ha implementado las medidas de seguridad necesarias para asegurar la Informaci\u00f3n Personal en nuestro cuidado y control. Cualquier Informaci\u00f3n Personal mantenida por 9h05 es archivada en un ambiente razonablemente seguro dependiendo del car\u00e1cter de la informaci\u00f3n. La informaci\u00f3n de la tarjeta de cr\u00e9dito es procesada usando la norma industrial de la tecnolog\u00eda de encriptaci\u00f3n. 9h05 limita la recopilaci\u00f3n de la Informaci\u00f3n Personal al que sea necesario para los prop\u00f3sitos identificados por 9h05 a menos que sea requerido o permitido por la Ley. Cualquier informaci\u00f3n de la tarjeta de cr\u00e9dito entregado a 9h05 ser\u00e1 usado \u00fanicamente para completar el pago y disponer de env\u00edo (cuando corresponda) y\/o para los prop\u00f3sitos de la verificaci\u00f3n de tarjeta de cr\u00e9dito (cuando corresponda). Nuestras pol\u00edticas y procedimientos de seguridad son revisadas y mejoradas peri\u00f3dicamente seg\u00fan necesario.<\/p>\n<p style=\"text-align: justify;\">Solo los empleados, agentes, socios y Proveedores de Servicios autorizados pueden tener acceso a la Informaci\u00f3n Personal en nuestro cuidado y control. Instruimos a nuestros empleados autorizados, agentes, socios y Proveedores de Servicios quienes tienen acceso a la Informaci\u00f3n Personal para usar las precauciones necesarias de privacidad y seguridad cuando se procesa dicha informaci\u00f3n.<\/p>\n<p style=\"text-align: justify;\"><strong>EXACTITUD Y ACCESO \u00a0<\/strong><\/p>\n<p style=\"text-align: justify;\">Ponemos esfuerzos razonables para asegurar que su Informaci\u00f3n Personal se mantenga correcta, completa y actualizada como posible. No actualizamos su Informaci\u00f3n Personal habitualmente, hasta que un proceso as\u00ed sea necesario. Para mantener y asegurar la exactitud y actualizaci\u00f3n de su Informaci\u00f3n Personal, favor informarnos tal pronto como posible sobre alg\u00fan cambio en su Informaci\u00f3n Personal para que podamos actualizar nuestros r\u00e9cords.<\/p>\n<p style=\"text-align: justify;\">Si desea solicitar acceso a, o la correcci\u00f3n de su Informaci\u00f3n Personal que est\u00e1 en nuestro cuidado y control, favor haga su solicitud por escrito a nuestro Oficial Principal de Privacidad en las direcciones y n\u00fameros ante mencionados. Todas las solicitudes de acceder o cambiar informaci\u00f3n ser\u00e1 tratado en cumplimiento con la Ley vigente.<\/p>\n<p style=\"text-align: justify;\"><strong>CAMBIOS A LA PRESENTE POL\u00cdTICA DE PRIVACIDAD <\/strong><\/p>\n<p style=\"text-align: justify;\">9h05 se reserva\u00a0el derecho de modificar la presente Pol\u00edtica de Privacidad en cualquier momento. Tales cambios ser\u00e1n publicados en los sitio webs de 9h05, lo cual entrar\u00e1 en vigencia al momento de publicar. Tomaremos las medidas razonables para avisar a las personas afectadas por un cambio material, si es necesario. Puede contractarse con nuestro Oficial Principal de Privacidad en las direcciones y n\u00fameros ante mencionados para obtener una copia actual de la presente Pol\u00edtica de Privacidad.<\/p>\n<p>[\/vc_column_text][\/vc_column][\/vc_row]<\/p>\n<\/div>","protected":false},"excerpt":{"rendered":"<p>[vc_row][vc_column][special_heading title=\u00bbPOL\u00cdTICA DE PRIVACIDAD DE 9H05&#8243; subtitle=\u00bb9h05, Inc.\u00bb][vc_column_text] GENERAL 9h05 International y sus entidades afiliadas (colectivamente, \u201c9h05\u201d o \u201cnosotros\u201d) se comprometen a mantener la privacidad, seguridad y exactitud de la Informaci\u00f3n Personal (tal como definido a continuaci\u00f3n) bajo nuestra atenci\u00f3n y control. La presente Pol\u00edtica de Privacidad le informa sobre nuestras pr\u00e1cticas de privacidad con [&hellip;]<\/p>\n","protected":false},"author":9,"featured_media":0,"parent":0,"menu_order":0,"comment_status":"closed","ping_status":"closed","template":"","meta":{"site-sidebar-layout":"default","site-content-layout":"","ast-site-content-layout":"","site-content-style":"default","site-sidebar-style":"default","ast-global-header-display":"","ast-banner-title-visibility":"","ast-main-header-display":"","ast-hfb-above-header-display":"","ast-hfb-below-header-display":"","ast-hfb-mobile-header-display":"","site-post-title":"","ast-breadcrumbs-content":"","ast-featured-img":"","footer-sml-layout":"","theme-transparent-header-meta":"","adv-header-id-meta":"","stick-header-meta":"","header-above-stick-meta":"","header-main-stick-meta":"","header-below-stick-meta":"","astra-migrate-meta-layouts":"default","ast-page-background-enabled":"default","ast-page-background-meta":{"desktop":{"background-color":"var(--ast-global-color-4)","background-image":"","background-repeat":"repeat","background-position":"center center","background-size":"auto","background-attachment":"scroll","background-type":"","background-media":"","overlay-type":"","overlay-color":"","overlay-opacity":"","overlay-gradient":""},"tablet":{"background-color":"","background-image":"","background-repeat":"repeat","background-position":"center center","background-size":"auto","background-attachment":"scroll","background-type":"","background-media":"","overlay-type":"","overlay-color":"","overlay-opacity":"","overlay-gradient":""},"mobile":{"background-color":"","background-image":"","background-repeat":"repeat","background-position":"center center","background-size":"auto","background-attachment":"scroll","background-type":"","background-media":"","overlay-type":"","overlay-color":"","overlay-opacity":"","overlay-gradient":""}},"ast-content-background-meta":{"desktop":{"background-color":"var(--ast-global-color-5)","background-image":"","background-repeat":"repeat","background-position":"center center","background-size":"auto","background-attachment":"scroll","background-type":"","background-media":"","overlay-type":"","overlay-color":"","overlay-opacity":"","overlay-gradient":""},"tablet":{"background-color":"var(--ast-global-color-5)","background-image":"","background-repeat":"repeat","background-position":"center center","background-size":"auto","background-attachment":"scroll","background-type":"","background-media":"","overlay-type":"","overlay-color":"","overlay-opacity":"","overlay-gradient":""},"mobile":{"background-color":"var(--ast-global-color-5)","background-image":"","background-repeat":"repeat","background-position":"center center","background-size":"auto","background-attachment":"scroll","background-type":"","background-media":"","overlay-type":"","overlay-color":"","overlay-opacity":"","overlay-gradient":""}},"footnotes":""},"yst_prominent_words":[],"class_list":["post-3182","page","type-page","status-publish","hentry"],"_links":{"self":[{"href":"https:\/\/www.9h05.com\/es\/wp-json\/wp\/v2\/pages\/3182","targetHints":{"allow":["GET"]}}],"collection":[{"href":"https:\/\/www.9h05.com\/es\/wp-json\/wp\/v2\/pages"}],"about":[{"href":"https:\/\/www.9h05.com\/es\/wp-json\/wp\/v2\/types\/page"}],"author":[{"embeddable":true,"href":"https:\/\/www.9h05.com\/es\/wp-json\/wp\/v2\/users\/9"}],"replies":[{"embeddable":true,"href":"https:\/\/www.9h05.com\/es\/wp-json\/wp\/v2\/comments?post=3182"}],"version-history":[{"count":1,"href":"https:\/\/www.9h05.com\/es\/wp-json\/wp\/v2\/pages\/3182\/revisions"}],"predecessor-version":[{"id":18144,"href":"https:\/\/www.9h05.com\/es\/wp-json\/wp\/v2\/pages\/3182\/revisions\/18144"}],"wp:attachment":[{"href":"https:\/\/www.9h05.com\/es\/wp-json\/wp\/v2\/media?parent=3182"}],"wp:term":[{"taxonomy":"yst_prominent_words","embeddable":true,"href":"https:\/\/www.9h05.com\/es\/wp-json\/wp\/v2\/yst_prominent_words?post=3182"}],"curies":[{"name":"wp","href":"https:\/\/api.w.org\/{rel}","templated":true}]}}