{"id":29577,"date":"2025-01-03T10:01:16","date_gmt":"2025-01-03T10:01:16","guid":{"rendered":"https:\/\/www.9h05.com\/?page_id=29577"},"modified":"2025-08-07T18:23:45","modified_gmt":"2025-08-07T18:23:45","slug":"9h05-empresa-traduccion-quito-ecuador","status":"publish","type":"page","link":"https:\/\/www.9h05.com\/es\/9h05-empresa-traduccion-quito-ecuador\/","title":{"rendered":"9h05: Empresa de Traducci\u00f3n en Quito, Ecuador"},"content":{"rendered":"<div class=\"color5-background-color bg-background-color tmpl-call_to_action-12 boldgrid-section dynamic-gridblock background-fixed\" style=\"color: #ffffff; background-image: linear-gradient(to left, rgba(19, 19, 19, 0.8), rgba(19, 19, 19, 0.8)), url('https:\/\/www.9h05.com\/wp-content\/uploads\/2025\/08\/9h05-Empresa-de-Traduccion-en-Quito-Ecuador.png'); background-size: cover; background-position: 50% 50%;\" data-bg-overlaycolor=\"rgba(19, 19, 19, 0.8)\" data-image-url=\"https:\/\/www.9h05.com\/wp-content\/uploads\/2025\/08\/9h05-Empresa-de-Traduccion-en-Quito-Ecuador.png\">\n<div class=\"container\">\n<div class=\"row\" style=\"padding-top: 75px; padding-bottom: 100px;\">\n<div class=\"col-md-2 col-sm-1 col-xs-12 col-lg-2\"><\/div>\n<div class=\"col-md-8 col-sm-10 col-xs-12 col-lg-8\">\n<h1 class=\"entry-title\" style=\"text-align: center;\"><strong>9h05: Empresa de Traducci\u00f3n en Quito, Ecuador<\/strong><\/h1>\n<div class=\"row bg-editor-hr-wrap\">\n<div class=\"col-lg-12 col-md-12 col-xs-12 col-sm-12\">\n<div>\n<hr class=\"color4-color bg-hr-2 bg-hr\" style=\"margin-bottom: 30px; margin-right: auto; margin-left: auto;\" width=\"50%\">\n<\/div>\n<\/div>\n<\/div>\n<p class=\"\" style=\"text-align: center;\"><strong>9h05 del Ecuador<\/strong><br \/>\nJuan Le\u00f3n Mera N21-241 y Roca<br \/>\nEdificio Cronos \u00b7 Of. 501<br \/>\n170143 Quito<br \/>\n(Ecuador)<\/p>\n<p class=\"\" style=\"text-align: center;\">02 250 11 10 \/ 09 84 26 56 53<\/p>\n<p class=\"\" style=\"text-align: center;\"><a href=\"mailto:quito@9h05.com\">quito@9h05.com<\/a><\/p>\n<p class=\"\" style=\"text-align: center; margin-top: 50px;\"><a class=\"btn-color-4 btn btn-rounded btn-regular\" href=\"https:\/\/api.whatsapp.com\/send\/?phone=593984265653&amp;text&amp;type=phone_number&amp;app_absent=0\">Contratar<\/a><\/p>\n<\/div>\n<div class=\"col-md-2 col-sm-1 col-xs-12 col-lg-2\"><\/div>\n<\/div>\n<\/div>\n<\/div>\n<div class=\"tmpl-about-13 boldgrid-section dynamic-gridblock color3-background-color color-3-text-contrast bg-background-color\">\n<div class=\"container\">\n<div class=\"row\" style=\"padding-top: 50px; padding-bottom: 50px;\">\n<div class=\"col-md-4 col-sm-4 col-xs-12 col-lg-4\">\n<p class=\"\"><img data-recalc-dims=\"1\" decoding=\"async\" class=\"bg-img alignnone wp-image-28965 size-full\" src=\"https:\/\/i0.wp.com\/www.9h05.com\/wp-content\/uploads\/2024\/07\/130_0_299.70501474926_400_laboratory.jpg?resize=299%2C400&#038;ssl=1\" alt=\"\" width=\"299\" height=\"400\" srcset=\"https:\/\/i0.wp.com\/www.9h05.com\/wp-content\/uploads\/2024\/07\/laboratory.jpg?w=300&amp;ssl=1 300w, https:\/\/i0.wp.com\/www.9h05.com\/wp-content\/uploads\/2024\/07\/laboratory.jpg?zoom=2&amp;resize=299%2C400&amp;ssl=1 598w, https:\/\/i0.wp.com\/www.9h05.com\/wp-content\/uploads\/2024\/07\/laboratory.jpg?zoom=3&amp;resize=299%2C400&amp;ssl=1 897w\" sizes=\"(max-width: 299px) 100vw, 299px\" \/><\/p>\n<\/div>\n<div class=\"col-md-8 col-sm-8 col-xs-12 col-lg-8\">\n<h2 class=\"\">9h05 del Ecuador<\/h2>\n<p class=\"\">En el coraz\u00f3n de <b>Quito<\/b>, <b>9h05<\/b> es una <b>empresa de traducci\u00f3n<\/b> destacada que ofrece <b>servicios de traducci\u00f3n<\/b> de alta calidad. Con un equipo de <b>traductores<\/b> profesionales, esta <b>empresa de traducci\u00f3n certificada<\/b> se especializa en <b>traducci\u00f3n en Quito<\/b> y ofrece <b>traducciones certificadas reconocidas<\/b> tanto en <b>Ecuador<\/b> como en el exterior. Localizada en la provincia de <b>Pichincha<\/b>, <b>9h05 international<\/b> se compromete a proporcionar <b>traducciones oficiales<\/b> que cumplen con los est\u00e1ndares internacionales.<\/p>\n<p class=\"\">Si necesitas una <b>traducci\u00f3n certificada<\/b> en un <b>idioma<\/b> espec\u00edfico, no dudes en <b>contacta con 9h05 del Ecuador<\/b> para realizar una <b>consulta<\/b>. Sus <b>servicios de traducci\u00f3n especializada<\/b> abarcan diversas \u00e1reas y garantizan resultados precisos y confiables. La filosof\u00eda de <b>9h05<\/b> se basa en ofrecer <em><b>human-powered translations<\/b><\/em>, traducciones con toda humanidad, lo que significa que cada proyecto es tratado con atenci\u00f3n al detalle y un enfoque personalizado, asegurando que cada cliente reciba el mejor servicio posible.<\/p>\n<p class=\"\">En un mundo cada vez m\u00e1s globalizado, la necesidad de servicios de traducci\u00f3n de alta calidad se ha vuelto esencial. 9h05 es una empresa de traducci\u00f3n ubicada en Quito, Ecuador, que se destaca por ofrecer soluciones ling\u00fc\u00edsticas adaptadas a las necesidades de sus clientes. Con un enfoque en la precisi\u00f3n y la cultura ecuatoriana, 9h05 se ha consolidado como una de las principales opciones para quienes buscan servicios de traducci\u00f3n en Ecuador y en el exterior.<\/p>\n<\/div>\n<\/div>\n<\/div>\n<\/div>\n<div class=\"tmpl-services-7 boldgrid-section dynamic-gridblock background-scroll\" style=\"background-image: url('https:\/\/www.9h05.com\/wp-content\/uploads\/2025\/08\/9h05-Empresa-de-Traduccion-en-Quito-Ecuador.png'); background-size: cover; background-position: 50% 50%;\" data-image-url=\"https:\/\/www.9h05.com\/wp-content\/uploads\/2025\/08\/9h05-Empresa-de-Traduccion-en-Quito-Ecuador.png\">\n<div class=\"container\">\n<div class=\"row\">\n<div class=\"col-lg-12 col-md-12 col-xs-12 col-sm-12\"><\/div>\n<\/div>\n<div class=\"row\">\n<div class=\"col-lg-12 col-md-12 col-xs-12 col-sm-12\">\n<h3 class=\"\">Comentarios, opiniones y rese\u00f1as sobre 9h05 del Ecuador<\/h3>\n<\/div>\n<\/div>\n<div class=\"row\" style=\"padding-top: 100px; padding-bottom: 100px;\">\n<div class=\"col-md-3 col-sm-6 col-xs-12 align-column-center col-lg-3\">\n<div style=\"padding: 20% 10px; margin-top: 10px; background-color: rgba(187, 222, 251, 0.8); color: #1d1d1d;\" class=\"bg-background-color bg-box\">\n<p class=\"h1\" style=\"text-align: center;\">450+<\/p>\n<div class=\"row bg-editor-hr-wrap\">\n<div class=\"col-lg-12 col-md-12 col-xs-12 col-sm-12\">\n<hr class=\"bg-hr\" style=\"margin: 0px auto 0px auto; border: 2px solid;\" width=\"50%\">\n<\/div>\n<\/div>\n<h4 class=\"\" style=\"text-align: center;\"><strong>Rese\u00f1as en Google para 9h05<\/strong><\/h4>\n<\/div>\n<\/div>\n<div class=\"col-md-3 col-sm-6 col-xs-12 align-column-center col-lg-3\">\n<div style=\"padding: 20% 10px; margin-top: 10px; background-color: rgba(187, 222, 251, 0.8); color: #1d1d1d;\" class=\"bg-background-color bg-box\">\n<p class=\"h1\" style=\"text-align: center;\">4,9 <i class=\"fa bg-inserted-icon fa-star\" style=\"font-size: 36px;\" aria-hidden=\"true\"> <span style=\"display: none;\">&nbsp;<\/span> <\/i><\/p>\n<div class=\"row bg-editor-hr-wrap\">\n<div class=\"col-lg-12 col-md-12 col-xs-12 col-sm-12\">\n<hr class=\"bg-hr\" style=\"margin: 0px auto 0px auto; border: 2px solid;\" width=\"50%\">\n<\/div>\n<\/div>\n<h4 class=\"\" style=\"text-align: center;\"><strong>Calificaci\u00f3n promedio sobre 5<\/strong><\/h4>\n<\/div>\n<\/div>\n<div class=\"col-md-3 col-sm-6 col-xs-12 align-column-center col-lg-3\">\n<div style=\"padding: 20% 10px; margin-top: 10px; background-color: rgba(187, 222, 251, 0.8); color: #1d1d1d;\" class=\"bg-background-color bg-box\">\n<p class=\"h1\" style=\"text-align: center;\">15.000+<\/p>\n<div class=\"row bg-editor-hr-wrap\">\n<div class=\"col-lg-12 col-md-12 col-xs-12 col-sm-12\">\n<hr class=\"bg-hr\" style=\"margin: 0px auto 0px auto; border: 2px solid;\" width=\"50%\">\n<\/div>\n<\/div>\n<h4 class=\"\" style=\"text-align: center;\"><strong>Clientes en todo el mundo<\/strong><\/h4>\n<\/div>\n<\/div>\n<div class=\"col-md-3 col-sm-6 col-xs-12 align-column-center col-lg-3\">\n<div style=\"padding: 20% 10px; margin-top: 10px; background-color: rgba(187, 222, 251, 0.8); color: #1d1d1d;\" class=\"bg-background-color bg-box\">\n<p class=\"h1\" style=\"text-align: center;\">9<\/p>\n<div class=\"row bg-editor-hr-wrap\">\n<div class=\"col-lg-12 col-md-12 col-xs-12 col-sm-12\">\n<hr class=\"bg-hr\" style=\"margin: 0px auto 0px auto; border: 2px solid;\" width=\"50%\">\n<\/div>\n<\/div>\n<h4 class=\"\" style=\"text-align: center;\"><strong>Sedes y oficinas alrededor del mundo<\/strong><\/h4>\n<\/div>\n<\/div>\n<\/div>\n<\/div>\n<\/div>\n<div class=\"boldgrid-section\">\n<div class=\"container\">\n<div class=\"row\">\n<div class=\"col-lg-12 col-md-12 col-xs-12 col-sm-12\">\n<p>&nbsp;<\/p>\n<\/div>\n<\/div>\n<\/div>\n<\/div>\n<div class=\"col-md-1 col-sm-3 col-xs-12 col-lg-1\"><\/div>\n<div class=\"col-md-7 col-sm-12 col-xs-12 bg-box-flush col-lg-7\">\n<p class=\"boldgrid-google-maps color2-border-color\" style=\"line-height: 100%; margin: 0px; border: 10px solid;\"><iframe style=\"width: 100%;\" src=\"https:\/\/www.google.com\/maps\/embed?pb=!1m14!1m8!1m3!1d4630.969708838801!2d-78.49446871170386!3d-0.20243818925469198!3m2!1i1024!2i768!4f13.1!3m3!1m2!1s0x0%3A0x6618e97864c88c19!2s9h05%20del%20Ecuador!5e0!3m2!1sfr!2sfr!4v1659772096188!5m2!1sfr!2sfr\" width=\"1000\" height=\"400\" frameborder=\"0\">&amp;amp;amp;amp;amp;amp;amp;amp;amp;amp;amp;amp;amp;amp;amp;amp;amp;amp;amp;amp;amp;amp;amp;amp;amp;amp;amp;amp;amp;amp;amp;amp;amp;amp;lt;span data-mce-type=\u00bbbookmark\u00bb style=\u00bbdisplay: inline-block; width: 0px; overflow: hidden; line-height: 0;\u00bb class=\u00bbmce_SELRES_start\u00bb&amp;amp;amp;amp;amp;amp;amp;amp;amp;amp;amp;amp;amp;amp;amp;amp;amp;amp;amp;amp;amp;amp;amp;amp;amp;amp;amp;amp;amp;amp;amp;amp;amp;amp;gt;\ufeff&amp;amp;amp;amp;amp;amp;amp;amp;amp;amp;amp;amp;amp;amp;amp;amp;amp;amp;amp;amp;amp;amp;amp;amp;amp;amp;amp;amp;amp;amp;amp;amp;amp;amp;lt;\/span&amp;amp;amp;amp;amp;amp;amp;amp;amp;amp;amp;amp;amp;amp;amp;amp;amp;amp;amp;amp;amp;amp;amp;amp;amp;amp;amp;amp;amp;amp;amp;amp;amp;amp;gt;<\/iframe><\/p>\n<\/div>\n<div class=\"boldgrid-section\">\n<div class=\"container\">\n<div class=\"row\" style=\"padding-bottom: 42px;\">\n<div class=\"col-md-6 col-sm-2 col-xs-1 col-lg-6\"><\/div>\n<div class=\"col-md-5 col-sm-8 col-xs-10 wow slideInDown col-lg-5\" data-wow-duration=\"1s\" data-wow-delay=\"0s\">\n<div style=\"margin-top: -60px; padding: 1.5em; z-index: 1; position: relative;\" class=\"color2-background-color color-2-text-contrast bg-background-color bg-box\">\n<p class=\"\" style=\"text-align: center;\"><strong>9h05 del Ecuador<\/strong><br \/>\nJuan Le\u00f3n Mera N21-241 y Roca<br \/>\nEdificio Cronos \u00b7 Oficina 501<br \/>\n170143 Quito (Ecuador)<\/p>\n<p class=\"\" style=\"text-align: center;\"><a href=\"mailto:quito@9h05.com\">quito@9h05.com<\/a><\/p>\n<p class=\"\" style=\"text-align: center;\">(02) 250 11 10&nbsp;<\/p>\n<p class=\"\" style=\"text-align: center;\">&nbsp;<\/p>\n<p class=\"\" style=\"text-align: center;\"><a href=\"https:\/\/api.whatsapp.com\/send\/?phone=593984265653&amp;text&amp;type=phone_number&amp;app_absent=0\"><img data-recalc-dims=\"1\" decoding=\"async\" class=\"aligncenter wp-image-17231\" src=\"https:\/\/i0.wp.com\/www.9h05.com\/wp-content\/uploads\/2022\/11\/contact-whatsapp-9h05.png?resize=54%2C54&#038;ssl=1\" alt=\"WhatsApp de 9h05 del Ecuador\" width=\"54\" height=\"54\" srcset=\"https:\/\/i0.wp.com\/www.9h05.com\/wp-content\/uploads\/2022\/11\/contact-whatsapp-9h05.png?w=250&amp;ssl=1 250w, https:\/\/i0.wp.com\/www.9h05.com\/wp-content\/uploads\/2022\/11\/contact-whatsapp-9h05.png?resize=150%2C150&amp;ssl=1 150w, https:\/\/i0.wp.com\/www.9h05.com\/wp-content\/uploads\/2022\/11\/contact-whatsapp-9h05.png?resize=100%2C100&amp;ssl=1 100w\" sizes=\"(max-width: 54px) 100vw, 54px\" \/><\/a><a href=\"https:\/\/api.whatsapp.com\/send\/?phone=593984265653&amp;text&amp;type=phone_number&amp;app_absent=0\">09 84 26 56 53<\/a><a href=\"https:\/\/api.whatsapp.com\/send\/?phone=593984265653&amp;text&amp;type=phone_number&amp;app_absent=0\"><br \/>\n<\/a><\/p>\n<p class=\"\" style=\"text-align: center;\">&nbsp;<\/p>\n<p class=\"\" style=\"text-align: center; margin-bottom: 15px;\"><a class=\"btn-color-1 btn btn-capitalize btn-rounded btn-raised btn-regular\" href=\"https:\/\/www.9h05.com\/es\/certificaciones\/\"><span style=\"color: #ffffff;\"><strong>CERTIFICACIONES<\/strong><\/span><\/a><\/p>\n<\/div>\n<\/div>\n<\/div>\n<\/div>\n<\/div>\n","protected":false},"excerpt":{"rendered":"<p>9h05: Empresa de Traducci\u00f3n en Quito, Ecuador 9h05 del Ecuador Juan Le\u00f3n Mera N21-241 y Roca Edificio Cronos \u00b7 Of. 501 170143 Quito (Ecuador) 02 250 11 10 \/ 09 84 26 56 53 quito@9h05.com Contratar 9h05 del Ecuador En el coraz\u00f3n de Quito, 9h05 es una empresa de traducci\u00f3n destacada que ofrece servicios de [&hellip;]<\/p>\n","protected":false},"author":9,"featured_media":0,"parent":0,"menu_order":0,"comment_status":"closed","ping_status":"closed","template":"template\/page\/fullwidth.php","meta":{"site-sidebar-layout":"default","site-content-layout":"","ast-site-content-layout":"default","site-content-style":"default","site-sidebar-style":"default","ast-global-header-display":"","ast-banner-title-visibility":"","ast-main-header-display":"","ast-hfb-above-header-display":"","ast-hfb-below-header-display":"","ast-hfb-mobile-header-display":"","site-post-title":"","ast-breadcrumbs-content":"","ast-featured-img":"","footer-sml-layout":"","theme-transparent-header-meta":"default","adv-header-id-meta":"","stick-header-meta":"default","header-above-stick-meta":"","header-main-stick-meta":"","header-below-stick-meta":"","astra-migrate-meta-layouts":"set","ast-page-background-enabled":"default","ast-page-background-meta":{"desktop":{"background-color":"var(--ast-global-color-4)","background-image":"","background-repeat":"repeat","background-position":"center center","background-size":"auto","background-attachment":"scroll","background-type":"","background-media":"","overlay-type":"","overlay-color":"","overlay-opacity":"","overlay-gradient":""},"tablet":{"background-color":"","background-image":"","background-repeat":"repeat","background-position":"center center","background-size":"auto","background-attachment":"scroll","background-type":"","background-media":"","overlay-type":"","overlay-color":"","overlay-opacity":"","overlay-gradient":""},"mobile":{"background-color":"","background-image":"","background-repeat":"repeat","background-position":"center center","background-size":"auto","background-attachment":"scroll","background-type":"","background-media":"","overlay-type":"","overlay-color":"","overlay-opacity":"","overlay-gradient":""}},"ast-content-background-meta":{"desktop":{"background-color":"var(--ast-global-color-5)","background-image":"","background-repeat":"repeat","background-position":"center center","background-size":"auto","background-attachment":"scroll","background-type":"","background-media":"","overlay-type":"","overlay-color":"","overlay-opacity":"","overlay-gradient":""},"tablet":{"background-color":"var(--ast-global-color-5)","background-image":"","background-repeat":"repeat","background-position":"center center","background-size":"auto","background-attachment":"scroll","background-type":"","background-media":"","overlay-type":"","overlay-color":"","overlay-opacity":"","overlay-gradient":""},"mobile":{"background-color":"var(--ast-global-color-5)","background-image":"","background-repeat":"repeat","background-position":"center center","background-size":"auto","background-attachment":"scroll","background-type":"","background-media":"","overlay-type":"","overlay-color":"","overlay-opacity":"","overlay-gradient":""}},"footnotes":""},"yst_prominent_words":[],"class_list":["post-29577","page","type-page","status-publish","hentry"],"_links":{"self":[{"href":"https:\/\/www.9h05.com\/es\/wp-json\/wp\/v2\/pages\/29577","targetHints":{"allow":["GET"]}}],"collection":[{"href":"https:\/\/www.9h05.com\/es\/wp-json\/wp\/v2\/pages"}],"about":[{"href":"https:\/\/www.9h05.com\/es\/wp-json\/wp\/v2\/types\/page"}],"author":[{"embeddable":true,"href":"https:\/\/www.9h05.com\/es\/wp-json\/wp\/v2\/users\/9"}],"replies":[{"embeddable":true,"href":"https:\/\/www.9h05.com\/es\/wp-json\/wp\/v2\/comments?post=29577"}],"version-history":[{"count":1,"href":"https:\/\/www.9h05.com\/es\/wp-json\/wp\/v2\/pages\/29577\/revisions"}],"predecessor-version":[{"id":29641,"href":"https:\/\/www.9h05.com\/es\/wp-json\/wp\/v2\/pages\/29577\/revisions\/29641"}],"wp:attachment":[{"href":"https:\/\/www.9h05.com\/es\/wp-json\/wp\/v2\/media?parent=29577"}],"wp:term":[{"taxonomy":"yst_prominent_words","embeddable":true,"href":"https:\/\/www.9h05.com\/es\/wp-json\/wp\/v2\/yst_prominent_words?post=29577"}],"curies":[{"name":"wp","href":"https:\/\/api.w.org\/{rel}","templated":true}]}}