{"id":29049,"date":"2024-09-19T11:45:51","date_gmt":"2024-09-19T11:45:51","guid":{"rendered":"https:\/\/www.9h05.com\/?page_id=29049"},"modified":"2024-09-19T11:47:09","modified_gmt":"2024-09-19T11:47:09","slug":"francia","status":"publish","type":"page","link":"https:\/\/www.9h05.com\/es\/traducciones\/pais-destino\/francia\/","title":{"rendered":"Francia"},"content":{"rendered":"<div class=\"tmpl-about-5 boldgrid-section dynamic-gridblock background-fixed\" style=\"background-position: 50% 50%; background-size: auto; background-image: url('https:\/\/www.9h05.com\/wp-content\/plugins\/post-and-page-builder\/assets\/image\/patterns\/diagmonds.png'); background-repeat: repeat;\">\n<div class=\"container-fluid\">\n<div class=\"row\">\n<div class=\"col-md-5 col-sm-6 col-xs-12 col-lg-9\">\n<div class=\"bg-box-cover color5-background-color color-5-text-contrast bg-background-color bg-box\" style=\"padding: 40px 20%;\">\n<h2 class=\"h1 color4-color\">Francia<\/h2>\n<h4 class=\"\" style=\"margin-top: 20px;\">Traducciones al &nbsp;franc\u00e9s para Francia<\/h4>\n<p class=\"\" style=\"text-align: center;\">&nbsp;<\/p>\n<p class=\"\" style=\"text-align: center;\"><a class=\"btn btn-longshadow btn-small-caps btn-pill btn-color-3\" href=\"https:\/\/pay.9h05.com\">Contratar<\/a><\/p>\n<p class=\"\">&nbsp;<\/p>\n<p><strong>Ficha de Presentaci\u00f3n: Francia<\/strong><\/p>\n<div class=\"row bg-editor-hr-wrap\">\n<div class=\"col-lg-12 col-md-12 col-xs-12 col-sm-12\">\n<hr>\n<\/div>\n<\/div>\n<p class=\"\"><strong>Nombre Oficial:<\/strong><br \/>\nRep\u00fablica Francesa (R\u00e9publique Fran\u00e7aise)<\/p>\n<div class=\"row bg-editor-hr-wrap\">\n<div class=\"col-lg-12 col-md-12 col-xs-12 col-sm-12\">\n<hr>\n<\/div>\n<\/div>\n<h3><strong>Datos Geogr\u00e1ficos:<\/strong><\/h3>\n<ul class=\"\">\n<li><strong>Ubicaci\u00f3n:<\/strong><br \/>\nFrancia se encuentra en Europa occidental, limitando al norte con el Canal de la Mancha, al noreste con B\u00e9lgica y Luxemburgo, al este con Alemania, Suiza e Italia, al sur con el mar Mediterr\u00e1neo y Espa\u00f1a, y al oeste con el oc\u00e9ano Atl\u00e1ntico. Adem\u00e1s, posee territorios de ultramar en Am\u00e9rica, \u00c1frica, el Oc\u00e9ano \u00cdndico y el Pac\u00edfico.<\/li>\n<li><strong>Superficie:<\/strong><br \/>\n643.801 km\u00b2, siendo el pa\u00eds m\u00e1s grande de la Uni\u00f3n Europea (UE). Su territorio incluye monta\u00f1as, llanuras, r\u00edos, costas mediterr\u00e1neas y atl\u00e1nticas.<\/li>\n<li><strong>Geograf\u00eda:<\/strong><br \/>\nFrancia tiene una diversidad geogr\u00e1fica notable, que incluye los Alpes al este, los Pirineos al sur y las llanuras f\u00e9rtiles de la regi\u00f3n central. El r\u00edo Sena atraviesa Par\u00eds, y el R\u00f3dano fluye hacia el Mediterr\u00e1neo. Tambi\u00e9n cuenta con vastos litorales que abarcan el oc\u00e9ano Atl\u00e1ntico y el mar Mediterr\u00e1neo, favoreciendo el turismo y el comercio mar\u00edtimo.<\/li>\n<\/ul>\n<div class=\"row bg-editor-hr-wrap\">\n<div class=\"col-lg-12 col-md-12 col-xs-12 col-sm-12\">\n<hr>\n<\/div>\n<\/div>\n<h3 class=\"\"><strong>Datos Demogr\u00e1ficos:<\/strong><\/h3>\n<ul class=\"\">\n<li><strong>Poblaci\u00f3n:<\/strong><br \/>\nAproximadamente 68 millones de habitantes (2023), lo que convierte a Francia en el segundo pa\u00eds m\u00e1s poblado de la Uni\u00f3n Europea despu\u00e9s de Alemania.<\/li>\n<li><strong>Capital:<\/strong><br \/>\nPar\u00eds, con alrededor de 2 millones de habitantes en la ciudad y m\u00e1s de 11 millones en su \u00e1rea metropolitana. Par\u00eds es conocida como el centro cultural, econ\u00f3mico y pol\u00edtico de Francia, y es una de las ciudades m\u00e1s visitadas del mundo.<\/li>\n<li><strong>Ciudades Principales:<\/strong>\n<ul>\n<li><strong>Marsella:<\/strong> Importante puerto en el Mediterr\u00e1neo y centro industrial.<\/li>\n<li><strong>Lyon:<\/strong> Centro financiero y gastron\u00f3mico.<\/li>\n<li><strong>Toulouse:<\/strong> Sede de la industria aeroespacial europea.<\/li>\n<li><strong>Niza:<\/strong> Destino tur\u00edstico de la Riviera Francesa.<\/li>\n<li><strong>Lille:<\/strong> Importante centro comercial cercano a la frontera con B\u00e9lgica.<\/li>\n<li><strong>Burdeos:<\/strong> Cuna de los vinos de renombre mundial&nbsp;<em>bordeaux.<\/em><\/li>\n<\/ul>\n<\/li>\n<li><strong>Idiomas:<\/strong><br \/>\nEl idioma oficial es el franc\u00e9s, uno de los m\u00e1s hablados en el mundo, con m\u00e1s de 300 millones de hablantes globalmente. Francia tambi\u00e9n cuenta con varias lenguas regionales, como el occitano, el bret\u00f3n y el corso, aunque su uso es limitado.<\/li>\n<li><strong>Religi\u00f3n:<\/strong><br \/>\nFrancia es un estado secular desde 1905, lo que garantiza la separaci\u00f3n entre la Iglesia y el Estado. El cristianismo, particularmente el catolicismo, sigue siendo la religi\u00f3n mayoritaria, aunque una proporci\u00f3n creciente de la poblaci\u00f3n se declara sin religi\u00f3n. Tambi\u00e9n existen comunidades musulmanas, jud\u00edas y protestantes significativas.<\/li>\n<\/ul>\n<div class=\"row bg-editor-hr-wrap\">\n<div class=\"col-lg-12 col-md-12 col-xs-12 col-sm-12\">\n<hr>\n<\/div>\n<\/div>\n<h3><strong>Sistema Pol\u00edtico:<\/strong><\/h3>\n<ul class=\"\">\n<li><strong>Forma de Gobierno:<\/strong><br \/>\nRep\u00fablica semipresidencialista. Francia es una democracia representativa en la que el poder se divide entre el presidente y el primer ministro.<\/li>\n<li><strong>Presidente:<\/strong><br \/>\nEl presidente es el jefe de Estado y tiene amplios poderes en materia de pol\u00edtica exterior y defensa. Es elegido por sufragio universal cada cinco a\u00f1os.&nbsp;<\/li>\n<li><strong>Primer Ministro:<\/strong><br \/>\nEl primer ministro, actualmente \u00c9lisabeth Borne, es nombrado por el presidente y lidera el gobierno, encarg\u00e1ndose principalmente de la pol\u00edtica interna y la implementaci\u00f3n de leyes.<\/li>\n<li><strong>Divisi\u00f3n de Poderes:<\/strong><br \/>\nEl sistema pol\u00edtico franc\u00e9s se organiza en tres ramas:<\/p>\n<ul>\n<li><strong>Ejecutivo:<\/strong> Presidido por el presidente, con el primer ministro a cargo del gobierno.<\/li>\n<li><strong>Legislativo:<\/strong> Bicameral, compuesto por la Asamblea Nacional (electa por votaci\u00f3n directa) y el Senado (elegido indirectamente).<\/li>\n<li><strong>Judicial:<\/strong> Independiente, encabezado por el Consejo Constitucional y la Corte de Casaci\u00f3n, m\u00e1xima instancia judicial.<\/li>\n<\/ul>\n<\/li>\n<li><strong>Constituci\u00f3n:<\/strong><br \/>\nLa Constituci\u00f3n de la Quinta Rep\u00fablica, vigente desde 1958, define el sistema de gobierno semipresidencialista, con un balance de poder entre el ejecutivo y el legislativo.<\/li>\n<\/ul>\n<div class=\"row bg-editor-hr-wrap\">\n<div class=\"col-lg-12 col-md-12 col-xs-12 col-sm-12\">\n<hr>\n<\/div>\n<\/div>\n<h3><strong>Econom\u00eda:<\/strong><\/h3>\n<ul class=\"\">\n<li><strong>Moneda:<\/strong><br \/>\nEuro (\u20ac), desde 2002.<\/li>\n<li><strong>PIB:<\/strong><br \/>\nAproximadamente 3 billones de d\u00f3lares (2023), situ\u00e1ndose entre las econom\u00edas m\u00e1s grandes del mundo y la segunda mayor de la Uni\u00f3n Europea, despu\u00e9s de Alemania.<\/li>\n<li><strong>Principales Industrias:<\/strong><br \/>\nFrancia tiene una econom\u00eda altamente diversificada y avanzada. Destacan la manufactura, la agricultura (especialmente el vino y los productos l\u00e1cteos), el turismo, la energ\u00eda (particularmente la nuclear), la industria aeroespacial y la moda. Es l\u00edder mundial en la producci\u00f3n de lujo, alimentos gourmet y autom\u00f3viles.<\/li>\n<\/ul>\n<div class=\"row bg-editor-hr-wrap\">\n<div class=\"col-lg-12 col-md-12 col-xs-12 col-sm-12\">\n<hr>\n<\/div>\n<\/div>\n<h3><strong>Otros Datos de Inter\u00e9s:<\/strong><\/h3>\n<ul class=\"\">\n<li><strong>Fuerzas Armadas:<\/strong><br \/>\nFrancia es una potencia militar con capacidad nuclear y miembro permanente del Consejo de Seguridad de la ONU. Sus fuerzas armadas est\u00e1n involucradas en misiones internacionales, especialmente en \u00c1frica y Medio Oriente.<\/li>\n<li><strong>Organizaciones Internacionales:<\/strong><br \/>\nFrancia es miembro fundador de la ONU, la Uni\u00f3n Europea, la OTAN, la OCDE, el G7 y el G20. Tambi\u00e9n juega un papel central en la Francofon\u00eda, una organizaci\u00f3n que agrupa a pa\u00edses de habla francesa.<\/li>\n<li><strong>Turismo:<\/strong><br \/>\nFrancia es el pa\u00eds m\u00e1s visitado del mundo, con m\u00e1s de 80 millones de turistas al a\u00f1o, atra\u00eddos por su cultura, historia, gastronom\u00eda y monumentos emblem\u00e1ticos como la Torre Eiffel, el Museo del Louvre, la Costa Azul y los castillos del Loira.<\/li>\n<\/ul>\n<p class=\"\">&nbsp;<\/p>\n<\/div>\n<\/div>\n<div class=\"col-md-7 col-sm-6 col-xs-12 col-lg-3\"><\/div>\n<\/div>\n<\/div>\n<\/div>\n<div class=\"boldgrid-section\">\n<div class=\"container\">\n<div class=\"row\">\n<div class=\"col-lg-12 col-md-12 col-xs-12 col-sm-12\">\n<p>&nbsp;<\/p>\n<\/div>\n<\/div>\n<\/div>\n<\/div>\n","protected":false},"excerpt":{"rendered":"<p>Francia Traducciones al &nbsp;franc\u00e9s para Francia &nbsp; Contratar &nbsp; Ficha de Presentaci\u00f3n: Francia Nombre Oficial: Rep\u00fablica Francesa (R\u00e9publique Fran\u00e7aise) Datos Geogr\u00e1ficos: Ubicaci\u00f3n: Francia se encuentra en Europa occidental, limitando al norte con el Canal de la Mancha, al noreste con B\u00e9lgica y Luxemburgo, al este con Alemania, Suiza e Italia, al sur con el mar [&hellip;]<\/p>\n","protected":false},"author":9,"featured_media":0,"parent":29032,"menu_order":0,"comment_status":"closed","ping_status":"closed","template":"template\/page\/fullwidth.php","meta":{"site-sidebar-layout":"default","site-content-layout":"","ast-site-content-layout":"default","site-content-style":"default","site-sidebar-style":"default","ast-global-header-display":"","ast-banner-title-visibility":"","ast-main-header-display":"","ast-hfb-above-header-display":"","ast-hfb-below-header-display":"","ast-hfb-mobile-header-display":"","site-post-title":"","ast-breadcrumbs-content":"","ast-featured-img":"","footer-sml-layout":"","theme-transparent-header-meta":"default","adv-header-id-meta":"","stick-header-meta":"default","header-above-stick-meta":"","header-main-stick-meta":"","header-below-stick-meta":"","astra-migrate-meta-layouts":"set","ast-page-background-enabled":"default","ast-page-background-meta":{"desktop":{"background-color":"var(--ast-global-color-4)","background-image":"","background-repeat":"repeat","background-position":"center center","background-size":"auto","background-attachment":"scroll","background-type":"","background-media":"","overlay-type":"","overlay-color":"","overlay-opacity":"","overlay-gradient":""},"tablet":{"background-color":"","background-image":"","background-repeat":"repeat","background-position":"center center","background-size":"auto","background-attachment":"scroll","background-type":"","background-media":"","overlay-type":"","overlay-color":"","overlay-opacity":"","overlay-gradient":""},"mobile":{"background-color":"","background-image":"","background-repeat":"repeat","background-position":"center center","background-size":"auto","background-attachment":"scroll","background-type":"","background-media":"","overlay-type":"","overlay-color":"","overlay-opacity":"","overlay-gradient":""}},"ast-content-background-meta":{"desktop":{"background-color":"var(--ast-global-color-5)","background-image":"","background-repeat":"repeat","background-position":"center center","background-size":"auto","background-attachment":"scroll","background-type":"","background-media":"","overlay-type":"","overlay-color":"","overlay-opacity":"","overlay-gradient":""},"tablet":{"background-color":"var(--ast-global-color-5)","background-image":"","background-repeat":"repeat","background-position":"center center","background-size":"auto","background-attachment":"scroll","background-type":"","background-media":"","overlay-type":"","overlay-color":"","overlay-opacity":"","overlay-gradient":""},"mobile":{"background-color":"var(--ast-global-color-5)","background-image":"","background-repeat":"repeat","background-position":"center center","background-size":"auto","background-attachment":"scroll","background-type":"","background-media":"","overlay-type":"","overlay-color":"","overlay-opacity":"","overlay-gradient":""}},"footnotes":""},"yst_prominent_words":[],"class_list":["post-29049","page","type-page","status-publish","hentry"],"_links":{"self":[{"href":"https:\/\/www.9h05.com\/es\/wp-json\/wp\/v2\/pages\/29049","targetHints":{"allow":["GET"]}}],"collection":[{"href":"https:\/\/www.9h05.com\/es\/wp-json\/wp\/v2\/pages"}],"about":[{"href":"https:\/\/www.9h05.com\/es\/wp-json\/wp\/v2\/types\/page"}],"author":[{"embeddable":true,"href":"https:\/\/www.9h05.com\/es\/wp-json\/wp\/v2\/users\/9"}],"replies":[{"embeddable":true,"href":"https:\/\/www.9h05.com\/es\/wp-json\/wp\/v2\/comments?post=29049"}],"version-history":[{"count":3,"href":"https:\/\/www.9h05.com\/es\/wp-json\/wp\/v2\/pages\/29049\/revisions"}],"predecessor-version":[{"id":29052,"href":"https:\/\/www.9h05.com\/es\/wp-json\/wp\/v2\/pages\/29049\/revisions\/29052"}],"up":[{"embeddable":true,"href":"https:\/\/www.9h05.com\/es\/wp-json\/wp\/v2\/pages\/29032"}],"wp:attachment":[{"href":"https:\/\/www.9h05.com\/es\/wp-json\/wp\/v2\/media?parent=29049"}],"wp:term":[{"taxonomy":"yst_prominent_words","embeddable":true,"href":"https:\/\/www.9h05.com\/es\/wp-json\/wp\/v2\/yst_prominent_words?post=29049"}],"curies":[{"name":"wp","href":"https:\/\/api.w.org\/{rel}","templated":true}]}}