{"id":29045,"date":"2024-09-19T11:40:42","date_gmt":"2024-09-19T11:40:42","guid":{"rendered":"https:\/\/www.9h05.com\/?page_id=29045"},"modified":"2024-09-19T11:42:02","modified_gmt":"2024-09-19T11:42:02","slug":"canada","status":"publish","type":"page","link":"https:\/\/www.9h05.com\/es\/traducciones\/pais-destino\/canada\/","title":{"rendered":"Canad\u00e1"},"content":{"rendered":"<div class=\"tmpl-about-5 boldgrid-section dynamic-gridblock background-fixed\" style=\"background-position: 50% 50%; background-size: auto; background-image: url('https:\/\/www.9h05.com\/wp-content\/plugins\/post-and-page-builder\/assets\/image\/patterns\/diagmonds.png'); background-repeat: repeat;\">\n<div class=\"container-fluid\">\n<div class=\"row\">\n<div class=\"col-md-5 col-sm-6 col-xs-12 col-lg-9\">\n<div class=\"bg-box-cover color5-background-color color-5-text-contrast bg-background-color bg-box\" style=\"padding: 40px 20%;\">\n<h2 class=\"h1 color4-color\">Canad\u00e1<\/h2>\n<h4 class=\"\" style=\"margin-top: 20px;\">Traducciones al ingl\u00e9s y franc\u00e9s para Canad\u00e1<\/h4>\n<p style=\"text-align: center;\">&nbsp;<\/p>\n<p class=\"\" style=\"text-align: center;\"><a class=\"btn btn-longshadow btn-small-caps btn-pill btn-color-3\" href=\"https:\/\/pay.9h05.com\">Contratar<\/a><\/p>\n<p class=\"\">&nbsp;<\/p>\n<p><strong>Ficha de Presentaci\u00f3n: Canad\u00e1<\/strong><\/p>\n<div class=\"row bg-editor-hr-wrap\">\n<div class=\"col-lg-12 col-md-12 col-xs-12 col-sm-12\">\n<hr>\n<\/div>\n<\/div>\n<p><strong>Nombre Oficial:<\/strong><br \/>\nCanad\u00e1<\/p>\n<div class=\"row bg-editor-hr-wrap\">\n<div class=\"col-lg-12 col-md-12 col-xs-12 col-sm-12\">\n<hr>\n<\/div>\n<\/div>\n<h3><strong>Datos Geogr\u00e1ficos:<\/strong><\/h3>\n<ul class=\"\">\n<li><strong>Ubicaci\u00f3n:<\/strong><br \/>\nCanad\u00e1 se encuentra en la parte septentrional de Am\u00e9rica del Norte. Limita al sur con Estados Unidos, al norte con el oc\u00e9ano \u00c1rtico, al este con el oc\u00e9ano Atl\u00e1ntico y al oeste con el oc\u00e9ano Pac\u00edfico y Alaska, estado de EE. UU.<\/li>\n<li><strong>Superficie:<\/strong><br \/>\n9.984.670 km\u00b2, lo que convierte a Canad\u00e1 en el segundo pa\u00eds m\u00e1s grande del mundo por extensi\u00f3n territorial, solo superado por Rusia.<\/li>\n<li><strong>Geograf\u00eda:<\/strong><br \/>\nCanad\u00e1 tiene una geograf\u00eda diversa que incluye tundras \u00e1rticas en el norte, vastas llanuras en el centro, y cadenas monta\u00f1osas en el oeste (Monta\u00f1as Rocosas). Al este se encuentran los bosques y las tierras altas de los Apalaches, mientras que los Grandes Lagos y el r\u00edo San Lorenzo forman importantes v\u00edas navegables. Su geograf\u00eda tambi\u00e9n est\u00e1 marcada por enormes reservas de agua dulce, glaciares y la impresionante cordillera de los Andes canadienses en el oeste.<\/li>\n<\/ul>\n<div class=\"row bg-editor-hr-wrap\">\n<div class=\"col-lg-12 col-md-12 col-xs-12 col-sm-12\">\n<hr>\n<\/div>\n<\/div>\n<h3 class=\"\"><strong>Datos Demogr\u00e1ficos:<\/strong><\/h3>\n<ul class=\"\">\n<li><strong>Poblaci\u00f3n:<\/strong><br \/>\nAproximadamente 38 millones de habitantes (2023), lo que lo convierte en un pa\u00eds con baja densidad de poblaci\u00f3n debido a su vasto territorio. La mayor\u00eda de los canadienses viven cerca de la frontera con Estados Unidos, principalmente en las provincias de Ontario y Quebec.<\/li>\n<li><strong>Capital:<\/strong><br \/>\nOttawa, situada en la provincia de Ontario, es la cuarta ciudad m\u00e1s grande del pa\u00eds y el centro pol\u00edtico del gobierno federal.<\/li>\n<li><strong>Ciudades Principales:<\/strong>\n<ul>\n<li><strong><a href=\"https:\/\/www.9h05.com\/es\/canada\/toronto\/traducciones-certificadas-ingles-espanol-toronto-canada-visas-ircc-migracion\/\">Toronto<\/a>:<\/strong> Es la ciudad m\u00e1s grande de Canad\u00e1 y un importante centro financiero y cultural.<\/li>\n<li><strong>Montreal:<\/strong> El centro cultural de la provincia franc\u00f3fona de Quebec y un polo industrial.<\/li>\n<li><strong>Vancouver:<\/strong> Ubicada en la costa oeste, es un importante puerto y centro tecnol\u00f3gico.<\/li>\n<li><strong>Calgary:<\/strong> Famosa por su industria energ\u00e9tica, en particular el petr\u00f3leo y el gas.<\/li>\n<\/ul>\n<\/li>\n<li><strong>Idiomas Oficiales:<\/strong><br \/>\nCanad\u00e1 es un pa\u00eds oficialmente biling\u00fce. Los idiomas oficiales son el ingl\u00e9s y el franc\u00e9s, siendo el franc\u00e9s predominante en la provincia de Quebec y partes de Nuevo Brunswick, mientras que el ingl\u00e9s domina en el resto del pa\u00eds.<\/li>\n<li><strong>Religi\u00f3n:<\/strong><br \/>\nEl cristianismo es la religi\u00f3n mayoritaria, con una notable presencia de cat\u00f3licos y protestantes. Sin embargo, Canad\u00e1 es un pa\u00eds secular con una creciente diversidad religiosa, incluyendo comunidades musulmanas, jud\u00edas, hind\u00faes, budistas y sijs, debido a su naturaleza multicultural.<\/li>\n<\/ul>\n<div class=\"row bg-editor-hr-wrap\">\n<div class=\"col-lg-12 col-md-12 col-xs-12 col-sm-12\">\n<hr>\n<\/div>\n<\/div>\n<h3><strong>Sistema Pol\u00edtico:<\/strong><\/h3>\n<ul class=\"\">\n<li><strong>Forma de Gobierno:<\/strong><br \/>\nMonarqu\u00eda constitucional parlamentaria y democracia federal. El rey o reina de Canad\u00e1 (de la corona brit\u00e1nica) es el jefe de Estado, representado en el pa\u00eds por un gobernador general. El primer ministro es el jefe de gobierno, elegido mediante un sistema parlamentario.<\/li>\n<li><strong>Primer Ministro:<\/strong><br \/>\nEl primer ministro se elige cada cuatro a\u00f1os.<\/li>\n<li><strong>Divisi\u00f3n de Poderes:<\/strong><br \/>\nEl gobierno de Canad\u00e1 tiene tres ramas principales:<\/p>\n<ul>\n<li><strong>Ejecutivo:<\/strong> Encabezado por el primer ministro y el gabinete.<\/li>\n<li><strong>Legislativo:<\/strong> Compuesto por el Parlamento bicameral, que incluye la C\u00e1mara de los Comunes (electa) y el Senado (nombrado).<\/li>\n<li><strong>Judicial:<\/strong> Liderado por la Corte Suprema de Canad\u00e1, que es el tribunal de mayor jerarqu\u00eda.<\/li>\n<\/ul>\n<\/li>\n<li><strong>Constituci\u00f3n:<\/strong><br \/>\nLa Constituci\u00f3n de Canad\u00e1 est\u00e1 basada en la Ley Constitucional de 1867, que uni\u00f3 las provincias en una federaci\u00f3n, y la Ley Constitucional de 1982, que incluy\u00f3 la Carta Canadiense de Derechos y Libertades.<\/li>\n<\/ul>\n<div class=\"row bg-editor-hr-wrap\">\n<div class=\"col-lg-12 col-md-12 col-xs-12 col-sm-12\">\n<hr>\n<\/div>\n<\/div>\n<h3><strong>Econom\u00eda:<\/strong><\/h3>\n<ul>\n<li><strong>Moneda:<\/strong><br \/>\nD\u00f3lar canadiense (CAD).<\/li>\n<li><strong>PIB:<\/strong><br \/>\nAproximadamente 2 billones de d\u00f3lares canadienses (2023), lo que lo coloca entre las econom\u00edas m\u00e1s grandes del mundo.<\/li>\n<li><strong>Principales Industrias:<\/strong><br \/>\nCanad\u00e1 tiene una econom\u00eda avanzada y diversificada, con sectores clave como los recursos naturales (petr\u00f3leo, gas, minerales y madera), la manufactura, los servicios financieros y la tecnolog\u00eda. Es uno de los mayores productores de petr\u00f3leo, especialmente en la regi\u00f3n de Alberta.<\/li>\n<\/ul>\n<div class=\"row bg-editor-hr-wrap\">\n<div class=\"col-lg-12 col-md-12 col-xs-12 col-sm-12\">\n<hr>\n<\/div>\n<\/div>\n<h3><strong>Otros Datos de Inter\u00e9s:<\/strong><\/h3>\n<ul class=\"\">\n<li><strong>Fuerzas Armadas:<\/strong><br \/>\nLas Fuerzas Armadas Canadienses son una fuerza militar moderna que participa en misiones de paz de la ONU y en la OTAN.<\/li>\n<li><strong>Multiculturalismo:<\/strong><br \/>\nCanad\u00e1 es conocido por su enfoque en el multiculturalismo, con pol\u00edticas que fomentan la inclusi\u00f3n y la diversidad cultural, lo que ha atra\u00eddo a inmigrantes de todo el mundo.<\/li>\n<li><strong>Organizaciones Internacionales:<\/strong><br \/>\nCanad\u00e1 es miembro de la ONU, la OTAN, el G7, el G20 y la Commonwealth, entre otras.<\/li>\n<\/ul>\n<\/div>\n<\/div>\n<div class=\"col-md-7 col-sm-6 col-xs-12 col-lg-3\"><\/div>\n<\/div>\n<\/div>\n<\/div>\n<div class=\"boldgrid-section\">\n<div class=\"container\">\n<div class=\"row\">\n<div class=\"col-lg-12 col-md-12 col-xs-12 col-sm-12\">\n<p>&nbsp;<\/p>\n<\/div>\n<\/div>\n<\/div>\n<\/div>\n<div class=\"boldgrid-section\">\n<div class=\"container\">\n<div class=\"row\">\n<div class=\"col-lg-12 col-md-12 col-xs-12 col-sm-12\"><\/div>\n<\/div>\n<\/div>\n<\/div>\n","protected":false},"excerpt":{"rendered":"<p>Canad\u00e1 Traducciones al ingl\u00e9s y franc\u00e9s para Canad\u00e1 &nbsp; Contratar &nbsp; Ficha de Presentaci\u00f3n: Canad\u00e1 Nombre Oficial: Canad\u00e1 Datos Geogr\u00e1ficos: Ubicaci\u00f3n: Canad\u00e1 se encuentra en la parte septentrional de Am\u00e9rica del Norte. Limita al sur con Estados Unidos, al norte con el oc\u00e9ano \u00c1rtico, al este con el oc\u00e9ano Atl\u00e1ntico y al oeste con el [&hellip;]<\/p>\n","protected":false},"author":9,"featured_media":0,"parent":29032,"menu_order":0,"comment_status":"closed","ping_status":"closed","template":"template\/page\/fullwidth.php","meta":{"site-sidebar-layout":"default","site-content-layout":"","ast-site-content-layout":"default","site-content-style":"default","site-sidebar-style":"default","ast-global-header-display":"","ast-banner-title-visibility":"","ast-main-header-display":"","ast-hfb-above-header-display":"","ast-hfb-below-header-display":"","ast-hfb-mobile-header-display":"","site-post-title":"","ast-breadcrumbs-content":"","ast-featured-img":"","footer-sml-layout":"","theme-transparent-header-meta":"default","adv-header-id-meta":"","stick-header-meta":"default","header-above-stick-meta":"","header-main-stick-meta":"","header-below-stick-meta":"","astra-migrate-meta-layouts":"set","ast-page-background-enabled":"default","ast-page-background-meta":{"desktop":{"background-color":"var(--ast-global-color-4)","background-image":"","background-repeat":"repeat","background-position":"center center","background-size":"auto","background-attachment":"scroll","background-type":"","background-media":"","overlay-type":"","overlay-color":"","overlay-opacity":"","overlay-gradient":""},"tablet":{"background-color":"","background-image":"","background-repeat":"repeat","background-position":"center center","background-size":"auto","background-attachment":"scroll","background-type":"","background-media":"","overlay-type":"","overlay-color":"","overlay-opacity":"","overlay-gradient":""},"mobile":{"background-color":"","background-image":"","background-repeat":"repeat","background-position":"center center","background-size":"auto","background-attachment":"scroll","background-type":"","background-media":"","overlay-type":"","overlay-color":"","overlay-opacity":"","overlay-gradient":""}},"ast-content-background-meta":{"desktop":{"background-color":"var(--ast-global-color-5)","background-image":"","background-repeat":"repeat","background-position":"center center","background-size":"auto","background-attachment":"scroll","background-type":"","background-media":"","overlay-type":"","overlay-color":"","overlay-opacity":"","overlay-gradient":""},"tablet":{"background-color":"var(--ast-global-color-5)","background-image":"","background-repeat":"repeat","background-position":"center center","background-size":"auto","background-attachment":"scroll","background-type":"","background-media":"","overlay-type":"","overlay-color":"","overlay-opacity":"","overlay-gradient":""},"mobile":{"background-color":"var(--ast-global-color-5)","background-image":"","background-repeat":"repeat","background-position":"center center","background-size":"auto","background-attachment":"scroll","background-type":"","background-media":"","overlay-type":"","overlay-color":"","overlay-opacity":"","overlay-gradient":""}},"footnotes":""},"yst_prominent_words":[],"class_list":["post-29045","page","type-page","status-publish","hentry"],"_links":{"self":[{"href":"https:\/\/www.9h05.com\/es\/wp-json\/wp\/v2\/pages\/29045","targetHints":{"allow":["GET"]}}],"collection":[{"href":"https:\/\/www.9h05.com\/es\/wp-json\/wp\/v2\/pages"}],"about":[{"href":"https:\/\/www.9h05.com\/es\/wp-json\/wp\/v2\/types\/page"}],"author":[{"embeddable":true,"href":"https:\/\/www.9h05.com\/es\/wp-json\/wp\/v2\/users\/9"}],"replies":[{"embeddable":true,"href":"https:\/\/www.9h05.com\/es\/wp-json\/wp\/v2\/comments?post=29045"}],"version-history":[{"count":3,"href":"https:\/\/www.9h05.com\/es\/wp-json\/wp\/v2\/pages\/29045\/revisions"}],"predecessor-version":[{"id":29048,"href":"https:\/\/www.9h05.com\/es\/wp-json\/wp\/v2\/pages\/29045\/revisions\/29048"}],"up":[{"embeddable":true,"href":"https:\/\/www.9h05.com\/es\/wp-json\/wp\/v2\/pages\/29032"}],"wp:attachment":[{"href":"https:\/\/www.9h05.com\/es\/wp-json\/wp\/v2\/media?parent=29045"}],"wp:term":[{"taxonomy":"yst_prominent_words","embeddable":true,"href":"https:\/\/www.9h05.com\/es\/wp-json\/wp\/v2\/yst_prominent_words?post=29045"}],"curies":[{"name":"wp","href":"https:\/\/api.w.org\/{rel}","templated":true}]}}