{"id":29034,"date":"2024-09-19T11:35:31","date_gmt":"2024-09-19T11:35:31","guid":{"rendered":"https:\/\/www.9h05.com\/?page_id=29034"},"modified":"2024-09-19T11:37:07","modified_gmt":"2024-09-19T11:37:07","slug":"estados-unidos","status":"publish","type":"page","link":"https:\/\/www.9h05.com\/es\/traducciones\/pais-destino\/estados-unidos\/","title":{"rendered":"Estados Unidos"},"content":{"rendered":"<div class=\"tmpl-about-5 boldgrid-section dynamic-gridblock background-fixed\" style=\"background-position: 50% 50%; background-size: auto; background-image: url('https:\/\/www.9h05.com\/wp-content\/plugins\/post-and-page-builder\/assets\/image\/patterns\/diagmonds.png'); background-repeat: repeat;\">\n<div class=\"container-fluid\">\n<div class=\"row\">\n<div class=\"col-md-5 col-sm-6 col-xs-12 col-lg-9\">\n<div class=\"bg-box-cover color5-background-color color-5-text-contrast bg-background-color bg-box\" style=\"padding: 40px 20%;\">\n<h2 class=\"h1 color4-color\">Estados Unidos<\/h2>\n<h4 class=\"\" style=\"margin-top: 20px;\">Traducciones al ingl\u00e9s para Estados Unidos<\/h4>\n<p>&nbsp;<\/p>\n<p><strong>Ficha de Presentaci\u00f3n: Estados Unidos de Am\u00e9rica (USA)<\/strong><\/p>\n<div class=\"row bg-editor-hr-wrap\">\n<div class=\"col-lg-12 col-md-12 col-xs-12 col-sm-12\">\n<hr>\n<\/div>\n<\/div>\n<p class=\"\"><strong>Nombre Oficial:<\/strong><br \/>\nEstados Unidos de Am\u00e9rica (United States of America)<\/p>\n<div class=\"row bg-editor-hr-wrap\">\n<div class=\"col-lg-12 col-md-12 col-xs-12 col-sm-12\">\n<hr>\n<\/div>\n<\/div>\n<h3><strong>Datos Geogr\u00e1ficos:<\/strong><\/h3>\n<ul class=\"\">\n<li><strong>Ubicaci\u00f3n:<\/strong><br \/>\nEl pa\u00eds se localiza en Am\u00e9rica del Norte, compartiendo fronteras con Canad\u00e1 al norte, M\u00e9xico al sur, el Oc\u00e9ano Atl\u00e1ntico al este y el Oc\u00e9ano Pac\u00edfico al oeste. Adem\u00e1s, el estado de Alaska limita con Canad\u00e1 al este y con Rusia al otro lado del estrecho de Bering, y Haw\u00e1i es un archipi\u00e9lago en el Oc\u00e9ano Pac\u00edfico.<\/li>\n<li><strong>Superficie:<\/strong><br \/>\n9.831.510 km\u00b2, lo que convierte a Estados Unidos en el tercer pa\u00eds m\u00e1s grande del mundo en t\u00e9rminos de \u00e1rea, despu\u00e9s de Rusia y Canad\u00e1.<\/li>\n<li><strong>Geograf\u00eda:<\/strong><br \/>\nEstados Unidos presenta una amplia variedad de paisajes que incluyen monta\u00f1as (las Rocosas y los Apalaches), vastas llanuras, bosques, desiertos (como en Arizona y Nevada) y costas tanto atl\u00e1nticas como pac\u00edficas. El r\u00edo Misisipi, uno de los m\u00e1s largos del mundo, recorre gran parte del centro del pa\u00eds.<\/li>\n<\/ul>\n<div class=\"row bg-editor-hr-wrap\">\n<div class=\"col-lg-12 col-md-12 col-xs-12 col-sm-12\">\n<hr>\n<\/div>\n<\/div>\n<h3><strong>Datos Demogr\u00e1ficos:<\/strong><\/h3>\n<ul class=\"\">\n<li><strong>Poblaci\u00f3n:<\/strong><br \/>\nAproximadamente 331 millones de habitantes (2023), lo que lo convierte en el tercer pa\u00eds m\u00e1s poblado del mundo, despu\u00e9s de China y la India.<\/li>\n<li><strong>Capital:<\/strong><br \/>\nWashington D.C.<\/li>\n<li><strong>Ciudades Principales:<\/strong>\n<ul>\n<li><strong>Nueva York:<\/strong> Es la ciudad m\u00e1s grande y un importante centro financiero global.<\/li>\n<li><strong>Los \u00c1ngeles:<\/strong> Famosa por ser el coraz\u00f3n de la industria del cine y el entretenimiento.<\/li>\n<li><strong>Chicago:<\/strong> Importante centro industrial y de transportes.<\/li>\n<li><strong>Houston:<\/strong> Conocida por su industria energ\u00e9tica, especialmente el petr\u00f3leo y el gas.<\/li>\n<li><strong>Miami:<\/strong> Un importante centro de comercio internacional, con gran influencia latinoamericana.<\/li>\n<\/ul>\n<\/li>\n<li><strong>Idiomas:<\/strong><br \/>\nEl idioma oficial a nivel federal es el <a href=\"https:\/\/www.9h05.com\/es\/traducciones-certificadas-espanol-ingles\/uscis-visas-estados-unidos\/\">ingl\u00e9s<\/a>, aunque el <a href=\"https:\/\/www.9h05.com\/es\/traducciones-certificadas-espanol-ingles\/\">espa\u00f1ol<\/a> es ampliamente hablado, especialmente en los estados fronterizos con M\u00e9xico, Florida y en algunas grandes ciudades.<\/li>\n<li><strong>Religi\u00f3n:<\/strong><br \/>\nEstados Unidos es un pa\u00eds de gran diversidad religiosa. La mayor\u00eda de la poblaci\u00f3n se identifica como cristiana (principalmente protestante y cat\u00f3lica), pero tambi\u00e9n existen comunidades jud\u00edas, musulmanas, hind\u00faes, budistas y una creciente cantidad de personas que no se identifican con ninguna religi\u00f3n.<\/li>\n<\/ul>\n<div class=\"row bg-editor-hr-wrap\">\n<div class=\"col-lg-12 col-md-12 col-xs-12 col-sm-12\">\n<hr>\n<\/div>\n<\/div>\n<h3><strong>Sistema Pol\u00edtico:<\/strong><\/h3>\n<ul class=\"\">\n<li><strong>Forma de Gobierno:<\/strong><br \/>\nRep\u00fablica Federal Democr\u00e1tica. Es una rep\u00fablica presidencialista donde el poder se distribuye entre el gobierno federal y los gobiernos estatales.<\/li>\n<li><strong>Presidente:<\/strong><br \/>\nEl presidente de los Estados Unidos es el jefe de Estado y de Gobierno, y tambi\u00e9n es el comandante en jefe de las Fuerzas Armadas. El cargo se renueva cada cuatro a\u00f1os mediante elecciones.&nbsp;<\/li>\n<li><strong>Divisi\u00f3n de Poderes:<\/strong><br \/>\nEl gobierno se organiza en tres ramas:<\/p>\n<ul>\n<li><strong>Ejecutivo:<\/strong> Encabezado por el presidente.<\/li>\n<li><strong>Legislativo:<\/strong> Compuesto por el Congreso, que a su vez se divide en dos c\u00e1maras: el Senado y la C\u00e1mara de Representantes.<\/li>\n<li><strong>Judicial:<\/strong> Liderado por la Corte Suprema de Justicia, que interpreta la Constituci\u00f3n y supervisa el cumplimiento de las leyes.<\/li>\n<\/ul>\n<\/li>\n<li><strong>Constituci\u00f3n:<\/strong><br \/>\nLa Constituci\u00f3n de Estados Unidos, adoptada en 1787, es uno de los documentos m\u00e1s antiguos en uso continuo y establece los principios de democracia y federalismo. Ha sido enmendada 27 veces para reflejar los cambios sociales y pol\u00edticos.<\/li>\n<\/ul>\n<div class=\"row bg-editor-hr-wrap\">\n<div class=\"col-lg-12 col-md-12 col-xs-12 col-sm-12\">\n<hr>\n<\/div>\n<\/div>\n<h3><strong>Econom\u00eda:<\/strong><\/h3>\n<ul class=\"\">\n<li><strong>Moneda:<\/strong><br \/>\nD\u00f3lar estadounidense (USD).<\/li>\n<li><strong>PIB:<\/strong><br \/>\nAproximadamente 25 billones de d\u00f3lares (2023), siendo la mayor econom\u00eda del mundo.<\/li>\n<li><strong>Principales Industrias:<\/strong><br \/>\nEstados Unidos tiene una econom\u00eda diversificada que incluye la tecnolog\u00eda (Silicon Valley), el entretenimiento (Hollywood), la energ\u00eda, la manufactura y los servicios financieros.<\/li>\n<\/ul>\n<div class=\"row bg-editor-hr-wrap\">\n<div class=\"col-lg-12 col-md-12 col-xs-12 col-sm-12\">\n<hr>\n<\/div>\n<\/div>\n<h3><strong>Otros Datos de Inter\u00e9s:<\/strong><\/h3>\n<ul class=\"\">\n<li><strong>Fuerzas Armadas:<\/strong><br \/>\nEstados Unidos posee uno de los ej\u00e9rcitos m\u00e1s poderosos del mundo, con una gran presencia global a trav\u00e9s de bases militares en varios pa\u00edses.<\/li>\n<li><strong>Organizaciones Internacionales:<\/strong><br \/>\nEs miembro fundador de la ONU, la OTAN, el G7, el G20, la OMC, entre otros organismos internacionales.<\/li>\n<\/ul>\n<\/div>\n<\/div>\n<div class=\"col-md-7 col-sm-6 col-xs-12 col-lg-3\"><\/div>\n<\/div>\n<\/div>\n<\/div>\n<div class=\"boldgrid-section\">\n<div class=\"container\">\n<div class=\"row\">\n<div class=\"col-lg-12 col-md-12 col-xs-12 col-sm-12\">\n<p>&nbsp;<\/p>\n<\/div>\n<\/div>\n<\/div>\n<\/div>\n","protected":false},"excerpt":{"rendered":"<p>Estados Unidos Traducciones al ingl\u00e9s para Estados Unidos &nbsp; Ficha de Presentaci\u00f3n: Estados Unidos de Am\u00e9rica (USA) Nombre Oficial: Estados Unidos de Am\u00e9rica (United States of America) Datos Geogr\u00e1ficos: Ubicaci\u00f3n: El pa\u00eds se localiza en Am\u00e9rica del Norte, compartiendo fronteras con Canad\u00e1 al norte, M\u00e9xico al sur, el Oc\u00e9ano Atl\u00e1ntico al este y el Oc\u00e9ano [&hellip;]<\/p>\n","protected":false},"author":9,"featured_media":0,"parent":29032,"menu_order":0,"comment_status":"closed","ping_status":"closed","template":"template\/page\/fullwidth.php","meta":{"site-sidebar-layout":"default","site-content-layout":"","ast-site-content-layout":"default","site-content-style":"default","site-sidebar-style":"default","ast-global-header-display":"","ast-banner-title-visibility":"","ast-main-header-display":"","ast-hfb-above-header-display":"","ast-hfb-below-header-display":"","ast-hfb-mobile-header-display":"","site-post-title":"","ast-breadcrumbs-content":"","ast-featured-img":"","footer-sml-layout":"","theme-transparent-header-meta":"default","adv-header-id-meta":"","stick-header-meta":"default","header-above-stick-meta":"","header-main-stick-meta":"","header-below-stick-meta":"","astra-migrate-meta-layouts":"set","ast-page-background-enabled":"default","ast-page-background-meta":{"desktop":{"background-color":"var(--ast-global-color-4)","background-image":"","background-repeat":"repeat","background-position":"center center","background-size":"auto","background-attachment":"scroll","background-type":"","background-media":"","overlay-type":"","overlay-color":"","overlay-opacity":"","overlay-gradient":""},"tablet":{"background-color":"","background-image":"","background-repeat":"repeat","background-position":"center center","background-size":"auto","background-attachment":"scroll","background-type":"","background-media":"","overlay-type":"","overlay-color":"","overlay-opacity":"","overlay-gradient":""},"mobile":{"background-color":"","background-image":"","background-repeat":"repeat","background-position":"center center","background-size":"auto","background-attachment":"scroll","background-type":"","background-media":"","overlay-type":"","overlay-color":"","overlay-opacity":"","overlay-gradient":""}},"ast-content-background-meta":{"desktop":{"background-color":"var(--ast-global-color-5)","background-image":"","background-repeat":"repeat","background-position":"center center","background-size":"auto","background-attachment":"scroll","background-type":"","background-media":"","overlay-type":"","overlay-color":"","overlay-opacity":"","overlay-gradient":""},"tablet":{"background-color":"var(--ast-global-color-5)","background-image":"","background-repeat":"repeat","background-position":"center center","background-size":"auto","background-attachment":"scroll","background-type":"","background-media":"","overlay-type":"","overlay-color":"","overlay-opacity":"","overlay-gradient":""},"mobile":{"background-color":"var(--ast-global-color-5)","background-image":"","background-repeat":"repeat","background-position":"center center","background-size":"auto","background-attachment":"scroll","background-type":"","background-media":"","overlay-type":"","overlay-color":"","overlay-opacity":"","overlay-gradient":""}},"footnotes":""},"yst_prominent_words":[],"class_list":["post-29034","page","type-page","status-publish","hentry"],"_links":{"self":[{"href":"https:\/\/www.9h05.com\/es\/wp-json\/wp\/v2\/pages\/29034","targetHints":{"allow":["GET"]}}],"collection":[{"href":"https:\/\/www.9h05.com\/es\/wp-json\/wp\/v2\/pages"}],"about":[{"href":"https:\/\/www.9h05.com\/es\/wp-json\/wp\/v2\/types\/page"}],"author":[{"embeddable":true,"href":"https:\/\/www.9h05.com\/es\/wp-json\/wp\/v2\/users\/9"}],"replies":[{"embeddable":true,"href":"https:\/\/www.9h05.com\/es\/wp-json\/wp\/v2\/comments?post=29034"}],"version-history":[{"count":1,"href":"https:\/\/www.9h05.com\/es\/wp-json\/wp\/v2\/pages\/29034\/revisions"}],"predecessor-version":[{"id":29044,"href":"https:\/\/www.9h05.com\/es\/wp-json\/wp\/v2\/pages\/29034\/revisions\/29044"}],"up":[{"embeddable":true,"href":"https:\/\/www.9h05.com\/es\/wp-json\/wp\/v2\/pages\/29032"}],"wp:attachment":[{"href":"https:\/\/www.9h05.com\/es\/wp-json\/wp\/v2\/media?parent=29034"}],"wp:term":[{"taxonomy":"yst_prominent_words","embeddable":true,"href":"https:\/\/www.9h05.com\/es\/wp-json\/wp\/v2\/yst_prominent_words?post=29034"}],"curies":[{"name":"wp","href":"https:\/\/api.w.org\/{rel}","templated":true}]}}