{"id":28826,"date":"2024-07-18T09:01:18","date_gmt":"2024-07-18T09:01:18","guid":{"rendered":"https:\/\/www.9h05.com\/?page_id=28826"},"modified":"2024-07-18T09:01:18","modified_gmt":"2024-07-18T09:01:18","slug":"propiedad-intelectual","status":"publish","type":"page","link":"https:\/\/www.9h05.com\/es\/glosario\/propiedad-intelectual\/","title":{"rendered":"Propiedad intelectual (derecho)"},"content":{"rendered":"<div class=\"tmpl-call_to_action-3 boldgrid-section dynamic-gridblock background-scroll\" style=\"color: #1d1d1d; background-position: 50% 50%; background-size: cover; background-image: linear-gradient(to left, #4776e6, #8e54e9);\" data-bg-overlaycolor=\"rgba(238, 238, 238, 0.8)\" data-bg-color-1=\"#4776E6\" data-bg-color-2=\"#8E54E9\" data-bg-direction=\"to left\">\n<div class=\"container\">\n<div class=\"row\" style=\"padding-top: 40px; padding-bottom: 0px;\">\n<div class=\"col-md-8 col-sm-8 col-xs-12 col-lg-8\">\n<p class=\"\"><span style=\"color: #ffffff;\"><a style=\"color: #ffffff;\" href=\"https:\/\/www.9h05.com\/es\/glosario\/\">\u293e&nbsp;Volver al glosario<\/a><\/span><\/p>\n<h2 class=\"\" style=\"text-align: right; font-family: 'Cormorant SC'; font-weight: 600; color: rgba(255, 255, 255, 0.92); font-size: 42px;\" data-font-family=\"Cormorant SC\" data-font-weight=\"600\" data-font-style=\"\"><span style=\"color: #ffffff;\">Glosario<\/span><\/h2>\n<h2 class=\"h1\" style=\"margin: 30px 0px; color: rgba(255, 255, 255, 0.92);\"><span style=\"color: #ffffff;\">Propiedad intelectual (derecho)<\/span><\/h2>\n<p class=\"\"><span style=\"color: #ffffff;\">El derecho de propiedad intelectual es un conjunto de normas y principios que protegen las creaciones de la mente humana, otorgando a los creadores derechos exclusivos sobre sus obras y permiti\u00e9ndoles controlarlas, explotarlas y obtener beneficios econ\u00f3micos de ellas. Este derecho abarca varias \u00e1reas principales:<\/span><\/p>\n<\/div>\n<div class=\"col-md-4 col-sm-4 col-xs-12 align-column-center col-lg-4\">\n<p class=\"\" style=\"text-align: center;\">&nbsp;<\/p>\n<\/div>\n<\/div>\n<div class=\"row\" style=\"padding-top: 40px; padding-bottom: 40px;\">\n<div class=\"col-lg-2 col-md-12 col-sm-12 col-xs-12\" style=\"color: #1d1d1d;\"><\/div>\n<div class=\"col-md-8 col-sm-8 col-xs-12 col-lg-10\">\n<h3 class=\"\"><span style=\"color: #ffffff;\">1. <strong>Derechos de autor y derechos conexos<\/strong><\/span><\/h3>\n<ul class=\"\">\n<li><span style=\"color: #ffffff;\"><strong>Derechos de autor:<\/strong> Protegen obras literarias, art\u00edsticas y cient\u00edficas, como libros, m\u00fasica, pinturas, esculturas, software, y pel\u00edculas. Los derechos de autor otorgan a los creadores el control sobre la reproducci\u00f3n, distribuci\u00f3n, comunicaci\u00f3n p\u00fablica, y transformaci\u00f3n de sus obras.<\/span><\/li>\n<li><span style=\"color: #ffffff;\"><strong>Derechos conexos:<\/strong> Se refieren a los derechos de los int\u00e9rpretes, productores de fonogramas, y organismos de radiodifusi\u00f3n en relaci\u00f3n con sus interpretaciones, grabaciones y emisiones.<\/span><\/li>\n<\/ul>\n<h3 class=\"\"><span style=\"color: #ffffff;\">2. <strong>Propiedad industrial<\/strong><\/span><\/h3>\n<ul class=\"\">\n<li><span style=\"color: #ffffff;\"><strong>Patentes:<\/strong> Protegen invenciones que son nuevas, implican una actividad inventiva y son susceptibles de aplicaci\u00f3n industrial. Las patentes otorgan a los inventores derechos exclusivos sobre el uso y explotaci\u00f3n de su invenci\u00f3n por un per\u00edodo limitado, generalmente 20 a\u00f1os.<\/span><\/li>\n<li><span style=\"color: #ffffff;\"><strong>Marcas:<\/strong> Protegen signos distintivos que identifican productos o servicios en el mercado, como nombres, logotipos y esl\u00f3ganes. Las marcas ayudan a los consumidores a reconocer y distinguir los productos de una empresa de los de otra.<\/span><\/li>\n<li><span style=\"color: #ffffff;\"><strong>Dise\u00f1os industriales:<\/strong> Protegen la apariencia ornamental o est\u00e9tica de un producto. Esto incluye la forma, el patr\u00f3n o el color de un objeto.<\/span><\/li>\n<li><span style=\"color: #ffffff;\"><strong>Indicaciones geogr\u00e1ficas:<\/strong> Protegen nombres que identifican un producto como originario de un lugar espec\u00edfico, donde una calidad, reputaci\u00f3n u otra caracter\u00edstica del producto es atribuible a su origen geogr\u00e1fico.<\/span><\/li>\n<\/ul>\n<h3 class=\"\"><span style=\"color: #ffffff;\">3. <strong>Variedades vegetales<\/strong><\/span><\/h3>\n<ul>\n<li><span style=\"color: #ffffff;\">Protegen nuevas variedades de plantas que son distintas, uniformes y estables. Los derechos sobre las variedades vegetales permiten a los obtentores de nuevas variedades controlarlas y explotarlas comercialmente.<\/span><\/li>\n<\/ul>\n<h3 class=\"\"><span style=\"color: #ffffff;\">4. <strong>Conocimientos tradicionales y expresiones culturales<\/strong><\/span><\/h3>\n<ul class=\"\">\n<li><span style=\"color: #ffffff;\"><strong>Conocimientos tradicionales:<\/strong> Se refiere a los conocimientos, innovaciones y pr\u00e1cticas de comunidades ind\u00edgenas y locales que se han desarrollado y transmitido de generaci\u00f3n en generaci\u00f3n.<\/span><\/li>\n<li><span style=\"color: #ffffff;\"><strong>Expresiones culturales tradicionales:<\/strong> Incluyen manifestaciones como danzas, canciones, arte, rituales y otros elementos culturales que son parte de la identidad y el patrimonio de una comunidad.<\/span><\/li>\n<\/ul>\n<h3 class=\"\"><span style=\"color: #ffffff;\">Caracter\u00edsticas del derecho de propiedad intelectual<\/span><\/h3>\n<ul class=\"\">\n<li><span style=\"color: #ffffff;\"><strong>Exclusividad:<\/strong> Los titulares de derechos de propiedad intelectual tienen el derecho exclusivo de utilizar sus creaciones y de autorizar o prohibir su uso por terceros.<\/span><\/li>\n<li><span style=\"color: #ffffff;\"><strong>Temporalidad:<\/strong> Los derechos de propiedad intelectual son generalmente temporales. Por ejemplo, los derechos de autor duran la vida del autor m\u00e1s un n\u00famero determinado de a\u00f1os despu\u00e9s de su muerte (normalmente 70 a\u00f1os).<\/span><\/li>\n<li><span style=\"color: #ffffff;\"><strong>Territorialidad:<\/strong> Los derechos de propiedad intelectual son territoriales, es decir, se aplican solo en los pa\u00edses donde se han concedido y son reconocidos.<\/span><\/li>\n<li><span style=\"color: #ffffff;\"><strong>Registrabilidad:<\/strong> Algunos derechos de propiedad intelectual, como las patentes y las marcas, requieren registro formal para su protecci\u00f3n, mientras que otros, como los derechos de autor, no necesariamente requieren registro aunque hacerlo puede facilitar la protecci\u00f3n y la prueba de autor\u00eda.<\/span><\/li>\n<\/ul>\n<h3 class=\"\"><span style=\"color: #ffffff;\">Importancia del derecho de propiedad intelectual<\/span><\/h3>\n<ul class=\"\">\n<li><span style=\"color: #ffffff;\"><strong>Incentivo a la innovaci\u00f3n y creatividad:<\/strong> Proporciona a los creadores y empresas un incentivo econ\u00f3mico para innovar y crear, al permitirles beneficiarse de sus invenciones y obras.<\/span><\/li>\n<li><span style=\"color: #ffffff;\"><strong>Protecci\u00f3n de inversiones:<\/strong> Protege las inversiones realizadas en la investigaci\u00f3n y desarrollo de nuevos productos, procesos y obras creativas.<\/span><\/li>\n<li><span style=\"color: #ffffff;\"><strong>Competencia leal:<\/strong> Ayuda a mantener una competencia justa al evitar que terceros utilicen las invenciones, marcas o dise\u00f1os de otros sin autorizaci\u00f3n.<\/span><\/li>\n<li><span style=\"color: #ffffff;\"><strong>Desarrollo econ\u00f3mico y cultural:<\/strong> Fomenta el desarrollo econ\u00f3mico y cultural al promover la difusi\u00f3n de nuevas tecnolog\u00edas, obras culturales y conocimientos.<\/span><\/li>\n<\/ul>\n<h2 class=\"\"><span style=\"color: #ffffff;\">Derecho de propiedad intelectual materia de traducci\u00f3n<\/span><\/h2>\n<div class=\"flex-shrink-0 flex flex-col relative items-end\">\n<div>\n<div class=\"pt-0\">\n<div class=\"gizmo-bot-avatar flex h-8 w-8 items-center justify-center overflow-hidden rounded-full\">\n<div class=\"relative p-1 rounded-sm flex items-center justify-center bg-token-main-surface-primary text-token-text-primary h-8 w-8\"><\/div>\n<\/div>\n<\/div>\n<\/div>\n<\/div>\n<div class=\"group\/conversation-turn relative flex w-full min-w-0 flex-col agent-turn\">\n<div class=\"flex-col gap-1 md:gap-3\">\n<div class=\"flex flex-grow flex-col max-w-full\">\n<div data-message-author-role=\"assistant\" data-message-id=\"cb4e041e-6c80-44ba-a73a-982658ed5b55\" dir=\"auto\" class=\"min-h-[20px] text-message flex w-full flex-col items-end gap-2 whitespace-pre-wrap break-words [.text-message+&amp;]:mt-5 overflow-x-auto\">\n<div class=\"flex w-full flex-col gap-1 empty:hidden first:pt-[3px]\">\n<div class=\"markdown prose w-full break-words dark:prose-invert light\">\n<p class=\"\"><span style=\"color: #ffffff;\">El derecho de propiedad intelectual aplicable a las traducciones se centra principalmente en la protecci\u00f3n de los derechos de autor. A continuaci\u00f3n, se detalla c\u00f3mo se aplica este derecho a las traducciones:<\/span><\/p>\n<h3 class=\"\"><span style=\"color: #ffffff;\">1. <strong>Derechos de autor sobre las traducciones<\/strong><\/span><\/h3>\n<p class=\"\"><span style=\"color: #ffffff;\">Las traducciones se consideran obras derivadas y, como tales, est\u00e1n protegidas por derechos de autor. Esto implica que tanto la obra original como la traducci\u00f3n tienen protecci\u00f3n bajo el derecho de autor, pero con ciertas particularidades:<\/span><\/p>\n<ul class=\"\">\n<li><span style=\"color: #ffffff;\"><strong>Derecho del autor original:<\/strong> El autor de la obra original tiene derechos exclusivos sobre su creaci\u00f3n, incluyendo el derecho a autorizar o prohibir la traducci\u00f3n de su obra. Sin el consentimiento del autor original o del titular de los derechos, no se puede traducir la obra legalmente.<\/span><\/li>\n<li><span style=\"color: #ffffff;\"><strong>Derecho del traductor:<\/strong> Una vez que se obtiene el permiso para traducir, el traductor tambi\u00e9n adquiere derechos de autor sobre su traducci\u00f3n, ya que la traducci\u00f3n se considera una nueva creaci\u00f3n que implica un esfuerzo intelectual significativo.<\/span><\/li>\n<\/ul>\n<h3 class=\"\"><span style=\"color: #ffffff;\">2. <strong>Derechos exclusivos del traductor<\/strong><\/span><\/h3>\n<p><span style=\"color: #ffffff;\">El traductor tiene varios derechos exclusivos sobre su traducci\u00f3n:<\/span><\/p>\n<ul class=\"\">\n<li><span style=\"color: #ffffff;\"><strong>Derecho de reproducci\u00f3n:<\/strong> Control sobre la copia de la traducci\u00f3n.<\/span><\/li>\n<li><span style=\"color: #ffffff;\"><strong>Derecho de distribuci\u00f3n:<\/strong> Control sobre la venta, alquiler o cualquier otra forma de distribuci\u00f3n de la traducci\u00f3n.<\/span><\/li>\n<li><span style=\"color: #ffffff;\"><strong>Derecho de comunicaci\u00f3n p\u00fablica:<\/strong> Control sobre la difusi\u00f3n de la traducci\u00f3n al p\u00fablico, ya sea a trav\u00e9s de medios tradicionales o digitales.<\/span><\/li>\n<li><span style=\"color: #ffffff;\"><strong>Derecho de transformaci\u00f3n:<\/strong> Control sobre cualquier modificaci\u00f3n o adaptaci\u00f3n adicional de la traducci\u00f3n.<\/span><\/li>\n<\/ul>\n<h3 class=\"\"><span style=\"color: #ffffff;\">3. <strong>Obligaciones y limitaciones<\/strong><\/span><\/h3>\n<p><span style=\"color: #ffffff;\">El traductor tambi\u00e9n tiene ciertas obligaciones y limitaciones en relaci\u00f3n con los derechos de autor:<\/span><\/p>\n<ul class=\"\">\n<li><span style=\"color: #ffffff;\"><strong>Reconocimiento del autor original:<\/strong> La traducci\u00f3n debe siempre reconocer al autor de la obra original, y cualquier uso de la traducci\u00f3n debe respetar los derechos morales del autor original, como el derecho a ser reconocido como tal.<\/span><\/li>\n<li><span style=\"color: #ffffff;\"><strong>Licencias y permisos:<\/strong> Para que la traducci\u00f3n sea legalmente v\u00e1lida, el traductor debe haber obtenido la autorizaci\u00f3n adecuada del titular de los derechos de la obra original.<\/span><\/li>\n<\/ul>\n<h3><span style=\"color: #ffffff;\">4. <strong>Duraci\u00f3n de los Derechos<\/strong><\/span><\/h3>\n<p><span style=\"color: #ffffff;\">La duraci\u00f3n de los derechos de autor sobre una traducci\u00f3n generalmente sigue las mismas reglas que otras obras literarias:<\/span><\/p>\n<ul class=\"\">\n<li><span style=\"color: #ffffff;\"><strong>Vida del traductor m\u00e1s 70 a\u00f1os:<\/strong> En muchos pa\u00edses, los derechos de autor sobre una traducci\u00f3n duran toda la vida del traductor m\u00e1s 70 a\u00f1os despu\u00e9s de su muerte. Despu\u00e9s de este per\u00edodo, la traducci\u00f3n entra en el dominio p\u00fablico, permitiendo su uso libre sin necesidad de autorizaci\u00f3n.<\/span><\/li>\n<\/ul>\n<h3 class=\"\"><span style=\"color: #ffffff;\">5. <strong>Excepciones y limitaciones<\/strong><\/span><\/h3>\n<p><span style=\"color: #ffffff;\">Existen algunas excepciones y limitaciones a los derechos de autor que pueden aplicarse a las traducciones:<\/span><\/p>\n<ul class=\"\">\n<li><span style=\"color: #ffffff;\"><strong>Uso justo o <em>Fair use<\/em>:<\/strong> En algunos casos, se permite el uso de partes de una traducci\u00f3n sin autorizaci\u00f3n, como para fines educativos, cr\u00edticos o de investigaci\u00f3n, siempre que se cumplan ciertos criterios.<\/span><\/li>\n<li><span style=\"color: #ffffff;\"><strong>Dominio p\u00fablico:<\/strong> Si la obra original ya est\u00e1 en el dominio p\u00fablico, no se requiere autorizaci\u00f3n para traducirla, pero la traducci\u00f3n en s\u00ed a\u00fan estar\u00e1 protegida por derechos de autor.<\/span><\/li>\n<\/ul>\n<h3 class=\"\"><span style=\"color: #ffffff;\">6. <strong>Registro de la traducci\u00f3n<\/strong><\/span><\/h3>\n<p class=\"\"><span style=\"color: #ffffff;\">Aunque no siempre es obligatorio, registrar la traducci\u00f3n en la oficina de derechos de autor del pa\u00eds correspondiente puede ofrecer beneficios adicionales, como una prueba formal de autor\u00eda y una mayor facilidad para proteger y hacer valer los derechos de autor en caso de disputa.<\/span><\/p>\n<h3 class=\"\"><span style=\"color: #ffffff;\">7. <strong>Protecci\u00f3n internacional<\/strong><\/span><\/h3>\n<p class=\"\"><span style=\"color: #ffffff;\">La protecci\u00f3n de los derechos de autor sobre las traducciones tambi\u00e9n se extiende a nivel internacional a trav\u00e9s de tratados como el Convenio de Berna, que asegura que las obras, incluidas las traducciones, reciban protecci\u00f3n en todos los pa\u00edses signatarios sin necesidad de registro formal en cada pa\u00eds.<\/span><\/p>\n<\/div>\n<\/div>\n<\/div>\n<\/div>\n<\/div>\n<\/div>\n<\/div>\n<\/div>\n<\/div>\n<\/div>\n<div class=\"color2-background-color color-2-text-contrast bg-background-color tmpl-text-2 boldgrid-section dynamic-gridblock\">\n<div class=\"container\"><\/div>\n<\/div>\n<div class=\"boldgrid-section\">\n<div class=\"container\">\n<div class=\"row\">\n<div class=\"col-lg-12 col-md-12 col-xs-12 col-sm-12\">\n<p class=\"\">&nbsp;<\/p>\n<\/div>\n<\/div>\n<\/div>\n<\/div>\n<div class=\"boldgrid-section\">\n<div class=\"container\">\n<div class=\"row\">\n<div class=\"col-lg-12 col-md-12 col-xs-12 col-sm-12\"><\/div>\n<\/div>\n<\/div>\n<\/div>\n","protected":false},"excerpt":{"rendered":"<p>\u293e&nbsp;Volver al glosario Glosario Propiedad intelectual (derecho) El derecho de propiedad intelectual es un conjunto de normas y principios que protegen las creaciones de la mente humana, otorgando a los creadores derechos exclusivos sobre sus obras y permiti\u00e9ndoles controlarlas, explotarlas y obtener beneficios econ\u00f3micos de ellas. Este derecho abarca varias \u00e1reas principales: &nbsp; 1. Derechos [&hellip;]<\/p>\n","protected":false},"author":9,"featured_media":0,"parent":28610,"menu_order":0,"comment_status":"closed","ping_status":"closed","template":"template\/page\/fullwidth.php","meta":{"site-sidebar-layout":"default","site-content-layout":"","ast-site-content-layout":"default","site-content-style":"default","site-sidebar-style":"default","ast-global-header-display":"","ast-banner-title-visibility":"","ast-main-header-display":"","ast-hfb-above-header-display":"","ast-hfb-below-header-display":"","ast-hfb-mobile-header-display":"","site-post-title":"","ast-breadcrumbs-content":"","ast-featured-img":"","footer-sml-layout":"","theme-transparent-header-meta":"default","adv-header-id-meta":"","stick-header-meta":"default","header-above-stick-meta":"","header-main-stick-meta":"","header-below-stick-meta":"","astra-migrate-meta-layouts":"set","ast-page-background-enabled":"default","ast-page-background-meta":{"desktop":{"background-color":"var(--ast-global-color-4)","background-image":"","background-repeat":"repeat","background-position":"center center","background-size":"auto","background-attachment":"scroll","background-type":"","background-media":"","overlay-type":"","overlay-color":"","overlay-opacity":"","overlay-gradient":""},"tablet":{"background-color":"","background-image":"","background-repeat":"repeat","background-position":"center center","background-size":"auto","background-attachment":"scroll","background-type":"","background-media":"","overlay-type":"","overlay-color":"","overlay-opacity":"","overlay-gradient":""},"mobile":{"background-color":"","background-image":"","background-repeat":"repeat","background-position":"center center","background-size":"auto","background-attachment":"scroll","background-type":"","background-media":"","overlay-type":"","overlay-color":"","overlay-opacity":"","overlay-gradient":""}},"ast-content-background-meta":{"desktop":{"background-color":"var(--ast-global-color-5)","background-image":"","background-repeat":"repeat","background-position":"center center","background-size":"auto","background-attachment":"scroll","background-type":"","background-media":"","overlay-type":"","overlay-color":"","overlay-opacity":"","overlay-gradient":""},"tablet":{"background-color":"var(--ast-global-color-5)","background-image":"","background-repeat":"repeat","background-position":"center center","background-size":"auto","background-attachment":"scroll","background-type":"","background-media":"","overlay-type":"","overlay-color":"","overlay-opacity":"","overlay-gradient":""},"mobile":{"background-color":"var(--ast-global-color-5)","background-image":"","background-repeat":"repeat","background-position":"center center","background-size":"auto","background-attachment":"scroll","background-type":"","background-media":"","overlay-type":"","overlay-color":"","overlay-opacity":"","overlay-gradient":""}},"footnotes":""},"yst_prominent_words":[],"class_list":["post-28826","page","type-page","status-publish","hentry"],"_links":{"self":[{"href":"https:\/\/www.9h05.com\/es\/wp-json\/wp\/v2\/pages\/28826","targetHints":{"allow":["GET"]}}],"collection":[{"href":"https:\/\/www.9h05.com\/es\/wp-json\/wp\/v2\/pages"}],"about":[{"href":"https:\/\/www.9h05.com\/es\/wp-json\/wp\/v2\/types\/page"}],"author":[{"embeddable":true,"href":"https:\/\/www.9h05.com\/es\/wp-json\/wp\/v2\/users\/9"}],"replies":[{"embeddable":true,"href":"https:\/\/www.9h05.com\/es\/wp-json\/wp\/v2\/comments?post=28826"}],"version-history":[{"count":1,"href":"https:\/\/www.9h05.com\/es\/wp-json\/wp\/v2\/pages\/28826\/revisions"}],"predecessor-version":[{"id":28827,"href":"https:\/\/www.9h05.com\/es\/wp-json\/wp\/v2\/pages\/28826\/revisions\/28827"}],"up":[{"embeddable":true,"href":"https:\/\/www.9h05.com\/es\/wp-json\/wp\/v2\/pages\/28610"}],"wp:attachment":[{"href":"https:\/\/www.9h05.com\/es\/wp-json\/wp\/v2\/media?parent=28826"}],"wp:term":[{"taxonomy":"yst_prominent_words","embeddable":true,"href":"https:\/\/www.9h05.com\/es\/wp-json\/wp\/v2\/yst_prominent_words?post=28826"}],"curies":[{"name":"wp","href":"https:\/\/api.w.org\/{rel}","templated":true}]}}