{"id":28808,"date":"2024-07-17T09:08:37","date_gmt":"2024-07-17T09:08:37","guid":{"rendered":"https:\/\/www.9h05.com\/?page_id=28808"},"modified":"2024-07-17T09:08:37","modified_gmt":"2024-07-17T09:08:37","slug":"morfologia","status":"publish","type":"page","link":"https:\/\/www.9h05.com\/es\/glosario\/morfologia\/","title":{"rendered":"Morfolog\u00eda"},"content":{"rendered":"<div class=\"tmpl-call_to_action-3 boldgrid-section dynamic-gridblock background-scroll\" style=\"background-position: 50% 50%; background-size: cover; background-image: linear-gradient(to left, #4776e6, #8e54e9);\" data-bg-overlaycolor=\"rgba(238, 238, 238, 0.8)\" data-bg-color-1=\"#4776E6\" data-bg-color-2=\"#8E54E9\" data-bg-direction=\"to left\">\n<div class=\"container\">\n<div class=\"row\" style=\"color: #1d1d1d; padding-top: 40px; padding-bottom: 0px;\">\n<div class=\"col-md-8 col-sm-8 col-xs-12 col-lg-8\">\n<p class=\"\"><span style=\"color: #ffffff;\"><a style=\"color: #ffffff;\" href=\"https:\/\/www.9h05.com\/es\/glosario\/\">\u293e&nbsp;Volver al glosario<\/a><\/span><\/p>\n<h2 class=\"\" style=\"text-align: right; font-family: 'Cormorant SC'; font-weight: 600; color: rgba(255, 255, 255, 0.92); font-size: 42px;\" data-font-family=\"Cormorant SC\" data-font-weight=\"600\" data-font-style=\"\"><span style=\"color: #ffffff;\">Glosario<\/span><\/h2>\n<h2 class=\"h1\" style=\"margin: 30px 0px; color: rgba(255, 255, 255, 0.92);\"><span style=\"color: #ffffff;\">Morfolog\u00eda<\/span><\/h2>\n<div class=\"flex-shrink-0 flex flex-col relative items-end\">\n<div>\n<div class=\"pt-0.5 juice:pt-0\">\n<div class=\"gizmo-bot-avatar flex h-6 w-6 items-center justify-center overflow-hidden rounded-full juice:h-8 juice:w-8\">\n<div>\n<p class=\"\"><span style=\"color: #ffffff;\">La morfolog\u00eda, desde la perspectiva ling\u00fc\u00edstica, es la rama de la ling\u00fc\u00edstica que estudia la estructura interna de las palabras y los procesos de formaci\u00f3n de palabras. Se centra en c\u00f3mo las unidades m\u00ednimas de significado, llamadas morfemas, se combinan y organizan para formar palabras completas. La morfolog\u00eda se ocupa de los principios y reglas que gobiernan estas combinaciones, as\u00ed como de las variaciones y adaptaciones que pueden ocurrir en diferentes contextos. Los elementos clave de la morfolog\u00eda incluyen:<\/span><\/p>\n<p class=\"\">&nbsp;<\/p>\n<ol class=\"\">\n<li><span style=\"color: #ffffff;\"><strong>Morfemas<\/strong>: Son las unidades m\u00e1s peque\u00f1as de significado en un idioma. Los morfemas pueden ser ra\u00edces, que llevan el significado principal de la palabra, o afijos, que se a\u00f1aden a las ra\u00edces para modificar su significado. Por ejemplo, en la palabra \u00abni\u00f1os\u00bb, \u00abni\u00f1-\u00bb es la ra\u00edz y \u00ab-os\u00bb es un sufijo que indica pluralidad.<\/span><\/li>\n<li><span style=\"color: #ffffff;\"><strong>Tipos de morfemas<\/strong>:<\/span>\n<ul>\n<li><span style=\"color: #ffffff;\"><strong>Morfemas libres<\/strong>: Pueden existir por s\u00ed solos como palabras independientes (e.g., \u00abcasa\u00bb).<\/span><\/li>\n<li><span style=\"color: #ffffff;\"><strong>Morfemas ligados<\/strong>: No pueden aparecer solos y deben unirse a otros morfemas (e.g., el prefijo \u00abre-\u00bb en \u00abrehacer\u00bb o el sufijo \u00ab-ci\u00f3n\u00bb en \u00abacci\u00f3n\u00bb).<\/span><\/li>\n<\/ul>\n<\/li>\n<li><span style=\"color: #ffffff;\"><strong>Afijos<\/strong>: Son morfemas ligados que se a\u00f1aden a las ra\u00edces o a otras palabras para formar nuevas palabras o modificar su significado. Los tipos de afijos incluyen:<\/span>\n<ul>\n<li><span style=\"color: #ffffff;\"><strong>Prefijos<\/strong>: Se a\u00f1aden al comienzo de una palabra (e.g., \u00abim-\u00bb en \u00abimposible\u00bb).<\/span><\/li>\n<li><span style=\"color: #ffffff;\"><strong>Sufijos<\/strong>: Se a\u00f1aden al final de una palabra (e.g., \u00ab-mente\u00bb en \u00abr\u00e1pidamente\u00bb).<\/span><\/li>\n<li><span style=\"color: #ffffff;\"><strong>Infijos<\/strong>: Se insertan dentro de una palabra (menos com\u00fan en espa\u00f1ol, pero presente en otros idiomas).<\/span><\/li>\n<li><span style=\"color: #ffffff;\"><strong>Circunfijos<\/strong>: Se a\u00f1aden alrededor de una palabra o ra\u00edz (menos com\u00fan en espa\u00f1ol).<\/span><\/li>\n<\/ul>\n<\/li>\n<li><span style=\"color: #ffffff;\"><strong>Flexi\u00f3n<\/strong>: Es el proceso mediante el cual las palabras cambian de forma para expresar diferentes funciones gramaticales, como tiempo, n\u00famero, g\u00e9nero, caso, etc. Por ejemplo, el verbo \u00abcomer\u00bb puede flexionarse como \u00abcomo\u00bb, \u00abcomes\u00bb, \u00abcomemos\u00bb, etc., para indicar diferentes personas y tiempos verbales.<\/span><\/li>\n<li><span style=\"color: #ffffff;\"><strong>Derivaci\u00f3n<\/strong>: Es el proceso de crear nuevas palabras a\u00f1adiendo afijos a las ra\u00edces. Por ejemplo, a partir de \u00abfeliz\u00bb se puede derivar \u00abfelicidad\u00bb mediante la adici\u00f3n del sufijo \u00ab-idad\u00bb.<\/span><\/li>\n<li><span style=\"color: #ffffff;\"><strong>Composici\u00f3n<\/strong>: Es el proceso de formar nuevas palabras combinando dos o m\u00e1s palabras completas. Por ejemplo, \u00abparaguas\u00bb se forma a partir de \u00abpara\u00bb y \u00abaguas\u00bb.<\/span><\/li>\n<li><span style=\"color: #ffffff;\"><strong>Alternancias morfol\u00f3gicas<\/strong>: Incluyen fen\u00f3menos como la alternancia voc\u00e1lica (cambio de vocal en una ra\u00edz, como en \u00abdormir\u00bb y \u00abduermo\u00bb) y otras modificaciones internas que afectan la forma de la palabra.<\/span><\/li>\n<li><span style=\"color: #ffffff;\"><strong>Morfolog\u00eda l\u00e9xica vs. morfolog\u00eda gramatical<\/strong>: La morfolog\u00eda l\u00e9xica se refiere a la formaci\u00f3n de nuevas palabras de contenido, mientras que la morfolog\u00eda gramatical se ocupa de los cambios en la forma de las palabras para expresar relaciones gramaticales.<\/span><\/li>\n<\/ol>\n<p class=\"\"><span style=\"color: #ffffff;\">La morfolog\u00eda es esencial para entender c\u00f3mo las palabras se estructuran y se relacionan entre s\u00ed dentro de un idioma. Proporciona una base para el an\u00e1lisis <a style=\"color: #ffffff;\" href=\"https:\/\/www.9h05.com\/es\/glosario\/morfosintaxis\/\">sint\u00e1ctico<\/a> y sem\u00e1ntico, ya que las palabras son los componentes fundamentales de las oraciones y portadoras de significado.<\/span><\/p>\n<\/div>\n<div><\/div>\n<\/div>\n<\/div>\n<\/div>\n<\/div>\n<\/div>\n<\/div>\n<div class=\"row\" style=\"padding-top: 40px; padding-bottom: 40px;\">\n<div class=\"col-md-8 col-sm-8 col-xs-12 col-lg-10\">\n<p class=\"\" style=\"color: #1d1d1d;\">&nbsp;<\/p>\n<p class=\"\" style=\"color: #1d1d1d;\">&nbsp;<\/p>\n<\/div>\n<\/div>\n<\/div>\n<\/div>\n<div class=\"color2-background-color color-2-text-contrast bg-background-color tmpl-text-2 boldgrid-section dynamic-gridblock\">\n<div class=\"container\"><\/div>\n<\/div>\n<div class=\"boldgrid-section\">\n<div class=\"container\">\n<div class=\"row\">\n<div class=\"col-lg-12 col-md-12 col-xs-12 col-sm-12\">\n<p class=\"\">&nbsp;<\/p>\n<\/div>\n<\/div>\n<\/div>\n<\/div>\n<div class=\"boldgrid-section\">\n<div class=\"container\">\n<div class=\"row\">\n<div class=\"col-lg-12 col-md-12 col-xs-12 col-sm-12\"><\/div>\n<\/div>\n<div class=\"row\">\n<div class=\"col-lg-12 col-md-12 col-xs-12 col-sm-12\"><\/div>\n<\/div>\n<\/div>\n<\/div>\n<div class=\"boldgrid-section\">\n<div class=\"container\">\n<div class=\"row\">\n<div class=\"col-lg-12 col-md-12 col-xs-12 col-sm-12\"><\/div>\n<\/div>\n<\/div>\n<\/div>\n","protected":false},"excerpt":{"rendered":"<p>\u293e&nbsp;Volver al glosario Glosario Morfolog\u00eda La morfolog\u00eda, desde la perspectiva ling\u00fc\u00edstica, es la rama de la ling\u00fc\u00edstica que estudia la estructura interna de las palabras y los procesos de formaci\u00f3n de palabras. Se centra en c\u00f3mo las unidades m\u00ednimas de significado, llamadas morfemas, se combinan y organizan para formar palabras completas. La morfolog\u00eda se ocupa [&hellip;]<\/p>\n","protected":false},"author":9,"featured_media":0,"parent":28610,"menu_order":0,"comment_status":"closed","ping_status":"closed","template":"template\/page\/fullwidth.php","meta":{"site-sidebar-layout":"default","site-content-layout":"","ast-site-content-layout":"default","site-content-style":"default","site-sidebar-style":"default","ast-global-header-display":"","ast-banner-title-visibility":"","ast-main-header-display":"","ast-hfb-above-header-display":"","ast-hfb-below-header-display":"","ast-hfb-mobile-header-display":"","site-post-title":"","ast-breadcrumbs-content":"","ast-featured-img":"","footer-sml-layout":"","theme-transparent-header-meta":"default","adv-header-id-meta":"","stick-header-meta":"default","header-above-stick-meta":"","header-main-stick-meta":"","header-below-stick-meta":"","astra-migrate-meta-layouts":"set","ast-page-background-enabled":"default","ast-page-background-meta":{"desktop":{"background-color":"var(--ast-global-color-4)","background-image":"","background-repeat":"repeat","background-position":"center center","background-size":"auto","background-attachment":"scroll","background-type":"","background-media":"","overlay-type":"","overlay-color":"","overlay-opacity":"","overlay-gradient":""},"tablet":{"background-color":"","background-image":"","background-repeat":"repeat","background-position":"center center","background-size":"auto","background-attachment":"scroll","background-type":"","background-media":"","overlay-type":"","overlay-color":"","overlay-opacity":"","overlay-gradient":""},"mobile":{"background-color":"","background-image":"","background-repeat":"repeat","background-position":"center center","background-size":"auto","background-attachment":"scroll","background-type":"","background-media":"","overlay-type":"","overlay-color":"","overlay-opacity":"","overlay-gradient":""}},"ast-content-background-meta":{"desktop":{"background-color":"var(--ast-global-color-5)","background-image":"","background-repeat":"repeat","background-position":"center center","background-size":"auto","background-attachment":"scroll","background-type":"","background-media":"","overlay-type":"","overlay-color":"","overlay-opacity":"","overlay-gradient":""},"tablet":{"background-color":"var(--ast-global-color-5)","background-image":"","background-repeat":"repeat","background-position":"center center","background-size":"auto","background-attachment":"scroll","background-type":"","background-media":"","overlay-type":"","overlay-color":"","overlay-opacity":"","overlay-gradient":""},"mobile":{"background-color":"var(--ast-global-color-5)","background-image":"","background-repeat":"repeat","background-position":"center center","background-size":"auto","background-attachment":"scroll","background-type":"","background-media":"","overlay-type":"","overlay-color":"","overlay-opacity":"","overlay-gradient":""}},"footnotes":""},"yst_prominent_words":[],"class_list":["post-28808","page","type-page","status-publish","hentry"],"_links":{"self":[{"href":"https:\/\/www.9h05.com\/es\/wp-json\/wp\/v2\/pages\/28808","targetHints":{"allow":["GET"]}}],"collection":[{"href":"https:\/\/www.9h05.com\/es\/wp-json\/wp\/v2\/pages"}],"about":[{"href":"https:\/\/www.9h05.com\/es\/wp-json\/wp\/v2\/types\/page"}],"author":[{"embeddable":true,"href":"https:\/\/www.9h05.com\/es\/wp-json\/wp\/v2\/users\/9"}],"replies":[{"embeddable":true,"href":"https:\/\/www.9h05.com\/es\/wp-json\/wp\/v2\/comments?post=28808"}],"version-history":[{"count":1,"href":"https:\/\/www.9h05.com\/es\/wp-json\/wp\/v2\/pages\/28808\/revisions"}],"predecessor-version":[{"id":28813,"href":"https:\/\/www.9h05.com\/es\/wp-json\/wp\/v2\/pages\/28808\/revisions\/28813"}],"up":[{"embeddable":true,"href":"https:\/\/www.9h05.com\/es\/wp-json\/wp\/v2\/pages\/28610"}],"wp:attachment":[{"href":"https:\/\/www.9h05.com\/es\/wp-json\/wp\/v2\/media?parent=28808"}],"wp:term":[{"taxonomy":"yst_prominent_words","embeddable":true,"href":"https:\/\/www.9h05.com\/es\/wp-json\/wp\/v2\/yst_prominent_words?post=28808"}],"curies":[{"name":"wp","href":"https:\/\/api.w.org\/{rel}","templated":true}]}}