{"id":28807,"date":"2024-07-17T09:03:22","date_gmt":"2024-07-17T09:03:22","guid":{"rendered":"https:\/\/www.9h05.com\/?page_id=28807"},"modified":"2024-07-17T09:04:22","modified_gmt":"2024-07-17T09:04:22","slug":"prescriptivismo","status":"publish","type":"page","link":"https:\/\/www.9h05.com\/es\/glosario\/prescriptivismo\/","title":{"rendered":"Prescriptivismo"},"content":{"rendered":"<div class=\"tmpl-call_to_action-3 boldgrid-section dynamic-gridblock background-scroll\" style=\"background-position: 50% 50%; background-size: cover; background-image: linear-gradient(to left, #4776e6, #8e54e9);\" data-bg-overlaycolor=\"rgba(238, 238, 238, 0.8)\" data-bg-color-1=\"#4776E6\" data-bg-color-2=\"#8E54E9\" data-bg-direction=\"to left\">\n<div class=\"container\">\n<div class=\"row\" style=\"color: #1d1d1d; padding-top: 40px; padding-bottom: 0px;\">\n<div class=\"col-md-8 col-sm-8 col-xs-12 col-lg-8\">\n<p class=\"\"><span style=\"color: #ffffff;\"><a style=\"color: #ffffff;\" href=\"https:\/\/www.9h05.com\/es\/glosario\/\">\u293e&nbsp;Volver al glosario<\/a><\/span><\/p>\n<h2 class=\"\" style=\"text-align: right; font-family: 'Cormorant SC'; font-weight: 600; color: rgba(255, 255, 255, 0.92); font-size: 42px;\" data-font-family=\"Cormorant SC\" data-font-weight=\"600\" data-font-style=\"\"><span style=\"color: #ffffff;\">Glosario<\/span><\/h2>\n<h2 class=\"h1\" style=\"margin: 30px 0px; color: rgba(255, 255, 255, 0.92);\"><span style=\"color: #ffffff;\">Prescriptivismo (ling\u00fc\u00edstica)<\/span><\/h2>\n<div class=\"flex-shrink-0 flex flex-col relative items-end\">\n<div class=\"pt-0.5 juice:pt-0\">\n<div class=\"gizmo-bot-avatar flex h-6 w-6 items-center justify-center overflow-hidden rounded-full juice:h-8 juice:w-8\">\n<div>\n<p class=\"\"><span style=\"color: #ffffff;\">El prescriptivismo en ling\u00fc\u00edstica aplicada es un enfoque que establece y promueve normas y reglas sobre c\u00f3mo debe usarse el lenguaje. A diferencia del <a style=\"color: #ffffff;\" href=\"https:\/\/www.9h05.com\/es\/glosario\/descriptivismo\/\">descriptivismo<\/a>, que se centra en describir el uso real del lenguaje sin hacer juicios de valor, el prescriptivismo busca imponer est\u00e1ndares y directrices considerados correctos o apropiados. Este enfoque incluye:<\/span><\/p>\n<p>&nbsp;<\/p>\n<ol class=\"\">\n<li><span style=\"color: #ffffff;\"><strong>Establecimiento de normas<\/strong>: Definir reglas espec\u00edficas sobre gram\u00e1tica, pronunciaci\u00f3n, vocabulario y estilo que los hablantes deben seguir. Estas normas suelen estar basadas en una variedad est\u00e1ndar del idioma.<\/span><\/li>\n<li><span style=\"color: #ffffff;\"><strong>Correcci\u00f3n de errores<\/strong>: Identificar y corregir usos del lenguaje que no cumplen con las normas establecidas. Esto puede involucrar la correcci\u00f3n de errores gramaticales, de pronunciaci\u00f3n o de uso del vocabulario.<\/span><\/li>\n<li><span style=\"color: #ffffff;\"><strong>Promoci\u00f3n de la pureza ling\u00fc\u00edstica<\/strong>: A menudo, el prescriptivismo busca mantener la pureza y la coherencia del idioma, evitando influencias percibidas como negativas, como los pr\u00e9stamos de otras lenguas o las innovaciones ling\u00fc\u00edsticas consideradas incorrectas.<\/span><\/li>\n<li><span style=\"color: #ffffff;\"><strong>Educaci\u00f3n ling\u00fc\u00edstica<\/strong>: En contextos educativos, el prescriptivismo se manifiesta en la ense\u00f1anza de una versi\u00f3n est\u00e1ndar del idioma, que a menudo se considera la forma correcta o ideal. Los libros de texto y los programas educativos pueden reflejar esta visi\u00f3n normativa.<\/span><\/li>\n<li><span style=\"color: #ffffff;\"><strong>Planificaci\u00f3n ling\u00fc\u00edstica<\/strong>: En la pol\u00edtica ling\u00fc\u00edstica y la planificaci\u00f3n del lenguaje, el prescriptivismo puede influir en la creaci\u00f3n de diccionarios, gram\u00e1ticas y gu\u00edas de estilo que codifican las normas del idioma.<\/span><\/li>\n<li><span style=\"color: #ffffff;\"><strong>Est\u00e1ndares de escritura y habla formal<\/strong>: En la comunicaci\u00f3n escrita y hablada formal, el prescriptivismo aboga por el uso de formas ling\u00fc\u00edsticas que se consideran m\u00e1s prestigiosas o adecuadas, especialmente en contextos profesionales y acad\u00e9micos.<\/span><\/li>\n<\/ol>\n<p><span style=\"color: #ffffff;\">En la ling\u00fc\u00edstica aplicada, el prescriptivismo puede tener un impacto significativo en varias \u00e1reas, tales como:<\/span><\/p>\n<ul class=\"\">\n<li><span style=\"color: #ffffff;\"><strong>Ense\u00f1anza de idiomas<\/strong>: Los materiales y m\u00e9todos de ense\u00f1anza pueden enfocarse en ense\u00f1ar la variedad est\u00e1ndar del idioma, corrigiendo desviaciones y errores.<\/span><\/li>\n<li><span style=\"color: #ffffff;\"><strong>Lexicograf\u00eda<\/strong>: Los diccionarios y gram\u00e1ticas prescriptivistas pueden prescribir el uso correcto del lenguaje, bas\u00e1ndose en autoridades ling\u00fc\u00edsticas.<\/span><\/li>\n<li><span style=\"color: #ffffff;\"><strong>Traducci\u00f3n y redacci\u00f3n profesional<\/strong>: Se puede requerir que los traductores y redactores sigan normas estrictas para asegurar la precisi\u00f3n y correcci\u00f3n del idioma.<\/span><\/li>\n<\/ul>\n<p><span style=\"color: #ffffff;\">Aunque el prescriptivismo tiene como objetivo mantener la claridad y la cohesi\u00f3n ling\u00fc\u00edstica, a veces puede ser criticado por ser demasiado r\u00edgido o por no reflejar la realidad del uso del lenguaje por parte de hablantes diversos. La postura prescriptivista es contraria a la filosof\u00eda acad\u00e9mica e investigativa ling\u00fc\u00edstica de 9h05 International.<\/span><\/p>\n<\/div>\n<div><\/div>\n<\/div>\n<\/div>\n<\/div>\n<\/div>\n<\/div>\n<div class=\"row\" style=\"padding-top: 40px; padding-bottom: 40px;\">\n<div class=\"col-md-8 col-sm-8 col-xs-12 col-lg-10\">\n<p class=\"\" style=\"color: #1d1d1d;\">&nbsp;<\/p>\n<p class=\"\" style=\"color: #1d1d1d;\">&nbsp;<\/p>\n<\/div>\n<\/div>\n<\/div>\n<\/div>\n<div class=\"color2-background-color color-2-text-contrast bg-background-color tmpl-text-2 boldgrid-section dynamic-gridblock\">\n<div class=\"container\"><\/div>\n<\/div>\n<div class=\"boldgrid-section\">\n<div class=\"container\">\n<div class=\"row\">\n<div class=\"col-lg-12 col-md-12 col-xs-12 col-sm-12\">\n<p class=\"\">&nbsp;<\/p>\n<\/div>\n<\/div>\n<\/div>\n<\/div>\n<div class=\"boldgrid-section\">\n<div class=\"container\">\n<div class=\"row\">\n<div class=\"col-lg-12 col-md-12 col-xs-12 col-sm-12\"><\/div>\n<\/div>\n<div class=\"row\">\n<div class=\"col-lg-12 col-md-12 col-xs-12 col-sm-12\"><\/div>\n<\/div>\n<\/div>\n<\/div>\n<div class=\"boldgrid-section\">\n<div class=\"container\">\n<div class=\"row\">\n<div class=\"col-lg-12 col-md-12 col-xs-12 col-sm-12\"><\/div>\n<\/div>\n<\/div>\n<\/div>\n","protected":false},"excerpt":{"rendered":"<p>\u293e&nbsp;Volver al glosario Glosario Prescriptivismo (ling\u00fc\u00edstica) El prescriptivismo en ling\u00fc\u00edstica aplicada es un enfoque que establece y promueve normas y reglas sobre c\u00f3mo debe usarse el lenguaje. A diferencia del descriptivismo, que se centra en describir el uso real del lenguaje sin hacer juicios de valor, el prescriptivismo busca imponer est\u00e1ndares y directrices considerados correctos [&hellip;]<\/p>\n","protected":false},"author":9,"featured_media":0,"parent":28610,"menu_order":0,"comment_status":"closed","ping_status":"closed","template":"template\/page\/fullwidth.php","meta":{"site-sidebar-layout":"default","site-content-layout":"","ast-site-content-layout":"default","site-content-style":"default","site-sidebar-style":"default","ast-global-header-display":"","ast-banner-title-visibility":"","ast-main-header-display":"","ast-hfb-above-header-display":"","ast-hfb-below-header-display":"","ast-hfb-mobile-header-display":"","site-post-title":"","ast-breadcrumbs-content":"","ast-featured-img":"","footer-sml-layout":"","theme-transparent-header-meta":"default","adv-header-id-meta":"","stick-header-meta":"default","header-above-stick-meta":"","header-main-stick-meta":"","header-below-stick-meta":"","astra-migrate-meta-layouts":"set","ast-page-background-enabled":"default","ast-page-background-meta":{"desktop":{"background-color":"var(--ast-global-color-4)","background-image":"","background-repeat":"repeat","background-position":"center center","background-size":"auto","background-attachment":"scroll","background-type":"","background-media":"","overlay-type":"","overlay-color":"","overlay-opacity":"","overlay-gradient":""},"tablet":{"background-color":"","background-image":"","background-repeat":"repeat","background-position":"center center","background-size":"auto","background-attachment":"scroll","background-type":"","background-media":"","overlay-type":"","overlay-color":"","overlay-opacity":"","overlay-gradient":""},"mobile":{"background-color":"","background-image":"","background-repeat":"repeat","background-position":"center center","background-size":"auto","background-attachment":"scroll","background-type":"","background-media":"","overlay-type":"","overlay-color":"","overlay-opacity":"","overlay-gradient":""}},"ast-content-background-meta":{"desktop":{"background-color":"var(--ast-global-color-5)","background-image":"","background-repeat":"repeat","background-position":"center center","background-size":"auto","background-attachment":"scroll","background-type":"","background-media":"","overlay-type":"","overlay-color":"","overlay-opacity":"","overlay-gradient":""},"tablet":{"background-color":"var(--ast-global-color-5)","background-image":"","background-repeat":"repeat","background-position":"center center","background-size":"auto","background-attachment":"scroll","background-type":"","background-media":"","overlay-type":"","overlay-color":"","overlay-opacity":"","overlay-gradient":""},"mobile":{"background-color":"var(--ast-global-color-5)","background-image":"","background-repeat":"repeat","background-position":"center center","background-size":"auto","background-attachment":"scroll","background-type":"","background-media":"","overlay-type":"","overlay-color":"","overlay-opacity":"","overlay-gradient":""}},"footnotes":""},"yst_prominent_words":[],"class_list":["post-28807","page","type-page","status-publish","hentry"],"_links":{"self":[{"href":"https:\/\/www.9h05.com\/es\/wp-json\/wp\/v2\/pages\/28807","targetHints":{"allow":["GET"]}}],"collection":[{"href":"https:\/\/www.9h05.com\/es\/wp-json\/wp\/v2\/pages"}],"about":[{"href":"https:\/\/www.9h05.com\/es\/wp-json\/wp\/v2\/types\/page"}],"author":[{"embeddable":true,"href":"https:\/\/www.9h05.com\/es\/wp-json\/wp\/v2\/users\/9"}],"replies":[{"embeddable":true,"href":"https:\/\/www.9h05.com\/es\/wp-json\/wp\/v2\/comments?post=28807"}],"version-history":[{"count":2,"href":"https:\/\/www.9h05.com\/es\/wp-json\/wp\/v2\/pages\/28807\/revisions"}],"predecessor-version":[{"id":28811,"href":"https:\/\/www.9h05.com\/es\/wp-json\/wp\/v2\/pages\/28807\/revisions\/28811"}],"up":[{"embeddable":true,"href":"https:\/\/www.9h05.com\/es\/wp-json\/wp\/v2\/pages\/28610"}],"wp:attachment":[{"href":"https:\/\/www.9h05.com\/es\/wp-json\/wp\/v2\/media?parent=28807"}],"wp:term":[{"taxonomy":"yst_prominent_words","embeddable":true,"href":"https:\/\/www.9h05.com\/es\/wp-json\/wp\/v2\/yst_prominent_words?post=28807"}],"curies":[{"name":"wp","href":"https:\/\/api.w.org\/{rel}","templated":true}]}}