{"id":28805,"date":"2024-07-17T09:05:42","date_gmt":"2024-07-17T09:05:42","guid":{"rendered":"https:\/\/www.9h05.com\/?page_id=28805"},"modified":"2024-07-17T09:05:42","modified_gmt":"2024-07-17T09:05:42","slug":"fonologia","status":"publish","type":"page","link":"https:\/\/www.9h05.com\/es\/glosario\/fonologia\/","title":{"rendered":"Fonolog\u00eda"},"content":{"rendered":"<div class=\"tmpl-call_to_action-3 boldgrid-section dynamic-gridblock background-scroll\" style=\"background-position: 50% 50%; background-size: cover; background-image: linear-gradient(to left, #4776e6, #8e54e9);\" data-bg-overlaycolor=\"rgba(238, 238, 238, 0.8)\" data-bg-color-1=\"#4776E6\" data-bg-color-2=\"#8E54E9\" data-bg-direction=\"to left\">\n<div class=\"container\">\n<div class=\"row\" style=\"color: #1d1d1d; padding-top: 40px; padding-bottom: 0px;\">\n<div class=\"col-md-8 col-sm-8 col-xs-12 col-lg-8\">\n<p class=\"\"><span style=\"color: #ffffff;\"><a style=\"color: #ffffff;\" href=\"https:\/\/www.9h05.com\/es\/glosario\/\">\u293e&nbsp;Volver al glosario<\/a><\/span><\/p>\n<h2 class=\"\" style=\"text-align: right; font-family: 'Cormorant SC'; font-weight: 600; color: rgba(255, 255, 255, 0.92); font-size: 42px;\" data-font-family=\"Cormorant SC\" data-font-weight=\"600\" data-font-style=\"\"><span style=\"color: #ffffff;\">Glosario<\/span><\/h2>\n<h2 class=\"h1\" style=\"margin: 30px 0px; color: rgba(255, 255, 255, 0.92);\"><span style=\"color: #ffffff;\">Fonolog\u00eda<\/span><\/h2>\n<div class=\"flex-shrink-0 flex flex-col relative items-end\">\n<div class=\"pt-0.5 juice:pt-0\">\n<div class=\"gizmo-bot-avatar flex h-6 w-6 items-center justify-center overflow-hidden rounded-full juice:h-8 juice:w-8\">\n<div>\n<p class=\"\"><span style=\"color: #ffffff;\">La fonolog\u00eda, desde la perspectiva ling\u00fc\u00edstica, es la rama de la ling\u00fc\u00edstica que estudia el sistema de sonidos de un idioma, y c\u00f3mo estos sonidos se organizan y funcionan para transmitir significado. La fonolog\u00eda se ocupa de los patrones y reglas que gobiernan la distribuci\u00f3n y realizaci\u00f3n de los sonidos en un idioma, diferenci\u00e1ndolos de los estudios puramente fon\u00e9ticos que se centran en las propiedades f\u00edsicas y articulatorias de los sonidos individuales. Los elementos clave de la fonolog\u00eda incluyen:<\/span><\/p>\n<p>&nbsp;<\/p>\n<ol class=\"\">\n<li><span style=\"color: #ffffff;\"><strong>Fonemas<\/strong>: Son las unidades m\u00ednimas distintivas del sonido en un idioma. Los fonemas no tienen significado por s\u00ed mismos, pero su combinaci\u00f3n y variaci\u00f3n permiten distinguir entre palabras. Por ejemplo, en espa\u00f1ol, \/p\/ y \/b\/ son fonemas diferentes, ya que cambian el significado de palabras como \u00abpato\u00bb y \u00abbato\u00bb.<\/span><\/li>\n<li><span style=\"color: #ffffff;\"><strong>Al\u00f3fonos<\/strong>: Son las variantes de un fonema que ocurren en contextos espec\u00edficos y que no cambian el significado de la palabra. Por ejemplo, la \/d\/ en espa\u00f1ol puede tener diferentes realizaciones, como la [d] en \u00abdama\u00bb y la [\u00f0] en \u00abcada\u00bb.<\/span><\/li>\n<li><span style=\"color: #ffffff;\"><strong>Reglas fonol\u00f3gicas<\/strong>: Describen c\u00f3mo los fonemas se pueden combinar y c\u00f3mo se transforman en distintos contextos. Estas reglas pueden explicar fen\u00f3menos como la asimilaci\u00f3n, donde un sonido se hace m\u00e1s similar a otro sonido cercano, o la elisi\u00f3n, donde un sonido puede ser omitido en ciertos contextos.<\/span><\/li>\n<li><span style=\"color: #ffffff;\"><strong>Estructura sil\u00e1bica<\/strong>: Estudia c\u00f3mo se organizan los sonidos en s\u00edlabas dentro de una palabra y c\u00f3mo las s\u00edlabas se combinan en las palabras de un idioma.<\/span><\/li>\n<li><span style=\"color: #ffffff;\"><strong>Prosodia<\/strong>: Examina aspectos suprasegmentales del habla, como el acento, la entonaci\u00f3n, y el ritmo, que afectan el significado y la estructura de las frases y oraciones.<\/span><\/li>\n<li><span style=\"color: #ffffff;\"><strong>Distribuci\u00f3n de sonidos<\/strong>: Analiza c\u00f3mo se distribuyen los sonidos en diferentes posiciones dentro de las palabras y c\u00f3mo ciertas combinaciones de sonidos pueden ser permitidas o restringidas en un idioma.<\/span><\/li>\n<\/ol>\n<p class=\"\"><span style=\"color: #ffffff;\">La fonolog\u00eda no solo se preocupa por los sonidos en s\u00ed mismos, sino tambi\u00e9n por la relaci\u00f3n entre los sonidos y el significado dentro de un sistema ling\u00fc\u00edstico. Los fon\u00f3logos desarrollan teor\u00edas y modelos para explicar estas relaciones y para describir las reglas impl\u00edcitas que los hablantes de un idioma siguen intuitivamente.<\/span><\/p>\n<p><span style=\"color: #ffffff;\">Adem\u00e1s, la fonolog\u00eda puede variar significativamente entre diferentes idiomas, y una de las tareas de los fon\u00f3logos es comparar y contrastar estos sistemas para entender mejor la diversidad y la universalidad de los patrones sonoros en las lenguas humanas.<\/span><\/p>\n<\/div>\n<div><\/div>\n<\/div>\n<\/div>\n<\/div>\n<\/div>\n<\/div>\n<div class=\"row\" style=\"padding-top: 40px; padding-bottom: 40px;\">\n<div class=\"col-md-8 col-sm-8 col-xs-12 col-lg-10\">\n<p class=\"\" style=\"color: #1d1d1d;\">&nbsp;<\/p>\n<p class=\"\" style=\"color: #1d1d1d;\">&nbsp;<\/p>\n<\/div>\n<\/div>\n<\/div>\n<\/div>\n<div class=\"color2-background-color color-2-text-contrast bg-background-color tmpl-text-2 boldgrid-section dynamic-gridblock\">\n<div class=\"container\"><\/div>\n<\/div>\n<div class=\"boldgrid-section\">\n<div class=\"container\">\n<div class=\"row\">\n<div class=\"col-lg-12 col-md-12 col-xs-12 col-sm-12\">\n<p class=\"\">&nbsp;<\/p>\n<\/div>\n<\/div>\n<\/div>\n<\/div>\n<div class=\"boldgrid-section\">\n<div class=\"container\">\n<div class=\"row\">\n<div class=\"col-lg-12 col-md-12 col-xs-12 col-sm-12\"><\/div>\n<\/div>\n<div class=\"row\">\n<div class=\"col-lg-12 col-md-12 col-xs-12 col-sm-12\"><\/div>\n<\/div>\n<\/div>\n<\/div>\n<div class=\"boldgrid-section\">\n<div class=\"container\">\n<div class=\"row\">\n<div class=\"col-lg-12 col-md-12 col-xs-12 col-sm-12\"><\/div>\n<\/div>\n<\/div>\n<\/div>\n","protected":false},"excerpt":{"rendered":"<p>\u293e&nbsp;Volver al glosario Glosario Fonolog\u00eda La fonolog\u00eda, desde la perspectiva ling\u00fc\u00edstica, es la rama de la ling\u00fc\u00edstica que estudia el sistema de sonidos de un idioma, y c\u00f3mo estos sonidos se organizan y funcionan para transmitir significado. La fonolog\u00eda se ocupa de los patrones y reglas que gobiernan la distribuci\u00f3n y realizaci\u00f3n de los sonidos [&hellip;]<\/p>\n","protected":false},"author":9,"featured_media":0,"parent":28610,"menu_order":0,"comment_status":"closed","ping_status":"closed","template":"template\/page\/fullwidth.php","meta":{"site-sidebar-layout":"default","site-content-layout":"","ast-site-content-layout":"default","site-content-style":"default","site-sidebar-style":"default","ast-global-header-display":"","ast-banner-title-visibility":"","ast-main-header-display":"","ast-hfb-above-header-display":"","ast-hfb-below-header-display":"","ast-hfb-mobile-header-display":"","site-post-title":"","ast-breadcrumbs-content":"","ast-featured-img":"","footer-sml-layout":"","theme-transparent-header-meta":"default","adv-header-id-meta":"","stick-header-meta":"default","header-above-stick-meta":"","header-main-stick-meta":"","header-below-stick-meta":"","astra-migrate-meta-layouts":"set","ast-page-background-enabled":"default","ast-page-background-meta":{"desktop":{"background-color":"var(--ast-global-color-4)","background-image":"","background-repeat":"repeat","background-position":"center center","background-size":"auto","background-attachment":"scroll","background-type":"","background-media":"","overlay-type":"","overlay-color":"","overlay-opacity":"","overlay-gradient":""},"tablet":{"background-color":"","background-image":"","background-repeat":"repeat","background-position":"center center","background-size":"auto","background-attachment":"scroll","background-type":"","background-media":"","overlay-type":"","overlay-color":"","overlay-opacity":"","overlay-gradient":""},"mobile":{"background-color":"","background-image":"","background-repeat":"repeat","background-position":"center center","background-size":"auto","background-attachment":"scroll","background-type":"","background-media":"","overlay-type":"","overlay-color":"","overlay-opacity":"","overlay-gradient":""}},"ast-content-background-meta":{"desktop":{"background-color":"var(--ast-global-color-5)","background-image":"","background-repeat":"repeat","background-position":"center center","background-size":"auto","background-attachment":"scroll","background-type":"","background-media":"","overlay-type":"","overlay-color":"","overlay-opacity":"","overlay-gradient":""},"tablet":{"background-color":"var(--ast-global-color-5)","background-image":"","background-repeat":"repeat","background-position":"center center","background-size":"auto","background-attachment":"scroll","background-type":"","background-media":"","overlay-type":"","overlay-color":"","overlay-opacity":"","overlay-gradient":""},"mobile":{"background-color":"var(--ast-global-color-5)","background-image":"","background-repeat":"repeat","background-position":"center center","background-size":"auto","background-attachment":"scroll","background-type":"","background-media":"","overlay-type":"","overlay-color":"","overlay-opacity":"","overlay-gradient":""}},"footnotes":""},"yst_prominent_words":[],"class_list":["post-28805","page","type-page","status-publish","hentry"],"_links":{"self":[{"href":"https:\/\/www.9h05.com\/es\/wp-json\/wp\/v2\/pages\/28805","targetHints":{"allow":["GET"]}}],"collection":[{"href":"https:\/\/www.9h05.com\/es\/wp-json\/wp\/v2\/pages"}],"about":[{"href":"https:\/\/www.9h05.com\/es\/wp-json\/wp\/v2\/types\/page"}],"author":[{"embeddable":true,"href":"https:\/\/www.9h05.com\/es\/wp-json\/wp\/v2\/users\/9"}],"replies":[{"embeddable":true,"href":"https:\/\/www.9h05.com\/es\/wp-json\/wp\/v2\/comments?post=28805"}],"version-history":[{"count":1,"href":"https:\/\/www.9h05.com\/es\/wp-json\/wp\/v2\/pages\/28805\/revisions"}],"predecessor-version":[{"id":28812,"href":"https:\/\/www.9h05.com\/es\/wp-json\/wp\/v2\/pages\/28805\/revisions\/28812"}],"up":[{"embeddable":true,"href":"https:\/\/www.9h05.com\/es\/wp-json\/wp\/v2\/pages\/28610"}],"wp:attachment":[{"href":"https:\/\/www.9h05.com\/es\/wp-json\/wp\/v2\/media?parent=28805"}],"wp:term":[{"taxonomy":"yst_prominent_words","embeddable":true,"href":"https:\/\/www.9h05.com\/es\/wp-json\/wp\/v2\/yst_prominent_words?post=28805"}],"curies":[{"name":"wp","href":"https:\/\/api.w.org\/{rel}","templated":true}]}}