{"id":28802,"date":"2024-07-17T08:58:24","date_gmt":"2024-07-17T08:58:24","guid":{"rendered":"https:\/\/www.9h05.com\/?page_id=28802"},"modified":"2024-07-17T08:58:24","modified_gmt":"2024-07-17T08:58:24","slug":"etimologia","status":"publish","type":"page","link":"https:\/\/www.9h05.com\/es\/glosario\/etimologia\/","title":{"rendered":"Etimolog\u00eda"},"content":{"rendered":"<div class=\"tmpl-call_to_action-3 boldgrid-section dynamic-gridblock background-scroll\" style=\"background-position: 50% 50%; background-size: cover; background-image: linear-gradient(to left, #4776e6, #8e54e9);\" data-bg-overlaycolor=\"rgba(238, 238, 238, 0.8)\" data-bg-color-1=\"#4776E6\" data-bg-color-2=\"#8E54E9\" data-bg-direction=\"to left\">\n<div class=\"container\">\n<div class=\"row\" style=\"color: #1d1d1d; padding-top: 40px; padding-bottom: 0px;\">\n<div class=\"col-md-8 col-sm-8 col-xs-12 col-lg-8\">\n<p class=\"\"><span style=\"color: #ffffff;\"><a style=\"color: #ffffff;\" href=\"https:\/\/www.9h05.com\/es\/glosario\/\">\u293e&nbsp;Volver al glosario<\/a><\/span><\/p>\n<h2 class=\"\" style=\"text-align: right; font-family: 'Cormorant SC'; font-weight: 600; color: rgba(255, 255, 255, 0.92); font-size: 42px;\" data-font-family=\"Cormorant SC\" data-font-weight=\"600\" data-font-style=\"\"><span style=\"color: #ffffff;\">Glosario<\/span><\/h2>\n<h2 class=\"h1\" style=\"margin: 30px 0px; color: rgba(255, 255, 255, 0.92);\"><span style=\"color: #ffffff;\">Etimolog\u00eda<\/span><\/h2>\n<div class=\"flex-shrink-0 flex flex-col relative items-end\">\n<div class=\"pt-0.5 juice:pt-0\">\n<div class=\"gizmo-bot-avatar flex h-6 w-6 items-center justify-center overflow-hidden rounded-full juice:h-8 juice:w-8\">\n<div>\n<p class=\"\" style=\"font-weight: 400;\"><span style=\"color: #ffffff;\">Desde la perspectiva de la ling\u00fc\u00edstica anal\u00edtica, la \u00abetimolog\u00eda\u00bb se define como el estudio del origen de las palabras, as\u00ed como de su evoluci\u00f3n hist\u00f3rica y cambios de forma y significado a lo largo del tiempo. Este campo analiza c\u00f3mo se forman las palabras, c\u00f3mo se derivan de otras palabras en la misma lengua o en otras lenguas, y c\u00f3mo factores como la fon\u00e9tica, la morfolog\u00eda, la sem\u00e1ntica y la sintaxis han influido en su desarrollo.<\/span><\/p>\n<p style=\"font-weight: 400;\"><span style=\"color: #ffffff;\">La ling\u00fc\u00edstica anal\u00edtica aborda la etimolog\u00eda utilizando m\u00e9todos cient\u00edficos y sistem\u00e1ticos, enfoc\u00e1ndose en:<\/span><\/p>\n<ol class=\"\" style=\"font-weight: 400;\">\n<li><span style=\"color: #ffffff;\"><strong>Reconstrucci\u00f3n hist\u00f3rica<\/strong>: Se examinan registros escritos y orales para trazar la historia de una palabra, buscando las formas m\u00e1s antiguas y sus transformaciones.<\/span><\/li>\n<li><span style=\"color: #ffffff;\"><strong>Comparaci\u00f3n ling\u00fc\u00edstica<\/strong>: Se comparan palabras entre diferentes lenguas relacionadas (lenguas hermanas) para identificar patrones comunes y or\u00edgenes compartidos.<\/span><\/li>\n<li><span style=\"color: #ffffff;\"><strong>An\u00e1lisis morfol\u00f3gico y fon\u00e9tico<\/strong>: Se estudian los cambios en la estructura y los sonidos de las palabras a lo largo del tiempo.<\/span><\/li>\n<li><span style=\"color: #ffffff;\"><strong>Contexto cultural y social<\/strong>: Se considera c\u00f3mo los cambios en la sociedad, la cultura y el contacto con otras lenguas han influido en la evoluci\u00f3n de las palabras.<\/span><\/li>\n<\/ol>\n<\/div>\n<div><\/div>\n<\/div>\n<\/div>\n<\/div>\n<\/div>\n<\/div>\n<div class=\"row\" style=\"padding-top: 40px; padding-bottom: 40px;\">\n<div class=\"col-md-8 col-sm-8 col-xs-12 col-lg-10\">\n<p class=\"\" style=\"color: #1d1d1d;\">&nbsp;<\/p>\n<p class=\"\" style=\"color: #1d1d1d;\">&nbsp;<\/p>\n<\/div>\n<\/div>\n<\/div>\n<\/div>\n<div class=\"color2-background-color color-2-text-contrast bg-background-color tmpl-text-2 boldgrid-section dynamic-gridblock\">\n<div class=\"container\"><\/div>\n<\/div>\n<div class=\"boldgrid-section\">\n<div class=\"container\">\n<div class=\"row\">\n<div class=\"col-lg-12 col-md-12 col-xs-12 col-sm-12\">\n<p class=\"\">&nbsp;<\/p>\n<\/div>\n<\/div>\n<\/div>\n<\/div>\n<div class=\"boldgrid-section\">\n<div class=\"container\">\n<div class=\"row\">\n<div class=\"col-lg-12 col-md-12 col-xs-12 col-sm-12\"><\/div>\n<\/div>\n<div class=\"row\">\n<div class=\"col-lg-12 col-md-12 col-xs-12 col-sm-12\"><\/div>\n<\/div>\n<\/div>\n<\/div>\n","protected":false},"excerpt":{"rendered":"<p>\u293e&nbsp;Volver al glosario Glosario Etimolog\u00eda Desde la perspectiva de la ling\u00fc\u00edstica anal\u00edtica, la \u00abetimolog\u00eda\u00bb se define como el estudio del origen de las palabras, as\u00ed como de su evoluci\u00f3n hist\u00f3rica y cambios de forma y significado a lo largo del tiempo. Este campo analiza c\u00f3mo se forman las palabras, c\u00f3mo se derivan de otras palabras [&hellip;]<\/p>\n","protected":false},"author":9,"featured_media":0,"parent":28610,"menu_order":0,"comment_status":"closed","ping_status":"closed","template":"template\/page\/fullwidth.php","meta":{"site-sidebar-layout":"default","site-content-layout":"","ast-site-content-layout":"default","site-content-style":"default","site-sidebar-style":"default","ast-global-header-display":"","ast-banner-title-visibility":"","ast-main-header-display":"","ast-hfb-above-header-display":"","ast-hfb-below-header-display":"","ast-hfb-mobile-header-display":"","site-post-title":"","ast-breadcrumbs-content":"","ast-featured-img":"","footer-sml-layout":"","theme-transparent-header-meta":"default","adv-header-id-meta":"","stick-header-meta":"default","header-above-stick-meta":"","header-main-stick-meta":"","header-below-stick-meta":"","astra-migrate-meta-layouts":"set","ast-page-background-enabled":"default","ast-page-background-meta":{"desktop":{"background-color":"var(--ast-global-color-4)","background-image":"","background-repeat":"repeat","background-position":"center center","background-size":"auto","background-attachment":"scroll","background-type":"","background-media":"","overlay-type":"","overlay-color":"","overlay-opacity":"","overlay-gradient":""},"tablet":{"background-color":"","background-image":"","background-repeat":"repeat","background-position":"center center","background-size":"auto","background-attachment":"scroll","background-type":"","background-media":"","overlay-type":"","overlay-color":"","overlay-opacity":"","overlay-gradient":""},"mobile":{"background-color":"","background-image":"","background-repeat":"repeat","background-position":"center center","background-size":"auto","background-attachment":"scroll","background-type":"","background-media":"","overlay-type":"","overlay-color":"","overlay-opacity":"","overlay-gradient":""}},"ast-content-background-meta":{"desktop":{"background-color":"var(--ast-global-color-5)","background-image":"","background-repeat":"repeat","background-position":"center center","background-size":"auto","background-attachment":"scroll","background-type":"","background-media":"","overlay-type":"","overlay-color":"","overlay-opacity":"","overlay-gradient":""},"tablet":{"background-color":"var(--ast-global-color-5)","background-image":"","background-repeat":"repeat","background-position":"center center","background-size":"auto","background-attachment":"scroll","background-type":"","background-media":"","overlay-type":"","overlay-color":"","overlay-opacity":"","overlay-gradient":""},"mobile":{"background-color":"var(--ast-global-color-5)","background-image":"","background-repeat":"repeat","background-position":"center center","background-size":"auto","background-attachment":"scroll","background-type":"","background-media":"","overlay-type":"","overlay-color":"","overlay-opacity":"","overlay-gradient":""}},"footnotes":""},"yst_prominent_words":[],"class_list":["post-28802","page","type-page","status-publish","hentry"],"_links":{"self":[{"href":"https:\/\/www.9h05.com\/es\/wp-json\/wp\/v2\/pages\/28802","targetHints":{"allow":["GET"]}}],"collection":[{"href":"https:\/\/www.9h05.com\/es\/wp-json\/wp\/v2\/pages"}],"about":[{"href":"https:\/\/www.9h05.com\/es\/wp-json\/wp\/v2\/types\/page"}],"author":[{"embeddable":true,"href":"https:\/\/www.9h05.com\/es\/wp-json\/wp\/v2\/users\/9"}],"replies":[{"embeddable":true,"href":"https:\/\/www.9h05.com\/es\/wp-json\/wp\/v2\/comments?post=28802"}],"version-history":[{"count":1,"href":"https:\/\/www.9h05.com\/es\/wp-json\/wp\/v2\/pages\/28802\/revisions"}],"predecessor-version":[{"id":28803,"href":"https:\/\/www.9h05.com\/es\/wp-json\/wp\/v2\/pages\/28802\/revisions\/28803"}],"up":[{"embeddable":true,"href":"https:\/\/www.9h05.com\/es\/wp-json\/wp\/v2\/pages\/28610"}],"wp:attachment":[{"href":"https:\/\/www.9h05.com\/es\/wp-json\/wp\/v2\/media?parent=28802"}],"wp:term":[{"taxonomy":"yst_prominent_words","embeddable":true,"href":"https:\/\/www.9h05.com\/es\/wp-json\/wp\/v2\/yst_prominent_words?post=28802"}],"curies":[{"name":"wp","href":"https:\/\/api.w.org\/{rel}","templated":true}]}}