{"id":28796,"date":"2024-07-11T19:39:57","date_gmt":"2024-07-11T19:39:57","guid":{"rendered":"https:\/\/www.9h05.com\/?page_id=28796"},"modified":"2024-07-11T19:39:57","modified_gmt":"2024-07-11T19:39:57","slug":"palabra","status":"publish","type":"page","link":"https:\/\/www.9h05.com\/es\/glosario\/palabra\/","title":{"rendered":"Palabra"},"content":{"rendered":"<div class=\"tmpl-call_to_action-3 boldgrid-section dynamic-gridblock background-scroll\" style=\"background-position: 50% 50%; background-size: cover; background-image: linear-gradient(to left, #4776e6, #8e54e9);\" data-bg-overlaycolor=\"rgba(238, 238, 238, 0.8)\" data-bg-color-1=\"#4776E6\" data-bg-color-2=\"#8E54E9\" data-bg-direction=\"to left\">\n<div class=\"container\">\n<div class=\"row\" style=\"color: #1d1d1d; padding-top: 40px; padding-bottom: 0px;\">\n<div class=\"col-md-8 col-sm-8 col-xs-12 col-lg-8\">\n<p class=\"\"><span style=\"color: #ffffff;\"><a style=\"color: #ffffff;\" href=\"https:\/\/www.9h05.com\/es\/glosario\/\">\u293e&nbsp;Volver al glosario<\/a><\/span><\/p>\n<h2 class=\"\" style=\"text-align: right; font-family: 'Cormorant SC'; font-weight: 600; color: rgba(255, 255, 255, 0.92); font-size: 42px;\" data-font-family=\"Cormorant SC\" data-font-weight=\"600\" data-font-style=\"\"><span style=\"color: #ffffff;\">Glosario<\/span><\/h2>\n<h2 class=\"h1\" style=\"margin: 30px 0px; color: rgba(255, 255, 255, 0.92);\"><span style=\"color: #ffffff;\">Palabra<\/span><\/h2>\n<div class=\"flex-shrink-0 flex flex-col relative items-end\">\n<div class=\"pt-0.5 juice:pt-0\">\n<div class=\"gizmo-bot-avatar flex h-6 w-6 items-center justify-center overflow-hidden rounded-full juice:h-8 juice:w-8\">\n<div class=\"relative p-1 rounded-sm flex items-center justify-center bg-token-main-surface-primary text-token-text-primary h-8 w-8\">\n<p class=\"\"><span style=\"color: #ffffff;\">Desde la teor\u00eda ling\u00fc\u00edstica estructuralista, la definici\u00f3n de \u00abpalabra\u00bb se enmarca en un conjunto de principios y conceptos fundamentales que analizan la lengua como un sistema de signos. Los estructuralistas, encabezados por Ferdinand de Saussure, consideran que la lengua es una estructura de relaciones entre signos, donde cada elemento s\u00f3lo puede entenderse en relaci\u00f3n con otros elementos dentro del sistema.<\/span><\/p>\n<\/div>\n<\/div>\n<\/div>\n<\/div>\n<\/div>\n<div class=\"col-md-4 col-sm-3 col-xs-12 align-column-center col-lg-4\">\n<p class=\"\" style=\"text-align: center;\">&nbsp;<\/p>\n<\/div>\n<div class=\"col-lg-1 col-md-1 col-sm-12 col-xs-12\">\n<p class=\"\">&nbsp;<\/p>\n<\/div>\n<\/div>\n<div class=\"row\" style=\"padding-top: 40px; padding-bottom: 40px;\">\n<div class=\"col-lg-2 col-md-12 col-sm-12 col-xs-12\" style=\"color: #1d1d1d;\"><\/div>\n<div class=\"col-md-8 col-sm-8 col-xs-12 col-lg-10\">\n<p><span style=\"color: #ffffff;\"><strong>Definici\u00f3n de \u00abpalabra\u00bb en la teor\u00eda ling\u00fc\u00edstica estructuralista<\/strong>:<\/span><\/p>\n<ol class=\"\">\n<li><span style=\"color: #ffffff;\"><strong>Unidad m\u00ednima de significado<\/strong>: Una palabra es la unidad m\u00ednima que posee significado l\u00e9xico o gramatical dentro del sistema de la lengua. Es el signo ling\u00fc\u00edstico que combina un significante (la forma sonora o gr\u00e1fica) con un significado (el concepto o la idea).<\/span><\/li>\n<li><span style=\"color: #ffffff;\"><strong>Signo ling\u00fc\u00edstico<\/strong>: Seg\u00fan Saussure, una palabra es un signo ling\u00fc\u00edstico compuesto por:<\/span>\n<ul>\n<li><span style=\"color: #ffffff;\"><strong>Significante<\/strong>: La imagen ac\u00fastica o la representaci\u00f3n fon\u00e9tica\/gr\u00e1fica de la palabra (por ejemplo, los sonidos \/casa\/ o las letras \u00abc-a-s-a\u00bb).<\/span><\/li>\n<li><span style=\"color: #ffffff;\"><strong>Significado<\/strong>: El concepto o la idea que evoca la palabra en la mente del hablante (la noci\u00f3n de una vivienda).<\/span><\/li>\n<\/ul>\n<\/li>\n<li><span style=\"color: #ffffff;\"><strong>Relaciones paradigm\u00e1ticas y sintagm\u00e1ticas<\/strong>: Las palabras se definen y comprenden a trav\u00e9s de su relaci\u00f3n con otras palabras en el sistema de la lengua:<\/span>\n<ul>\n<li><span style=\"color: #ffffff;\"><strong>Relaciones paradigm\u00e1ticas<\/strong>: La palabra se relaciona con otras palabras que pueden ocupar su mismo lugar en una estructura (por ejemplo, \u00abcasa\u00bb puede ser sustituida por \u00abedificio\u00bb o \u00abhogar\u00bb en ciertas oraciones).<\/span><\/li>\n<li><span style=\"color: #ffffff;\"><strong>Relaciones sintagm\u00e1ticas<\/strong>: La palabra se relaciona con otras palabras dentro de una secuencia (por ejemplo, \u00abla casa blanca\u00bb muestra c\u00f3mo \u00abcasa\u00bb se relaciona sintagm\u00e1ticamente con \u00abla\u00bb y \u00abblanca\u00bb).<\/span><\/li>\n<\/ul>\n<\/li>\n<li><span style=\"color: #ffffff;\"><strong>Arbitrariedad del signo<\/strong>: La relaci\u00f3n entre el significante y el significado de una palabra es arbitraria; no hay una conexi\u00f3n l\u00f3gica o natural entre la forma de una palabra y su significado, lo cual es una caracter\u00edstica esencial del signo ling\u00fc\u00edstico.<\/span><\/li>\n<li><span style=\"color: #ffffff;\"><strong>Doble articulaci\u00f3n<\/strong>: La lengua se organiza en dos niveles de articulaci\u00f3n: las palabras (o signos ling\u00fc\u00edsticos) son la primera articulaci\u00f3n, compuesta por morfemas, que son las unidades m\u00ednimas de significado. Estas, a su vez, est\u00e1n formadas por fonemas, que son las unidades m\u00ednimas de sonido sin significado propio (segunda articulaci\u00f3n). Esta teor\u00eda de Martinet est\u00e1 sujeta a numerosas cr\u00edticas, especialmente desde el punto de vista de la ling\u00fc\u00edstica submorf\u00e9mica.<\/span><\/li>\n<\/ol>\n<p class=\"\" style=\"font-weight: 400;\">&nbsp;<\/p>\n<\/div>\n<\/div>\n<\/div>\n<\/div>\n<div class=\"color2-background-color color-2-text-contrast bg-background-color tmpl-text-2 boldgrid-section dynamic-gridblock\">\n<div class=\"container\"><\/div>\n<\/div>\n<div class=\"boldgrid-section\">\n<div class=\"container\">\n<div class=\"row\">\n<div class=\"col-lg-12 col-md-12 col-xs-12 col-sm-12\">\n<p class=\"\">&nbsp;<\/p>\n<\/div>\n<\/div>\n<\/div>\n<\/div>\n<div class=\"boldgrid-section\">\n<div class=\"container\">\n<div class=\"row\">\n<div class=\"col-lg-12 col-md-12 col-xs-12 col-sm-12\"><\/div>\n<\/div>\n<div class=\"row\">\n<div class=\"col-lg-12 col-md-12 col-xs-12 col-sm-12\"><\/div>\n<\/div>\n<\/div>\n<\/div>\n","protected":false},"excerpt":{"rendered":"<p>\u293e&nbsp;Volver al glosario Glosario Palabra Desde la teor\u00eda ling\u00fc\u00edstica estructuralista, la definici\u00f3n de \u00abpalabra\u00bb se enmarca en un conjunto de principios y conceptos fundamentales que analizan la lengua como un sistema de signos. Los estructuralistas, encabezados por Ferdinand de Saussure, consideran que la lengua es una estructura de relaciones entre signos, donde cada elemento s\u00f3lo [&hellip;]<\/p>\n","protected":false},"author":9,"featured_media":0,"parent":28610,"menu_order":0,"comment_status":"closed","ping_status":"closed","template":"template\/page\/fullwidth.php","meta":{"site-sidebar-layout":"default","site-content-layout":"","ast-site-content-layout":"default","site-content-style":"default","site-sidebar-style":"default","ast-global-header-display":"","ast-banner-title-visibility":"","ast-main-header-display":"","ast-hfb-above-header-display":"","ast-hfb-below-header-display":"","ast-hfb-mobile-header-display":"","site-post-title":"","ast-breadcrumbs-content":"","ast-featured-img":"","footer-sml-layout":"","theme-transparent-header-meta":"default","adv-header-id-meta":"","stick-header-meta":"default","header-above-stick-meta":"","header-main-stick-meta":"","header-below-stick-meta":"","astra-migrate-meta-layouts":"set","ast-page-background-enabled":"default","ast-page-background-meta":{"desktop":{"background-color":"var(--ast-global-color-4)","background-image":"","background-repeat":"repeat","background-position":"center center","background-size":"auto","background-attachment":"scroll","background-type":"","background-media":"","overlay-type":"","overlay-color":"","overlay-opacity":"","overlay-gradient":""},"tablet":{"background-color":"","background-image":"","background-repeat":"repeat","background-position":"center center","background-size":"auto","background-attachment":"scroll","background-type":"","background-media":"","overlay-type":"","overlay-color":"","overlay-opacity":"","overlay-gradient":""},"mobile":{"background-color":"","background-image":"","background-repeat":"repeat","background-position":"center center","background-size":"auto","background-attachment":"scroll","background-type":"","background-media":"","overlay-type":"","overlay-color":"","overlay-opacity":"","overlay-gradient":""}},"ast-content-background-meta":{"desktop":{"background-color":"var(--ast-global-color-5)","background-image":"","background-repeat":"repeat","background-position":"center center","background-size":"auto","background-attachment":"scroll","background-type":"","background-media":"","overlay-type":"","overlay-color":"","overlay-opacity":"","overlay-gradient":""},"tablet":{"background-color":"var(--ast-global-color-5)","background-image":"","background-repeat":"repeat","background-position":"center center","background-size":"auto","background-attachment":"scroll","background-type":"","background-media":"","overlay-type":"","overlay-color":"","overlay-opacity":"","overlay-gradient":""},"mobile":{"background-color":"var(--ast-global-color-5)","background-image":"","background-repeat":"repeat","background-position":"center center","background-size":"auto","background-attachment":"scroll","background-type":"","background-media":"","overlay-type":"","overlay-color":"","overlay-opacity":"","overlay-gradient":""}},"footnotes":""},"yst_prominent_words":[],"class_list":["post-28796","page","type-page","status-publish","hentry"],"_links":{"self":[{"href":"https:\/\/www.9h05.com\/es\/wp-json\/wp\/v2\/pages\/28796","targetHints":{"allow":["GET"]}}],"collection":[{"href":"https:\/\/www.9h05.com\/es\/wp-json\/wp\/v2\/pages"}],"about":[{"href":"https:\/\/www.9h05.com\/es\/wp-json\/wp\/v2\/types\/page"}],"author":[{"embeddable":true,"href":"https:\/\/www.9h05.com\/es\/wp-json\/wp\/v2\/users\/9"}],"replies":[{"embeddable":true,"href":"https:\/\/www.9h05.com\/es\/wp-json\/wp\/v2\/comments?post=28796"}],"version-history":[{"count":1,"href":"https:\/\/www.9h05.com\/es\/wp-json\/wp\/v2\/pages\/28796\/revisions"}],"predecessor-version":[{"id":28797,"href":"https:\/\/www.9h05.com\/es\/wp-json\/wp\/v2\/pages\/28796\/revisions\/28797"}],"up":[{"embeddable":true,"href":"https:\/\/www.9h05.com\/es\/wp-json\/wp\/v2\/pages\/28610"}],"wp:attachment":[{"href":"https:\/\/www.9h05.com\/es\/wp-json\/wp\/v2\/media?parent=28796"}],"wp:term":[{"taxonomy":"yst_prominent_words","embeddable":true,"href":"https:\/\/www.9h05.com\/es\/wp-json\/wp\/v2\/yst_prominent_words?post=28796"}],"curies":[{"name":"wp","href":"https:\/\/api.w.org\/{rel}","templated":true}]}}