{"id":28793,"date":"2024-07-11T19:36:09","date_gmt":"2024-07-11T19:36:09","guid":{"rendered":"https:\/\/www.9h05.com\/?page_id=28793"},"modified":"2024-07-11T19:36:09","modified_gmt":"2024-07-11T19:36:09","slug":"pagina","status":"publish","type":"page","link":"https:\/\/www.9h05.com\/es\/glosario\/pagina\/","title":{"rendered":"P\u00e1gina"},"content":{"rendered":"<div class=\"tmpl-call_to_action-3 boldgrid-section dynamic-gridblock background-scroll\" style=\"background-position: 50% 50%; background-size: cover; background-image: linear-gradient(to left, #4776e6, #8e54e9);\" data-bg-overlaycolor=\"rgba(238, 238, 238, 0.8)\" data-bg-color-1=\"#4776E6\" data-bg-color-2=\"#8E54E9\" data-bg-direction=\"to left\">\n<div class=\"container\">\n<div class=\"row\" style=\"color: #1d1d1d; padding-top: 40px; padding-bottom: 0px;\">\n<div class=\"col-md-8 col-sm-8 col-xs-12 col-lg-8\">\n<p class=\"\"><span style=\"color: #ffffff;\"><a style=\"color: #ffffff;\" href=\"https:\/\/www.9h05.com\/es\/glosario\/\">\u293e&nbsp;Volver al glosario<\/a><\/span><\/p>\n<h2 class=\"\" style=\"text-align: right; font-family: 'Cormorant SC'; font-weight: 600; color: rgba(255, 255, 255, 0.92); font-size: 42px;\" data-font-family=\"Cormorant SC\" data-font-weight=\"600\" data-font-style=\"\"><span style=\"color: #ffffff;\">Glosario<\/span><\/h2>\n<h2 class=\"h1\" style=\"margin: 30px 0px; color: rgba(255, 255, 255, 0.92);\"><span style=\"color: #ffffff;\">P\u00e1gina (unidad de conteo)<\/span><\/h2>\n<div class=\"flex-shrink-0 flex flex-col relative items-end\">\n<div class=\"pt-0.5 juice:pt-0\">\n<div class=\"gizmo-bot-avatar flex h-6 w-6 items-center justify-center overflow-hidden rounded-full juice:h-8 juice:w-8\">\n<div class=\"relative p-1 rounded-sm flex items-center justify-center bg-token-main-surface-primary text-token-text-primary h-8 w-8\">\n<p style=\"font-weight: 400;\"><span style=\"color: #ffffff;\">Conceptualmente, una \u00abp\u00e1gina\u00bb en el contexto de la traducci\u00f3n se refiere a una unidad de medida est\u00e1ndar utilizada para determinar la cantidad de trabajo realizado y, por ende, el costo de los servicios de traducci\u00f3n.<\/span><\/p>\n<p style=\"font-weight: 400;\"><span style=\"color: #ffffff;\">Una p\u00e1gina, en sentido traductol\u00f3gico, se refiere a una unidad de conteo para el cobro de traducciones certificadas. Cada p\u00e1gina tiene un m\u00e1ximo de 250 palabras.<\/span><\/p>\n<\/div>\n<\/div>\n<\/div>\n<\/div>\n<\/div>\n<div class=\"col-md-4 col-sm-3 col-xs-12 align-column-center col-lg-4\">\n<p class=\"\" style=\"text-align: center;\">&nbsp;<\/p>\n<\/div>\n<div class=\"col-lg-1 col-md-1 col-sm-12 col-xs-12\">\n<p class=\"\">&nbsp;<\/p>\n<\/div>\n<\/div>\n<div class=\"row\" style=\"padding-top: 40px; padding-bottom: 40px;\">\n<div class=\"col-lg-2 col-md-12 col-sm-12 col-xs-12\" style=\"color: #1d1d1d;\"><\/div>\n<div class=\"col-md-8 col-sm-8 col-xs-12 col-lg-10\">\n<p class=\"\" style=\"font-weight: 400;\"><span style=\"color: #ffffff;\">A continuaci\u00f3n, detallamos las diferentes unidades de conteo utilizadas en la industria de la traducci\u00f3n:<\/p>\n<p><\/span><\/p>\n<ol class=\"\">\n<li><span style=\"color: #ffffff;\"><strong>N\u00famero de palabras: <\/strong>En muchos casos, una p\u00e1gina se define por el n\u00famero de palabras que contiene. En 9h05 International, hemos fijado el n\u00famero de palabras que tiene una p\u00e1gina en 250. Se utiliza com\u00fanmente para cobrar traducciones certificadas, ya que permite un conteo r\u00e1pido y fehaciente del volumen de texto en documentos variados y muchas veces no digitalizados.\n<p><\/span><\/li>\n<li><span style=\"color: #ffffff;\"><strong>N\u00famero de caracteres: <\/strong>En algunos contextos, especialmente cuando se trata de idiomas que utilizan sistemas de escritura diferentes al latino, como el chino o el \u00e1rabe, una p\u00e1gina puede ser definida por el n\u00famero de caracteres. Tambi\u00e9n es de uso frecuente para idiomas aglutinantes, como el alem\u00e1n.<br \/>\n<\/span><\/li>\n<li><span style=\"color: #ffffff;\"><strong>N\u00famero de fojas editoriales:<\/strong> Se refiere a una foja editorial estandarizada, que contiene 1500 caracteres incluidos los espacios. Se utiliza en el campo de la traducci\u00f3n literaria y editorial en sentido amplio.<\/span><\/li>\n<\/ol>\n<p style=\"font-weight: 400;\">&nbsp;<\/p>\n<\/div>\n<\/div>\n<\/div>\n<\/div>\n<div class=\"color2-background-color color-2-text-contrast bg-background-color tmpl-text-2 boldgrid-section dynamic-gridblock\">\n<div class=\"container\"><\/div>\n<\/div>\n<div class=\"boldgrid-section\">\n<div class=\"container\">\n<div class=\"row\">\n<div class=\"col-lg-12 col-md-12 col-xs-12 col-sm-12\">\n<p class=\"\">&nbsp;<\/p>\n<\/div>\n<\/div>\n<\/div>\n<\/div>\n<div class=\"boldgrid-section\">\n<div class=\"container\">\n<div class=\"row\">\n<div class=\"col-lg-12 col-md-12 col-xs-12 col-sm-12\"><\/div>\n<\/div>\n<div class=\"row\">\n<div class=\"col-lg-12 col-md-12 col-xs-12 col-sm-12\"><\/div>\n<\/div>\n<\/div>\n<\/div>\n","protected":false},"excerpt":{"rendered":"<p>\u293e&nbsp;Volver al glosario Glosario P\u00e1gina (unidad de conteo) Conceptualmente, una \u00abp\u00e1gina\u00bb en el contexto de la traducci\u00f3n se refiere a una unidad de medida est\u00e1ndar utilizada para determinar la cantidad de trabajo realizado y, por ende, el costo de los servicios de traducci\u00f3n. Una p\u00e1gina, en sentido traductol\u00f3gico, se refiere a una unidad de conteo [&hellip;]<\/p>\n","protected":false},"author":9,"featured_media":0,"parent":28610,"menu_order":0,"comment_status":"closed","ping_status":"closed","template":"template\/page\/fullwidth.php","meta":{"site-sidebar-layout":"default","site-content-layout":"","ast-site-content-layout":"default","site-content-style":"default","site-sidebar-style":"default","ast-global-header-display":"","ast-banner-title-visibility":"","ast-main-header-display":"","ast-hfb-above-header-display":"","ast-hfb-below-header-display":"","ast-hfb-mobile-header-display":"","site-post-title":"","ast-breadcrumbs-content":"","ast-featured-img":"","footer-sml-layout":"","theme-transparent-header-meta":"default","adv-header-id-meta":"","stick-header-meta":"default","header-above-stick-meta":"","header-main-stick-meta":"","header-below-stick-meta":"","astra-migrate-meta-layouts":"set","ast-page-background-enabled":"default","ast-page-background-meta":{"desktop":{"background-color":"var(--ast-global-color-4)","background-image":"","background-repeat":"repeat","background-position":"center center","background-size":"auto","background-attachment":"scroll","background-type":"","background-media":"","overlay-type":"","overlay-color":"","overlay-opacity":"","overlay-gradient":""},"tablet":{"background-color":"","background-image":"","background-repeat":"repeat","background-position":"center center","background-size":"auto","background-attachment":"scroll","background-type":"","background-media":"","overlay-type":"","overlay-color":"","overlay-opacity":"","overlay-gradient":""},"mobile":{"background-color":"","background-image":"","background-repeat":"repeat","background-position":"center center","background-size":"auto","background-attachment":"scroll","background-type":"","background-media":"","overlay-type":"","overlay-color":"","overlay-opacity":"","overlay-gradient":""}},"ast-content-background-meta":{"desktop":{"background-color":"var(--ast-global-color-5)","background-image":"","background-repeat":"repeat","background-position":"center center","background-size":"auto","background-attachment":"scroll","background-type":"","background-media":"","overlay-type":"","overlay-color":"","overlay-opacity":"","overlay-gradient":""},"tablet":{"background-color":"var(--ast-global-color-5)","background-image":"","background-repeat":"repeat","background-position":"center center","background-size":"auto","background-attachment":"scroll","background-type":"","background-media":"","overlay-type":"","overlay-color":"","overlay-opacity":"","overlay-gradient":""},"mobile":{"background-color":"var(--ast-global-color-5)","background-image":"","background-repeat":"repeat","background-position":"center center","background-size":"auto","background-attachment":"scroll","background-type":"","background-media":"","overlay-type":"","overlay-color":"","overlay-opacity":"","overlay-gradient":""}},"footnotes":""},"yst_prominent_words":[],"class_list":["post-28793","page","type-page","status-publish","hentry"],"_links":{"self":[{"href":"https:\/\/www.9h05.com\/es\/wp-json\/wp\/v2\/pages\/28793","targetHints":{"allow":["GET"]}}],"collection":[{"href":"https:\/\/www.9h05.com\/es\/wp-json\/wp\/v2\/pages"}],"about":[{"href":"https:\/\/www.9h05.com\/es\/wp-json\/wp\/v2\/types\/page"}],"author":[{"embeddable":true,"href":"https:\/\/www.9h05.com\/es\/wp-json\/wp\/v2\/users\/9"}],"replies":[{"embeddable":true,"href":"https:\/\/www.9h05.com\/es\/wp-json\/wp\/v2\/comments?post=28793"}],"version-history":[{"count":1,"href":"https:\/\/www.9h05.com\/es\/wp-json\/wp\/v2\/pages\/28793\/revisions"}],"predecessor-version":[{"id":28794,"href":"https:\/\/www.9h05.com\/es\/wp-json\/wp\/v2\/pages\/28793\/revisions\/28794"}],"up":[{"embeddable":true,"href":"https:\/\/www.9h05.com\/es\/wp-json\/wp\/v2\/pages\/28610"}],"wp:attachment":[{"href":"https:\/\/www.9h05.com\/es\/wp-json\/wp\/v2\/media?parent=28793"}],"wp:term":[{"taxonomy":"yst_prominent_words","embeddable":true,"href":"https:\/\/www.9h05.com\/es\/wp-json\/wp\/v2\/yst_prominent_words?post=28793"}],"curies":[{"name":"wp","href":"https:\/\/api.w.org\/{rel}","templated":true}]}}