{"id":28765,"date":"2024-07-05T11:53:23","date_gmt":"2024-07-05T11:53:23","guid":{"rendered":"https:\/\/www.9h05.com\/?page_id=28765"},"modified":"2024-07-05T11:53:23","modified_gmt":"2024-07-05T11:53:23","slug":"juritraductologia","status":"publish","type":"page","link":"https:\/\/www.9h05.com\/es\/glosario\/juritraductologia\/","title":{"rendered":"Juritraductolog\u00eda"},"content":{"rendered":"<div class=\"tmpl-call_to_action-3 boldgrid-section dynamic-gridblock background-scroll\" style=\"color: #1d1d1d; background-position: 50% 50%; background-size: cover; background-image: linear-gradient(to left, #4776e6, #8e54e9);\" data-bg-overlaycolor=\"rgba(238, 238, 238, 0.8)\" data-bg-color-1=\"#4776E6\" data-bg-color-2=\"#8E54E9\" data-bg-direction=\"to left\">\n<div class=\"container\">\n<div class=\"row\" style=\"padding-top: 40px; padding-bottom: 0px;\">\n<div class=\"col-md-8 col-sm-8 col-xs-12 col-lg-8\">\n<p class=\"\"><a href=\"https:\/\/www.9h05.com\/es\/glosario\/\"><span style=\"color: #ffffff;\">\u293e&nbsp;Volver al glosario<\/span><\/a><\/p>\n<h2 class=\"\" style=\"text-align: right; font-family: 'Cormorant SC'; font-weight: 600; color: rgba(255, 255, 255, 0.92); font-size: 42px;\" data-font-family=\"Cormorant SC\" data-font-weight=\"600\" data-font-style=\"\">Glosario<\/h2>\n<h2 class=\"h1\" style=\"margin: 30px 0px; color: rgba(255, 255, 255, 0.92);\"><span style=\"color: #ffffff;\">Juritraductolog\u00eda<\/span><\/h2>\n<p class=\"\"><span style=\"color: #ffffff;\">La juritraductolog\u00eda es una rama especializada de la traductolog\u00eda que se centra en la traducci\u00f3n de textos jur\u00eddicos y la interpretaci\u00f3n de t\u00e9rminos legales entre diferentes sistemas jur\u00eddicos y ling\u00fc\u00edsticos. Este campo aborda los desaf\u00edos espec\u00edficos relacionados con la traducci\u00f3n de documentos legales, contratos, sentencias judiciales, leyes y otros textos legales, asegurando la precisi\u00f3n y la coherencia tanto en el contenido jur\u00eddico como en la terminolog\u00eda utilizada.<\/span><\/p>\n<p class=\"\"><span style=\"color: #ffffff;\">La juritraductolog\u00eda implica un profundo conocimiento de los sistemas legales y ling\u00fc\u00edsticos involucrados, as\u00ed como de las convenciones culturales asociadas con el derecho. Los juritraductores deben entender no solo el idioma de origen y el idioma de destino, sino tambi\u00e9n las implicaciones legales y las diferencias conceptuales entre los sistemas legales correspondientes. Esto asegura que las traducciones sean precisas y cumplan con los requisitos legales de los diferentes pa\u00edses o jurisdicciones involucradas.<\/span><\/p>\n<p>&nbsp;<\/p>\n<h4><span style=\"color: #ffffff;\">Juritraductolog\u00eda comparada<\/span><\/h4>\n<p class=\"\"><span style=\"color: #ffffff;\">En la juritraductolog\u00eda comparada, los traductores y estudiosos no solo deben ser competentes en los idiomas de origen y destino, sino tambi\u00e9n tener un profundo conocimiento de los sistemas jur\u00eddicos involucrados. Esto incluye comprender c\u00f3mo se conceptualizan y se expresan los t\u00e9rminos legales en cada sistema legal, as\u00ed como las implicaciones pr\u00e1cticas y culturales asociadas con la traducci\u00f3n de documentos legales.<\/span><\/p>\n<p class=\"\"><span style=\"color: #ffffff;\">El objetivo principal de la juritraductolog\u00eda comparada es facilitar una traducci\u00f3n precisa y comprensible de documentos legales entre sistemas jur\u00eddicos diversos, asegurando que la interpretaci\u00f3n y aplicaci\u00f3n de la ley se mantenga coherente y efectiva a trav\u00e9s de las fronteras ling\u00fc\u00edsticas y jurisdiccionales.<\/span><\/p>\n<p class=\"\">&nbsp;<\/p>\n<\/div>\n<div class=\"col-md-4 col-sm-4 col-xs-12 align-column-center col-lg-4\">\n<p class=\"\" style=\"text-align: center;\">&nbsp;<\/p>\n<\/div>\n<\/div>\n<div class=\"row\" style=\"padding-top: 40px; padding-bottom: 40px;\">\n<div class=\"col-md-8 col-sm-8 col-xs-12 col-lg-10\">\n<p class=\"\" style=\"color: #1d1d1d;\">&nbsp;<\/p>\n<p class=\"\" style=\"color: #1d1d1d;\">&nbsp;<\/p>\n<p class=\"\" style=\"color: #1d1d1d;\">&nbsp;<\/p>\n<\/div>\n<\/div>\n<\/div>\n<\/div>\n<div class=\"color2-background-color color-2-text-contrast bg-background-color tmpl-text-2 boldgrid-section dynamic-gridblock\">\n<div class=\"container\"><\/div>\n<\/div>\n<div class=\"boldgrid-section\">\n<div class=\"container\">\n<div class=\"row\">\n<div class=\"col-lg-12 col-md-12 col-xs-12 col-sm-12\">\n<p class=\"\">&nbsp;<\/p>\n<\/div>\n<\/div>\n<\/div>\n<\/div>\n<div class=\"boldgrid-section\">\n<div class=\"container\">\n<div class=\"row\">\n<div class=\"col-lg-12 col-md-12 col-xs-12 col-sm-12\"><\/div>\n<\/div>\n<\/div>\n<\/div>\n","protected":false},"excerpt":{"rendered":"<p>\u293e&nbsp;Volver al glosario Glosario Juritraductolog\u00eda La juritraductolog\u00eda es una rama especializada de la traductolog\u00eda que se centra en la traducci\u00f3n de textos jur\u00eddicos y la interpretaci\u00f3n de t\u00e9rminos legales entre diferentes sistemas jur\u00eddicos y ling\u00fc\u00edsticos. Este campo aborda los desaf\u00edos espec\u00edficos relacionados con la traducci\u00f3n de documentos legales, contratos, sentencias judiciales, leyes y otros textos [&hellip;]<\/p>\n","protected":false},"author":9,"featured_media":0,"parent":28610,"menu_order":0,"comment_status":"closed","ping_status":"closed","template":"template\/page\/fullwidth.php","meta":{"site-sidebar-layout":"default","site-content-layout":"","ast-site-content-layout":"default","site-content-style":"default","site-sidebar-style":"default","ast-global-header-display":"","ast-banner-title-visibility":"","ast-main-header-display":"","ast-hfb-above-header-display":"","ast-hfb-below-header-display":"","ast-hfb-mobile-header-display":"","site-post-title":"","ast-breadcrumbs-content":"","ast-featured-img":"","footer-sml-layout":"","theme-transparent-header-meta":"default","adv-header-id-meta":"","stick-header-meta":"default","header-above-stick-meta":"","header-main-stick-meta":"","header-below-stick-meta":"","astra-migrate-meta-layouts":"set","ast-page-background-enabled":"default","ast-page-background-meta":{"desktop":{"background-color":"var(--ast-global-color-4)","background-image":"","background-repeat":"repeat","background-position":"center center","background-size":"auto","background-attachment":"scroll","background-type":"","background-media":"","overlay-type":"","overlay-color":"","overlay-opacity":"","overlay-gradient":""},"tablet":{"background-color":"","background-image":"","background-repeat":"repeat","background-position":"center center","background-size":"auto","background-attachment":"scroll","background-type":"","background-media":"","overlay-type":"","overlay-color":"","overlay-opacity":"","overlay-gradient":""},"mobile":{"background-color":"","background-image":"","background-repeat":"repeat","background-position":"center center","background-size":"auto","background-attachment":"scroll","background-type":"","background-media":"","overlay-type":"","overlay-color":"","overlay-opacity":"","overlay-gradient":""}},"ast-content-background-meta":{"desktop":{"background-color":"var(--ast-global-color-5)","background-image":"","background-repeat":"repeat","background-position":"center center","background-size":"auto","background-attachment":"scroll","background-type":"","background-media":"","overlay-type":"","overlay-color":"","overlay-opacity":"","overlay-gradient":""},"tablet":{"background-color":"var(--ast-global-color-5)","background-image":"","background-repeat":"repeat","background-position":"center center","background-size":"auto","background-attachment":"scroll","background-type":"","background-media":"","overlay-type":"","overlay-color":"","overlay-opacity":"","overlay-gradient":""},"mobile":{"background-color":"var(--ast-global-color-5)","background-image":"","background-repeat":"repeat","background-position":"center center","background-size":"auto","background-attachment":"scroll","background-type":"","background-media":"","overlay-type":"","overlay-color":"","overlay-opacity":"","overlay-gradient":""}},"footnotes":""},"yst_prominent_words":[],"class_list":["post-28765","page","type-page","status-publish","hentry"],"_links":{"self":[{"href":"https:\/\/www.9h05.com\/es\/wp-json\/wp\/v2\/pages\/28765","targetHints":{"allow":["GET"]}}],"collection":[{"href":"https:\/\/www.9h05.com\/es\/wp-json\/wp\/v2\/pages"}],"about":[{"href":"https:\/\/www.9h05.com\/es\/wp-json\/wp\/v2\/types\/page"}],"author":[{"embeddable":true,"href":"https:\/\/www.9h05.com\/es\/wp-json\/wp\/v2\/users\/9"}],"replies":[{"embeddable":true,"href":"https:\/\/www.9h05.com\/es\/wp-json\/wp\/v2\/comments?post=28765"}],"version-history":[{"count":1,"href":"https:\/\/www.9h05.com\/es\/wp-json\/wp\/v2\/pages\/28765\/revisions"}],"predecessor-version":[{"id":28768,"href":"https:\/\/www.9h05.com\/es\/wp-json\/wp\/v2\/pages\/28765\/revisions\/28768"}],"up":[{"embeddable":true,"href":"https:\/\/www.9h05.com\/es\/wp-json\/wp\/v2\/pages\/28610"}],"wp:attachment":[{"href":"https:\/\/www.9h05.com\/es\/wp-json\/wp\/v2\/media?parent=28765"}],"wp:term":[{"taxonomy":"yst_prominent_words","embeddable":true,"href":"https:\/\/www.9h05.com\/es\/wp-json\/wp\/v2\/yst_prominent_words?post=28765"}],"curies":[{"name":"wp","href":"https:\/\/api.w.org\/{rel}","templated":true}]}}