{"id":28729,"date":"2024-07-05T09:28:03","date_gmt":"2024-07-05T09:28:03","guid":{"rendered":"https:\/\/www.9h05.com\/?page_id=28729"},"modified":"2024-07-05T09:28:03","modified_gmt":"2024-07-05T09:28:03","slug":"morfosintaxis","status":"publish","type":"page","link":"https:\/\/www.9h05.com\/es\/glosario\/morfosintaxis\/","title":{"rendered":"Morfosintaxis"},"content":{"rendered":"<div class=\"tmpl-call_to_action-3 boldgrid-section dynamic-gridblock background-scroll\" style=\"color: #1d1d1d; background-position: 50% 50%; background-size: cover; background-image: linear-gradient(to left, #4776e6, #8e54e9);\" data-bg-overlaycolor=\"rgba(238, 238, 238, 0.8)\" data-bg-color-1=\"#4776E6\" data-bg-color-2=\"#8E54E9\" data-bg-direction=\"to left\">\n<div class=\"container\">\n<div class=\"row\" style=\"padding-top: 40px; padding-bottom: 0px;\">\n<div class=\"col-md-8 col-sm-8 col-xs-12 col-lg-8\">\n<p class=\"\"><a href=\"https:\/\/www.9h05.com\/es\/glosario\/\"><span style=\"color: #ffffff;\">\u293e&nbsp;Volver al glosario<\/span><\/a><\/p>\n<h2 class=\"\" style=\"text-align: right; font-family: 'Cormorant SC'; font-weight: 600; color: rgba(255, 255, 255, 0.92); font-size: 42px;\" data-font-family=\"Cormorant SC\" data-font-weight=\"600\" data-font-style=\"\">Glosario<\/h2>\n<h2 class=\"h1\" style=\"margin: 30px 0px; color: rgba(255, 255, 255, 0.92);\">Morfosintaxis<\/h2>\n<p class=\"\"><span style=\"color: #ffffff;\">La <strong>morfosintaxis<\/strong> es una rama de la ling\u00fc\u00edstica que combina el estudio de la morfolog\u00eda y la sintaxis, dos componentes fundamentales de la estructura gramatical de las lenguas. A continuaci\u00f3n se desglosa cada uno de estos componentes y c\u00f3mo se integran en el concepto de morfosintaxis:<\/span><\/p>\n<\/div>\n<div class=\"col-md-4 col-sm-4 col-xs-12 align-column-center col-lg-4\">\n<p class=\"\" style=\"text-align: center;\">&nbsp;<\/p>\n<\/div>\n<\/div>\n<div class=\"row\" style=\"padding-top: 40px; padding-bottom: 40px;\">\n<div class=\"col-lg-2 col-md-12 col-sm-12 col-xs-12\" style=\"color: #1d1d1d;\"><\/div>\n<div class=\"col-md-8 col-sm-8 col-xs-12 col-lg-10\">\n<h3><span style=\"color: #ffffff;\">Morfolog\u00eda<\/span><\/h3>\n<p><span style=\"color: #ffffff;\">La morfolog\u00eda es la subdisciplina de la ling\u00fc\u00edstica que se encarga del estudio de la estructura y formaci\u00f3n de las palabras. Analiza c\u00f3mo se forman las palabras a partir de morfemas, que son las unidades m\u00ednimas de significado en una lengua. Los morfemas pueden ser:<\/span><\/p>\n<ul class=\"\">\n<li><span style=\"color: #ffffff;\"><strong>Ra\u00edces<\/strong>: La parte principal de la palabra que aporta el significado b\u00e1sico.<\/span><\/li>\n<li><span style=\"color: #ffffff;\"><strong>Afijos<\/strong>: Elementos que se a\u00f1aden a la ra\u00edz para modificar su significado, incluyendo prefijos, sufijos, infijos y circunfijos.<\/span><\/li>\n<li><span style=\"color: #ffffff;\"><strong>Morfemas flexivos<\/strong>: Modifican la forma de una palabra para expresar diferentes categor\u00edas gramaticales como n\u00famero, g\u00e9nero, tiempo, aspecto, modo, etc.<\/span><\/li>\n<li><span style=\"color: #ffffff;\"><strong>Morfemas derivativos<\/strong>: Crean palabras nuevas al a\u00f1adir informaci\u00f3n a la ra\u00edz.<\/span><\/li>\n<\/ul>\n<h3><span style=\"color: #ffffff;\">Sintaxis<\/span><\/h3>\n<p class=\"\"><span style=\"color: #ffffff;\">La sintaxis, por otro lado, es la subdisciplina que estudia la estructura de las oraciones y c\u00f3mo se combinan las palabras para formar unidades gramaticales m\u00e1s grandes. Examina las reglas y principios que gobiernan la ordenaci\u00f3n de las palabras y la relaci\u00f3n entre ellas dentro de las oraciones. Aspectos clave de la sintaxis incluyen:<\/span><\/p>\n<ul class=\"\">\n<li><span style=\"color: #ffffff;\"><strong>Estructura de la oraci\u00f3n<\/strong>: La disposici\u00f3n de sujetos, verbos, objetos, complementos, y otros constituyentes dentro de una oraci\u00f3n.<\/span><\/li>\n<li><span style=\"color: #ffffff;\"><strong>Funciones sint\u00e1cticas<\/strong>: Los roles que las palabras y frases desempe\u00f1an en una oraci\u00f3n, como sujeto, predicado, objeto directo, objeto indirecto, etc.<\/span><\/li>\n<li><span style=\"color: #ffffff;\"><strong>Concordancia<\/strong>: La correspondencia gramatical entre palabras en t\u00e9rminos de g\u00e9nero, n\u00famero, persona, etc.<\/span><\/li>\n<li><span style=\"color: #ffffff;\"><strong>Subordinaci\u00f3n y coordinaci\u00f3n<\/strong>: La forma en que las cl\u00e1usulas se combinan y se relacionan dentro de una oraci\u00f3n compleja.<\/span><\/li>\n<\/ul>\n<h3 class=\"\"><span style=\"color: #ffffff;\">Integraci\u00f3n en morfosintaxis<\/span><\/h3>\n<p class=\"\"><span style=\"color: #ffffff;\">La morfosintaxis, por lo tanto, es el estudio de la interacci\u00f3n entre la morfolog\u00eda y la sintaxis en la formaci\u00f3n de palabras y oraciones. Examina c\u00f3mo las unidades morfol\u00f3gicas (morfemas) se organizan sint\u00e1cticamente para crear estructuras coherentes y gramaticalmente correctas en una lengua.<\/span><\/p>\n<p>&nbsp;<\/p>\n<h3 class=\"\"><span style=\"color: #ffffff;\">Ejemplos de morfosintaxis<\/span><\/h3>\n<ol class=\"\">\n<li><span style=\"color: #ffffff;\"><strong>Concordancia de g\u00e9nero y n\u00famero<\/strong>: En espa\u00f1ol, los adjetivos deben concordar en g\u00e9nero y n\u00famero con los sustantivos que modifican. Por ejemplo, en \u00ablas casas grandes\u00bb, \u00ablas\u00bb (art\u00edculo), \u00abcasas\u00bb (sustantivo) y \u00abgrandes\u00bb (adjetivo) deben coincidir en n\u00famero (plural) y g\u00e9nero (femenino).<\/span><\/li>\n<li><span style=\"color: #ffffff;\"><strong>Flexi\u00f3n verbal<\/strong>: La conjugaci\u00f3n de verbos en espa\u00f1ol implica cambios morfol\u00f3gicos que reflejan tiempo, modo, aspecto, persona y n\u00famero, y estos deben estar sint\u00e1cticamente acordes con el sujeto de la oraci\u00f3n. Por ejemplo, \u00abyo hablo\u00bb, \u00abt\u00fa hablas\u00bb, \u00ab\u00e9l habla\u00bb.<\/span><\/li>\n<li><span style=\"color: #ffffff;\"><strong>Orden de palabras<\/strong>: Aunque la estructura b\u00e1sica del espa\u00f1ol es SVO (Sujeto- Verbo- Objeto), la flexibilidad del orden de palabras y la inflexi\u00f3n permiten varias construcciones gramaticalmente correctas que pueden alterar el \u00e9nfasis o el estilo, como en \u00abHablo yo\u00bb (donde el pronombre se utiliza para \u00e9nfasis).<\/span><\/li>\n<\/ol>\n<p class=\"\" style=\"color: #1d1d1d;\">&nbsp;<\/p>\n<\/div>\n<\/div>\n<\/div>\n<\/div>\n<div class=\"color2-background-color color-2-text-contrast bg-background-color tmpl-text-2 boldgrid-section dynamic-gridblock\">\n<div class=\"container\"><\/div>\n<\/div>\n<div class=\"boldgrid-section\">\n<div class=\"container\">\n<div class=\"row\">\n<div class=\"col-lg-12 col-md-12 col-xs-12 col-sm-12\">\n<p class=\"\">&nbsp;<\/p>\n<\/div>\n<\/div>\n<\/div>\n<\/div>\n<div class=\"boldgrid-section\">\n<div class=\"container\">\n<div class=\"row\">\n<div class=\"col-lg-12 col-md-12 col-xs-12 col-sm-12\"><\/div>\n<\/div>\n<\/div>\n<\/div>\n","protected":false},"excerpt":{"rendered":"<p>\u293e&nbsp;Volver al glosario Glosario Morfosintaxis La morfosintaxis es una rama de la ling\u00fc\u00edstica que combina el estudio de la morfolog\u00eda y la sintaxis, dos componentes fundamentales de la estructura gramatical de las lenguas. A continuaci\u00f3n se desglosa cada uno de estos componentes y c\u00f3mo se integran en el concepto de morfosintaxis: &nbsp; Morfolog\u00eda La morfolog\u00eda [&hellip;]<\/p>\n","protected":false},"author":9,"featured_media":0,"parent":28610,"menu_order":0,"comment_status":"closed","ping_status":"closed","template":"template\/page\/fullwidth.php","meta":{"site-sidebar-layout":"default","site-content-layout":"","ast-site-content-layout":"default","site-content-style":"default","site-sidebar-style":"default","ast-global-header-display":"","ast-banner-title-visibility":"","ast-main-header-display":"","ast-hfb-above-header-display":"","ast-hfb-below-header-display":"","ast-hfb-mobile-header-display":"","site-post-title":"","ast-breadcrumbs-content":"","ast-featured-img":"","footer-sml-layout":"","theme-transparent-header-meta":"default","adv-header-id-meta":"","stick-header-meta":"default","header-above-stick-meta":"","header-main-stick-meta":"","header-below-stick-meta":"","astra-migrate-meta-layouts":"set","ast-page-background-enabled":"default","ast-page-background-meta":{"desktop":{"background-color":"var(--ast-global-color-4)","background-image":"","background-repeat":"repeat","background-position":"center center","background-size":"auto","background-attachment":"scroll","background-type":"","background-media":"","overlay-type":"","overlay-color":"","overlay-opacity":"","overlay-gradient":""},"tablet":{"background-color":"","background-image":"","background-repeat":"repeat","background-position":"center center","background-size":"auto","background-attachment":"scroll","background-type":"","background-media":"","overlay-type":"","overlay-color":"","overlay-opacity":"","overlay-gradient":""},"mobile":{"background-color":"","background-image":"","background-repeat":"repeat","background-position":"center center","background-size":"auto","background-attachment":"scroll","background-type":"","background-media":"","overlay-type":"","overlay-color":"","overlay-opacity":"","overlay-gradient":""}},"ast-content-background-meta":{"desktop":{"background-color":"var(--ast-global-color-5)","background-image":"","background-repeat":"repeat","background-position":"center center","background-size":"auto","background-attachment":"scroll","background-type":"","background-media":"","overlay-type":"","overlay-color":"","overlay-opacity":"","overlay-gradient":""},"tablet":{"background-color":"var(--ast-global-color-5)","background-image":"","background-repeat":"repeat","background-position":"center center","background-size":"auto","background-attachment":"scroll","background-type":"","background-media":"","overlay-type":"","overlay-color":"","overlay-opacity":"","overlay-gradient":""},"mobile":{"background-color":"var(--ast-global-color-5)","background-image":"","background-repeat":"repeat","background-position":"center center","background-size":"auto","background-attachment":"scroll","background-type":"","background-media":"","overlay-type":"","overlay-color":"","overlay-opacity":"","overlay-gradient":""}},"footnotes":""},"yst_prominent_words":[],"class_list":["post-28729","page","type-page","status-publish","hentry"],"_links":{"self":[{"href":"https:\/\/www.9h05.com\/es\/wp-json\/wp\/v2\/pages\/28729","targetHints":{"allow":["GET"]}}],"collection":[{"href":"https:\/\/www.9h05.com\/es\/wp-json\/wp\/v2\/pages"}],"about":[{"href":"https:\/\/www.9h05.com\/es\/wp-json\/wp\/v2\/types\/page"}],"author":[{"embeddable":true,"href":"https:\/\/www.9h05.com\/es\/wp-json\/wp\/v2\/users\/9"}],"replies":[{"embeddable":true,"href":"https:\/\/www.9h05.com\/es\/wp-json\/wp\/v2\/comments?post=28729"}],"version-history":[{"count":1,"href":"https:\/\/www.9h05.com\/es\/wp-json\/wp\/v2\/pages\/28729\/revisions"}],"predecessor-version":[{"id":28730,"href":"https:\/\/www.9h05.com\/es\/wp-json\/wp\/v2\/pages\/28729\/revisions\/28730"}],"up":[{"embeddable":true,"href":"https:\/\/www.9h05.com\/es\/wp-json\/wp\/v2\/pages\/28610"}],"wp:attachment":[{"href":"https:\/\/www.9h05.com\/es\/wp-json\/wp\/v2\/media?parent=28729"}],"wp:term":[{"taxonomy":"yst_prominent_words","embeddable":true,"href":"https:\/\/www.9h05.com\/es\/wp-json\/wp\/v2\/yst_prominent_words?post=28729"}],"curies":[{"name":"wp","href":"https:\/\/api.w.org\/{rel}","templated":true}]}}