{"id":28726,"date":"2024-07-05T09:01:59","date_gmt":"2024-07-05T09:01:59","guid":{"rendered":"https:\/\/www.9h05.com\/?page_id=28726"},"modified":"2024-07-05T09:01:59","modified_gmt":"2024-07-05T09:01:59","slug":"cooperacion-judicial-internacional","status":"publish","type":"page","link":"https:\/\/www.9h05.com\/es\/glosario\/cooperacion-judicial-internacional\/","title":{"rendered":"Cooperaci\u00f3n judicial internacional"},"content":{"rendered":"<div class=\"tmpl-call_to_action-3 boldgrid-section dynamic-gridblock background-scroll\" style=\"color: #1d1d1d; background-position: 50% 50%; background-size: cover; background-image: linear-gradient(to left, #4776e6, #8e54e9);\" data-bg-overlaycolor=\"rgba(238, 238, 238, 0.8)\" data-bg-color-1=\"#4776E6\" data-bg-color-2=\"#8E54E9\" data-bg-direction=\"to left\">\n<div class=\"container\">\n<div class=\"row\" style=\"padding-top: 40px; padding-bottom: 0px;\">\n<div class=\"col-md-8 col-sm-8 col-xs-12 col-lg-8\">\n<p class=\"\"><a href=\"https:\/\/www.9h05.com\/es\/glosario\/\"><span style=\"color: #ffffff;\">\u293e&nbsp;Volver al glosario<\/span><\/a><\/p>\n<h2 class=\"\" style=\"text-align: right; font-family: 'Cormorant SC'; font-weight: 600; color: rgba(255, 255, 255, 0.92); font-size: 42px;\" data-font-family=\"Cormorant SC\" data-font-weight=\"600\" data-font-style=\"\">Glosario<\/h2>\n<h2 class=\"h1\" style=\"margin: 30px 0px; color: rgba(255, 255, 255, 0.92);\"><span style=\"color: #ffffff;\">Cooperaci\u00f3n judicial internacional<\/span><\/h2>\n<p class=\"\"><span style=\"color: #ffffff;\">La cooperaci\u00f3n judicial internacional es un mecanismo mediante el cual las autoridades judiciales de diferentes pa\u00edses colaboran y se asisten mutuamente en la investigaci\u00f3n, el enjuiciamiento y la ejecuci\u00f3n de decisiones judiciales en casos que tienen implicaciones transnacionales. Este tipo de cooperaci\u00f3n es fundamental para enfrentar eficazmente la delincuencia internacional, incluyendo el terrorismo, el tr\u00e1fico de drogas, la trata de personas, el lavado de dinero, y otros delitos que trascienden las fronteras nacionales.<\/span><\/p>\n<\/div>\n<div class=\"col-md-4 col-sm-4 col-xs-12 align-column-center col-lg-4\">\n<p class=\"\" style=\"text-align: center;\">&nbsp;<\/p>\n<\/div>\n<\/div>\n<div class=\"row\" style=\"padding-top: 40px; padding-bottom: 40px;\">\n<div class=\"col-lg-2 col-md-12 col-sm-12 col-xs-12\" style=\"color: #1d1d1d;\"><\/div>\n<div class=\"col-md-8 col-sm-8 col-xs-12 col-lg-10\">\n<h3 class=\"\"><span style=\"color: #ffffff;\">Componentes Clave de la Cooperaci\u00f3n Judicial Internacional<\/span><\/h3>\n<ol class=\"\">\n<li><span style=\"color: #ffffff;\"><strong>Asistencia legal mutua<\/strong>: Proceso formal por el cual un pa\u00eds solicita ayuda a otro para obtener pruebas o realizar ciertos actos procesales, como la toma de testimonios, la entrega de documentos, la congelaci\u00f3n de activos, o la realizaci\u00f3n de inspecciones.<\/span><\/li>\n<li><span style=\"color: #ffffff;\"><strong>Extradici\u00f3n<\/strong>: Procedimiento mediante el cual un individuo acusado o condenado por un delito en un pa\u00eds es entregado a las autoridades de otro pa\u00eds para ser juzgado o para cumplir una sentencia.<\/span><\/li>\n<li><span style=\"color: #ffffff;\"><strong>Reconocimiento y ejecuci\u00f3n de sentencias extranjeras<\/strong>: Aceptaci\u00f3n y ejecuci\u00f3n por parte de un pa\u00eds de las sentencias judiciales dictadas en otro pa\u00eds, lo que puede incluir sentencias civiles, comerciales, y penales.<\/span><\/li>\n<li><span style=\"color: #ffffff;\"><strong>Intercambio de informaci\u00f3n<\/strong>: Compartir datos y antecedentes penales entre pa\u00edses para apoyar investigaciones y enjuiciamientos. Este intercambio puede realizarse a trav\u00e9s de canales bilaterales o mediante organizaciones internacionales como INTERPOL y Europol.<\/span><\/li>\n<li><span style=\"color: #ffffff;\"><strong>\u00d3rdenes de detenci\u00f3n y captura internacional<\/strong>: Emisi\u00f3n de alertas y solicitudes para la captura de individuos a nivel internacional, com\u00fanmente gestionadas por INTERPOL mediante las \u00abnotificaciones rojas\u00bb.<\/span><\/li>\n<li><span style=\"color: #ffffff;\"><strong>Comisiones rogatorias<\/strong>: Solicitudes formales enviadas por tribunales de un pa\u00eds a tribunales de otro para la realizaci\u00f3n de actos judiciales, como la toma de declaraciones o la obtenci\u00f3n de pruebas.<\/span><\/li>\n<\/ol>\n<h3 class=\"\"><span style=\"color: #ffffff;\">Marcos legales y acuerdos<\/span><\/h3>\n<p><span style=\"color: #ffffff;\">La cooperaci\u00f3n judicial internacional se sustenta en una serie de tratados bilaterales y multilaterales, convenciones internacionales, y acuerdos regionales. Entre los m\u00e1s relevantes se encuentran:<\/span><\/p>\n<ul class=\"\">\n<li><span style=\"color: #ffffff;\"><strong>Convenci\u00f3n de las Naciones Unidas contra la Delincuencia Organizada Transnacional<\/strong> (Convenci\u00f3n de Palermo)<\/span><\/li>\n<li><span style=\"color: #ffffff;\"><strong>Convenci\u00f3n de las Naciones Unidas contra la Corrupci\u00f3n<\/strong> (Convenci\u00f3n de M\u00e9rida)<\/span><\/li>\n<li><span style=\"color: #ffffff;\"><strong>Convenio Europeo de Asistencia Judicial Mutua en Materia Penal<\/strong><\/span><\/li>\n<li><span style=\"color: #ffffff;\"><strong>Convenio de La Haya sobre la Obtenci\u00f3n de Pruebas en el Extranjero en Materia Civil o Comercial<\/strong><\/span><\/li>\n<li><span style=\"color: #ffffff;\"><strong>Convenio de La Haya sobre la Protecci\u00f3n Internacional de los Ni\u00f1os<\/strong><\/span><\/li>\n<\/ul>\n<h3 class=\"\"><span style=\"color: #ffffff;\">Desaf\u00edos de la cooperaci\u00f3n judicial internacional<\/span><\/h3>\n<ol class=\"\">\n<li><span style=\"color: #ffffff;\"><strong>Diferencias legales y culturales<\/strong>: Diversidad de sistemas legales y diferencias culturales pueden complicar la cooperaci\u00f3n efectiva. Los traductores judiciales contribuyen a superar estas diferencias jur\u00eddicas.<\/span><\/li>\n<li><span style=\"color: #ffffff;\"><strong>Soberan\u00eda nacional<\/strong>: Los pa\u00edses pueden ser reacios a permitir la intervenci\u00f3n de autoridades extranjeras en sus asuntos internos.<\/span><\/li>\n<li><span style=\"color: #ffffff;\"><strong>Protecci\u00f3n de derechos humanos<\/strong>: Asegurar que la cooperaci\u00f3n no conduzca a violaciones de derechos humanos, como tortura o juicios injustos.<\/span><\/li>\n<li><span style=\"color: #ffffff;\"><strong>Capacidad y recursos<\/strong>: Diferencias en las capacidades y recursos de los sistemas judiciales pueden afectar la eficacia de la cooperaci\u00f3n.<\/span><\/li>\n<\/ol>\n<p class=\"\"><span style=\"color: #ffffff;\">La cooperaci\u00f3n judicial internacional es esencial en un mundo globalizado, ya que permite a los pa\u00edses unir esfuerzos para enfrentar delitos que no respetan fronteras, asegurando as\u00ed la justicia y el orden a nivel global.<\/span><\/p>\n<p class=\"\" style=\"color: #1d1d1d;\">&nbsp;<\/p>\n<p class=\"\" style=\"color: #1d1d1d;\">&nbsp;<\/p>\n<\/div>\n<\/div>\n<\/div>\n<\/div>\n<div class=\"color2-background-color color-2-text-contrast bg-background-color tmpl-text-2 boldgrid-section dynamic-gridblock\">\n<div class=\"container\"><\/div>\n<\/div>\n<div class=\"boldgrid-section\">\n<div class=\"container\">\n<div class=\"row\">\n<div class=\"col-lg-12 col-md-12 col-xs-12 col-sm-12\">\n<p class=\"\">&nbsp;<\/p>\n<\/div>\n<\/div>\n<\/div>\n<\/div>\n<div class=\"boldgrid-section\">\n<div class=\"container\">\n<div class=\"row\">\n<div class=\"col-lg-12 col-md-12 col-xs-12 col-sm-12\"><\/div>\n<\/div>\n<\/div>\n<\/div>\n","protected":false},"excerpt":{"rendered":"<p>\u293e&nbsp;Volver al glosario Glosario Cooperaci\u00f3n judicial internacional La cooperaci\u00f3n judicial internacional es un mecanismo mediante el cual las autoridades judiciales de diferentes pa\u00edses colaboran y se asisten mutuamente en la investigaci\u00f3n, el enjuiciamiento y la ejecuci\u00f3n de decisiones judiciales en casos que tienen implicaciones transnacionales. Este tipo de cooperaci\u00f3n es fundamental para enfrentar eficazmente la [&hellip;]<\/p>\n","protected":false},"author":9,"featured_media":0,"parent":28610,"menu_order":0,"comment_status":"closed","ping_status":"closed","template":"template\/page\/fullwidth.php","meta":{"site-sidebar-layout":"default","site-content-layout":"","ast-site-content-layout":"default","site-content-style":"default","site-sidebar-style":"default","ast-global-header-display":"","ast-banner-title-visibility":"","ast-main-header-display":"","ast-hfb-above-header-display":"","ast-hfb-below-header-display":"","ast-hfb-mobile-header-display":"","site-post-title":"","ast-breadcrumbs-content":"","ast-featured-img":"","footer-sml-layout":"","theme-transparent-header-meta":"default","adv-header-id-meta":"","stick-header-meta":"default","header-above-stick-meta":"","header-main-stick-meta":"","header-below-stick-meta":"","astra-migrate-meta-layouts":"set","ast-page-background-enabled":"default","ast-page-background-meta":{"desktop":{"background-color":"var(--ast-global-color-4)","background-image":"","background-repeat":"repeat","background-position":"center center","background-size":"auto","background-attachment":"scroll","background-type":"","background-media":"","overlay-type":"","overlay-color":"","overlay-opacity":"","overlay-gradient":""},"tablet":{"background-color":"","background-image":"","background-repeat":"repeat","background-position":"center center","background-size":"auto","background-attachment":"scroll","background-type":"","background-media":"","overlay-type":"","overlay-color":"","overlay-opacity":"","overlay-gradient":""},"mobile":{"background-color":"","background-image":"","background-repeat":"repeat","background-position":"center center","background-size":"auto","background-attachment":"scroll","background-type":"","background-media":"","overlay-type":"","overlay-color":"","overlay-opacity":"","overlay-gradient":""}},"ast-content-background-meta":{"desktop":{"background-color":"var(--ast-global-color-5)","background-image":"","background-repeat":"repeat","background-position":"center center","background-size":"auto","background-attachment":"scroll","background-type":"","background-media":"","overlay-type":"","overlay-color":"","overlay-opacity":"","overlay-gradient":""},"tablet":{"background-color":"var(--ast-global-color-5)","background-image":"","background-repeat":"repeat","background-position":"center center","background-size":"auto","background-attachment":"scroll","background-type":"","background-media":"","overlay-type":"","overlay-color":"","overlay-opacity":"","overlay-gradient":""},"mobile":{"background-color":"var(--ast-global-color-5)","background-image":"","background-repeat":"repeat","background-position":"center center","background-size":"auto","background-attachment":"scroll","background-type":"","background-media":"","overlay-type":"","overlay-color":"","overlay-opacity":"","overlay-gradient":""}},"footnotes":""},"yst_prominent_words":[],"class_list":["post-28726","page","type-page","status-publish","hentry"],"_links":{"self":[{"href":"https:\/\/www.9h05.com\/es\/wp-json\/wp\/v2\/pages\/28726","targetHints":{"allow":["GET"]}}],"collection":[{"href":"https:\/\/www.9h05.com\/es\/wp-json\/wp\/v2\/pages"}],"about":[{"href":"https:\/\/www.9h05.com\/es\/wp-json\/wp\/v2\/types\/page"}],"author":[{"embeddable":true,"href":"https:\/\/www.9h05.com\/es\/wp-json\/wp\/v2\/users\/9"}],"replies":[{"embeddable":true,"href":"https:\/\/www.9h05.com\/es\/wp-json\/wp\/v2\/comments?post=28726"}],"version-history":[{"count":1,"href":"https:\/\/www.9h05.com\/es\/wp-json\/wp\/v2\/pages\/28726\/revisions"}],"predecessor-version":[{"id":28727,"href":"https:\/\/www.9h05.com\/es\/wp-json\/wp\/v2\/pages\/28726\/revisions\/28727"}],"up":[{"embeddable":true,"href":"https:\/\/www.9h05.com\/es\/wp-json\/wp\/v2\/pages\/28610"}],"wp:attachment":[{"href":"https:\/\/www.9h05.com\/es\/wp-json\/wp\/v2\/media?parent=28726"}],"wp:term":[{"taxonomy":"yst_prominent_words","embeddable":true,"href":"https:\/\/www.9h05.com\/es\/wp-json\/wp\/v2\/yst_prominent_words?post=28726"}],"curies":[{"name":"wp","href":"https:\/\/api.w.org\/{rel}","templated":true}]}}