{"id":28692,"date":"2024-07-04T12:09:07","date_gmt":"2024-07-04T12:09:07","guid":{"rendered":"https:\/\/www.9h05.com\/?page_id=28692"},"modified":"2024-07-04T14:23:48","modified_gmt":"2024-07-04T14:23:48","slug":"linguistica","status":"publish","type":"page","link":"https:\/\/www.9h05.com\/es\/glosario\/linguistica\/","title":{"rendered":"Ling\u00fc\u00edstica"},"content":{"rendered":"<div class=\"tmpl-call_to_action-3 boldgrid-section dynamic-gridblock background-scroll\" style=\"color: #1d1d1d; background-position: 50% 50%; background-size: cover; background-image: linear-gradient(to left, #4776e6, #8e54e9);\" data-bg-overlaycolor=\"rgba(238, 238, 238, 0.8)\" data-bg-color-1=\"#4776E6\" data-bg-color-2=\"#8E54E9\" data-bg-direction=\"to left\">\n<div class=\"container\">\n<div class=\"row\" style=\"padding-top: 40px; padding-bottom: 0px;\">\n<div class=\"col-md-8 col-sm-8 col-xs-12 col-lg-8\">\n<p class=\"\"><a href=\"https:\/\/www.9h05.com\/es\/glosario\/\"><span style=\"color: #ffffff;\">\u293e&nbsp;Volver al glosario<\/span><\/a><\/p>\n<h2 class=\"\" style=\"text-align: right; font-family: 'Cormorant SC'; font-weight: 600; color: rgba(255, 255, 255, 0.92); font-size: 42px;\" data-font-family=\"Cormorant SC\" data-font-weight=\"600\" data-font-style=\"\">Glosario<\/h2>\n<h2 class=\"h1\" style=\"margin: 30px 0px; color: rgba(255, 255, 255, 0.92);\">Ling\u00fc\u00edstica<\/h2>\n<p class=\"\"><span style=\"color: #ffffff;\">La ling\u00fc\u00edstica es el estudio cient\u00edfico del lenguaje y sus estructuras. Se trata de una disciplina que examina c\u00f3mo se construyen, utilizan y comprenden los idiomas. La ling\u00fc\u00edstica abarca diversos aspectos del lenguaje, desde su sonido y estructura hasta su significado y contexto social. A continuaci\u00f3n, se describen algunas de las \u00e1reas clave dentro de la ling\u00fc\u00edstica:<\/span><\/p>\n<\/div>\n<div class=\"col-md-4 col-sm-4 col-xs-12 align-column-center col-lg-4\">\n<p class=\"\" style=\"text-align: center;\">&nbsp;<\/p>\n<\/div>\n<\/div>\n<div class=\"row\" style=\"padding-top: 40px; padding-bottom: 40px;\">\n<div class=\"col-lg-2 col-md-12 col-sm-12 col-xs-12\" style=\"color: #1d1d1d;\"><\/div>\n<div class=\"col-md-8 col-sm-8 col-xs-12 col-lg-10\">\n<ol class=\"\">\n<li><span style=\"color: #ffffff;\"><strong>Fon\u00e9tica y Fonolog\u00eda<\/strong>:<\/span>\n<ul>\n<li><span style=\"color: #ffffff;\"><strong>Fon\u00e9tica<\/strong>: Estudia los sonidos del habla, su producci\u00f3n, transmisi\u00f3n y percepci\u00f3n.<\/span><\/li>\n<li><span style=\"color: #ffffff;\"><strong>Fonolog\u00eda<\/strong>: Examina c\u00f3mo los sonidos funcionan dentro de un idioma o entre diferentes idiomas para crear significado.<\/span><\/li>\n<\/ul>\n<\/li>\n<li><span style=\"color: #ffffff;\"><strong>Morfolog\u00eda<\/strong>: Analiza la estructura de las palabras y los procesos de formaci\u00f3n de palabras, incluyendo ra\u00edces, prefijos y sufijos.<\/span><\/li>\n<li><span style=\"color: #ffffff;\"><strong>Sintaxis<\/strong>: Estudia la estructura de las oraciones y c\u00f3mo se combinan las palabras para formar frases y oraciones coherentes.<\/span><\/li>\n<li><span style=\"color: #ffffff;\"><strong>Sem\u00e1ntica<\/strong>: Investiga el significado de las palabras y las oraciones, as\u00ed como las relaciones entre los significados.<\/span><\/li>\n<li><span style=\"color: #ffffff;\"><strong>Pragm\u00e1tica<\/strong>: Examina c\u00f3mo el contexto influye en la interpretaci\u00f3n del lenguaje y c\u00f3mo se usa el lenguaje en la comunicaci\u00f3n real.<\/span><\/li>\n<li><span style=\"color: #ffffff;\"><strong>Socioling\u00fc\u00edstica<\/strong>: Analiza c\u00f3mo el lenguaje var\u00eda y cambia en diferentes contextos sociales, incluyendo aspectos como el dialecto, el registro y la jerga.<\/span><\/li>\n<li><span style=\"color: #ffffff;\"><strong>Psicoling\u00fc\u00edstica<\/strong>: Estudia los procesos mentales y psicol\u00f3gicos involucrados en la producci\u00f3n y comprensi\u00f3n del lenguaje.<\/span><\/li>\n<li><span style=\"color: #ffffff;\"><strong>Ling\u00fc\u00edstica Hist\u00f3rica<\/strong>: Investiga la evoluci\u00f3n de los idiomas a lo largo del tiempo y las relaciones entre diferentes lenguas.<\/span><\/li>\n<li><span style=\"color: #ffffff;\"><strong>Ling\u00fc\u00edstica Aplicada<\/strong>: Utiliza los conocimientos ling\u00fc\u00edsticos para resolver problemas pr\u00e1cticos en \u00e1reas como la ense\u00f1anza de idiomas, la traducci\u00f3n, la lexicograf\u00eda y la tecnolog\u00eda del lenguaje.<\/span><\/li>\n<\/ol>\n<p class=\"\"><span style=\"color: #ffffff;\">La ling\u00fc\u00edstica es una disciplina interdisciplinaria que se conecta con otras \u00e1reas de estudio, como la psicolog\u00eda, la antropolog\u00eda, la inform\u00e1tica y la filosof\u00eda, entre otras. Su objetivo es comprender de manera profunda y sistem\u00e1tica c\u00f3mo funciona el lenguaje, una de las caracter\u00edsticas m\u00e1s fundamentales y distintivas de la humanidad.<\/span><\/p>\n<p class=\"\" style=\"color: #1d1d1d;\">&nbsp;<\/p>\n<\/div>\n<\/div>\n<\/div>\n<\/div>\n<div class=\"color2-background-color color-2-text-contrast bg-background-color tmpl-text-2 boldgrid-section dynamic-gridblock\">\n<div class=\"container\"><\/div>\n<\/div>\n<div class=\"boldgrid-section\">\n<div class=\"container\">\n<div class=\"row\">\n<div class=\"col-lg-12 col-md-12 col-xs-12 col-sm-12\">\n<p class=\"\">&nbsp;<\/p>\n<\/div>\n<\/div>\n<\/div>\n<\/div>\n<div class=\"boldgrid-section\">\n<div class=\"container\">\n<div class=\"row\">\n<div class=\"col-lg-12 col-md-12 col-xs-12 col-sm-12\"><\/div>\n<\/div>\n<div class=\"row\">\n<div class=\"col-lg-12 col-md-12 col-xs-12 col-sm-12\"><\/div>\n<\/div>\n<\/div>\n<\/div>\n","protected":false},"excerpt":{"rendered":"<p>\u293e&nbsp;Volver al glosario Glosario Ling\u00fc\u00edstica La ling\u00fc\u00edstica es el estudio cient\u00edfico del lenguaje y sus estructuras. Se trata de una disciplina que examina c\u00f3mo se construyen, utilizan y comprenden los idiomas. La ling\u00fc\u00edstica abarca diversos aspectos del lenguaje, desde su sonido y estructura hasta su significado y contexto social. A continuaci\u00f3n, se describen algunas de [&hellip;]<\/p>\n","protected":false},"author":9,"featured_media":0,"parent":28610,"menu_order":0,"comment_status":"closed","ping_status":"closed","template":"template\/page\/fullwidth.php","meta":{"site-sidebar-layout":"default","site-content-layout":"","ast-site-content-layout":"default","site-content-style":"default","site-sidebar-style":"default","ast-global-header-display":"","ast-banner-title-visibility":"","ast-main-header-display":"","ast-hfb-above-header-display":"","ast-hfb-below-header-display":"","ast-hfb-mobile-header-display":"","site-post-title":"","ast-breadcrumbs-content":"","ast-featured-img":"","footer-sml-layout":"","theme-transparent-header-meta":"default","adv-header-id-meta":"","stick-header-meta":"default","header-above-stick-meta":"","header-main-stick-meta":"","header-below-stick-meta":"","astra-migrate-meta-layouts":"set","ast-page-background-enabled":"default","ast-page-background-meta":{"desktop":{"background-color":"var(--ast-global-color-4)","background-image":"","background-repeat":"repeat","background-position":"center center","background-size":"auto","background-attachment":"scroll","background-type":"","background-media":"","overlay-type":"","overlay-color":"","overlay-opacity":"","overlay-gradient":""},"tablet":{"background-color":"","background-image":"","background-repeat":"repeat","background-position":"center center","background-size":"auto","background-attachment":"scroll","background-type":"","background-media":"","overlay-type":"","overlay-color":"","overlay-opacity":"","overlay-gradient":""},"mobile":{"background-color":"","background-image":"","background-repeat":"repeat","background-position":"center center","background-size":"auto","background-attachment":"scroll","background-type":"","background-media":"","overlay-type":"","overlay-color":"","overlay-opacity":"","overlay-gradient":""}},"ast-content-background-meta":{"desktop":{"background-color":"var(--ast-global-color-5)","background-image":"","background-repeat":"repeat","background-position":"center center","background-size":"auto","background-attachment":"scroll","background-type":"","background-media":"","overlay-type":"","overlay-color":"","overlay-opacity":"","overlay-gradient":""},"tablet":{"background-color":"var(--ast-global-color-5)","background-image":"","background-repeat":"repeat","background-position":"center center","background-size":"auto","background-attachment":"scroll","background-type":"","background-media":"","overlay-type":"","overlay-color":"","overlay-opacity":"","overlay-gradient":""},"mobile":{"background-color":"var(--ast-global-color-5)","background-image":"","background-repeat":"repeat","background-position":"center center","background-size":"auto","background-attachment":"scroll","background-type":"","background-media":"","overlay-type":"","overlay-color":"","overlay-opacity":"","overlay-gradient":""}},"footnotes":""},"yst_prominent_words":[],"class_list":["post-28692","page","type-page","status-publish","hentry"],"_links":{"self":[{"href":"https:\/\/www.9h05.com\/es\/wp-json\/wp\/v2\/pages\/28692","targetHints":{"allow":["GET"]}}],"collection":[{"href":"https:\/\/www.9h05.com\/es\/wp-json\/wp\/v2\/pages"}],"about":[{"href":"https:\/\/www.9h05.com\/es\/wp-json\/wp\/v2\/types\/page"}],"author":[{"embeddable":true,"href":"https:\/\/www.9h05.com\/es\/wp-json\/wp\/v2\/users\/9"}],"replies":[{"embeddable":true,"href":"https:\/\/www.9h05.com\/es\/wp-json\/wp\/v2\/comments?post=28692"}],"version-history":[{"count":3,"href":"https:\/\/www.9h05.com\/es\/wp-json\/wp\/v2\/pages\/28692\/revisions"}],"predecessor-version":[{"id":28717,"href":"https:\/\/www.9h05.com\/es\/wp-json\/wp\/v2\/pages\/28692\/revisions\/28717"}],"up":[{"embeddable":true,"href":"https:\/\/www.9h05.com\/es\/wp-json\/wp\/v2\/pages\/28610"}],"wp:attachment":[{"href":"https:\/\/www.9h05.com\/es\/wp-json\/wp\/v2\/media?parent=28692"}],"wp:term":[{"taxonomy":"yst_prominent_words","embeddable":true,"href":"https:\/\/www.9h05.com\/es\/wp-json\/wp\/v2\/yst_prominent_words?post=28692"}],"curies":[{"name":"wp","href":"https:\/\/api.w.org\/{rel}","templated":true}]}}