{"id":28689,"date":"2024-07-04T12:02:41","date_gmt":"2024-07-04T12:02:41","guid":{"rendered":"https:\/\/www.9h05.com\/?page_id=28689"},"modified":"2024-07-04T14:23:43","modified_gmt":"2024-07-04T14:23:43","slug":"apostille","status":"publish","type":"page","link":"https:\/\/www.9h05.com\/es\/glosario\/apostille\/","title":{"rendered":"Apostille"},"content":{"rendered":"<div class=\"tmpl-call_to_action-3 boldgrid-section dynamic-gridblock background-scroll\" style=\"color: #1d1d1d; background-position: 50% 50%; background-size: cover; background-image: linear-gradient(to left, #4776e6, #8e54e9);\" data-bg-overlaycolor=\"rgba(238, 238, 238, 0.8)\" data-bg-color-1=\"#4776E6\" data-bg-color-2=\"#8E54E9\" data-bg-direction=\"to left\">\n<div class=\"container\">\n<div class=\"row\" style=\"padding-top: 40px; padding-bottom: 0px;\">\n<div class=\"col-md-8 col-sm-8 col-xs-12 col-lg-8\">\n<p class=\"\"><a href=\"https:\/\/www.9h05.com\/es\/glosario\/\"><span style=\"color: #ffffff;\">\u293e&nbsp;Volver al glosario<\/span><\/a><\/p>\n<h2 class=\"\" style=\"text-align: right; font-family: 'Cormorant SC'; font-weight: 600; color: rgba(255, 255, 255, 0.92); font-size: 42px;\" data-font-family=\"Cormorant SC\" data-font-weight=\"600\" data-font-style=\"\">Glosario<\/h2>\n<h2 class=\"h1\" style=\"margin: 30px 0px; color: rgba(255, 255, 255, 0.92);\">Apostille, apostilla<\/h2>\n<p class=\"\"><span style=\"color: #ffffff;\">Una apostille o apostilla es una certificaci\u00f3n que se utiliza para autenticar la validez de documentos p\u00fablicos emitidos en un pa\u00eds miembro de la Convenci\u00f3n de La Haya de 1961, para que sean reconocidos en otro pa\u00eds miembro de dicha convenci\u00f3n. La apostilla se coloca sobre el documento original o una copia certificada, y su prop\u00f3sito es simplificar el proceso de validaci\u00f3n de documentos entre pa\u00edses que forman parte del tratado, eliminando la necesidad de una legalizaci\u00f3n adicional por parte del consulado o la embajada del pa\u00eds receptor.<\/span><\/p>\n<\/div>\n<div class=\"col-md-4 col-sm-4 col-xs-12 align-column-center col-lg-4\">\n<p class=\"\" style=\"text-align: center;\">&nbsp;<\/p>\n<\/div>\n<\/div>\n<div class=\"row\" style=\"padding-top: 40px; padding-bottom: 40px;\">\n<div class=\"col-lg-2 col-md-12 col-sm-12 col-xs-12\" style=\"color: #1d1d1d;\"><\/div>\n<div class=\"col-md-8 col-sm-8 col-xs-12 col-lg-10\">\n<p class=\"\"><strong><span style=\"color: #ffffff;\">Caracter\u00edsticas principales de la apostilla:<\/span><\/strong><\/p>\n<ol class=\"\">\n<li><span style=\"color: #ffffff;\"><strong>Validez internacional<\/strong>: Solo es v\u00e1lida entre los pa\u00edses que han firmado la Convenci\u00f3n de La Haya de 1961.<\/span><\/li>\n<li><span style=\"color: #ffffff;\"><strong>Formato est\u00e1ndar<\/strong>: La apostilla es un sello o un formulario estandarizado que contiene informaci\u00f3n espec\u00edfica, incluyendo la autenticidad de la firma, la capacidad en la cual act\u00faa el firmante y, cuando corresponda, la identidad del sello o timbre que lleva el documento.<\/span><\/li>\n<li><span style=\"color: #ffffff;\"><strong>Facilitaci\u00f3n del proceso<\/strong>: Simplifica el reconocimiento de documentos oficiales entre pa\u00edses, tales como actas de nacimiento, certificados de matrimonio, diplomas acad\u00e9micos, y otros documentos legales o administrativos.<\/span><\/li>\n<\/ol>\n<p class=\"\" style=\"color: #1d1d1d;\">&nbsp;<\/p>\n<p class=\"\" style=\"color: #1d1d1d;\"><span style=\"color: #ffffff;\"><strong><a style=\"color: #ffffff;\" href=\"https:\/\/www.9h05.com\/es\/canada\/toronto\/traducciones-certificadas-ingles-espanol-toronto-canada-visas-ircc-migracion\/\">9h05 es una empresa de traducci\u00f3n internacional acreditada y reconocida mundialmente<\/a><\/strong><\/span><\/p>\n<p class=\"\" style=\"color: #1d1d1d;\">&nbsp;<\/p>\n<p class=\"\" style=\"color: #1d1d1d;\">&nbsp;<\/p>\n<\/div>\n<\/div>\n<\/div>\n<\/div>\n<div class=\"color2-background-color color-2-text-contrast bg-background-color tmpl-text-2 boldgrid-section dynamic-gridblock\">\n<div class=\"container\"><\/div>\n<\/div>\n<div class=\"boldgrid-section\">\n<div class=\"container\">\n<div class=\"row\">\n<div class=\"col-lg-12 col-md-12 col-xs-12 col-sm-12\">\n<p class=\"\">&nbsp;<\/p>\n<\/div>\n<\/div>\n<\/div>\n<\/div>\n<div class=\"boldgrid-section\">\n<div class=\"container\">\n<div class=\"row\">\n<div class=\"col-lg-12 col-md-12 col-xs-12 col-sm-12\"><\/div>\n<\/div>\n<\/div>\n<\/div>\n","protected":false},"excerpt":{"rendered":"<p>\u293e&nbsp;Volver al glosario Glosario Apostille, apostilla Una apostille o apostilla es una certificaci\u00f3n que se utiliza para autenticar la validez de documentos p\u00fablicos emitidos en un pa\u00eds miembro de la Convenci\u00f3n de La Haya de 1961, para que sean reconocidos en otro pa\u00eds miembro de dicha convenci\u00f3n. La apostilla se coloca sobre el documento original [&hellip;]<\/p>\n","protected":false},"author":9,"featured_media":0,"parent":28610,"menu_order":0,"comment_status":"closed","ping_status":"closed","template":"template\/page\/fullwidth.php","meta":{"site-sidebar-layout":"default","site-content-layout":"","ast-site-content-layout":"default","site-content-style":"default","site-sidebar-style":"default","ast-global-header-display":"","ast-banner-title-visibility":"","ast-main-header-display":"","ast-hfb-above-header-display":"","ast-hfb-below-header-display":"","ast-hfb-mobile-header-display":"","site-post-title":"","ast-breadcrumbs-content":"","ast-featured-img":"","footer-sml-layout":"","theme-transparent-header-meta":"default","adv-header-id-meta":"","stick-header-meta":"default","header-above-stick-meta":"","header-main-stick-meta":"","header-below-stick-meta":"","astra-migrate-meta-layouts":"set","ast-page-background-enabled":"default","ast-page-background-meta":{"desktop":{"background-color":"var(--ast-global-color-4)","background-image":"","background-repeat":"repeat","background-position":"center center","background-size":"auto","background-attachment":"scroll","background-type":"","background-media":"","overlay-type":"","overlay-color":"","overlay-opacity":"","overlay-gradient":""},"tablet":{"background-color":"","background-image":"","background-repeat":"repeat","background-position":"center center","background-size":"auto","background-attachment":"scroll","background-type":"","background-media":"","overlay-type":"","overlay-color":"","overlay-opacity":"","overlay-gradient":""},"mobile":{"background-color":"","background-image":"","background-repeat":"repeat","background-position":"center center","background-size":"auto","background-attachment":"scroll","background-type":"","background-media":"","overlay-type":"","overlay-color":"","overlay-opacity":"","overlay-gradient":""}},"ast-content-background-meta":{"desktop":{"background-color":"var(--ast-global-color-5)","background-image":"","background-repeat":"repeat","background-position":"center center","background-size":"auto","background-attachment":"scroll","background-type":"","background-media":"","overlay-type":"","overlay-color":"","overlay-opacity":"","overlay-gradient":""},"tablet":{"background-color":"var(--ast-global-color-5)","background-image":"","background-repeat":"repeat","background-position":"center center","background-size":"auto","background-attachment":"scroll","background-type":"","background-media":"","overlay-type":"","overlay-color":"","overlay-opacity":"","overlay-gradient":""},"mobile":{"background-color":"var(--ast-global-color-5)","background-image":"","background-repeat":"repeat","background-position":"center center","background-size":"auto","background-attachment":"scroll","background-type":"","background-media":"","overlay-type":"","overlay-color":"","overlay-opacity":"","overlay-gradient":""}},"footnotes":""},"yst_prominent_words":[],"class_list":["post-28689","page","type-page","status-publish","hentry"],"_links":{"self":[{"href":"https:\/\/www.9h05.com\/es\/wp-json\/wp\/v2\/pages\/28689","targetHints":{"allow":["GET"]}}],"collection":[{"href":"https:\/\/www.9h05.com\/es\/wp-json\/wp\/v2\/pages"}],"about":[{"href":"https:\/\/www.9h05.com\/es\/wp-json\/wp\/v2\/types\/page"}],"author":[{"embeddable":true,"href":"https:\/\/www.9h05.com\/es\/wp-json\/wp\/v2\/users\/9"}],"replies":[{"embeddable":true,"href":"https:\/\/www.9h05.com\/es\/wp-json\/wp\/v2\/comments?post=28689"}],"version-history":[{"count":2,"href":"https:\/\/www.9h05.com\/es\/wp-json\/wp\/v2\/pages\/28689\/revisions"}],"predecessor-version":[{"id":28715,"href":"https:\/\/www.9h05.com\/es\/wp-json\/wp\/v2\/pages\/28689\/revisions\/28715"}],"up":[{"embeddable":true,"href":"https:\/\/www.9h05.com\/es\/wp-json\/wp\/v2\/pages\/28610"}],"wp:attachment":[{"href":"https:\/\/www.9h05.com\/es\/wp-json\/wp\/v2\/media?parent=28689"}],"wp:term":[{"taxonomy":"yst_prominent_words","embeddable":true,"href":"https:\/\/www.9h05.com\/es\/wp-json\/wp\/v2\/yst_prominent_words?post=28689"}],"curies":[{"name":"wp","href":"https:\/\/api.w.org\/{rel}","templated":true}]}}