{"id":28671,"date":"2024-07-04T08:30:50","date_gmt":"2024-07-04T08:30:50","guid":{"rendered":"https:\/\/www.9h05.com\/?page_id=28671"},"modified":"2024-07-04T14:23:23","modified_gmt":"2024-07-04T14:23:23","slug":"ircc","status":"publish","type":"page","link":"https:\/\/www.9h05.com\/es\/glosario\/ircc\/","title":{"rendered":"IRCC"},"content":{"rendered":"<div class=\"tmpl-call_to_action-3 boldgrid-section dynamic-gridblock background-scroll\" style=\"color: #1d1d1d; background-position: 50% 50%; background-size: cover; background-image: linear-gradient(to left, #4776e6, #8e54e9);\" data-bg-overlaycolor=\"rgba(238, 238, 238, 0.8)\" data-bg-color-1=\"#4776E6\" data-bg-color-2=\"#8E54E9\" data-bg-direction=\"to left\">\n<div class=\"container\">\n<div class=\"row\" style=\"padding-top: 40px; padding-bottom: 0px;\">\n<div class=\"col-md-8 col-sm-8 col-xs-12 col-lg-8\">\n<p class=\"\"><a href=\"https:\/\/www.9h05.com\/es\/glosario\/\"><span style=\"color: #ffffff;\">\u293e&nbsp;Volver al glosario<\/span><\/a><\/p>\n<h2 class=\"\" style=\"text-align: right; font-family: 'Cormorant SC'; font-weight: 600; color: rgba(255, 255, 255, 0.92); font-size: 42px;\" data-font-family=\"Cormorant SC\" data-font-weight=\"600\" data-font-style=\"\">Glosario<\/h2>\n<h2 class=\"h1\" style=\"margin: 30px 0px; color: rgba(255, 255, 255, 0.92);\">IRCC<\/h2>\n<p class=\"\"><a href=\"https:\/\/www.canada.ca\/en\/immigration-refugees-citizenship.html\"><span style=\"color: #ccffff;\">https:\/\/www.canada.ca<\/span><\/a><\/p>\n<p class=\"\"><span style=\"color: #ffffff;\">El IRCC es la agencia canadiense encargada de gestionar los tr\u00e1mites de migraci\u00f3n (<em>Immigration, R\u00e9fugi\u00e9s et Citoyennet\u00e9 Canada<\/em> o <em>Immigration, Refugees and Citizenship Canada<\/em> por sus siglas en franc\u00e9s e ingl\u00e9s respectivamente, traducido al espa\u00f1ol como \u00abInmigraci\u00f3n, Refugiados y Ciudadan\u00eda Canad\u00e1).<\/span><\/p>\n<\/div>\n<div class=\"col-md-4 col-sm-4 col-xs-12 align-column-center col-lg-4\">\n<p class=\"\" style=\"text-align: center;\">&nbsp;<\/p>\n<\/div>\n<\/div>\n<div class=\"row\" style=\"padding-top: 40px; padding-bottom: 40px;\">\n<div class=\"col-lg-2 col-md-12 col-sm-12 col-xs-12\" style=\"color: #1d1d1d;\"><\/div>\n<div class=\"col-md-8 col-sm-8 col-xs-12 col-lg-10\">\n<p class=\"\" style=\"color: #1d1d1d;\"><span style=\"color: #ffffff;\">Se trata de un ministerio de gobierno de Canad\u00e1 cuya funci\u00f3n es la de tratar las tem\u00e1ticas vinculadas con la inmigraci\u00f3n a Canad\u00e1, el procesamiento de las condiciones de refugiado y el otorgamiento de la ciudadan\u00eda o nacionalidad canadiense. <\/span><\/p>\n<p class=\"\"><span style=\"color: #ffffff;\">Se rige por lo dispuesto en la&nbsp;<em>Ley del Departamento de Ciudadan\u00eda e Inmigraci\u00f3n <\/em>promulgada en 1994 (<\/span><em><span style=\"color: #ffffff;\">Department of Citizenship and Immigration Act<\/span><\/em><span style=\"color: #ffffff;\">)<\/span><span style=\"color: #ffffff;\">.<\/span><\/p>\n<p class=\"\"><span style=\"color: #ffffff;\">Procesa las solicitudes de visa de turismo, visa de inmigrante, visa de trabajo, visa de estudios. Tambi\u00e9n instruye el examen de los expedientes de solicitud de nacionalidad (acceso a la ciudadan\u00eda canadiense) previo cumplimiento de los requisitos formales establecidos por la ley. Por \u00faltimo, tramita los pedidos de condici\u00f3n de refugiado en Canad\u00e1.<\/span><\/p>\n<p class=\"\" style=\"color: #1d1d1d;\">&nbsp;<\/p>\n<p class=\"\" style=\"color: #1d1d1d;\"><span style=\"color: #ffffff;\"><strong><a style=\"color: #ffffff;\" href=\"https:\/\/www.9h05.com\/es\/canada\/toronto\/traducciones-certificadas-ingles-espanol-toronto-canada-visas-ircc-migracion\/\">9h05 es una empresa de traducci\u00f3n acreditada y reconocida por el I<\/a>RCC.<\/strong><\/span><\/p>\n<p class=\"\" style=\"color: #1d1d1d;\">&nbsp;<\/p>\n<p class=\"\" style=\"color: #1d1d1d;\">&nbsp;<\/p>\n<\/div>\n<\/div>\n<\/div>\n<\/div>\n<div class=\"color2-background-color color-2-text-contrast bg-background-color tmpl-text-2 boldgrid-section dynamic-gridblock\">\n<div class=\"container\"><\/div>\n<\/div>\n<div class=\"boldgrid-section\">\n<div class=\"container\">\n<div class=\"row\">\n<div class=\"col-lg-12 col-md-12 col-xs-12 col-sm-12\">\n<p class=\"\">&nbsp;<\/p>\n<\/div>\n<\/div>\n<\/div>\n<\/div>\n","protected":false},"excerpt":{"rendered":"<p>\u293e&nbsp;Volver al glosario Glosario IRCC https:\/\/www.canada.ca El IRCC es la agencia canadiense encargada de gestionar los tr\u00e1mites de migraci\u00f3n (Immigration, R\u00e9fugi\u00e9s et Citoyennet\u00e9 Canada o Immigration, Refugees and Citizenship Canada por sus siglas en franc\u00e9s e ingl\u00e9s respectivamente, traducido al espa\u00f1ol como \u00abInmigraci\u00f3n, Refugiados y Ciudadan\u00eda Canad\u00e1). &nbsp; Se trata de un ministerio de gobierno [&hellip;]<\/p>\n","protected":false},"author":9,"featured_media":0,"parent":28610,"menu_order":0,"comment_status":"closed","ping_status":"closed","template":"template\/page\/fullwidth.php","meta":{"site-sidebar-layout":"default","site-content-layout":"","ast-site-content-layout":"default","site-content-style":"default","site-sidebar-style":"default","ast-global-header-display":"","ast-banner-title-visibility":"","ast-main-header-display":"","ast-hfb-above-header-display":"","ast-hfb-below-header-display":"","ast-hfb-mobile-header-display":"","site-post-title":"","ast-breadcrumbs-content":"","ast-featured-img":"","footer-sml-layout":"","theme-transparent-header-meta":"default","adv-header-id-meta":"","stick-header-meta":"default","header-above-stick-meta":"","header-main-stick-meta":"","header-below-stick-meta":"","astra-migrate-meta-layouts":"set","ast-page-background-enabled":"default","ast-page-background-meta":{"desktop":{"background-color":"var(--ast-global-color-4)","background-image":"","background-repeat":"repeat","background-position":"center center","background-size":"auto","background-attachment":"scroll","background-type":"","background-media":"","overlay-type":"","overlay-color":"","overlay-opacity":"","overlay-gradient":""},"tablet":{"background-color":"","background-image":"","background-repeat":"repeat","background-position":"center center","background-size":"auto","background-attachment":"scroll","background-type":"","background-media":"","overlay-type":"","overlay-color":"","overlay-opacity":"","overlay-gradient":""},"mobile":{"background-color":"","background-image":"","background-repeat":"repeat","background-position":"center center","background-size":"auto","background-attachment":"scroll","background-type":"","background-media":"","overlay-type":"","overlay-color":"","overlay-opacity":"","overlay-gradient":""}},"ast-content-background-meta":{"desktop":{"background-color":"var(--ast-global-color-5)","background-image":"","background-repeat":"repeat","background-position":"center center","background-size":"auto","background-attachment":"scroll","background-type":"","background-media":"","overlay-type":"","overlay-color":"","overlay-opacity":"","overlay-gradient":""},"tablet":{"background-color":"var(--ast-global-color-5)","background-image":"","background-repeat":"repeat","background-position":"center center","background-size":"auto","background-attachment":"scroll","background-type":"","background-media":"","overlay-type":"","overlay-color":"","overlay-opacity":"","overlay-gradient":""},"mobile":{"background-color":"var(--ast-global-color-5)","background-image":"","background-repeat":"repeat","background-position":"center center","background-size":"auto","background-attachment":"scroll","background-type":"","background-media":"","overlay-type":"","overlay-color":"","overlay-opacity":"","overlay-gradient":""}},"footnotes":""},"yst_prominent_words":[],"class_list":["post-28671","page","type-page","status-publish","hentry"],"_links":{"self":[{"href":"https:\/\/www.9h05.com\/es\/wp-json\/wp\/v2\/pages\/28671","targetHints":{"allow":["GET"]}}],"collection":[{"href":"https:\/\/www.9h05.com\/es\/wp-json\/wp\/v2\/pages"}],"about":[{"href":"https:\/\/www.9h05.com\/es\/wp-json\/wp\/v2\/types\/page"}],"author":[{"embeddable":true,"href":"https:\/\/www.9h05.com\/es\/wp-json\/wp\/v2\/users\/9"}],"replies":[{"embeddable":true,"href":"https:\/\/www.9h05.com\/es\/wp-json\/wp\/v2\/comments?post=28671"}],"version-history":[{"count":4,"href":"https:\/\/www.9h05.com\/es\/wp-json\/wp\/v2\/pages\/28671\/revisions"}],"predecessor-version":[{"id":28712,"href":"https:\/\/www.9h05.com\/es\/wp-json\/wp\/v2\/pages\/28671\/revisions\/28712"}],"up":[{"embeddable":true,"href":"https:\/\/www.9h05.com\/es\/wp-json\/wp\/v2\/pages\/28610"}],"wp:attachment":[{"href":"https:\/\/www.9h05.com\/es\/wp-json\/wp\/v2\/media?parent=28671"}],"wp:term":[{"taxonomy":"yst_prominent_words","embeddable":true,"href":"https:\/\/www.9h05.com\/es\/wp-json\/wp\/v2\/yst_prominent_words?post=28671"}],"curies":[{"name":"wp","href":"https:\/\/api.w.org\/{rel}","templated":true}]}}