{"id":28201,"date":"2024-06-12T11:18:32","date_gmt":"2024-06-12T11:18:32","guid":{"rendered":"https:\/\/www.9h05.com\/?page_id=28201"},"modified":"2024-06-12T11:18:32","modified_gmt":"2024-06-12T11:18:32","slug":"espanol-frances-ingles","status":"publish","type":"page","link":"https:\/\/www.9h05.com\/es\/traductores-jurados-ginebra\/espanol-frances-ingles\/","title":{"rendered":"Traductores jurados en espa\u00f1ol, franc\u00e9s e ingl\u00e9s en Ginebra"},"content":{"rendered":"<div class=\"tmpl-call_to_action-4 boldgrid-section dynamic-gridblock background-fixed\" style=\"background-image: url('https:\/\/www.9h05.com\/wp-content\/uploads\/2024\/05\/traducteur-jure-geneve-francais-anglais-espagnol-suisse-scaled.jpg'); background-size: cover; background-position: 50% 50%;\" data-image-url=\"https:\/\/www.9h05.com\/wp-content\/uploads\/2024\/05\/traducteur-jure-geneve-francais-anglais-espagnol-suisse-scaled.jpg\">\n<div class=\"container\">\n<div class=\"row\">\n<div class=\"col-md-4 col-sm-6 col-xs-10 col-lg-5\">\n<div class=\"bg-box-cover bg-background-color bg-box\" style=\"padding: 85px 10%; background-color: rgba(33, 150, 243, 0.8); color: #ffffff;\">\n<h2 class=\"h1\" style=\"margin: 30px 0;\">Traductores jurados en Ginebra<\/h2>\n<h3 class=\"\">espa\u00f1ol &#8211; franc\u00e9s &#8211; ingl\u00e9s<\/h3>\n<div class=\"row bg-editor-hr-wrap\">\n<div class=\"col-lg-12 col-md-12 col-xs-12 col-sm-12\">\n<hr class=\"color5-color bg-hr\" style=\"border: 2px solid; margin-left: 0px;\" width=\"50%\">\n<\/div>\n<\/div>\n<p class=\"\" style=\"margin: 30px 0;\">9h05 International, tu aliado fidedigno para tus traducciones certificadas por nuestro equipo de traductores jurados para todos tus tr\u00e1mites internacionales: instalaci\u00f3n en Suiza, constituci\u00f3n de una empresa, viaje en el extranjero\u2026<\/p>\n<p class=\"\"><a class=\"btn-color-5 btn btn-capitalize btn-raised btn-regular\" href=\"https:\/\/api.whatsapp.com\/send\/?phone=33557824396&amp;text&amp;type=phone_number&amp;app_absent=0\">Conversemos<\/a><\/p>\n<\/div>\n<\/div>\n<div class=\"col-md-8 col-sm-6 col-xs-2 col-lg-7\"><\/div>\n<\/div>\n<\/div>\n<\/div>\n<div class=\"color-neutral-background-color color-neutral-text-contrast bg-background-color tmpl-services-3 boldgrid-section dynamic-gridblock background-scroll\" style=\"color: #1d1d1d; background-image: linear-gradient(to left, rgba(255, 255, 255, 0.8), rgba(255, 255, 255, 0.8)), url('https:\/\/www.9h05.com\/wp-content\/uploads\/2023\/06\/traduction-assermentee-documents-transport-immatriculation-vehicules-2.jpg'); background-size: cover; background-position: 50% 50%;\" data-bg-overlaycolor=\"rgba(255, 255, 255, 0.8)\" data-image-url=\"https:\/\/www.9h05.com\/wp-content\/uploads\/2023\/06\/traduction-assermentee-documents-transport-immatriculation-vehicules-2.jpg\">\n<div class=\"container\">\n<div class=\"row\" style=\"padding-top: 100px; padding-bottom: 100px;\">\n<div class=\"col-md-3 col-sm-6 col-xs-12 col-lg-3\">\n<p class=\"\" style=\"text-align: center;\"><i class=\"color5-color fa fa-balance-scale\" style=\"font-size: 45px;\" aria-hidden=\"true\"><span style=\"display: none;\">&nbsp;<\/span><\/i><\/p>\n<p class=\"h4\" style=\"text-align: center; text-transform: uppercase;\">TRADUCTORES JURADOS EN GINEBRA Y TODA SUIZA<\/p>\n<p class=\"\" style=\"text-align: center;\"><i class=\"fa fa-window-minimize color5-color\" aria-hidden=\"true\"><span style=\"display: none;\">&nbsp;<\/span><\/i><\/p>\n<p class=\"\" style=\"text-align: center; margin: 30px 0;\">9h05 es una empresa de traducci\u00f3n dirigida por traductores jurados experimentados con acreditaci\u00f3n internacional, cuya idea naci\u00f3 en la ciudad de Ginebra en 2006.<\/p>\n<\/div>\n<div class=\"col-md-3 col-sm-6 col-xs-12 col-lg-3\">\n<p class=\"\" style=\"text-align: center;\"><i class=\"color5-color fa fa-handshake-o\" style=\"font-size: 45px;\" aria-hidden=\"true\"><span style=\"display: none;\">&nbsp;<\/span><\/i><\/p>\n<p class=\"h4\" style=\"text-align: center; text-transform: uppercase;\">TRADUCCIONES CERTIFICADAS EN ESPA\u00d1OL, FRANC\u00c9S E INGL\u00c9S<\/p>\n<p class=\"\" style=\"text-align: center;\"><i class=\"fa fa-window-minimize color5-color\" aria-hidden=\"true\"><span style=\"display: none;\">&nbsp;<\/span><\/i><\/p>\n<p class=\"\" style=\"text-align: center; margin: 30px 0;\">Nuestro equipo de traductores jurados en Ginebra cuenta con acreditaciones y reconocimientos en espa\u00f1ol, franc\u00e9s e ingl\u00e9s, con todas las combinaciones de idiomas posibles entre los tres.<\/p>\n<\/div>\n<div class=\"col-md-3 col-sm-6 col-xs-12 col-lg-3\">\n<p class=\"\" style=\"text-align: center;\"><i class=\"color5-color fa fa-bank\" style=\"font-size: 45px;\" aria-hidden=\"true\"><span style=\"display: none;\">&nbsp;<\/span><\/i><\/p>\n<p class=\"h4\" style=\"text-align: center; text-transform: uppercase;\">TRADUCCIONES AUTORIZADAS PARA LAS AUTORIDADES P\u00daBLICAS Y PRIVADAS<\/p>\n<p class=\"\" style=\"text-align: center;\"><i class=\"fa fa-window-minimize color5-color\" aria-hidden=\"true\"><span style=\"display: none;\">&nbsp;<\/span><\/i><\/p>\n<p class=\"\" style=\"text-align: center; margin: 30px 0;\">Obt\u00e9n tus traducciones juradas por nuestros traductores certificados en espa\u00f1ol, franc\u00e9s o ingl\u00e9s al mejor precio y en los mejores plazos del mercado.<\/p>\n<\/div>\n<div class=\"col-md-3 col-sm-6 col-xs-12 col-lg-3\">\n<p class=\"\" style=\"text-align: center;\"><i class=\"color5-color fa fa-check-circle\" style=\"font-size: 45px;\" aria-hidden=\"true\"><span style=\"display: none;\">&nbsp;<\/span><\/i><\/p>\n<p class=\"h4\" style=\"text-align: center; text-transform: uppercase;\">9h05, EL SELLO DE CALIDAD INTERNACIONAL A TU SERVICIO<\/p>\n<p class=\"\" style=\"text-align: center;\"><i class=\"fa fa-window-minimize color5-color\" aria-hidden=\"true\"><span style=\"display: none;\">&nbsp;<\/span><\/i><\/p>\n<p class=\"\" style=\"text-align: center; margin: 30px 0;\">La calidad es esencial para nosotros. Con m\u00e1s de 15 a\u00f1os de presencia en el sector de la traducci\u00f3n jurada, ponemos a tu disposici\u00f3n nuestras competencias ling\u00fc\u00edsticas para todos los tr\u00e1mites que necesitan traducciones oficiales.<\/p>\n<\/div>\n<\/div>\n<\/div>\n<\/div>\n<div class=\"color4-background-color bg-background-color tmpl-call_to_action-18 boldgrid-section dynamic-gridblock background-fixed\" style=\"color: #1d1d1d; background-image: linear-gradient(to left, rgba(238, 238, 238, 0.8), rgba(238, 238, 238, 0.8)), url('https:\/\/www.9h05.com\/wp-content\/uploads\/2023\/06\/traduction-assermentee-guide-traduction-officielle-1.jpg'); background-size: cover; background-position: 50% 50%;\" data-bg-overlaycolor=\"rgba(238, 238, 238, 0.8)\" data-image-url=\"https:\/\/www.9h05.com\/wp-content\/uploads\/2023\/06\/traduction-assermentee-guide-traduction-officielle-1.jpg\">\n<div class=\"container-fluid\">\n<div class=\"row\" style=\"padding-top: 125px;\">\n<div class=\"col-md-2 col-sm-1 col-xs-12 col-lg-2\"><\/div>\n<div class=\"col-md-8 col-sm-10 col-xs-12 col-lg-8\">\n<h1 class=\"\" style=\"text-align: center; text-transform: uppercase;\">NUESTROS SERVICIOS DE TRADUCCI\u00d3N OFICIAL<\/h1>\n<p class=\"h4\" style=\"text-align: center;\">Servicios de traducci\u00f3n certificada por nuestros traductores jurados en espa\u00f1ol, franc\u00e9s o ingl\u00e9s en Ginebra&nbsp;<\/p>\n<\/div>\n<div class=\"col-md-2 col-sm-1 col-xs-12 col-lg-2\"><\/div>\n<\/div>\n<div class=\"row headShake\" style=\"padding-top: 30px; padding-bottom: 125px;\">\n<div class=\"col-md-4 col-sm-2 col-xs-12 col-lg-4\"><\/div>\n<div class=\"col-md-2 col-sm-4 col-xs-12 col-lg-2\" style=\"padding: 1em;\">\n<p class=\"\" style=\"text-align: center;\"><a class=\"btn-color-5 btn btn-capitalize btn-pill btn-regular\" href=\"https:\/\/api.whatsapp.com\/send\/?phone=33557824396&amp;text&amp;type=phone_number&amp;app_absent=0\">CONTACTO<\/a><\/p>\n<\/div>\n<div class=\"col-md-2 col-sm-4 col-xs-12 col-lg-2\" style=\"padding: 1em;\">\n<p class=\"\" style=\"text-align: center;\"><a class=\"btn-color-2 btn btn-capitalize btn-pill btn-regular\" href=\"geneve@9h05.com\">EMAIL<\/a><\/p>\n<\/div>\n<div class=\"col-md-4 col-sm-2 col-xs-12 col-lg-4\"><\/div>\n<\/div>\n<\/div>\n<\/div>\n<div class=\"color5-background-color bg-background-color tmpl-call_to_action-5 boldgrid-section dynamic-gridblock background-scroll\" style=\"color: #ffffff; background-image: linear-gradient(to left, rgba(19, 19, 19, 0.8), rgba(19, 19, 19, 0.8)), url('https:\/\/www.9h05.com\/wp-content\/uploads\/2024\/05\/traductions-jurees-9h05-geneve-suisse-espagnol-francais-anglais-scaled.jpg'); background-size: cover; background-position: 50% 50%;\" data-bg-overlaycolor=\"rgba(19, 19, 19, 0.8)\" data-image-url=\"https:\/\/www.9h05.com\/wp-content\/uploads\/2024\/05\/traductions-jurees-9h05-geneve-suisse-espagnol-francais-anglais-scaled.jpg\">\n<div class=\"container\">\n<div class=\"row\" style=\"padding-top: 50px; padding-bottom: 50px;\">\n<div class=\"col-md-8 col-sm-8 col-xs-12 col-lg-8\">\n<div class=\"bg-box\">\n<h1 class=\"color3-color\" style=\"font-size: 4em;\">Experiencia. Experticia. Excelencia.<\/h1>\n<div class=\"row bg-editor-hr-wrap\">\n<div class=\"col-lg-12 col-md-12 col-xs-12 col-sm-12\">\n<hr class=\"bg-hr\" style=\"border: 2px solid; margin-left: 0px;\" width=\"100%\">\n<\/div>\n<\/div>\n<p class=\"\" style=\"margin: 30px auto;\">La excelencia en materia de servicios ling\u00fc\u00edsticos tiene un nombre, y ese nombre es &nbsp;9h05 International:<\/p>\n<ul class=\"\">\n<li>Varios millones de palabras traducidas cada a\u00f1o<\/li>\n<li>40.000+ documentos traducidos todos los a\u00f1os<\/li>\n<li>15.000 clientes en el mundo en nuestras sedes constituidas en Francia, Suiza, Espa\u00f1a, Reino Unid, Canad\u00e1, Australia, Estados Unidos o Ecuador<\/li>\n<\/ul>\n<p class=\"\"><a class=\"btn-color-3 btn btn-small-caps btn-jumbo\" href=\"https:\/\/www.9h05.com\/es\/certificaciones\/\">Acreditaciones internacionales<\/a><\/p>\n<\/div>\n<\/div>\n<div class=\"col-md-4 col-sm-4 col-xs-12 col-lg-4\"><\/div>\n<\/div>\n<\/div>\n<\/div>\n<div class=\"tmpl-services-2 boldgrid-section dynamic-gridblock background-fixed\" style=\"color: #ffffff; background-image: url('https:\/\/www.9h05.com\/wp-content\/uploads\/2024\/05\/geneve-9h05-traductions-jurees-anglais-espagnol-francais.jpg'); background-size: cover; background-position: 50% 50%;\" data-image-url=\"https:\/\/www.9h05.com\/wp-content\/uploads\/2024\/05\/geneve-9h05-traductions-jurees-anglais-espagnol-francais.jpg\">\n<div class=\"container-fluid\">\n<div class=\"row\">\n<div class=\"col-md-1 col-sm-12 col-xs-12 col-lg-1\"><\/div>\n<div class=\"col-md-5 col-sm-6 col-xs-10 align-column-center col-lg-5\">\n<div style=\"border: 10px solid; margin-right: -50px; z-index: 1; position: relative; padding: 0 .9em;\" class=\"color3-border-color bg-box\">\n<div class=\"row\">\n<div class=\"col-md-6 col-sm-8 col-xs-12 color3-background-color color-3-text-contrast bg-background-color col-lg-6\" style=\"margin-left: -5px; padding: 1.5em;\">\n<div>\n<h2>Traducciones juradas v\u00e1lidas en Suiza\u2026 y otras partes.<\/h2>\n<p>&nbsp;<\/p>\n<h4>\u00bfViajas al exterior? Contr\u00e1tanos para tus traducciones certificadas en espa\u00f1ol, franc\u00e9s o ingl\u00e9s<\/h4>\n<p class=\"\" style=\"margin-top: 50px;\"><a class=\"btn-color-5 btn btn-capitalize btn-rounded btn-3d btn-regular\" href=\"https:\/\/api.whatsapp.com\/send\/?phone=33557824396&amp;text&amp;type=phone_number&amp;app_absent=0\">Contacto<\/a><\/p>\n<\/div>\n<\/div>\n<div class=\"col-md-6 col-sm-4 col-xs-12 col-lg-6\"><\/div>\n<\/div>\n<\/div>\n<\/div>\n<div class=\"col-md-1 col-sm-1 col-xs-2 color-neutral-background-color color-neutral-text-contrast bg-background-color col-lg-1\"><\/div>\n<div class=\"col-md-5 col-sm-5 col-xs-12 color-neutral-background-color color-neutral-text-contrast bg-background-color col-lg-5\" style=\"padding: 3em;\">\n<div class=\"row\" style=\"margin-top: 50px; margin-bottom: 50px;\">\n<div class=\"col-md-1 col-sm-2 col-xs-2 col-lg-1\">\n<p class=\"\"><i class=\"color1-color fa fa-globe\" style=\"font-size: 25px;\" aria-hidden=\"true\"><span style=\"display: none;\">&nbsp;<\/span><\/i><\/p>\n<\/div>\n<div class=\"col-md-10 col-sm-9 col-xs-10 col-lg-10\">\n<div>\n<h3 style=\"margin-top: 0px; margin-bottom: 15px;\">En toda Europa<\/h3>\n<p class=\"\">Nuestras acreditaciones de traductores jurados son v\u00e1lidas en toda Europa. Contrata la&nbsp;<strong>traducci\u00f3n de tus documentos oficiales&nbsp;<\/strong>con nosotros para que se reconozcan tus derechos dentro de Europa.<\/p>\n<\/div>\n<\/div>\n<div class=\"col-md-1 col-sm-1 col-xs-12 col-lg-1\"><\/div>\n<\/div>\n<div class=\"row\" style=\"margin-top: 50px; margin-bottom: 50px;\">\n<div class=\"col-md-1 col-sm-2 col-xs-2 col-lg-1\">\n<p class=\"\"><i class=\"color1-color fa fa-suitcase\" style=\"font-size: 25px;\" aria-hidden=\"true\"><span style=\"display: none;\">&nbsp;<\/span><\/i><\/p>\n<\/div>\n<div class=\"col-md-10 col-sm-9 col-xs-10 col-lg-10\">\n<div>\n<h3 style=\"margin-top: 0px; margin-bottom: 15px;\">En los pa\u00edses angloparlantes<\/h3>\n<p>Somos <strong>traductores reconocidos y autorizados<\/strong> en todos los pa\u00edses angloparlantes: Estados Unidos, Canad\u00e1, Sud\u00e1frica, Australia, Reino Unido\u2026 y tambi\u00e9n en otros pa\u00edses que tienen el ingl\u00e9s como lengua vehicular para los tr\u00e1mites (Corea del Sur, China, Jap\u00f3n, Singapur\u2026).<\/p>\n<\/div>\n<\/div>\n<div class=\"col-md-1 col-sm-1 col-xs-12 col-lg-1\"><\/div>\n<\/div>\n<div class=\"row\" style=\"margin-top: 50px; margin-bottom: 50px;\">\n<div class=\"col-md-1 col-sm-2 col-xs-2 col-lg-1\">\n<p class=\"\"><i class=\"color1-color fa fa-bed\" style=\"font-size: 25px;\" aria-hidden=\"true\"><span style=\"display: none;\">&nbsp;<\/span><\/i><\/p>\n<\/div>\n<div class=\"col-md-10 col-sm-9 col-xs-10 col-lg-10\">\n<div>\n<h3 style=\"margin-top: 0px; margin-bottom: 15px;\">En los pa\u00edses hispanohablantes<\/h3>\n<p class=\"\">Nuestra calidad de <strong>peritos traductores<\/strong> ante los tribunales de diferentes pa\u00edses de Latinoam\u00e9rica nos permite producir traducciones oficiales de documentos p\u00fablicos.<\/p>\n<\/div>\n<\/div>\n<div class=\"col-md-1 col-sm-1 col-xs-12 col-lg-1\"><\/div>\n<\/div>\n<\/div>\n<\/div>\n<\/div>\n<\/div>\n<div class=\"color3-background-color color-3-text-contrast bg-background-color tmpl-contact-3 boldgrid-section dynamic-gridblock\">\n<div class=\"container\">\n<div class=\"row\" style=\"padding-top: 50px; padding-bottom: 50px;\">\n<div class=\"col-md-6 col-xs-12 col-sm-6 col-lg-6\" style=\"padding: 1em;\">\n<h2 class=\"\">Cont\u00e1ctate con nosotros ahora<\/h2>\n<p class=\"\">Estamos a tu disposici\u00f3n para responder a tus necesidades de traducci\u00f3n y contestar las preguntas que te plantees sobre nuestros servicios de traducci\u00f3n certificada.<\/p>\n<p class=\"\">&nbsp;<\/p>\n<div class=\"row\" style=\"padding-top: 25px;\">\n<div class=\"col-md-2 col-sm-2 col-xs-2 col-lg-2\">\n<p class=\"\" style=\"text-align: center;\"><i class=\"fa fa-map-signs color5-background-color color-5-text-contrast bg-background-color\" style=\"border-radius: 50px; padding: 0.7em; font-size: 20px;\" aria-hidden=\"true\"><span style=\"display: none;\">&nbsp;<\/span><\/i><\/p>\n<\/div>\n<div class=\"col-md-10 col-sm-10 col-xs-10 align-column-center col-lg-10\">\n<div>\n<p class=\"\">Rue du Mont-Blanc, 1201 Gen\u00e8ve<\/p>\n<\/div>\n<\/div>\n<\/div>\n<div class=\"row\" style=\"padding-top: 15px;\">\n<div class=\"col-md-2 col-sm-2 col-xs-2 col-lg-2\">\n<p class=\"\" style=\"text-align: center;\"><i class=\"fa fa-phone color5-background-color color-5-text-contrast bg-background-color\" style=\"border-radius: 50px; padding: 0.7em; font-size: 20px;\" aria-hidden=\"true\"><span style=\"display: none;\">&nbsp;<\/span><\/i><\/p>\n<\/div>\n<div class=\"col-md-10 col-sm-10 col-xs-10 align-column-center col-lg-10\">\n<div>\n<p class=\"\"><a href=\"https:\/\/api.whatsapp.com\/send\/?phone=33557824396&amp;text&amp;type=phone_number&amp;app_absent=0\">WhatsApp<\/a><\/p>\n<\/div>\n<\/div>\n<\/div>\n<div class=\"row\" style=\"padding-top: 15px; padding-bottom: 25px;\">\n<div class=\"col-md-2 col-sm-2 col-xs-2 col-lg-2\">\n<p class=\"\" style=\"text-align: center;\"><i class=\"fa fa-envelope color5-background-color color-5-text-contrast bg-background-color\" style=\"border-radius: 50px; padding: 0.7em; font-size: 20px;\" aria-hidden=\"true\"><span style=\"display: none;\">&nbsp;<\/span><\/i><\/p>\n<\/div>\n<div class=\"col-md-10 col-sm-10 col-xs-10 align-column-center col-lg-10\">\n<div>\n<p class=\"\"><a href=\"mailto:geneve@9h05.com\">geneve@9h05.com<\/a><\/p>\n<\/div>\n<\/div>\n<\/div>\n<p class=\"tada\" style=\"text-align: center;\"><a class=\"btn-color-5 btn btn-small-caps btn-rounded btn-3d btn-regular\" href=\"https:\/\/www.9h05.com\/9h05-societe-de-traduction-a-geneve-suisse\/\">Contacto<\/a><\/p>\n<\/div>\n<div class=\"col-md-6 col-xs-12 col-sm-6 col-lg-6\" style=\"padding: 1em;\">\n<p class=\"boldgrid-google-maps\"><iframe style=\"max-width: 100%;\" src=\"https:\/\/www.google.com\/maps\/embed?pb=!1m18!1m12!1m3!1d44180.4821657621!2d6.101839242413044!3d46.20488200332418!2m3!1f0!2f0!3f0!3m2!1i1024!2i768!4f13.1!3m3!1m2!1s0x478c650693d0e2eb%3A0xa0b695357b0bbc39!2zR2Vuw6h2ZSwgU3Vpc3Nl!5e0!3m2!1sfr!2sfr!4v1715777784332!5m2!1sfr!2sfr\" width=\"600\" height=\"400\" frameborder=\"0\"><span data-mce-type=\"bookmark\" style=\"display: inline-block; width: 0px; overflow: hidden; line-height: 0;\" class=\"mce_SELRES_start\">\ufeff<\/span><\/iframe><\/p>\n<\/div>\n<\/div>\n<\/div>\n<\/div>\n<div class=\"boldgrid-section\">\n<div class=\"container\">\n<div class=\"row\">\n<div class=\"col-lg-12 col-md-12 col-xs-12 col-sm-12\">\n<p class=\"\">&nbsp;<\/p>\n<\/div>\n<\/div>\n<\/div>\n<\/div>\n","protected":false},"excerpt":{"rendered":"<p>Traductores jurados en Ginebra espa\u00f1ol &#8211; franc\u00e9s &#8211; ingl\u00e9s 9h05 International, tu aliado fidedigno para tus traducciones certificadas por nuestro equipo de traductores jurados para todos tus tr\u00e1mites internacionales: instalaci\u00f3n en Suiza, constituci\u00f3n de una empresa, viaje en el extranjero\u2026 Conversemos &nbsp; TRADUCTORES JURADOS EN GINEBRA Y TODA SUIZA &nbsp; 9h05 es una empresa de [&hellip;]<\/p>\n","protected":false},"author":9,"featured_media":0,"parent":28199,"menu_order":0,"comment_status":"closed","ping_status":"closed","template":"template\/page\/fullwidth.php","meta":{"site-sidebar-layout":"default","site-content-layout":"","ast-site-content-layout":"default","site-content-style":"default","site-sidebar-style":"default","ast-global-header-display":"","ast-banner-title-visibility":"","ast-main-header-display":"","ast-hfb-above-header-display":"","ast-hfb-below-header-display":"","ast-hfb-mobile-header-display":"","site-post-title":"","ast-breadcrumbs-content":"","ast-featured-img":"","footer-sml-layout":"","theme-transparent-header-meta":"default","adv-header-id-meta":"","stick-header-meta":"default","header-above-stick-meta":"","header-main-stick-meta":"","header-below-stick-meta":"","astra-migrate-meta-layouts":"set","ast-page-background-enabled":"default","ast-page-background-meta":{"desktop":{"background-color":"var(--ast-global-color-4)","background-image":"","background-repeat":"repeat","background-position":"center center","background-size":"auto","background-attachment":"scroll","background-type":"","background-media":"","overlay-type":"","overlay-color":"","overlay-opacity":"","overlay-gradient":""},"tablet":{"background-color":"","background-image":"","background-repeat":"repeat","background-position":"center center","background-size":"auto","background-attachment":"scroll","background-type":"","background-media":"","overlay-type":"","overlay-color":"","overlay-opacity":"","overlay-gradient":""},"mobile":{"background-color":"","background-image":"","background-repeat":"repeat","background-position":"center center","background-size":"auto","background-attachment":"scroll","background-type":"","background-media":"","overlay-type":"","overlay-color":"","overlay-opacity":"","overlay-gradient":""}},"ast-content-background-meta":{"desktop":{"background-color":"var(--ast-global-color-5)","background-image":"","background-repeat":"repeat","background-position":"center center","background-size":"auto","background-attachment":"scroll","background-type":"","background-media":"","overlay-type":"","overlay-color":"","overlay-opacity":"","overlay-gradient":""},"tablet":{"background-color":"var(--ast-global-color-5)","background-image":"","background-repeat":"repeat","background-position":"center center","background-size":"auto","background-attachment":"scroll","background-type":"","background-media":"","overlay-type":"","overlay-color":"","overlay-opacity":"","overlay-gradient":""},"mobile":{"background-color":"var(--ast-global-color-5)","background-image":"","background-repeat":"repeat","background-position":"center center","background-size":"auto","background-attachment":"scroll","background-type":"","background-media":"","overlay-type":"","overlay-color":"","overlay-opacity":"","overlay-gradient":""}},"footnotes":""},"yst_prominent_words":[],"class_list":["post-28201","page","type-page","status-publish","hentry"],"_links":{"self":[{"href":"https:\/\/www.9h05.com\/es\/wp-json\/wp\/v2\/pages\/28201","targetHints":{"allow":["GET"]}}],"collection":[{"href":"https:\/\/www.9h05.com\/es\/wp-json\/wp\/v2\/pages"}],"about":[{"href":"https:\/\/www.9h05.com\/es\/wp-json\/wp\/v2\/types\/page"}],"author":[{"embeddable":true,"href":"https:\/\/www.9h05.com\/es\/wp-json\/wp\/v2\/users\/9"}],"replies":[{"embeddable":true,"href":"https:\/\/www.9h05.com\/es\/wp-json\/wp\/v2\/comments?post=28201"}],"version-history":[{"count":1,"href":"https:\/\/www.9h05.com\/es\/wp-json\/wp\/v2\/pages\/28201\/revisions"}],"predecessor-version":[{"id":28204,"href":"https:\/\/www.9h05.com\/es\/wp-json\/wp\/v2\/pages\/28201\/revisions\/28204"}],"up":[{"embeddable":true,"href":"https:\/\/www.9h05.com\/es\/wp-json\/wp\/v2\/pages\/28199"}],"wp:attachment":[{"href":"https:\/\/www.9h05.com\/es\/wp-json\/wp\/v2\/media?parent=28201"}],"wp:term":[{"taxonomy":"yst_prominent_words","embeddable":true,"href":"https:\/\/www.9h05.com\/es\/wp-json\/wp\/v2\/yst_prominent_words?post=28201"}],"curies":[{"name":"wp","href":"https:\/\/api.w.org\/{rel}","templated":true}]}}