{"id":28176,"date":"2024-06-06T13:36:12","date_gmt":"2024-06-06T13:36:12","guid":{"rendered":"https:\/\/www.9h05.com\/?page_id=28176"},"modified":"2024-06-06T13:36:12","modified_gmt":"2024-06-06T13:36:12","slug":"9h05-empresa-traduccion-ginebra-suiza","status":"publish","type":"page","link":"https:\/\/www.9h05.com\/es\/9h05-empresa-traduccion-ginebra-suiza\/","title":{"rendered":"9h05 empresa de traducci\u00f3n en Ginebra (Suiza)"},"content":{"rendered":"<div class=\"color4-background-color bg-background-color tmpl-call_to_action-6 boldgrid-section dynamic-gridblock background-scroll\" style=\"color: #1d1d1d; border-width: 0px; background-image: linear-gradient(to left, rgba(238, 238, 238, 0.8), rgba(238, 238, 238, 0.8)), url('https:\/\/www.9h05.com\/wp-content\/uploads\/2024\/05\/geneve-9h05-traductions-jurees-anglais-espagnol-francais.jpg'); background-size: cover; background-position: 50% 50%;\" data-bg-overlaycolor=\"rgba(238, 238, 238, 0.8)\" data-image-url=\"https:\/\/www.9h05.com\/wp-content\/uploads\/2024\/05\/geneve-9h05-traductions-jurees-anglais-espagnol-francais.jpg\">\n<div class=\"container\">\n<div class=\"row\" style=\"padding-top: 15px; padding-bottom: 15px;\">\n<div class=\"col-md-12 col-sm-12 col-xs-12 col-lg-12\">\n<div style=\"padding: 15% 0;\" class=\"bg-box-cover bg-box\">\n<p class=\"\" style=\"text-align: center;\"><i class=\"color2-color fa fa-clock-o\" style=\"font-size: 80px; margin-bottom: 20px; border-width: 0px;\" aria-hidden=\"true\"><span style=\"display: none;\">&nbsp;<\/span><\/i><\/p>\n<h1 class=\"color2-color\" style=\"text-align: center; font-size: 6em; margin: 35px 0;\">9h05 Suiza<\/h1>\n<p class=\"\" style=\"text-align: center; margin-bottom: 50px; font-size: 19px;\">Empresa de traducci\u00f3n jurada, especializada y literaria en el cant\u00f3n de Ginebra (Suiza) para sus necesidades de servicios ling\u00fc\u00edsticos de alto nivel.<\/p>\n<p class=\"\">&nbsp;<\/p>\n<p class=\"\" style=\"text-align: center;\"><a class=\"btn-color-2 btn btn-capitalize btn-pill btn-regular\" href=\"https:\/\/www.9h05.com\/traducteurs-jures-geneve\/francais-anglais-espagnol\/\">Traductores jurados en Ginebra<\/a><\/p>\n<p>&nbsp;<\/p>\n<p class=\"\" style=\"text-align: center;\">&nbsp;<\/p>\n<\/div>\n<\/div>\n<\/div>\n<\/div>\n<\/div>\n<div class=\"color4-background-color color-4-text-contrast bg-background-color tmpl-contact-2 boldgrid-section dynamic-gridblock\">\n<div class=\"container-fluid\">\n<div class=\"row\" style=\"padding-top: 75px;\">\n<div class=\"col-md-3 col-xs-12 col-sm-2 col-lg-3\"><\/div>\n<div class=\"col-md-6 col-xs-12 col-sm-8 text-center col-lg-6\">\n<h2 class=\"\">Nuestro despacho de Ginebra (Suiza)<\/h2>\n<p class=\"\">Contrate nuestra oficina de Ginebra para sus traducciones juradas al franc\u00e9s, ingl\u00e9s o espa\u00f1ol (todas las combinaciones entre esos idiomas incluidas) en todo el cant\u00f3n de Ginebra, fuera del cant\u00f3n y en toda Suiza.<\/p>\n<p class=\"\">&nbsp;<\/p>\n<p class=\"\" style=\"border-width: 0px; font-size: 20px;\"><em><strong>9h05 Suiza (Ginebra)<br \/>\n<\/strong><\/em>Rue du Mont-Blanc<br \/>\n1201 Gen\u00e8ve<\/p>\n<p class=\"\">&nbsp;<\/p>\n<p class=\"\">&nbsp;<\/p>\n<p class=\"\" style=\"border-width: 0px; font-size: 20px;\"><a class=\"\" style=\"border-width: 0px;\" href=\"https:\/\/api.whatsapp.com\/send\/?phone=33557824396&amp;text&amp;type=phone_number&amp;app_absent=0\"><img data-recalc-dims=\"1\" decoding=\"async\" class=\"aligncenter wp-image-17231\" src=\"https:\/\/i0.wp.com\/www.9h05.com\/wp-content\/uploads\/2022\/11\/contact-whatsapp-9h05.png?resize=54%2C54&#038;ssl=1\" alt=\"WhatsApp de 9h05 del Ecuador\" width=\"54\" height=\"54\" srcset=\"https:\/\/i0.wp.com\/www.9h05.com\/wp-content\/uploads\/2022\/11\/contact-whatsapp-9h05.png?w=250&amp;ssl=1 250w, https:\/\/i0.wp.com\/www.9h05.com\/wp-content\/uploads\/2022\/11\/contact-whatsapp-9h05.png?resize=150%2C150&amp;ssl=1 150w, https:\/\/i0.wp.com\/www.9h05.com\/wp-content\/uploads\/2022\/11\/contact-whatsapp-9h05.png?resize=100%2C100&amp;ssl=1 100w\" sizes=\"(max-width: 54px) 100vw, 54px\" \/><\/a>Contacto por WhatsApp<\/p>\n<p class=\"\">&nbsp;<\/p>\n<p class=\"\" style=\"border-width: 0px; font-size: 20px;\"><strong>Correo electr\u00f3nico<br \/>\n<\/strong><a href=\"mailto:geneve@9h05.com\">geneve@9h05.com<\/a><\/p>\n<p class=\"\">&nbsp;<\/p>\n<\/div>\n<div class=\"col-md-3 col-xs-12 col-sm-2 col-lg-3\"><\/div>\n<\/div>\n<div class=\"row\" style=\"padding-top: 20px; padding-bottom: 35px;\">\n<div class=\"col-md-4 col-sm-3 col-xs-12 col-lg-4\"><\/div>\n<div class=\"col-md-2 col-sm-3 col-xs-6 col-lg-2\">\n<p class=\"\" style=\"text-align: center;\"><strong>De lunes a viernes<\/strong><\/p>\n<p class=\"\" style=\"text-align: center;\">9h05 &#8211; 17h00<\/p>\n<\/div>\n<div class=\"col-md-2 col-sm-3 col-xs-6 col-lg-2\">\n<p class=\"\" style=\"text-align: center;\"><b>S\u00e1bado y domingo<\/b><\/p>\n<p class=\"\" style=\"text-align: center;\">Cerrado<\/p>\n<\/div>\n<div class=\"col-md-4 col-sm-3 col-xs-12 col-lg-4\"><\/div>\n<\/div>\n<div class=\"row\">\n<div class=\"col-md-12 col-xs-12 col-sm-12 pulse col-lg-12\">\n<div class=\"bg-box-cover bg-box-flush bg-box\">\n<p class=\"boldgrid-google-maps\" style=\"margin: 0;\"><iframe style=\"width: 100%;\" src=\"https:\/\/www.google.com\/maps\/embed?pb=!1m18!1m12!1m3!1d44180.4821657621!2d6.101839242413044!3d46.20488200332418!2m3!1f0!2f0!3f0!3m2!1i1024!2i768!4f13.1!3m3!1m2!1s0x478c650693d0e2eb%3A0xa0b695357b0bbc39!2zR2Vuw6h2ZSwgU3Vpc3Nl!5e0!3m2!1sfr!2sfr!4v1715777784332!5m2!1sfr!2sfr\" width=\"2000\" height=\"300\" frameborder=\"0\"><span data-mce-type=\"bookmark\" style=\"display: inline-block; width: 0px; overflow: hidden; line-height: 0;\" class=\"mce_SELRES_start\">\ufeff<\/span>&amp;amp;amp;amp;amp;amp;amp;amp;amp;amp;amp;amp;amp;amp;amp;amp;amp;amp;amp;amp;amp;amp;amp;amp;amp;amp;lt;span data-mce-type=\u00bbbookmark\u00bb style=\u00bbdisplay: inline-block; width: 0px; overflow: hidden; line-height: 0;\u00bb class=\u00bbmce_SELRES_start\u00bb&amp;amp;amp;amp;amp;amp;amp;amp;amp;amp;amp;amp;amp;amp;amp;amp;amp;amp;amp;amp;amp;amp;amp;amp;amp;amp;gt;\ufeff&amp;amp;amp;amp;amp;amp;amp;amp;amp;amp;amp;amp;amp;amp;amp;amp;amp;amp;amp;amp;amp;amp;amp;amp;amp;amp;lt;\/span&amp;amp;amp;amp;amp;amp;amp;amp;amp;amp;amp;amp;amp;amp;amp;amp;amp;amp;amp;amp;amp;amp;amp;amp;amp;amp;gt;&amp;amp;amp;amp;amp;amp;amp;amp;amp;amp;amp;amp;amp;amp;amp;amp;amp;amp;amp;amp;amp;amp;amp;amp;amp;amp;amp;amp;amp;amp;amp;amp;amp;amp;amp;amp;amp;amp;amp;amp;amp;amp;amp;amp;amp;amp;amp;amp;amp;amp;amp;amp;amp;amp;amp;amp;amp;amp;amp;amp;amp;amp;amp;amp;amp;amp;amp;amp;amp;amp;amp;amp;amp;amp;amp;amp;amp;amp;amp;amp;amp;amp;amp;amp;amp;amp;amp;amp;lt;span data-mce-type=\u00bbbookmark\u00bb style=\u00bbdisplay: inline-block; width: 0px; overflow: hidden; line-height: 0;\u00bb class=\u00bbmce_SELRES_start\u00bb&amp;amp;amp;amp;amp;amp;amp;amp;amp;amp;amp;amp;amp;amp;amp;amp;amp;amp;amp;amp;amp;amp;amp;amp;amp;amp;amp;amp;amp;amp;amp;amp;amp;amp;amp;amp;amp;amp;amp;amp;amp;amp;amp;amp;amp;amp;amp;amp;amp;amp;amp;amp;amp;amp;amp;amp;amp;amp;amp;amp;amp;amp;amp;amp;amp;amp;amp;amp;amp;amp;amp;amp;amp;amp;amp;amp;amp;amp;amp;amp;amp;amp;amp;amp;amp;amp;amp;amp;gt;&amp;amp;amp;amp;amp;amp;amp;amp;amp;amp;amp;amp;amp;amp;amp;amp;amp;amp;amp;amp;amp;amp;amp;amp;amp;amp;amp;amp;amp;amp;amp;amp;amp;amp;amp;amp;amp;amp;amp;amp;amp;amp;amp;amp;amp;amp;amp;amp;amp;amp;amp;amp;amp;amp;amp;#65279;&amp;amp;amp;amp;amp;amp;amp;amp;amp;amp;amp;amp;amp;amp;amp;amp;amp;amp;amp;amp;amp;amp;amp;amp;amp;amp;amp;amp;amp;amp;amp;amp;amp;amp;amp;amp;amp;amp;amp;amp;amp;amp;amp;amp;amp;amp;amp;amp;amp;amp;amp;amp;amp;amp;amp;amp;amp;amp;amp;amp;amp;amp;amp;amp;amp;amp;amp;amp;amp;amp;amp;amp;amp;amp;amp;amp;amp;amp;amp;amp;amp;amp;amp;amp;amp;amp;amp;amp;lt;\/span&amp;amp;amp;amp;amp;amp;amp;amp;amp;amp;amp;amp;amp;amp;amp;amp;amp;amp;amp;amp;amp;amp;amp;amp;amp;amp;amp;amp;amp;amp;amp;amp;amp;amp;amp;amp;amp;amp;amp;amp;amp;amp;amp;amp;amp;amp;amp;amp;amp;amp;amp;amp;amp;amp;amp;amp;amp;amp;amp;amp;amp;amp;amp;amp;amp;amp;amp;amp;amp;amp;amp;amp;amp;amp;amp;amp;amp;amp;amp;amp;amp;amp;amp;amp;amp;amp;amp;amp;gt;<\/iframe><\/p>\n<\/div>\n<\/div>\n<\/div>\n<\/div>\n<\/div>\n<div class=\"color1-background-color bg-background-color tmpl-testimonial-4 boldgrid-section dynamic-gridblock background-fixed\" style=\"color: #ffffff; border-width: 0px; background-image: linear-gradient(to left, rgba(33, 150, 243, 0.8), rgba(33, 150, 243, 0.8)), url('https:\/\/www.9h05.com\/wp-content\/uploads\/2024\/05\/traducteur-jure-suisse-geneve-anglais-francais-espagnol-9h05.heic'); background-size: cover; background-position: 50% 25%;\" data-bg-overlaycolor=\"rgba(33, 150, 243, 0.8)\" data-image-url=\"https:\/\/www.9h05.com\/wp-content\/uploads\/2024\/05\/traducteur-jure-suisse-geneve-anglais-francais-espagnol-9h05.heic\">\n<div class=\"container-fluid\">\n<div class=\"row\" style=\"padding-top: 50px; padding-bottom: 50px;\">\n<div class=\"col-md-2 col-sm-1 col-xs-12 col-lg-2\"><\/div>\n<div class=\"col-md-8 col-sm-10 col-xs-12 col-lg-8\">\n<p class=\"h1\" style=\"text-align: center; margin-bottom: 50px; border-width: 0px; font-size: 25px;\"><em>Cubrimos todo el territorio suizo con nuestras traducciones juradas de espa\u00f1ol, ingl\u00e9s y franc\u00e9s: Cant\u00f3n de Ginebra, Vaud, Vaud, Valais, Berna, Friburgo, Jura, Neuch\u00e2tel\u2026<\/em><\/p>\n<\/div>\n<div class=\"col-md-2 col-sm-1 col-xs-12 col-lg-2\"><\/div>\n<\/div>\n<\/div>\n<\/div>\n<div class=\"tmpl-services-17 boldgrid-section dynamic-gridblock background-parallax\" style=\"color: #ffffff; border-width: 0px; background-image: url('https:\/\/www.9h05.com\/wp-content\/uploads\/2022\/11\/logo-9h05-group-wall.jpg'); background-size: cover; background-position: 50% 50%;\" data-image-url=\"https:\/\/www.9h05.com\/wp-content\/uploads\/2022\/11\/logo-9h05-group-wall.jpg\">\n<div class=\"container\">\n<div class=\"row\" style=\"padding-bottom: 50px;\">\n<div class=\"col-md-12 col-sm-12 col-xs-12 col-lg-12\"><\/div>\n<\/div>\n<\/div>\n<\/div>\n<div class=\"color4-background-color color-4-text-contrast bg-background-color tmpl-testimonial-6 boldgrid-section dynamic-gridblock\">\n<div class=\"container\">\n<div class=\"row\" style=\"padding-bottom: 42px; padding-top: 42px;\">\n<div class=\"col-md-4 col-sm-4 col-xs-12 col-lg-4\">\n<div class=\"bg-box\">\n<p class=\"\" style=\"text-align: center;\"><i class=\"fa fa-star color5-color\" style=\"font-size: 22px; margin-right: 7px;\" aria-hidden=\"true\"><span style=\"display: none;\">&nbsp;<\/span><\/i> <i class=\"fa fa-star color5-color\" style=\"font-size: 22px; margin-right: 7px;\" aria-hidden=\"true\"><span style=\"display: none;\">&nbsp;<\/span><\/i> <i class=\"fa fa-star color5-color\" style=\"font-size: 22px; margin-right: 7px;\" aria-hidden=\"true\"><span style=\"display: none;\">&nbsp;<\/span><\/i> <i class=\"fa fa-star color5-color\" style=\"font-size: 22px; margin-right: 7px;\" aria-hidden=\"true\"><span style=\"display: none;\">&nbsp;<\/span><\/i> <i class=\"fa fa-star color5-color\" style=\"font-size: 22px; margin-right: 7px;\" aria-hidden=\"true\"><span style=\"display: none;\">&nbsp;<\/span><\/i><\/p>\n<p class=\"color5-color\" style=\"text-align: center; font-size: 24px;\"><strong>Quito &#8211; Ecuador<\/strong><\/p>\n<p class=\"\">Traductores especializados y acreditados en Ecuador<\/p>\n<p class=\"\"><strong>9h05 del Ecuador<\/strong><br \/>\nJuan Le\u00f3n Mera N22-241 y Roca<br \/>\nEdificio Cronos \u00b7 Piso 5 \u00b7 Oficina 501<br \/>\n170143 Quito (Ecuador)<\/p>\n<p class=\"color5-color\">02 250 11 10&nbsp;<\/p>\n<p class=\"\">09 84 26 56 53&nbsp;<\/p>\n<p class=\"mod-reset\"><a href=\"mailto:quito@9h05.com\">quito@9h05.com<\/a><\/p>\n<\/div>\n<\/div>\n<div class=\"col-md-4 col-sm-4 col-xs-12 col-lg-4\">\n<div class=\"bg-box\">\n<p class=\"\" style=\"text-align: center;\"><i class=\"fa fa-star color5-color\" style=\"font-size: 22px; margin-right: 7px;\" aria-hidden=\"true\"><span style=\"display: none;\">&nbsp;<\/span><\/i> <i class=\"fa fa-star color5-color\" style=\"font-size: 22px; margin-right: 7px;\" aria-hidden=\"true\"><span style=\"display: none;\">&nbsp;<\/span><\/i> <i class=\"fa fa-star color5-color\" style=\"font-size: 22px; margin-right: 7px;\" aria-hidden=\"true\"><span style=\"display: none;\">&nbsp;<\/span><\/i> <i class=\"fa fa-star color5-color\" style=\"font-size: 22px; margin-right: 7px;\" aria-hidden=\"true\"><span style=\"display: none;\">&nbsp;<\/span><\/i> <i class=\"fa fa-star color5-color\" style=\"font-size: 22px; margin-right: 7px;\" aria-hidden=\"true\"><span style=\"display: none;\">&nbsp;<\/span><\/i><\/p>\n<p class=\"color5-color\" style=\"text-align: center; font-size: 24px;\"><strong>Bordeaux &#8211; France<\/strong><\/p>\n<p class=\"\">Traductores jurados y especializados en Francia<\/p>\n<p class=\"\"><strong>9h05 International<\/strong><br \/>\n45 rue Grangeneuve<br \/>\n33000 Bordeaux (Francia)<\/p>\n<p class=\"color5-color\">05 57 82 43 96<\/p>\n<p class=\"\">07 69 16 56 65<\/p>\n<p class=\"mod-reset\"><a href=\"mailto:bordeaux@9h05.com\">bordeaux@9h05.com<\/a><\/p>\n<\/div>\n<\/div>\n<div class=\"col-md-4 col-sm-4 col-xs-12 col-lg-4\">\n<div class=\"bg-box\">\n<p class=\"\" style=\"text-align: center;\"><i class=\"fa fa-star color5-color\" style=\"font-size: 22px; margin-right: 7px;\" aria-hidden=\"true\"><span style=\"display: none;\">&nbsp;<\/span><\/i> <i class=\"fa fa-star color5-color\" style=\"font-size: 22px; margin-right: 7px;\" aria-hidden=\"true\"><span style=\"display: none;\">&nbsp;<\/span><\/i> <i class=\"fa fa-star color5-color\" style=\"font-size: 22px; margin-right: 7px;\" aria-hidden=\"true\"><span style=\"display: none;\">&nbsp;<\/span><\/i> <i class=\"fa fa-star color5-color\" style=\"font-size: 22px; margin-right: 7px;\" aria-hidden=\"true\"><span style=\"display: none;\">&nbsp;<\/span><\/i> <i class=\"fa fa-star color5-color\" style=\"font-size: 22px; margin-right: 7px;\" aria-hidden=\"true\"><span style=\"display: none;\">&nbsp;<\/span><\/i><\/p>\n<p class=\"color5-color\" style=\"text-align: center; font-size: 24px;\"><strong>Toronto &#8211; Canada<\/strong><\/p>\n<p class=\"\" style=\"text-align: left;\">Traductores especializados y certificados en Canad\u00e1<\/p>\n<p class=\"\"><strong>9h05 Canada<\/strong><\/p>\n<p class=\"\">55 Triller Ave #904, Toronto, ON M6R 2H6, Canad\u00e1<\/p>\n<p class=\"color5-color\"><a href=\"mailto:toronto@9h05.com\">toronto@9h05.com<\/a><\/p>\n<\/div>\n<\/div>\n<\/div>\n<\/div>\n<\/div>\n<div class=\"color4-background-color color-4-text-contrast bg-background-color tmpl-testimonial-6 boldgrid-section dynamic-gridblock\">\n<div class=\"container\">\n<div class=\"row\" style=\"padding-bottom: 42px; padding-top: 42px;\">\n<div class=\"col-md-4 col-sm-4 col-xs-12 col-lg-4\">\n<div class=\"bg-box\">\n<p class=\"\" style=\"text-align: center;\"><i class=\"fa fa-star color5-color\" style=\"font-size: 22px; margin-right: 7px;\" aria-hidden=\"true\"><span style=\"display: none;\">&nbsp;<\/span><\/i> <i class=\"fa fa-star color5-color\" style=\"font-size: 22px; margin-right: 7px;\" aria-hidden=\"true\"><span style=\"display: none;\">&nbsp;<\/span><\/i> <i class=\"fa fa-star color5-color\" style=\"font-size: 22px; margin-right: 7px;\" aria-hidden=\"true\"><span style=\"display: none;\">&nbsp;<\/span><\/i> <i class=\"fa fa-star color5-color\" style=\"font-size: 22px; margin-right: 7px;\" aria-hidden=\"true\"><span style=\"display: none;\">&nbsp;<\/span><\/i> <i class=\"fa fa-star color5-color\" style=\"font-size: 22px; margin-right: 7px;\" aria-hidden=\"true\"><span style=\"display: none;\">&nbsp;<\/span><\/i><\/p>\n<p class=\"color5-color\" style=\"text-align: center; font-size: 24px;\"><strong>Miami &#8211;&nbsp;<\/strong><strong>Estados Unidos<\/strong><\/p>\n<p class=\"\">Traductores especializados para negocios en Estados Unidos<\/p>\n<p class=\"\"><strong>9h05 USA<\/strong><br \/>\n7824 NW 71ST<br \/>\nMiami, FL 33166 (USA)<\/p>\n<p class=\"\">&nbsp;<\/p>\n<p class=\"mod-reset\"><a href=\"mailto:miami@9h05.com\">miami@9h05.com<\/a><\/p>\n<\/div>\n<\/div>\n<div class=\"col-md-4 col-sm-4 col-xs-12 col-lg-4\">\n<div class=\"bg-box\">\n<p class=\"\" style=\"text-align: center;\"><i class=\"fa fa-star color5-color\" style=\"font-size: 22px; margin-right: 7px;\" aria-hidden=\"true\"><span style=\"display: none;\">&nbsp;<\/span><\/i> <i class=\"fa fa-star color5-color\" style=\"font-size: 22px; margin-right: 7px;\" aria-hidden=\"true\"><span style=\"display: none;\">&nbsp;<\/span><\/i> <i class=\"fa fa-star color5-color\" style=\"font-size: 22px; margin-right: 7px;\" aria-hidden=\"true\"><span style=\"display: none;\">&nbsp;<\/span><\/i> <i class=\"fa fa-star color5-color\" style=\"font-size: 22px; margin-right: 7px;\" aria-hidden=\"true\"><span style=\"display: none;\">&nbsp;<\/span><\/i> <i class=\"fa fa-star color5-color\" style=\"font-size: 22px; margin-right: 7px;\" aria-hidden=\"true\"><span style=\"display: none;\">&nbsp;<\/span><\/i><\/p>\n<p class=\"color5-color\" style=\"text-align: center; font-size: 24px;\"><strong>Zaragoza &#8211; Espa\u00f1a<\/strong><\/p>\n<p class=\"\">Traductores especializados y jurados en Espa\u00f1aTrad<\/p>\n<p class=\"\"><strong>9h05 Espa\u00f1a<\/strong><br \/>\nCalle Alta, 44<br \/>\n50391 Villafeliche-Zaragoza (Espa\u00f1a)<\/p>\n<p class=\"\">&nbsp;<\/p>\n<p class=\"mod-reset\"><a href=\"mailto:zaragoza@9h05.com\">zaragoza@9h05.com<\/a><\/p>\n<\/div>\n<\/div>\n<div class=\"col-md-4 col-sm-4 col-xs-12 col-lg-4\">\n<div class=\"bg-box\">\n<p class=\"\" style=\"text-align: center;\"><i class=\"fa fa-star color5-color\" style=\"font-size: 22px; margin-right: 7px;\" aria-hidden=\"true\"><span style=\"display: none;\">&nbsp;<\/span><\/i> <i class=\"fa fa-star color5-color\" style=\"font-size: 22px; margin-right: 7px;\" aria-hidden=\"true\"><span style=\"display: none;\">&nbsp;<\/span><\/i> <i class=\"fa fa-star color5-color\" style=\"font-size: 22px; margin-right: 7px;\" aria-hidden=\"true\"><span style=\"display: none;\">&nbsp;<\/span><\/i> <i class=\"fa fa-star color5-color\" style=\"font-size: 22px; margin-right: 7px;\" aria-hidden=\"true\"><span style=\"display: none;\">&nbsp;<\/span><\/i> <i class=\"fa fa-star color5-color\" style=\"font-size: 22px; margin-right: 7px;\" aria-hidden=\"true\"><span style=\"display: none;\">&nbsp;<\/span><\/i><\/p>\n<p class=\"color5-color\" style=\"text-align: center; font-size: 24px;\"><strong>Sydney &#8211; Australia<\/strong><\/p>\n<p class=\"\" style=\"text-align: left;\">Traductores t\u00e9cnicos especializados en Australia<\/p>\n<p class=\"\"><strong>9h05 Australia<\/strong><\/p>\n<p class=\"\">23\/40 Maria Street<br \/>\nPetersham \u00b7 NSW 2049 (Australia)<\/p>\n<p class=\"color5-color\"><a href=\"mailto:sydney@9h05.com\">sydney@9h05.com<\/a><\/p>\n<\/div>\n<\/div>\n<\/div>\n<\/div>\n<\/div>\n","protected":false},"excerpt":{"rendered":"<p>&nbsp; 9h05 Suiza Empresa de traducci\u00f3n jurada, especializada y literaria en el cant\u00f3n de Ginebra (Suiza) para sus necesidades de servicios ling\u00fc\u00edsticos de alto nivel. &nbsp; Traductores jurados en Ginebra &nbsp; &nbsp; Nuestro despacho de Ginebra (Suiza) Contrate nuestra oficina de Ginebra para sus traducciones juradas al franc\u00e9s, ingl\u00e9s o espa\u00f1ol (todas las combinaciones entre [&hellip;]<\/p>\n","protected":false},"author":9,"featured_media":0,"parent":0,"menu_order":0,"comment_status":"closed","ping_status":"closed","template":"template\/page\/fullwidth.php","meta":{"site-sidebar-layout":"default","site-content-layout":"","ast-site-content-layout":"default","site-content-style":"default","site-sidebar-style":"default","ast-global-header-display":"","ast-banner-title-visibility":"","ast-main-header-display":"","ast-hfb-above-header-display":"","ast-hfb-below-header-display":"","ast-hfb-mobile-header-display":"","site-post-title":"","ast-breadcrumbs-content":"","ast-featured-img":"","footer-sml-layout":"","theme-transparent-header-meta":"default","adv-header-id-meta":"","stick-header-meta":"default","header-above-stick-meta":"","header-main-stick-meta":"","header-below-stick-meta":"","astra-migrate-meta-layouts":"set","ast-page-background-enabled":"default","ast-page-background-meta":{"desktop":{"background-color":"var(--ast-global-color-4)","background-image":"","background-repeat":"repeat","background-position":"center center","background-size":"auto","background-attachment":"scroll","background-type":"","background-media":"","overlay-type":"","overlay-color":"","overlay-opacity":"","overlay-gradient":""},"tablet":{"background-color":"","background-image":"","background-repeat":"repeat","background-position":"center center","background-size":"auto","background-attachment":"scroll","background-type":"","background-media":"","overlay-type":"","overlay-color":"","overlay-opacity":"","overlay-gradient":""},"mobile":{"background-color":"","background-image":"","background-repeat":"repeat","background-position":"center center","background-size":"auto","background-attachment":"scroll","background-type":"","background-media":"","overlay-type":"","overlay-color":"","overlay-opacity":"","overlay-gradient":""}},"ast-content-background-meta":{"desktop":{"background-color":"var(--ast-global-color-5)","background-image":"","background-repeat":"repeat","background-position":"center center","background-size":"auto","background-attachment":"scroll","background-type":"","background-media":"","overlay-type":"","overlay-color":"","overlay-opacity":"","overlay-gradient":""},"tablet":{"background-color":"var(--ast-global-color-5)","background-image":"","background-repeat":"repeat","background-position":"center center","background-size":"auto","background-attachment":"scroll","background-type":"","background-media":"","overlay-type":"","overlay-color":"","overlay-opacity":"","overlay-gradient":""},"mobile":{"background-color":"var(--ast-global-color-5)","background-image":"","background-repeat":"repeat","background-position":"center center","background-size":"auto","background-attachment":"scroll","background-type":"","background-media":"","overlay-type":"","overlay-color":"","overlay-opacity":"","overlay-gradient":""}},"footnotes":""},"yst_prominent_words":[],"class_list":["post-28176","page","type-page","status-publish","hentry"],"_links":{"self":[{"href":"https:\/\/www.9h05.com\/es\/wp-json\/wp\/v2\/pages\/28176","targetHints":{"allow":["GET"]}}],"collection":[{"href":"https:\/\/www.9h05.com\/es\/wp-json\/wp\/v2\/pages"}],"about":[{"href":"https:\/\/www.9h05.com\/es\/wp-json\/wp\/v2\/types\/page"}],"author":[{"embeddable":true,"href":"https:\/\/www.9h05.com\/es\/wp-json\/wp\/v2\/users\/9"}],"replies":[{"embeddable":true,"href":"https:\/\/www.9h05.com\/es\/wp-json\/wp\/v2\/comments?post=28176"}],"version-history":[{"count":1,"href":"https:\/\/www.9h05.com\/es\/wp-json\/wp\/v2\/pages\/28176\/revisions"}],"predecessor-version":[{"id":28177,"href":"https:\/\/www.9h05.com\/es\/wp-json\/wp\/v2\/pages\/28176\/revisions\/28177"}],"wp:attachment":[{"href":"https:\/\/www.9h05.com\/es\/wp-json\/wp\/v2\/media?parent=28176"}],"wp:term":[{"taxonomy":"yst_prominent_words","embeddable":true,"href":"https:\/\/www.9h05.com\/es\/wp-json\/wp\/v2\/yst_prominent_words?post=28176"}],"curies":[{"name":"wp","href":"https:\/\/api.w.org\/{rel}","templated":true}]}}