{"id":28116,"date":"2024-06-06T13:23:18","date_gmt":"2024-06-06T13:23:18","guid":{"rendered":"https:\/\/www.9h05.com\/?page_id=28116"},"modified":"2024-07-04T07:49:12","modified_gmt":"2024-07-04T07:49:12","slug":"uscis-visas-estados-unidos","status":"publish","type":"page","link":"https:\/\/www.9h05.com\/es\/traducciones-certificadas-espanol-ingles\/uscis-visas-estados-unidos\/","title":{"rendered":"Traducciones certificadas espa\u00f1ol-ingl\u00e9s USCIS para visas en Estados Unidos"},"content":{"rendered":"<div style=\"margin-top: 50px; background-image: url('https:\/\/www.9h05.com\/wp-content\/uploads\/2024\/06\/uscis-traducciones-certificadas-visas-9h05-ecuador.jpg'); background-size: cover; background-position: 50% 50%;\" class=\"tmpl-call_to_action-11 boldgrid-section dynamic-gridblock background-parallax\" data-image-url=\"https:\/\/www.9h05.com\/wp-content\/uploads\/2024\/06\/uscis-traducciones-certificadas-visas-9h05-ecuador.jpg\">\n<div class=\"container-fluid\">\n<div class=\"row\">\n<div class=\"col-md-6 col-sm-6 col-xs-12 col-lg-6\">\n<div style=\"padding: 3em; margin-top: -50px;\" class=\"color1-background-color color-1-text-contrast bg-background-color bg-box\">\n<h1 class=\"\">Traducciones certificadas aprobadas por USCIS para visas a Estados Unidos<\/h1>\n<p class=\"\">9h05 del Ecuador es una <strong>empresa internacional de traducci\u00f3n certificada<\/strong> y habilitada para emitir traducciones reconocidas por el <a href=\"https:\/\/www.9h05.com\/es\/glosario\/uscis\/\">USCIS<\/a> de Estados Unidos para tr\u00e1mites de visa.<\/p>\n<p class=\"\">Obtenga sus traducciones oficiales de espa\u00f1ol a ingl\u00e9s para sus tr\u00e1mites de visa en Estados Unidos con 9h05 del Ecuador, empresa instalada en Quito y con cobertura de toda Latinoam\u00e9rica (Colombia, Per\u00fa, Venezuela, Chile, M\u00e9xico, Bolivia, Argentina\u2026).<\/p>\n<\/div>\n<\/div>\n<div class=\"col-md-5 col-sm-5 col-xs-12 col-lg-5\"><\/div>\n<div class=\"col-md-1 col-sm-1 col-xs-12 col-lg-1\"><\/div>\n<\/div>\n<div class=\"row\" style=\"padding-bottom: 200px;\">\n<div class=\"col-md-6 col-sm-6 col-xs-12 col-lg-6\">\n<div style=\"margin-top: -35px;\" class=\"bg-box\">\n<p class=\"\" style=\"text-align: right;\"><a class=\"btn-color-3 btn btn-pill btn-regular\" href=\"https:\/\/pay.9h05.com\/\">Contratar<\/a><\/p>\n<\/div>\n<\/div>\n<div class=\"col-md-5 col-sm-5 col-xs-12 col-lg-5\"><\/div>\n<div class=\"col-md-1 col-sm-1 col-xs-12 col-lg-1\"><\/div>\n<\/div>\n<\/div>\n<\/div>\n<div class=\"tmpl-services-5 boldgrid-section dynamic-gridblock\">\n<div class=\"container-fluid\">\n<div class=\"row\">\n<div class=\"col-md-3 col-sm-6 col-xs-12 align-column-stretch col-lg-3\">\n<div class=\"bg-box-cover color-neutral-background-color color-neutral-text-contrast bg-background-color bg-box\" style=\"padding: 50px 20px;\">\n<p class=\"\" style=\"text-align: center;\"><i class=\"color5-color fa fa-star\" style=\"font-size: 45px;\" aria-hidden=\"true\"><span style=\"display: none;\">&nbsp;<\/span><\/i><\/p>\n<p class=\"h4\" style=\"text-align: center; text-transform: uppercase;\">VISA DE ESTUDIANTE<\/p>\n<p class=\"\" style=\"text-align: center;\"><i class=\"fa fa-window-minimize color5-color\" aria-hidden=\"true\"><span style=\"display: none;\">&nbsp;<\/span><\/i><\/p>\n<p class=\"\" style=\"text-align: center; margin: 30px 0;\">Para estudiar en una universidad en Estados Unidos, debe solicitar una visa de estudiante (F1 &#8211; Acad\u00e9mico o M1 &#8211; Vocacional). Junto con su carpeta debe mandar a traducir los documentos que acrediten su cumplimiento con las exigencias de la Embajada y\/o del <a href=\"https:\/\/www.9h05.com\/es\/glosario\/uscis\/\">USCIS<\/a>, seg\u00fan donde presente su solicitud.<\/p>\n<p class=\"\" style=\"text-align: center;\">&nbsp;<\/p>\n<p class=\"\" style=\"text-align: center;\"><a class=\"btn-color-1 btn btn-small-caps btn-pill btn-3d btn-regular\" href=\"https:\/\/api.whatsapp.com\/send\/?phone=593984265653&amp;text&amp;type=phone_number&amp;app_absent=0\">WhatsApp<\/a><\/p>\n<p>&nbsp;<\/p>\n<\/div>\n<\/div>\n<div class=\"col-md-3 col-sm-6 col-xs-12 align-column-stretch col-lg-3\">\n<div class=\"bg-box-cover color4-background-color color-4-text-contrast bg-background-color bg-box\" style=\"padding: 50px 20px;\">\n<p class=\"\" style=\"text-align: center;\"><i class=\"color5-color fa fa-bar-chart\" style=\"font-size: 45px;\" aria-hidden=\"true\"><span style=\"display: none;\">&nbsp;<\/span><\/i><\/p>\n<p class=\"h4\" style=\"text-align: center; text-transform: uppercase;\">VISA DE TRABAJO<\/p>\n<p class=\"\" style=\"text-align: center;\"><i class=\"fa fa-window-minimize color5-color\" aria-hidden=\"true\"><span style=\"display: none;\">&nbsp;<\/span><\/i><\/p>\n<p class=\"\" style=\"text-align: center; margin: 30px 0;\">Las visas de trabajo en Estados Unidos se consideran como visas de inmigrante. Presente sus documentos <strong>traducidos del espa\u00f1ol al ingl\u00e9s<\/strong> por nuestro equipo de traductores certificados y acreditados para tr\u00e1mites con el <a href=\"https:\/\/www.9h05.com\/es\/glosario\/uscis\/\">USCIS<\/a> (Servicios de ciudadan\u00eda e inmigraci\u00f3n de Estados Unidos), que tramita las solicitudes de visado de ingreso al pa\u00eds.<\/p>\n<p class=\"\"><a class=\"btn btn-block btn-pill btn-color-5\" href=\"https:\/\/www.9h05.com\/es\/ecuador\/quito\/traducciones\/certificaciones\/\">Acreditaciones<\/a><\/p>\n<\/div>\n<\/div>\n<div class=\"col-md-3 col-sm-6 col-xs-12 align-column-stretch col-lg-3\">\n<div class=\"bg-box-cover color3-background-color color-3-text-contrast bg-background-color bg-box\" style=\"padding: 50px 20px;\">\n<p class=\"\" style=\"text-align: center;\"><i class=\"color2-color fa fa-line-chart\" style=\"font-size: 45px;\" aria-hidden=\"true\"><span style=\"display: none;\">&nbsp;<\/span><\/i><\/p>\n<p class=\"h4\" style=\"text-align: center; text-transform: uppercase;\">VISA DE TURISMO<\/p>\n<p class=\"\" style=\"text-align: center;\"><i class=\"fa fa-window-minimize color2-color\" aria-hidden=\"true\"><span style=\"display: none;\">&nbsp;<\/span><\/i><\/p>\n<p class=\"\" style=\"text-align: center; margin: 30px 0;\">Para poder visitar Estados Unidos como turista, debe preparar una solicitud de visa de turismo junto con la documentaci\u00f3n que acredite que su perfil responde a los criterios establecidos por la oficina de migraci\u00f3n y la Embajada de Estados Unidos en Ecuador (Guayaquil o Quito). Estos documentos deber\u00e1n ser traducidos al ingl\u00e9s por <a href=\"https:\/\/www.9h05.com\/es\/ecuador\/quito\/traducciones\/certificadas\/\">9h05 del Ecuador<\/a>.<\/p>\n<p class=\"\" style=\"text-align: center;\"><a class=\"btn-color-2 btn btn-pill btn-3d btn-regular\" href=\"https:\/\/www.9h05.com\/es\/9h05-agencia-de-traduccion-quito\/\">Contacto<\/a><\/p>\n<\/div>\n<\/div>\n<div class=\"col-md-3 col-sm-6 col-xs-12 align-column-stretch col-lg-3\">\n<div class=\"bg-box-cover color1-background-color color-1-text-contrast bg-background-color bg-box\" style=\"padding: 50px 20px;\">\n<p class=\"\" style=\"text-align: center;\"><i class=\"color4-color fa fa-rocket\" style=\"font-size: 45px;\" aria-hidden=\"true\"><span style=\"display: none;\">&nbsp;<\/span><\/i><\/p>\n<p class=\"h4\" style=\"text-align: center; text-transform: uppercase;\">NATURALIZACI\u00d3N Y CIUDADAN\u00cdA<\/p>\n<p class=\"\" style=\"text-align: center;\"><i class=\"fa fa-window-minimize color4-color\" aria-hidden=\"true\"><span style=\"display: none;\">&nbsp;<\/span><\/i><\/p>\n<p class=\"\" style=\"text-align: center; margin: 30px 0;\">La obtenci\u00f3n de la nacionalidad estadounidense es un proceso largo que requiere de muchos justificativos. Dando cumplimiento a las formalidades, deber\u00e1 presentar sus documentos traducidos oficialmente del espa\u00f1ol al ingl\u00e9s por un traductor acreditado, como nosotros.<\/p>\n<p class=\"\">&nbsp;<\/p>\n<p class=\"\" style=\"text-align: center;\"><a class=\"btn btn-glow btn-pill btn-uppercase btn-color-4\" href=\"https:\/\/pay.9h05.com\">Contratar<\/a><\/p>\n<p>&nbsp;<\/p>\n<\/div>\n<\/div>\n<\/div>\n<\/div>\n<\/div>\n<div class=\"color4-background-color bg-background-color tmpl-call_to_action-2 boldgrid-section dynamic-gridblock background-scroll\" style=\"color: #1d1d1d; background-image: linear-gradient(to left, rgba(238, 238, 238, 0.8), rgba(238, 238, 238, 0.8)), url('https:\/\/www.9h05.com\/wp-content\/uploads\/2024\/06\/uscis-traducciones-certificadas-visas-ecuador-9h05.jpg'); background-size: cover; background-position: 50% 50%;\" data-bg-overlaycolor=\"rgba(238, 238, 238, 0.8)\" data-image-url=\"https:\/\/www.9h05.com\/wp-content\/uploads\/2024\/06\/uscis-traducciones-certificadas-visas-ecuador-9h05.jpg\">\n<div class=\"container\">\n<div class=\"row\" style=\"padding-top: 110px; padding-bottom: 110px;\">\n<div class=\"col-md-4 col-sm-4 col-xs-12 align-column-center col-lg-4\">\n<p class=\"\" style=\"text-align: center;\"><a class=\"btn-color-5 btn btn-small-caps btn-rounded btn-3d btn-regular\" href=\"https:\/\/api.whatsapp.com\/send\/?phone=593984265653&amp;text&amp;type=phone_number&amp;app_absent=0\">Hablar por WhatsApp<\/a><\/p>\n<p class=\"\" style=\"text-align: center; margin: 20px auto;\">Conversemos sobre su necesidad de <strong>traducci\u00f3n certificada<\/strong> para Estados Unidos<\/p>\n<\/div>\n<div class=\"col-md-8 col-sm-8 col-xs-12 col-lg-8\">\n<h2 class=\"h1\" style=\"margin: 30px 0px; color: #0464b3;\">Cotice la traducci\u00f3n certificada de sus documentos para el USCIS<\/h2>\n<div class=\"row bg-editor-hr-wrap\">\n<div class=\"col-lg-12 col-md-12 col-xs-12 col-sm-12\">\n<div>\n<hr class=\"color1-color bg-hr\" style=\"border: 2px solid; margin-left: 0px;\" width=\"50%\">\n<\/div>\n<\/div>\n<\/div>\n<p class=\"\" style=\"margin: 30px 0; font-size: 19px;\">9h05 del Ecuador <strong>traduce al ingl\u00e9s<\/strong> de forma oficial todos sus documentos:<\/p>\n<ul class=\"\">\n<li>Estados de cuenta bancaria, certificados de inversi\u00f3n, estados de tarjeta de cr\u00e9dito<\/li>\n<li>Partidas \u00edntegras de nacimiento y matrimonio<\/li>\n<li>Poderes notariales y garant\u00edas econ\u00f3micas<\/li>\n<li>Reporte de notas y diplomas universitarios y de colegios<\/li>\n<li>Certificados de trabajo, roles de pago, declaraciones IVA y renta<\/li>\n<li>Autorizaciones de salida del pa\u00eds\u2026<\/li>\n<\/ul>\n<p class=\"\">\u2026y cualquier otro documento que necesite presentar al <a href=\"https:\/\/www.9h05.com\/es\/glosario\/uscis\/\">USCIS<\/a> o al Consulado \/ Embajada de Estados Unidos para sus tr\u00e1mites de visado o de obtenci\u00f3n de la nacionalidad \/ ciudadan\u00eda de EE.UU.<\/p>\n<p class=\"\" style=\"margin: 30px 0; font-size: 19px;\">&nbsp;<\/p>\n<\/div>\n<\/div>\n<\/div>\n<\/div>\n<div class=\"boldgrid-section\">\n<div class=\"container\">\n<div class=\"row\">\n<div class=\"col-lg-12 col-md-12 col-xs-12 col-sm-12\">\n<p class=\"\">&nbsp;<\/p>\n<\/div>\n<\/div>\n<\/div>\n<\/div>\n<div class=\"color4-background-color color-4-text-contrast bg-background-color tmpl-services-1 boldgrid-section dynamic-gridblock\">\n<div class=\"container\">\n<div class=\"row\">\n<div class=\"col-md-4 col-sm-6 col-xs-12 align-column-stretch col-lg-4\">\n<div class=\"bg-box-cover color2-background-color color-2-text-contrast bg-background-color bg-box\" style=\"padding: 65px 10%;\">\n<p class=\"h2\" style=\"text-align: center;\">Acreditaciones nacionales e internacionales<\/p>\n<p class=\"\" style=\"text-align: center; margin: 30px 0;\">Somos traductores certificados a nivel nacional (en Ecuador) e internacional (Estados Unidos, Europa, Canad\u00e1\u2026):<\/p>\n<ul class=\"\">\n<li><strong>Acreditaci\u00f3n ATA<\/strong> (American Translators Association)<\/li>\n<li>Habilitaci\u00f3n de <strong>perito traductores<\/strong> de los tribunales del Ecuador<\/li>\n<li><strong>Certificaci\u00f3n<\/strong> ATIEC (de nuestro director ejecutivo)<\/li>\n<li>Condici\u00f3n de <strong>perito judicial<\/strong> de los tribunales de Francia con extensi\u00f3n en toda la Uni\u00f3n Europea<\/li>\n<li><strong>Reconocimiento<\/strong> de la Embajada de Estados Unidos<\/li>\n<li><strong>Reconocimiento<\/strong> de USCIS&nbsp;<\/li>\n<\/ul>\n<\/div>\n<\/div>\n<div class=\"col-md-4 col-sm-6 col-xs-12 align-column-stretch col-lg-4\">\n<div class=\"bg-box-cover color3-background-color color-3-text-contrast bg-background-color bg-box\" style=\"padding: 65px 10%;\">\n<p class=\"h2\" style=\"text-align: center;\">Clientes satisfechos ya establecidos en Estados Unidos<\/p>\n<p class=\"\" style=\"margin: 30px 0px; text-align: left;\">Cada a\u00f1o, brindamos nuestros servicios de traducci\u00f3n certificada a ingl\u00e9s para Estados Unidos a varios cientos de clientes.&nbsp;<\/p>\n<p class=\"\">La satisfacci\u00f3n de nuestros clientes es una muestra fehaciente de la calidad de los servicios de traducci\u00f3n que brindamos y del reconocimiento internacional que ostentamos.<\/p>\n<p>Trabajamos a diario en la traducci\u00f3n de documentos destinados a formalidades de visado para Estados Unidos y estamos muy familiarizados con las exigencias de las autoridades estadounidenses.<\/p>\n<p>&nbsp;<\/p>\n<p class=\"\" style=\"text-align: center;\"><a class=\"btn-color-1 btn btn-small-caps btn-pill btn-3d btn-regular\" href=\"https:\/\/www.9h05.com\/es\/9h05-agencia-de-traduccion-quito\/\">Contacto<\/a><\/p>\n<\/div>\n<\/div>\n<div class=\"col-md-4 col-sm-12 col-xs-12 align-column-stretch col-lg-4\">\n<div class=\"bg-box-cover color2-background-color color-2-text-contrast bg-background-color bg-box\" style=\"padding: 65px 10%;\">\n<p class=\"h2\" style=\"text-align: center;\">Aceptaci\u00f3n garantizada de nuestras traducciones<\/p>\n<p class=\"\" style=\"margin: 30px 0px; text-align: left;\">Garantizamos al 100% la aceptaci\u00f3n de nuestras traducciones oficiales por parte de los funcionarios y agentes de USCIS, del Consulado de Estados Unidos y de la Embajada de EE.UU. tanto en Ecuador como directamente en Estados Unidos.<\/p>\n<p class=\"\">Cada mes, emitimos la traducci\u00f3n de m\u00e1s de 1000 documentos con destino a Estados Unidos.&nbsp;<\/p>\n<p class=\"\"><strong>Desmaterializaci\u00f3n<\/strong><\/p>\n<p class=\"\">La mayor\u00eda de los tr\u00e1mites de visado en Estados Unidos permite presentar la documentaci\u00f3n directamente en formato digital. Nuestras traducciones cumplen con este est\u00e1ndar, con un formato en PDF certificado 100% digital.<\/p>\n<\/div>\n<\/div>\n<\/div>\n<\/div>\n<\/div>\n<div class=\"color1-background-color color-1-text-contrast bg-background-color tmpl-contact-3 boldgrid-section dynamic-gridblock\">\n<div class=\"container\">\n<div class=\"row\" style=\"padding-top: 50px; padding-bottom: 50px;\">\n<div class=\"col-md-6 col-xs-12 col-sm-6 col-lg-6\" style=\"padding: 1em;\">\n<h2 class=\"\">Cont\u00e1ctese con 9h05 del Ecuador<\/h2>\n<p class=\"\">Comun\u00edquese con la empresa de traducci\u00f3n certificada 9h05 del Ecuador para sus necesidades de traducci\u00f3n oficial de documentos de espa\u00f1ol a ingl\u00e9s en todo el pa\u00eds y en toda Latinoam\u00e9rica:<\/p>\n<div class=\"row\" style=\"padding-top: 25px;\">\n<div class=\"col-md-2 col-sm-2 col-xs-2 col-lg-2\">\n<p class=\"\" style=\"text-align: center;\"><i class=\"fa fa-map-signs color5-background-color color-5-text-contrast bg-background-color\" style=\"border-radius: 50px; padding: 0.7em; font-size: 20px;\" aria-hidden=\"true\"><span style=\"display: none;\">&nbsp;<\/span><\/i><\/p>\n<\/div>\n<div class=\"col-md-10 col-sm-10 col-xs-10 align-column-center col-lg-10\">\n<div>\n<p class=\"\">Juan Le\u00f3n Mera N22-241 y Roca, Edificio Cronos, Oficina 501, 170526 Quito (Ecuador)<\/p>\n<\/div>\n<\/div>\n<\/div>\n<div class=\"row\" style=\"padding-top: 15px;\">\n<div class=\"col-md-2 col-sm-2 col-xs-2 col-lg-2\">\n<p class=\"\" style=\"text-align: center;\"><i class=\"fa fa-phone color5-background-color color-5-text-contrast bg-background-color\" style=\"border-radius: 50px; padding: 0.7em; font-size: 20px;\" aria-hidden=\"true\"><span style=\"display: none;\">&nbsp;<\/span><\/i><\/p>\n<\/div>\n<div class=\"col-md-10 col-sm-10 col-xs-10 align-column-center col-lg-10\">\n<div>\n<p class=\"\">(02) 250 11 10 \/ 09 84 26 56 53<\/p>\n<\/div>\n<\/div>\n<\/div>\n<div class=\"row\" style=\"padding-top: 15px; padding-bottom: 25px;\">\n<div class=\"col-md-2 col-sm-2 col-xs-2 col-lg-2\">\n<p class=\"\" style=\"text-align: center;\"><i class=\"fa fa-envelope color5-background-color color-5-text-contrast bg-background-color\" style=\"border-radius: 50px; padding: 0.7em; font-size: 20px;\" aria-hidden=\"true\"><span style=\"display: none;\">&nbsp;<\/span><\/i><\/p>\n<\/div>\n<div class=\"col-md-10 col-sm-10 col-xs-10 align-column-center col-lg-10\">\n<div>\n<p class=\"\">quito@9h05.com<\/p>\n<\/div>\n<\/div>\n<\/div>\n<p class=\"wow tada\" style=\"text-align: center;\" data-wow-duration=\"1.5s\" data-wow-delay=\"1s\"><a class=\"btn-color-5 btn btn-small-caps btn-rounded btn-3d btn-regular\" href=\"https:\/\/api.whatsapp.com\/send\/?phone=593984265653&amp;text&amp;type=phone_number&amp;app_absent=0\">Hablemos por WhatsApp<\/a><\/p>\n<\/div>\n<div class=\"col-md-6 col-xs-12 col-sm-6 col-lg-6\" style=\"padding: 1em;\">\n<p class=\"boldgrid-google-maps\"><iframe style=\"border: 0;\" src=\"https:\/\/www.google.com\/maps\/embed?pb=!1m18!1m12!1m3!1d3989.7928563820083!2d-78.4969442897568!3d-0.20470303539888252!2m3!1f0!2f0!3f0!3m2!1i1024!2i768!4f13.1!3m3!1m2!1s0x91d59a14c2f0e17d%3A0x6618e97864c88c19!2s9h05%20Ecuador!5e0!3m2!1ses!2sfr!4v1717680082591!5m2!1ses!2sfr\" width=\"600\" height=\"400\" frameborder=\"0\"><span data-mce-type=\"bookmark\" style=\"display: inline-block; width: 0px; overflow: hidden; line-height: 0;\" class=\"mce_SELRES_start\">\ufeff<\/span>&nbsp;<\/p>\n<p><\/iframe><\/p>\n<\/div>\n<\/div>\n<\/div>\n<\/div>\n","protected":false},"excerpt":{"rendered":"<p>Traducciones certificadas aprobadas por USCIS para visas a Estados Unidos 9h05 del Ecuador es una empresa internacional de traducci\u00f3n certificada y habilitada para emitir traducciones reconocidas por el USCIS de Estados Unidos para tr\u00e1mites de visa. Obtenga sus traducciones oficiales de espa\u00f1ol a ingl\u00e9s para sus tr\u00e1mites de visa en Estados Unidos con 9h05 del [&hellip;]<\/p>\n","protected":false},"author":9,"featured_media":0,"parent":20132,"menu_order":0,"comment_status":"closed","ping_status":"closed","template":"template\/page\/fullwidth.php","meta":{"site-sidebar-layout":"default","site-content-layout":"","ast-site-content-layout":"default","site-content-style":"default","site-sidebar-style":"default","ast-global-header-display":"","ast-banner-title-visibility":"","ast-main-header-display":"","ast-hfb-above-header-display":"","ast-hfb-below-header-display":"","ast-hfb-mobile-header-display":"","site-post-title":"","ast-breadcrumbs-content":"","ast-featured-img":"","footer-sml-layout":"","theme-transparent-header-meta":"default","adv-header-id-meta":"","stick-header-meta":"default","header-above-stick-meta":"","header-main-stick-meta":"","header-below-stick-meta":"","astra-migrate-meta-layouts":"set","ast-page-background-enabled":"default","ast-page-background-meta":{"desktop":{"background-color":"var(--ast-global-color-4)","background-image":"","background-repeat":"repeat","background-position":"center center","background-size":"auto","background-attachment":"scroll","background-type":"","background-media":"","overlay-type":"","overlay-color":"","overlay-opacity":"","overlay-gradient":""},"tablet":{"background-color":"","background-image":"","background-repeat":"repeat","background-position":"center center","background-size":"auto","background-attachment":"scroll","background-type":"","background-media":"","overlay-type":"","overlay-color":"","overlay-opacity":"","overlay-gradient":""},"mobile":{"background-color":"","background-image":"","background-repeat":"repeat","background-position":"center center","background-size":"auto","background-attachment":"scroll","background-type":"","background-media":"","overlay-type":"","overlay-color":"","overlay-opacity":"","overlay-gradient":""}},"ast-content-background-meta":{"desktop":{"background-color":"var(--ast-global-color-5)","background-image":"","background-repeat":"repeat","background-position":"center center","background-size":"auto","background-attachment":"scroll","background-type":"","background-media":"","overlay-type":"","overlay-color":"","overlay-opacity":"","overlay-gradient":""},"tablet":{"background-color":"var(--ast-global-color-5)","background-image":"","background-repeat":"repeat","background-position":"center center","background-size":"auto","background-attachment":"scroll","background-type":"","background-media":"","overlay-type":"","overlay-color":"","overlay-opacity":"","overlay-gradient":""},"mobile":{"background-color":"var(--ast-global-color-5)","background-image":"","background-repeat":"repeat","background-position":"center center","background-size":"auto","background-attachment":"scroll","background-type":"","background-media":"","overlay-type":"","overlay-color":"","overlay-opacity":"","overlay-gradient":""}},"footnotes":""},"yst_prominent_words":[],"class_list":["post-28116","page","type-page","status-publish","hentry"],"_links":{"self":[{"href":"https:\/\/www.9h05.com\/es\/wp-json\/wp\/v2\/pages\/28116","targetHints":{"allow":["GET"]}}],"collection":[{"href":"https:\/\/www.9h05.com\/es\/wp-json\/wp\/v2\/pages"}],"about":[{"href":"https:\/\/www.9h05.com\/es\/wp-json\/wp\/v2\/types\/page"}],"author":[{"embeddable":true,"href":"https:\/\/www.9h05.com\/es\/wp-json\/wp\/v2\/users\/9"}],"replies":[{"embeddable":true,"href":"https:\/\/www.9h05.com\/es\/wp-json\/wp\/v2\/comments?post=28116"}],"version-history":[{"count":4,"href":"https:\/\/www.9h05.com\/es\/wp-json\/wp\/v2\/pages\/28116\/revisions"}],"predecessor-version":[{"id":28667,"href":"https:\/\/www.9h05.com\/es\/wp-json\/wp\/v2\/pages\/28116\/revisions\/28667"}],"up":[{"embeddable":true,"href":"https:\/\/www.9h05.com\/es\/wp-json\/wp\/v2\/pages\/20132"}],"wp:attachment":[{"href":"https:\/\/www.9h05.com\/es\/wp-json\/wp\/v2\/media?parent=28116"}],"wp:term":[{"taxonomy":"yst_prominent_words","embeddable":true,"href":"https:\/\/www.9h05.com\/es\/wp-json\/wp\/v2\/yst_prominent_words?post=28116"}],"curies":[{"name":"wp","href":"https:\/\/api.w.org\/{rel}","templated":true}]}}