{"id":2728,"date":"2016-04-13T16:47:01","date_gmt":"2016-04-13T16:47:01","guid":{"rendered":"https:\/\/9h05.com\/?page_id=2728"},"modified":"2023-01-16T11:43:49","modified_gmt":"2023-01-16T11:43:49","slug":"franchises-agence-traduction","status":"publish","type":"page","link":"https:\/\/www.9h05.com\/es\/franchises-agence-traduction\/","title":{"rendered":"Franchises"},"content":{"rendered":"<div class=\"wpb-content-wrapper\"><p>[vc_row][vc_column][vc_column_text]<\/p>\n<h2 style=\"text-align: center;\"><span style=\"color: #e8e6e6;\">FRANCHISES<\/span><\/h2>\n<p>[\/vc_column_text][vc_separator][vc_single_image image=\u00bb2741&#8243; img_size=\u00bblarge\u00bb alignment=\u00bbcenter\u00bb][vc_column_text]<span style=\"color: #ffffff;\">Devenez le propri\u00e9taire d&#8217;une franchise 9h05<\/span><\/p>\n<p><span style=\"color: #ffffff;\">Vous avez toujours r\u00eav\u00e9 d\u2019avoir votre propre entreprise&nbsp;de traduction mais vous ne savez pas comment vous y prendre&nbsp;? Vous avez peur de vous lancer sans un projet \u00e0 la rentabilit\u00e9 d\u00e9montr\u00e9e&nbsp;? Vous voulez une franchise au prestige d\u00e9montr\u00e9 ?<\/span><\/p>\n<p><span style=\"color: #ffffff;\">Engagez-vous dans l\u2019aventure et l\u2019exp\u00e9rience 9h05, un syst\u00e8me clefs en main pour lancer votre projet d\u2019entrepreneur en traduction.<\/span>[\/vc_column_text][vc_column_text]<\/p>\n<h4><span style=\"color: #ffffff;\"><strong>Quels sont les avantages de d\u00e9tenir une franchise de l\u2019agence de traduction 9h05&nbsp;?<\/strong><\/span><\/h4>\n<p>[\/vc_column_text][vc_tta_accordion][vc_tta_section title=\u00bbDes supports de promotion existants, clairs, simples et efficaces\u00bb tab_id=\u00bb1460566098170-b405505c-6fba\u00bb][vc_column_text]<\/p>\n<ul>\n<li>Vous serez int\u00e9gr\u00e9 \u00e0 la page web de 9h05 \u00e0 diff\u00e9rents endroits&nbsp;: vue g\u00e9n\u00e9rale, \u00e9quipe, agences et contact. La page web est disponible en fran\u00e7ais, anglais, espagnol, portugais, allemand et russe.<\/li>\n<li>Vous aurez acc\u00e8s \u00e0 la charte graphique, codes d\u2019utilisation et autres supports graphiques de 9h05 (avec la possibilit\u00e9 de faire imprimer des chemises en carton, papier \u00e0 en-t\u00eate ou supports publicitaires).<\/li>\n<li>Vous recevrez les sceaux officiels de 9h05 (tampon \u00e0 relief et tampon \u00e0 encre) munis de l\u2019identification de l\u2019agence propri\u00e9taire (trois lettres).<\/li>\n<\/ul>\n<p>[\/vc_column_text][\/vc_tta_section][vc_tta_section title=\u00bbUne reconnaissance internationale\u00bb tab_id=\u00bb1460566098242-c08bd047-85cc\u00bb][vc_column_text]<\/p>\n<ul>\n<li>Vous ferez partie d\u2019un r\u00e9seau d\u2019agences mondial reconnu internationalement. Vous pourrez \u00e9mettre des traductions sp\u00e9cialis\u00e9es, des traductions asserment\u00e9es et des traductions en sous-titrage.<\/li>\n<\/ul>\n<p>[\/vc_column_text][\/vc_tta_section][vc_tta_section title=\u00bbUne application web pour le calcul de tarifs et de commerce \u00e9lectronique\u00bb tab_id=\u00bb1460566134440-a946b32e-58a7&#8243;][vc_column_text]<\/p>\n<ul>\n<li>Vos clients pourront calculer le prix de leurs traductions et payer par carte bancaire directement en ligne gr\u00e2ce \u00e0 la <em><a href=\"https:\/\/pay.9h05.com\/\">Pricing App<\/a><\/em>.<\/li>\n<\/ul>\n<p>[\/vc_column_text][\/vc_tta_section][vc_tta_section title=\u00bbUne plateforme de s\u00e9curit\u00e9 et de gestion\u00bb tab_id=\u00bb1460566136970-7acaae32-2c81&#8243;][vc_column_text]<\/p>\n<ul>\n<li>Vous aurez acc\u00e8s \u00e0 <a href=\"https:\/\/www.9h05.com\/security\/\">VeriTrans System<\/a>, notre plateforme de s\u00e9curit\u00e9 (suivi en ligne des traductions et v\u00e9rification des donn\u00e9es pour les clients) et de gestion (gestion des documents traduits, gestion des projets en cours, gestion des paiements et gestion de la comptabilit\u00e9)<\/li>\n<\/ul>\n<p>[\/vc_column_text][\/vc_tta_section][vc_tta_section title=\u00bbDes adresses mail institutionnelles\u00bb tab_id=\u00bb1460566137898-b1724dbe-9f63&#8243;][vc_column_text]<\/p>\n<ul>\n<li>Vous aurez droit \u00e0 des adresses mail institutionnelles, c\u2019est \u00e0 dire terminant en \u00ab&nbsp;@9h05.com&nbsp;\u00bb. 10 adresses mails sont comprises dans le pack franchise, en plus d\u2019une adresse g\u00e9n\u00e9rale de contact local en \u00ab&nbsp;ville@9h05.com&nbsp;\u00bb<\/li>\n<\/ul>\n<p>[\/vc_column_text][\/vc_tta_section][vc_tta_section title=\u00bbUn acc\u00e8s mensuel aux statistiques de l\u2019agence locale\u00bb tab_id=\u00bb1460566138640-85ca4cac-1393&#8243;][vc_column_text]<\/p>\n<ul>\n<li>Vous recevrez un rapport mensuel et annuel comprenant <em>Ventes, Co\u00fbt de production, Ventes moins co\u00fbt de production, B\u00e9n\u00e9fice net, Pays d\u2019origine des traductions, Pays de destination des traductions, Langue d\u2019origine des traductions et Langue de destination des traductions<\/em>.<\/li>\n<\/ul>\n<p>[\/vc_column_text][\/vc_tta_section][vc_tta_section title=\u00bbUn capital de mots traduits \u00e0 \u00e9changer avec d\u2019autres agences\u00bb tab_id=\u00bb1460566139340-e06a9b7c-8baf\u00bb][vc_column_text]<\/p>\n<ul>\n<li>Vous avez droit \u00e0 un capital \u00e9changeable annuel de traductions de 100 000 mots. Cela signifie que vous pouvez demander \u00e0 une autre agence de traduire pour vous jusqu\u2019\u00e0 100 000 mots par an, que vous devrez rembourser par d\u2019autres traductions au nombre de mots \u00e9quivalent (le capital se r\u00e9initialise chaque ann\u00e9e au 1er janvier) pour les langues de Zone 1 et 2. Au-del\u00e0 des 100 000 mots, vous avez acc\u00e8s aux tarifs r\u00e9duits.<\/li>\n<\/ul>\n<p>[\/vc_column_text][\/vc_tta_section][vc_tta_section title=\u00bbDes tarifs r\u00e9duits sur les traductions au mot\u00bb tab_id=\u00bb1460566140088-d3824fb5-b534&#8243;][vc_column_text]<\/p>\n<ul>\n<li>Vous avez droit \u00e0 30% de r\u00e9duction sur les tarifs officiels de 9h05 pour les langues de Zone 3, 4, 5 et 6 et si vous avez d\u00e9pass\u00e9 les 100 000 mots allou\u00e9s annuellement.<\/li>\n<\/ul>\n<p>[\/vc_column_text][\/vc_tta_section][\/vc_tta_accordion][vc_column_text]<\/p>\n<h4><span style=\"color: #ffffff;\"><strong>Quelles sont les obligations des d\u00e9tenteurs de franchises&nbsp;?<\/strong><\/span><\/h4>\n<p>[\/vc_column_text][vc_tta_tabs][vc_tta_section title=\u00bb\u2013 1 \u2013\u00bb tab_id=\u00bb1460566460635-33800976-4b84&#8243;][vc_column_text]Tenir le syst\u00e8me de gestion comptable et de documents \u00e0 jour[\/vc_column_text][\/vc_tta_section][vc_tta_section title=\u00bb\u2013 2 \u2013\u00bb tab_id=\u00bb1460566460717-00302860-6bf8&#8243;][vc_column_text]Ne travailler qu\u2019avec des traducteurs natifs de la langue de destination[\/vc_column_text][\/vc_tta_section][vc_tta_section title=\u00bb\u2013 3 \u2013\u00bb tab_id=\u00bb1460566514006-ca1285c7-a6f7&#8243;][vc_column_text]Ne travailler qu\u2019avec des traducteurs professionnels ou titulaires de dipl\u00f4mes universitaires \u00e9quivalents[\/vc_column_text][\/vc_tta_section][vc_tta_section title=\u00bb\u2013 4 \u2013\u00bb tab_id=\u00bb1460566515170-0bb89c52-5b46&#8243;][vc_column_text]Etre en r\u00e8gle avec les administrations publiques du pays o\u00f9 la franchise est install\u00e9e[\/vc_column_text][\/vc_tta_section][vc_tta_section title=\u00bb\u2013 5 \u2013\u00bb tab_id=\u00bb1460566515916-a87f44de-0851&#8243;][vc_column_text]Envoyer la base de traductions r\u00e9alis\u00e9es mensuellement \u00e0 la centrale de gestion des franchises[\/vc_column_text][\/vc_tta_section][vc_tta_section title=\u00bb\u2013 6 \u2013\u00bb tab_id=\u00bb1460566516680-a9857c34-1166&#8243;][vc_column_text]Conserver et faire ressortir le prestige de l\u2019agence 9h05[\/vc_column_text][\/vc_tta_section][vc_tta_section title=\u00bb\u2013 7 \u2013\u00bb tab_id=\u00bb1460566517630-1e664f4f-c023&#8243;][vc_column_text]Respecter la grille tarifaire de 9h05 (les tarifs pr\u00e9cis\u00e9s sont les tarifs minimums)[\/vc_column_text][\/vc_tta_section][\/vc_tta_tabs][vc_column_text]<\/p>\n<h4><span style=\"color: #ffffff;\"><strong>Tarification et modalit\u00e9s de paiement<\/strong><\/span><\/h4>\n<p>[\/vc_column_text][vc_column_text]<\/p>\n<table>\n<tbody>\n<tr>\n<td width=\"86\"><span style=\"color: #333333;\"><strong>Ann\u00e9e<\/strong><\/span><\/p>\n<p><span style=\"color: #333333;\">&nbsp;<\/span><\/td>\n<td width=\"169\"><span style=\"color: #333333;\"><strong>Paiement au mois<\/strong><\/span><\/p>\n<p><span style=\"color: #333333;\">&nbsp;<\/span><\/td>\n<td width=\"184\"><span style=\"color: #333333;\"><strong>Paiement \u00e0 l\u2019ann\u00e9e<\/strong><\/span><\/p>\n<p><span style=\"color: #333333;\">&nbsp;<\/span><\/td>\n<\/tr>\n<tr>\n<td width=\"86\"><span style=\"color: #333333;\">Ann\u00e9e 1<\/span><\/td>\n<td width=\"169\"><span style=\"color: #333333;\">300\u20ac \/ mois (soit 3600\u20ac sur l\u2019ann\u00e9e) non proportionnel au CA*<\/span><\/p>\n<p><span style=\"color: #333333;\">&nbsp;<\/span><\/td>\n<td width=\"184\"><span style=\"color: #333333;\">3300\u20ac \/an (soit 275\u20ac\/mois)&nbsp;non proportionnel au CA*<\/span><\/p>\n<p><span style=\"color: #333333;\">&nbsp;<\/span><\/td>\n<\/tr>\n<tr>\n<td width=\"86\"><span style=\"color: #333333;\">Ann\u00e9e 2<\/span><\/td>\n<td width=\"169\"><span style=\"color: #333333;\">375\u20ac \/ mois (soit 4500\u20ac sur l\u2019ann\u00e9e) ou 6% du CA**<\/span><\/p>\n<p><span style=\"color: #333333;\">&nbsp;<\/span><\/td>\n<td width=\"184\"><span style=\"color: #333333;\">4200\u20ac \/an (soit 350\u20ac\/mois) ou 6% du CA**<\/span><\/p>\n<p><span style=\"color: #333333;\">&nbsp;<\/span><\/td>\n<\/tr>\n<tr>\n<td width=\"86\"><span style=\"color: #333333;\">Ann\u00e9e 3<\/span><\/td>\n<td width=\"169\"><span style=\"color: #333333;\">450\u20ac \/ mois (soit 5400\u20ac sur l\u2019ann\u00e9e) ou 8% du CA**<\/span><\/p>\n<p><span style=\"color: #333333;\">&nbsp;<\/span><\/td>\n<td width=\"184\"><span style=\"color: #333333;\">5100\u20ac \/an (soit 425\u20ac\/mois) ou 8% du CA**<\/span><\/p>\n<p><span style=\"color: #333333;\">&nbsp;<\/span><\/td>\n<\/tr>\n<tr>\n<td width=\"86\"><span style=\"color: #333333;\">Ann\u00e9e 4<\/span><\/td>\n<td width=\"169\"><span style=\"color: #333333;\">525\u20ac \/ mois (soit 6300\u20ac sur l\u2019ann\u00e9e) ou 10% du CA**<\/span><\/p>\n<p><span style=\"color: #333333;\">&nbsp;<\/span><\/td>\n<td width=\"184\"><span style=\"color: #333333;\">6000\u20ac \/an (soit 500\u20ac\/mois) ou 10% du CA**<\/span><\/p>\n<p><span style=\"color: #333333;\">&nbsp;<\/span><\/td>\n<\/tr>\n<tr>\n<td width=\"86\"><span style=\"color: #333333;\">Ann\u00e9e 5 et suivantes<\/span><\/p>\n<p><span style=\"color: #333333;\">&nbsp;<\/span><\/td>\n<td width=\"169\"><span style=\"color: #333333;\">600\u20ac \/ mois (soit 7200\u20ac sur l\u2019ann\u00e9e) ou 12% du CA**<\/span><\/p>\n<p><span style=\"color: #333333;\">&nbsp;<\/span><\/td>\n<td width=\"184\"><span style=\"color: #333333;\">6900\u20ac \/an (soit 575\u20ac\/mois) ou 12% du CA**<\/span><\/p>\n<p><span style=\"color: #333333;\">&nbsp;<\/span><\/td>\n<\/tr>\n<\/tbody>\n<\/table>\n<p>[\/vc_column_text][vc_column_text css=\u00bb.vc_custom_1460568027336{background-color: #f2f2f2 !important;}\u00bb]<span style=\"color: #333333;\"><em>* Le calcul du co\u00fbt de franchise pour la premi\u00e8re ann\u00e9e d\u2019exercice sous franchise de 9h05 n\u2019est pas soumis \u00e0 une valeur proportionnelle du Chiffres d\u2019Affaires de la soci\u00e9t\u00e9 sous franchise.<\/em><\/span><\/p>\n<p><span style=\"color: #333333;\"><em>** Le co\u00fbt de la franchise est la valeur la plus \u00e9lev\u00e9e des deux. Le Chiffre d\u2019Affaires pris en compte pour le calcul du co\u00fbt de franchise est celui de l\u2019ann\u00e9e ant\u00e9rieure.<\/em><\/span>[\/vc_column_text][vc_column_text css=\u00bb.vc_custom_1460567991032{background-color: #f4f4f4 !important;}\u00bb]<\/p>\n<ul>\n<li><span style=\"color: #333333;\">Les franchises sont factur\u00e9es par 9h05 France BFR<\/span><\/li>\n<li><span style=\"color: #333333;\">Les franchises doivent \u00eatre pay\u00e9es par l\u2019interm\u00e9diaire d\u2019un compte Paypal \u00e0 <a style=\"color: #333333;\" href=\"mailto:franchises@9h05.com\">franchises@9h05.com<\/a><\/span><\/li>\n<li><span style=\"color: #333333;\">Les retards de paiement entra\u00eenent la suspension progressive des services offerts aux d\u00e9tenteurs de franchise&nbsp;(capital de mots et r\u00e9ductions, statistiques, acc\u00e8s \u00e0 la plateforme de gestion, pr\u00e9sence sur la page web institutionnelle) jusqu\u2019\u00e0 radiation en cas de non-paiement prolong\u00e9.<\/span><\/li>\n<li><span style=\"color: #333333;\">Le paiement des franchises peut \u00eatre r\u00e9duit \u00e0 la proportion des traductions pay\u00e9es par les clients du d\u00e9tenteur de franchise sur la Pricing App de 9h05.<\/span><\/li>\n<\/ul>\n<p>[\/vc_column_text][vc_cta h2=\u00bbVous \u00eates int\u00e9ress\u00e9 ?\u00bb txt_align=\u00bbcenter\u00bb]Parlons-en :&nbsp;<a href=\"mailto:franchises@9h05.com\">franchises@9h05.com<\/a>[\/vc_cta][vc_single_image image=\u00bb3048&#8243; img_size=\u00bbfull\u00bb alignment=\u00bbcenter\u00bb title=\u00bbfranchise\u00bb][\/vc_column][\/vc_row]<\/p>\n<\/div>","protected":false},"excerpt":{"rendered":"<p>[vc_row][vc_column][vc_column_text] FRANCHISES [\/vc_column_text][vc_separator][vc_single_image image=\u00bb2741&#8243; img_size=\u00bblarge\u00bb alignment=\u00bbcenter\u00bb][vc_column_text]Devenez le propri\u00e9taire d&#8217;une franchise 9h05 Vous avez toujours r\u00eav\u00e9 d\u2019avoir votre propre entreprise&nbsp;de traduction mais vous ne savez pas comment vous y prendre&nbsp;? Vous avez peur de vous lancer sans un projet \u00e0 la rentabilit\u00e9 d\u00e9montr\u00e9e&nbsp;? Vous voulez une franchise au prestige d\u00e9montr\u00e9 ? Engagez-vous dans l\u2019aventure et l\u2019exp\u00e9rience [&hellip;]<\/p>\n","protected":false},"author":9,"featured_media":0,"parent":0,"menu_order":0,"comment_status":"closed","ping_status":"closed","template":"","meta":{"site-sidebar-layout":"no-sidebar","site-content-layout":"plain-container","ast-site-content-layout":"","site-content-style":"default","site-sidebar-style":"default","ast-global-header-display":"","ast-banner-title-visibility":"","ast-main-header-display":"","ast-hfb-above-header-display":"","ast-hfb-below-header-display":"","ast-hfb-mobile-header-display":"","site-post-title":"disabled","ast-breadcrumbs-content":"","ast-featured-img":"disabled","footer-sml-layout":"","theme-transparent-header-meta":"default","adv-header-id-meta":"","stick-header-meta":"","header-above-stick-meta":"","header-main-stick-meta":"","header-below-stick-meta":"","astra-migrate-meta-layouts":"default","ast-page-background-enabled":"default","ast-page-background-meta":{"desktop":{"background-color":"var(--ast-global-color-4)","background-image":"","background-repeat":"repeat","background-position":"center center","background-size":"auto","background-attachment":"scroll","background-type":"","background-media":"","overlay-type":"","overlay-color":"","overlay-opacity":"","overlay-gradient":""},"tablet":{"background-color":"","background-image":"","background-repeat":"repeat","background-position":"center center","background-size":"auto","background-attachment":"scroll","background-type":"","background-media":"","overlay-type":"","overlay-color":"","overlay-opacity":"","overlay-gradient":""},"mobile":{"background-color":"","background-image":"","background-repeat":"repeat","background-position":"center center","background-size":"auto","background-attachment":"scroll","background-type":"","background-media":"","overlay-type":"","overlay-color":"","overlay-opacity":"","overlay-gradient":""}},"ast-content-background-meta":{"desktop":{"background-color":"var(--ast-global-color-5)","background-image":"","background-repeat":"repeat","background-position":"center center","background-size":"auto","background-attachment":"scroll","background-type":"","background-media":"","overlay-type":"","overlay-color":"","overlay-opacity":"","overlay-gradient":""},"tablet":{"background-color":"var(--ast-global-color-5)","background-image":"","background-repeat":"repeat","background-position":"center center","background-size":"auto","background-attachment":"scroll","background-type":"","background-media":"","overlay-type":"","overlay-color":"","overlay-opacity":"","overlay-gradient":""},"mobile":{"background-color":"var(--ast-global-color-5)","background-image":"","background-repeat":"repeat","background-position":"center center","background-size":"auto","background-attachment":"scroll","background-type":"","background-media":"","overlay-type":"","overlay-color":"","overlay-opacity":"","overlay-gradient":""}},"footnotes":""},"yst_prominent_words":[],"class_list":["post-2728","page","type-page","status-publish","hentry"],"_links":{"self":[{"href":"https:\/\/www.9h05.com\/es\/wp-json\/wp\/v2\/pages\/2728","targetHints":{"allow":["GET"]}}],"collection":[{"href":"https:\/\/www.9h05.com\/es\/wp-json\/wp\/v2\/pages"}],"about":[{"href":"https:\/\/www.9h05.com\/es\/wp-json\/wp\/v2\/types\/page"}],"author":[{"embeddable":true,"href":"https:\/\/www.9h05.com\/es\/wp-json\/wp\/v2\/users\/9"}],"replies":[{"embeddable":true,"href":"https:\/\/www.9h05.com\/es\/wp-json\/wp\/v2\/comments?post=2728"}],"version-history":[{"count":1,"href":"https:\/\/www.9h05.com\/es\/wp-json\/wp\/v2\/pages\/2728\/revisions"}],"predecessor-version":[{"id":22659,"href":"https:\/\/www.9h05.com\/es\/wp-json\/wp\/v2\/pages\/2728\/revisions\/22659"}],"wp:attachment":[{"href":"https:\/\/www.9h05.com\/es\/wp-json\/wp\/v2\/media?parent=2728"}],"wp:term":[{"taxonomy":"yst_prominent_words","embeddable":true,"href":"https:\/\/www.9h05.com\/es\/wp-json\/wp\/v2\/yst_prominent_words?post=2728"}],"curies":[{"name":"wp","href":"https:\/\/api.w.org\/{rel}","templated":true}]}}