{"id":27201,"date":"2023-10-02T10:08:16","date_gmt":"2023-10-02T10:08:16","guid":{"rendered":"https:\/\/www.9h05.com\/guia-para-traduccion-jurada\/"},"modified":"2024-01-24T15:05:59","modified_gmt":"2024-01-24T15:05:59","slug":"guia-para-traduccion-jurada","status":"publish","type":"page","link":"https:\/\/www.9h05.com\/es\/guia-para-traduccion-jurada\/","title":{"rendered":"Gu\u00eda para traducci\u00f3n jurada"},"content":{"rendered":"<div class=\"boldgrid-section\">\n<div class=\"container\">\n<div class=\"row\">\n<div class=\"col-lg-12 col-md-12 col-xs-12 col-sm-12\">\n<h1 class=\"\"><strong>Nuestra gu\u00eda para traducci\u00f3n jurada<\/strong><\/h1>\n<p class=\"\"><a href=\"https:\/\/www.9h05.com\/es\/guia-para-traduccion-jurada\/lo-conocer-la-traduccion-jurada-nuestra-guia\/\">Todo lo que debe conocer sobre la traducci\u00f3n jurada en nuestra gu\u00eda<\/a><\/p>\n<p class=\"\"><a href=\"https:\/\/www.9h05.com\/es\/guia-para-traduccion-jurada\/traduccion-jurada-traduccion-certificada-se-trata\/\">Traducci\u00f3n jurada o traducci\u00f3n certificada: \u00bfde qu\u00e9 se trata?<\/a><\/p>\n<p class=\"\"><a href=\"https:\/\/www.9h05.com\/es\/guia-para-traduccion-jurada\/traduccion-jurada-documentos-lo-saber-validez\/\">Traducci\u00f3n jurada de documentos: todo lo que debe saber sobre su validez<\/a><\/p>\n<p class=\"\" style=\"font-weight: 400;\"><a href=\"https:\/\/www.9h05.com\/es\/guia-para-traduccion-jurada\/diferenciar-una-traduccion-jurada-una-traduccion-clasica\/\">\u00bfC\u00f3mo diferenciar una traducci\u00f3n jurada de una traducci\u00f3n cl\u00e1sica?<\/a><\/p>\n<p class=\"\"><a href=\"https:\/\/www.9h05.com\/es\/guia-para-traduccion-jurada\/quien-necesita-una-traduccion-jurada-certificada\/\">\u00bfQui\u00e9n necesita una traducci\u00f3n jurada o certificada?<\/a><\/p>\n<p class=\"\">&nbsp;<\/p>\n<p class=\"\">&nbsp;<\/p>\n<p class=\"\">&nbsp;<\/p>\n<\/div>\n<\/div>\n<\/div>\n<\/div>\n","protected":false},"excerpt":{"rendered":"<p>Nuestra gu\u00eda para traducci\u00f3n jurada Todo lo que debe conocer sobre la traducci\u00f3n jurada en nuestra gu\u00eda Traducci\u00f3n jurada o traducci\u00f3n certificada: \u00bfde qu\u00e9 se trata? Traducci\u00f3n jurada de documentos: todo lo que debe saber sobre su validez \u00bfC\u00f3mo diferenciar una traducci\u00f3n jurada de una traducci\u00f3n cl\u00e1sica? \u00bfQui\u00e9n necesita una traducci\u00f3n jurada o certificada? &nbsp; [&hellip;]<\/p>\n","protected":false},"author":11,"featured_media":0,"parent":0,"menu_order":0,"comment_status":"closed","ping_status":"closed","template":"","meta":{"site-sidebar-layout":"default","site-content-layout":"default","ast-site-content-layout":"default","site-content-style":"default","site-sidebar-style":"default","ast-global-header-display":"","ast-banner-title-visibility":"","ast-main-header-display":"","ast-hfb-above-header-display":"","ast-hfb-below-header-display":"","ast-hfb-mobile-header-display":"","site-post-title":"","ast-breadcrumbs-content":"","ast-featured-img":"","footer-sml-layout":"","theme-transparent-header-meta":"default","adv-header-id-meta":"","stick-header-meta":"default","header-above-stick-meta":"","header-main-stick-meta":"","header-below-stick-meta":"","astra-migrate-meta-layouts":"set","ast-page-background-enabled":"default","ast-page-background-meta":{"desktop":{"background-color":"var(--ast-global-color-4)","background-image":"","background-repeat":"repeat","background-position":"center center","background-size":"auto","background-attachment":"scroll","background-type":"","background-media":"","overlay-type":"","overlay-color":"","overlay-opacity":"","overlay-gradient":""},"tablet":{"background-color":"","background-image":"","background-repeat":"repeat","background-position":"center center","background-size":"auto","background-attachment":"scroll","background-type":"","background-media":"","overlay-type":"","overlay-color":"","overlay-opacity":"","overlay-gradient":""},"mobile":{"background-color":"","background-image":"","background-repeat":"repeat","background-position":"center center","background-size":"auto","background-attachment":"scroll","background-type":"","background-media":"","overlay-type":"","overlay-color":"","overlay-opacity":"","overlay-gradient":""}},"ast-content-background-meta":{"desktop":{"background-color":"var(--ast-global-color-5)","background-image":"","background-repeat":"repeat","background-position":"center center","background-size":"auto","background-attachment":"scroll","background-type":"","background-media":"","overlay-type":"","overlay-color":"","overlay-opacity":"","overlay-gradient":""},"tablet":{"background-color":"var(--ast-global-color-5)","background-image":"","background-repeat":"repeat","background-position":"center center","background-size":"auto","background-attachment":"scroll","background-type":"","background-media":"","overlay-type":"","overlay-color":"","overlay-opacity":"","overlay-gradient":""},"mobile":{"background-color":"var(--ast-global-color-5)","background-image":"","background-repeat":"repeat","background-position":"center center","background-size":"auto","background-attachment":"scroll","background-type":"","background-media":"","overlay-type":"","overlay-color":"","overlay-opacity":"","overlay-gradient":""}},"footnotes":""},"yst_prominent_words":[],"class_list":["post-27201","page","type-page","status-publish","hentry"],"_links":{"self":[{"href":"https:\/\/www.9h05.com\/es\/wp-json\/wp\/v2\/pages\/27201","targetHints":{"allow":["GET"]}}],"collection":[{"href":"https:\/\/www.9h05.com\/es\/wp-json\/wp\/v2\/pages"}],"about":[{"href":"https:\/\/www.9h05.com\/es\/wp-json\/wp\/v2\/types\/page"}],"author":[{"embeddable":true,"href":"https:\/\/www.9h05.com\/es\/wp-json\/wp\/v2\/users\/11"}],"replies":[{"embeddable":true,"href":"https:\/\/www.9h05.com\/es\/wp-json\/wp\/v2\/comments?post=27201"}],"version-history":[{"count":5,"href":"https:\/\/www.9h05.com\/es\/wp-json\/wp\/v2\/pages\/27201\/revisions"}],"predecessor-version":[{"id":27905,"href":"https:\/\/www.9h05.com\/es\/wp-json\/wp\/v2\/pages\/27201\/revisions\/27905"}],"wp:attachment":[{"href":"https:\/\/www.9h05.com\/es\/wp-json\/wp\/v2\/media?parent=27201"}],"wp:term":[{"taxonomy":"yst_prominent_words","embeddable":true,"href":"https:\/\/www.9h05.com\/es\/wp-json\/wp\/v2\/yst_prominent_words?post=27201"}],"curies":[{"name":"wp","href":"https:\/\/api.w.org\/{rel}","templated":true}]}}